{"id":45491,"date":"2023-06-23T11:52:58","date_gmt":"2023-06-23T15:52:58","guid":{"rendered":"https:\/\/lebouquet.brstdev.com\/panier\/"},"modified":"2025-06-16T02:25:03","modified_gmt":"2025-06-16T06:25:03","slug":"panier","status":"publish","type":"page","link":"https:\/\/fleursenvracmtl.com\/fr\/panier\/","title":{"rendered":"Panier"},"content":{"rendered":"","protected":false},"excerpt":{"rendered":"","protected":false},"author":1,"featured_media":0,"parent":0,"menu_order":0,"comment_status":"closed","ping_status":"closed","template":"elementor_header_footer","meta":{"_acf_changed":false,"footnotes":""},"class_list":["post-45491","page","type-page","status-publish","hentry"],"acf":[],"yoast_head":"<!-- This site is optimized with the Yoast SEO Premium plugin v25.2 (Yoast SEO v26.2) - https:\/\/yoast.com\/wordpress\/plugins\/seo\/ -->\n<title>Votre panier - Le Bouquet<\/title>\n<meta name=\"description\" content=\"Consultez et g\u00e9rez les articles de votre panier chez Le Bouquet. Passez en revue vos s\u00e9lections, mettez \u00e0 jour les quantit\u00e9s et passez \u00e0 la caisse pour une exp\u00e9rience d&#039;achat fluide.\" \/>\n<meta name=\"robots\" content=\"noindex, nofollow\" \/>\n<meta property=\"og:locale\" content=\"fr_FR\" \/>\n<meta property=\"og:type\" content=\"article\" \/>\n<meta property=\"og:title\" content=\"Panier\" \/>\n<meta property=\"og:description\" content=\"Consultez et g\u00e9rez les articles de votre panier chez Le Bouquet. Passez en revue vos s\u00e9lections, mettez \u00e0 jour les quantit\u00e9s et passez \u00e0 la caisse pour une exp\u00e9rience d&#039;achat fluide.\" \/>\n<meta property=\"og:url\" content=\"https:\/\/fleursenvracmtl.com\/fr\/panier\/\" \/>\n<meta property=\"og:site_name\" content=\"Fleurs en Vrac Mtl\" \/>\n<meta property=\"article:publisher\" content=\"https:\/\/www.facebook.com\/LeBouquetMTL\/\" \/>\n<meta property=\"article:modified_time\" content=\"2025-06-16T06:25:03+00:00\" \/>\n<meta name=\"twitter:card\" content=\"summary_large_image\" \/>\n<meta name=\"twitter:label1\" content=\"Dur\u00e9e de lecture estim\u00e9e\" \/>\n\t<meta name=\"twitter:data1\" content=\"1 minute\" \/>\n<script type=\"application\/ld+json\" class=\"yoast-schema-graph\">{\"@context\":\"https:\/\/schema.org\",\"@graph\":[{\"@type\":\"WebPage\",\"@id\":\"https:\/\/fleursenvracmtl.com\/fr\/panier\/\",\"url\":\"https:\/\/fleursenvracmtl.com\/fr\/panier\/\",\"name\":\"Votre panier - Le Bouquet\",\"isPartOf\":{\"@id\":\"https:\/\/fleursenvracmtl.com\/en\/#website\"},\"datePublished\":\"2023-06-23T15:52:58+00:00\",\"dateModified\":\"2025-06-16T06:25:03+00:00\",\"description\":\"Consultez et g\u00e9rez les articles de votre panier chez Le Bouquet. Passez en revue vos s\u00e9lections, mettez \u00e0 jour les quantit\u00e9s et passez \u00e0 la caisse pour une exp\u00e9rience d'achat fluide.\",\"breadcrumb\":{\"@id\":\"https:\/\/fleursenvracmtl.com\/fr\/panier\/#breadcrumb\"},\"inLanguage\":\"fr-FR\",\"potentialAction\":[{\"@type\":\"ReadAction\",\"target\":[\"https:\/\/fleursenvracmtl.com\/fr\/panier\/\"]}]},{\"@type\":\"BreadcrumbList\",\"@id\":\"https:\/\/fleursenvracmtl.com\/fr\/panier\/#breadcrumb\",\"itemListElement\":[{\"@type\":\"ListItem\",\"position\":1,\"name\":\"Home\",\"item\":\"https:\/\/fleursenvracmtl.com\/fr\/\"},{\"@type\":\"ListItem\",\"position\":2,\"name\":\"Panier\"}]},{\"@type\":\"WebSite\",\"@id\":\"https:\/\/fleursenvracmtl.com\/en\/#website\",\"url\":\"https:\/\/fleursenvracmtl.com\/en\/\",\"name\":\"Fleurs en Vrac MTL\",\"description\":\"Fleurs en Vrac Mtl - Bulk flower by Le Bouquet\",\"alternateName\":\"Fleurs en Vrac MTL\",\"potentialAction\":[{\"@type\":\"SearchAction\",\"target\":{\"@type\":\"EntryPoint\",\"urlTemplate\":\"https:\/\/fleursenvracmtl.com\/en\/?s={search_term_string}\"},\"query-input\":{\"@type\":\"PropertyValueSpecification\",\"valueRequired\":true,\"valueName\":\"search_term_string\"}}],\"inLanguage\":\"fr-FR\"}]}<\/script>\n<!-- \/ Yoast SEO Premium plugin. -->","yoast_head_json":{"title":"Votre panier - Le Bouquet","description":"Consultez et g\u00e9rez les articles de votre panier chez Le Bouquet. Passez en revue vos s\u00e9lections, mettez \u00e0 jour les quantit\u00e9s et passez \u00e0 la caisse pour une exp\u00e9rience d'achat fluide.","robots":{"index":"noindex","follow":"nofollow"},"og_locale":"fr_FR","og_type":"article","og_title":"Panier","og_description":"Consultez et g\u00e9rez les articles de votre panier chez Le Bouquet. Passez en revue vos s\u00e9lections, mettez \u00e0 jour les quantit\u00e9s et passez \u00e0 la caisse pour une exp\u00e9rience d'achat fluide.","og_url":"https:\/\/fleursenvracmtl.com\/fr\/panier\/","og_site_name":"Fleurs en Vrac Mtl","article_publisher":"https:\/\/www.facebook.com\/LeBouquetMTL\/","article_modified_time":"2025-06-16T06:25:03+00:00","twitter_card":"summary_large_image","twitter_misc":{"Dur\u00e9e de lecture estim\u00e9e":"1 minute"},"schema":{"@context":"https:\/\/schema.org","@graph":[{"@type":"WebPage","@id":"https:\/\/fleursenvracmtl.com\/fr\/panier\/","url":"https:\/\/fleursenvracmtl.com\/fr\/panier\/","name":"Votre panier - Le Bouquet","isPartOf":{"@id":"https:\/\/fleursenvracmtl.com\/en\/#website"},"datePublished":"2023-06-23T15:52:58+00:00","dateModified":"2025-06-16T06:25:03+00:00","description":"Consultez et g\u00e9rez les articles de votre panier chez Le Bouquet. Passez en revue vos s\u00e9lections, mettez \u00e0 jour les quantit\u00e9s et passez \u00e0 la caisse pour une exp\u00e9rience d'achat fluide.","breadcrumb":{"@id":"https:\/\/fleursenvracmtl.com\/fr\/panier\/#breadcrumb"},"inLanguage":"fr-FR","potentialAction":[{"@type":"ReadAction","target":["https:\/\/fleursenvracmtl.com\/fr\/panier\/"]}]},{"@type":"BreadcrumbList","@id":"https:\/\/fleursenvracmtl.com\/fr\/panier\/#breadcrumb","itemListElement":[{"@type":"ListItem","position":1,"name":"Home","item":"https:\/\/fleursenvracmtl.com\/fr\/"},{"@type":"ListItem","position":2,"name":"Panier"}]},{"@type":"WebSite","@id":"https:\/\/fleursenvracmtl.com\/en\/#website","url":"https:\/\/fleursenvracmtl.com\/en\/","name":"Fleurs en Vrac MTL","description":"Fleurs en Vrac Mtl - Bulk flower by Le Bouquet","alternateName":"Fleurs en Vrac MTL","potentialAction":[{"@type":"SearchAction","target":{"@type":"EntryPoint","urlTemplate":"https:\/\/fleursenvracmtl.com\/en\/?s={search_term_string}"},"query-input":{"@type":"PropertyValueSpecification","valueRequired":true,"valueName":"search_term_string"}}],"inLanguage":"fr-FR"}]}},"_links":{"self":[{"href":"https:\/\/fleursenvracmtl.com\/fr\/wp-json\/wp\/v2\/pages\/45491","targetHints":{"allow":["GET"]}}],"collection":[{"href":"https:\/\/fleursenvracmtl.com\/fr\/wp-json\/wp\/v2\/pages"}],"about":[{"href":"https:\/\/fleursenvracmtl.com\/fr\/wp-json\/wp\/v2\/types\/page"}],"author":[{"embeddable":true,"href":"https:\/\/fleursenvracmtl.com\/fr\/wp-json\/wp\/v2\/users\/1"}],"replies":[{"embeddable":true,"href":"https:\/\/fleursenvracmtl.com\/fr\/wp-json\/wp\/v2\/comments?post=45491"}],"version-history":[{"count":1,"href":"https:\/\/fleursenvracmtl.com\/fr\/wp-json\/wp\/v2\/pages\/45491\/revisions"}],"predecessor-version":[{"id":115368,"href":"https:\/\/fleursenvracmtl.com\/fr\/wp-json\/wp\/v2\/pages\/45491\/revisions\/115368"}],"wp:attachment":[{"href":"https:\/\/fleursenvracmtl.com\/fr\/wp-json\/wp\/v2\/media?parent=45491"}],"curies":[{"name":"wp","href":"https:\/\/api.w.org\/{rel}","templated":true}]}}