{"id":45501,"date":"2023-06-23T11:52:59","date_gmt":"2023-06-23T15:52:59","guid":{"rendered":"https:\/\/lebouquet.brstdev.com\/mon-compte\/"},"modified":"2025-06-20T01:40:08","modified_gmt":"2025-06-20T05:40:08","slug":"mon-compte","status":"publish","type":"page","link":"https:\/\/fleursenvracmtl.com\/fr\/mon-compte\/","title":{"rendered":"Mon compte"},"content":{"rendered":"\t\t<div data-elementor-type=\"wp-page\" data-elementor-id=\"45501\" class=\"elementor elementor-45501 elementor-10\">\n\t\t\t\t\t\t<section class=\"elementor-section elementor-top-section elementor-element elementor-element-6406f387 elementor-section-boxed elementor-section-height-default elementor-section-height-default\" data-id=\"6406f387\" data-element_type=\"section\">\n\t\t\t\t\t\t<div class=\"elementor-container elementor-column-gap-default\">\n\t\t\t\t\t<div class=\"elementor-column elementor-col-100 elementor-top-column elementor-element elementor-element-2c2de054\" data-id=\"2c2de054\" data-element_type=\"column\">\n\t\t\t<div class=\"elementor-widget-wrap elementor-element-populated\">\n\t\t\t\t\t\t<div class=\"elementor-element elementor-element-61729775 elementor-widget__width-initial elementor-widget elementor-widget-text-editor\" data-id=\"61729775\" data-element_type=\"widget\" data-widget_type=\"text-editor.default\">\n\t\t\t\t<div class=\"elementor-widget-container\">\n\t\t\t\t\t\t\t\t\t\n<div class=\"woocommerce\"><\/div>\n\t\t\t\t\t\t\t\t<\/div>\n\t\t\t\t<\/div>\n\t\t\t\t\t<\/div>\n\t\t<\/div>\n\t\t\t\t\t<\/div>\n\t\t<\/section>\n\t\t\t\t<\/div>\n\t\t","protected":false},"excerpt":{"rendered":"","protected":false},"author":1,"featured_media":0,"parent":0,"menu_order":0,"comment_status":"closed","ping_status":"closed","template":"elementor_header_footer","meta":{"_acf_changed":false,"footnotes":""},"class_list":["post-45501","page","type-page","status-publish","hentry"],"acf":[],"yoast_head":"<!-- This site is optimized with the Yoast SEO Premium plugin v25.2 (Yoast SEO v26.2) - https:\/\/yoast.com\/wordpress\/plugins\/seo\/ -->\n<title>Mon compte - Le Bouquet<\/title>\n<meta name=\"description\" content=\"Acc\u00e9dez \u00e0 votre compte Le Bouquet pour g\u00e9rer les commandes, suivre les livraisons et mettre \u00e0 jour vos coordonn\u00e9es. Profitez d&#039;une exp\u00e9rience personnalis\u00e9e avec un acc\u00e8s facile \u00e0 vos achats et pr\u00e9f\u00e9rences florales.\" \/>\n<meta name=\"robots\" content=\"index, follow, max-snippet:-1, max-image-preview:large, max-video-preview:-1\" \/>\n<link rel=\"canonical\" href=\"https:\/\/www.lebouquet.com\/fr\/mon-compte\/lost-password\/\" \/>\n<meta property=\"og:locale\" content=\"fr_FR\" \/>\n<meta property=\"og:type\" content=\"article\" \/>\n<meta property=\"og:title\" content=\"Mon compte\" \/>\n<meta property=\"og:description\" content=\"Acc\u00e9dez \u00e0 votre compte Le Bouquet pour g\u00e9rer les commandes, suivre les livraisons et mettre \u00e0 jour vos coordonn\u00e9es. Profitez d&#039;une exp\u00e9rience personnalis\u00e9e avec un acc\u00e8s facile \u00e0 vos achats et pr\u00e9f\u00e9rences florales.\" \/>\n<meta property=\"og:url\" content=\"https:\/\/www.lebouquet.com\/fr\/mon-compte\/lost-password\/\" \/>\n<meta property=\"og:site_name\" content=\"Fleurs en Vrac Mtl\" \/>\n<meta property=\"article:publisher\" content=\"https:\/\/www.facebook.com\/LeBouquetMTL\/\" \/>\n<meta property=\"article:modified_time\" content=\"2025-06-20T05:40:08+00:00\" \/>\n<meta name=\"twitter:card\" content=\"summary_large_image\" \/>\n<meta name=\"twitter:label1\" content=\"Dur\u00e9e de lecture estim\u00e9e\" \/>\n\t<meta name=\"twitter:data1\" content=\"1 minute\" \/>\n<script type=\"application\/ld+json\" class=\"yoast-schema-graph\">{\"@context\":\"https:\/\/schema.org\",\"@graph\":[{\"@type\":\"WebPage\",\"@id\":\"https:\/\/fleursenvracmtl.com\/en\/my-account\/\",\"url\":\"https:\/\/www.lebouquet.com\/fr\/mon-compte\/lost-password\/\",\"name\":\"Mon compte - Le Bouquet\",\"isPartOf\":{\"@id\":\"https:\/\/fleursenvracmtl.com\/en\/#website\"},\"datePublished\":\"2023-06-23T15:52:59+00:00\",\"dateModified\":\"2025-06-20T05:40:08+00:00\",\"description\":\"Acc\u00e9dez \u00e0 votre compte Le Bouquet pour g\u00e9rer les commandes, suivre les livraisons et mettre \u00e0 jour vos coordonn\u00e9es. Profitez d'une exp\u00e9rience personnalis\u00e9e avec un acc\u00e8s facile \u00e0 vos achats et pr\u00e9f\u00e9rences florales.\",\"breadcrumb\":{\"@id\":\"https:\/\/www.lebouquet.com\/fr\/mon-compte\/lost-password\/#breadcrumb\"},\"inLanguage\":\"fr-FR\",\"potentialAction\":[{\"@type\":\"ReadAction\",\"target\":[\"https:\/\/www.lebouquet.com\/fr\/mon-compte\/lost-password\/\"]}]},{\"@type\":\"BreadcrumbList\",\"@id\":\"https:\/\/www.lebouquet.com\/fr\/mon-compte\/lost-password\/#breadcrumb\",\"itemListElement\":[{\"@type\":\"ListItem\",\"position\":1,\"name\":\"Home\",\"item\":\"https:\/\/fleursenvracmtl.com\/fr\/\"},{\"@type\":\"ListItem\",\"position\":2,\"name\":\"Mon compte\"}]},{\"@type\":\"WebSite\",\"@id\":\"https:\/\/fleursenvracmtl.com\/en\/#website\",\"url\":\"https:\/\/fleursenvracmtl.com\/en\/\",\"name\":\"Fleurs en Vrac MTL\",\"description\":\"Fleurs en Vrac Mtl - Bulk flower by Le Bouquet\",\"alternateName\":\"Fleurs en Vrac MTL\",\"potentialAction\":[{\"@type\":\"SearchAction\",\"target\":{\"@type\":\"EntryPoint\",\"urlTemplate\":\"https:\/\/fleursenvracmtl.com\/en\/?s={search_term_string}\"},\"query-input\":{\"@type\":\"PropertyValueSpecification\",\"valueRequired\":true,\"valueName\":\"search_term_string\"}}],\"inLanguage\":\"fr-FR\"}]}<\/script>\n<!-- \/ Yoast SEO Premium plugin. -->","yoast_head_json":{"title":"Mon compte - Le Bouquet","description":"Acc\u00e9dez \u00e0 votre compte Le Bouquet pour g\u00e9rer les commandes, suivre les livraisons et mettre \u00e0 jour vos coordonn\u00e9es. Profitez d'une exp\u00e9rience personnalis\u00e9e avec un acc\u00e8s facile \u00e0 vos achats et pr\u00e9f\u00e9rences florales.","robots":{"index":"index","follow":"follow","max-snippet":"max-snippet:-1","max-image-preview":"max-image-preview:large","max-video-preview":"max-video-preview:-1"},"canonical":"https:\/\/www.lebouquet.com\/fr\/mon-compte\/lost-password\/","og_locale":"fr_FR","og_type":"article","og_title":"Mon compte","og_description":"Acc\u00e9dez \u00e0 votre compte Le Bouquet pour g\u00e9rer les commandes, suivre les livraisons et mettre \u00e0 jour vos coordonn\u00e9es. Profitez d'une exp\u00e9rience personnalis\u00e9e avec un acc\u00e8s facile \u00e0 vos achats et pr\u00e9f\u00e9rences florales.","og_url":"https:\/\/www.lebouquet.com\/fr\/mon-compte\/lost-password\/","og_site_name":"Fleurs en Vrac Mtl","article_publisher":"https:\/\/www.facebook.com\/LeBouquetMTL\/","article_modified_time":"2025-06-20T05:40:08+00:00","twitter_card":"summary_large_image","twitter_misc":{"Dur\u00e9e de lecture estim\u00e9e":"1 minute"},"schema":{"@context":"https:\/\/schema.org","@graph":[{"@type":"WebPage","@id":"https:\/\/fleursenvracmtl.com\/en\/my-account\/","url":"https:\/\/www.lebouquet.com\/fr\/mon-compte\/lost-password\/","name":"Mon compte - Le Bouquet","isPartOf":{"@id":"https:\/\/fleursenvracmtl.com\/en\/#website"},"datePublished":"2023-06-23T15:52:59+00:00","dateModified":"2025-06-20T05:40:08+00:00","description":"Acc\u00e9dez \u00e0 votre compte Le Bouquet pour g\u00e9rer les commandes, suivre les livraisons et mettre \u00e0 jour vos coordonn\u00e9es. Profitez d'une exp\u00e9rience personnalis\u00e9e avec un acc\u00e8s facile \u00e0 vos achats et pr\u00e9f\u00e9rences florales.","breadcrumb":{"@id":"https:\/\/www.lebouquet.com\/fr\/mon-compte\/lost-password\/#breadcrumb"},"inLanguage":"fr-FR","potentialAction":[{"@type":"ReadAction","target":["https:\/\/www.lebouquet.com\/fr\/mon-compte\/lost-password\/"]}]},{"@type":"BreadcrumbList","@id":"https:\/\/www.lebouquet.com\/fr\/mon-compte\/lost-password\/#breadcrumb","itemListElement":[{"@type":"ListItem","position":1,"name":"Home","item":"https:\/\/fleursenvracmtl.com\/fr\/"},{"@type":"ListItem","position":2,"name":"Mon compte"}]},{"@type":"WebSite","@id":"https:\/\/fleursenvracmtl.com\/en\/#website","url":"https:\/\/fleursenvracmtl.com\/en\/","name":"Fleurs en Vrac MTL","description":"Fleurs en Vrac Mtl - Bulk flower by Le Bouquet","alternateName":"Fleurs en Vrac MTL","potentialAction":[{"@type":"SearchAction","target":{"@type":"EntryPoint","urlTemplate":"https:\/\/fleursenvracmtl.com\/en\/?s={search_term_string}"},"query-input":{"@type":"PropertyValueSpecification","valueRequired":true,"valueName":"search_term_string"}}],"inLanguage":"fr-FR"}]}},"_links":{"self":[{"href":"https:\/\/fleursenvracmtl.com\/fr\/wp-json\/wp\/v2\/pages\/45501","targetHints":{"allow":["GET"]}}],"collection":[{"href":"https:\/\/fleursenvracmtl.com\/fr\/wp-json\/wp\/v2\/pages"}],"about":[{"href":"https:\/\/fleursenvracmtl.com\/fr\/wp-json\/wp\/v2\/types\/page"}],"author":[{"embeddable":true,"href":"https:\/\/fleursenvracmtl.com\/fr\/wp-json\/wp\/v2\/users\/1"}],"replies":[{"embeddable":true,"href":"https:\/\/fleursenvracmtl.com\/fr\/wp-json\/wp\/v2\/comments?post=45501"}],"version-history":[{"count":1,"href":"https:\/\/fleursenvracmtl.com\/fr\/wp-json\/wp\/v2\/pages\/45501\/revisions"}],"predecessor-version":[{"id":115944,"href":"https:\/\/fleursenvracmtl.com\/fr\/wp-json\/wp\/v2\/pages\/45501\/revisions\/115944"}],"wp:attachment":[{"href":"https:\/\/fleursenvracmtl.com\/fr\/wp-json\/wp\/v2\/media?parent=45501"}],"curies":[{"name":"wp","href":"https:\/\/api.w.org\/{rel}","templated":true}]}}