{"id":45503,"date":"2023-06-27T07:17:18","date_gmt":"2023-06-27T11:17:18","guid":{"rendered":"https:\/\/lebouquet.brstdev.com\/sinscrire\/"},"modified":"2024-06-25T04:33:12","modified_gmt":"2024-06-25T08:33:12","slug":"sinscrire","status":"publish","type":"page","link":"https:\/\/fleursenvracmtl.com\/fr\/sinscrire\/","title":{"rendered":"Registre"},"content":{"rendered":"\t\t<div data-elementor-type=\"wp-page\" data-elementor-id=\"45503\" class=\"elementor elementor-45503 elementor-238\">\n\t\t\t\t\t\t<section class=\"elementor-section elementor-top-section elementor-element elementor-element-4480c4e elementor-section-full_width main-reg-blk elementor-section-height-default elementor-section-height-default\" data-id=\"4480c4e\" data-element_type=\"section\" data-settings=\"{&quot;background_background&quot;:&quot;classic&quot;}\">\n\t\t\t\t\t\t<div class=\"elementor-container elementor-column-gap-default\">\n\t\t\t\t\t<div class=\"elementor-column elementor-col-50 elementor-top-column elementor-element elementor-element-b15bcb7 left-img-side\" data-id=\"b15bcb7\" data-element_type=\"column\">\n\t\t\t<div class=\"elementor-widget-wrap elementor-element-populated\">\n\t\t\t\t\t\t<div class=\"elementor-element elementor-element-7833de5 elementor-widget__width-inherit elementor-widget elementor-widget-image\" data-id=\"7833de5\" data-element_type=\"widget\" data-widget_type=\"image.default\">\n\t\t\t\t<div class=\"elementor-widget-container\">\n\t\t\t\t\t\t\t\t\t\t\t\t\t\t\t<img decoding=\"async\" src=\"https:\/\/www.lebouquet.com\/wp-content\/uploads\/2024\/06\/Mask-group-7.jpg\" title=\"\" alt=\"\" loading=\"lazy\" \/>\t\t\t\t\t\t\t\t\t\t\t\t\t\t\t<\/div>\n\t\t\t\t<\/div>\n\t\t\t\t\t<\/div>\n\t\t<\/div>\n\t\t\t\t<div class=\"elementor-column elementor-col-50 elementor-top-column elementor-element elementor-element-88e6ed8\" data-id=\"88e6ed8\" data-element_type=\"column\">\n\t\t\t<div class=\"elementor-widget-wrap elementor-element-populated\">\n\t\t\t\t\t\t<div class=\"elementor-element elementor-element-5244662 elementor-widget__width-initial elementor-widget elementor-widget-shortcode\" data-id=\"5244662\" data-element_type=\"widget\" data-widget_type=\"shortcode.default\">\n\t\t\t\t<div class=\"elementor-widget-container\">\n\t\t\t\t\t\t\t<div class=\"elementor-shortcode\"><div class=\"woocommerce-notices-wrapper\"><\/div>\n\t<div class=\"login-form-part\">\n\t\t<div class=\"login-part reg\">\n\t\t\t<div class=\"page-heading\">\n\t\t\t\t<h2>\n\t\t\t\t\tCr\u00e9ez votre compte\t\t\t\t<\/h2>\n\t\t\t<\/div>\n\n\t\t\t<form method=\"post\" class=\"woocommerce-form woocommerce-form-register register\" >\n\n\t\t\t\t    <p class=\"form-row form-row-first\">\r\n        <label for=\"reg_first_name\">Pr\u00e9nom <span class=\"required\">*<\/span><\/label>\r\n        <input type=\"text\" class=\"input-text\" name=\"first_name\" id=\"reg_first_name\" placeholder=\"Pr\u00e9nom*\" value=\"\" \/>\r\n    <\/p>\r\n    <p class=\"form-row form-row-last\">\r\n        <label for=\"reg_last_name\">Nom de famille <span class=\"required\">*<\/span><\/label>\r\n        <input type=\"text\" class=\"input-text\" name=\"last_name\" id=\"reg_last_name\" placeholder=\"Nom de famille*\" value=\"\" \/>\r\n    <\/p>\r\n    <p class=\"form-row form-row-wide\">\r\n        <label for=\"reg_phone\">Num\u00e9ro de t\u00e9l\u00e9phone <span class=\"required\">*<\/span><\/label>\r\n        <input type=\"tel\" class=\"input-text\" name=\"phone\" id=\"reg_phone\" placeholder=\"T\u00e9l\u00e9phone*\" oninput=\"formatPhoneNumber(this)\" value=\"\" \/>\r\n    <\/p>\r\n    \r\n    \n\t\t\t\t\n\t\t\t\t<p class=\"woocommerce-form-row woocommerce-form-row--wide form-row form-row-wide\">\n\t\t\t\t\t<label for=\"reg_email\">\n\t\t\t\t\t\t <span class=\"required\">*<\/span>\n\t\t\t\t\t<\/label>\n\n\t\t\t\t\t\t\t\t\t\t\t<input type=\"email\" class=\"woocommerce-Input woocommerce-Input--text input-text\" name=\"email\" id=\"reg_email\" placeholder=\"Adresse courriel \" autocomplete=\"email\" value=\"\" \/>\n\t\t\t\t\t\t\n\n\n\n\n\t\t\t\t\t\t\t\t\t<\/p>\n\n\t\t\t\t\n\t\t\t\t\t<p class=\"info\">\n\t\t\t\t\t\tVeuillez v\u00e9rifier votre courriel pour compl\u00e9ter l&#039;inscription de votre compte.\t\t\t\t\t<\/p>\n\n\t\t\t\t\n\t\t\t\t<p class=\"woocommerce-FormRow form-row\">\n\t\t\t\t\t\t\t\t\t\t<div class=\"g-recaptcha\" data-sitekey=\"6LfybborAAAAAE8kk0ihvAA25nO3S1lIodIMLsAI\"><\/div>\n\t\t\t\t\t<input type=\"hidden\" id=\"woocommerce-register-nonce\" name=\"woocommerce-register-nonce\" value=\"4bc912e939\" \/><input type=\"hidden\" name=\"_wp_http_referer\" value=\"\/fr\/wp-json\/wp\/v2\/pages\/45503\" \/>\t\t\t\t\t<button type=\"submit\"\n\t\t\t\t\t\tclass=\"woocommerce-Button woocommerce-button button woocommerce-form-register__submit\"\n\t\t\t\t\t\tname=\"register\" value=\"S\u2019enregistrer\">\n\t\t\t\t\t\tCr\u00e9er un compte\t\t\t\t\t<\/button>\n\t\t\t\t<\/p>\n\n\t\t\t<\/form>\n\t\t\t<p style=\"text-align:center;\">\n\t\t\t\t\t\tOU\n\n\n\t\t\t<\/p>\n\t\t\t\t\t\t<script>\n\t\t\t\tdocument.addEventListener(\"DOMContentLoaded\", function () {\n                    jQuery(\".mo_btn-mo\").prop(\"disabled\",false);\n                    });\n\t\t\t<\/script>\n\t\t\t\t\t<script type=\"text\/javascript\">\n\t\t\tdocument.addEventListener(\"DOMContentLoaded\", function () {\n                jQuery(document).ready(function () {\n                jQuery(\".login-button\").css(\"cursor\", \"pointer\");\n            });\n                            });\n\t\t\tfunction mo_openid_on_consent_change(checkbox){\n\t\t\t\tif (! checkbox.checked) {\n\t\t\t\t\tjQuery('#mo_openid_consent_checkbox').val(1);\n\t\t\t\t\tjQuery(\".mo_btn-mo\").attr(\"disabled\", true);\n\t\t\t\t\tjQuery(\".login-button\").addClass(\"dis\");\n\t\t\t\t} else {\n\t\t\t\t\tjQuery('#mo_openid_consent_checkbox').val(0);\n\t\t\t\t\tjQuery(\".mo_btn-mo\").attr(\"disabled\", false);\n\t\t\t\t\tjQuery(\".login-button\").removeClass(\"dis\");\n\t\t\t\t}\n\t\t\t}\n\n\t\t\tvar perfEntries = performance.getEntriesByType(\"navigation\");\n\n\t\t\tif (perfEntries[0].type === \"back_forward\") {\n\t\t\t\tlocation.reload(true);\n\t\t\t}\n\t\t\tfunction HandlePopupResult(result) {\n\t\t\t\twindow.location = \"https:\/\/lebouquet.brstdev.com\/checkout\/\";\n\t\t\t}\n\t\t\tfunction moOpenIdLogin(app_name,is_custom_app) {\n\t\t\t\tvar current_url = window.location.href;\n\t\t\t\tvar cookie_name = \"redirect_current_url\";\n\t\t\t\tvar d = new Date();\n\t\t\t\td.setTime(d.getTime() + (2 * 24 * 60 * 60 * 1000));\n\t\t\t\tvar expires = \"expires=\"+d.toUTCString();\n\t\t\t\tdocument.cookie = cookie_name + \"=\" + current_url + \";\" + expires + \";path=\/\";\n\n\t\t\t\t\t\t\t\tvar base_url = 'https:\/\/fleursenvracmtl.com';\n\t\t\t\tvar request_uri = '\/fr\/wp-json\/wp\/v2\/pages\/45503';\n\t\t\t\tvar http = 'https:\/\/';\n\t\t\t\tvar http_host = 'fleursenvracmtl.com';\n\t\t\t\tvar default_nonce = '19daa72cfc';\n\t\t\t\tvar custom_nonce = 'feadd7aba2';\n\t\t\t\tif(is_custom_app == 'false'){\n\t\t\t\t\tif ( request_uri.indexOf('wp-login.php') !=-1){\n\t\t\t\t\t\tvar redirect_url = base_url + '\/?option=getmosociallogin&wp_nonce=' + default_nonce + '&app_name=';\n\n\t\t\t\t\t}else {\n\t\t\t\t\t\tvar redirect_url = http + http_host + request_uri;\n\t\t\t\t\t\tif(redirect_url.indexOf('?') != -1){\n\t\t\t\t\t\t\tredirect_url = redirect_url +'&option=getmosociallogin&wp_nonce=' + default_nonce + '&app_name=';\n\t\t\t\t\t\t}\n\t\t\t\t\t\telse\n\t\t\t\t\t\t{\n\t\t\t\t\t\t\tredirect_url = redirect_url +'?option=getmosociallogin&wp_nonce=' + default_nonce + '&app_name=';\n\t\t\t\t\t\t}\n\t\t\t\t\t}\n\n\t\t\t\t}\n\t\t\t\telse {\n\t\t\t\t\tif ( request_uri.indexOf('wp-login.php') !=-1){\n\t\t\t\t\t\tvar redirect_url = base_url + '\/?option=oauthredirect&wp_nonce=' + custom_nonce + '&app_name=';\n\n\n\t\t\t\t\t}else {\n\t\t\t\t\t\tvar redirect_url = http + http_host + request_uri;\n\t\t\t\t\t\tif(redirect_url.indexOf('?') != -1)\n\t\t\t\t\t\t\tredirect_url = redirect_url +'&option=oauthredirect&wp_nonce=' + custom_nonce + '&app_name=';\n\t\t\t\t\t\telse\n\t\t\t\t\t\t\tredirect_url = redirect_url +'?option=oauthredirect&wp_nonce=' + custom_nonce + '&app_name=';\n\t\t\t\t\t}\n\n\t\t\t\t}\n\t\t\t\tif( 0) {\n\t\t\t\t\tvar myWindow = window.open(redirect_url + app_name, \"\", \"width=700,height=620\");\n\t\t\t\t}\n\t\t\t\telse{\n\t\t\t\t\twindow.location.href = redirect_url + app_name;\n\t\t\t\t}\n\t\t\t}\n\t\t<\/script>\n\t\t<div class='mo-openid-app-icons'>\n\t\t\t\t\t <p style='color:#000000; width: fit-content;'> <\/p><a   style='margin-left: 10px !important;  width: 250px !important;padding-top:6px !important;border-color: #4f71e8; padding-bottom:6px !important;margin-bottom: 5px !important;border-radius: 4px !important;border-color: rgba(79, 113, 232, 1);border-bottom-width: thin;' class='mo_btn mo_btn-mo mo_btn-block mo_btn-social mo_btn-google mo_btn-custom-dec login-button mo_btn_transform' onClick=\"moOpenIdLogin('google','true');\"> <img  class='fa'  style='padding-top:0px !important; margin-top: 0' src='https:\/\/fleursenvracmtl.com\/wp-content\/plugins\/miniorange-login-openid\/includes\/images\/icons\/g.png'>Login with Google<\/a><\/div> <br>\t\t\t<div class=\"reg-part login\">\n\t\t\t\t\t\t\t\t\t\t\t<span>Vous avez d\u00e9j\u00e0 un compte ? <a href=\"https:\/\/fleursenvracmtl.com\/fr\/\/my-account\/\">Connectez-vous ici<\/a><\/span>\n\t\t\t\t\t\t\t\n\n\t\t\t\t\n\t\t\t\t<\/div>          \n\t\t<\/div>\n\t<\/div>\n\t<\/div>\n\t\t\t\t\t\t<\/div>\n\t\t\t\t<\/div>\n\t\t\t\t\t<\/div>\n\t\t<\/div>\n\t\t\t\t\t<\/div>\n\t\t<\/section>\n\t\t\t\t<\/div>\n\t\t","protected":false},"excerpt":{"rendered":"","protected":false},"author":1,"featured_media":0,"parent":0,"menu_order":0,"comment_status":"closed","ping_status":"closed","template":"elementor_header_footer","meta":{"_acf_changed":false,"footnotes":""},"class_list":["post-45503","page","type-page","status-publish","hentry"],"acf":[],"yoast_head":"<!-- This site is optimized with the Yoast SEO Premium plugin v25.2 (Yoast SEO v26.2) - https:\/\/yoast.com\/wordpress\/plugins\/seo\/ -->\n<title>Registre - Fleurs en Vrac Mtl -Le Bouquet | beautifulflowers | Fleurs<\/title>\n<meta name=\"description\" content=\"Le Bouquet est fier de fournir aux Montr\u00e9alais les fleurs les plus fra\u00eeches et les plus belles depuis 45 ans.\" \/>\n<meta name=\"robots\" content=\"index, follow, max-snippet:-1, max-image-preview:large, max-video-preview:-1\" \/>\n<link rel=\"canonical\" href=\"https:\/\/fleursenvracmtl.com\/en\/register\/\" \/>\n<meta property=\"og:locale\" content=\"fr_FR\" \/>\n<meta property=\"og:type\" content=\"article\" \/>\n<meta property=\"og:title\" content=\"Registre\" \/>\n<meta property=\"og:description\" content=\"Le Bouquet est fier de fournir aux Montr\u00e9alais les fleurs les plus fra\u00eeches et les plus belles depuis 45 ans.\" \/>\n<meta property=\"og:url\" content=\"https:\/\/fleursenvracmtl.com\/en\/register\/\" \/>\n<meta property=\"og:site_name\" content=\"Fleurs en Vrac Mtl\" \/>\n<meta property=\"article:publisher\" content=\"https:\/\/www.facebook.com\/LeBouquetMTL\/\" \/>\n<meta property=\"article:modified_time\" content=\"2024-06-25T08:33:12+00:00\" \/>\n<meta property=\"og:image\" content=\"https:\/\/www.lebouquet.com\/wp-content\/uploads\/2024\/06\/Mask-group-7.jpg\" \/>\n<meta name=\"twitter:card\" content=\"summary_large_image\" \/>\n<script type=\"application\/ld+json\" class=\"yoast-schema-graph\">{\"@context\":\"https:\/\/schema.org\",\"@graph\":[{\"@type\":\"WebPage\",\"@id\":\"https:\/\/fleursenvracmtl.com\/en\/register\/\",\"url\":\"https:\/\/fleursenvracmtl.com\/en\/register\/\",\"name\":\"Registre - Fleurs en Vrac Mtl -Le Bouquet | beautifulflowers | Fleurs\",\"isPartOf\":{\"@id\":\"https:\/\/fleursenvracmtl.com\/en\/#website\"},\"primaryImageOfPage\":{\"@id\":\"https:\/\/fleursenvracmtl.com\/en\/register\/#primaryimage\"},\"image\":{\"@id\":\"https:\/\/fleursenvracmtl.com\/en\/register\/#primaryimage\"},\"thumbnailUrl\":\"https:\/\/www.lebouquet.com\/wp-content\/uploads\/2024\/06\/Mask-group-7.jpg\",\"datePublished\":\"2023-06-27T11:17:18+00:00\",\"dateModified\":\"2024-06-25T08:33:12+00:00\",\"description\":\"Le Bouquet est fier de fournir aux Montr\u00e9alais les fleurs les plus fra\u00eeches et les plus belles depuis 45 ans.\",\"breadcrumb\":{\"@id\":\"https:\/\/fleursenvracmtl.com\/en\/register\/#breadcrumb\"},\"inLanguage\":\"fr-FR\",\"potentialAction\":[{\"@type\":\"ReadAction\",\"target\":[\"https:\/\/fleursenvracmtl.com\/en\/register\/\"]}]},{\"@type\":\"ImageObject\",\"inLanguage\":\"fr-FR\",\"@id\":\"https:\/\/fleursenvracmtl.com\/en\/register\/#primaryimage\",\"url\":\"https:\/\/www.lebouquet.com\/wp-content\/uploads\/2024\/06\/Mask-group-7.jpg\",\"contentUrl\":\"https:\/\/www.lebouquet.com\/wp-content\/uploads\/2024\/06\/Mask-group-7.jpg\"},{\"@type\":\"BreadcrumbList\",\"@id\":\"https:\/\/fleursenvracmtl.com\/en\/register\/#breadcrumb\",\"itemListElement\":[{\"@type\":\"ListItem\",\"position\":1,\"name\":\"Home\",\"item\":\"https:\/\/fleursenvracmtl.com\/fr\/\"},{\"@type\":\"ListItem\",\"position\":2,\"name\":\"Registre\"}]},{\"@type\":\"WebSite\",\"@id\":\"https:\/\/fleursenvracmtl.com\/en\/#website\",\"url\":\"https:\/\/fleursenvracmtl.com\/en\/\",\"name\":\"Fleurs en Vrac MTL\",\"description\":\"Fleurs en Vrac Mtl - Bulk flower by Le Bouquet\",\"alternateName\":\"Fleurs en Vrac MTL\",\"potentialAction\":[{\"@type\":\"SearchAction\",\"target\":{\"@type\":\"EntryPoint\",\"urlTemplate\":\"https:\/\/fleursenvracmtl.com\/en\/?s={search_term_string}\"},\"query-input\":{\"@type\":\"PropertyValueSpecification\",\"valueRequired\":true,\"valueName\":\"search_term_string\"}}],\"inLanguage\":\"fr-FR\"}]}<\/script>\n<!-- \/ Yoast SEO Premium plugin. -->","yoast_head_json":{"title":"Registre - Fleurs en Vrac Mtl -Le Bouquet | beautifulflowers | Fleurs","description":"Le Bouquet est fier de fournir aux Montr\u00e9alais les fleurs les plus fra\u00eeches et les plus belles depuis 45 ans.","robots":{"index":"index","follow":"follow","max-snippet":"max-snippet:-1","max-image-preview":"max-image-preview:large","max-video-preview":"max-video-preview:-1"},"canonical":"https:\/\/fleursenvracmtl.com\/en\/register\/","og_locale":"fr_FR","og_type":"article","og_title":"Registre","og_description":"Le Bouquet est fier de fournir aux Montr\u00e9alais les fleurs les plus fra\u00eeches et les plus belles depuis 45 ans.","og_url":"https:\/\/fleursenvracmtl.com\/en\/register\/","og_site_name":"Fleurs en Vrac Mtl","article_publisher":"https:\/\/www.facebook.com\/LeBouquetMTL\/","article_modified_time":"2024-06-25T08:33:12+00:00","og_image":[{"url":"https:\/\/www.lebouquet.com\/wp-content\/uploads\/2024\/06\/Mask-group-7.jpg","type":"","width":"","height":""}],"twitter_card":"summary_large_image","schema":{"@context":"https:\/\/schema.org","@graph":[{"@type":"WebPage","@id":"https:\/\/fleursenvracmtl.com\/en\/register\/","url":"https:\/\/fleursenvracmtl.com\/en\/register\/","name":"Registre - Fleurs en Vrac Mtl -Le Bouquet | beautifulflowers | Fleurs","isPartOf":{"@id":"https:\/\/fleursenvracmtl.com\/en\/#website"},"primaryImageOfPage":{"@id":"https:\/\/fleursenvracmtl.com\/en\/register\/#primaryimage"},"image":{"@id":"https:\/\/fleursenvracmtl.com\/en\/register\/#primaryimage"},"thumbnailUrl":"https:\/\/www.lebouquet.com\/wp-content\/uploads\/2024\/06\/Mask-group-7.jpg","datePublished":"2023-06-27T11:17:18+00:00","dateModified":"2024-06-25T08:33:12+00:00","description":"Le Bouquet est fier de fournir aux Montr\u00e9alais les fleurs les plus fra\u00eeches et les plus belles depuis 45 ans.","breadcrumb":{"@id":"https:\/\/fleursenvracmtl.com\/en\/register\/#breadcrumb"},"inLanguage":"fr-FR","potentialAction":[{"@type":"ReadAction","target":["https:\/\/fleursenvracmtl.com\/en\/register\/"]}]},{"@type":"ImageObject","inLanguage":"fr-FR","@id":"https:\/\/fleursenvracmtl.com\/en\/register\/#primaryimage","url":"https:\/\/www.lebouquet.com\/wp-content\/uploads\/2024\/06\/Mask-group-7.jpg","contentUrl":"https:\/\/www.lebouquet.com\/wp-content\/uploads\/2024\/06\/Mask-group-7.jpg"},{"@type":"BreadcrumbList","@id":"https:\/\/fleursenvracmtl.com\/en\/register\/#breadcrumb","itemListElement":[{"@type":"ListItem","position":1,"name":"Home","item":"https:\/\/fleursenvracmtl.com\/fr\/"},{"@type":"ListItem","position":2,"name":"Registre"}]},{"@type":"WebSite","@id":"https:\/\/fleursenvracmtl.com\/en\/#website","url":"https:\/\/fleursenvracmtl.com\/en\/","name":"Fleurs en Vrac MTL","description":"Fleurs en Vrac Mtl - Bulk flower by Le Bouquet","alternateName":"Fleurs en Vrac MTL","potentialAction":[{"@type":"SearchAction","target":{"@type":"EntryPoint","urlTemplate":"https:\/\/fleursenvracmtl.com\/en\/?s={search_term_string}"},"query-input":{"@type":"PropertyValueSpecification","valueRequired":true,"valueName":"search_term_string"}}],"inLanguage":"fr-FR"}]}},"_links":{"self":[{"href":"https:\/\/fleursenvracmtl.com\/fr\/wp-json\/wp\/v2\/pages\/45503","targetHints":{"allow":["GET"]}}],"collection":[{"href":"https:\/\/fleursenvracmtl.com\/fr\/wp-json\/wp\/v2\/pages"}],"about":[{"href":"https:\/\/fleursenvracmtl.com\/fr\/wp-json\/wp\/v2\/types\/page"}],"author":[{"embeddable":true,"href":"https:\/\/fleursenvracmtl.com\/fr\/wp-json\/wp\/v2\/users\/1"}],"replies":[{"embeddable":true,"href":"https:\/\/fleursenvracmtl.com\/fr\/wp-json\/wp\/v2\/comments?post=45503"}],"version-history":[{"count":0,"href":"https:\/\/fleursenvracmtl.com\/fr\/wp-json\/wp\/v2\/pages\/45503\/revisions"}],"wp:attachment":[{"href":"https:\/\/fleursenvracmtl.com\/fr\/wp-json\/wp\/v2\/media?parent=45503"}],"curies":[{"name":"wp","href":"https:\/\/api.w.org\/{rel}","templated":true}]}}