{"id":45505,"date":"2023-06-26T12:00:54","date_gmt":"2023-06-26T16:00:54","guid":{"rendered":"https:\/\/lebouquet.brstdev.com\/retours-et-remboursement\/"},"modified":"2025-10-07T06:01:51","modified_gmt":"2025-10-07T10:01:51","slug":"retours-et-remboursement","status":"publish","type":"page","link":"https:\/\/fleursenvracmtl.com\/fr\/retours-et-remboursement\/","title":{"rendered":"Retours et remboursement"},"content":{"rendered":"\t\t<div data-elementor-type=\"wp-page\" data-elementor-id=\"45505\" class=\"elementor elementor-45505 elementor-86\">\n\t\t\t\t\t\t<section class=\"elementor-section elementor-top-section elementor-element elementor-element-b2494e2 elementor-section-boxed elementor-section-height-default elementor-section-height-default\" data-id=\"b2494e2\" data-element_type=\"section\">\n\t\t\t\t\t\t<div class=\"elementor-container elementor-column-gap-default\">\n\t\t\t\t\t<div class=\"elementor-column elementor-col-100 elementor-top-column elementor-element elementor-element-3056923\" data-id=\"3056923\" data-element_type=\"column\">\n\t\t\t<div class=\"elementor-widget-wrap elementor-element-populated\">\n\t\t\t\t\t\t<div class=\"elementor-element elementor-element-ec197ad elementor-widget elementor-widget-heading\" data-id=\"ec197ad\" data-element_type=\"widget\" data-widget_type=\"heading.default\">\n\t\t\t\t<div class=\"elementor-widget-container\">\n\t\t\t\t\t<h1 class=\"elementor-heading-title elementor-size-default\">\nPolitique de retour et de remboursement \u2013 Fleurs en Vrac MTL\n<\/h1>\t\t\t\t<\/div>\n\t\t\t\t<\/div>\n\t\t\t\t\t<\/div>\n\t\t<\/div>\n\t\t\t\t\t<\/div>\n\t\t<\/section>\n\t\t\t\t<section class=\"elementor-section elementor-top-section elementor-element elementor-element-99b6d91 elementor-section-boxed elementor-section-height-default elementor-section-height-default\" data-id=\"99b6d91\" data-element_type=\"section\">\n\t\t\t\t\t\t<div class=\"elementor-container elementor-column-gap-default\">\n\t\t\t\t\t<div class=\"elementor-column elementor-col-100 elementor-top-column elementor-element elementor-element-d7821e3\" data-id=\"d7821e3\" data-element_type=\"column\">\n\t\t\t<div class=\"elementor-widget-wrap elementor-element-populated\">\n\t\t\t\t\t\t<div class=\"elementor-element elementor-element-5ce4e7a elementor-widget elementor-widget-text-editor\" data-id=\"5ce4e7a\" data-element_type=\"widget\" data-widget_type=\"text-editor.default\">\n\t\t\t\t<div class=\"elementor-widget-container\">\n\t\t\t\t\t\t\t\t\tChez Fleurs en Vrac MTL, nous nous engageons \u00e0 fournir \u00e0 nos clients des fleurs en vrac fra\u00eeches et de qualit\u00e9 \u00e0 prix de gros. Comme nos produits proviennent directement des fermes et sont exp\u00e9di\u00e9s dans leur \u00e9tat naturel, nos conditions de retour et de remboursement diff\u00e8rent de celles d\u2019un fleuriste traditionnel.\n<\/p>\n\n<h2 style=\"font-size: 1.2em; line-height: 1.4; font-weight: normal; color: inherit; margin-top: 1em;\">\nSubstitutions et variations\n<\/h2>\n<p>\nVeuillez noter que les fleurs en vrac arrivent telles qu\u2019elles sont r\u00e9colt\u00e9es \u00e0 la ferme. Des variations naturelles de taille, de teinte et de maturit\u00e9 sont normales. Bien que nous fassions tout notre possible pour assurer une constance, les fleurs peuvent ne pas correspondre exactement \u00e0 la couleur ou au ton pr\u00e9sent\u00e9s en ligne.\n<\/p>\n\n<h2 style=\"font-size: 1.2em; line-height: 1.4; font-weight: normal; color: inherit; margin-top: 1em;\">\nRetours\n<\/h2>\n<p>\nNous n\u2019acceptons pas les retours pour :\n<\/p>\n<ul>\n  <li>Quantit\u00e9s exc\u00e9dentaires ou changements d\u2019avis<\/li>\n  <li>Fleurs fan\u00e9es ou d\u00e9t\u00e9rior\u00e9es en raison d\u2019une mauvaise manipulation ou d\u2019un manque de soins apr\u00e8s la livraison<\/li>\n<\/ul>\n\n<h2 style=\"font-size: 1.2em; line-height: 1.4; font-weight: normal; color: inherit; margin-top: 1em;\">\nProduits endommag\u00e9s ou de mauvaise qualit\u00e9\n<\/h2>\n<p>\nUn petit pourcentage de dommages ou de bris (5\u201310 %) est normal dans les livraisons de fleurs en vrac et refl\u00e8te les standards de l\u2019industrie. \n<\/p>\n<p>\nSi les dommages ou pertes d\u00e9passent cette tol\u00e9rance, veuillez nous contacter dans un d\u00e9lai de <strong>24 heures suivant la r\u00e9ception de votre commande<\/strong>. Une preuve par photo sera exig\u00e9e.\n<\/p>\n<p>\nLes r\u00e9clamations faites apr\u00e8s 24 heures suivant la livraison ne peuvent \u00eatre accept\u00e9es en raison du caract\u00e8re p\u00e9rissable des fleurs fra\u00eeches.\n<\/p>\n\n<h2 style=\"font-size: 1.2em; line-height: 1.4; font-weight: normal; color: inherit; margin-top: 1em;\">\nRemboursements et cr\u00e9dits\n<\/h2>\n<p>\nLes remboursements ou cr\u00e9dits approuv\u00e9s seront appliqu\u00e9s sur le mode de paiement original (carte de cr\u00e9dit, d\u00e9bit, comptant).\n<\/p>\n<p>\nDans certains cas, un remplacement lors de votre prochaine commande pourra \u00eatre propos\u00e9, selon la disponibilit\u00e9.\n<\/p>\n\t\t\t\t\t\t\t\t<\/div>\n\t\t\t\t<\/div>\n\t\t\t\t\t<\/div>\n\t\t<\/div>\n\t\t\t\t\t<\/div>\n\t\t<\/section>\n\t\t\t\t<\/div>\n\t\t","protected":false},"excerpt":{"rendered":"<p>Politique de retour et de remboursement \u2013 Fleurs en Vrac MTL Chez Fleurs en Vrac MTL, nous nous engageons \u00e0 fournir \u00e0 nos clients des fleurs en vrac fra\u00eeches et de qualit\u00e9 \u00e0 prix de gros. Comme nos produits proviennent directement des fermes et sont exp\u00e9di\u00e9s dans leur \u00e9tat naturel, nos conditions de retour et [&hellip;]<\/p>\n","protected":false},"author":1,"featured_media":0,"parent":0,"menu_order":0,"comment_status":"closed","ping_status":"closed","template":"elementor_header_footer","meta":{"_acf_changed":false,"footnotes":""},"class_list":["post-45505","page","type-page","status-publish","hentry"],"acf":[],"yoast_head":"<!-- This site is optimized with the Yoast SEO Premium plugin v25.2 (Yoast SEO v26.2) - https:\/\/yoast.com\/wordpress\/plugins\/seo\/ -->\n<title>Politique de retours et de remboursements - Le Bouquet<\/title>\n<meta name=\"description\" content=\"Consultez la politique de retours et de remboursements de Le Bouquet pour comprendre notre processus de retours, d&#039;\u00e9changes et de remboursements. D\u00e9couvrez comment nous garantissons la satisfaction de nos clients avec vos achats de fleurs.\" \/>\n<meta name=\"robots\" content=\"index, follow, max-snippet:-1, max-image-preview:large, max-video-preview:-1\" \/>\n<link rel=\"canonical\" href=\"https:\/\/fleursenvracmtl.com\/en\/returns-refund\/\" \/>\n<meta property=\"og:locale\" content=\"fr_FR\" \/>\n<meta property=\"og:type\" content=\"article\" \/>\n<meta property=\"og:title\" content=\"Retours et remboursement\" \/>\n<meta property=\"og:description\" content=\"Consultez la politique de retours et de remboursements de Le Bouquet pour comprendre notre processus de retours, d&#039;\u00e9changes et de remboursements. D\u00e9couvrez comment nous garantissons la satisfaction de nos clients avec vos achats de fleurs.\" \/>\n<meta property=\"og:url\" content=\"https:\/\/fleursenvracmtl.com\/en\/returns-refund\/\" \/>\n<meta property=\"og:site_name\" content=\"Fleurs en Vrac Mtl\" \/>\n<meta property=\"article:publisher\" content=\"https:\/\/www.facebook.com\/LeBouquetMTL\/\" \/>\n<meta property=\"article:modified_time\" content=\"2025-10-07T10:01:51+00:00\" \/>\n<meta name=\"twitter:card\" content=\"summary_large_image\" \/>\n<meta name=\"twitter:label1\" content=\"Dur\u00e9e de lecture estim\u00e9e\" \/>\n\t<meta name=\"twitter:data1\" content=\"2 minutes\" \/>\n<script type=\"application\/ld+json\" class=\"yoast-schema-graph\">{\"@context\":\"https:\/\/schema.org\",\"@graph\":[{\"@type\":\"WebPage\",\"@id\":\"https:\/\/fleursenvracmtl.com\/en\/returns-refund\/\",\"url\":\"https:\/\/fleursenvracmtl.com\/en\/returns-refund\/\",\"name\":\"Politique de retours et de remboursements - Le Bouquet\",\"isPartOf\":{\"@id\":\"https:\/\/fleursenvracmtl.com\/en\/#website\"},\"datePublished\":\"2023-06-26T16:00:54+00:00\",\"dateModified\":\"2025-10-07T10:01:51+00:00\",\"description\":\"Consultez la politique de retours et de remboursements de Le Bouquet pour comprendre notre processus de retours, d'\u00e9changes et de remboursements. D\u00e9couvrez comment nous garantissons la satisfaction de nos clients avec vos achats de fleurs.\",\"breadcrumb\":{\"@id\":\"https:\/\/fleursenvracmtl.com\/en\/returns-refund\/#breadcrumb\"},\"inLanguage\":\"fr-FR\",\"potentialAction\":[{\"@type\":\"ReadAction\",\"target\":[\"https:\/\/fleursenvracmtl.com\/en\/returns-refund\/\"]}]},{\"@type\":\"BreadcrumbList\",\"@id\":\"https:\/\/fleursenvracmtl.com\/en\/returns-refund\/#breadcrumb\",\"itemListElement\":[{\"@type\":\"ListItem\",\"position\":1,\"name\":\"Home\",\"item\":\"https:\/\/fleursenvracmtl.com\/fr\/\"},{\"@type\":\"ListItem\",\"position\":2,\"name\":\"Retours et remboursement\"}]},{\"@type\":\"WebSite\",\"@id\":\"https:\/\/fleursenvracmtl.com\/en\/#website\",\"url\":\"https:\/\/fleursenvracmtl.com\/en\/\",\"name\":\"Fleurs en Vrac MTL\",\"description\":\"Fleurs en Vrac Mtl - Bulk flower by Le Bouquet\",\"alternateName\":\"Fleurs en Vrac MTL\",\"potentialAction\":[{\"@type\":\"SearchAction\",\"target\":{\"@type\":\"EntryPoint\",\"urlTemplate\":\"https:\/\/fleursenvracmtl.com\/en\/?s={search_term_string}\"},\"query-input\":{\"@type\":\"PropertyValueSpecification\",\"valueRequired\":true,\"valueName\":\"search_term_string\"}}],\"inLanguage\":\"fr-FR\"}]}<\/script>\n<!-- \/ Yoast SEO Premium plugin. -->","yoast_head_json":{"title":"Politique de retours et de remboursements - Le Bouquet","description":"Consultez la politique de retours et de remboursements de Le Bouquet pour comprendre notre processus de retours, d'\u00e9changes et de remboursements. D\u00e9couvrez comment nous garantissons la satisfaction de nos clients avec vos achats de fleurs.","robots":{"index":"index","follow":"follow","max-snippet":"max-snippet:-1","max-image-preview":"max-image-preview:large","max-video-preview":"max-video-preview:-1"},"canonical":"https:\/\/fleursenvracmtl.com\/en\/returns-refund\/","og_locale":"fr_FR","og_type":"article","og_title":"Retours et remboursement","og_description":"Consultez la politique de retours et de remboursements de Le Bouquet pour comprendre notre processus de retours, d'\u00e9changes et de remboursements. D\u00e9couvrez comment nous garantissons la satisfaction de nos clients avec vos achats de fleurs.","og_url":"https:\/\/fleursenvracmtl.com\/en\/returns-refund\/","og_site_name":"Fleurs en Vrac Mtl","article_publisher":"https:\/\/www.facebook.com\/LeBouquetMTL\/","article_modified_time":"2025-10-07T10:01:51+00:00","twitter_card":"summary_large_image","twitter_misc":{"Dur\u00e9e de lecture estim\u00e9e":"2 minutes"},"schema":{"@context":"https:\/\/schema.org","@graph":[{"@type":"WebPage","@id":"https:\/\/fleursenvracmtl.com\/en\/returns-refund\/","url":"https:\/\/fleursenvracmtl.com\/en\/returns-refund\/","name":"Politique de retours et de remboursements - Le Bouquet","isPartOf":{"@id":"https:\/\/fleursenvracmtl.com\/en\/#website"},"datePublished":"2023-06-26T16:00:54+00:00","dateModified":"2025-10-07T10:01:51+00:00","description":"Consultez la politique de retours et de remboursements de Le Bouquet pour comprendre notre processus de retours, d'\u00e9changes et de remboursements. D\u00e9couvrez comment nous garantissons la satisfaction de nos clients avec vos achats de fleurs.","breadcrumb":{"@id":"https:\/\/fleursenvracmtl.com\/en\/returns-refund\/#breadcrumb"},"inLanguage":"fr-FR","potentialAction":[{"@type":"ReadAction","target":["https:\/\/fleursenvracmtl.com\/en\/returns-refund\/"]}]},{"@type":"BreadcrumbList","@id":"https:\/\/fleursenvracmtl.com\/en\/returns-refund\/#breadcrumb","itemListElement":[{"@type":"ListItem","position":1,"name":"Home","item":"https:\/\/fleursenvracmtl.com\/fr\/"},{"@type":"ListItem","position":2,"name":"Retours et remboursement"}]},{"@type":"WebSite","@id":"https:\/\/fleursenvracmtl.com\/en\/#website","url":"https:\/\/fleursenvracmtl.com\/en\/","name":"Fleurs en Vrac MTL","description":"Fleurs en Vrac Mtl - Bulk flower by Le Bouquet","alternateName":"Fleurs en Vrac MTL","potentialAction":[{"@type":"SearchAction","target":{"@type":"EntryPoint","urlTemplate":"https:\/\/fleursenvracmtl.com\/en\/?s={search_term_string}"},"query-input":{"@type":"PropertyValueSpecification","valueRequired":true,"valueName":"search_term_string"}}],"inLanguage":"fr-FR"}]}},"_links":{"self":[{"href":"https:\/\/fleursenvracmtl.com\/fr\/wp-json\/wp\/v2\/pages\/45505","targetHints":{"allow":["GET"]}}],"collection":[{"href":"https:\/\/fleursenvracmtl.com\/fr\/wp-json\/wp\/v2\/pages"}],"about":[{"href":"https:\/\/fleursenvracmtl.com\/fr\/wp-json\/wp\/v2\/types\/page"}],"author":[{"embeddable":true,"href":"https:\/\/fleursenvracmtl.com\/fr\/wp-json\/wp\/v2\/users\/1"}],"replies":[{"embeddable":true,"href":"https:\/\/fleursenvracmtl.com\/fr\/wp-json\/wp\/v2\/comments?post=45505"}],"version-history":[{"count":6,"href":"https:\/\/fleursenvracmtl.com\/fr\/wp-json\/wp\/v2\/pages\/45505\/revisions"}],"predecessor-version":[{"id":120535,"href":"https:\/\/fleursenvracmtl.com\/fr\/wp-json\/wp\/v2\/pages\/45505\/revisions\/120535"}],"wp:attachment":[{"href":"https:\/\/fleursenvracmtl.com\/fr\/wp-json\/wp\/v2\/media?parent=45505"}],"curies":[{"name":"wp","href":"https:\/\/api.w.org\/{rel}","templated":true}]}}