{"id":45507,"date":"2023-06-26T12:03:16","date_gmt":"2023-06-26T16:03:16","guid":{"rendered":"https:\/\/lebouquet.brstdev.com\/politique-dexpedition\/"},"modified":"2025-10-07T05:57:49","modified_gmt":"2025-10-07T09:57:49","slug":"politique-dexpedition","status":"publish","type":"page","link":"https:\/\/fleursenvracmtl.com\/fr\/politique-dexpedition\/","title":{"rendered":"Politique d&rsquo;exp\u00e9dition"},"content":{"rendered":"\t\t<div data-elementor-type=\"wp-page\" data-elementor-id=\"45507\" class=\"elementor elementor-45507 elementor-11\">\n\t\t\t\t\t\t<section class=\"elementor-section elementor-top-section elementor-element elementor-element-12c6879 elementor-section-boxed elementor-section-height-default elementor-section-height-default\" data-id=\"12c6879\" data-element_type=\"section\">\n\t\t\t\t\t\t<div class=\"elementor-container elementor-column-gap-default\">\n\t\t\t\t\t<div class=\"elementor-column elementor-col-100 elementor-top-column elementor-element elementor-element-2faaaf1\" data-id=\"2faaaf1\" data-element_type=\"column\">\n\t\t\t<div class=\"elementor-widget-wrap elementor-element-populated\">\n\t\t\t\t\t\t<div class=\"elementor-element elementor-element-bfc3e75 elementor-widget elementor-widget-heading\" data-id=\"bfc3e75\" data-element_type=\"widget\" data-widget_type=\"heading.default\">\n\t\t\t\t<div class=\"elementor-widget-container\">\n\t\t\t\t\t<h1 class=\"elementor-heading-title elementor-size-default\">\nPolitique de livraison \u2013 Fleurs en Vrac MTL<\/h1>\t\t\t\t<\/div>\n\t\t\t\t<\/div>\n\t\t\t\t\t<\/div>\n\t\t<\/div>\n\t\t\t\t\t<\/div>\n\t\t<\/section>\n\t\t\t\t<section class=\"elementor-section elementor-top-section elementor-element elementor-element-ac14068 elementor-section-boxed elementor-section-height-default elementor-section-height-default\" data-id=\"ac14068\" data-element_type=\"section\">\n\t\t\t\t\t\t<div class=\"elementor-container elementor-column-gap-default\">\n\t\t\t\t\t<div class=\"elementor-column elementor-col-100 elementor-top-column elementor-element elementor-element-b8ce915\" data-id=\"b8ce915\" data-element_type=\"column\">\n\t\t\t<div class=\"elementor-widget-wrap elementor-element-populated\">\n\t\t\t\t\t\t<div class=\"elementor-element elementor-element-bb1aab5 elementor-widget elementor-widget-text-editor\" data-id=\"bb1aab5\" data-element_type=\"widget\" data-widget_type=\"text-editor.default\">\n\t\t\t\t<div class=\"elementor-widget-container\">\n\t\t\t\t\t\t\t\t\tChez fleurs en vrac MTL, nous nous sp\u00e9cialisons dans les fleurs en vrac exp\u00e9di\u00e9es directement des fermes, afin d\u2019assurer fra\u00eecheur et qualit\u00e9 pour vos \u00e9v\u00e9nements et projets. Veuillez prendre connaissance de notre politique de livraison ci-dessous.\n<\/p>\n\n<h2 style=\"font-size: 1.2em; line-height: 1.4; font-weight: normal; color: inherit; margin-top: 1em;\">\nFrais de livraison\n<\/h2>\n<p>\nLes frais de livraison sont calcul\u00e9s en fonction de votre zone de livraison et s\u2019affichent automatiquement au moment du paiement. Vous pouvez \u00e9galement choisir l\u2019option <strong>ramassage<\/strong> sans frais.\n<\/p>\n\n<h2 style=\"font-size: 1.2em; line-height: 1.4; font-weight: normal; color: inherit; margin-top: 1em;\">\nHoraire et recommandations\n<\/h2>\n<ul>\n  <li><strong>Date de livraison<\/strong> : Les commandes sont livr\u00e9es \u00e0 la <strong>date demand\u00e9e<\/strong> entre 9 h et 16 h.<\/li>\n  <li><strong>Commande \u00e0 l\u2019avance<\/strong> : Bien que les commandes soient toujours livr\u00e9es \u00e0 la date choisie, nous recommandons de passer vos commandes en vrac au moins 2 semaines \u00e0 l\u2019avance afin d\u2019assurer la disponibilit\u00e9.<\/li>\n  <li><strong>Commandes de derni\u00e8re minute<\/strong> : Nous avons souvent une grande vari\u00e9t\u00e9 en stock et pouvons g\u00e9n\u00e9ralement r\u00e9pondre aux demandes \u00e0 court terme. Si un produit pr\u00e9cis n\u2019est pas disponible, nous vous contacterons avant de confirmer un substitut.<\/li>\n  <li><strong>Arrivages des fermes<\/strong> : Dans de rares cas, les arrivages de ferme peuvent arriver plus t\u00f4t ou plus tard que pr\u00e9vu. Si cela affecte la date de votre commande, nous vous contacterons directement.<\/li>\n  <li><strong>Bonne pratique<\/strong> : Nous recommandons de recevoir vos fleurs quelques jours avant votre \u00e9v\u00e9nement, surtout si vous les arrangez vous-m\u00eame ou si vous avez besoin de temps pour que les fleurs s\u2019ouvrent.<\/li>\n<\/ul>\n\n<h2 style=\"font-size: 1.2em; line-height: 1.4; font-weight: normal; color: inherit; margin-top: 1em;\">\nConditions de livraison\n<\/h2>\n<ul>\n  <li>Une <strong>signature est requise<\/strong> pour toutes les livraisons de fleurs en vrac.<\/li>\n  <li>Nous ne laissons pas les livraisons chez les voisins sauf sur demande expresse.<\/li>\n  <li>Si personne n\u2019est pr\u00e9sent lors de la livraison, la commande peut \u00eatre retourn\u00e9e \u00e0 notre magasin. Un deuxi\u00e8me frais de livraison s\u2019appliquera.<\/li>\n  <li>Une adresse incorrecte ou incompl\u00e8te entra\u00eenera \u00e9galement un deuxi\u00e8me frais de livraison.<\/li>\n<\/ul>\n\n<h2 style=\"font-size: 1.2em; line-height: 1.4; font-weight: normal; color: inherit; margin-top: 1em;\">\nCoordonn\u00e9es\n<\/h2>\n<p>\nPour toute question concernant votre commande ou votre livraison, veuillez nous contacter :<br>\n\ud83d\udcde <strong>514-468-8722<\/strong><br>\n\u2709\ufe0f <strong>info@fleursenvracmtl.com<\/strong>\n<\/p>\n\t\t\t\t\t\t\t\t<\/div>\n\t\t\t\t<\/div>\n\t\t\t\t\t<\/div>\n\t\t<\/div>\n\t\t\t\t\t<\/div>\n\t\t<\/section>\n\t\t\t\t<\/div>\n\t\t","protected":false},"excerpt":{"rendered":"<p>Politique de livraison \u2013 Fleurs en Vrac MTL Chez fleurs en vrac MTL, nous nous sp\u00e9cialisons dans les fleurs en vrac exp\u00e9di\u00e9es directement des fermes, afin d\u2019assurer fra\u00eecheur et qualit\u00e9 pour vos \u00e9v\u00e9nements et projets. Veuillez prendre connaissance de notre politique de livraison ci-dessous. Frais de livraison Les frais de livraison sont calcul\u00e9s en fonction [&hellip;]<\/p>\n","protected":false},"author":1,"featured_media":0,"parent":0,"menu_order":0,"comment_status":"closed","ping_status":"closed","template":"","meta":{"_acf_changed":false,"footnotes":""},"class_list":["post-45507","page","type-page","status-publish","hentry"],"acf":[],"yoast_head":"<!-- This site is optimized with the Yoast SEO Premium plugin v25.2 (Yoast SEO v26.2) - https:\/\/yoast.com\/wordpress\/plugins\/seo\/ -->\n<title>Politique d&#039;exp\u00e9dition - Le Bouquet<\/title>\n<meta name=\"description\" content=\"Lisez la politique d\u2019exp\u00e9dition de Le Bouquet pour plus de d\u00e9tails sur les options, les d\u00e9lais et les co\u00fbts de livraison. D\u00e9couvrez comment nous g\u00e9rons l&#039;exp\u00e9dition pour garantir que vos fleurs arrivent fra\u00eeches et \u00e0 temps.\" \/>\n<meta name=\"robots\" content=\"index, follow, max-snippet:-1, max-image-preview:large, max-video-preview:-1\" \/>\n<link rel=\"canonical\" href=\"https:\/\/fleursenvracmtl.com\/en\/shipping-policy\/\" \/>\n<meta property=\"og:locale\" content=\"fr_FR\" \/>\n<meta property=\"og:type\" content=\"article\" \/>\n<meta property=\"og:title\" content=\"Politique d&#039;exp\u00e9dition\" \/>\n<meta property=\"og:description\" content=\"Lisez la politique d\u2019exp\u00e9dition de Le Bouquet pour plus de d\u00e9tails sur les options, les d\u00e9lais et les co\u00fbts de livraison. D\u00e9couvrez comment nous g\u00e9rons l&#039;exp\u00e9dition pour garantir que vos fleurs arrivent fra\u00eeches et \u00e0 temps.\" \/>\n<meta property=\"og:url\" content=\"https:\/\/fleursenvracmtl.com\/en\/shipping-policy\/\" \/>\n<meta property=\"og:site_name\" content=\"Fleurs en Vrac Mtl\" \/>\n<meta property=\"article:publisher\" content=\"https:\/\/www.facebook.com\/LeBouquetMTL\/\" \/>\n<meta property=\"article:modified_time\" content=\"2025-10-07T09:57:49+00:00\" \/>\n<meta name=\"twitter:card\" content=\"summary_large_image\" \/>\n<meta name=\"twitter:label1\" content=\"Dur\u00e9e de lecture estim\u00e9e\" \/>\n\t<meta name=\"twitter:data1\" content=\"2 minutes\" \/>\n<script type=\"application\/ld+json\" class=\"yoast-schema-graph\">{\"@context\":\"https:\/\/schema.org\",\"@graph\":[{\"@type\":\"WebPage\",\"@id\":\"https:\/\/fleursenvracmtl.com\/en\/shipping-policy\/\",\"url\":\"https:\/\/fleursenvracmtl.com\/en\/shipping-policy\/\",\"name\":\"Politique d'exp\u00e9dition - Le Bouquet\",\"isPartOf\":{\"@id\":\"https:\/\/fleursenvracmtl.com\/en\/#website\"},\"datePublished\":\"2023-06-26T16:03:16+00:00\",\"dateModified\":\"2025-10-07T09:57:49+00:00\",\"description\":\"Lisez la politique d\u2019exp\u00e9dition de Le Bouquet pour plus de d\u00e9tails sur les options, les d\u00e9lais et les co\u00fbts de livraison. D\u00e9couvrez comment nous g\u00e9rons l'exp\u00e9dition pour garantir que vos fleurs arrivent fra\u00eeches et \u00e0 temps.\",\"breadcrumb\":{\"@id\":\"https:\/\/fleursenvracmtl.com\/en\/shipping-policy\/#breadcrumb\"},\"inLanguage\":\"fr-FR\",\"potentialAction\":[{\"@type\":\"ReadAction\",\"target\":[\"https:\/\/fleursenvracmtl.com\/en\/shipping-policy\/\"]}]},{\"@type\":\"BreadcrumbList\",\"@id\":\"https:\/\/fleursenvracmtl.com\/en\/shipping-policy\/#breadcrumb\",\"itemListElement\":[{\"@type\":\"ListItem\",\"position\":1,\"name\":\"Home\",\"item\":\"https:\/\/fleursenvracmtl.com\/fr\/\"},{\"@type\":\"ListItem\",\"position\":2,\"name\":\"Politique d&#8217;exp\u00e9dition\"}]},{\"@type\":\"WebSite\",\"@id\":\"https:\/\/fleursenvracmtl.com\/en\/#website\",\"url\":\"https:\/\/fleursenvracmtl.com\/en\/\",\"name\":\"Fleurs en Vrac MTL\",\"description\":\"Fleurs en Vrac Mtl - Bulk flower by Le Bouquet\",\"alternateName\":\"Fleurs en Vrac MTL\",\"potentialAction\":[{\"@type\":\"SearchAction\",\"target\":{\"@type\":\"EntryPoint\",\"urlTemplate\":\"https:\/\/fleursenvracmtl.com\/en\/?s={search_term_string}\"},\"query-input\":{\"@type\":\"PropertyValueSpecification\",\"valueRequired\":true,\"valueName\":\"search_term_string\"}}],\"inLanguage\":\"fr-FR\"}]}<\/script>\n<!-- \/ Yoast SEO Premium plugin. -->","yoast_head_json":{"title":"Politique d'exp\u00e9dition - Le Bouquet","description":"Lisez la politique d\u2019exp\u00e9dition de Le Bouquet pour plus de d\u00e9tails sur les options, les d\u00e9lais et les co\u00fbts de livraison. D\u00e9couvrez comment nous g\u00e9rons l'exp\u00e9dition pour garantir que vos fleurs arrivent fra\u00eeches et \u00e0 temps.","robots":{"index":"index","follow":"follow","max-snippet":"max-snippet:-1","max-image-preview":"max-image-preview:large","max-video-preview":"max-video-preview:-1"},"canonical":"https:\/\/fleursenvracmtl.com\/en\/shipping-policy\/","og_locale":"fr_FR","og_type":"article","og_title":"Politique d'exp\u00e9dition","og_description":"Lisez la politique d\u2019exp\u00e9dition de Le Bouquet pour plus de d\u00e9tails sur les options, les d\u00e9lais et les co\u00fbts de livraison. D\u00e9couvrez comment nous g\u00e9rons l'exp\u00e9dition pour garantir que vos fleurs arrivent fra\u00eeches et \u00e0 temps.","og_url":"https:\/\/fleursenvracmtl.com\/en\/shipping-policy\/","og_site_name":"Fleurs en Vrac Mtl","article_publisher":"https:\/\/www.facebook.com\/LeBouquetMTL\/","article_modified_time":"2025-10-07T09:57:49+00:00","twitter_card":"summary_large_image","twitter_misc":{"Dur\u00e9e de lecture estim\u00e9e":"2 minutes"},"schema":{"@context":"https:\/\/schema.org","@graph":[{"@type":"WebPage","@id":"https:\/\/fleursenvracmtl.com\/en\/shipping-policy\/","url":"https:\/\/fleursenvracmtl.com\/en\/shipping-policy\/","name":"Politique d'exp\u00e9dition - Le Bouquet","isPartOf":{"@id":"https:\/\/fleursenvracmtl.com\/en\/#website"},"datePublished":"2023-06-26T16:03:16+00:00","dateModified":"2025-10-07T09:57:49+00:00","description":"Lisez la politique d\u2019exp\u00e9dition de Le Bouquet pour plus de d\u00e9tails sur les options, les d\u00e9lais et les co\u00fbts de livraison. D\u00e9couvrez comment nous g\u00e9rons l'exp\u00e9dition pour garantir que vos fleurs arrivent fra\u00eeches et \u00e0 temps.","breadcrumb":{"@id":"https:\/\/fleursenvracmtl.com\/en\/shipping-policy\/#breadcrumb"},"inLanguage":"fr-FR","potentialAction":[{"@type":"ReadAction","target":["https:\/\/fleursenvracmtl.com\/en\/shipping-policy\/"]}]},{"@type":"BreadcrumbList","@id":"https:\/\/fleursenvracmtl.com\/en\/shipping-policy\/#breadcrumb","itemListElement":[{"@type":"ListItem","position":1,"name":"Home","item":"https:\/\/fleursenvracmtl.com\/fr\/"},{"@type":"ListItem","position":2,"name":"Politique d&#8217;exp\u00e9dition"}]},{"@type":"WebSite","@id":"https:\/\/fleursenvracmtl.com\/en\/#website","url":"https:\/\/fleursenvracmtl.com\/en\/","name":"Fleurs en Vrac MTL","description":"Fleurs en Vrac Mtl - Bulk flower by Le Bouquet","alternateName":"Fleurs en Vrac MTL","potentialAction":[{"@type":"SearchAction","target":{"@type":"EntryPoint","urlTemplate":"https:\/\/fleursenvracmtl.com\/en\/?s={search_term_string}"},"query-input":{"@type":"PropertyValueSpecification","valueRequired":true,"valueName":"search_term_string"}}],"inLanguage":"fr-FR"}]}},"_links":{"self":[{"href":"https:\/\/fleursenvracmtl.com\/fr\/wp-json\/wp\/v2\/pages\/45507","targetHints":{"allow":["GET"]}}],"collection":[{"href":"https:\/\/fleursenvracmtl.com\/fr\/wp-json\/wp\/v2\/pages"}],"about":[{"href":"https:\/\/fleursenvracmtl.com\/fr\/wp-json\/wp\/v2\/types\/page"}],"author":[{"embeddable":true,"href":"https:\/\/fleursenvracmtl.com\/fr\/wp-json\/wp\/v2\/users\/1"}],"replies":[{"embeddable":true,"href":"https:\/\/fleursenvracmtl.com\/fr\/wp-json\/wp\/v2\/comments?post=45507"}],"version-history":[{"count":6,"href":"https:\/\/fleursenvracmtl.com\/fr\/wp-json\/wp\/v2\/pages\/45507\/revisions"}],"predecessor-version":[{"id":120532,"href":"https:\/\/fleursenvracmtl.com\/fr\/wp-json\/wp\/v2\/pages\/45507\/revisions\/120532"}],"wp:attachment":[{"href":"https:\/\/fleursenvracmtl.com\/fr\/wp-json\/wp\/v2\/media?parent=45507"}],"curies":[{"name":"wp","href":"https:\/\/api.w.org\/{rel}","templated":true}]}}