{"id":88048,"date":"2024-02-05T04:31:45","date_gmt":"2024-02-05T09:31:45","guid":{"rendered":"https:\/\/www.lebouquet.com\/blog\/"},"modified":"2025-12-22T08:03:18","modified_gmt":"2025-12-22T13:03:18","slug":"blog","status":"publish","type":"page","link":"https:\/\/fleursenvracmtl.com\/fr\/blog\/","title":{"rendered":"Blog"},"content":{"rendered":"\t\t<div data-elementor-type=\"wp-page\" data-elementor-id=\"88048\" class=\"elementor elementor-88048 elementor-88035\">\n\t\t\t\t\t\t<section class=\"elementor-section elementor-top-section elementor-element elementor-element-0a6955d elementor-section-boxed elementor-section-height-default elementor-section-height-default\" data-id=\"0a6955d\" data-element_type=\"section\">\n\t\t\t\t\t\t<div class=\"elementor-container elementor-column-gap-default\">\n\t\t\t\t\t<div class=\"elementor-column elementor-col-100 elementor-top-column elementor-element elementor-element-a565529\" data-id=\"a565529\" data-element_type=\"column\">\n\t\t\t<div class=\"elementor-widget-wrap elementor-element-populated\">\n\t\t\t\t\t\t<div class=\"elementor-element elementor-element-914dec7 elementor-widget elementor-widget-html\" data-id=\"914dec7\" data-element_type=\"widget\" data-widget_type=\"html.default\">\n\t\t\t\t<div class=\"elementor-widget-container\">\n\t\t\t\t\t<div class=\"breadcurmb bred-mn\">\n\t\t\t\t<nav class=\"woocommerce-breadcrumb\" aria-label=\"Breadcrumb\"><a href=\"https:\/\/www.lebouquet.com\/fr\/\">Accueil<\/a>&nbsp;\/&nbsp;<a href=\"https:\/\/www.lebouquet.com\/fr\/notre-blog-old\/\">Blogs<\/a><\/nav>\n\t\t\t\t<\/div>\t\t\t\t<\/div>\n\t\t\t\t<\/div>\n\t\t\t\t\t<\/div>\n\t\t<\/div>\n\t\t\t\t\t<\/div>\n\t\t<\/section>\n\t\t\t\t<section class=\"elementor-section elementor-top-section elementor-element elementor-element-3f25f78 elementor-section-full_width elementor-section-stretched elementor-section-height-default elementor-section-height-default\" data-id=\"3f25f78\" data-element_type=\"section\" data-settings=\"{&quot;background_background&quot;:&quot;classic&quot;,&quot;stretch_section&quot;:&quot;section-stretched&quot;}\">\n\t\t\t\t\t\t\t<div class=\"elementor-background-overlay\"><\/div>\n\t\t\t\t\t\t\t<div class=\"elementor-container elementor-column-gap-default\">\n\t\t\t\t\t<div class=\"elementor-column elementor-col-100 elementor-top-column elementor-element elementor-element-e4c18a3\" data-id=\"e4c18a3\" data-element_type=\"column\">\n\t\t\t<div class=\"elementor-widget-wrap elementor-element-populated\">\n\t\t\t\t\t\t<div class=\"elementor-element elementor-element-99cbc08 elementor-widget elementor-widget-heading\" data-id=\"99cbc08\" data-element_type=\"widget\" data-widget_type=\"heading.default\">\n\t\t\t\t<div class=\"elementor-widget-container\">\n\t\t\t\t\t<h1 class=\"elementor-heading-title elementor-size-default\">Notre Blog<\/h1>\t\t\t\t<\/div>\n\t\t\t\t<\/div>\n\t\t\t\t\t<\/div>\n\t\t<\/div>\n\t\t\t\t\t<\/div>\n\t\t<\/section>\n\t\t\t\t<section class=\"elementor-section elementor-top-section elementor-element elementor-element-446fab6 elementor-section-boxed elementor-section-height-default elementor-section-height-default\" data-id=\"446fab6\" data-element_type=\"section\">\n\t\t\t\t\t\t<div class=\"elementor-container elementor-column-gap-default\">\n\t\t\t\t\t<div class=\"elementor-column elementor-col-50 elementor-top-column elementor-element elementor-element-8285638\" data-id=\"8285638\" data-element_type=\"column\">\n\t\t\t<div class=\"elementor-widget-wrap elementor-element-populated\">\n\t\t\t\t\t\t<section class=\"elementor-section elementor-inner-section elementor-element elementor-element-1c475fb elementor-section-boxed elementor-section-height-default elementor-section-height-default\" data-id=\"1c475fb\" data-element_type=\"section\">\n\t\t\t\t\t\t<div class=\"elementor-container elementor-column-gap-default\">\n\t\t\t\t\t<div class=\"elementor-column elementor-col-100 elementor-inner-column elementor-element elementor-element-e624f0f\" data-id=\"e624f0f\" data-element_type=\"column\">\n\t\t\t<div class=\"elementor-widget-wrap elementor-element-populated\">\n\t\t\t\t\t\t<div class=\"elementor-element elementor-element-c2603e4 elementor-widget elementor-widget-ucaddon_post_blocks\" data-id=\"c2603e4\" data-element_type=\"widget\" data-widget_type=\"ucaddon_post_blocks.default\">\n\t\t\t\t<div class=\"elementor-widget-container\">\n\t\t\t\t\t\n<!-- start Post Blocks -->\n\t\t<link id='font-awesome-css' href='https:\/\/fleursenvracmtl.com\/wp-content\/plugins\/unlimited-elements-for-elementor\/assets_libraries\/font-awesome6\/fontawesome-all.min.css' type='text\/css' rel='stylesheet' >\n\t\t<link id='font-awesome-4-shim-css' href='https:\/\/fleursenvracmtl.com\/wp-content\/plugins\/unlimited-elements-for-elementor\/assets_libraries\/font-awesome6\/fontawesome-v4-shims.min.css' type='text\/css' rel='stylesheet' >\n\n<style>\/* widget: Post Blocks *\/\n\n\r\n@keyframes uc_post_blocks_elementor_c2603e4__item-animation {\r\n  0% {\r\n            \r\n        \t        \tfilter: blur(4px);\r\n\t\t\t\r\n    \t    opacity: 0;\r\n  }\r\n  100% {\r\n            \r\n        \t            filter: blur(0px);\r\n            \r\n    \t\topacity: 1;\r\n  }\r\n}\r\n\r\n\r\n#uc_post_blocks_elementor_c2603e4 .ue_post_blocks_box{\r\n\topacity:0;\r\n}\r\n\r\n\r\n#uc_post_blocks_elementor_c2603e4 .uc-entrance-animate {\r\n  opacity:1;\r\n}\r\n\r\n#uc_post_blocks_elementor_c2603e4 .uc-entrance-animate {\r\n\tanimation: uc_post_blocks_elementor_c2603e4__item-animation 0.372s cubic-bezier(0.470, 0.000, 0.745, 0.715) both;\r\n}\r\n\r\n\t\t\t\n\n#uc_post_blocks_elementor_c2603e4 {\n    display:grid;\n}\n#uc_post_blocks_elementor_c2603e4 .ue_post_blocks_box\n{\n  overflow:hidden;\n}\n\n#uc_post_blocks_elementor_c2603e4 .ue_post_blocks_image\n{\n  overflow:hidden;\n}\n#uc_post_blocks_elementor_c2603e4 .ue_post_blocks_image img\n{\n  width:100%;\n  display:block;\n}\n#uc_post_blocks_elementor_c2603e4 .ue_post_blocks_link a\n{\n  display:inline-block;\n  text-decoration:none;\n  text-align:center;\n}\n\n\n#uc_post_blocks_elementor_c2603e4 .ue-grid-item-meta-data\n{\n  display:inlin-flex;\n  flex-wrap: wrap;\n}\n\n.ue-grid-item-meta-data\n{\n  font-size:12px;\n}\n\n#uc_post_blocks_elementor_c2603e4 .ue-grid-item-meta-data-icon\n{\n  line-height:1em;\n}\n\n#uc_post_blocks_elementor_c2603e4 .ue-grid-item-meta-data-icon svg\n{\n  width:1em;\n  height:1em;\n}\n\n#uc_post_blocks_elementor_c2603e4 .ue_post_blocks_box{\n  display: flex;\n  flex-direction: column;\n}\n#uc_post_blocks_elementor_c2603e4 .ue_post_blocks_content{\n display: flex; flex-grow: 1;\n flex-direction: column;\n}\n#uc_post_blocks_elementor_c2603e4 .ue_post_blocks_link{ margin-top: auto;\n}\n\n.ue-grid-item-category a\n{\n  display:inline-block;\n  font-size:10px;\n  text-transform:uppercase;\n}\n\n\n\n\n<\/style>\n\n<div id=\"uc_post_blocks_elementor_c2603e4\" class=\"ue_post_blocks uc-items-wrapper uc-filterable-grid \"  data-ajax='true'  data-filterbehave='ajax'  data-filtergroup='group1'  querydata='{&quot;count_posts&quot;:0,&quot;total_posts&quot;:0,&quot;page&quot;:1,&quot;num_pages&quot;:1}'>\n    \n<\/div>\n<!-- end Post Blocks -->\t\t\t\t<\/div>\n\t\t\t\t<\/div>\n\t\t\t\t<div class=\"elementor-element elementor-element-93ae123 elementor-widget elementor-widget-ucaddon_archive_pagination\" data-id=\"93ae123\" data-element_type=\"widget\" data-widget_type=\"ucaddon_archive_pagination.default\">\n\t\t\t\t<div class=\"elementor-widget-container\">\n\t\t\t\t\t\n<!-- start Post Pagination -->\n\n<style>\/* widget: Post Pagination *\/\n\n#uc_archive_pagination_elementor_93ae123 nav\n{\n  padding:0px;\n  margin:0px;\n}\n\n#uc_archive_pagination_elementor_93ae123 \n{\n  display:flex;\n  flex-wrap: wrap;\n  justify-content:flex-start;\n}\n\n#uc_archive_pagination_elementor_93ae123 .nav-links\n{\n  display:flex;\n  justify-content:flex-start;\n}\n\n#uc_archive_pagination_elementor_93ae123 .nav-links > *\n{\n}\n\n#uc_archive_pagination_elementor_93ae123 .page-numbers\n{\n  display:flex;\n  \n  align-items:center;\n  justify-content:center;\n  transition:0.3s;\n  line-height:1em;\n}\n\n\n#uc_archive_pagination_elementor_93ae123 a.page-numbers, #uc_archive_pagination_elementor_93ae123 .dots\n{\n  color:#000000;\n  background-color:;\n}\n\n#uc_archive_pagination_elementor_93ae123 a.page-numbers:hover\n{\n  color:#6e6e6e;\n  background-color:#4E6E17;\n}\n\n#uc_archive_pagination_elementor_93ae123 .page-numbers.current,\n#uc_archive_pagination_elementor_93ae123 .page-numbers.current:hover\n{\n  background-color:#4E6E17;\n  color:#ffffff;\n}\n\n\n#uc_archive_pagination_elementor_93ae123 .page-numbers.prev, #uc_archive_pagination_elementor_93ae123 .page-numbers.next\n{\n  padding-left:15px;\n  padding-right:15px;\n}\n\n\n\n#uc_archive_pagination_elementor_93ae123 .prev:before {\n   font-family: \"Font Awesome 5 Free\";\n   content: \"\\f053\";\n   display: inline-block;\n   vertical-align: middle;\n   font-weight: 900;\n   }\n\n#uc_archive_pagination_elementor_93ae123 .next:after {\n   font-family: \"Font Awesome 5 Free\";\n   content: \"\\f054\";\n   display: inline-block;\n   vertical-align: middle;\n   font-weight: 900;\n   }\n\n#uc_archive_pagination_elementor_93ae123.uc-ajax-loading{\n\topacity:1 !important;\n}\n\n#uc_archive_pagination_elementor_93ae123.uc-ajax-loading .current{\n\tposition:relative;\n    overflow:hidden;\n}\n\n\n#uc_archive_pagination_elementor_93ae123.uc-ajax-loading .current:before{\n  content: \"\";\n  display:block;\n  width:100%;\n  height:100%;\n  box-sizing:border-box;\n  position:absolute;\n  top:0px;\n  left:0px;\n  background-color: #c2c2c2;\n  animation: uc-spinning-border 0.5s linear infinite;\n  opacity:50%;\n  border-radius:inherit;\n}\n\n@keyframes uc-spinning-border {\n\t0%{transform: scale(0);}\n\t100%{transform: scale(1); }\t\n}\n\n\n\n<\/style>\n\n<div id=\"uc_archive_pagination_elementor_93ae123\" class=\"archive_pagination uc-filter-pagination\">\n\n<\/div>\n<!-- end Post Pagination -->\t\t\t\t<\/div>\n\t\t\t\t<\/div>\n\t\t\t\t\t<\/div>\n\t\t<\/div>\n\t\t\t\t\t<\/div>\n\t\t<\/section>\n\t\t\t\t\t<\/div>\n\t\t<\/div>\n\t\t\t\t<div class=\"elementor-column elementor-col-50 elementor-top-column elementor-element elementor-element-63c7ea3\" data-id=\"63c7ea3\" data-element_type=\"column\">\n\t\t\t<div class=\"elementor-widget-wrap elementor-element-populated\">\n\t\t\t\t\t\t<section class=\"elementor-section elementor-inner-section elementor-element elementor-element-02f70df elementor-section-boxed elementor-section-height-default elementor-section-height-default\" data-id=\"02f70df\" data-element_type=\"section\">\n\t\t\t\t\t\t<div class=\"elementor-container elementor-column-gap-default\">\n\t\t\t\t\t<div class=\"elementor-column elementor-col-100 elementor-inner-column elementor-element elementor-element-db3c5d7\" data-id=\"db3c5d7\" data-element_type=\"column\">\n\t\t\t<div class=\"elementor-widget-wrap elementor-element-populated\">\n\t\t\t\t\t\t<div class=\"elementor-element elementor-element-e8a45a6 elementor-widget elementor-widget-html\" data-id=\"e8a45a6\" data-element_type=\"widget\" data-widget_type=\"html.default\">\n\t\t\t\t<div class=\"elementor-widget-container\">\n\t\t\t\t\t<!-- Facebook Feed -->\r\n<div class=\"single-right-blk facebook\">\r\n    <h2>\r\n        <!-- Facebook SVG Icon -->\r\n        <svg fill=\"#000000\" height=\"20px\" width=\"20px\" viewBox=\"0 0 310 310\">\r\n            <path d=\"M81.703,165.106h33.981V305c0,2.762,2.238,5,5,5h57.616c2.762,0,5-2.238,5-5V165.765h39.064c2.54,0,4.677-1.906,4.967-4.429l5.933-51.502c0.163-1.417-0.286-2.836-1.234-3.899c-0.949-1.064-2.307-1.673-3.732-1.673h-44.996V71.978c0-9.732,5.24-14.667,15.576-14.667c1.473,0,29.42,0,29.42,0c2.762,0,5-2.239,5-5V5.037c0-2.762-2.238-5-5-5h-40.545C187.467,0.023,186.832,0,185.896,0c-7.035,0-31.488,1.381-50.804,19.151c-21.402,19.692-18.427,43.27-17.716,47.358v37.752H81.703c-2.762,0-5,2.238-5,5v50.844C76.703,162.867,78.941,165.106,81.703,165.106z\"\/>\r\n        <\/svg>\r\n        Facebook\r\n    <\/h2>\r\n        <rssapp-list id=\"iE4k8EvwQDGzR59Z\"><\/rssapp-list><script src=\"https:\/\/widget.rss.app\/v1\/list.js\" type=\"text\/javascript\" async><\/script>\r\n<\/div>\r\n\r\n<!-- Instagram Feed -->\r\n<div class=\"single-right-blk insta\">\r\n    <h2>\r\n        <!-- Instagram SVG Icon -->\r\n        <svg width=\"20px\" height=\"20px\" viewBox=\"0 0 24 24\" fill=\"none\">\r\n            <path fill-rule=\"evenodd\" clip-rule=\"evenodd\" d=\"M12 18C15.3137 18 18 15.3137 18 12C18 8.68629 15.3137 6 12 6C8.68629 6 6 8.68629 6 12C6 15.3137 8.68629 18 12 18ZM12 16C14.2091 16 16 14.2091 16 12C16 9.79086 14.2091 8 12 8C9.79086 8 8 9.79086 8 12C8 14.2091 9.79086 16 12 16Z\" fill=\"#0F0F0F\"\/>\r\n            <path d=\"M18 5C17.4477 5 17 5.44772 17 6C17 6.55228 17.4477 7 18 7C18.5523 7 19 6.55228 19 6C19 5.44772 18.5523 5 18 5Z\" fill=\"#0F0F0F\"\/>\r\n        <\/svg>\r\n        <img decoding=\"async\" src=\"https:\/\/www.lebouquet.com\/wp-content\/themes\/lebouquet_tbi-child\/images\/insta.png\">\r\n    <\/h2>\r\n    <blockquote class=\"instagram-media\" data-instgrm-permalink=\"https:\/\/www.instagram.com\/fleursenvracmtl\/\" data-instgrm-version=\"12\" style=\"background:#FFF; border:0; border-radius:3px; box-shadow:0 0 1px 0 rgba(0,0,0,0.5),0 1px 10px 0 rgba(0,0,0,0.15); margin:1px; max-width:540px; min-width:326px; padding:0; width:99.375%;\">\r\n        <div style=\"padding:16px;\">\r\n            <a href=\"https:\/\/www.instagram.com\/fleursenvracmtl\/\" target=\"_blank\">View this post on Instagram<\/a>\r\n        <\/div>\r\n    <\/blockquote>\r\n    <script async src=\"https:\/\/www.instagram.com\/embed.js\"><\/script>\r\n<\/div>\t\t\t\t<\/div>\n\t\t\t\t<\/div>\n\t\t\t\t\t<\/div>\n\t\t<\/div>\n\t\t\t\t\t<\/div>\n\t\t<\/section>\n\t\t\t\t\t<\/div>\n\t\t<\/div>\n\t\t\t\t\t<\/div>\n\t\t<\/section>\n\t\t\t\t<\/div>\n\t\t","protected":false},"excerpt":{"rendered":"<p>Accueil&nbsp;\/&nbsp;Blogs Notre Blog Deck the Halls: DIY Holiday Decor with Fresh Christmas Greens and Flowers Create budget-friendly holiday decor with fresh Christmas greens and flowers from Fleurs en Vrac&#8230; Lire la suite The Ultimate Guide to Buying and Caring for Bulk Flowers in Montreal for DIY Projects and Events This guide helps Montreal buyers select, [&hellip;]<\/p>\n","protected":false},"author":1,"featured_media":0,"parent":0,"menu_order":0,"comment_status":"closed","ping_status":"closed","template":"elementor_header_footer","meta":{"_acf_changed":false,"footnotes":""},"class_list":["post-88048","page","type-page","status-publish","hentry"],"acf":[],"yoast_head":"<!-- This site is optimized with the Yoast SEO Premium plugin v25.2 (Yoast SEO v26.2) - https:\/\/yoast.com\/wordpress\/plugins\/seo\/ -->\n<title>Blogue | Conseils floraux, tendances et inspiration - Le Bouquet<\/title>\n<meta name=\"description\" content=\"Explorez le blog Le Bouquet pour des conseils d&#039;experts, des tendances florales et de l&#039;inspiration. D\u00e9couvrez des articles sur l&#039;entretien des fleurs, des id\u00e9es d&#039;arrangements et des mises \u00e0 jour de notre fleuriste de Montr\u00e9al.\" \/>\n<meta name=\"robots\" content=\"index, follow, max-snippet:-1, max-image-preview:large, max-video-preview:-1\" \/>\n<link rel=\"canonical\" href=\"https:\/\/www.lebouquet.com\/fr\/blog\/\" \/>\n<meta property=\"og:locale\" content=\"fr_FR\" \/>\n<meta property=\"og:type\" content=\"article\" \/>\n<meta property=\"og:title\" content=\"Blog\" \/>\n<meta property=\"og:description\" content=\"Explorez le blog Le Bouquet pour des conseils d&#039;experts, des tendances florales et de l&#039;inspiration. D\u00e9couvrez des articles sur l&#039;entretien des fleurs, des id\u00e9es d&#039;arrangements et des mises \u00e0 jour de notre fleuriste de Montr\u00e9al.\" \/>\n<meta property=\"og:url\" content=\"https:\/\/www.lebouquet.com\/fr\/blog\/\" \/>\n<meta property=\"og:site_name\" content=\"Fleurs en Vrac Mtl\" \/>\n<meta property=\"article:publisher\" content=\"https:\/\/www.facebook.com\/LeBouquetMTL\/\" \/>\n<meta property=\"article:modified_time\" content=\"2025-12-22T13:03:18+00:00\" \/>\n<meta property=\"og:image\" content=\"https:\/\/fleursenvracmtl.com\/wp-content\/uploads\/2025\/12\/featured-image-1765807271-768x1365.jpeg\" \/>\n<meta name=\"twitter:card\" content=\"summary_large_image\" \/>\n<meta name=\"twitter:label1\" content=\"Dur\u00e9e de lecture estim\u00e9e\" \/>\n\t<meta name=\"twitter:data1\" content=\"1 minute\" \/>\n<script type=\"application\/ld+json\" class=\"yoast-schema-graph\">{\"@context\":\"https:\/\/schema.org\",\"@graph\":[{\"@type\":\"WebPage\",\"@id\":\"https:\/\/fleursenvracmtl.com\/en\/blog\/\",\"url\":\"https:\/\/www.lebouquet.com\/fr\/blog\/\",\"name\":\"Blogue | Conseils floraux, tendances et inspiration - Le Bouquet\",\"isPartOf\":{\"@id\":\"https:\/\/fleursenvracmtl.com\/en\/#website\"},\"primaryImageOfPage\":{\"@id\":\"https:\/\/www.lebouquet.com\/fr\/blog\/#primaryimage\"},\"image\":{\"@id\":\"https:\/\/www.lebouquet.com\/fr\/blog\/#primaryimage\"},\"thumbnailUrl\":\"https:\/\/fleursenvracmtl.com\/wp-content\/uploads\/2025\/12\/featured-image-1765807271-768x1365.jpeg\",\"datePublished\":\"2024-02-05T09:31:45+00:00\",\"dateModified\":\"2025-12-22T13:03:18+00:00\",\"description\":\"Explorez le blog Le Bouquet pour des conseils d'experts, des tendances florales et de l'inspiration. D\u00e9couvrez des articles sur l'entretien des fleurs, des id\u00e9es d'arrangements et des mises \u00e0 jour de notre fleuriste de Montr\u00e9al.\",\"breadcrumb\":{\"@id\":\"https:\/\/www.lebouquet.com\/fr\/blog\/#breadcrumb\"},\"inLanguage\":\"fr-FR\",\"potentialAction\":[{\"@type\":\"ReadAction\",\"target\":[\"https:\/\/www.lebouquet.com\/fr\/blog\/\"]}]},{\"@type\":\"ImageObject\",\"inLanguage\":\"fr-FR\",\"@id\":\"https:\/\/www.lebouquet.com\/fr\/blog\/#primaryimage\",\"url\":\"https:\/\/fleursenvracmtl.com\/wp-content\/uploads\/2025\/12\/featured-image-1765807271-768x1365.jpeg\",\"contentUrl\":\"https:\/\/fleursenvracmtl.com\/wp-content\/uploads\/2025\/12\/featured-image-1765807271-768x1365.jpeg\"},{\"@type\":\"BreadcrumbList\",\"@id\":\"https:\/\/www.lebouquet.com\/fr\/blog\/#breadcrumb\",\"itemListElement\":[{\"@type\":\"ListItem\",\"position\":1,\"name\":\"Home\",\"item\":\"https:\/\/fleursenvracmtl.com\/fr\/\"},{\"@type\":\"ListItem\",\"position\":2,\"name\":\"Blog\"}]},{\"@type\":\"WebSite\",\"@id\":\"https:\/\/fleursenvracmtl.com\/en\/#website\",\"url\":\"https:\/\/fleursenvracmtl.com\/en\/\",\"name\":\"Fleurs en Vrac MTL\",\"description\":\"Fleurs en Vrac Mtl - Bulk flower by Le Bouquet\",\"alternateName\":\"Fleurs en Vrac MTL\",\"potentialAction\":[{\"@type\":\"SearchAction\",\"target\":{\"@type\":\"EntryPoint\",\"urlTemplate\":\"https:\/\/fleursenvracmtl.com\/en\/?s={search_term_string}\"},\"query-input\":{\"@type\":\"PropertyValueSpecification\",\"valueRequired\":true,\"valueName\":\"search_term_string\"}}],\"inLanguage\":\"fr-FR\"}]}<\/script>\n<!-- \/ Yoast SEO Premium plugin. -->","yoast_head_json":{"title":"Blogue | Conseils floraux, tendances et inspiration - Le Bouquet","description":"Explorez le blog Le Bouquet pour des conseils d'experts, des tendances florales et de l'inspiration. D\u00e9couvrez des articles sur l'entretien des fleurs, des id\u00e9es d'arrangements et des mises \u00e0 jour de notre fleuriste de Montr\u00e9al.","robots":{"index":"index","follow":"follow","max-snippet":"max-snippet:-1","max-image-preview":"max-image-preview:large","max-video-preview":"max-video-preview:-1"},"canonical":"https:\/\/www.lebouquet.com\/fr\/blog\/","og_locale":"fr_FR","og_type":"article","og_title":"Blog","og_description":"Explorez le blog Le Bouquet pour des conseils d'experts, des tendances florales et de l'inspiration. D\u00e9couvrez des articles sur l'entretien des fleurs, des id\u00e9es d'arrangements et des mises \u00e0 jour de notre fleuriste de Montr\u00e9al.","og_url":"https:\/\/www.lebouquet.com\/fr\/blog\/","og_site_name":"Fleurs en Vrac Mtl","article_publisher":"https:\/\/www.facebook.com\/LeBouquetMTL\/","article_modified_time":"2025-12-22T13:03:18+00:00","og_image":[{"url":"https:\/\/fleursenvracmtl.com\/wp-content\/uploads\/2025\/12\/featured-image-1765807271-768x1365.jpeg","type":"","width":"","height":""}],"twitter_card":"summary_large_image","twitter_misc":{"Dur\u00e9e de lecture estim\u00e9e":"1 minute"},"schema":{"@context":"https:\/\/schema.org","@graph":[{"@type":"WebPage","@id":"https:\/\/fleursenvracmtl.com\/en\/blog\/","url":"https:\/\/www.lebouquet.com\/fr\/blog\/","name":"Blogue | Conseils floraux, tendances et inspiration - Le Bouquet","isPartOf":{"@id":"https:\/\/fleursenvracmtl.com\/en\/#website"},"primaryImageOfPage":{"@id":"https:\/\/www.lebouquet.com\/fr\/blog\/#primaryimage"},"image":{"@id":"https:\/\/www.lebouquet.com\/fr\/blog\/#primaryimage"},"thumbnailUrl":"https:\/\/fleursenvracmtl.com\/wp-content\/uploads\/2025\/12\/featured-image-1765807271-768x1365.jpeg","datePublished":"2024-02-05T09:31:45+00:00","dateModified":"2025-12-22T13:03:18+00:00","description":"Explorez le blog Le Bouquet pour des conseils d'experts, des tendances florales et de l'inspiration. D\u00e9couvrez des articles sur l'entretien des fleurs, des id\u00e9es d'arrangements et des mises \u00e0 jour de notre fleuriste de Montr\u00e9al.","breadcrumb":{"@id":"https:\/\/www.lebouquet.com\/fr\/blog\/#breadcrumb"},"inLanguage":"fr-FR","potentialAction":[{"@type":"ReadAction","target":["https:\/\/www.lebouquet.com\/fr\/blog\/"]}]},{"@type":"ImageObject","inLanguage":"fr-FR","@id":"https:\/\/www.lebouquet.com\/fr\/blog\/#primaryimage","url":"https:\/\/fleursenvracmtl.com\/wp-content\/uploads\/2025\/12\/featured-image-1765807271-768x1365.jpeg","contentUrl":"https:\/\/fleursenvracmtl.com\/wp-content\/uploads\/2025\/12\/featured-image-1765807271-768x1365.jpeg"},{"@type":"BreadcrumbList","@id":"https:\/\/www.lebouquet.com\/fr\/blog\/#breadcrumb","itemListElement":[{"@type":"ListItem","position":1,"name":"Home","item":"https:\/\/fleursenvracmtl.com\/fr\/"},{"@type":"ListItem","position":2,"name":"Blog"}]},{"@type":"WebSite","@id":"https:\/\/fleursenvracmtl.com\/en\/#website","url":"https:\/\/fleursenvracmtl.com\/en\/","name":"Fleurs en Vrac MTL","description":"Fleurs en Vrac Mtl - Bulk flower by Le Bouquet","alternateName":"Fleurs en Vrac MTL","potentialAction":[{"@type":"SearchAction","target":{"@type":"EntryPoint","urlTemplate":"https:\/\/fleursenvracmtl.com\/en\/?s={search_term_string}"},"query-input":{"@type":"PropertyValueSpecification","valueRequired":true,"valueName":"search_term_string"}}],"inLanguage":"fr-FR"}]}},"_links":{"self":[{"href":"https:\/\/fleursenvracmtl.com\/fr\/wp-json\/wp\/v2\/pages\/88048","targetHints":{"allow":["GET"]}}],"collection":[{"href":"https:\/\/fleursenvracmtl.com\/fr\/wp-json\/wp\/v2\/pages"}],"about":[{"href":"https:\/\/fleursenvracmtl.com\/fr\/wp-json\/wp\/v2\/types\/page"}],"author":[{"embeddable":true,"href":"https:\/\/fleursenvracmtl.com\/fr\/wp-json\/wp\/v2\/users\/1"}],"replies":[{"embeddable":true,"href":"https:\/\/fleursenvracmtl.com\/fr\/wp-json\/wp\/v2\/comments?post=88048"}],"version-history":[{"count":6,"href":"https:\/\/fleursenvracmtl.com\/fr\/wp-json\/wp\/v2\/pages\/88048\/revisions"}],"predecessor-version":[{"id":121024,"href":"https:\/\/fleursenvracmtl.com\/fr\/wp-json\/wp\/v2\/pages\/88048\/revisions\/121024"}],"wp:attachment":[{"href":"https:\/\/fleursenvracmtl.com\/fr\/wp-json\/wp\/v2\/media?parent=88048"}],"curies":[{"name":"wp","href":"https:\/\/api.w.org\/{rel}","templated":true}]}}