{"id":100227,"date":"2024-11-25T13:48:11","date_gmt":"2024-11-25T18:48:11","guid":{"rendered":"https:\/\/www.lebouquet.com\/pin-local\/"},"modified":"2025-11-14T13:19:03","modified_gmt":"2025-11-14T18:19:03","slug":"pin-locale","status":"publish","type":"product","link":"https:\/\/fleursenvracmtl.com\/fr\/pin-locale\/","title":{"rendered":"Pin Local"},"content":{"rendered":"<p>Le <strong>Pin Local<\/strong> est un feuillage frais et parfum\u00e9, parfait pour cr\u00e9er une ambiance saisonni\u00e8re dans vos arrangements floraux et d\u00e9corations de f\u00eates. Provenant de sources locales et respectueux de l\u2019environnement, ce pin luxuriant pr\u00e9sente des aiguilles douces et une teinte verte vibrante, id\u00e9al pour les couronnes, guirlandes, centres de table et bouquets. Son parfum naturel ajoute chaleur et esprit festif, en faisant un incontournable pour les cr\u00e9ations de No\u00ebl et d\u2019hiver. Utilis\u00e9 comme base ou accent, le Pin Local sublime chaque arrangement avec sa texture et sa polyvalence, apportant la beaut\u00e9 de la nature dans vos espaces.<\/p>\n","protected":false},"excerpt":{"rendered":"<p>Le Pin Local est un feuillage frais et parfum\u00e9, parfait pour cr\u00e9er une ambiance saisonni\u00e8re dans vos arrangements floraux et d\u00e9corations de f\u00eates. Provenant de sources locales et respectueux de l\u2019environnement, ce pin luxuriant pr\u00e9sente des aiguilles douces et une teinte verte vibrante, id\u00e9al pour les couronnes, guirlandes, centres de table et bouquets. Son parfum [&hellip;]<\/p>\n","protected":false},"featured_media":100218,"comment_status":"open","ping_status":"closed","template":"","meta":{"_acf_changed":false},"recipe":[],"product_brand":[],"product_cat":[18384,18061],"product_tag":[],"class_list":{"0":"post-100227","1":"product","2":"type-product","3":"status-publish","4":"has-post-thumbnail","6":"product_cat-fleurs-et-feuillages-de-noel","7":"product_cat-selection-des-fetes-en-vrac","9":"first","10":"instock","11":"shipping-taxable","12":"purchasable","13":"product-type-simple"},"acf":[],"yoast_head":"<!-- This site is optimized with the Yoast SEO Premium plugin v25.2 (Yoast SEO v26.2) - https:\/\/yoast.com\/wordpress\/plugins\/seo\/ -->\n<title>Pin Local - Feuillage Frais pour Arrangements de F\u00eates<\/title>\n<meta name=\"description\" content=\"Sublimez vos d\u00e9corations de f\u00eates avec le Pin Local. Vert vibrant et parfum\u00e9, il est parfait pour les couronnes, guirlandes et centres de table. Local et \u00e9co-responsable.\" \/>\n<meta name=\"robots\" content=\"index, follow, max-snippet:-1, max-image-preview:large, max-video-preview:-1\" \/>\n<link rel=\"canonical\" href=\"https:\/\/fleursenvracmtl.com\/fr\/pin-locale\/\" \/>\n<meta property=\"og:locale\" content=\"fr_FR\" \/>\n<meta property=\"og:type\" content=\"article\" \/>\n<meta property=\"og:title\" content=\"Pin Local\" \/>\n<meta property=\"og:description\" content=\"Sublimez vos d\u00e9corations de f\u00eates avec le Pin Local. Vert vibrant et parfum\u00e9, il est parfait pour les couronnes, guirlandes et centres de table. Local et \u00e9co-responsable.\" \/>\n<meta property=\"og:url\" content=\"https:\/\/fleursenvracmtl.com\/fr\/pin-locale\/\" \/>\n<meta property=\"og:site_name\" content=\"Fleurs en Vrac Mtl\" \/>\n<meta property=\"article:publisher\" content=\"https:\/\/www.facebook.com\/LeBouquetMTL\/\" \/>\n<meta property=\"article:modified_time\" content=\"2025-11-14T18:19:03+00:00\" \/>\n<meta property=\"og:image\" content=\"https:\/\/fleursenvracmtl.com\/wp-content\/uploads\/2024\/11\/Pin-local-2-C1200x1200.jpg\" \/>\n\t<meta property=\"og:image:width\" content=\"1200\" \/>\n\t<meta property=\"og:image:height\" content=\"1200\" \/>\n\t<meta property=\"og:image:type\" content=\"image\/jpeg\" \/>\n<meta name=\"twitter:card\" content=\"summary_large_image\" \/>\n<meta name=\"twitter:label1\" content=\"Prix\" \/>\n\t<meta name=\"twitter:data1\" content=\"&#036;0.00\" \/>\n\t<meta name=\"twitter:label2\" content=\"Disponibilit\u00e9\" \/>\n\t<meta name=\"twitter:data2\" content=\"En stock\" \/>\n<script type=\"application\/ld+json\" class=\"yoast-schema-graph\">{\"@context\":\"https:\/\/schema.org\",\"@graph\":[{\"@type\":\"WebPage\",\"@id\":\"https:\/\/fleursenvracmtl.com\/fr\/pin-locale\/\",\"url\":\"https:\/\/fleursenvracmtl.com\/fr\/pin-locale\/\",\"name\":\"Pin Local - Feuillage Frais pour Arrangements de F\u00eates\",\"isPartOf\":{\"@id\":\"https:\/\/fleursenvracmtl.com\/en\/#website\"},\"primaryImageOfPage\":{\"@id\":\"https:\/\/fleursenvracmtl.com\/fr\/pin-locale\/#primaryimage\"},\"image\":{\"@id\":\"https:\/\/fleursenvracmtl.com\/fr\/pin-locale\/#primaryimage\"},\"thumbnailUrl\":\"https:\/\/fleursenvracmtl.com\/wp-content\/uploads\/2024\/11\/Pin-local-2-C1200x1200.jpg\",\"datePublished\":\"2024-11-25T18:48:11+00:00\",\"dateModified\":\"2025-11-14T18:19:03+00:00\",\"description\":\"Sublimez vos d\u00e9corations de f\u00eates avec le Pin Local. Vert vibrant et parfum\u00e9, il est parfait pour les couronnes, guirlandes et centres de table. Local et \u00e9co-responsable.\",\"breadcrumb\":{\"@id\":\"https:\/\/fleursenvracmtl.com\/fr\/pin-locale\/#breadcrumb\"},\"inLanguage\":\"fr-FR\",\"potentialAction\":[{\"@type\":\"ReadAction\",\"target\":[\"https:\/\/fleursenvracmtl.com\/fr\/pin-locale\/\"]}]},{\"@type\":\"ImageObject\",\"inLanguage\":\"fr-FR\",\"@id\":\"https:\/\/fleursenvracmtl.com\/fr\/pin-locale\/#primaryimage\",\"url\":\"https:\/\/fleursenvracmtl.com\/wp-content\/uploads\/2024\/11\/Pin-local-2-C1200x1200.jpg\",\"contentUrl\":\"https:\/\/fleursenvracmtl.com\/wp-content\/uploads\/2024\/11\/Pin-local-2-C1200x1200.jpg\",\"width\":1200,\"height\":1200,\"caption\":\"Pin Local\"},{\"@type\":\"BreadcrumbList\",\"@id\":\"https:\/\/fleursenvracmtl.com\/fr\/pin-locale\/#breadcrumb\",\"itemListElement\":[{\"@type\":\"ListItem\",\"position\":1,\"name\":\"Home\",\"item\":\"https:\/\/fleursenvracmtl.com\/fr\/\"},{\"@type\":\"ListItem\",\"position\":2,\"name\":\"Shop\",\"item\":\"https:\/\/fleursenvracmtl.com\/en\/shop\/\"},{\"@type\":\"ListItem\",\"position\":3,\"name\":\"Pin Local\"}]},{\"@type\":\"WebSite\",\"@id\":\"https:\/\/fleursenvracmtl.com\/en\/#website\",\"url\":\"https:\/\/fleursenvracmtl.com\/en\/\",\"name\":\"Fleurs en Vrac MTL\",\"description\":\"Fleurs en Vrac Mtl - Bulk flower by Le Bouquet\",\"alternateName\":\"Fleurs en Vrac MTL\",\"potentialAction\":[{\"@type\":\"SearchAction\",\"target\":{\"@type\":\"EntryPoint\",\"urlTemplate\":\"https:\/\/fleursenvracmtl.com\/en\/?s={search_term_string}\"},\"query-input\":{\"@type\":\"PropertyValueSpecification\",\"valueRequired\":true,\"valueName\":\"search_term_string\"}}],\"inLanguage\":\"fr-FR\"}]}<\/script>\n<meta property=\"product:price:amount\" content=\"0.00\" \/>\n<meta property=\"product:price:currency\" content=\"CAD\" \/>\n<meta property=\"og:availability\" content=\"instock\" \/>\n<meta property=\"product:availability\" content=\"instock\" \/>\n<meta property=\"product:condition\" content=\"new\" \/>\n<!-- \/ Yoast SEO Premium plugin. -->","yoast_head_json":{"title":"Pin Local - Feuillage Frais pour Arrangements de F\u00eates","description":"Sublimez vos d\u00e9corations de f\u00eates avec le Pin Local. Vert vibrant et parfum\u00e9, il est parfait pour les couronnes, guirlandes et centres de table. Local et \u00e9co-responsable.","robots":{"index":"index","follow":"follow","max-snippet":"max-snippet:-1","max-image-preview":"max-image-preview:large","max-video-preview":"max-video-preview:-1"},"canonical":"https:\/\/fleursenvracmtl.com\/fr\/pin-locale\/","og_locale":"fr_FR","og_type":"article","og_title":"Pin Local","og_description":"Sublimez vos d\u00e9corations de f\u00eates avec le Pin Local. Vert vibrant et parfum\u00e9, il est parfait pour les couronnes, guirlandes et centres de table. Local et \u00e9co-responsable.","og_url":"https:\/\/fleursenvracmtl.com\/fr\/pin-locale\/","og_site_name":"Fleurs en Vrac Mtl","article_publisher":"https:\/\/www.facebook.com\/LeBouquetMTL\/","article_modified_time":"2025-11-14T18:19:03+00:00","og_image":[{"width":1200,"height":1200,"url":"https:\/\/fleursenvracmtl.com\/wp-content\/uploads\/2024\/11\/Pin-local-2-C1200x1200.jpg","type":"image\/jpeg"}],"twitter_card":"summary_large_image","twitter_misc":{"Prix":"&#36;0.00","Disponibilit\u00e9":"En stock"},"schema":{"@context":"https:\/\/schema.org","@graph":[{"@type":"WebPage","@id":"https:\/\/fleursenvracmtl.com\/fr\/pin-locale\/","url":"https:\/\/fleursenvracmtl.com\/fr\/pin-locale\/","name":"Pin Local - Feuillage Frais pour Arrangements de F\u00eates","isPartOf":{"@id":"https:\/\/fleursenvracmtl.com\/en\/#website"},"primaryImageOfPage":{"@id":"https:\/\/fleursenvracmtl.com\/fr\/pin-locale\/#primaryimage"},"image":{"@id":"https:\/\/fleursenvracmtl.com\/fr\/pin-locale\/#primaryimage"},"thumbnailUrl":"https:\/\/fleursenvracmtl.com\/wp-content\/uploads\/2024\/11\/Pin-local-2-C1200x1200.jpg","datePublished":"2024-11-25T18:48:11+00:00","dateModified":"2025-11-14T18:19:03+00:00","description":"Sublimez vos d\u00e9corations de f\u00eates avec le Pin Local. Vert vibrant et parfum\u00e9, il est parfait pour les couronnes, guirlandes et centres de table. Local et \u00e9co-responsable.","breadcrumb":{"@id":"https:\/\/fleursenvracmtl.com\/fr\/pin-locale\/#breadcrumb"},"inLanguage":"fr-FR","potentialAction":[{"@type":"ReadAction","target":["https:\/\/fleursenvracmtl.com\/fr\/pin-locale\/"]}]},{"@type":"ImageObject","inLanguage":"fr-FR","@id":"https:\/\/fleursenvracmtl.com\/fr\/pin-locale\/#primaryimage","url":"https:\/\/fleursenvracmtl.com\/wp-content\/uploads\/2024\/11\/Pin-local-2-C1200x1200.jpg","contentUrl":"https:\/\/fleursenvracmtl.com\/wp-content\/uploads\/2024\/11\/Pin-local-2-C1200x1200.jpg","width":1200,"height":1200,"caption":"Pin Local"},{"@type":"BreadcrumbList","@id":"https:\/\/fleursenvracmtl.com\/fr\/pin-locale\/#breadcrumb","itemListElement":[{"@type":"ListItem","position":1,"name":"Home","item":"https:\/\/fleursenvracmtl.com\/fr\/"},{"@type":"ListItem","position":2,"name":"Shop","item":"https:\/\/fleursenvracmtl.com\/en\/shop\/"},{"@type":"ListItem","position":3,"name":"Pin Local"}]},{"@type":"WebSite","@id":"https:\/\/fleursenvracmtl.com\/en\/#website","url":"https:\/\/fleursenvracmtl.com\/en\/","name":"Fleurs en Vrac MTL","description":"Fleurs en Vrac Mtl - Bulk flower by Le Bouquet","alternateName":"Fleurs en Vrac MTL","potentialAction":[{"@type":"SearchAction","target":{"@type":"EntryPoint","urlTemplate":"https:\/\/fleursenvracmtl.com\/en\/?s={search_term_string}"},"query-input":{"@type":"PropertyValueSpecification","valueRequired":true,"valueName":"search_term_string"}}],"inLanguage":"fr-FR"}]},"product_price_amount":"0.00","product_price_currency":"CAD","og_availability":"instock","product_availability":"instock","product_condition":"new"},"_links":{"self":[{"href":"https:\/\/fleursenvracmtl.com\/fr\/wp-json\/wp\/v2\/product\/100227","targetHints":{"allow":["GET"]}}],"collection":[{"href":"https:\/\/fleursenvracmtl.com\/fr\/wp-json\/wp\/v2\/product"}],"about":[{"href":"https:\/\/fleursenvracmtl.com\/fr\/wp-json\/wp\/v2\/types\/product"}],"replies":[{"embeddable":true,"href":"https:\/\/fleursenvracmtl.com\/fr\/wp-json\/wp\/v2\/comments?post=100227"}],"wp:featuredmedia":[{"embeddable":true,"href":"https:\/\/fleursenvracmtl.com\/fr\/wp-json\/wp\/v2\/media\/100218"}],"wp:attachment":[{"href":"https:\/\/fleursenvracmtl.com\/fr\/wp-json\/wp\/v2\/media?parent=100227"}],"wp:term":[{"taxonomy":"recipe","embeddable":true,"href":"https:\/\/fleursenvracmtl.com\/fr\/wp-json\/wp\/v2\/recipe?post=100227"},{"taxonomy":"product_brand","embeddable":true,"href":"https:\/\/fleursenvracmtl.com\/fr\/wp-json\/wp\/v2\/product_brand?post=100227"},{"taxonomy":"product_cat","embeddable":true,"href":"https:\/\/fleursenvracmtl.com\/fr\/wp-json\/wp\/v2\/product_cat?post=100227"},{"taxonomy":"product_tag","embeddable":true,"href":"https:\/\/fleursenvracmtl.com\/fr\/wp-json\/wp\/v2\/product_tag?post=100227"}],"curies":[{"name":"wp","href":"https:\/\/api.w.org\/{rel}","templated":true}]}}