{"id":100236,"date":"2024-11-25T14:00:00","date_gmt":"2024-11-25T19:00:00","guid":{"rendered":"https:\/\/www.lebouquet.com\/spruce-local\/"},"modified":"2025-11-14T13:28:09","modified_gmt":"2025-11-14T18:28:09","slug":"spruce-local","status":"publish","type":"product","link":"https:\/\/fleursenvracmtl.com\/fr\/spruce-local\/","title":{"rendered":"Spruce Local"},"content":{"rendered":"<p>Le <strong>Spruce Local <\/strong>est un feuillage de qualit\u00e9 sup\u00e9rieure qui apporte un charme naturel et festif \u00e0 vos arrangements floraux et d\u00e9corations saisonni\u00e8res. Avec ses aiguilles vertes riches et son parfum frais de pin, ce sapin local est id\u00e9al pour les couronnes, guirlandes, centres de table et bouquets de f\u00eates. R\u00e9put\u00e9 pour sa durabilit\u00e9 et sa densit\u00e9, le Spruce Local offre un aspect luxuriant et vibrant tout en soutenant des pratiques \u00e9coresponsables. Utilis\u00e9 comme feuillage principal ou accent, il sublime vos cr\u00e9ations avec sa texture, sa couleur et son parfum. Ajoutez une touche naturelle \u00e0 vos c\u00e9l\u00e9brations de No\u00ebl avec le Spruce Local.<\/p>\n","protected":false},"excerpt":{"rendered":"<p>Le Spruce Local est un feuillage de qualit\u00e9 sup\u00e9rieure qui apporte un charme naturel et festif \u00e0 vos arrangements floraux et d\u00e9corations saisonni\u00e8res. Avec ses aiguilles vertes riches et son parfum frais de pin, ce sapin local est id\u00e9al pour les couronnes, guirlandes, centres de table et bouquets de f\u00eates. R\u00e9put\u00e9 pour sa durabilit\u00e9 et [&hellip;]<\/p>\n","protected":false},"featured_media":100229,"comment_status":"open","ping_status":"closed","template":"","meta":{"_acf_changed":false},"recipe":[],"product_brand":[],"product_cat":[18384,18061],"product_tag":[],"class_list":{"0":"post-100236","1":"product","2":"type-product","3":"status-publish","4":"has-post-thumbnail","6":"product_cat-fleurs-et-feuillages-de-noel","7":"product_cat-selection-des-fetes-en-vrac","9":"first","10":"instock","11":"shipping-taxable","12":"purchasable","13":"product-type-simple"},"acf":[],"yoast_head":"<!-- This site is optimized with the Yoast SEO Premium plugin v25.2 (Yoast SEO v26.2) - https:\/\/yoast.com\/wordpress\/plugins\/seo\/ -->\n<title>Spruce Local - Feuillage Frais pour D\u00e9corations de F\u00eates<\/title>\n<meta name=\"description\" content=\"Sublimez vos d\u00e9corations de f\u00eates avec le Spruce Local. Sourcing local, vert vibrant et parfum\u00e9, parfait pour les couronnes, guirlandes et centres de table.\" \/>\n<meta name=\"robots\" content=\"index, follow, max-snippet:-1, max-image-preview:large, max-video-preview:-1\" \/>\n<link rel=\"canonical\" href=\"https:\/\/fleursenvracmtl.com\/fr\/spruce-local\/\" \/>\n<meta property=\"og:locale\" content=\"fr_FR\" \/>\n<meta property=\"og:type\" content=\"article\" \/>\n<meta property=\"og:title\" content=\"Spruce Local\" \/>\n<meta property=\"og:description\" content=\"Sublimez vos d\u00e9corations de f\u00eates avec le Spruce Local. Sourcing local, vert vibrant et parfum\u00e9, parfait pour les couronnes, guirlandes et centres de table.\" \/>\n<meta property=\"og:url\" content=\"https:\/\/fleursenvracmtl.com\/fr\/spruce-local\/\" \/>\n<meta property=\"og:site_name\" content=\"Fleurs en Vrac Mtl\" \/>\n<meta property=\"article:publisher\" content=\"https:\/\/www.facebook.com\/LeBouquetMTL\/\" \/>\n<meta property=\"article:modified_time\" content=\"2025-11-14T18:28:09+00:00\" \/>\n<meta property=\"og:image\" content=\"https:\/\/fleursenvracmtl.com\/wp-content\/uploads\/2024\/11\/Spruce-local-2-C1200x1200.jpg\" \/>\n\t<meta property=\"og:image:width\" content=\"1200\" \/>\n\t<meta property=\"og:image:height\" content=\"1200\" \/>\n\t<meta property=\"og:image:type\" content=\"image\/jpeg\" \/>\n<meta name=\"twitter:card\" content=\"summary_large_image\" \/>\n<meta name=\"twitter:label1\" content=\"Prix\" \/>\n\t<meta name=\"twitter:data1\" content=\"&#036;0.00\" \/>\n\t<meta name=\"twitter:label2\" content=\"Disponibilit\u00e9\" \/>\n\t<meta name=\"twitter:data2\" content=\"En stock\" \/>\n<script type=\"application\/ld+json\" class=\"yoast-schema-graph\">{\"@context\":\"https:\/\/schema.org\",\"@graph\":[{\"@type\":\"WebPage\",\"@id\":\"https:\/\/fleursenvracmtl.com\/fr\/spruce-local\/\",\"url\":\"https:\/\/fleursenvracmtl.com\/fr\/spruce-local\/\",\"name\":\"Spruce Local - Feuillage Frais pour D\u00e9corations de F\u00eates\",\"isPartOf\":{\"@id\":\"https:\/\/fleursenvracmtl.com\/en\/#website\"},\"primaryImageOfPage\":{\"@id\":\"https:\/\/fleursenvracmtl.com\/fr\/spruce-local\/#primaryimage\"},\"image\":{\"@id\":\"https:\/\/fleursenvracmtl.com\/fr\/spruce-local\/#primaryimage\"},\"thumbnailUrl\":\"https:\/\/fleursenvracmtl.com\/wp-content\/uploads\/2024\/11\/Spruce-local-2-C1200x1200.jpg\",\"datePublished\":\"2024-11-25T19:00:00+00:00\",\"dateModified\":\"2025-11-14T18:28:09+00:00\",\"description\":\"Sublimez vos d\u00e9corations de f\u00eates avec le Spruce Local. Sourcing local, vert vibrant et parfum\u00e9, parfait pour les couronnes, guirlandes et centres de table.\",\"breadcrumb\":{\"@id\":\"https:\/\/fleursenvracmtl.com\/fr\/spruce-local\/#breadcrumb\"},\"inLanguage\":\"fr-FR\",\"potentialAction\":[{\"@type\":\"ReadAction\",\"target\":[\"https:\/\/fleursenvracmtl.com\/fr\/spruce-local\/\"]}]},{\"@type\":\"ImageObject\",\"inLanguage\":\"fr-FR\",\"@id\":\"https:\/\/fleursenvracmtl.com\/fr\/spruce-local\/#primaryimage\",\"url\":\"https:\/\/fleursenvracmtl.com\/wp-content\/uploads\/2024\/11\/Spruce-local-2-C1200x1200.jpg\",\"contentUrl\":\"https:\/\/fleursenvracmtl.com\/wp-content\/uploads\/2024\/11\/Spruce-local-2-C1200x1200.jpg\",\"width\":1200,\"height\":1200,\"caption\":\"Spruce\"},{\"@type\":\"BreadcrumbList\",\"@id\":\"https:\/\/fleursenvracmtl.com\/fr\/spruce-local\/#breadcrumb\",\"itemListElement\":[{\"@type\":\"ListItem\",\"position\":1,\"name\":\"Home\",\"item\":\"https:\/\/fleursenvracmtl.com\/fr\/\"},{\"@type\":\"ListItem\",\"position\":2,\"name\":\"Shop\",\"item\":\"https:\/\/fleursenvracmtl.com\/en\/shop\/\"},{\"@type\":\"ListItem\",\"position\":3,\"name\":\"Spruce Local\"}]},{\"@type\":\"WebSite\",\"@id\":\"https:\/\/fleursenvracmtl.com\/en\/#website\",\"url\":\"https:\/\/fleursenvracmtl.com\/en\/\",\"name\":\"Fleurs en Vrac MTL\",\"description\":\"Fleurs en Vrac Mtl - Bulk flower by Le Bouquet\",\"alternateName\":\"Fleurs en Vrac MTL\",\"potentialAction\":[{\"@type\":\"SearchAction\",\"target\":{\"@type\":\"EntryPoint\",\"urlTemplate\":\"https:\/\/fleursenvracmtl.com\/en\/?s={search_term_string}\"},\"query-input\":{\"@type\":\"PropertyValueSpecification\",\"valueRequired\":true,\"valueName\":\"search_term_string\"}}],\"inLanguage\":\"fr-FR\"}]}<\/script>\n<meta property=\"product:price:amount\" content=\"0.00\" \/>\n<meta property=\"product:price:currency\" content=\"CAD\" \/>\n<meta property=\"og:availability\" content=\"instock\" \/>\n<meta property=\"product:availability\" content=\"instock\" \/>\n<meta property=\"product:condition\" content=\"new\" \/>\n<!-- \/ Yoast SEO Premium plugin. -->","yoast_head_json":{"title":"Spruce Local - Feuillage Frais pour D\u00e9corations de F\u00eates","description":"Sublimez vos d\u00e9corations de f\u00eates avec le Spruce Local. Sourcing local, vert vibrant et parfum\u00e9, parfait pour les couronnes, guirlandes et centres de table.","robots":{"index":"index","follow":"follow","max-snippet":"max-snippet:-1","max-image-preview":"max-image-preview:large","max-video-preview":"max-video-preview:-1"},"canonical":"https:\/\/fleursenvracmtl.com\/fr\/spruce-local\/","og_locale":"fr_FR","og_type":"article","og_title":"Spruce Local","og_description":"Sublimez vos d\u00e9corations de f\u00eates avec le Spruce Local. Sourcing local, vert vibrant et parfum\u00e9, parfait pour les couronnes, guirlandes et centres de table.","og_url":"https:\/\/fleursenvracmtl.com\/fr\/spruce-local\/","og_site_name":"Fleurs en Vrac Mtl","article_publisher":"https:\/\/www.facebook.com\/LeBouquetMTL\/","article_modified_time":"2025-11-14T18:28:09+00:00","og_image":[{"width":1200,"height":1200,"url":"https:\/\/fleursenvracmtl.com\/wp-content\/uploads\/2024\/11\/Spruce-local-2-C1200x1200.jpg","type":"image\/jpeg"}],"twitter_card":"summary_large_image","twitter_misc":{"Prix":"&#36;0.00","Disponibilit\u00e9":"En stock"},"schema":{"@context":"https:\/\/schema.org","@graph":[{"@type":"WebPage","@id":"https:\/\/fleursenvracmtl.com\/fr\/spruce-local\/","url":"https:\/\/fleursenvracmtl.com\/fr\/spruce-local\/","name":"Spruce Local - Feuillage Frais pour D\u00e9corations de F\u00eates","isPartOf":{"@id":"https:\/\/fleursenvracmtl.com\/en\/#website"},"primaryImageOfPage":{"@id":"https:\/\/fleursenvracmtl.com\/fr\/spruce-local\/#primaryimage"},"image":{"@id":"https:\/\/fleursenvracmtl.com\/fr\/spruce-local\/#primaryimage"},"thumbnailUrl":"https:\/\/fleursenvracmtl.com\/wp-content\/uploads\/2024\/11\/Spruce-local-2-C1200x1200.jpg","datePublished":"2024-11-25T19:00:00+00:00","dateModified":"2025-11-14T18:28:09+00:00","description":"Sublimez vos d\u00e9corations de f\u00eates avec le Spruce Local. Sourcing local, vert vibrant et parfum\u00e9, parfait pour les couronnes, guirlandes et centres de table.","breadcrumb":{"@id":"https:\/\/fleursenvracmtl.com\/fr\/spruce-local\/#breadcrumb"},"inLanguage":"fr-FR","potentialAction":[{"@type":"ReadAction","target":["https:\/\/fleursenvracmtl.com\/fr\/spruce-local\/"]}]},{"@type":"ImageObject","inLanguage":"fr-FR","@id":"https:\/\/fleursenvracmtl.com\/fr\/spruce-local\/#primaryimage","url":"https:\/\/fleursenvracmtl.com\/wp-content\/uploads\/2024\/11\/Spruce-local-2-C1200x1200.jpg","contentUrl":"https:\/\/fleursenvracmtl.com\/wp-content\/uploads\/2024\/11\/Spruce-local-2-C1200x1200.jpg","width":1200,"height":1200,"caption":"Spruce"},{"@type":"BreadcrumbList","@id":"https:\/\/fleursenvracmtl.com\/fr\/spruce-local\/#breadcrumb","itemListElement":[{"@type":"ListItem","position":1,"name":"Home","item":"https:\/\/fleursenvracmtl.com\/fr\/"},{"@type":"ListItem","position":2,"name":"Shop","item":"https:\/\/fleursenvracmtl.com\/en\/shop\/"},{"@type":"ListItem","position":3,"name":"Spruce Local"}]},{"@type":"WebSite","@id":"https:\/\/fleursenvracmtl.com\/en\/#website","url":"https:\/\/fleursenvracmtl.com\/en\/","name":"Fleurs en Vrac MTL","description":"Fleurs en Vrac Mtl - Bulk flower by Le Bouquet","alternateName":"Fleurs en Vrac MTL","potentialAction":[{"@type":"SearchAction","target":{"@type":"EntryPoint","urlTemplate":"https:\/\/fleursenvracmtl.com\/en\/?s={search_term_string}"},"query-input":{"@type":"PropertyValueSpecification","valueRequired":true,"valueName":"search_term_string"}}],"inLanguage":"fr-FR"}]},"product_price_amount":"0.00","product_price_currency":"CAD","og_availability":"instock","product_availability":"instock","product_condition":"new"},"_links":{"self":[{"href":"https:\/\/fleursenvracmtl.com\/fr\/wp-json\/wp\/v2\/product\/100236","targetHints":{"allow":["GET"]}}],"collection":[{"href":"https:\/\/fleursenvracmtl.com\/fr\/wp-json\/wp\/v2\/product"}],"about":[{"href":"https:\/\/fleursenvracmtl.com\/fr\/wp-json\/wp\/v2\/types\/product"}],"replies":[{"embeddable":true,"href":"https:\/\/fleursenvracmtl.com\/fr\/wp-json\/wp\/v2\/comments?post=100236"}],"wp:featuredmedia":[{"embeddable":true,"href":"https:\/\/fleursenvracmtl.com\/fr\/wp-json\/wp\/v2\/media\/100229"}],"wp:attachment":[{"href":"https:\/\/fleursenvracmtl.com\/fr\/wp-json\/wp\/v2\/media?parent=100236"}],"wp:term":[{"taxonomy":"recipe","embeddable":true,"href":"https:\/\/fleursenvracmtl.com\/fr\/wp-json\/wp\/v2\/recipe?post=100236"},{"taxonomy":"product_brand","embeddable":true,"href":"https:\/\/fleursenvracmtl.com\/fr\/wp-json\/wp\/v2\/product_brand?post=100236"},{"taxonomy":"product_cat","embeddable":true,"href":"https:\/\/fleursenvracmtl.com\/fr\/wp-json\/wp\/v2\/product_cat?post=100236"},{"taxonomy":"product_tag","embeddable":true,"href":"https:\/\/fleursenvracmtl.com\/fr\/wp-json\/wp\/v2\/product_tag?post=100236"}],"curies":[{"name":"wp","href":"https:\/\/api.w.org\/{rel}","templated":true}]}}