{"id":101083,"date":"2024-12-07T10:15:43","date_gmt":"2024-12-07T15:15:43","guid":{"rendered":"https:\/\/www.lebouquet.com\/noble-fir\/"},"modified":"2025-11-14T13:10:09","modified_gmt":"2025-11-14T18:10:09","slug":"sapin-noble","status":"publish","type":"product","link":"https:\/\/fleursenvracmtl.com\/fr\/sapin-noble\/","title":{"rendered":"Sapin Noble"},"content":{"rendered":"<p>Notre <strong>Sapin Noble<\/strong> en vrac, provenant localement des riches for\u00eats de Colombie-Britannique, est disponible en pratiques lots de 2 lb. Ce feuillage haut de gamme est r\u00e9put\u00e9 pour ses branches douces et pleines, sa teinte vert-bleu luxuriante et son parfum frais de conif\u00e8re. Id\u00e9al pour la cr\u00e9ation de couronnes, guirlandes, centres de table et autres designs floraux festifs, le <strong>Sapin Noble<\/strong> ajoute une beaut\u00e9 naturelle et une \u00e9l\u00e9gance \u00e0 toute d\u00e9coration de f\u00eates. R\u00e9colt\u00e9 localement avec soin, il offre une fra\u00eecheur durable, en faisant un choix parfait pour les fleuristes professionnels, d\u00e9corateurs et amateurs de bricolage soucieux de durabilit\u00e9 et de qualit\u00e9. Apportez le charme immacul\u00e9 des for\u00eats de C.-B. dans votre maison cette saison.<\/p>\n","protected":false},"excerpt":{"rendered":"<p>Notre Sapin Noble en vrac, provenant localement des riches for\u00eats de Colombie-Britannique, est disponible en pratiques lots de 2 lb. Ce feuillage haut de gamme est r\u00e9put\u00e9 pour ses branches douces et pleines, sa teinte vert-bleu luxuriante et son parfum frais de conif\u00e8re. Id\u00e9al pour la cr\u00e9ation de couronnes, guirlandes, centres de table et autres [&hellip;]<\/p>\n","protected":false},"featured_media":101068,"comment_status":"open","ping_status":"closed","template":"","meta":{"_acf_changed":false},"recipe":[],"product_brand":[],"product_cat":[18384,18061],"product_tag":[],"class_list":{"0":"post-101083","1":"product","2":"type-product","3":"status-publish","4":"has-post-thumbnail","6":"product_cat-fleurs-et-feuillages-de-noel","7":"product_cat-selection-des-fetes-en-vrac","9":"first","10":"instock","11":"shipping-taxable","12":"purchasable","13":"product-type-simple"},"acf":[],"yoast_head":"<!-- This site is optimized with the Yoast SEO Premium plugin v25.2 (Yoast SEO v26.2) - https:\/\/yoast.com\/wordpress\/plugins\/seo\/ -->\n<title>Sapin Noble en Vrac - Feuillage Local de C.-B. en Lots de 2 lb<\/title>\n<meta name=\"description\" content=\"Provenant des for\u00eats de Colombie-Britannique, notre Sapin Noble en lots de 2 lb est id\u00e9al pour les couronnes, guirlandes et centres de table. Feuillage frais, parfum\u00e9 et durable pour vos cr\u00e9ations festives.\" \/>\n<meta name=\"robots\" content=\"index, follow, max-snippet:-1, max-image-preview:large, max-video-preview:-1\" \/>\n<link rel=\"canonical\" href=\"https:\/\/fleursenvracmtl.com\/fr\/sapin-noble\/\" \/>\n<meta property=\"og:locale\" content=\"fr_FR\" \/>\n<meta property=\"og:type\" content=\"article\" \/>\n<meta property=\"og:title\" content=\"Sapin Noble\" \/>\n<meta property=\"og:description\" content=\"Provenant des for\u00eats de Colombie-Britannique, notre Sapin Noble en lots de 2 lb est id\u00e9al pour les couronnes, guirlandes et centres de table. Feuillage frais, parfum\u00e9 et durable pour vos cr\u00e9ations festives.\" \/>\n<meta property=\"og:url\" content=\"https:\/\/fleursenvracmtl.com\/fr\/sapin-noble\/\" \/>\n<meta property=\"og:site_name\" content=\"Fleurs en Vrac Mtl\" \/>\n<meta property=\"article:publisher\" content=\"https:\/\/www.facebook.com\/LeBouquetMTL\/\" \/>\n<meta property=\"article:modified_time\" content=\"2025-11-14T18:10:09+00:00\" \/>\n<meta property=\"og:image\" content=\"https:\/\/fleursenvracmtl.com\/wp-content\/uploads\/2024\/12\/NOB-FIRT-Nobile-Fir-2lbs-2.jpg\" \/>\n\t<meta property=\"og:image:width\" content=\"1200\" \/>\n\t<meta property=\"og:image:height\" content=\"1200\" \/>\n\t<meta property=\"og:image:type\" content=\"image\/jpeg\" \/>\n<meta name=\"twitter:card\" content=\"summary_large_image\" \/>\n<meta name=\"twitter:label1\" content=\"Prix\" \/>\n\t<meta name=\"twitter:data1\" content=\"&#036;0.00\" \/>\n\t<meta name=\"twitter:label2\" content=\"Disponibilit\u00e9\" \/>\n\t<meta name=\"twitter:data2\" content=\"En stock\" \/>\n<script type=\"application\/ld+json\" class=\"yoast-schema-graph\">{\"@context\":\"https:\/\/schema.org\",\"@graph\":[{\"@type\":\"WebPage\",\"@id\":\"https:\/\/fleursenvracmtl.com\/fr\/sapin-noble\/\",\"url\":\"https:\/\/fleursenvracmtl.com\/fr\/sapin-noble\/\",\"name\":\"Sapin Noble en Vrac - Feuillage Local de C.-B. en Lots de 2 lb\",\"isPartOf\":{\"@id\":\"https:\/\/fleursenvracmtl.com\/en\/#website\"},\"primaryImageOfPage\":{\"@id\":\"https:\/\/fleursenvracmtl.com\/fr\/sapin-noble\/#primaryimage\"},\"image\":{\"@id\":\"https:\/\/fleursenvracmtl.com\/fr\/sapin-noble\/#primaryimage\"},\"thumbnailUrl\":\"https:\/\/fleursenvracmtl.com\/wp-content\/uploads\/2024\/12\/NOB-FIRT-Nobile-Fir-2lbs-2.jpg\",\"datePublished\":\"2024-12-07T15:15:43+00:00\",\"dateModified\":\"2025-11-14T18:10:09+00:00\",\"description\":\"Provenant des for\u00eats de Colombie-Britannique, notre Sapin Noble en lots de 2 lb est id\u00e9al pour les couronnes, guirlandes et centres de table. Feuillage frais, parfum\u00e9 et durable pour vos cr\u00e9ations festives.\",\"breadcrumb\":{\"@id\":\"https:\/\/fleursenvracmtl.com\/fr\/sapin-noble\/#breadcrumb\"},\"inLanguage\":\"fr-FR\",\"potentialAction\":[{\"@type\":\"ReadAction\",\"target\":[\"https:\/\/fleursenvracmtl.com\/fr\/sapin-noble\/\"]}]},{\"@type\":\"ImageObject\",\"inLanguage\":\"fr-FR\",\"@id\":\"https:\/\/fleursenvracmtl.com\/fr\/sapin-noble\/#primaryimage\",\"url\":\"https:\/\/fleursenvracmtl.com\/wp-content\/uploads\/2024\/12\/NOB-FIRT-Nobile-Fir-2lbs-2.jpg\",\"contentUrl\":\"https:\/\/fleursenvracmtl.com\/wp-content\/uploads\/2024\/12\/NOB-FIRT-Nobile-Fir-2lbs-2.jpg\",\"width\":1200,\"height\":1200,\"caption\":\"Noble Fir\"},{\"@type\":\"BreadcrumbList\",\"@id\":\"https:\/\/fleursenvracmtl.com\/fr\/sapin-noble\/#breadcrumb\",\"itemListElement\":[{\"@type\":\"ListItem\",\"position\":1,\"name\":\"Home\",\"item\":\"https:\/\/fleursenvracmtl.com\/fr\/\"},{\"@type\":\"ListItem\",\"position\":2,\"name\":\"Shop\",\"item\":\"https:\/\/fleursenvracmtl.com\/en\/shop\/\"},{\"@type\":\"ListItem\",\"position\":3,\"name\":\"Sapin Noble\"}]},{\"@type\":\"WebSite\",\"@id\":\"https:\/\/fleursenvracmtl.com\/en\/#website\",\"url\":\"https:\/\/fleursenvracmtl.com\/en\/\",\"name\":\"Fleurs en Vrac MTL\",\"description\":\"Fleurs en Vrac Mtl - Bulk flower by Le Bouquet\",\"alternateName\":\"Fleurs en Vrac MTL\",\"potentialAction\":[{\"@type\":\"SearchAction\",\"target\":{\"@type\":\"EntryPoint\",\"urlTemplate\":\"https:\/\/fleursenvracmtl.com\/en\/?s={search_term_string}\"},\"query-input\":{\"@type\":\"PropertyValueSpecification\",\"valueRequired\":true,\"valueName\":\"search_term_string\"}}],\"inLanguage\":\"fr-FR\"}]}<\/script>\n<meta property=\"product:price:amount\" content=\"0.00\" \/>\n<meta property=\"product:price:currency\" content=\"CAD\" \/>\n<meta property=\"og:availability\" content=\"instock\" \/>\n<meta property=\"product:availability\" content=\"instock\" \/>\n<meta property=\"product:condition\" content=\"new\" \/>\n<!-- \/ Yoast SEO Premium plugin. -->","yoast_head_json":{"title":"Sapin Noble en Vrac - Feuillage Local de C.-B. en Lots de 2 lb","description":"Provenant des for\u00eats de Colombie-Britannique, notre Sapin Noble en lots de 2 lb est id\u00e9al pour les couronnes, guirlandes et centres de table. Feuillage frais, parfum\u00e9 et durable pour vos cr\u00e9ations festives.","robots":{"index":"index","follow":"follow","max-snippet":"max-snippet:-1","max-image-preview":"max-image-preview:large","max-video-preview":"max-video-preview:-1"},"canonical":"https:\/\/fleursenvracmtl.com\/fr\/sapin-noble\/","og_locale":"fr_FR","og_type":"article","og_title":"Sapin Noble","og_description":"Provenant des for\u00eats de Colombie-Britannique, notre Sapin Noble en lots de 2 lb est id\u00e9al pour les couronnes, guirlandes et centres de table. Feuillage frais, parfum\u00e9 et durable pour vos cr\u00e9ations festives.","og_url":"https:\/\/fleursenvracmtl.com\/fr\/sapin-noble\/","og_site_name":"Fleurs en Vrac Mtl","article_publisher":"https:\/\/www.facebook.com\/LeBouquetMTL\/","article_modified_time":"2025-11-14T18:10:09+00:00","og_image":[{"width":1200,"height":1200,"url":"https:\/\/fleursenvracmtl.com\/wp-content\/uploads\/2024\/12\/NOB-FIRT-Nobile-Fir-2lbs-2.jpg","type":"image\/jpeg"}],"twitter_card":"summary_large_image","twitter_misc":{"Prix":"&#36;0.00","Disponibilit\u00e9":"En stock"},"schema":{"@context":"https:\/\/schema.org","@graph":[{"@type":"WebPage","@id":"https:\/\/fleursenvracmtl.com\/fr\/sapin-noble\/","url":"https:\/\/fleursenvracmtl.com\/fr\/sapin-noble\/","name":"Sapin Noble en Vrac - Feuillage Local de C.-B. en Lots de 2 lb","isPartOf":{"@id":"https:\/\/fleursenvracmtl.com\/en\/#website"},"primaryImageOfPage":{"@id":"https:\/\/fleursenvracmtl.com\/fr\/sapin-noble\/#primaryimage"},"image":{"@id":"https:\/\/fleursenvracmtl.com\/fr\/sapin-noble\/#primaryimage"},"thumbnailUrl":"https:\/\/fleursenvracmtl.com\/wp-content\/uploads\/2024\/12\/NOB-FIRT-Nobile-Fir-2lbs-2.jpg","datePublished":"2024-12-07T15:15:43+00:00","dateModified":"2025-11-14T18:10:09+00:00","description":"Provenant des for\u00eats de Colombie-Britannique, notre Sapin Noble en lots de 2 lb est id\u00e9al pour les couronnes, guirlandes et centres de table. Feuillage frais, parfum\u00e9 et durable pour vos cr\u00e9ations festives.","breadcrumb":{"@id":"https:\/\/fleursenvracmtl.com\/fr\/sapin-noble\/#breadcrumb"},"inLanguage":"fr-FR","potentialAction":[{"@type":"ReadAction","target":["https:\/\/fleursenvracmtl.com\/fr\/sapin-noble\/"]}]},{"@type":"ImageObject","inLanguage":"fr-FR","@id":"https:\/\/fleursenvracmtl.com\/fr\/sapin-noble\/#primaryimage","url":"https:\/\/fleursenvracmtl.com\/wp-content\/uploads\/2024\/12\/NOB-FIRT-Nobile-Fir-2lbs-2.jpg","contentUrl":"https:\/\/fleursenvracmtl.com\/wp-content\/uploads\/2024\/12\/NOB-FIRT-Nobile-Fir-2lbs-2.jpg","width":1200,"height":1200,"caption":"Noble Fir"},{"@type":"BreadcrumbList","@id":"https:\/\/fleursenvracmtl.com\/fr\/sapin-noble\/#breadcrumb","itemListElement":[{"@type":"ListItem","position":1,"name":"Home","item":"https:\/\/fleursenvracmtl.com\/fr\/"},{"@type":"ListItem","position":2,"name":"Shop","item":"https:\/\/fleursenvracmtl.com\/en\/shop\/"},{"@type":"ListItem","position":3,"name":"Sapin Noble"}]},{"@type":"WebSite","@id":"https:\/\/fleursenvracmtl.com\/en\/#website","url":"https:\/\/fleursenvracmtl.com\/en\/","name":"Fleurs en Vrac MTL","description":"Fleurs en Vrac Mtl - Bulk flower by Le Bouquet","alternateName":"Fleurs en Vrac MTL","potentialAction":[{"@type":"SearchAction","target":{"@type":"EntryPoint","urlTemplate":"https:\/\/fleursenvracmtl.com\/en\/?s={search_term_string}"},"query-input":{"@type":"PropertyValueSpecification","valueRequired":true,"valueName":"search_term_string"}}],"inLanguage":"fr-FR"}]},"product_price_amount":"0.00","product_price_currency":"CAD","og_availability":"instock","product_availability":"instock","product_condition":"new"},"_links":{"self":[{"href":"https:\/\/fleursenvracmtl.com\/fr\/wp-json\/wp\/v2\/product\/101083","targetHints":{"allow":["GET"]}}],"collection":[{"href":"https:\/\/fleursenvracmtl.com\/fr\/wp-json\/wp\/v2\/product"}],"about":[{"href":"https:\/\/fleursenvracmtl.com\/fr\/wp-json\/wp\/v2\/types\/product"}],"replies":[{"embeddable":true,"href":"https:\/\/fleursenvracmtl.com\/fr\/wp-json\/wp\/v2\/comments?post=101083"}],"wp:featuredmedia":[{"embeddable":true,"href":"https:\/\/fleursenvracmtl.com\/fr\/wp-json\/wp\/v2\/media\/101068"}],"wp:attachment":[{"href":"https:\/\/fleursenvracmtl.com\/fr\/wp-json\/wp\/v2\/media?parent=101083"}],"wp:term":[{"taxonomy":"recipe","embeddable":true,"href":"https:\/\/fleursenvracmtl.com\/fr\/wp-json\/wp\/v2\/recipe?post=101083"},{"taxonomy":"product_brand","embeddable":true,"href":"https:\/\/fleursenvracmtl.com\/fr\/wp-json\/wp\/v2\/product_brand?post=101083"},{"taxonomy":"product_cat","embeddable":true,"href":"https:\/\/fleursenvracmtl.com\/fr\/wp-json\/wp\/v2\/product_cat?post=101083"},{"taxonomy":"product_tag","embeddable":true,"href":"https:\/\/fleursenvracmtl.com\/fr\/wp-json\/wp\/v2\/product_tag?post=101083"}],"curies":[{"name":"wp","href":"https:\/\/api.w.org\/{rel}","templated":true}]}}