{"id":101098,"date":"2024-12-07T10:32:35","date_gmt":"2024-12-07T15:32:35","guid":{"rendered":"https:\/\/www.lebouquet.com\/silver-fir\/"},"modified":"2025-11-09T09:12:29","modified_gmt":"2025-11-09T14:12:29","slug":"sapin-argente","status":"publish","type":"product","link":"https:\/\/fleursenvracmtl.com\/fr\/sapin-argente\/","title":{"rendered":"Sapin Argent\u00e9"},"content":{"rendered":"<p>Notre <strong>Sapin Argent\u00e9<\/strong>, r\u00e9colt\u00e9 localement dans les for\u00eats immacul\u00e9es de Colombie-Britannique, est un feuillage haut de gamme parfait pour sublimer vos d\u00e9corations de f\u00eates et arrangements floraux. Reconnu pour ses aiguilles douces d\u2019un vert argent\u00e9 et son parfum frais de conif\u00e8re, ce sapin incarne l\u2019\u00e9l\u00e9gance naturelle. Id\u00e9al pour la cr\u00e9ation de couronnes, guirlandes, centres de table et bouquets festifs, le <strong>Sapin Argent\u00e9<\/strong> est polyvalent, durable et s\u2019harmonise avec tout design saisonnier. Sa teinte argent\u00e9e unique ajoute une touche sophistiqu\u00e9e \u00e0 vos cr\u00e9ations, tandis que sa r\u00e9colte locale garantit durabilit\u00e9 et fra\u00eecheur. Apportez la beaut\u00e9 des for\u00eats de C.-B. dans votre maison avec le <strong>Sapin Argent\u00e9<\/strong>.<\/p>\n","protected":false},"excerpt":{"rendered":"<p>Notre Sapin Argent\u00e9, r\u00e9colt\u00e9 localement dans les for\u00eats immacul\u00e9es de Colombie-Britannique, est un feuillage haut de gamme parfait pour sublimer vos d\u00e9corations de f\u00eates et arrangements floraux. Reconnu pour ses aiguilles douces d\u2019un vert argent\u00e9 et son parfum frais de conif\u00e8re, ce sapin incarne l\u2019\u00e9l\u00e9gance naturelle. Id\u00e9al pour la cr\u00e9ation de couronnes, guirlandes, centres de [&hellip;]<\/p>\n","protected":false},"featured_media":101085,"comment_status":"open","ping_status":"closed","template":"","meta":{"_acf_changed":false},"recipe":[],"product_brand":[],"product_cat":[18384,18061],"product_tag":[],"class_list":{"0":"post-101098","1":"product","2":"type-product","3":"status-publish","4":"has-post-thumbnail","6":"product_cat-fleurs-et-feuillages-de-noel","7":"product_cat-selection-des-fetes-en-vrac","9":"first","10":"instock","11":"shipping-taxable","12":"purchasable","13":"product-type-simple"},"acf":[],"yoast_head":"<!-- This site is optimized with the Yoast SEO Premium plugin v25.2 (Yoast SEO v26.2) - https:\/\/yoast.com\/wordpress\/plugins\/seo\/ -->\n<title>Sapin Argent\u00e9 en Vrac - Feuillage Local de C.-B.<\/title>\n<meta name=\"description\" content=\"Sublimez vos cr\u00e9ations de f\u00eates avec le Sapin Argent\u00e9 de C.-B. Aiguilles vertes argent\u00e9es, parfum frais et sourcing durable, id\u00e9al pour couronnes, guirlandes et centres de table.\" \/>\n<meta name=\"robots\" content=\"index, follow, max-snippet:-1, max-image-preview:large, max-video-preview:-1\" \/>\n<link rel=\"canonical\" href=\"https:\/\/fleursenvracmtl.com\/fr\/sapin-argente\/\" \/>\n<meta property=\"og:locale\" content=\"fr_FR\" \/>\n<meta property=\"og:type\" content=\"article\" \/>\n<meta property=\"og:title\" content=\"Sapin Argent\u00e9\" \/>\n<meta property=\"og:description\" content=\"Sublimez vos cr\u00e9ations de f\u00eates avec le Sapin Argent\u00e9 de C.-B. Aiguilles vertes argent\u00e9es, parfum frais et sourcing durable, id\u00e9al pour couronnes, guirlandes et centres de table.\" \/>\n<meta property=\"og:url\" content=\"https:\/\/fleursenvracmtl.com\/fr\/sapin-argente\/\" \/>\n<meta property=\"og:site_name\" content=\"Fleurs en Vrac Mtl\" \/>\n<meta property=\"article:publisher\" content=\"https:\/\/www.facebook.com\/LeBouquetMTL\/\" \/>\n<meta property=\"article:modified_time\" content=\"2025-11-09T14:12:29+00:00\" \/>\n<meta property=\"og:image\" content=\"https:\/\/fleursenvracmtl.com\/wp-content\/uploads\/2024\/12\/SIL-FIRT-Silver-Fir-2lbs-5.jpg\" \/>\n\t<meta property=\"og:image:width\" content=\"1200\" \/>\n\t<meta property=\"og:image:height\" content=\"1200\" \/>\n\t<meta property=\"og:image:type\" content=\"image\/jpeg\" \/>\n<meta name=\"twitter:card\" content=\"summary_large_image\" \/>\n<meta name=\"twitter:label1\" content=\"Prix\" \/>\n\t<meta name=\"twitter:data1\" content=\"&#036;0.00\" \/>\n\t<meta name=\"twitter:label2\" content=\"Disponibilit\u00e9\" \/>\n\t<meta name=\"twitter:data2\" content=\"En stock\" \/>\n<script type=\"application\/ld+json\" class=\"yoast-schema-graph\">{\"@context\":\"https:\/\/schema.org\",\"@graph\":[{\"@type\":\"WebPage\",\"@id\":\"https:\/\/fleursenvracmtl.com\/fr\/sapin-argente\/\",\"url\":\"https:\/\/fleursenvracmtl.com\/fr\/sapin-argente\/\",\"name\":\"Sapin Argent\u00e9 en Vrac - Feuillage Local de C.-B.\",\"isPartOf\":{\"@id\":\"https:\/\/fleursenvracmtl.com\/en\/#website\"},\"primaryImageOfPage\":{\"@id\":\"https:\/\/fleursenvracmtl.com\/fr\/sapin-argente\/#primaryimage\"},\"image\":{\"@id\":\"https:\/\/fleursenvracmtl.com\/fr\/sapin-argente\/#primaryimage\"},\"thumbnailUrl\":\"https:\/\/fleursenvracmtl.com\/wp-content\/uploads\/2024\/12\/SIL-FIRT-Silver-Fir-2lbs-5.jpg\",\"datePublished\":\"2024-12-07T15:32:35+00:00\",\"dateModified\":\"2025-11-09T14:12:29+00:00\",\"description\":\"Sublimez vos cr\u00e9ations de f\u00eates avec le Sapin Argent\u00e9 de C.-B. Aiguilles vertes argent\u00e9es, parfum frais et sourcing durable, id\u00e9al pour couronnes, guirlandes et centres de table.\",\"breadcrumb\":{\"@id\":\"https:\/\/fleursenvracmtl.com\/fr\/sapin-argente\/#breadcrumb\"},\"inLanguage\":\"fr-FR\",\"potentialAction\":[{\"@type\":\"ReadAction\",\"target\":[\"https:\/\/fleursenvracmtl.com\/fr\/sapin-argente\/\"]}]},{\"@type\":\"ImageObject\",\"inLanguage\":\"fr-FR\",\"@id\":\"https:\/\/fleursenvracmtl.com\/fr\/sapin-argente\/#primaryimage\",\"url\":\"https:\/\/fleursenvracmtl.com\/wp-content\/uploads\/2024\/12\/SIL-FIRT-Silver-Fir-2lbs-5.jpg\",\"contentUrl\":\"https:\/\/fleursenvracmtl.com\/wp-content\/uploads\/2024\/12\/SIL-FIRT-Silver-Fir-2lbs-5.jpg\",\"width\":1200,\"height\":1200,\"caption\":\"Silver Fir Bunch\"},{\"@type\":\"BreadcrumbList\",\"@id\":\"https:\/\/fleursenvracmtl.com\/fr\/sapin-argente\/#breadcrumb\",\"itemListElement\":[{\"@type\":\"ListItem\",\"position\":1,\"name\":\"Home\",\"item\":\"https:\/\/fleursenvracmtl.com\/fr\/\"},{\"@type\":\"ListItem\",\"position\":2,\"name\":\"Shop\",\"item\":\"https:\/\/fleursenvracmtl.com\/en\/shop\/\"},{\"@type\":\"ListItem\",\"position\":3,\"name\":\"Sapin Argent\u00e9\"}]},{\"@type\":\"WebSite\",\"@id\":\"https:\/\/fleursenvracmtl.com\/en\/#website\",\"url\":\"https:\/\/fleursenvracmtl.com\/en\/\",\"name\":\"Fleurs en Vrac MTL\",\"description\":\"Fleurs en Vrac Mtl - Bulk flower by Le Bouquet\",\"alternateName\":\"Fleurs en Vrac MTL\",\"potentialAction\":[{\"@type\":\"SearchAction\",\"target\":{\"@type\":\"EntryPoint\",\"urlTemplate\":\"https:\/\/fleursenvracmtl.com\/en\/?s={search_term_string}\"},\"query-input\":{\"@type\":\"PropertyValueSpecification\",\"valueRequired\":true,\"valueName\":\"search_term_string\"}}],\"inLanguage\":\"fr-FR\"}]}<\/script>\n<meta property=\"product:price:amount\" content=\"0.00\" \/>\n<meta property=\"product:price:currency\" content=\"CAD\" \/>\n<meta property=\"og:availability\" content=\"instock\" \/>\n<meta property=\"product:availability\" content=\"instock\" \/>\n<meta property=\"product:condition\" content=\"new\" \/>\n<!-- \/ Yoast SEO Premium plugin. -->","yoast_head_json":{"title":"Sapin Argent\u00e9 en Vrac - Feuillage Local de C.-B.","description":"Sublimez vos cr\u00e9ations de f\u00eates avec le Sapin Argent\u00e9 de C.-B. Aiguilles vertes argent\u00e9es, parfum frais et sourcing durable, id\u00e9al pour couronnes, guirlandes et centres de table.","robots":{"index":"index","follow":"follow","max-snippet":"max-snippet:-1","max-image-preview":"max-image-preview:large","max-video-preview":"max-video-preview:-1"},"canonical":"https:\/\/fleursenvracmtl.com\/fr\/sapin-argente\/","og_locale":"fr_FR","og_type":"article","og_title":"Sapin Argent\u00e9","og_description":"Sublimez vos cr\u00e9ations de f\u00eates avec le Sapin Argent\u00e9 de C.-B. Aiguilles vertes argent\u00e9es, parfum frais et sourcing durable, id\u00e9al pour couronnes, guirlandes et centres de table.","og_url":"https:\/\/fleursenvracmtl.com\/fr\/sapin-argente\/","og_site_name":"Fleurs en Vrac Mtl","article_publisher":"https:\/\/www.facebook.com\/LeBouquetMTL\/","article_modified_time":"2025-11-09T14:12:29+00:00","og_image":[{"width":1200,"height":1200,"url":"https:\/\/fleursenvracmtl.com\/wp-content\/uploads\/2024\/12\/SIL-FIRT-Silver-Fir-2lbs-5.jpg","type":"image\/jpeg"}],"twitter_card":"summary_large_image","twitter_misc":{"Prix":"&#36;0.00","Disponibilit\u00e9":"En stock"},"schema":{"@context":"https:\/\/schema.org","@graph":[{"@type":"WebPage","@id":"https:\/\/fleursenvracmtl.com\/fr\/sapin-argente\/","url":"https:\/\/fleursenvracmtl.com\/fr\/sapin-argente\/","name":"Sapin Argent\u00e9 en Vrac - Feuillage Local de C.-B.","isPartOf":{"@id":"https:\/\/fleursenvracmtl.com\/en\/#website"},"primaryImageOfPage":{"@id":"https:\/\/fleursenvracmtl.com\/fr\/sapin-argente\/#primaryimage"},"image":{"@id":"https:\/\/fleursenvracmtl.com\/fr\/sapin-argente\/#primaryimage"},"thumbnailUrl":"https:\/\/fleursenvracmtl.com\/wp-content\/uploads\/2024\/12\/SIL-FIRT-Silver-Fir-2lbs-5.jpg","datePublished":"2024-12-07T15:32:35+00:00","dateModified":"2025-11-09T14:12:29+00:00","description":"Sublimez vos cr\u00e9ations de f\u00eates avec le Sapin Argent\u00e9 de C.-B. Aiguilles vertes argent\u00e9es, parfum frais et sourcing durable, id\u00e9al pour couronnes, guirlandes et centres de table.","breadcrumb":{"@id":"https:\/\/fleursenvracmtl.com\/fr\/sapin-argente\/#breadcrumb"},"inLanguage":"fr-FR","potentialAction":[{"@type":"ReadAction","target":["https:\/\/fleursenvracmtl.com\/fr\/sapin-argente\/"]}]},{"@type":"ImageObject","inLanguage":"fr-FR","@id":"https:\/\/fleursenvracmtl.com\/fr\/sapin-argente\/#primaryimage","url":"https:\/\/fleursenvracmtl.com\/wp-content\/uploads\/2024\/12\/SIL-FIRT-Silver-Fir-2lbs-5.jpg","contentUrl":"https:\/\/fleursenvracmtl.com\/wp-content\/uploads\/2024\/12\/SIL-FIRT-Silver-Fir-2lbs-5.jpg","width":1200,"height":1200,"caption":"Silver Fir Bunch"},{"@type":"BreadcrumbList","@id":"https:\/\/fleursenvracmtl.com\/fr\/sapin-argente\/#breadcrumb","itemListElement":[{"@type":"ListItem","position":1,"name":"Home","item":"https:\/\/fleursenvracmtl.com\/fr\/"},{"@type":"ListItem","position":2,"name":"Shop","item":"https:\/\/fleursenvracmtl.com\/en\/shop\/"},{"@type":"ListItem","position":3,"name":"Sapin Argent\u00e9"}]},{"@type":"WebSite","@id":"https:\/\/fleursenvracmtl.com\/en\/#website","url":"https:\/\/fleursenvracmtl.com\/en\/","name":"Fleurs en Vrac MTL","description":"Fleurs en Vrac Mtl - Bulk flower by Le Bouquet","alternateName":"Fleurs en Vrac MTL","potentialAction":[{"@type":"SearchAction","target":{"@type":"EntryPoint","urlTemplate":"https:\/\/fleursenvracmtl.com\/en\/?s={search_term_string}"},"query-input":{"@type":"PropertyValueSpecification","valueRequired":true,"valueName":"search_term_string"}}],"inLanguage":"fr-FR"}]},"product_price_amount":"0.00","product_price_currency":"CAD","og_availability":"instock","product_availability":"instock","product_condition":"new"},"_links":{"self":[{"href":"https:\/\/fleursenvracmtl.com\/fr\/wp-json\/wp\/v2\/product\/101098","targetHints":{"allow":["GET"]}}],"collection":[{"href":"https:\/\/fleursenvracmtl.com\/fr\/wp-json\/wp\/v2\/product"}],"about":[{"href":"https:\/\/fleursenvracmtl.com\/fr\/wp-json\/wp\/v2\/types\/product"}],"replies":[{"embeddable":true,"href":"https:\/\/fleursenvracmtl.com\/fr\/wp-json\/wp\/v2\/comments?post=101098"}],"wp:featuredmedia":[{"embeddable":true,"href":"https:\/\/fleursenvracmtl.com\/fr\/wp-json\/wp\/v2\/media\/101085"}],"wp:attachment":[{"href":"https:\/\/fleursenvracmtl.com\/fr\/wp-json\/wp\/v2\/media?parent=101098"}],"wp:term":[{"taxonomy":"recipe","embeddable":true,"href":"https:\/\/fleursenvracmtl.com\/fr\/wp-json\/wp\/v2\/recipe?post=101098"},{"taxonomy":"product_brand","embeddable":true,"href":"https:\/\/fleursenvracmtl.com\/fr\/wp-json\/wp\/v2\/product_brand?post=101098"},{"taxonomy":"product_cat","embeddable":true,"href":"https:\/\/fleursenvracmtl.com\/fr\/wp-json\/wp\/v2\/product_cat?post=101098"},{"taxonomy":"product_tag","embeddable":true,"href":"https:\/\/fleursenvracmtl.com\/fr\/wp-json\/wp\/v2\/product_tag?post=101098"}],"curies":[{"name":"wp","href":"https:\/\/api.w.org\/{rel}","templated":true}]}}