{"id":101217,"date":"2024-12-07T13:39:47","date_gmt":"2024-12-07T18:39:47","guid":{"rendered":"https:\/\/www.lebouquet.com\/brighton-roses-70cm-bulk\/"},"modified":"2024-12-07T13:39:54","modified_gmt":"2024-12-07T18:39:54","slug":"roses-brighton-70cm-en-vrac","status":"publish","type":"product","link":"https:\/\/fleursenvracmtl.com\/fr\/roses-brighton-70cm-en-vrac\/","title":{"rendered":"Roses Brighton 70cm (en vrac)"},"content":{"rendered":"<p>Nos <strong>Roses Brighton<\/strong> en vrac, mesurant <strong>70cm<\/strong>, <a href=\"https:\/\/www.lebouquet.com\/fr\/roses-brighton-60cm-en-vrac\/\">60cm<\/a> ou <a href=\"https:\/\/www.lebouquet.com\/fr\/roses-brighton-50cm-en-vrac\/\">50cm<\/a> sont un choix \u00e9clatant pour apporter une touche lumineuse et joyeuse \u00e0 tout arrangement floral. Ces roses haut de gamme pr\u00e9sentent des p\u00e9tales jaunes vibrants et velout\u00e9s, symbolisant l\u2019amiti\u00e9, la joie et la chaleur. Parfaites pour les mariages, anniversaires, c\u00e9l\u00e9brations ou bouquets printaniers et estivaux, les <strong>Roses Brighton<\/strong> sont appr\u00e9ci\u00e9es pour leur qualit\u00e9 exceptionnelle et leur fra\u00eecheur durable. Leur couleur rayonnante et leur forme \u00e9l\u00e9gante en font un choix privil\u00e9gi\u00e9 des fleuristes et des organisateurs d\u2019\u00e9v\u00e9nements cherchant \u00e0 cr\u00e9er des designs percutants. Apportez \u00e9clat et positivit\u00e9 \u00e0 vos cr\u00e9ations florales avec nos <strong>Roses Brighton<\/strong> en vrac.<\/p>\n","protected":false},"excerpt":{"rendered":"<p>Nos Roses Brighton en vrac, mesurant 70cm, 60cm ou 50cm sont un choix \u00e9clatant pour apporter une touche lumineuse et joyeuse \u00e0 tout arrangement floral. Ces roses haut de gamme pr\u00e9sentent des p\u00e9tales jaunes vibrants et velout\u00e9s, symbolisant l\u2019amiti\u00e9, la joie et la chaleur. Parfaites pour les mariages, anniversaires, c\u00e9l\u00e9brations ou bouquets printaniers et estivaux, [&hellip;]<\/p>\n","protected":false},"featured_media":101186,"comment_status":"open","ping_status":"closed","template":"","meta":{"_acf_changed":false},"recipe":[],"product_brand":[],"product_cat":[15],"product_tag":[],"class_list":{"0":"post-101217","1":"product","2":"type-product","3":"status-publish","4":"has-post-thumbnail","6":"product_cat-uncategorized","8":"first","9":"instock","10":"shipping-taxable","11":"purchasable","12":"product-type-simple"},"acf":[],"yoast_head":"<!-- This site is optimized with the Yoast SEO Premium plugin v25.2 (Yoast SEO v26.2) - https:\/\/yoast.com\/wordpress\/plugins\/seo\/ -->\n<title>Roses Brighton en Vrac 70cm - Roses Jaunes Vibrantes pour Arrangements Joyeux<\/title>\n<meta name=\"description\" content=\"D\u00e9couvrez les Roses Brighton en vrac (70 cm) pour mariages, c\u00e9l\u00e9brations et bouquets lumineux. P\u00e9tales jaunes vibrants, texture velout\u00e9e et fra\u00eecheur durable pour des designs floraux \u00e9clatants.\" \/>\n<meta name=\"robots\" content=\"index, follow, max-snippet:-1, max-image-preview:large, max-video-preview:-1\" \/>\n<link rel=\"canonical\" href=\"https:\/\/fleursenvracmtl.com\/fr\/roses-brighton-70cm-en-vrac\/\" \/>\n<meta property=\"og:locale\" content=\"fr_FR\" \/>\n<meta property=\"og:type\" content=\"article\" \/>\n<meta property=\"og:title\" content=\"Roses Brighton 70cm (en vrac)\" \/>\n<meta property=\"og:description\" content=\"D\u00e9couvrez les Roses Brighton en vrac (70 cm) pour mariages, c\u00e9l\u00e9brations et bouquets lumineux. P\u00e9tales jaunes vibrants, texture velout\u00e9e et fra\u00eecheur durable pour des designs floraux \u00e9clatants.\" \/>\n<meta property=\"og:url\" content=\"https:\/\/fleursenvracmtl.com\/fr\/roses-brighton-70cm-en-vrac\/\" \/>\n<meta property=\"og:site_name\" content=\"Fleurs en Vrac Mtl\" \/>\n<meta property=\"article:publisher\" content=\"https:\/\/www.facebook.com\/LeBouquetMTL\/\" \/>\n<meta property=\"article:modified_time\" content=\"2024-12-07T18:39:54+00:00\" \/>\n<meta property=\"og:image\" content=\"https:\/\/fleursenvracmtl.com\/wp-content\/uploads\/2024\/12\/MU-5BR-Brighton-Rose-19.jpg\" \/>\n\t<meta property=\"og:image:width\" content=\"1200\" \/>\n\t<meta property=\"og:image:height\" content=\"1200\" \/>\n\t<meta property=\"og:image:type\" content=\"image\/jpeg\" \/>\n<meta name=\"twitter:card\" content=\"summary_large_image\" \/>\n<meta name=\"twitter:label1\" content=\"Prix\" \/>\n\t<meta name=\"twitter:data1\" content=\"&#036;0.00\" \/>\n\t<meta name=\"twitter:label2\" content=\"Disponibilit\u00e9\" \/>\n\t<meta name=\"twitter:data2\" content=\"En stock\" \/>\n<script type=\"application\/ld+json\" class=\"yoast-schema-graph\">{\"@context\":\"https:\/\/schema.org\",\"@graph\":[{\"@type\":\"WebPage\",\"@id\":\"https:\/\/fleursenvracmtl.com\/fr\/roses-brighton-70cm-en-vrac\/\",\"url\":\"https:\/\/fleursenvracmtl.com\/fr\/roses-brighton-70cm-en-vrac\/\",\"name\":\"Roses Brighton en Vrac 70cm - Roses Jaunes Vibrantes pour Arrangements Joyeux\",\"isPartOf\":{\"@id\":\"https:\/\/fleursenvracmtl.com\/en\/#website\"},\"primaryImageOfPage\":{\"@id\":\"https:\/\/fleursenvracmtl.com\/fr\/roses-brighton-70cm-en-vrac\/#primaryimage\"},\"image\":{\"@id\":\"https:\/\/fleursenvracmtl.com\/fr\/roses-brighton-70cm-en-vrac\/#primaryimage\"},\"thumbnailUrl\":\"https:\/\/fleursenvracmtl.com\/wp-content\/uploads\/2024\/12\/MU-5BR-Brighton-Rose-19.jpg\",\"datePublished\":\"2024-12-07T18:39:47+00:00\",\"dateModified\":\"2024-12-07T18:39:54+00:00\",\"description\":\"D\u00e9couvrez les Roses Brighton en vrac (70 cm) pour mariages, c\u00e9l\u00e9brations et bouquets lumineux. P\u00e9tales jaunes vibrants, texture velout\u00e9e et fra\u00eecheur durable pour des designs floraux \u00e9clatants.\",\"breadcrumb\":{\"@id\":\"https:\/\/fleursenvracmtl.com\/fr\/roses-brighton-70cm-en-vrac\/#breadcrumb\"},\"inLanguage\":\"fr-FR\",\"potentialAction\":[{\"@type\":\"ReadAction\",\"target\":[\"https:\/\/fleursenvracmtl.com\/fr\/roses-brighton-70cm-en-vrac\/\"]}]},{\"@type\":\"ImageObject\",\"inLanguage\":\"fr-FR\",\"@id\":\"https:\/\/fleursenvracmtl.com\/fr\/roses-brighton-70cm-en-vrac\/#primaryimage\",\"url\":\"https:\/\/fleursenvracmtl.com\/wp-content\/uploads\/2024\/12\/MU-5BR-Brighton-Rose-19.jpg\",\"contentUrl\":\"https:\/\/fleursenvracmtl.com\/wp-content\/uploads\/2024\/12\/MU-5BR-Brighton-Rose-19.jpg\",\"width\":1200,\"height\":1200,\"caption\":\"Brighton Rose\"},{\"@type\":\"BreadcrumbList\",\"@id\":\"https:\/\/fleursenvracmtl.com\/fr\/roses-brighton-70cm-en-vrac\/#breadcrumb\",\"itemListElement\":[{\"@type\":\"ListItem\",\"position\":1,\"name\":\"Home\",\"item\":\"https:\/\/fleursenvracmtl.com\/fr\/\"},{\"@type\":\"ListItem\",\"position\":2,\"name\":\"Shop\",\"item\":\"https:\/\/fleursenvracmtl.com\/en\/shop\/\"},{\"@type\":\"ListItem\",\"position\":3,\"name\":\"Roses Brighton 70cm (en vrac)\"}]},{\"@type\":\"WebSite\",\"@id\":\"https:\/\/fleursenvracmtl.com\/en\/#website\",\"url\":\"https:\/\/fleursenvracmtl.com\/en\/\",\"name\":\"Fleurs en Vrac MTL\",\"description\":\"Fleurs en Vrac Mtl - Bulk flower by Le Bouquet\",\"alternateName\":\"Fleurs en Vrac MTL\",\"potentialAction\":[{\"@type\":\"SearchAction\",\"target\":{\"@type\":\"EntryPoint\",\"urlTemplate\":\"https:\/\/fleursenvracmtl.com\/en\/?s={search_term_string}\"},\"query-input\":{\"@type\":\"PropertyValueSpecification\",\"valueRequired\":true,\"valueName\":\"search_term_string\"}}],\"inLanguage\":\"fr-FR\"}]}<\/script>\n<meta property=\"product:price:amount\" content=\"0.00\" \/>\n<meta property=\"product:price:currency\" content=\"CAD\" \/>\n<meta property=\"og:availability\" content=\"instock\" \/>\n<meta property=\"product:availability\" content=\"instock\" \/>\n<meta property=\"product:condition\" content=\"new\" \/>\n<!-- \/ Yoast SEO Premium plugin. -->","yoast_head_json":{"title":"Roses Brighton en Vrac 70cm - Roses Jaunes Vibrantes pour Arrangements Joyeux","description":"D\u00e9couvrez les Roses Brighton en vrac (70 cm) pour mariages, c\u00e9l\u00e9brations et bouquets lumineux. P\u00e9tales jaunes vibrants, texture velout\u00e9e et fra\u00eecheur durable pour des designs floraux \u00e9clatants.","robots":{"index":"index","follow":"follow","max-snippet":"max-snippet:-1","max-image-preview":"max-image-preview:large","max-video-preview":"max-video-preview:-1"},"canonical":"https:\/\/fleursenvracmtl.com\/fr\/roses-brighton-70cm-en-vrac\/","og_locale":"fr_FR","og_type":"article","og_title":"Roses Brighton 70cm (en vrac)","og_description":"D\u00e9couvrez les Roses Brighton en vrac (70 cm) pour mariages, c\u00e9l\u00e9brations et bouquets lumineux. P\u00e9tales jaunes vibrants, texture velout\u00e9e et fra\u00eecheur durable pour des designs floraux \u00e9clatants.","og_url":"https:\/\/fleursenvracmtl.com\/fr\/roses-brighton-70cm-en-vrac\/","og_site_name":"Fleurs en Vrac Mtl","article_publisher":"https:\/\/www.facebook.com\/LeBouquetMTL\/","article_modified_time":"2024-12-07T18:39:54+00:00","og_image":[{"width":1200,"height":1200,"url":"https:\/\/fleursenvracmtl.com\/wp-content\/uploads\/2024\/12\/MU-5BR-Brighton-Rose-19.jpg","type":"image\/jpeg"}],"twitter_card":"summary_large_image","twitter_misc":{"Prix":"&#36;0.00","Disponibilit\u00e9":"En stock"},"schema":{"@context":"https:\/\/schema.org","@graph":[{"@type":"WebPage","@id":"https:\/\/fleursenvracmtl.com\/fr\/roses-brighton-70cm-en-vrac\/","url":"https:\/\/fleursenvracmtl.com\/fr\/roses-brighton-70cm-en-vrac\/","name":"Roses Brighton en Vrac 70cm - Roses Jaunes Vibrantes pour Arrangements Joyeux","isPartOf":{"@id":"https:\/\/fleursenvracmtl.com\/en\/#website"},"primaryImageOfPage":{"@id":"https:\/\/fleursenvracmtl.com\/fr\/roses-brighton-70cm-en-vrac\/#primaryimage"},"image":{"@id":"https:\/\/fleursenvracmtl.com\/fr\/roses-brighton-70cm-en-vrac\/#primaryimage"},"thumbnailUrl":"https:\/\/fleursenvracmtl.com\/wp-content\/uploads\/2024\/12\/MU-5BR-Brighton-Rose-19.jpg","datePublished":"2024-12-07T18:39:47+00:00","dateModified":"2024-12-07T18:39:54+00:00","description":"D\u00e9couvrez les Roses Brighton en vrac (70 cm) pour mariages, c\u00e9l\u00e9brations et bouquets lumineux. P\u00e9tales jaunes vibrants, texture velout\u00e9e et fra\u00eecheur durable pour des designs floraux \u00e9clatants.","breadcrumb":{"@id":"https:\/\/fleursenvracmtl.com\/fr\/roses-brighton-70cm-en-vrac\/#breadcrumb"},"inLanguage":"fr-FR","potentialAction":[{"@type":"ReadAction","target":["https:\/\/fleursenvracmtl.com\/fr\/roses-brighton-70cm-en-vrac\/"]}]},{"@type":"ImageObject","inLanguage":"fr-FR","@id":"https:\/\/fleursenvracmtl.com\/fr\/roses-brighton-70cm-en-vrac\/#primaryimage","url":"https:\/\/fleursenvracmtl.com\/wp-content\/uploads\/2024\/12\/MU-5BR-Brighton-Rose-19.jpg","contentUrl":"https:\/\/fleursenvracmtl.com\/wp-content\/uploads\/2024\/12\/MU-5BR-Brighton-Rose-19.jpg","width":1200,"height":1200,"caption":"Brighton Rose"},{"@type":"BreadcrumbList","@id":"https:\/\/fleursenvracmtl.com\/fr\/roses-brighton-70cm-en-vrac\/#breadcrumb","itemListElement":[{"@type":"ListItem","position":1,"name":"Home","item":"https:\/\/fleursenvracmtl.com\/fr\/"},{"@type":"ListItem","position":2,"name":"Shop","item":"https:\/\/fleursenvracmtl.com\/en\/shop\/"},{"@type":"ListItem","position":3,"name":"Roses Brighton 70cm (en vrac)"}]},{"@type":"WebSite","@id":"https:\/\/fleursenvracmtl.com\/en\/#website","url":"https:\/\/fleursenvracmtl.com\/en\/","name":"Fleurs en Vrac MTL","description":"Fleurs en Vrac Mtl - Bulk flower by Le Bouquet","alternateName":"Fleurs en Vrac MTL","potentialAction":[{"@type":"SearchAction","target":{"@type":"EntryPoint","urlTemplate":"https:\/\/fleursenvracmtl.com\/en\/?s={search_term_string}"},"query-input":{"@type":"PropertyValueSpecification","valueRequired":true,"valueName":"search_term_string"}}],"inLanguage":"fr-FR"}]},"product_price_amount":"0.00","product_price_currency":"CAD","og_availability":"instock","product_availability":"instock","product_condition":"new"},"_links":{"self":[{"href":"https:\/\/fleursenvracmtl.com\/fr\/wp-json\/wp\/v2\/product\/101217","targetHints":{"allow":["GET"]}}],"collection":[{"href":"https:\/\/fleursenvracmtl.com\/fr\/wp-json\/wp\/v2\/product"}],"about":[{"href":"https:\/\/fleursenvracmtl.com\/fr\/wp-json\/wp\/v2\/types\/product"}],"replies":[{"embeddable":true,"href":"https:\/\/fleursenvracmtl.com\/fr\/wp-json\/wp\/v2\/comments?post=101217"}],"wp:featuredmedia":[{"embeddable":true,"href":"https:\/\/fleursenvracmtl.com\/fr\/wp-json\/wp\/v2\/media\/101186"}],"wp:attachment":[{"href":"https:\/\/fleursenvracmtl.com\/fr\/wp-json\/wp\/v2\/media?parent=101217"}],"wp:term":[{"taxonomy":"recipe","embeddable":true,"href":"https:\/\/fleursenvracmtl.com\/fr\/wp-json\/wp\/v2\/recipe?post=101217"},{"taxonomy":"product_brand","embeddable":true,"href":"https:\/\/fleursenvracmtl.com\/fr\/wp-json\/wp\/v2\/product_brand?post=101217"},{"taxonomy":"product_cat","embeddable":true,"href":"https:\/\/fleursenvracmtl.com\/fr\/wp-json\/wp\/v2\/product_cat?post=101217"},{"taxonomy":"product_tag","embeddable":true,"href":"https:\/\/fleursenvracmtl.com\/fr\/wp-json\/wp\/v2\/product_tag?post=101217"}],"curies":[{"name":"wp","href":"https:\/\/api.w.org\/{rel}","templated":true}]}}