{"id":103107,"date":"2025-02-08T13:24:26","date_gmt":"2025-02-08T18:24:26","guid":{"rendered":"https:\/\/www.lebouquet.com\/assorted-double-tulips-bulk-diy\/"},"modified":"2026-03-28T01:43:27","modified_gmt":"2026-03-28T05:43:27","slug":"tulipes-doubles-assorties-en-vrac","status":"publish","type":"product","link":"https:\/\/fleursenvracmtl.com\/fr\/tulipes-doubles-assorties-en-vrac\/","title":{"rendered":"Tulipes Doubles Assorties en vrac"},"content":{"rendered":"<p><strong><u>*Pour garantir la fra\u00eecheur des fleurs et leur disponibilit\u00e9, veuillez passer votre commande 2 \u00e0 3 semaines \u00e0 l\u2019avance.<\/u><\/strong><\/p>\n<p>Nos <strong>Tulipes Doubles Assorties (En Vrac DIY)<\/strong> sont un incontournable pour les passionn\u00e9s de fleurs et les organisateurs d&rsquo;\u00e9v\u00e9nements. Cultiv\u00e9es localement au Canada, ces tulipes aux p\u00e9tales superpos\u00e9s luxuriants offrent un magnifique m\u00e9lange de couleurs vibrantes assorties. Elles apportent \u00e9l\u00e9gance et charme \u00e0 toute composition florale et sont id\u00e9ales pour les mariages, les \u00e9v\u00e9nements et les projets floraux DIY. Ces fleurs en vrac offrent une grande flexibilit\u00e9 et libert\u00e9 cr\u00e9ative. Commandez d\u00e8s aujourd\u2019hui ces tulipes fra\u00eeches et de haute qualit\u00e9 pour cr\u00e9er vos propres bouquets spectaculaires !<\/p>\n","protected":false},"excerpt":{"rendered":"<p><strong>Conseils d&rsquo;entretien :<\/strong><\/p>\n<ul>\n<li>Placez les tulipes dans un vase propre avec de l\u2019eau fra\u00eeche.<\/li>\n<li>Coupez les tiges en biais tous les 2 jours.<\/li>\n<li>Conservez-les dans un endroit frais, \u00e0 l\u2019abri du soleil direct.<\/li>\n<\/ul>\n","protected":false},"featured_media":103100,"comment_status":"open","ping_status":"closed","template":"","meta":{"_acf_changed":false},"recipe":[],"product_brand":[],"product_cat":[18071,17169,18070,18072],"product_tag":[],"class_list":{"0":"post-103107","1":"product","2":"type-product","3":"status-publish","4":"has-post-thumbnail","6":"product_cat-single-tulips-bulk","7":"product_cat-fleurs-en-vrac","8":"product_cat-tulipes-en-vrac","9":"product_cat-tulipes-simple-en-gros","11":"first","12":"instock","13":"shipping-taxable","14":"purchasable","15":"product-type-simple"},"acf":[],"yoast_head":"<!-- This site is optimized with the Yoast SEO Premium plugin v25.2 (Yoast SEO v26.2) - https:\/\/yoast.com\/wordpress\/plugins\/seo\/ -->\n<title>Assorted Double Tulips (Bulk DIY) \u2013 Fresh &amp; Elegant<\/title>\n<meta name=\"description\" content=\"Shop Assorted Double Tulips (Bulk DIY) for stunning floral arrangements. Fresh, high-quality tulips in vibrant hues. Perfect for weddings &amp; events!\" \/>\n<meta name=\"robots\" content=\"index, follow, max-snippet:-1, max-image-preview:large, max-video-preview:-1\" \/>\n<link rel=\"canonical\" href=\"https:\/\/fleursenvracmtl.com\/fr\/tulipes-doubles-assorties-en-vrac\/\" \/>\n<meta property=\"og:locale\" content=\"fr_FR\" \/>\n<meta property=\"og:type\" content=\"article\" \/>\n<meta property=\"og:title\" content=\"Tulipes Doubles Assorties en vrac\" \/>\n<meta property=\"og:description\" content=\"Shop Assorted Double Tulips (Bulk DIY) for stunning floral arrangements. Fresh, high-quality tulips in vibrant hues. Perfect for weddings &amp; events!\" \/>\n<meta property=\"og:url\" content=\"https:\/\/fleursenvracmtl.com\/fr\/tulipes-doubles-assorties-en-vrac\/\" \/>\n<meta property=\"og:site_name\" content=\"Fleurs en Vrac Mtl\" \/>\n<meta property=\"article:publisher\" content=\"https:\/\/www.facebook.com\/LeBouquetMTL\/\" \/>\n<meta property=\"article:modified_time\" content=\"2026-03-28T05:43:27+00:00\" \/>\n<meta property=\"og:image\" content=\"https:\/\/fleursenvracmtl.com\/wp-content\/uploads\/2025\/02\/DTU-Double-Tulips-1200-X-1200-3.jpg\" \/>\n\t<meta property=\"og:image:width\" content=\"1200\" \/>\n\t<meta property=\"og:image:height\" content=\"1200\" \/>\n\t<meta property=\"og:image:type\" content=\"image\/jpeg\" \/>\n<meta name=\"twitter:card\" content=\"summary_large_image\" \/>\n<meta name=\"twitter:label1\" content=\"Prix\" \/>\n\t<meta name=\"twitter:data1\" content=\"&#036;0.00\" \/>\n\t<meta name=\"twitter:label2\" content=\"Disponibilit\u00e9\" \/>\n\t<meta name=\"twitter:data2\" content=\"En stock\" \/>\n<script type=\"application\/ld+json\" class=\"yoast-schema-graph\">{\"@context\":\"https:\/\/schema.org\",\"@graph\":[{\"@type\":\"WebPage\",\"@id\":\"https:\/\/fleursenvracmtl.com\/fr\/tulipes-doubles-assorties-en-vrac\/\",\"url\":\"https:\/\/fleursenvracmtl.com\/fr\/tulipes-doubles-assorties-en-vrac\/\",\"name\":\"Assorted Double Tulips (Bulk DIY) \u2013 Fresh & Elegant\",\"isPartOf\":{\"@id\":\"https:\/\/fleursenvracmtl.com\/en\/#website\"},\"primaryImageOfPage\":{\"@id\":\"https:\/\/fleursenvracmtl.com\/fr\/tulipes-doubles-assorties-en-vrac\/#primaryimage\"},\"image\":{\"@id\":\"https:\/\/fleursenvracmtl.com\/fr\/tulipes-doubles-assorties-en-vrac\/#primaryimage\"},\"thumbnailUrl\":\"https:\/\/fleursenvracmtl.com\/wp-content\/uploads\/2025\/02\/DTU-Double-Tulips-1200-X-1200-3.jpg\",\"datePublished\":\"2025-02-08T18:24:26+00:00\",\"dateModified\":\"2026-03-28T05:43:27+00:00\",\"description\":\"Shop Assorted Double Tulips (Bulk DIY) for stunning floral arrangements. Fresh, high-quality tulips in vibrant hues. Perfect for weddings & events!\",\"breadcrumb\":{\"@id\":\"https:\/\/fleursenvracmtl.com\/fr\/tulipes-doubles-assorties-en-vrac\/#breadcrumb\"},\"inLanguage\":\"fr-FR\",\"potentialAction\":[{\"@type\":\"ReadAction\",\"target\":[\"https:\/\/fleursenvracmtl.com\/fr\/tulipes-doubles-assorties-en-vrac\/\"]}]},{\"@type\":\"ImageObject\",\"inLanguage\":\"fr-FR\",\"@id\":\"https:\/\/fleursenvracmtl.com\/fr\/tulipes-doubles-assorties-en-vrac\/#primaryimage\",\"url\":\"https:\/\/fleursenvracmtl.com\/wp-content\/uploads\/2025\/02\/DTU-Double-Tulips-1200-X-1200-3.jpg\",\"contentUrl\":\"https:\/\/fleursenvracmtl.com\/wp-content\/uploads\/2025\/02\/DTU-Double-Tulips-1200-X-1200-3.jpg\",\"width\":1200,\"height\":1200},{\"@type\":\"BreadcrumbList\",\"@id\":\"https:\/\/fleursenvracmtl.com\/fr\/tulipes-doubles-assorties-en-vrac\/#breadcrumb\",\"itemListElement\":[{\"@type\":\"ListItem\",\"position\":1,\"name\":\"Home\",\"item\":\"https:\/\/fleursenvracmtl.com\/fr\/\"},{\"@type\":\"ListItem\",\"position\":2,\"name\":\"Shop\",\"item\":\"https:\/\/fleursenvracmtl.com\/en\/shop\/\"},{\"@type\":\"ListItem\",\"position\":3,\"name\":\"Tulipes Doubles Assorties en vrac\"}]},{\"@type\":\"WebSite\",\"@id\":\"https:\/\/fleursenvracmtl.com\/en\/#website\",\"url\":\"https:\/\/fleursenvracmtl.com\/en\/\",\"name\":\"Fleurs en Vrac MTL\",\"description\":\"Fleurs en Vrac Mtl - Bulk flower by Le Bouquet\",\"alternateName\":\"Fleurs en Vrac MTL\",\"potentialAction\":[{\"@type\":\"SearchAction\",\"target\":{\"@type\":\"EntryPoint\",\"urlTemplate\":\"https:\/\/fleursenvracmtl.com\/en\/?s={search_term_string}\"},\"query-input\":{\"@type\":\"PropertyValueSpecification\",\"valueRequired\":true,\"valueName\":\"search_term_string\"}}],\"inLanguage\":\"fr-FR\"}]}<\/script>\n<meta property=\"product:price:amount\" content=\"0.00\" \/>\n<meta property=\"product:price:currency\" content=\"CAD\" \/>\n<meta property=\"og:availability\" content=\"instock\" \/>\n<meta property=\"product:availability\" content=\"instock\" \/>\n<meta property=\"product:condition\" content=\"new\" \/>\n<!-- \/ Yoast SEO Premium plugin. -->","yoast_head_json":{"title":"Assorted Double Tulips (Bulk DIY) \u2013 Fresh & Elegant","description":"Shop Assorted Double Tulips (Bulk DIY) for stunning floral arrangements. Fresh, high-quality tulips in vibrant hues. Perfect for weddings & events!","robots":{"index":"index","follow":"follow","max-snippet":"max-snippet:-1","max-image-preview":"max-image-preview:large","max-video-preview":"max-video-preview:-1"},"canonical":"https:\/\/fleursenvracmtl.com\/fr\/tulipes-doubles-assorties-en-vrac\/","og_locale":"fr_FR","og_type":"article","og_title":"Tulipes Doubles Assorties en vrac","og_description":"Shop Assorted Double Tulips (Bulk DIY) for stunning floral arrangements. Fresh, high-quality tulips in vibrant hues. Perfect for weddings & events!","og_url":"https:\/\/fleursenvracmtl.com\/fr\/tulipes-doubles-assorties-en-vrac\/","og_site_name":"Fleurs en Vrac Mtl","article_publisher":"https:\/\/www.facebook.com\/LeBouquetMTL\/","article_modified_time":"2026-03-28T05:43:27+00:00","og_image":[{"width":1200,"height":1200,"url":"https:\/\/fleursenvracmtl.com\/wp-content\/uploads\/2025\/02\/DTU-Double-Tulips-1200-X-1200-3.jpg","type":"image\/jpeg"}],"twitter_card":"summary_large_image","twitter_misc":{"Prix":"&#36;0.00","Disponibilit\u00e9":"En stock"},"schema":{"@context":"https:\/\/schema.org","@graph":[{"@type":"WebPage","@id":"https:\/\/fleursenvracmtl.com\/fr\/tulipes-doubles-assorties-en-vrac\/","url":"https:\/\/fleursenvracmtl.com\/fr\/tulipes-doubles-assorties-en-vrac\/","name":"Assorted Double Tulips (Bulk DIY) \u2013 Fresh & Elegant","isPartOf":{"@id":"https:\/\/fleursenvracmtl.com\/en\/#website"},"primaryImageOfPage":{"@id":"https:\/\/fleursenvracmtl.com\/fr\/tulipes-doubles-assorties-en-vrac\/#primaryimage"},"image":{"@id":"https:\/\/fleursenvracmtl.com\/fr\/tulipes-doubles-assorties-en-vrac\/#primaryimage"},"thumbnailUrl":"https:\/\/fleursenvracmtl.com\/wp-content\/uploads\/2025\/02\/DTU-Double-Tulips-1200-X-1200-3.jpg","datePublished":"2025-02-08T18:24:26+00:00","dateModified":"2026-03-28T05:43:27+00:00","description":"Shop Assorted Double Tulips (Bulk DIY) for stunning floral arrangements. Fresh, high-quality tulips in vibrant hues. Perfect for weddings & events!","breadcrumb":{"@id":"https:\/\/fleursenvracmtl.com\/fr\/tulipes-doubles-assorties-en-vrac\/#breadcrumb"},"inLanguage":"fr-FR","potentialAction":[{"@type":"ReadAction","target":["https:\/\/fleursenvracmtl.com\/fr\/tulipes-doubles-assorties-en-vrac\/"]}]},{"@type":"ImageObject","inLanguage":"fr-FR","@id":"https:\/\/fleursenvracmtl.com\/fr\/tulipes-doubles-assorties-en-vrac\/#primaryimage","url":"https:\/\/fleursenvracmtl.com\/wp-content\/uploads\/2025\/02\/DTU-Double-Tulips-1200-X-1200-3.jpg","contentUrl":"https:\/\/fleursenvracmtl.com\/wp-content\/uploads\/2025\/02\/DTU-Double-Tulips-1200-X-1200-3.jpg","width":1200,"height":1200},{"@type":"BreadcrumbList","@id":"https:\/\/fleursenvracmtl.com\/fr\/tulipes-doubles-assorties-en-vrac\/#breadcrumb","itemListElement":[{"@type":"ListItem","position":1,"name":"Home","item":"https:\/\/fleursenvracmtl.com\/fr\/"},{"@type":"ListItem","position":2,"name":"Shop","item":"https:\/\/fleursenvracmtl.com\/en\/shop\/"},{"@type":"ListItem","position":3,"name":"Tulipes Doubles Assorties en vrac"}]},{"@type":"WebSite","@id":"https:\/\/fleursenvracmtl.com\/en\/#website","url":"https:\/\/fleursenvracmtl.com\/en\/","name":"Fleurs en Vrac MTL","description":"Fleurs en Vrac Mtl - Bulk flower by Le Bouquet","alternateName":"Fleurs en Vrac MTL","potentialAction":[{"@type":"SearchAction","target":{"@type":"EntryPoint","urlTemplate":"https:\/\/fleursenvracmtl.com\/en\/?s={search_term_string}"},"query-input":{"@type":"PropertyValueSpecification","valueRequired":true,"valueName":"search_term_string"}}],"inLanguage":"fr-FR"}]},"product_price_amount":"0.00","product_price_currency":"CAD","og_availability":"instock","product_availability":"instock","product_condition":"new"},"_links":{"self":[{"href":"https:\/\/fleursenvracmtl.com\/fr\/wp-json\/wp\/v2\/product\/103107","targetHints":{"allow":["GET"]}}],"collection":[{"href":"https:\/\/fleursenvracmtl.com\/fr\/wp-json\/wp\/v2\/product"}],"about":[{"href":"https:\/\/fleursenvracmtl.com\/fr\/wp-json\/wp\/v2\/types\/product"}],"replies":[{"embeddable":true,"href":"https:\/\/fleursenvracmtl.com\/fr\/wp-json\/wp\/v2\/comments?post=103107"}],"wp:featuredmedia":[{"embeddable":true,"href":"https:\/\/fleursenvracmtl.com\/fr\/wp-json\/wp\/v2\/media\/103100"}],"wp:attachment":[{"href":"https:\/\/fleursenvracmtl.com\/fr\/wp-json\/wp\/v2\/media?parent=103107"}],"wp:term":[{"taxonomy":"recipe","embeddable":true,"href":"https:\/\/fleursenvracmtl.com\/fr\/wp-json\/wp\/v2\/recipe?post=103107"},{"taxonomy":"product_brand","embeddable":true,"href":"https:\/\/fleursenvracmtl.com\/fr\/wp-json\/wp\/v2\/product_brand?post=103107"},{"taxonomy":"product_cat","embeddable":true,"href":"https:\/\/fleursenvracmtl.com\/fr\/wp-json\/wp\/v2\/product_cat?post=103107"},{"taxonomy":"product_tag","embeddable":true,"href":"https:\/\/fleursenvracmtl.com\/fr\/wp-json\/wp\/v2\/product_tag?post=103107"}],"curies":[{"name":"wp","href":"https:\/\/api.w.org\/{rel}","templated":true}]}}