{"id":103121,"date":"2025-02-08T13:52:31","date_gmt":"2025-02-08T18:52:31","guid":{"rendered":"https:\/\/www.lebouquet.com\/assorted-parrot-tulips-bulk-diy\/"},"modified":"2025-08-13T06:17:20","modified_gmt":"2025-08-13T10:17:20","slug":"tulipes-perroquet-assorties-en-vrac","status":"publish","type":"product","link":"https:\/\/fleursenvracmtl.com\/fr\/tulipes-perroquet-assorties-en-vrac\/","title":{"rendered":"Tulipes Perroquet Assorties (En Vrac)"},"content":{"rendered":"<p><strong><u>*Pour garantir la fra\u00eecheur des fleurs et leur disponibilit\u00e9, veuillez passer votre commande 2 \u00e0 3 semaines \u00e0 l\u2019avance.<\/u><\/strong><\/p>\n<p>Nos <strong>Tulipes Perroquet Assorties (En Vrac)<\/strong> cultiv\u00e9es localement sont le choix id\u00e9al pour les passionn\u00e9s de fleurs et les organisateurs d\u2019\u00e9v\u00e9nements \u00e0 la recherche d&rsquo;une touche unique. Ces tulipes exotiques se distinguent par leurs p\u00e9tales dentel\u00e9s et ondul\u00e9s, ainsi que par leurs couleurs \u00e9clatantes. Leur allure artistique exceptionnelle en fait des fleurs parfaites pour les mariages, les \u00e9v\u00e9nements et les cr\u00e9ations florales DIY. Ces tulipes fra\u00eeches et de haute qualit\u00e9 ajouteront une touche spectaculaire \u00e0 toutes vos r\u00e9alisations. Commandez d\u00e8s aujourd\u2019hui pour une d\u00e9coration florale audacieuse !<\/p>\n","protected":false},"excerpt":{"rendered":"<p><strong>Conseils d&rsquo;entretien :<\/strong><\/p>\n<ul>\n<li>Placez les tulipes dans un vase propre avec de l\u2019eau fra\u00eeche.<\/li>\n<li>Coupez les tiges en biais tous les 2 jours.<\/li>\n<li>Conservez-les dans un endroit frais, \u00e0 l\u2019abri du soleil direct.<\/li>\n<\/ul>\n","protected":false},"featured_media":103111,"comment_status":"open","ping_status":"closed","template":"","meta":{"_acf_changed":false,"inline_featured_image":false},"recipe":[],"product_brand":[],"product_cat":[17168,18075,18069,17169,18070,18076],"product_tag":[],"class_list":{"0":"post-103121","1":"product","2":"type-product","3":"status-publish","4":"has-post-thumbnail","6":"product_cat-bulk-flowers","7":"product_cat-parrot-tulips-bulk","8":"product_cat-bulk-tulips","9":"product_cat-fleurs-en-vrac","10":"product_cat-tulipes-en-vrac","11":"product_cat-tulipes-perroquet-en-gros","13":"first","14":"instock","15":"shipping-taxable","16":"purchasable","17":"product-type-simple","18":"out_of_season_fr"},"acf":[],"yoast_head":"<!-- This site is optimized with the Yoast SEO Premium plugin v25.2 (Yoast SEO v26.2) - https:\/\/yoast.com\/wordpress\/plugins\/seo\/ -->\n<title>Tulipes Perroquet Assorties (En Vrac) \u2013 Exotiques &amp; \u00c9clatantes<\/title>\n<meta name=\"description\" content=\"Commandez des Tulipes Perroquet Assorties (En Vrac DIY) pour des compositions florales exceptionnelles. Tulipes fra\u00eeches aux p\u00e9tales ondul\u00e9s. Id\u00e9ales pour mariages &amp; \u00e9v\u00e9nements !\" \/>\n<meta name=\"robots\" content=\"index, follow, max-snippet:-1, max-image-preview:large, max-video-preview:-1\" \/>\n<link rel=\"canonical\" href=\"https:\/\/fleursenvracmtl.com\/en\/assorted-parrot-tulips-bulk-diy\/\" \/>\n<meta property=\"og:locale\" content=\"fr_FR\" \/>\n<meta property=\"og:type\" content=\"article\" \/>\n<meta property=\"og:title\" content=\"Tulipes Perroquet Assorties (En Vrac)\" \/>\n<meta property=\"og:description\" content=\"Commandez des Tulipes Perroquet Assorties (En Vrac DIY) pour des compositions florales exceptionnelles. Tulipes fra\u00eeches aux p\u00e9tales ondul\u00e9s. Id\u00e9ales pour mariages &amp; \u00e9v\u00e9nements !\" \/>\n<meta property=\"og:url\" content=\"https:\/\/fleursenvracmtl.com\/en\/assorted-parrot-tulips-bulk-diy\/\" \/>\n<meta property=\"og:site_name\" content=\"Fleurs en Vrac Mtl\" \/>\n<meta property=\"article:publisher\" content=\"https:\/\/www.facebook.com\/LeBouquetMTL\/\" \/>\n<meta property=\"article:modified_time\" content=\"2025-08-13T10:17:20+00:00\" \/>\n<meta property=\"og:image\" content=\"https:\/\/fleursenvracmtl.com\/wp-content\/uploads\/2025\/02\/PTU-Parrot-Tulips-1200-x-1200.jpg\" \/>\n\t<meta property=\"og:image:width\" content=\"1200\" \/>\n\t<meta property=\"og:image:height\" content=\"1200\" \/>\n\t<meta property=\"og:image:type\" content=\"image\/jpeg\" \/>\n<meta name=\"twitter:card\" content=\"summary_large_image\" \/>\n<meta name=\"twitter:label1\" content=\"Prix\" \/>\n\t<meta name=\"twitter:data1\" content=\"&#036;0.00\" \/>\n\t<meta name=\"twitter:label2\" content=\"Disponibilit\u00e9\" \/>\n\t<meta name=\"twitter:data2\" content=\"En stock\" \/>\n<script type=\"application\/ld+json\" class=\"yoast-schema-graph\">{\"@context\":\"https:\/\/schema.org\",\"@graph\":[{\"@type\":\"WebPage\",\"@id\":\"https:\/\/fleursenvracmtl.com\/en\/assorted-parrot-tulips-bulk-diy\/\",\"url\":\"https:\/\/fleursenvracmtl.com\/en\/assorted-parrot-tulips-bulk-diy\/\",\"name\":\"Tulipes Perroquet Assorties (En Vrac) \u2013 Exotiques & \u00c9clatantes\",\"isPartOf\":{\"@id\":\"https:\/\/fleursenvracmtl.com\/en\/#website\"},\"primaryImageOfPage\":{\"@id\":\"https:\/\/fleursenvracmtl.com\/en\/assorted-parrot-tulips-bulk-diy\/#primaryimage\"},\"image\":{\"@id\":\"https:\/\/fleursenvracmtl.com\/en\/assorted-parrot-tulips-bulk-diy\/#primaryimage\"},\"thumbnailUrl\":\"https:\/\/fleursenvracmtl.com\/wp-content\/uploads\/2025\/02\/PTU-Parrot-Tulips-1200-x-1200.jpg\",\"datePublished\":\"2025-02-08T18:52:31+00:00\",\"dateModified\":\"2025-08-13T10:17:20+00:00\",\"description\":\"Commandez des Tulipes Perroquet Assorties (En Vrac DIY) pour des compositions florales exceptionnelles. Tulipes fra\u00eeches aux p\u00e9tales ondul\u00e9s. Id\u00e9ales pour mariages & \u00e9v\u00e9nements !\",\"breadcrumb\":{\"@id\":\"https:\/\/fleursenvracmtl.com\/en\/assorted-parrot-tulips-bulk-diy\/#breadcrumb\"},\"inLanguage\":\"fr-FR\",\"potentialAction\":[{\"@type\":\"ReadAction\",\"target\":[\"https:\/\/fleursenvracmtl.com\/en\/assorted-parrot-tulips-bulk-diy\/\"]}]},{\"@type\":\"ImageObject\",\"inLanguage\":\"fr-FR\",\"@id\":\"https:\/\/fleursenvracmtl.com\/en\/assorted-parrot-tulips-bulk-diy\/#primaryimage\",\"url\":\"https:\/\/fleursenvracmtl.com\/wp-content\/uploads\/2025\/02\/PTU-Parrot-Tulips-1200-x-1200.jpg\",\"contentUrl\":\"https:\/\/fleursenvracmtl.com\/wp-content\/uploads\/2025\/02\/PTU-Parrot-Tulips-1200-x-1200.jpg\",\"width\":1200,\"height\":1200},{\"@type\":\"BreadcrumbList\",\"@id\":\"https:\/\/fleursenvracmtl.com\/en\/assorted-parrot-tulips-bulk-diy\/#breadcrumb\",\"itemListElement\":[{\"@type\":\"ListItem\",\"position\":1,\"name\":\"Home\",\"item\":\"https:\/\/fleursenvracmtl.com\/fr\/\"},{\"@type\":\"ListItem\",\"position\":2,\"name\":\"Shop\",\"item\":\"https:\/\/fleursenvracmtl.com\/en\/shop\/\"},{\"@type\":\"ListItem\",\"position\":3,\"name\":\"Tulipes Perroquet Assorties (En Vrac)\"}]},{\"@type\":\"WebSite\",\"@id\":\"https:\/\/fleursenvracmtl.com\/en\/#website\",\"url\":\"https:\/\/fleursenvracmtl.com\/en\/\",\"name\":\"Fleurs en Vrac MTL\",\"description\":\"Fleurs en Vrac Mtl - Bulk flower by Le Bouquet\",\"alternateName\":\"Fleurs en Vrac MTL\",\"potentialAction\":[{\"@type\":\"SearchAction\",\"target\":{\"@type\":\"EntryPoint\",\"urlTemplate\":\"https:\/\/fleursenvracmtl.com\/en\/?s={search_term_string}\"},\"query-input\":{\"@type\":\"PropertyValueSpecification\",\"valueRequired\":true,\"valueName\":\"search_term_string\"}}],\"inLanguage\":\"fr-FR\"}]}<\/script>\n<meta property=\"product:price:amount\" content=\"0.00\" \/>\n<meta property=\"product:price:currency\" content=\"CAD\" \/>\n<meta property=\"og:availability\" content=\"instock\" \/>\n<meta property=\"product:availability\" content=\"instock\" \/>\n<meta property=\"product:condition\" content=\"new\" \/>\n<!-- \/ Yoast SEO Premium plugin. -->","yoast_head_json":{"title":"Tulipes Perroquet Assorties (En Vrac) \u2013 Exotiques & \u00c9clatantes","description":"Commandez des Tulipes Perroquet Assorties (En Vrac DIY) pour des compositions florales exceptionnelles. Tulipes fra\u00eeches aux p\u00e9tales ondul\u00e9s. Id\u00e9ales pour mariages & \u00e9v\u00e9nements !","robots":{"index":"index","follow":"follow","max-snippet":"max-snippet:-1","max-image-preview":"max-image-preview:large","max-video-preview":"max-video-preview:-1"},"canonical":"https:\/\/fleursenvracmtl.com\/en\/assorted-parrot-tulips-bulk-diy\/","og_locale":"fr_FR","og_type":"article","og_title":"Tulipes Perroquet Assorties (En Vrac)","og_description":"Commandez des Tulipes Perroquet Assorties (En Vrac DIY) pour des compositions florales exceptionnelles. Tulipes fra\u00eeches aux p\u00e9tales ondul\u00e9s. Id\u00e9ales pour mariages & \u00e9v\u00e9nements !","og_url":"https:\/\/fleursenvracmtl.com\/en\/assorted-parrot-tulips-bulk-diy\/","og_site_name":"Fleurs en Vrac Mtl","article_publisher":"https:\/\/www.facebook.com\/LeBouquetMTL\/","article_modified_time":"2025-08-13T10:17:20+00:00","og_image":[{"width":1200,"height":1200,"url":"https:\/\/fleursenvracmtl.com\/wp-content\/uploads\/2025\/02\/PTU-Parrot-Tulips-1200-x-1200.jpg","type":"image\/jpeg"}],"twitter_card":"summary_large_image","twitter_misc":{"Prix":"&#36;0.00","Disponibilit\u00e9":"En stock"},"schema":{"@context":"https:\/\/schema.org","@graph":[{"@type":"WebPage","@id":"https:\/\/fleursenvracmtl.com\/en\/assorted-parrot-tulips-bulk-diy\/","url":"https:\/\/fleursenvracmtl.com\/en\/assorted-parrot-tulips-bulk-diy\/","name":"Tulipes Perroquet Assorties (En Vrac) \u2013 Exotiques & \u00c9clatantes","isPartOf":{"@id":"https:\/\/fleursenvracmtl.com\/en\/#website"},"primaryImageOfPage":{"@id":"https:\/\/fleursenvracmtl.com\/en\/assorted-parrot-tulips-bulk-diy\/#primaryimage"},"image":{"@id":"https:\/\/fleursenvracmtl.com\/en\/assorted-parrot-tulips-bulk-diy\/#primaryimage"},"thumbnailUrl":"https:\/\/fleursenvracmtl.com\/wp-content\/uploads\/2025\/02\/PTU-Parrot-Tulips-1200-x-1200.jpg","datePublished":"2025-02-08T18:52:31+00:00","dateModified":"2025-08-13T10:17:20+00:00","description":"Commandez des Tulipes Perroquet Assorties (En Vrac DIY) pour des compositions florales exceptionnelles. Tulipes fra\u00eeches aux p\u00e9tales ondul\u00e9s. Id\u00e9ales pour mariages & \u00e9v\u00e9nements !","breadcrumb":{"@id":"https:\/\/fleursenvracmtl.com\/en\/assorted-parrot-tulips-bulk-diy\/#breadcrumb"},"inLanguage":"fr-FR","potentialAction":[{"@type":"ReadAction","target":["https:\/\/fleursenvracmtl.com\/en\/assorted-parrot-tulips-bulk-diy\/"]}]},{"@type":"ImageObject","inLanguage":"fr-FR","@id":"https:\/\/fleursenvracmtl.com\/en\/assorted-parrot-tulips-bulk-diy\/#primaryimage","url":"https:\/\/fleursenvracmtl.com\/wp-content\/uploads\/2025\/02\/PTU-Parrot-Tulips-1200-x-1200.jpg","contentUrl":"https:\/\/fleursenvracmtl.com\/wp-content\/uploads\/2025\/02\/PTU-Parrot-Tulips-1200-x-1200.jpg","width":1200,"height":1200},{"@type":"BreadcrumbList","@id":"https:\/\/fleursenvracmtl.com\/en\/assorted-parrot-tulips-bulk-diy\/#breadcrumb","itemListElement":[{"@type":"ListItem","position":1,"name":"Home","item":"https:\/\/fleursenvracmtl.com\/fr\/"},{"@type":"ListItem","position":2,"name":"Shop","item":"https:\/\/fleursenvracmtl.com\/en\/shop\/"},{"@type":"ListItem","position":3,"name":"Tulipes Perroquet Assorties (En Vrac)"}]},{"@type":"WebSite","@id":"https:\/\/fleursenvracmtl.com\/en\/#website","url":"https:\/\/fleursenvracmtl.com\/en\/","name":"Fleurs en Vrac MTL","description":"Fleurs en Vrac Mtl - Bulk flower by Le Bouquet","alternateName":"Fleurs en Vrac MTL","potentialAction":[{"@type":"SearchAction","target":{"@type":"EntryPoint","urlTemplate":"https:\/\/fleursenvracmtl.com\/en\/?s={search_term_string}"},"query-input":{"@type":"PropertyValueSpecification","valueRequired":true,"valueName":"search_term_string"}}],"inLanguage":"fr-FR"}]},"product_price_amount":"0.00","product_price_currency":"CAD","og_availability":"instock","product_availability":"instock","product_condition":"new"},"_links":{"self":[{"href":"https:\/\/fleursenvracmtl.com\/fr\/wp-json\/wp\/v2\/product\/103121","targetHints":{"allow":["GET"]}}],"collection":[{"href":"https:\/\/fleursenvracmtl.com\/fr\/wp-json\/wp\/v2\/product"}],"about":[{"href":"https:\/\/fleursenvracmtl.com\/fr\/wp-json\/wp\/v2\/types\/product"}],"replies":[{"embeddable":true,"href":"https:\/\/fleursenvracmtl.com\/fr\/wp-json\/wp\/v2\/comments?post=103121"}],"wp:featuredmedia":[{"embeddable":true,"href":"https:\/\/fleursenvracmtl.com\/fr\/wp-json\/wp\/v2\/media\/103111"}],"wp:attachment":[{"href":"https:\/\/fleursenvracmtl.com\/fr\/wp-json\/wp\/v2\/media?parent=103121"}],"wp:term":[{"taxonomy":"recipe","embeddable":true,"href":"https:\/\/fleursenvracmtl.com\/fr\/wp-json\/wp\/v2\/recipe?post=103121"},{"taxonomy":"product_brand","embeddable":true,"href":"https:\/\/fleursenvracmtl.com\/fr\/wp-json\/wp\/v2\/product_brand?post=103121"},{"taxonomy":"product_cat","embeddable":true,"href":"https:\/\/fleursenvracmtl.com\/fr\/wp-json\/wp\/v2\/product_cat?post=103121"},{"taxonomy":"product_tag","embeddable":true,"href":"https:\/\/fleursenvracmtl.com\/fr\/wp-json\/wp\/v2\/product_tag?post=103121"}],"curies":[{"name":"wp","href":"https:\/\/api.w.org\/{rel}","templated":true}]}}