{"id":105535,"date":"2025-02-22T10:35:44","date_gmt":"2025-02-22T15:35:44","guid":{"rendered":"https:\/\/www.lebouquet.com\/curry-single-tulip\/"},"modified":"2026-03-28T01:42:43","modified_gmt":"2026-03-28T05:42:43","slug":"tulipe-unique-curry","status":"publish","type":"product","link":"https:\/\/fleursenvracmtl.com\/fr\/tulipe-unique-curry\/","title":{"rendered":"Tulipes Uniques Curry en vrac"},"content":{"rendered":"<p><strong><u>*Pour garantir la fra\u00eecheur et la disponibilit\u00e9, veuillez passer votre commande 2-3 semaines \u00e0 l\u2019avance.<\/u><\/strong><\/p>\n<p>D\u00e9couvrez le charme chaleureux de notre <strong>Tulipes Uniques Curry<\/strong>, une fleur qui s\u00e9duit par ses teintes riches et \u00e9pic\u00e9es ainsi que par son \u00e9l\u00e9gance raffin\u00e9e. Inspir\u00e9e par les nuances vibrantes d&rsquo;\u00e9pices exotiques, cette tulipe apporte une \u00e9nergie unique et captivante \u00e0 toute composition florale, que ce soit comme pi\u00e8ce ma\u00eetresse ou comme touche d\u00e9licate. Soigneusement cultiv\u00e9e pour garantir une fra\u00eecheur in\u00e9gal\u00e9e et une beaut\u00e9 durable, la Tulipe Unique Curry est un v\u00e9ritable atout pour sublimer votre d\u00e9cor.<\/p>\n","protected":false},"excerpt":{"rendered":"<p><strong>Instructions de Soins :<\/strong><\/p>\n<ul>\n<li>Gardez les tulipes dans un vase propre avec de l&rsquo;eau fra\u00eeche.<\/li>\n<li>Coupez les tiges en biais tous les 2 jours.<\/li>\n<li>Conservez-les dans un endroit frais et \u00e0 l&rsquo;abri de la lumi\u00e8re directe du soleil.<\/li>\n<\/ul>\n","protected":false},"featured_media":105522,"comment_status":"open","ping_status":"closed","template":"","meta":{"_acf_changed":false,"inline_featured_image":false},"recipe":[],"product_brand":[],"product_cat":[18071,17169,18070,18072],"product_tag":[],"class_list":{"0":"post-105535","1":"product","2":"type-product","3":"status-publish","4":"has-post-thumbnail","6":"product_cat-single-tulips-bulk","7":"product_cat-fleurs-en-vrac","8":"product_cat-tulipes-en-vrac","9":"product_cat-tulipes-simple-en-gros","11":"first","12":"instock","13":"shipping-taxable","14":"purchasable","15":"product-type-simple"},"acf":[],"yoast_head":"<!-- This site is optimized with the Yoast SEO Premium plugin v25.2 (Yoast SEO v26.2) - https:\/\/yoast.com\/wordpress\/plugins\/seo\/ -->\n<title>Curry Single Tulip \u2013 Vibrant, Fresh Online Flower<\/title>\n<meta name=\"description\" content=\"Elevate your floral decor with our Curry Single Tulip, boasting rich, captivating hues and exceptional freshness. *Please order 2-3 weeks in advance for guaranteed availability.\" \/>\n<meta name=\"robots\" content=\"index, follow, max-snippet:-1, max-image-preview:large, max-video-preview:-1\" \/>\n<link rel=\"canonical\" href=\"https:\/\/fleursenvracmtl.com\/fr\/tulipe-unique-curry\/\" \/>\n<meta property=\"og:locale\" content=\"fr_FR\" \/>\n<meta property=\"og:type\" content=\"article\" \/>\n<meta property=\"og:title\" content=\"Tulipes Uniques Curry en vrac\" \/>\n<meta property=\"og:description\" content=\"Elevate your floral decor with our Curry Single Tulip, boasting rich, captivating hues and exceptional freshness. *Please order 2-3 weeks in advance for guaranteed availability.\" \/>\n<meta property=\"og:url\" content=\"https:\/\/fleursenvracmtl.com\/fr\/tulipe-unique-curry\/\" \/>\n<meta property=\"og:site_name\" content=\"Fleurs en Vrac Mtl\" \/>\n<meta property=\"article:publisher\" content=\"https:\/\/www.facebook.com\/LeBouquetMTL\/\" \/>\n<meta property=\"article:modified_time\" content=\"2026-03-28T05:42:43+00:00\" \/>\n<meta property=\"og:image\" content=\"https:\/\/fleursenvracmtl.com\/wp-content\/uploads\/2025\/02\/STU-CUR-Curry-Single-Tulip-1200-x-1200-2.jpg\" \/>\n\t<meta property=\"og:image:width\" content=\"1200\" \/>\n\t<meta property=\"og:image:height\" content=\"1200\" \/>\n\t<meta property=\"og:image:type\" content=\"image\/jpeg\" \/>\n<meta name=\"twitter:card\" content=\"summary_large_image\" \/>\n<meta name=\"twitter:label1\" content=\"Prix\" \/>\n\t<meta name=\"twitter:data1\" content=\"&#036;0.00\" \/>\n\t<meta name=\"twitter:label2\" content=\"Disponibilit\u00e9\" \/>\n\t<meta name=\"twitter:data2\" content=\"En stock\" \/>\n<script type=\"application\/ld+json\" class=\"yoast-schema-graph\">{\"@context\":\"https:\/\/schema.org\",\"@graph\":[{\"@type\":\"WebPage\",\"@id\":\"https:\/\/fleursenvracmtl.com\/fr\/tulipe-unique-curry\/\",\"url\":\"https:\/\/fleursenvracmtl.com\/fr\/tulipe-unique-curry\/\",\"name\":\"Curry Single Tulip \u2013 Vibrant, Fresh Online Flower\",\"isPartOf\":{\"@id\":\"https:\/\/fleursenvracmtl.com\/en\/#website\"},\"primaryImageOfPage\":{\"@id\":\"https:\/\/fleursenvracmtl.com\/fr\/tulipe-unique-curry\/#primaryimage\"},\"image\":{\"@id\":\"https:\/\/fleursenvracmtl.com\/fr\/tulipe-unique-curry\/#primaryimage\"},\"thumbnailUrl\":\"https:\/\/fleursenvracmtl.com\/wp-content\/uploads\/2025\/02\/STU-CUR-Curry-Single-Tulip-1200-x-1200-2.jpg\",\"datePublished\":\"2025-02-22T15:35:44+00:00\",\"dateModified\":\"2026-03-28T05:42:43+00:00\",\"description\":\"Elevate your floral decor with our Curry Single Tulip, boasting rich, captivating hues and exceptional freshness. *Please order 2-3 weeks in advance for guaranteed availability.\",\"breadcrumb\":{\"@id\":\"https:\/\/fleursenvracmtl.com\/fr\/tulipe-unique-curry\/#breadcrumb\"},\"inLanguage\":\"fr-FR\",\"potentialAction\":[{\"@type\":\"ReadAction\",\"target\":[\"https:\/\/fleursenvracmtl.com\/fr\/tulipe-unique-curry\/\"]}]},{\"@type\":\"ImageObject\",\"inLanguage\":\"fr-FR\",\"@id\":\"https:\/\/fleursenvracmtl.com\/fr\/tulipe-unique-curry\/#primaryimage\",\"url\":\"https:\/\/fleursenvracmtl.com\/wp-content\/uploads\/2025\/02\/STU-CUR-Curry-Single-Tulip-1200-x-1200-2.jpg\",\"contentUrl\":\"https:\/\/fleursenvracmtl.com\/wp-content\/uploads\/2025\/02\/STU-CUR-Curry-Single-Tulip-1200-x-1200-2.jpg\",\"width\":1200,\"height\":1200,\"caption\":\"Curry Single Tulip\"},{\"@type\":\"BreadcrumbList\",\"@id\":\"https:\/\/fleursenvracmtl.com\/fr\/tulipe-unique-curry\/#breadcrumb\",\"itemListElement\":[{\"@type\":\"ListItem\",\"position\":1,\"name\":\"Home\",\"item\":\"https:\/\/fleursenvracmtl.com\/fr\/\"},{\"@type\":\"ListItem\",\"position\":2,\"name\":\"Shop\",\"item\":\"https:\/\/fleursenvracmtl.com\/en\/shop\/\"},{\"@type\":\"ListItem\",\"position\":3,\"name\":\"Tulipes Uniques Curry en vrac\"}]},{\"@type\":\"WebSite\",\"@id\":\"https:\/\/fleursenvracmtl.com\/en\/#website\",\"url\":\"https:\/\/fleursenvracmtl.com\/en\/\",\"name\":\"Fleurs en Vrac MTL\",\"description\":\"Fleurs en Vrac Mtl - Bulk flower by Le Bouquet\",\"alternateName\":\"Fleurs en Vrac MTL\",\"potentialAction\":[{\"@type\":\"SearchAction\",\"target\":{\"@type\":\"EntryPoint\",\"urlTemplate\":\"https:\/\/fleursenvracmtl.com\/en\/?s={search_term_string}\"},\"query-input\":{\"@type\":\"PropertyValueSpecification\",\"valueRequired\":true,\"valueName\":\"search_term_string\"}}],\"inLanguage\":\"fr-FR\"}]}<\/script>\n<meta property=\"product:price:amount\" content=\"0.00\" \/>\n<meta property=\"product:price:currency\" content=\"CAD\" \/>\n<meta property=\"og:availability\" content=\"instock\" \/>\n<meta property=\"product:availability\" content=\"instock\" \/>\n<meta property=\"product:condition\" content=\"new\" \/>\n<!-- \/ Yoast SEO Premium plugin. -->","yoast_head_json":{"title":"Curry Single Tulip \u2013 Vibrant, Fresh Online Flower","description":"Elevate your floral decor with our Curry Single Tulip, boasting rich, captivating hues and exceptional freshness. *Please order 2-3 weeks in advance for guaranteed availability.","robots":{"index":"index","follow":"follow","max-snippet":"max-snippet:-1","max-image-preview":"max-image-preview:large","max-video-preview":"max-video-preview:-1"},"canonical":"https:\/\/fleursenvracmtl.com\/fr\/tulipe-unique-curry\/","og_locale":"fr_FR","og_type":"article","og_title":"Tulipes Uniques Curry en vrac","og_description":"Elevate your floral decor with our Curry Single Tulip, boasting rich, captivating hues and exceptional freshness. *Please order 2-3 weeks in advance for guaranteed availability.","og_url":"https:\/\/fleursenvracmtl.com\/fr\/tulipe-unique-curry\/","og_site_name":"Fleurs en Vrac Mtl","article_publisher":"https:\/\/www.facebook.com\/LeBouquetMTL\/","article_modified_time":"2026-03-28T05:42:43+00:00","og_image":[{"width":1200,"height":1200,"url":"https:\/\/fleursenvracmtl.com\/wp-content\/uploads\/2025\/02\/STU-CUR-Curry-Single-Tulip-1200-x-1200-2.jpg","type":"image\/jpeg"}],"twitter_card":"summary_large_image","twitter_misc":{"Prix":"&#36;0.00","Disponibilit\u00e9":"En stock"},"schema":{"@context":"https:\/\/schema.org","@graph":[{"@type":"WebPage","@id":"https:\/\/fleursenvracmtl.com\/fr\/tulipe-unique-curry\/","url":"https:\/\/fleursenvracmtl.com\/fr\/tulipe-unique-curry\/","name":"Curry Single Tulip \u2013 Vibrant, Fresh Online Flower","isPartOf":{"@id":"https:\/\/fleursenvracmtl.com\/en\/#website"},"primaryImageOfPage":{"@id":"https:\/\/fleursenvracmtl.com\/fr\/tulipe-unique-curry\/#primaryimage"},"image":{"@id":"https:\/\/fleursenvracmtl.com\/fr\/tulipe-unique-curry\/#primaryimage"},"thumbnailUrl":"https:\/\/fleursenvracmtl.com\/wp-content\/uploads\/2025\/02\/STU-CUR-Curry-Single-Tulip-1200-x-1200-2.jpg","datePublished":"2025-02-22T15:35:44+00:00","dateModified":"2026-03-28T05:42:43+00:00","description":"Elevate your floral decor with our Curry Single Tulip, boasting rich, captivating hues and exceptional freshness. *Please order 2-3 weeks in advance for guaranteed availability.","breadcrumb":{"@id":"https:\/\/fleursenvracmtl.com\/fr\/tulipe-unique-curry\/#breadcrumb"},"inLanguage":"fr-FR","potentialAction":[{"@type":"ReadAction","target":["https:\/\/fleursenvracmtl.com\/fr\/tulipe-unique-curry\/"]}]},{"@type":"ImageObject","inLanguage":"fr-FR","@id":"https:\/\/fleursenvracmtl.com\/fr\/tulipe-unique-curry\/#primaryimage","url":"https:\/\/fleursenvracmtl.com\/wp-content\/uploads\/2025\/02\/STU-CUR-Curry-Single-Tulip-1200-x-1200-2.jpg","contentUrl":"https:\/\/fleursenvracmtl.com\/wp-content\/uploads\/2025\/02\/STU-CUR-Curry-Single-Tulip-1200-x-1200-2.jpg","width":1200,"height":1200,"caption":"Curry Single Tulip"},{"@type":"BreadcrumbList","@id":"https:\/\/fleursenvracmtl.com\/fr\/tulipe-unique-curry\/#breadcrumb","itemListElement":[{"@type":"ListItem","position":1,"name":"Home","item":"https:\/\/fleursenvracmtl.com\/fr\/"},{"@type":"ListItem","position":2,"name":"Shop","item":"https:\/\/fleursenvracmtl.com\/en\/shop\/"},{"@type":"ListItem","position":3,"name":"Tulipes Uniques Curry en vrac"}]},{"@type":"WebSite","@id":"https:\/\/fleursenvracmtl.com\/en\/#website","url":"https:\/\/fleursenvracmtl.com\/en\/","name":"Fleurs en Vrac MTL","description":"Fleurs en Vrac Mtl - Bulk flower by Le Bouquet","alternateName":"Fleurs en Vrac MTL","potentialAction":[{"@type":"SearchAction","target":{"@type":"EntryPoint","urlTemplate":"https:\/\/fleursenvracmtl.com\/en\/?s={search_term_string}"},"query-input":{"@type":"PropertyValueSpecification","valueRequired":true,"valueName":"search_term_string"}}],"inLanguage":"fr-FR"}]},"product_price_amount":"0.00","product_price_currency":"CAD","og_availability":"instock","product_availability":"instock","product_condition":"new"},"_links":{"self":[{"href":"https:\/\/fleursenvracmtl.com\/fr\/wp-json\/wp\/v2\/product\/105535","targetHints":{"allow":["GET"]}}],"collection":[{"href":"https:\/\/fleursenvracmtl.com\/fr\/wp-json\/wp\/v2\/product"}],"about":[{"href":"https:\/\/fleursenvracmtl.com\/fr\/wp-json\/wp\/v2\/types\/product"}],"replies":[{"embeddable":true,"href":"https:\/\/fleursenvracmtl.com\/fr\/wp-json\/wp\/v2\/comments?post=105535"}],"wp:featuredmedia":[{"embeddable":true,"href":"https:\/\/fleursenvracmtl.com\/fr\/wp-json\/wp\/v2\/media\/105522"}],"wp:attachment":[{"href":"https:\/\/fleursenvracmtl.com\/fr\/wp-json\/wp\/v2\/media?parent=105535"}],"wp:term":[{"taxonomy":"recipe","embeddable":true,"href":"https:\/\/fleursenvracmtl.com\/fr\/wp-json\/wp\/v2\/recipe?post=105535"},{"taxonomy":"product_brand","embeddable":true,"href":"https:\/\/fleursenvracmtl.com\/fr\/wp-json\/wp\/v2\/product_brand?post=105535"},{"taxonomy":"product_cat","embeddable":true,"href":"https:\/\/fleursenvracmtl.com\/fr\/wp-json\/wp\/v2\/product_cat?post=105535"},{"taxonomy":"product_tag","embeddable":true,"href":"https:\/\/fleursenvracmtl.com\/fr\/wp-json\/wp\/v2\/product_tag?post=105535"}],"curies":[{"name":"wp","href":"https:\/\/api.w.org\/{rel}","templated":true}]}}