{"id":105606,"date":"2025-02-22T12:10:02","date_gmt":"2025-02-22T17:10:02","guid":{"rendered":"https:\/\/www.lebouquet.com\/kiteman-double-tulips\/"},"modified":"2025-08-13T06:17:14","modified_gmt":"2025-08-13T10:17:14","slug":"tulipes-doubles-kiteman","status":"publish","type":"product","link":"https:\/\/fleursenvracmtl.com\/fr\/tulipes-doubles-kiteman\/","title":{"rendered":"Tulipes Doubles Kiteman en vrac"},"content":{"rendered":"<p><strong><u>*Pour garantir la fra\u00eecheur et la disponibilit\u00e9, veuillez passer votre commande 2-3 semaines \u00e0 l\u2019avance.<\/u><\/strong><\/p>\n<p>Apportez une touche de chaleur et de gaiet\u00e9 avec nos <strong>Tulipes Doubles Kiteman<\/strong>, reconnaissables \u00e0 leurs p\u00e9tales superpos\u00e9s aux nuances d\u2019orange \u00e9clatant. Cultiv\u00e9es avec le plus grand soin pour une fra\u00eecheur optimale, ces tulipes de qualit\u00e9 sup\u00e9rieure constituent un bouquet vivant, id\u00e9al comme pi\u00e8ce ma\u00eetresse ou comme cadeau attentionn\u00e9. Leurs fleurs doubles et douces ajoutent texture et profondeur, illuminant n\u2019importe quel espace.<\/p>\n","protected":false},"excerpt":{"rendered":"<p><strong>Instructions de Soins :<\/strong><\/p>\n<ul>\n<li>Gardez les tulipes dans un vase propre avec de l\u2019eau fra\u00eeche.<\/li>\n<li>Coupez les tiges en biais tous les 2 jours.<\/li>\n<li>Conservez-les dans un endroit frais et \u00e0 l\u2019abri de la lumi\u00e8re directe du soleil.<\/li>\n<\/ul>\n","protected":false},"featured_media":105597,"comment_status":"open","ping_status":"closed","template":"","meta":{"_acf_changed":false,"inline_featured_image":false},"recipe":[],"product_brand":[],"product_cat":[18073,17168,18069,17169,18070,18074],"product_tag":[],"class_list":{"0":"post-105606","1":"product","2":"type-product","3":"status-publish","4":"has-post-thumbnail","6":"product_cat-double-tulips-bulk","7":"product_cat-bulk-flowers","8":"product_cat-bulk-tulips","9":"product_cat-fleurs-en-vrac","10":"product_cat-tulipes-en-vrac","11":"product_cat-tulipes-double-en-gros","13":"first","14":"instock","15":"shipping-taxable","16":"purchasable","17":"product-type-simple"},"acf":[],"yoast_head":"<!-- This site is optimized with the Yoast SEO Premium plugin v25.2 (Yoast SEO v26.2) - https:\/\/yoast.com\/wordpress\/plugins\/seo\/ -->\n<title>Tulipes Doubles Kiteman \u2013 Fleurs Vibrantes et Fra\u00eeches en Ligne<\/title>\n<meta name=\"description\" content=\"Apportez chaleur et relief \u00e0 votre d\u00e9coration avec nos Tulipes Doubles Kiteman, aux p\u00e9tales orange \u00e9clatant.\" \/>\n<meta name=\"robots\" content=\"index, follow, max-snippet:-1, max-image-preview:large, max-video-preview:-1\" \/>\n<link rel=\"canonical\" href=\"https:\/\/fleursenvracmtl.com\/en\/kiteman-double-tulips\/\" \/>\n<meta property=\"og:locale\" content=\"fr_FR\" \/>\n<meta property=\"og:type\" content=\"article\" \/>\n<meta property=\"og:title\" content=\"Tulipes Doubles Kiteman en vrac\" \/>\n<meta property=\"og:description\" content=\"Apportez chaleur et relief \u00e0 votre d\u00e9coration avec nos Tulipes Doubles Kiteman, aux p\u00e9tales orange \u00e9clatant.\" \/>\n<meta property=\"og:url\" content=\"https:\/\/fleursenvracmtl.com\/en\/kiteman-double-tulips\/\" \/>\n<meta property=\"og:site_name\" content=\"Fleurs en Vrac Mtl\" \/>\n<meta property=\"article:publisher\" content=\"https:\/\/www.facebook.com\/LeBouquetMTL\/\" \/>\n<meta property=\"article:modified_time\" content=\"2025-08-13T10:17:14+00:00\" \/>\n<meta property=\"og:image\" content=\"https:\/\/fleursenvracmtl.com\/wp-content\/uploads\/2025\/02\/DTU-KIT-Kiteman-Double-Tulips-1200-X-1200-28.jpg\" \/>\n\t<meta property=\"og:image:width\" content=\"1200\" \/>\n\t<meta property=\"og:image:height\" content=\"1200\" \/>\n\t<meta property=\"og:image:type\" content=\"image\/jpeg\" \/>\n<meta name=\"twitter:card\" content=\"summary_large_image\" \/>\n<meta name=\"twitter:label1\" content=\"Prix\" \/>\n\t<meta name=\"twitter:data1\" content=\"&#036;0.00\" \/>\n\t<meta name=\"twitter:label2\" content=\"Disponibilit\u00e9\" \/>\n\t<meta name=\"twitter:data2\" content=\"En stock\" \/>\n<script type=\"application\/ld+json\" class=\"yoast-schema-graph\">{\"@context\":\"https:\/\/schema.org\",\"@graph\":[{\"@type\":\"WebPage\",\"@id\":\"https:\/\/fleursenvracmtl.com\/en\/kiteman-double-tulips\/\",\"url\":\"https:\/\/fleursenvracmtl.com\/en\/kiteman-double-tulips\/\",\"name\":\"Tulipes Doubles Kiteman \u2013 Fleurs Vibrantes et Fra\u00eeches en Ligne\",\"isPartOf\":{\"@id\":\"https:\/\/fleursenvracmtl.com\/en\/#website\"},\"primaryImageOfPage\":{\"@id\":\"https:\/\/fleursenvracmtl.com\/en\/kiteman-double-tulips\/#primaryimage\"},\"image\":{\"@id\":\"https:\/\/fleursenvracmtl.com\/en\/kiteman-double-tulips\/#primaryimage\"},\"thumbnailUrl\":\"https:\/\/fleursenvracmtl.com\/wp-content\/uploads\/2025\/02\/DTU-KIT-Kiteman-Double-Tulips-1200-X-1200-28.jpg\",\"datePublished\":\"2025-02-22T17:10:02+00:00\",\"dateModified\":\"2025-08-13T10:17:14+00:00\",\"description\":\"Apportez chaleur et relief \u00e0 votre d\u00e9coration avec nos Tulipes Doubles Kiteman, aux p\u00e9tales orange \u00e9clatant.\",\"breadcrumb\":{\"@id\":\"https:\/\/fleursenvracmtl.com\/en\/kiteman-double-tulips\/#breadcrumb\"},\"inLanguage\":\"fr-FR\",\"potentialAction\":[{\"@type\":\"ReadAction\",\"target\":[\"https:\/\/fleursenvracmtl.com\/en\/kiteman-double-tulips\/\"]}]},{\"@type\":\"ImageObject\",\"inLanguage\":\"fr-FR\",\"@id\":\"https:\/\/fleursenvracmtl.com\/en\/kiteman-double-tulips\/#primaryimage\",\"url\":\"https:\/\/fleursenvracmtl.com\/wp-content\/uploads\/2025\/02\/DTU-KIT-Kiteman-Double-Tulips-1200-X-1200-28.jpg\",\"contentUrl\":\"https:\/\/fleursenvracmtl.com\/wp-content\/uploads\/2025\/02\/DTU-KIT-Kiteman-Double-Tulips-1200-X-1200-28.jpg\",\"width\":1200,\"height\":1200,\"caption\":\"Kiteman Double Tulips\"},{\"@type\":\"BreadcrumbList\",\"@id\":\"https:\/\/fleursenvracmtl.com\/en\/kiteman-double-tulips\/#breadcrumb\",\"itemListElement\":[{\"@type\":\"ListItem\",\"position\":1,\"name\":\"Home\",\"item\":\"https:\/\/fleursenvracmtl.com\/fr\/\"},{\"@type\":\"ListItem\",\"position\":2,\"name\":\"Shop\",\"item\":\"https:\/\/fleursenvracmtl.com\/en\/shop\/\"},{\"@type\":\"ListItem\",\"position\":3,\"name\":\"Tulipes Doubles Kiteman en vrac\"}]},{\"@type\":\"WebSite\",\"@id\":\"https:\/\/fleursenvracmtl.com\/en\/#website\",\"url\":\"https:\/\/fleursenvracmtl.com\/en\/\",\"name\":\"Fleurs en Vrac MTL\",\"description\":\"Fleurs en Vrac Mtl - Bulk flower by Le Bouquet\",\"alternateName\":\"Fleurs en Vrac MTL\",\"potentialAction\":[{\"@type\":\"SearchAction\",\"target\":{\"@type\":\"EntryPoint\",\"urlTemplate\":\"https:\/\/fleursenvracmtl.com\/en\/?s={search_term_string}\"},\"query-input\":{\"@type\":\"PropertyValueSpecification\",\"valueRequired\":true,\"valueName\":\"search_term_string\"}}],\"inLanguage\":\"fr-FR\"}]}<\/script>\n<meta property=\"product:price:amount\" content=\"0.00\" \/>\n<meta property=\"product:price:currency\" content=\"CAD\" \/>\n<meta property=\"og:availability\" content=\"instock\" \/>\n<meta property=\"product:availability\" content=\"instock\" \/>\n<meta property=\"product:condition\" content=\"new\" \/>\n<!-- \/ Yoast SEO Premium plugin. -->","yoast_head_json":{"title":"Tulipes Doubles Kiteman \u2013 Fleurs Vibrantes et Fra\u00eeches en Ligne","description":"Apportez chaleur et relief \u00e0 votre d\u00e9coration avec nos Tulipes Doubles Kiteman, aux p\u00e9tales orange \u00e9clatant.","robots":{"index":"index","follow":"follow","max-snippet":"max-snippet:-1","max-image-preview":"max-image-preview:large","max-video-preview":"max-video-preview:-1"},"canonical":"https:\/\/fleursenvracmtl.com\/en\/kiteman-double-tulips\/","og_locale":"fr_FR","og_type":"article","og_title":"Tulipes Doubles Kiteman en vrac","og_description":"Apportez chaleur et relief \u00e0 votre d\u00e9coration avec nos Tulipes Doubles Kiteman, aux p\u00e9tales orange \u00e9clatant.","og_url":"https:\/\/fleursenvracmtl.com\/en\/kiteman-double-tulips\/","og_site_name":"Fleurs en Vrac Mtl","article_publisher":"https:\/\/www.facebook.com\/LeBouquetMTL\/","article_modified_time":"2025-08-13T10:17:14+00:00","og_image":[{"width":1200,"height":1200,"url":"https:\/\/fleursenvracmtl.com\/wp-content\/uploads\/2025\/02\/DTU-KIT-Kiteman-Double-Tulips-1200-X-1200-28.jpg","type":"image\/jpeg"}],"twitter_card":"summary_large_image","twitter_misc":{"Prix":"&#36;0.00","Disponibilit\u00e9":"En stock"},"schema":{"@context":"https:\/\/schema.org","@graph":[{"@type":"WebPage","@id":"https:\/\/fleursenvracmtl.com\/en\/kiteman-double-tulips\/","url":"https:\/\/fleursenvracmtl.com\/en\/kiteman-double-tulips\/","name":"Tulipes Doubles Kiteman \u2013 Fleurs Vibrantes et Fra\u00eeches en Ligne","isPartOf":{"@id":"https:\/\/fleursenvracmtl.com\/en\/#website"},"primaryImageOfPage":{"@id":"https:\/\/fleursenvracmtl.com\/en\/kiteman-double-tulips\/#primaryimage"},"image":{"@id":"https:\/\/fleursenvracmtl.com\/en\/kiteman-double-tulips\/#primaryimage"},"thumbnailUrl":"https:\/\/fleursenvracmtl.com\/wp-content\/uploads\/2025\/02\/DTU-KIT-Kiteman-Double-Tulips-1200-X-1200-28.jpg","datePublished":"2025-02-22T17:10:02+00:00","dateModified":"2025-08-13T10:17:14+00:00","description":"Apportez chaleur et relief \u00e0 votre d\u00e9coration avec nos Tulipes Doubles Kiteman, aux p\u00e9tales orange \u00e9clatant.","breadcrumb":{"@id":"https:\/\/fleursenvracmtl.com\/en\/kiteman-double-tulips\/#breadcrumb"},"inLanguage":"fr-FR","potentialAction":[{"@type":"ReadAction","target":["https:\/\/fleursenvracmtl.com\/en\/kiteman-double-tulips\/"]}]},{"@type":"ImageObject","inLanguage":"fr-FR","@id":"https:\/\/fleursenvracmtl.com\/en\/kiteman-double-tulips\/#primaryimage","url":"https:\/\/fleursenvracmtl.com\/wp-content\/uploads\/2025\/02\/DTU-KIT-Kiteman-Double-Tulips-1200-X-1200-28.jpg","contentUrl":"https:\/\/fleursenvracmtl.com\/wp-content\/uploads\/2025\/02\/DTU-KIT-Kiteman-Double-Tulips-1200-X-1200-28.jpg","width":1200,"height":1200,"caption":"Kiteman Double Tulips"},{"@type":"BreadcrumbList","@id":"https:\/\/fleursenvracmtl.com\/en\/kiteman-double-tulips\/#breadcrumb","itemListElement":[{"@type":"ListItem","position":1,"name":"Home","item":"https:\/\/fleursenvracmtl.com\/fr\/"},{"@type":"ListItem","position":2,"name":"Shop","item":"https:\/\/fleursenvracmtl.com\/en\/shop\/"},{"@type":"ListItem","position":3,"name":"Tulipes Doubles Kiteman en vrac"}]},{"@type":"WebSite","@id":"https:\/\/fleursenvracmtl.com\/en\/#website","url":"https:\/\/fleursenvracmtl.com\/en\/","name":"Fleurs en Vrac MTL","description":"Fleurs en Vrac Mtl - Bulk flower by Le Bouquet","alternateName":"Fleurs en Vrac MTL","potentialAction":[{"@type":"SearchAction","target":{"@type":"EntryPoint","urlTemplate":"https:\/\/fleursenvracmtl.com\/en\/?s={search_term_string}"},"query-input":{"@type":"PropertyValueSpecification","valueRequired":true,"valueName":"search_term_string"}}],"inLanguage":"fr-FR"}]},"product_price_amount":"0.00","product_price_currency":"CAD","og_availability":"instock","product_availability":"instock","product_condition":"new"},"_links":{"self":[{"href":"https:\/\/fleursenvracmtl.com\/fr\/wp-json\/wp\/v2\/product\/105606","targetHints":{"allow":["GET"]}}],"collection":[{"href":"https:\/\/fleursenvracmtl.com\/fr\/wp-json\/wp\/v2\/product"}],"about":[{"href":"https:\/\/fleursenvracmtl.com\/fr\/wp-json\/wp\/v2\/types\/product"}],"replies":[{"embeddable":true,"href":"https:\/\/fleursenvracmtl.com\/fr\/wp-json\/wp\/v2\/comments?post=105606"}],"wp:featuredmedia":[{"embeddable":true,"href":"https:\/\/fleursenvracmtl.com\/fr\/wp-json\/wp\/v2\/media\/105597"}],"wp:attachment":[{"href":"https:\/\/fleursenvracmtl.com\/fr\/wp-json\/wp\/v2\/media?parent=105606"}],"wp:term":[{"taxonomy":"recipe","embeddable":true,"href":"https:\/\/fleursenvracmtl.com\/fr\/wp-json\/wp\/v2\/recipe?post=105606"},{"taxonomy":"product_brand","embeddable":true,"href":"https:\/\/fleursenvracmtl.com\/fr\/wp-json\/wp\/v2\/product_brand?post=105606"},{"taxonomy":"product_cat","embeddable":true,"href":"https:\/\/fleursenvracmtl.com\/fr\/wp-json\/wp\/v2\/product_cat?post=105606"},{"taxonomy":"product_tag","embeddable":true,"href":"https:\/\/fleursenvracmtl.com\/fr\/wp-json\/wp\/v2\/product_tag?post=105606"}],"curies":[{"name":"wp","href":"https:\/\/api.w.org\/{rel}","templated":true}]}}