{"id":105618,"date":"2025-02-22T12:25:03","date_gmt":"2025-02-22T17:25:03","guid":{"rendered":"https:\/\/www.lebouquet.com\/marie-jo-double-tulips\/"},"modified":"2025-08-13T06:17:13","modified_gmt":"2025-08-13T10:17:13","slug":"tulipes-doubles-marie-jo","status":"publish","type":"product","link":"https:\/\/fleursenvracmtl.com\/fr\/tulipes-doubles-marie-jo\/","title":{"rendered":"Tulipes Doubles Marie Jo en vrac"},"content":{"rendered":"<p><strong><u>*Pour garantir la fra\u00eecheur et la disponibilit\u00e9, veuillez passer votre commande 2-3 semaines \u00e0 l\u2019avance.<\/u><\/strong><\/p>\n<p>Illuminez votre int\u00e9rieur avec nos <strong>Tulipes Doubles Marie Jo<\/strong>, dot\u00e9es de p\u00e9tales superpos\u00e9s d\u2019un jaune \u00e9clatant. Cultiv\u00e9es avec soin pour garantir une fra\u00eecheur optimale et une beaut\u00e9 durable, ces tulipes de qualit\u00e9 sup\u00e9rieure constituent le choix id\u00e9al pour une pi\u00e8ce ma\u00eetresse joyeuse ou un cadeau attentionn\u00e9. Leur couleur vibrante et leurs fleurs doubles apportent chaleur et \u00e9nergie \u00e0 tout espace.<\/p>\n","protected":false},"excerpt":{"rendered":"<p><strong>Instructions de Soins :<\/strong><\/p>\n<ul>\n<li>Gardez les tulipes dans un vase propre avec de l\u2019eau fra\u00eeche.<\/li>\n<li>Coupez les tiges en biais tous les 2 jours.<\/li>\n<li>Conservez-les dans un endroit frais et \u00e0 l\u2019abri de la lumi\u00e8re directe du soleil.<\/li>\n<\/ul>\n","protected":false},"featured_media":105608,"comment_status":"open","ping_status":"closed","template":"","meta":{"_acf_changed":false,"inline_featured_image":false},"recipe":[],"product_brand":[],"product_cat":[18073,17168,18069,17169,18070,18074],"product_tag":[],"class_list":{"0":"post-105618","1":"product","2":"type-product","3":"status-publish","4":"has-post-thumbnail","6":"product_cat-double-tulips-bulk","7":"product_cat-bulk-flowers","8":"product_cat-bulk-tulips","9":"product_cat-fleurs-en-vrac","10":"product_cat-tulipes-en-vrac","11":"product_cat-tulipes-double-en-gros","13":"first","14":"instock","15":"shipping-taxable","16":"purchasable","17":"product-type-simple"},"acf":[],"yoast_head":"<!-- This site is optimized with the Yoast SEO Premium plugin v25.2 (Yoast SEO v26.2) - https:\/\/yoast.com\/wordpress\/plugins\/seo\/ -->\n<title>Tulipes Doubles Marie Jo \u2013 Fleurs Lumineuses et Fra\u00eeches en Ligne<\/title>\n<meta name=\"description\" content=\"Sublimez votre d\u00e9coration avec nos Tulipes Doubles Marie Jo, aux p\u00e9tales jaunes \u00e9clatants et \u00e0 la fra\u00eecheur durable.\" \/>\n<meta name=\"robots\" content=\"index, follow, max-snippet:-1, max-image-preview:large, max-video-preview:-1\" \/>\n<link rel=\"canonical\" href=\"https:\/\/fleursenvracmtl.com\/fr\/tulipes-doubles-marie-jo\/\" \/>\n<meta property=\"og:locale\" content=\"fr_FR\" \/>\n<meta property=\"og:type\" content=\"article\" \/>\n<meta property=\"og:title\" content=\"Tulipes Doubles Marie Jo en vrac\" \/>\n<meta property=\"og:description\" content=\"Sublimez votre d\u00e9coration avec nos Tulipes Doubles Marie Jo, aux p\u00e9tales jaunes \u00e9clatants et \u00e0 la fra\u00eecheur durable.\" \/>\n<meta property=\"og:url\" content=\"https:\/\/fleursenvracmtl.com\/fr\/tulipes-doubles-marie-jo\/\" \/>\n<meta property=\"og:site_name\" content=\"Fleurs en Vrac Mtl\" \/>\n<meta property=\"article:publisher\" content=\"https:\/\/www.facebook.com\/LeBouquetMTL\/\" \/>\n<meta property=\"article:modified_time\" content=\"2025-08-13T10:17:13+00:00\" \/>\n<meta property=\"og:image\" content=\"https:\/\/fleursenvracmtl.com\/wp-content\/uploads\/2025\/02\/DTU-MJO-Marie-Jo-Double-Tulips-1200-X-1200-3.jpg\" \/>\n\t<meta property=\"og:image:width\" content=\"1200\" \/>\n\t<meta property=\"og:image:height\" content=\"1200\" \/>\n\t<meta property=\"og:image:type\" content=\"image\/jpeg\" \/>\n<meta name=\"twitter:card\" content=\"summary_large_image\" \/>\n<meta name=\"twitter:label1\" content=\"Prix\" \/>\n\t<meta name=\"twitter:data1\" content=\"&#036;0.00\" \/>\n\t<meta name=\"twitter:label2\" content=\"Disponibilit\u00e9\" \/>\n\t<meta name=\"twitter:data2\" content=\"En stock\" \/>\n<script type=\"application\/ld+json\" class=\"yoast-schema-graph\">{\"@context\":\"https:\/\/schema.org\",\"@graph\":[{\"@type\":\"WebPage\",\"@id\":\"https:\/\/fleursenvracmtl.com\/fr\/tulipes-doubles-marie-jo\/\",\"url\":\"https:\/\/fleursenvracmtl.com\/fr\/tulipes-doubles-marie-jo\/\",\"name\":\"Tulipes Doubles Marie Jo \u2013 Fleurs Lumineuses et Fra\u00eeches en Ligne\",\"isPartOf\":{\"@id\":\"https:\/\/fleursenvracmtl.com\/en\/#website\"},\"primaryImageOfPage\":{\"@id\":\"https:\/\/fleursenvracmtl.com\/fr\/tulipes-doubles-marie-jo\/#primaryimage\"},\"image\":{\"@id\":\"https:\/\/fleursenvracmtl.com\/fr\/tulipes-doubles-marie-jo\/#primaryimage\"},\"thumbnailUrl\":\"https:\/\/fleursenvracmtl.com\/wp-content\/uploads\/2025\/02\/DTU-MJO-Marie-Jo-Double-Tulips-1200-X-1200-3.jpg\",\"datePublished\":\"2025-02-22T17:25:03+00:00\",\"dateModified\":\"2025-08-13T10:17:13+00:00\",\"description\":\"Sublimez votre d\u00e9coration avec nos Tulipes Doubles Marie Jo, aux p\u00e9tales jaunes \u00e9clatants et \u00e0 la fra\u00eecheur durable.\",\"breadcrumb\":{\"@id\":\"https:\/\/fleursenvracmtl.com\/fr\/tulipes-doubles-marie-jo\/#breadcrumb\"},\"inLanguage\":\"fr-FR\",\"potentialAction\":[{\"@type\":\"ReadAction\",\"target\":[\"https:\/\/fleursenvracmtl.com\/fr\/tulipes-doubles-marie-jo\/\"]}]},{\"@type\":\"ImageObject\",\"inLanguage\":\"fr-FR\",\"@id\":\"https:\/\/fleursenvracmtl.com\/fr\/tulipes-doubles-marie-jo\/#primaryimage\",\"url\":\"https:\/\/fleursenvracmtl.com\/wp-content\/uploads\/2025\/02\/DTU-MJO-Marie-Jo-Double-Tulips-1200-X-1200-3.jpg\",\"contentUrl\":\"https:\/\/fleursenvracmtl.com\/wp-content\/uploads\/2025\/02\/DTU-MJO-Marie-Jo-Double-Tulips-1200-X-1200-3.jpg\",\"width\":1200,\"height\":1200,\"caption\":\"Marie Jo Double Tulips\"},{\"@type\":\"BreadcrumbList\",\"@id\":\"https:\/\/fleursenvracmtl.com\/fr\/tulipes-doubles-marie-jo\/#breadcrumb\",\"itemListElement\":[{\"@type\":\"ListItem\",\"position\":1,\"name\":\"Home\",\"item\":\"https:\/\/fleursenvracmtl.com\/fr\/\"},{\"@type\":\"ListItem\",\"position\":2,\"name\":\"Shop\",\"item\":\"https:\/\/fleursenvracmtl.com\/en\/shop\/\"},{\"@type\":\"ListItem\",\"position\":3,\"name\":\"Tulipes Doubles Marie Jo en vrac\"}]},{\"@type\":\"WebSite\",\"@id\":\"https:\/\/fleursenvracmtl.com\/en\/#website\",\"url\":\"https:\/\/fleursenvracmtl.com\/en\/\",\"name\":\"Fleurs en Vrac MTL\",\"description\":\"Fleurs en Vrac Mtl - Bulk flower by Le Bouquet\",\"alternateName\":\"Fleurs en Vrac MTL\",\"potentialAction\":[{\"@type\":\"SearchAction\",\"target\":{\"@type\":\"EntryPoint\",\"urlTemplate\":\"https:\/\/fleursenvracmtl.com\/en\/?s={search_term_string}\"},\"query-input\":{\"@type\":\"PropertyValueSpecification\",\"valueRequired\":true,\"valueName\":\"search_term_string\"}}],\"inLanguage\":\"fr-FR\"}]}<\/script>\n<meta property=\"product:price:amount\" content=\"0.00\" \/>\n<meta property=\"product:price:currency\" content=\"CAD\" \/>\n<meta property=\"og:availability\" content=\"instock\" \/>\n<meta property=\"product:availability\" content=\"instock\" \/>\n<meta property=\"product:condition\" content=\"new\" \/>\n<!-- \/ Yoast SEO Premium plugin. -->","yoast_head_json":{"title":"Tulipes Doubles Marie Jo \u2013 Fleurs Lumineuses et Fra\u00eeches en Ligne","description":"Sublimez votre d\u00e9coration avec nos Tulipes Doubles Marie Jo, aux p\u00e9tales jaunes \u00e9clatants et \u00e0 la fra\u00eecheur durable.","robots":{"index":"index","follow":"follow","max-snippet":"max-snippet:-1","max-image-preview":"max-image-preview:large","max-video-preview":"max-video-preview:-1"},"canonical":"https:\/\/fleursenvracmtl.com\/fr\/tulipes-doubles-marie-jo\/","og_locale":"fr_FR","og_type":"article","og_title":"Tulipes Doubles Marie Jo en vrac","og_description":"Sublimez votre d\u00e9coration avec nos Tulipes Doubles Marie Jo, aux p\u00e9tales jaunes \u00e9clatants et \u00e0 la fra\u00eecheur durable.","og_url":"https:\/\/fleursenvracmtl.com\/fr\/tulipes-doubles-marie-jo\/","og_site_name":"Fleurs en Vrac Mtl","article_publisher":"https:\/\/www.facebook.com\/LeBouquetMTL\/","article_modified_time":"2025-08-13T10:17:13+00:00","og_image":[{"width":1200,"height":1200,"url":"https:\/\/fleursenvracmtl.com\/wp-content\/uploads\/2025\/02\/DTU-MJO-Marie-Jo-Double-Tulips-1200-X-1200-3.jpg","type":"image\/jpeg"}],"twitter_card":"summary_large_image","twitter_misc":{"Prix":"&#36;0.00","Disponibilit\u00e9":"En stock"},"schema":{"@context":"https:\/\/schema.org","@graph":[{"@type":"WebPage","@id":"https:\/\/fleursenvracmtl.com\/fr\/tulipes-doubles-marie-jo\/","url":"https:\/\/fleursenvracmtl.com\/fr\/tulipes-doubles-marie-jo\/","name":"Tulipes Doubles Marie Jo \u2013 Fleurs Lumineuses et Fra\u00eeches en Ligne","isPartOf":{"@id":"https:\/\/fleursenvracmtl.com\/en\/#website"},"primaryImageOfPage":{"@id":"https:\/\/fleursenvracmtl.com\/fr\/tulipes-doubles-marie-jo\/#primaryimage"},"image":{"@id":"https:\/\/fleursenvracmtl.com\/fr\/tulipes-doubles-marie-jo\/#primaryimage"},"thumbnailUrl":"https:\/\/fleursenvracmtl.com\/wp-content\/uploads\/2025\/02\/DTU-MJO-Marie-Jo-Double-Tulips-1200-X-1200-3.jpg","datePublished":"2025-02-22T17:25:03+00:00","dateModified":"2025-08-13T10:17:13+00:00","description":"Sublimez votre d\u00e9coration avec nos Tulipes Doubles Marie Jo, aux p\u00e9tales jaunes \u00e9clatants et \u00e0 la fra\u00eecheur durable.","breadcrumb":{"@id":"https:\/\/fleursenvracmtl.com\/fr\/tulipes-doubles-marie-jo\/#breadcrumb"},"inLanguage":"fr-FR","potentialAction":[{"@type":"ReadAction","target":["https:\/\/fleursenvracmtl.com\/fr\/tulipes-doubles-marie-jo\/"]}]},{"@type":"ImageObject","inLanguage":"fr-FR","@id":"https:\/\/fleursenvracmtl.com\/fr\/tulipes-doubles-marie-jo\/#primaryimage","url":"https:\/\/fleursenvracmtl.com\/wp-content\/uploads\/2025\/02\/DTU-MJO-Marie-Jo-Double-Tulips-1200-X-1200-3.jpg","contentUrl":"https:\/\/fleursenvracmtl.com\/wp-content\/uploads\/2025\/02\/DTU-MJO-Marie-Jo-Double-Tulips-1200-X-1200-3.jpg","width":1200,"height":1200,"caption":"Marie Jo Double Tulips"},{"@type":"BreadcrumbList","@id":"https:\/\/fleursenvracmtl.com\/fr\/tulipes-doubles-marie-jo\/#breadcrumb","itemListElement":[{"@type":"ListItem","position":1,"name":"Home","item":"https:\/\/fleursenvracmtl.com\/fr\/"},{"@type":"ListItem","position":2,"name":"Shop","item":"https:\/\/fleursenvracmtl.com\/en\/shop\/"},{"@type":"ListItem","position":3,"name":"Tulipes Doubles Marie Jo en vrac"}]},{"@type":"WebSite","@id":"https:\/\/fleursenvracmtl.com\/en\/#website","url":"https:\/\/fleursenvracmtl.com\/en\/","name":"Fleurs en Vrac MTL","description":"Fleurs en Vrac Mtl - Bulk flower by Le Bouquet","alternateName":"Fleurs en Vrac MTL","potentialAction":[{"@type":"SearchAction","target":{"@type":"EntryPoint","urlTemplate":"https:\/\/fleursenvracmtl.com\/en\/?s={search_term_string}"},"query-input":{"@type":"PropertyValueSpecification","valueRequired":true,"valueName":"search_term_string"}}],"inLanguage":"fr-FR"}]},"product_price_amount":"0.00","product_price_currency":"CAD","og_availability":"instock","product_availability":"instock","product_condition":"new"},"_links":{"self":[{"href":"https:\/\/fleursenvracmtl.com\/fr\/wp-json\/wp\/v2\/product\/105618","targetHints":{"allow":["GET"]}}],"collection":[{"href":"https:\/\/fleursenvracmtl.com\/fr\/wp-json\/wp\/v2\/product"}],"about":[{"href":"https:\/\/fleursenvracmtl.com\/fr\/wp-json\/wp\/v2\/types\/product"}],"replies":[{"embeddable":true,"href":"https:\/\/fleursenvracmtl.com\/fr\/wp-json\/wp\/v2\/comments?post=105618"}],"wp:featuredmedia":[{"embeddable":true,"href":"https:\/\/fleursenvracmtl.com\/fr\/wp-json\/wp\/v2\/media\/105608"}],"wp:attachment":[{"href":"https:\/\/fleursenvracmtl.com\/fr\/wp-json\/wp\/v2\/media?parent=105618"}],"wp:term":[{"taxonomy":"recipe","embeddable":true,"href":"https:\/\/fleursenvracmtl.com\/fr\/wp-json\/wp\/v2\/recipe?post=105618"},{"taxonomy":"product_brand","embeddable":true,"href":"https:\/\/fleursenvracmtl.com\/fr\/wp-json\/wp\/v2\/product_brand?post=105618"},{"taxonomy":"product_cat","embeddable":true,"href":"https:\/\/fleursenvracmtl.com\/fr\/wp-json\/wp\/v2\/product_cat?post=105618"},{"taxonomy":"product_tag","embeddable":true,"href":"https:\/\/fleursenvracmtl.com\/fr\/wp-json\/wp\/v2\/product_tag?post=105618"}],"curies":[{"name":"wp","href":"https:\/\/api.w.org\/{rel}","templated":true}]}}