{"id":105647,"date":"2025-02-22T12:50:42","date_gmt":"2025-02-22T17:50:42","guid":{"rendered":"https:\/\/www.lebouquet.com\/cabana-parrot-tulips\/"},"modified":"2025-08-13T06:17:12","modified_gmt":"2025-08-13T10:17:12","slug":"tulipes-perroquet-cabana","status":"publish","type":"product","link":"https:\/\/fleursenvracmtl.com\/fr\/tulipes-perroquet-cabana\/","title":{"rendered":"Tulipes Perroquet Cabana en vrac"},"content":{"rendered":"<p><strong><u>*Pour garantir la fra\u00eecheur et la disponibilit\u00e9, veuillez passer votre commande 2-3 semaines \u00e0 l\u2019avance.<\/u><\/strong><\/p>\n<p>Apportez une touche d\u2019\u00e9l\u00e9gance tropicale \u00e0 votre d\u00e9coration avec nos <strong>Tulipes Perroquet Cabana<\/strong>, dot\u00e9es de p\u00e9tales ondul\u00e9s aux nuances d\u00e9licates de rose et de blanc. Cultiv\u00e9es avec soin pour garantir une fra\u00eecheur optimale et durable, ces tulipes de qualit\u00e9 sup\u00e9rieure constituent un choix id\u00e9al pour un centre de table captivant ou un cadeau raffin\u00e9. Leur forme unique et leurs teintes douces insufflent une atmosph\u00e8re de vacances \u00e0 n\u2019importe quel espace.<\/p>\n","protected":false},"excerpt":{"rendered":"<p><strong>Instructions de Soins :<\/strong><\/p>\n<ul>\n<li>Gardez les tulipes dans un vase propre avec de l\u2019eau fra\u00eeche.<\/li>\n<li>Coupez les tiges en biais tous les 2 jours.<\/li>\n<li>Conservez-les dans un endroit frais et \u00e0 l\u2019abri de la lumi\u00e8re directe du soleil.<\/li>\n<\/ul>\n","protected":false},"featured_media":105635,"comment_status":"open","ping_status":"closed","template":"","meta":{"_acf_changed":false,"inline_featured_image":false},"recipe":[],"product_brand":[],"product_cat":[17168,17169],"product_tag":[],"class_list":{"0":"post-105647","1":"product","2":"type-product","3":"status-publish","4":"has-post-thumbnail","6":"product_cat-bulk-flowers","7":"product_cat-fleurs-en-vrac","9":"first","10":"instock","11":"shipping-taxable","12":"purchasable","13":"product-type-simple"},"acf":[],"yoast_head":"<!-- This site is optimized with the Yoast SEO Premium plugin v25.2 (Yoast SEO v26.2) - https:\/\/yoast.com\/wordpress\/plugins\/seo\/ -->\n<title>Tulipes Perroquet Cabana \u2013 Fleurs Exotiques et Fra\u00eeches en Ligne<\/title>\n<meta name=\"description\" content=\"Sublimez votre int\u00e9rieur avec nos Tulipes Perroquet Cabana, aux p\u00e9tales ondul\u00e9s rose et blanc.\" \/>\n<meta name=\"robots\" content=\"index, follow, max-snippet:-1, max-image-preview:large, max-video-preview:-1\" \/>\n<link rel=\"canonical\" href=\"https:\/\/fleursenvracmtl.com\/en\/cabana-parrot-tulips\/\" \/>\n<meta property=\"og:locale\" content=\"fr_FR\" \/>\n<meta property=\"og:type\" content=\"article\" \/>\n<meta property=\"og:title\" content=\"Tulipes Perroquet Cabana en vrac\" \/>\n<meta property=\"og:description\" content=\"Sublimez votre int\u00e9rieur avec nos Tulipes Perroquet Cabana, aux p\u00e9tales ondul\u00e9s rose et blanc.\" \/>\n<meta property=\"og:url\" content=\"https:\/\/fleursenvracmtl.com\/en\/cabana-parrot-tulips\/\" \/>\n<meta property=\"og:site_name\" content=\"Fleurs en Vrac Mtl\" \/>\n<meta property=\"article:publisher\" content=\"https:\/\/www.facebook.com\/LeBouquetMTL\/\" \/>\n<meta property=\"article:modified_time\" content=\"2025-08-13T10:17:12+00:00\" \/>\n<meta property=\"og:image\" content=\"https:\/\/fleursenvracmtl.com\/wp-content\/uploads\/2025\/02\/PTU-CBN-Cabana-Parrot-Tulips-1200-x-12006.jpg\" \/>\n\t<meta property=\"og:image:width\" content=\"1200\" \/>\n\t<meta property=\"og:image:height\" content=\"1200\" \/>\n\t<meta property=\"og:image:type\" content=\"image\/jpeg\" \/>\n<meta name=\"twitter:card\" content=\"summary_large_image\" \/>\n<meta name=\"twitter:label1\" content=\"Prix\" \/>\n\t<meta name=\"twitter:data1\" content=\"&#036;0.00\" \/>\n\t<meta name=\"twitter:label2\" content=\"Disponibilit\u00e9\" \/>\n\t<meta name=\"twitter:data2\" content=\"En stock\" \/>\n<script type=\"application\/ld+json\" class=\"yoast-schema-graph\">{\"@context\":\"https:\/\/schema.org\",\"@graph\":[{\"@type\":\"WebPage\",\"@id\":\"https:\/\/fleursenvracmtl.com\/en\/cabana-parrot-tulips\/\",\"url\":\"https:\/\/fleursenvracmtl.com\/en\/cabana-parrot-tulips\/\",\"name\":\"Tulipes Perroquet Cabana \u2013 Fleurs Exotiques et Fra\u00eeches en Ligne\",\"isPartOf\":{\"@id\":\"https:\/\/fleursenvracmtl.com\/en\/#website\"},\"primaryImageOfPage\":{\"@id\":\"https:\/\/fleursenvracmtl.com\/en\/cabana-parrot-tulips\/#primaryimage\"},\"image\":{\"@id\":\"https:\/\/fleursenvracmtl.com\/en\/cabana-parrot-tulips\/#primaryimage\"},\"thumbnailUrl\":\"https:\/\/fleursenvracmtl.com\/wp-content\/uploads\/2025\/02\/PTU-CBN-Cabana-Parrot-Tulips-1200-x-12006.jpg\",\"datePublished\":\"2025-02-22T17:50:42+00:00\",\"dateModified\":\"2025-08-13T10:17:12+00:00\",\"description\":\"Sublimez votre int\u00e9rieur avec nos Tulipes Perroquet Cabana, aux p\u00e9tales ondul\u00e9s rose et blanc.\",\"breadcrumb\":{\"@id\":\"https:\/\/fleursenvracmtl.com\/en\/cabana-parrot-tulips\/#breadcrumb\"},\"inLanguage\":\"fr-FR\",\"potentialAction\":[{\"@type\":\"ReadAction\",\"target\":[\"https:\/\/fleursenvracmtl.com\/en\/cabana-parrot-tulips\/\"]}]},{\"@type\":\"ImageObject\",\"inLanguage\":\"fr-FR\",\"@id\":\"https:\/\/fleursenvracmtl.com\/en\/cabana-parrot-tulips\/#primaryimage\",\"url\":\"https:\/\/fleursenvracmtl.com\/wp-content\/uploads\/2025\/02\/PTU-CBN-Cabana-Parrot-Tulips-1200-x-12006.jpg\",\"contentUrl\":\"https:\/\/fleursenvracmtl.com\/wp-content\/uploads\/2025\/02\/PTU-CBN-Cabana-Parrot-Tulips-1200-x-12006.jpg\",\"width\":1200,\"height\":1200,\"caption\":\"Cabana Parrot Tulips\"},{\"@type\":\"BreadcrumbList\",\"@id\":\"https:\/\/fleursenvracmtl.com\/en\/cabana-parrot-tulips\/#breadcrumb\",\"itemListElement\":[{\"@type\":\"ListItem\",\"position\":1,\"name\":\"Home\",\"item\":\"https:\/\/fleursenvracmtl.com\/fr\/\"},{\"@type\":\"ListItem\",\"position\":2,\"name\":\"Shop\",\"item\":\"https:\/\/fleursenvracmtl.com\/en\/shop\/\"},{\"@type\":\"ListItem\",\"position\":3,\"name\":\"Tulipes Perroquet Cabana en vrac\"}]},{\"@type\":\"WebSite\",\"@id\":\"https:\/\/fleursenvracmtl.com\/en\/#website\",\"url\":\"https:\/\/fleursenvracmtl.com\/en\/\",\"name\":\"Fleurs en Vrac MTL\",\"description\":\"Fleurs en Vrac Mtl - Bulk flower by Le Bouquet\",\"alternateName\":\"Fleurs en Vrac MTL\",\"potentialAction\":[{\"@type\":\"SearchAction\",\"target\":{\"@type\":\"EntryPoint\",\"urlTemplate\":\"https:\/\/fleursenvracmtl.com\/en\/?s={search_term_string}\"},\"query-input\":{\"@type\":\"PropertyValueSpecification\",\"valueRequired\":true,\"valueName\":\"search_term_string\"}}],\"inLanguage\":\"fr-FR\"}]}<\/script>\n<meta property=\"product:price:amount\" content=\"0.00\" \/>\n<meta property=\"product:price:currency\" content=\"CAD\" \/>\n<meta property=\"og:availability\" content=\"instock\" \/>\n<meta property=\"product:availability\" content=\"instock\" \/>\n<meta property=\"product:condition\" content=\"new\" \/>\n<!-- \/ Yoast SEO Premium plugin. -->","yoast_head_json":{"title":"Tulipes Perroquet Cabana \u2013 Fleurs Exotiques et Fra\u00eeches en Ligne","description":"Sublimez votre int\u00e9rieur avec nos Tulipes Perroquet Cabana, aux p\u00e9tales ondul\u00e9s rose et blanc.","robots":{"index":"index","follow":"follow","max-snippet":"max-snippet:-1","max-image-preview":"max-image-preview:large","max-video-preview":"max-video-preview:-1"},"canonical":"https:\/\/fleursenvracmtl.com\/en\/cabana-parrot-tulips\/","og_locale":"fr_FR","og_type":"article","og_title":"Tulipes Perroquet Cabana en vrac","og_description":"Sublimez votre int\u00e9rieur avec nos Tulipes Perroquet Cabana, aux p\u00e9tales ondul\u00e9s rose et blanc.","og_url":"https:\/\/fleursenvracmtl.com\/en\/cabana-parrot-tulips\/","og_site_name":"Fleurs en Vrac Mtl","article_publisher":"https:\/\/www.facebook.com\/LeBouquetMTL\/","article_modified_time":"2025-08-13T10:17:12+00:00","og_image":[{"width":1200,"height":1200,"url":"https:\/\/fleursenvracmtl.com\/wp-content\/uploads\/2025\/02\/PTU-CBN-Cabana-Parrot-Tulips-1200-x-12006.jpg","type":"image\/jpeg"}],"twitter_card":"summary_large_image","twitter_misc":{"Prix":"&#36;0.00","Disponibilit\u00e9":"En stock"},"schema":{"@context":"https:\/\/schema.org","@graph":[{"@type":"WebPage","@id":"https:\/\/fleursenvracmtl.com\/en\/cabana-parrot-tulips\/","url":"https:\/\/fleursenvracmtl.com\/en\/cabana-parrot-tulips\/","name":"Tulipes Perroquet Cabana \u2013 Fleurs Exotiques et Fra\u00eeches en Ligne","isPartOf":{"@id":"https:\/\/fleursenvracmtl.com\/en\/#website"},"primaryImageOfPage":{"@id":"https:\/\/fleursenvracmtl.com\/en\/cabana-parrot-tulips\/#primaryimage"},"image":{"@id":"https:\/\/fleursenvracmtl.com\/en\/cabana-parrot-tulips\/#primaryimage"},"thumbnailUrl":"https:\/\/fleursenvracmtl.com\/wp-content\/uploads\/2025\/02\/PTU-CBN-Cabana-Parrot-Tulips-1200-x-12006.jpg","datePublished":"2025-02-22T17:50:42+00:00","dateModified":"2025-08-13T10:17:12+00:00","description":"Sublimez votre int\u00e9rieur avec nos Tulipes Perroquet Cabana, aux p\u00e9tales ondul\u00e9s rose et blanc.","breadcrumb":{"@id":"https:\/\/fleursenvracmtl.com\/en\/cabana-parrot-tulips\/#breadcrumb"},"inLanguage":"fr-FR","potentialAction":[{"@type":"ReadAction","target":["https:\/\/fleursenvracmtl.com\/en\/cabana-parrot-tulips\/"]}]},{"@type":"ImageObject","inLanguage":"fr-FR","@id":"https:\/\/fleursenvracmtl.com\/en\/cabana-parrot-tulips\/#primaryimage","url":"https:\/\/fleursenvracmtl.com\/wp-content\/uploads\/2025\/02\/PTU-CBN-Cabana-Parrot-Tulips-1200-x-12006.jpg","contentUrl":"https:\/\/fleursenvracmtl.com\/wp-content\/uploads\/2025\/02\/PTU-CBN-Cabana-Parrot-Tulips-1200-x-12006.jpg","width":1200,"height":1200,"caption":"Cabana Parrot Tulips"},{"@type":"BreadcrumbList","@id":"https:\/\/fleursenvracmtl.com\/en\/cabana-parrot-tulips\/#breadcrumb","itemListElement":[{"@type":"ListItem","position":1,"name":"Home","item":"https:\/\/fleursenvracmtl.com\/fr\/"},{"@type":"ListItem","position":2,"name":"Shop","item":"https:\/\/fleursenvracmtl.com\/en\/shop\/"},{"@type":"ListItem","position":3,"name":"Tulipes Perroquet Cabana en vrac"}]},{"@type":"WebSite","@id":"https:\/\/fleursenvracmtl.com\/en\/#website","url":"https:\/\/fleursenvracmtl.com\/en\/","name":"Fleurs en Vrac MTL","description":"Fleurs en Vrac Mtl - Bulk flower by Le Bouquet","alternateName":"Fleurs en Vrac MTL","potentialAction":[{"@type":"SearchAction","target":{"@type":"EntryPoint","urlTemplate":"https:\/\/fleursenvracmtl.com\/en\/?s={search_term_string}"},"query-input":{"@type":"PropertyValueSpecification","valueRequired":true,"valueName":"search_term_string"}}],"inLanguage":"fr-FR"}]},"product_price_amount":"0.00","product_price_currency":"CAD","og_availability":"instock","product_availability":"instock","product_condition":"new"},"_links":{"self":[{"href":"https:\/\/fleursenvracmtl.com\/fr\/wp-json\/wp\/v2\/product\/105647","targetHints":{"allow":["GET"]}}],"collection":[{"href":"https:\/\/fleursenvracmtl.com\/fr\/wp-json\/wp\/v2\/product"}],"about":[{"href":"https:\/\/fleursenvracmtl.com\/fr\/wp-json\/wp\/v2\/types\/product"}],"replies":[{"embeddable":true,"href":"https:\/\/fleursenvracmtl.com\/fr\/wp-json\/wp\/v2\/comments?post=105647"}],"wp:featuredmedia":[{"embeddable":true,"href":"https:\/\/fleursenvracmtl.com\/fr\/wp-json\/wp\/v2\/media\/105635"}],"wp:attachment":[{"href":"https:\/\/fleursenvracmtl.com\/fr\/wp-json\/wp\/v2\/media?parent=105647"}],"wp:term":[{"taxonomy":"recipe","embeddable":true,"href":"https:\/\/fleursenvracmtl.com\/fr\/wp-json\/wp\/v2\/recipe?post=105647"},{"taxonomy":"product_brand","embeddable":true,"href":"https:\/\/fleursenvracmtl.com\/fr\/wp-json\/wp\/v2\/product_brand?post=105647"},{"taxonomy":"product_cat","embeddable":true,"href":"https:\/\/fleursenvracmtl.com\/fr\/wp-json\/wp\/v2\/product_cat?post=105647"},{"taxonomy":"product_tag","embeddable":true,"href":"https:\/\/fleursenvracmtl.com\/fr\/wp-json\/wp\/v2\/product_tag?post=105647"}],"curies":[{"name":"wp","href":"https:\/\/api.w.org\/{rel}","templated":true}]}}