{"id":105676,"date":"2025-02-22T13:17:21","date_gmt":"2025-02-22T18:17:21","guid":{"rendered":"https:\/\/www.lebouquet.com\/marvel-parrot-tulips\/"},"modified":"2025-08-13T06:17:10","modified_gmt":"2025-08-13T10:17:10","slug":"tulipes-perroquet-marvel","status":"publish","type":"product","link":"https:\/\/fleursenvracmtl.com\/fr\/tulipes-perroquet-marvel\/","title":{"rendered":"Tulipes Perroquet Marvel en vrac"},"content":{"rendered":"<p><strong><u>*Pour garantir la fra\u00eecheur et la disponibilit\u00e9, veuillez passer votre commande 2-3 semaines \u00e0 l\u2019avance.<\/u><\/strong><\/p>\n<p>Illuminez votre int\u00e9rieur avec nos <strong>Tulipes Perroquet Marvel<\/strong>, reconnaissables \u00e0 leurs p\u00e9tales ondul\u00e9s d\u2019un rose \u00e9clatant. Cultiv\u00e9es avec soin pour une fra\u00eecheur optimale, ces tulipes de qualit\u00e9 sup\u00e9rieure ajoutent une touche remarquable \u00e0 toute composition florale. Id\u00e9ales comme pi\u00e8ce ma\u00eetresse saisissante ou comme cadeau attentionn\u00e9, leur forme \u00e0 la fois ludique et \u00e9l\u00e9gante apporte une note de couleur pleine de charme \u00e0 votre d\u00e9coration.<\/p>\n","protected":false},"excerpt":{"rendered":"<p><strong>Instructions de Soins :<\/strong><\/p>\n<ul>\n<li>Gardez les tulipes dans un vase propre avec de l\u2019eau fra\u00eeche.<\/li>\n<li>Coupez les tiges en biais tous les 2 jours.<\/li>\n<li>Conservez-les dans un endroit frais et \u00e0 l\u2019abri de la lumi\u00e8re directe du soleil.<\/li>\n<\/ul>\n","protected":false},"featured_media":105665,"comment_status":"open","ping_status":"closed","template":"","meta":{"_acf_changed":false,"inline_featured_image":false},"recipe":[],"product_brand":[],"product_cat":[17168,18075,18069,17169,18070,18076],"product_tag":[],"class_list":{"0":"post-105676","1":"product","2":"type-product","3":"status-publish","4":"has-post-thumbnail","6":"product_cat-bulk-flowers","7":"product_cat-parrot-tulips-bulk","8":"product_cat-bulk-tulips","9":"product_cat-fleurs-en-vrac","10":"product_cat-tulipes-en-vrac","11":"product_cat-tulipes-perroquet-en-gros","13":"first","14":"instock","15":"shipping-taxable","16":"purchasable","17":"product-type-simple"},"acf":[],"yoast_head":"<!-- This site is optimized with the Yoast SEO Premium plugin v25.2 (Yoast SEO v26.2) - https:\/\/yoast.com\/wordpress\/plugins\/seo\/ -->\n<title>Tulipes Perroquet Marvel \u2013 Fleurs \u00c9clatantes et Fra\u00eeches en Ligne<\/title>\n<meta name=\"description\" content=\"Sublimez votre d\u00e9coration avec nos Tulipes Perroquet Marvel, aux p\u00e9tales ondul\u00e9s rose vif et \u00e0 la fra\u00eecheur durable.\" \/>\n<meta name=\"robots\" content=\"index, follow, max-snippet:-1, max-image-preview:large, max-video-preview:-1\" \/>\n<link rel=\"canonical\" href=\"https:\/\/fleursenvracmtl.com\/fr\/tulipes-perroquet-marvel\/\" \/>\n<meta property=\"og:locale\" content=\"fr_FR\" \/>\n<meta property=\"og:type\" content=\"article\" \/>\n<meta property=\"og:title\" content=\"Tulipes Perroquet Marvel en vrac\" \/>\n<meta property=\"og:description\" content=\"Sublimez votre d\u00e9coration avec nos Tulipes Perroquet Marvel, aux p\u00e9tales ondul\u00e9s rose vif et \u00e0 la fra\u00eecheur durable.\" \/>\n<meta property=\"og:url\" content=\"https:\/\/fleursenvracmtl.com\/fr\/tulipes-perroquet-marvel\/\" \/>\n<meta property=\"og:site_name\" content=\"Fleurs en Vrac Mtl\" \/>\n<meta property=\"article:publisher\" content=\"https:\/\/www.facebook.com\/LeBouquetMTL\/\" \/>\n<meta property=\"article:modified_time\" content=\"2025-08-13T10:17:10+00:00\" \/>\n<meta property=\"og:image\" content=\"https:\/\/fleursenvracmtl.com\/wp-content\/uploads\/2025\/02\/PTU-MAR-Marvel-Parrot-Tulips-1200-x-120017.jpg\" \/>\n\t<meta property=\"og:image:width\" content=\"1200\" \/>\n\t<meta property=\"og:image:height\" content=\"1200\" \/>\n\t<meta property=\"og:image:type\" content=\"image\/jpeg\" \/>\n<meta name=\"twitter:card\" content=\"summary_large_image\" \/>\n<meta name=\"twitter:label1\" content=\"Prix\" \/>\n\t<meta name=\"twitter:data1\" content=\"&#036;0.00\" \/>\n\t<meta name=\"twitter:label2\" content=\"Disponibilit\u00e9\" \/>\n\t<meta name=\"twitter:data2\" content=\"En stock\" \/>\n<script type=\"application\/ld+json\" class=\"yoast-schema-graph\">{\"@context\":\"https:\/\/schema.org\",\"@graph\":[{\"@type\":\"WebPage\",\"@id\":\"https:\/\/fleursenvracmtl.com\/fr\/tulipes-perroquet-marvel\/\",\"url\":\"https:\/\/fleursenvracmtl.com\/fr\/tulipes-perroquet-marvel\/\",\"name\":\"Tulipes Perroquet Marvel \u2013 Fleurs \u00c9clatantes et Fra\u00eeches en Ligne\",\"isPartOf\":{\"@id\":\"https:\/\/fleursenvracmtl.com\/en\/#website\"},\"primaryImageOfPage\":{\"@id\":\"https:\/\/fleursenvracmtl.com\/fr\/tulipes-perroquet-marvel\/#primaryimage\"},\"image\":{\"@id\":\"https:\/\/fleursenvracmtl.com\/fr\/tulipes-perroquet-marvel\/#primaryimage\"},\"thumbnailUrl\":\"https:\/\/fleursenvracmtl.com\/wp-content\/uploads\/2025\/02\/PTU-MAR-Marvel-Parrot-Tulips-1200-x-120017.jpg\",\"datePublished\":\"2025-02-22T18:17:21+00:00\",\"dateModified\":\"2025-08-13T10:17:10+00:00\",\"description\":\"Sublimez votre d\u00e9coration avec nos Tulipes Perroquet Marvel, aux p\u00e9tales ondul\u00e9s rose vif et \u00e0 la fra\u00eecheur durable.\",\"breadcrumb\":{\"@id\":\"https:\/\/fleursenvracmtl.com\/fr\/tulipes-perroquet-marvel\/#breadcrumb\"},\"inLanguage\":\"fr-FR\",\"potentialAction\":[{\"@type\":\"ReadAction\",\"target\":[\"https:\/\/fleursenvracmtl.com\/fr\/tulipes-perroquet-marvel\/\"]}]},{\"@type\":\"ImageObject\",\"inLanguage\":\"fr-FR\",\"@id\":\"https:\/\/fleursenvracmtl.com\/fr\/tulipes-perroquet-marvel\/#primaryimage\",\"url\":\"https:\/\/fleursenvracmtl.com\/wp-content\/uploads\/2025\/02\/PTU-MAR-Marvel-Parrot-Tulips-1200-x-120017.jpg\",\"contentUrl\":\"https:\/\/fleursenvracmtl.com\/wp-content\/uploads\/2025\/02\/PTU-MAR-Marvel-Parrot-Tulips-1200-x-120017.jpg\",\"width\":1200,\"height\":1200,\"caption\":\"Marvel Parrot Tulips\"},{\"@type\":\"BreadcrumbList\",\"@id\":\"https:\/\/fleursenvracmtl.com\/fr\/tulipes-perroquet-marvel\/#breadcrumb\",\"itemListElement\":[{\"@type\":\"ListItem\",\"position\":1,\"name\":\"Home\",\"item\":\"https:\/\/fleursenvracmtl.com\/fr\/\"},{\"@type\":\"ListItem\",\"position\":2,\"name\":\"Shop\",\"item\":\"https:\/\/fleursenvracmtl.com\/en\/shop\/\"},{\"@type\":\"ListItem\",\"position\":3,\"name\":\"Tulipes Perroquet Marvel en vrac\"}]},{\"@type\":\"WebSite\",\"@id\":\"https:\/\/fleursenvracmtl.com\/en\/#website\",\"url\":\"https:\/\/fleursenvracmtl.com\/en\/\",\"name\":\"Fleurs en Vrac MTL\",\"description\":\"Fleurs en Vrac Mtl - Bulk flower by Le Bouquet\",\"alternateName\":\"Fleurs en Vrac MTL\",\"potentialAction\":[{\"@type\":\"SearchAction\",\"target\":{\"@type\":\"EntryPoint\",\"urlTemplate\":\"https:\/\/fleursenvracmtl.com\/en\/?s={search_term_string}\"},\"query-input\":{\"@type\":\"PropertyValueSpecification\",\"valueRequired\":true,\"valueName\":\"search_term_string\"}}],\"inLanguage\":\"fr-FR\"}]}<\/script>\n<meta property=\"product:price:amount\" content=\"0.00\" \/>\n<meta property=\"product:price:currency\" content=\"CAD\" \/>\n<meta property=\"og:availability\" content=\"instock\" \/>\n<meta property=\"product:availability\" content=\"instock\" \/>\n<meta property=\"product:condition\" content=\"new\" \/>\n<!-- \/ Yoast SEO Premium plugin. -->","yoast_head_json":{"title":"Tulipes Perroquet Marvel \u2013 Fleurs \u00c9clatantes et Fra\u00eeches en Ligne","description":"Sublimez votre d\u00e9coration avec nos Tulipes Perroquet Marvel, aux p\u00e9tales ondul\u00e9s rose vif et \u00e0 la fra\u00eecheur durable.","robots":{"index":"index","follow":"follow","max-snippet":"max-snippet:-1","max-image-preview":"max-image-preview:large","max-video-preview":"max-video-preview:-1"},"canonical":"https:\/\/fleursenvracmtl.com\/fr\/tulipes-perroquet-marvel\/","og_locale":"fr_FR","og_type":"article","og_title":"Tulipes Perroquet Marvel en vrac","og_description":"Sublimez votre d\u00e9coration avec nos Tulipes Perroquet Marvel, aux p\u00e9tales ondul\u00e9s rose vif et \u00e0 la fra\u00eecheur durable.","og_url":"https:\/\/fleursenvracmtl.com\/fr\/tulipes-perroquet-marvel\/","og_site_name":"Fleurs en Vrac Mtl","article_publisher":"https:\/\/www.facebook.com\/LeBouquetMTL\/","article_modified_time":"2025-08-13T10:17:10+00:00","og_image":[{"width":1200,"height":1200,"url":"https:\/\/fleursenvracmtl.com\/wp-content\/uploads\/2025\/02\/PTU-MAR-Marvel-Parrot-Tulips-1200-x-120017.jpg","type":"image\/jpeg"}],"twitter_card":"summary_large_image","twitter_misc":{"Prix":"&#36;0.00","Disponibilit\u00e9":"En stock"},"schema":{"@context":"https:\/\/schema.org","@graph":[{"@type":"WebPage","@id":"https:\/\/fleursenvracmtl.com\/fr\/tulipes-perroquet-marvel\/","url":"https:\/\/fleursenvracmtl.com\/fr\/tulipes-perroquet-marvel\/","name":"Tulipes Perroquet Marvel \u2013 Fleurs \u00c9clatantes et Fra\u00eeches en Ligne","isPartOf":{"@id":"https:\/\/fleursenvracmtl.com\/en\/#website"},"primaryImageOfPage":{"@id":"https:\/\/fleursenvracmtl.com\/fr\/tulipes-perroquet-marvel\/#primaryimage"},"image":{"@id":"https:\/\/fleursenvracmtl.com\/fr\/tulipes-perroquet-marvel\/#primaryimage"},"thumbnailUrl":"https:\/\/fleursenvracmtl.com\/wp-content\/uploads\/2025\/02\/PTU-MAR-Marvel-Parrot-Tulips-1200-x-120017.jpg","datePublished":"2025-02-22T18:17:21+00:00","dateModified":"2025-08-13T10:17:10+00:00","description":"Sublimez votre d\u00e9coration avec nos Tulipes Perroquet Marvel, aux p\u00e9tales ondul\u00e9s rose vif et \u00e0 la fra\u00eecheur durable.","breadcrumb":{"@id":"https:\/\/fleursenvracmtl.com\/fr\/tulipes-perroquet-marvel\/#breadcrumb"},"inLanguage":"fr-FR","potentialAction":[{"@type":"ReadAction","target":["https:\/\/fleursenvracmtl.com\/fr\/tulipes-perroquet-marvel\/"]}]},{"@type":"ImageObject","inLanguage":"fr-FR","@id":"https:\/\/fleursenvracmtl.com\/fr\/tulipes-perroquet-marvel\/#primaryimage","url":"https:\/\/fleursenvracmtl.com\/wp-content\/uploads\/2025\/02\/PTU-MAR-Marvel-Parrot-Tulips-1200-x-120017.jpg","contentUrl":"https:\/\/fleursenvracmtl.com\/wp-content\/uploads\/2025\/02\/PTU-MAR-Marvel-Parrot-Tulips-1200-x-120017.jpg","width":1200,"height":1200,"caption":"Marvel Parrot Tulips"},{"@type":"BreadcrumbList","@id":"https:\/\/fleursenvracmtl.com\/fr\/tulipes-perroquet-marvel\/#breadcrumb","itemListElement":[{"@type":"ListItem","position":1,"name":"Home","item":"https:\/\/fleursenvracmtl.com\/fr\/"},{"@type":"ListItem","position":2,"name":"Shop","item":"https:\/\/fleursenvracmtl.com\/en\/shop\/"},{"@type":"ListItem","position":3,"name":"Tulipes Perroquet Marvel en vrac"}]},{"@type":"WebSite","@id":"https:\/\/fleursenvracmtl.com\/en\/#website","url":"https:\/\/fleursenvracmtl.com\/en\/","name":"Fleurs en Vrac MTL","description":"Fleurs en Vrac Mtl - Bulk flower by Le Bouquet","alternateName":"Fleurs en Vrac MTL","potentialAction":[{"@type":"SearchAction","target":{"@type":"EntryPoint","urlTemplate":"https:\/\/fleursenvracmtl.com\/en\/?s={search_term_string}"},"query-input":{"@type":"PropertyValueSpecification","valueRequired":true,"valueName":"search_term_string"}}],"inLanguage":"fr-FR"}]},"product_price_amount":"0.00","product_price_currency":"CAD","og_availability":"instock","product_availability":"instock","product_condition":"new"},"_links":{"self":[{"href":"https:\/\/fleursenvracmtl.com\/fr\/wp-json\/wp\/v2\/product\/105676","targetHints":{"allow":["GET"]}}],"collection":[{"href":"https:\/\/fleursenvracmtl.com\/fr\/wp-json\/wp\/v2\/product"}],"about":[{"href":"https:\/\/fleursenvracmtl.com\/fr\/wp-json\/wp\/v2\/types\/product"}],"replies":[{"embeddable":true,"href":"https:\/\/fleursenvracmtl.com\/fr\/wp-json\/wp\/v2\/comments?post=105676"}],"wp:featuredmedia":[{"embeddable":true,"href":"https:\/\/fleursenvracmtl.com\/fr\/wp-json\/wp\/v2\/media\/105665"}],"wp:attachment":[{"href":"https:\/\/fleursenvracmtl.com\/fr\/wp-json\/wp\/v2\/media?parent=105676"}],"wp:term":[{"taxonomy":"recipe","embeddable":true,"href":"https:\/\/fleursenvracmtl.com\/fr\/wp-json\/wp\/v2\/recipe?post=105676"},{"taxonomy":"product_brand","embeddable":true,"href":"https:\/\/fleursenvracmtl.com\/fr\/wp-json\/wp\/v2\/product_brand?post=105676"},{"taxonomy":"product_cat","embeddable":true,"href":"https:\/\/fleursenvracmtl.com\/fr\/wp-json\/wp\/v2\/product_cat?post=105676"},{"taxonomy":"product_tag","embeddable":true,"href":"https:\/\/fleursenvracmtl.com\/fr\/wp-json\/wp\/v2\/product_tag?post=105676"}],"curies":[{"name":"wp","href":"https:\/\/api.w.org\/{rel}","templated":true}]}}