{"id":114245,"date":"2025-06-02T08:07:03","date_gmt":"2025-06-02T12:07:03","guid":{"rendered":"https:\/\/www.lebouquet.com\/mini-gerbera-black-tie-bulk-diy\/"},"modified":"2025-08-13T06:17:00","modified_gmt":"2025-08-13T10:17:00","slug":"mini-gerbera-black-tie-en-vrac","status":"publish","type":"product","link":"https:\/\/fleursenvracmtl.com\/fr\/mini-gerbera-black-tie-en-vrac\/","title":{"rendered":"Mini Gerbera Black Tie &#8211; en vrac"},"content":{"rendered":"<p><strong><u>*Pour garantir la fra\u00eecheur et la disponibilit\u00e9, veuillez passer votre commande 2 \u00e0 3 semaines \u00e0 l&rsquo;avance.<\/u><\/strong><\/p>\n<p>\u00c9l\u00e9gants et profonds, nos mini gerberas Black Tie arborent des p\u00e9tales d\u2019un rouge fonc\u00e9 velout\u00e9 qui ajoutent une touche chic et raffin\u00e9e \u00e0 vos cr\u00e9ations florales. Cultiv\u00e9es localement au Canada, ces fleurs mesurent entre 55 et 60 cm et sont id\u00e9ales pour les mariages, les \u00e9v\u00e9nements \u00e9l\u00e9gants ou les bouquets DIY romantiques. Livr\u00e9es fra\u00eeches et non nettoy\u00e9es, elles sont pr\u00eates \u00e0 sublimer vos compositions.<\/p>\n<p><strong>Caract\u00e9ristiques principales<\/strong> :<\/p>\n<p><strong>Longueur<\/strong> : 55\u201360 cm<\/p>\n<p><strong>Couleur<\/strong> : Rouge fonc\u00e9 \/ Bourgogne<\/p>\n<p><strong>Origine<\/strong> : Cultiv\u00e9es localement au Canada<\/p>\n<p><strong>Id\u00e9al pour<\/strong> : Arrangements floraux DIY, mariages, \u00e9v\u00e9nements, d\u00e9cor romantique, int\u00e9rieur<\/p>\n<hr>\n<p><strong>Pr\u00e9paration et soins des gerberas<\/strong> :<\/p>\n<p>D\u00e9ballez les fleurs d\u00e8s r\u00e9ception et retirez l\u2019emballage protecteur.<\/p>\n<p>Coupez 2 \u00e0 3 cm des tiges en biais (45\u00b0), tous les 2\u20133 jours.<\/p>\n<p>Placez les tiges dans un vase propre avec de l\u2019eau fra\u00eeche et du conservateur floral.<\/p>\n<p>Changez l\u2019eau et ajoutez du nouveau conservateur tous les 2\u20133 jours.<\/p>\n<p>Gardez les fleurs dans un endroit frais, \u00e0 l\u2019abri du soleil et des courants d\u2019air.<\/p>\n<p>\u00c9vitez de les placer pr\u00e8s de fruits ou l\u00e9gumes m\u00fbrs.<\/p>\n<p>Retirez r\u00e9guli\u00e8rement les p\u00e9tales fan\u00e9s ou ab\u00eem\u00e9s.<\/p>\n<p>Utilisez un vase propre avec de l\u2019eau fra\u00eeche \u00e0 chaque nouvelle disposition.<\/p>\n<hr>\n<p><strong>Disponibilit\u00e9 et d\u00e9tails<\/strong> :<\/p>\n<p><strong>Disponible toute l\u2019ann\u00e9e<\/strong><\/p>\n<p><strong>Commande anticip\u00e9e requise<\/strong> : 2 \u00e0 3 semaines \u00e0 l\u2019avance<\/p>\n<p><strong>Aucune annulation<\/strong> dans les deux semaines pr\u00e9c\u00e9dant la livraison<\/p>\n<p>Produit livr\u00e9 <strong>non taill\u00e9 et non nettoy\u00e9<\/strong>, tel que re\u00e7u de la ferme<\/p>\n<p><strong>Les couleurs peuvent l\u00e9g\u00e8rement varier<\/strong> selon les \u00e9crans<\/p>\n<p><strong>Prix sujets \u00e0 variation<\/strong> durant les p\u00e9riodes de pointe<\/p>\n<p><strong>Paiement requis<\/strong> avant la livraison<\/p>\n","protected":false},"excerpt":{"rendered":"<p>*Pour garantir la fra\u00eecheur et la disponibilit\u00e9, veuillez passer votre commande 2 \u00e0 3 semaines \u00e0 l&rsquo;avance. \u00c9l\u00e9gants et profonds, nos mini gerberas Black Tie arborent des p\u00e9tales d\u2019un rouge fonc\u00e9 velout\u00e9 qui ajoutent une touche chic et raffin\u00e9e \u00e0 vos cr\u00e9ations florales. Cultiv\u00e9es localement au Canada, ces fleurs mesurent entre 55 et 60 cm [&hellip;]<\/p>\n","protected":false},"featured_media":114234,"comment_status":"open","ping_status":"closed","template":"","meta":{"_acf_changed":false},"recipe":[],"product_brand":[],"product_cat":[18340,18341,17168,17416,17169,18345,17454,17457,17469,18344],"product_tag":[],"class_list":{"0":"post-114245","1":"product","2":"type-product","3":"status-publish","4":"has-post-thumbnail","6":"product_cat-bulk-flowers-by-color","7":"product_cat-fleurs-en-vrac-par-couleur","8":"product_cat-bulk-flowers","9":"product_cat-bulk-gerbera","10":"product_cat-fleurs-en-vrac","11":"product_cat-fleurs-rouges-vrac","12":"product_cat-gerbera-en-vrac","13":"product_cat-mini-gerbera","14":"product_cat-mini-gerbera-en-vrac","15":"product_cat-red-bulk-flowers","17":"first","18":"instock","19":"shipping-taxable","20":"purchasable","21":"product-type-simple"},"acf":[],"yoast_head":"<!-- This site is optimized with the Yoast SEO Premium plugin v25.2 (Yoast SEO v26.2) - https:\/\/yoast.com\/wordpress\/plugins\/seo\/ -->\n<title>Mini Gerbera Black Tie Rouge Fonc\u00e9 en vrac \u2013 fleurs DIY | Le Bouquet<\/title>\n<meta name=\"description\" content=\"Commandez nos mini gerberas Black Tie rouge fonc\u00e9 en vrac pour vos mariages, \u00e9v\u00e9nements ou cr\u00e9ations DIY. Cultiv\u00e9s au Canada. Commande \u00e0 l\u2019avance requise.\" \/>\n<meta name=\"robots\" content=\"index, follow, max-snippet:-1, max-image-preview:large, max-video-preview:-1\" \/>\n<link rel=\"canonical\" href=\"https:\/\/fleursenvracmtl.com\/fr\/mini-gerbera-black-tie-en-vrac\/\" \/>\n<meta property=\"og:locale\" content=\"fr_FR\" \/>\n<meta property=\"og:type\" content=\"article\" \/>\n<meta property=\"og:title\" content=\"Mini Gerbera Black Tie - en vrac\" \/>\n<meta property=\"og:description\" content=\"Commandez nos mini gerberas Black Tie rouge fonc\u00e9 en vrac pour vos mariages, \u00e9v\u00e9nements ou cr\u00e9ations DIY. Cultiv\u00e9s au Canada. Commande \u00e0 l\u2019avance requise.\" \/>\n<meta property=\"og:url\" content=\"https:\/\/fleursenvracmtl.com\/fr\/mini-gerbera-black-tie-en-vrac\/\" \/>\n<meta property=\"og:site_name\" content=\"Fleurs en Vrac Mtl\" \/>\n<meta property=\"article:publisher\" content=\"https:\/\/www.facebook.com\/LeBouquetMTL\/\" \/>\n<meta property=\"article:modified_time\" content=\"2025-08-13T10:17:00+00:00\" \/>\n<meta property=\"og:image\" content=\"https:\/\/fleursenvracmtl.com\/wp-content\/uploads\/2025\/06\/MI-GRBTI-Mini-Gerbera-Black-Tie-Bunch.jpg\" \/>\n\t<meta property=\"og:image:width\" content=\"1200\" \/>\n\t<meta property=\"og:image:height\" content=\"1200\" \/>\n\t<meta property=\"og:image:type\" content=\"image\/jpeg\" \/>\n<meta name=\"twitter:card\" content=\"summary_large_image\" \/>\n<meta name=\"twitter:label1\" content=\"Prix\" \/>\n\t<meta name=\"twitter:data1\" content=\"&#036;0.00\" \/>\n\t<meta name=\"twitter:label2\" content=\"Disponibilit\u00e9\" \/>\n\t<meta name=\"twitter:data2\" content=\"En stock\" \/>\n<script type=\"application\/ld+json\" class=\"yoast-schema-graph\">{\"@context\":\"https:\/\/schema.org\",\"@graph\":[{\"@type\":\"WebPage\",\"@id\":\"https:\/\/fleursenvracmtl.com\/fr\/mini-gerbera-black-tie-en-vrac\/\",\"url\":\"https:\/\/fleursenvracmtl.com\/fr\/mini-gerbera-black-tie-en-vrac\/\",\"name\":\"Mini Gerbera Black Tie Rouge Fonc\u00e9 en vrac \u2013 fleurs DIY | Le Bouquet\",\"isPartOf\":{\"@id\":\"https:\/\/fleursenvracmtl.com\/en\/#website\"},\"primaryImageOfPage\":{\"@id\":\"https:\/\/fleursenvracmtl.com\/fr\/mini-gerbera-black-tie-en-vrac\/#primaryimage\"},\"image\":{\"@id\":\"https:\/\/fleursenvracmtl.com\/fr\/mini-gerbera-black-tie-en-vrac\/#primaryimage\"},\"thumbnailUrl\":\"https:\/\/fleursenvracmtl.com\/wp-content\/uploads\/2025\/06\/MI-GRBTI-Mini-Gerbera-Black-Tie-Bunch.jpg\",\"datePublished\":\"2025-06-02T12:07:03+00:00\",\"dateModified\":\"2025-08-13T10:17:00+00:00\",\"description\":\"Commandez nos mini gerberas Black Tie rouge fonc\u00e9 en vrac pour vos mariages, \u00e9v\u00e9nements ou cr\u00e9ations DIY. Cultiv\u00e9s au Canada. Commande \u00e0 l\u2019avance requise.\",\"breadcrumb\":{\"@id\":\"https:\/\/fleursenvracmtl.com\/fr\/mini-gerbera-black-tie-en-vrac\/#breadcrumb\"},\"inLanguage\":\"fr-FR\",\"potentialAction\":[{\"@type\":\"ReadAction\",\"target\":[\"https:\/\/fleursenvracmtl.com\/fr\/mini-gerbera-black-tie-en-vrac\/\"]}]},{\"@type\":\"ImageObject\",\"inLanguage\":\"fr-FR\",\"@id\":\"https:\/\/fleursenvracmtl.com\/fr\/mini-gerbera-black-tie-en-vrac\/#primaryimage\",\"url\":\"https:\/\/fleursenvracmtl.com\/wp-content\/uploads\/2025\/06\/MI-GRBTI-Mini-Gerbera-Black-Tie-Bunch.jpg\",\"contentUrl\":\"https:\/\/fleursenvracmtl.com\/wp-content\/uploads\/2025\/06\/MI-GRBTI-Mini-Gerbera-Black-Tie-Bunch.jpg\",\"width\":1200,\"height\":1200,\"caption\":\"Mini Gerbera Black Tie Bulk Flowers\"},{\"@type\":\"BreadcrumbList\",\"@id\":\"https:\/\/fleursenvracmtl.com\/fr\/mini-gerbera-black-tie-en-vrac\/#breadcrumb\",\"itemListElement\":[{\"@type\":\"ListItem\",\"position\":1,\"name\":\"Home\",\"item\":\"https:\/\/fleursenvracmtl.com\/fr\/\"},{\"@type\":\"ListItem\",\"position\":2,\"name\":\"Shop\",\"item\":\"https:\/\/fleursenvracmtl.com\/en\/shop\/\"},{\"@type\":\"ListItem\",\"position\":3,\"name\":\"Mini Gerbera Black Tie &#8211; en vrac\"}]},{\"@type\":\"WebSite\",\"@id\":\"https:\/\/fleursenvracmtl.com\/en\/#website\",\"url\":\"https:\/\/fleursenvracmtl.com\/en\/\",\"name\":\"Fleurs en Vrac MTL\",\"description\":\"Fleurs en Vrac Mtl - Bulk flower by Le Bouquet\",\"alternateName\":\"Fleurs en Vrac MTL\",\"potentialAction\":[{\"@type\":\"SearchAction\",\"target\":{\"@type\":\"EntryPoint\",\"urlTemplate\":\"https:\/\/fleursenvracmtl.com\/en\/?s={search_term_string}\"},\"query-input\":{\"@type\":\"PropertyValueSpecification\",\"valueRequired\":true,\"valueName\":\"search_term_string\"}}],\"inLanguage\":\"fr-FR\"}]}<\/script>\n<meta property=\"product:price:amount\" content=\"0.00\" \/>\n<meta property=\"product:price:currency\" content=\"CAD\" \/>\n<meta property=\"og:availability\" content=\"instock\" \/>\n<meta property=\"product:availability\" content=\"instock\" \/>\n<meta property=\"product:condition\" content=\"new\" \/>\n<!-- \/ Yoast SEO Premium plugin. -->","yoast_head_json":{"title":"Mini Gerbera Black Tie Rouge Fonc\u00e9 en vrac \u2013 fleurs DIY | Le Bouquet","description":"Commandez nos mini gerberas Black Tie rouge fonc\u00e9 en vrac pour vos mariages, \u00e9v\u00e9nements ou cr\u00e9ations DIY. Cultiv\u00e9s au Canada. Commande \u00e0 l\u2019avance requise.","robots":{"index":"index","follow":"follow","max-snippet":"max-snippet:-1","max-image-preview":"max-image-preview:large","max-video-preview":"max-video-preview:-1"},"canonical":"https:\/\/fleursenvracmtl.com\/fr\/mini-gerbera-black-tie-en-vrac\/","og_locale":"fr_FR","og_type":"article","og_title":"Mini Gerbera Black Tie - en vrac","og_description":"Commandez nos mini gerberas Black Tie rouge fonc\u00e9 en vrac pour vos mariages, \u00e9v\u00e9nements ou cr\u00e9ations DIY. Cultiv\u00e9s au Canada. Commande \u00e0 l\u2019avance requise.","og_url":"https:\/\/fleursenvracmtl.com\/fr\/mini-gerbera-black-tie-en-vrac\/","og_site_name":"Fleurs en Vrac Mtl","article_publisher":"https:\/\/www.facebook.com\/LeBouquetMTL\/","article_modified_time":"2025-08-13T10:17:00+00:00","og_image":[{"width":1200,"height":1200,"url":"https:\/\/fleursenvracmtl.com\/wp-content\/uploads\/2025\/06\/MI-GRBTI-Mini-Gerbera-Black-Tie-Bunch.jpg","type":"image\/jpeg"}],"twitter_card":"summary_large_image","twitter_misc":{"Prix":"&#36;0.00","Disponibilit\u00e9":"En stock"},"schema":{"@context":"https:\/\/schema.org","@graph":[{"@type":"WebPage","@id":"https:\/\/fleursenvracmtl.com\/fr\/mini-gerbera-black-tie-en-vrac\/","url":"https:\/\/fleursenvracmtl.com\/fr\/mini-gerbera-black-tie-en-vrac\/","name":"Mini Gerbera Black Tie Rouge Fonc\u00e9 en vrac \u2013 fleurs DIY | Le Bouquet","isPartOf":{"@id":"https:\/\/fleursenvracmtl.com\/en\/#website"},"primaryImageOfPage":{"@id":"https:\/\/fleursenvracmtl.com\/fr\/mini-gerbera-black-tie-en-vrac\/#primaryimage"},"image":{"@id":"https:\/\/fleursenvracmtl.com\/fr\/mini-gerbera-black-tie-en-vrac\/#primaryimage"},"thumbnailUrl":"https:\/\/fleursenvracmtl.com\/wp-content\/uploads\/2025\/06\/MI-GRBTI-Mini-Gerbera-Black-Tie-Bunch.jpg","datePublished":"2025-06-02T12:07:03+00:00","dateModified":"2025-08-13T10:17:00+00:00","description":"Commandez nos mini gerberas Black Tie rouge fonc\u00e9 en vrac pour vos mariages, \u00e9v\u00e9nements ou cr\u00e9ations DIY. Cultiv\u00e9s au Canada. Commande \u00e0 l\u2019avance requise.","breadcrumb":{"@id":"https:\/\/fleursenvracmtl.com\/fr\/mini-gerbera-black-tie-en-vrac\/#breadcrumb"},"inLanguage":"fr-FR","potentialAction":[{"@type":"ReadAction","target":["https:\/\/fleursenvracmtl.com\/fr\/mini-gerbera-black-tie-en-vrac\/"]}]},{"@type":"ImageObject","inLanguage":"fr-FR","@id":"https:\/\/fleursenvracmtl.com\/fr\/mini-gerbera-black-tie-en-vrac\/#primaryimage","url":"https:\/\/fleursenvracmtl.com\/wp-content\/uploads\/2025\/06\/MI-GRBTI-Mini-Gerbera-Black-Tie-Bunch.jpg","contentUrl":"https:\/\/fleursenvracmtl.com\/wp-content\/uploads\/2025\/06\/MI-GRBTI-Mini-Gerbera-Black-Tie-Bunch.jpg","width":1200,"height":1200,"caption":"Mini Gerbera Black Tie Bulk Flowers"},{"@type":"BreadcrumbList","@id":"https:\/\/fleursenvracmtl.com\/fr\/mini-gerbera-black-tie-en-vrac\/#breadcrumb","itemListElement":[{"@type":"ListItem","position":1,"name":"Home","item":"https:\/\/fleursenvracmtl.com\/fr\/"},{"@type":"ListItem","position":2,"name":"Shop","item":"https:\/\/fleursenvracmtl.com\/en\/shop\/"},{"@type":"ListItem","position":3,"name":"Mini Gerbera Black Tie &#8211; en vrac"}]},{"@type":"WebSite","@id":"https:\/\/fleursenvracmtl.com\/en\/#website","url":"https:\/\/fleursenvracmtl.com\/en\/","name":"Fleurs en Vrac MTL","description":"Fleurs en Vrac Mtl - Bulk flower by Le Bouquet","alternateName":"Fleurs en Vrac MTL","potentialAction":[{"@type":"SearchAction","target":{"@type":"EntryPoint","urlTemplate":"https:\/\/fleursenvracmtl.com\/en\/?s={search_term_string}"},"query-input":{"@type":"PropertyValueSpecification","valueRequired":true,"valueName":"search_term_string"}}],"inLanguage":"fr-FR"}]},"product_price_amount":"0.00","product_price_currency":"CAD","og_availability":"instock","product_availability":"instock","product_condition":"new"},"_links":{"self":[{"href":"https:\/\/fleursenvracmtl.com\/fr\/wp-json\/wp\/v2\/product\/114245","targetHints":{"allow":["GET"]}}],"collection":[{"href":"https:\/\/fleursenvracmtl.com\/fr\/wp-json\/wp\/v2\/product"}],"about":[{"href":"https:\/\/fleursenvracmtl.com\/fr\/wp-json\/wp\/v2\/types\/product"}],"replies":[{"embeddable":true,"href":"https:\/\/fleursenvracmtl.com\/fr\/wp-json\/wp\/v2\/comments?post=114245"}],"wp:featuredmedia":[{"embeddable":true,"href":"https:\/\/fleursenvracmtl.com\/fr\/wp-json\/wp\/v2\/media\/114234"}],"wp:attachment":[{"href":"https:\/\/fleursenvracmtl.com\/fr\/wp-json\/wp\/v2\/media?parent=114245"}],"wp:term":[{"taxonomy":"recipe","embeddable":true,"href":"https:\/\/fleursenvracmtl.com\/fr\/wp-json\/wp\/v2\/recipe?post=114245"},{"taxonomy":"product_brand","embeddable":true,"href":"https:\/\/fleursenvracmtl.com\/fr\/wp-json\/wp\/v2\/product_brand?post=114245"},{"taxonomy":"product_cat","embeddable":true,"href":"https:\/\/fleursenvracmtl.com\/fr\/wp-json\/wp\/v2\/product_cat?post=114245"},{"taxonomy":"product_tag","embeddable":true,"href":"https:\/\/fleursenvracmtl.com\/fr\/wp-json\/wp\/v2\/product_tag?post=114245"}],"curies":[{"name":"wp","href":"https:\/\/api.w.org\/{rel}","templated":true}]}}