{"id":115273,"date":"2025-06-13T15:52:40","date_gmt":"2025-06-13T19:52:40","guid":{"rendered":"https:\/\/www.lebouquet.com\/mini-gerbera-bravia-bulk-diy\/"},"modified":"2025-08-13T06:16:57","modified_gmt":"2025-08-13T10:16:57","slug":"mini-gerbera-bravia-en-vrac","status":"publish","type":"product","link":"https:\/\/fleursenvracmtl.com\/fr\/mini-gerbera-bravia-en-vrac\/","title":{"rendered":"Mini Gerbera Bravia &#8211; en vrac"},"content":{"rendered":"<p><i><strong>*Pour garantir la fra\u00eecheur des fleurs et leur disponibilit\u00e9, veuillez passer votre commande 2 \u00e0 3 semaines \u00e0 l\u2019avance.<\/strong><\/i><\/p>\n<p>Apportez une touche lumineuse et joyeuse \u00e0 vos cr\u00e9ations florales avec nos Mini Gerberas Bravia. Ces fleurs jaunes \u00e9clatantes au c\u0153ur fonc\u00e9 sont id\u00e9ales pour les bouquets faits maison, les centres de table et les projets floraux cr\u00e9atifs. Vendues en vrac, elles offrent une fra\u00eecheur \u00e9clatante \u00e0 chaque arrangement.<\/p>\n<p><strong>Caract\u00e9ristiques :<\/strong><\/p>\n<p><strong>Longueur :<\/strong> Environ 55 \u00e0 60 cm<\/p>\n<p><strong>Couleur :<\/strong> Jaune vif avec c\u0153ur fonc\u00e9<\/p>\n<p><strong>Quantit\u00e9 :<\/strong> Vendues en bottes de 10 tiges<\/p>\n<p><strong>Id\u00e9al pour :<\/strong> Arrangements floraux DIY, mariages, \u00e9v\u00e9nements, d\u00e9coration int\u00e9rieure<\/p>\n<p><strong>Conseils de pr\u00e9paration et d\u2019entretien :<\/strong><\/p>\n<p>D\u00e9ballez les fleurs d\u00e8s r\u00e9ception et retirez l\u2019emballage.<\/p>\n<p>Coupez les tiges en biais sur 2-3 cm et placez-les dans de l\u2019eau propre.<\/p>\n<p>Renouvelez l\u2019eau et recoupez les tiges tous les 2 \u00e0 3 jours.<\/p>\n<p>Conservez dans un endroit frais, \u00e0 l\u2019abri du soleil et des sources de chaleur.<\/p>\n","protected":false},"excerpt":{"rendered":"<p>*Pour garantir la fra\u00eecheur des fleurs et leur disponibilit\u00e9, veuillez passer votre commande 2 \u00e0 3 semaines \u00e0 l\u2019avance. Apportez une touche lumineuse et joyeuse \u00e0 vos cr\u00e9ations florales avec nos Mini Gerberas Bravia. Ces fleurs jaunes \u00e9clatantes au c\u0153ur fonc\u00e9 sont id\u00e9ales pour les bouquets faits maison, les centres de table et les projets [&hellip;]<\/p>\n","protected":false},"featured_media":115247,"comment_status":"open","ping_status":"closed","template":"","meta":{"_acf_changed":false},"recipe":[],"product_brand":[],"product_cat":[17168,17416,17169,17454,17457,17469],"product_tag":[],"class_list":{"0":"post-115273","1":"product","2":"type-product","3":"status-publish","4":"has-post-thumbnail","6":"product_cat-bulk-flowers","7":"product_cat-bulk-gerbera","8":"product_cat-fleurs-en-vrac","9":"product_cat-gerbera-en-vrac","10":"product_cat-mini-gerbera","11":"product_cat-mini-gerbera-en-vrac","13":"first","14":"instock","15":"shipping-taxable","16":"purchasable","17":"product-type-simple"},"acf":[],"yoast_head":"<!-- This site is optimized with the Yoast SEO Premium plugin v25.2 (Yoast SEO v26.2) - https:\/\/yoast.com\/wordpress\/plugins\/seo\/ -->\n<title>Mini Gerbera Bravia \u2013 fleurs jaunes en vrac DIY | Le Bouquet<\/title>\n<meta name=\"description\" content=\"Ajoutez de l\u2019\u00e9clat \u00e0 vos cr\u00e9ations florales avec les Mini Gerberas Bravia. Fleurs jaunes fra\u00eeches en vrac pour arrangements DIY. Livraison \u00e0 Montr\u00e9al.\" \/>\n<meta name=\"robots\" content=\"index, follow, max-snippet:-1, max-image-preview:large, max-video-preview:-1\" \/>\n<link rel=\"canonical\" href=\"https:\/\/fleursenvracmtl.com\/en\/mini-gerbera-bravia-bulk-diy\/\" \/>\n<meta property=\"og:locale\" content=\"fr_FR\" \/>\n<meta property=\"og:type\" content=\"article\" \/>\n<meta property=\"og:title\" content=\"Mini Gerbera Bravia - en vrac\" \/>\n<meta property=\"og:description\" content=\"Ajoutez de l\u2019\u00e9clat \u00e0 vos cr\u00e9ations florales avec les Mini Gerberas Bravia. Fleurs jaunes fra\u00eeches en vrac pour arrangements DIY. Livraison \u00e0 Montr\u00e9al.\" \/>\n<meta property=\"og:url\" content=\"https:\/\/fleursenvracmtl.com\/en\/mini-gerbera-bravia-bulk-diy\/\" \/>\n<meta property=\"og:site_name\" content=\"Fleurs en Vrac Mtl\" \/>\n<meta property=\"article:publisher\" content=\"https:\/\/www.facebook.com\/LeBouquetMTL\/\" \/>\n<meta property=\"article:modified_time\" content=\"2025-08-13T10:16:57+00:00\" \/>\n<meta property=\"og:image\" content=\"https:\/\/fleursenvracmtl.com\/wp-content\/uploads\/2025\/06\/MI-GRBRA-Mini-Gerbera-Bravia-BUNCH-6.jpg\" \/>\n\t<meta property=\"og:image:width\" content=\"1200\" \/>\n\t<meta property=\"og:image:height\" content=\"1200\" \/>\n\t<meta property=\"og:image:type\" content=\"image\/jpeg\" \/>\n<meta name=\"twitter:card\" content=\"summary_large_image\" \/>\n<meta name=\"twitter:label1\" content=\"Prix\" \/>\n\t<meta name=\"twitter:data1\" content=\"&#036;0.00\" \/>\n\t<meta name=\"twitter:label2\" content=\"Disponibilit\u00e9\" \/>\n\t<meta name=\"twitter:data2\" content=\"En stock\" \/>\n<script type=\"application\/ld+json\" class=\"yoast-schema-graph\">{\"@context\":\"https:\/\/schema.org\",\"@graph\":[{\"@type\":\"WebPage\",\"@id\":\"https:\/\/fleursenvracmtl.com\/en\/mini-gerbera-bravia-bulk-diy\/\",\"url\":\"https:\/\/fleursenvracmtl.com\/en\/mini-gerbera-bravia-bulk-diy\/\",\"name\":\"Mini Gerbera Bravia \u2013 fleurs jaunes en vrac DIY | Le Bouquet\",\"isPartOf\":{\"@id\":\"https:\/\/fleursenvracmtl.com\/en\/#website\"},\"primaryImageOfPage\":{\"@id\":\"https:\/\/fleursenvracmtl.com\/en\/mini-gerbera-bravia-bulk-diy\/#primaryimage\"},\"image\":{\"@id\":\"https:\/\/fleursenvracmtl.com\/en\/mini-gerbera-bravia-bulk-diy\/#primaryimage\"},\"thumbnailUrl\":\"https:\/\/fleursenvracmtl.com\/wp-content\/uploads\/2025\/06\/MI-GRBRA-Mini-Gerbera-Bravia-BUNCH-6.jpg\",\"datePublished\":\"2025-06-13T19:52:40+00:00\",\"dateModified\":\"2025-08-13T10:16:57+00:00\",\"description\":\"Ajoutez de l\u2019\u00e9clat \u00e0 vos cr\u00e9ations florales avec les Mini Gerberas Bravia. Fleurs jaunes fra\u00eeches en vrac pour arrangements DIY. Livraison \u00e0 Montr\u00e9al.\",\"breadcrumb\":{\"@id\":\"https:\/\/fleursenvracmtl.com\/en\/mini-gerbera-bravia-bulk-diy\/#breadcrumb\"},\"inLanguage\":\"fr-FR\",\"potentialAction\":[{\"@type\":\"ReadAction\",\"target\":[\"https:\/\/fleursenvracmtl.com\/en\/mini-gerbera-bravia-bulk-diy\/\"]}]},{\"@type\":\"ImageObject\",\"inLanguage\":\"fr-FR\",\"@id\":\"https:\/\/fleursenvracmtl.com\/en\/mini-gerbera-bravia-bulk-diy\/#primaryimage\",\"url\":\"https:\/\/fleursenvracmtl.com\/wp-content\/uploads\/2025\/06\/MI-GRBRA-Mini-Gerbera-Bravia-BUNCH-6.jpg\",\"contentUrl\":\"https:\/\/fleursenvracmtl.com\/wp-content\/uploads\/2025\/06\/MI-GRBRA-Mini-Gerbera-Bravia-BUNCH-6.jpg\",\"width\":1200,\"height\":1200,\"caption\":\"Mini Gerbera Bravia\"},{\"@type\":\"BreadcrumbList\",\"@id\":\"https:\/\/fleursenvracmtl.com\/en\/mini-gerbera-bravia-bulk-diy\/#breadcrumb\",\"itemListElement\":[{\"@type\":\"ListItem\",\"position\":1,\"name\":\"Home\",\"item\":\"https:\/\/fleursenvracmtl.com\/fr\/\"},{\"@type\":\"ListItem\",\"position\":2,\"name\":\"Shop\",\"item\":\"https:\/\/fleursenvracmtl.com\/en\/shop\/\"},{\"@type\":\"ListItem\",\"position\":3,\"name\":\"Mini Gerbera Bravia &#8211; en vrac\"}]},{\"@type\":\"WebSite\",\"@id\":\"https:\/\/fleursenvracmtl.com\/en\/#website\",\"url\":\"https:\/\/fleursenvracmtl.com\/en\/\",\"name\":\"Fleurs en Vrac MTL\",\"description\":\"Fleurs en Vrac Mtl - Bulk flower by Le Bouquet\",\"alternateName\":\"Fleurs en Vrac MTL\",\"potentialAction\":[{\"@type\":\"SearchAction\",\"target\":{\"@type\":\"EntryPoint\",\"urlTemplate\":\"https:\/\/fleursenvracmtl.com\/en\/?s={search_term_string}\"},\"query-input\":{\"@type\":\"PropertyValueSpecification\",\"valueRequired\":true,\"valueName\":\"search_term_string\"}}],\"inLanguage\":\"fr-FR\"}]}<\/script>\n<meta property=\"product:price:amount\" content=\"0.00\" \/>\n<meta property=\"product:price:currency\" content=\"CAD\" \/>\n<meta property=\"og:availability\" content=\"instock\" \/>\n<meta property=\"product:availability\" content=\"instock\" \/>\n<meta property=\"product:condition\" content=\"new\" \/>\n<!-- \/ Yoast SEO Premium plugin. -->","yoast_head_json":{"title":"Mini Gerbera Bravia \u2013 fleurs jaunes en vrac DIY | Le Bouquet","description":"Ajoutez de l\u2019\u00e9clat \u00e0 vos cr\u00e9ations florales avec les Mini Gerberas Bravia. Fleurs jaunes fra\u00eeches en vrac pour arrangements DIY. Livraison \u00e0 Montr\u00e9al.","robots":{"index":"index","follow":"follow","max-snippet":"max-snippet:-1","max-image-preview":"max-image-preview:large","max-video-preview":"max-video-preview:-1"},"canonical":"https:\/\/fleursenvracmtl.com\/en\/mini-gerbera-bravia-bulk-diy\/","og_locale":"fr_FR","og_type":"article","og_title":"Mini Gerbera Bravia - en vrac","og_description":"Ajoutez de l\u2019\u00e9clat \u00e0 vos cr\u00e9ations florales avec les Mini Gerberas Bravia. Fleurs jaunes fra\u00eeches en vrac pour arrangements DIY. Livraison \u00e0 Montr\u00e9al.","og_url":"https:\/\/fleursenvracmtl.com\/en\/mini-gerbera-bravia-bulk-diy\/","og_site_name":"Fleurs en Vrac Mtl","article_publisher":"https:\/\/www.facebook.com\/LeBouquetMTL\/","article_modified_time":"2025-08-13T10:16:57+00:00","og_image":[{"width":1200,"height":1200,"url":"https:\/\/fleursenvracmtl.com\/wp-content\/uploads\/2025\/06\/MI-GRBRA-Mini-Gerbera-Bravia-BUNCH-6.jpg","type":"image\/jpeg"}],"twitter_card":"summary_large_image","twitter_misc":{"Prix":"&#36;0.00","Disponibilit\u00e9":"En stock"},"schema":{"@context":"https:\/\/schema.org","@graph":[{"@type":"WebPage","@id":"https:\/\/fleursenvracmtl.com\/en\/mini-gerbera-bravia-bulk-diy\/","url":"https:\/\/fleursenvracmtl.com\/en\/mini-gerbera-bravia-bulk-diy\/","name":"Mini Gerbera Bravia \u2013 fleurs jaunes en vrac DIY | Le Bouquet","isPartOf":{"@id":"https:\/\/fleursenvracmtl.com\/en\/#website"},"primaryImageOfPage":{"@id":"https:\/\/fleursenvracmtl.com\/en\/mini-gerbera-bravia-bulk-diy\/#primaryimage"},"image":{"@id":"https:\/\/fleursenvracmtl.com\/en\/mini-gerbera-bravia-bulk-diy\/#primaryimage"},"thumbnailUrl":"https:\/\/fleursenvracmtl.com\/wp-content\/uploads\/2025\/06\/MI-GRBRA-Mini-Gerbera-Bravia-BUNCH-6.jpg","datePublished":"2025-06-13T19:52:40+00:00","dateModified":"2025-08-13T10:16:57+00:00","description":"Ajoutez de l\u2019\u00e9clat \u00e0 vos cr\u00e9ations florales avec les Mini Gerberas Bravia. Fleurs jaunes fra\u00eeches en vrac pour arrangements DIY. Livraison \u00e0 Montr\u00e9al.","breadcrumb":{"@id":"https:\/\/fleursenvracmtl.com\/en\/mini-gerbera-bravia-bulk-diy\/#breadcrumb"},"inLanguage":"fr-FR","potentialAction":[{"@type":"ReadAction","target":["https:\/\/fleursenvracmtl.com\/en\/mini-gerbera-bravia-bulk-diy\/"]}]},{"@type":"ImageObject","inLanguage":"fr-FR","@id":"https:\/\/fleursenvracmtl.com\/en\/mini-gerbera-bravia-bulk-diy\/#primaryimage","url":"https:\/\/fleursenvracmtl.com\/wp-content\/uploads\/2025\/06\/MI-GRBRA-Mini-Gerbera-Bravia-BUNCH-6.jpg","contentUrl":"https:\/\/fleursenvracmtl.com\/wp-content\/uploads\/2025\/06\/MI-GRBRA-Mini-Gerbera-Bravia-BUNCH-6.jpg","width":1200,"height":1200,"caption":"Mini Gerbera Bravia"},{"@type":"BreadcrumbList","@id":"https:\/\/fleursenvracmtl.com\/en\/mini-gerbera-bravia-bulk-diy\/#breadcrumb","itemListElement":[{"@type":"ListItem","position":1,"name":"Home","item":"https:\/\/fleursenvracmtl.com\/fr\/"},{"@type":"ListItem","position":2,"name":"Shop","item":"https:\/\/fleursenvracmtl.com\/en\/shop\/"},{"@type":"ListItem","position":3,"name":"Mini Gerbera Bravia &#8211; en vrac"}]},{"@type":"WebSite","@id":"https:\/\/fleursenvracmtl.com\/en\/#website","url":"https:\/\/fleursenvracmtl.com\/en\/","name":"Fleurs en Vrac MTL","description":"Fleurs en Vrac Mtl - Bulk flower by Le Bouquet","alternateName":"Fleurs en Vrac MTL","potentialAction":[{"@type":"SearchAction","target":{"@type":"EntryPoint","urlTemplate":"https:\/\/fleursenvracmtl.com\/en\/?s={search_term_string}"},"query-input":{"@type":"PropertyValueSpecification","valueRequired":true,"valueName":"search_term_string"}}],"inLanguage":"fr-FR"}]},"product_price_amount":"0.00","product_price_currency":"CAD","og_availability":"instock","product_availability":"instock","product_condition":"new"},"_links":{"self":[{"href":"https:\/\/fleursenvracmtl.com\/fr\/wp-json\/wp\/v2\/product\/115273","targetHints":{"allow":["GET"]}}],"collection":[{"href":"https:\/\/fleursenvracmtl.com\/fr\/wp-json\/wp\/v2\/product"}],"about":[{"href":"https:\/\/fleursenvracmtl.com\/fr\/wp-json\/wp\/v2\/types\/product"}],"replies":[{"embeddable":true,"href":"https:\/\/fleursenvracmtl.com\/fr\/wp-json\/wp\/v2\/comments?post=115273"}],"wp:featuredmedia":[{"embeddable":true,"href":"https:\/\/fleursenvracmtl.com\/fr\/wp-json\/wp\/v2\/media\/115247"}],"wp:attachment":[{"href":"https:\/\/fleursenvracmtl.com\/fr\/wp-json\/wp\/v2\/media?parent=115273"}],"wp:term":[{"taxonomy":"recipe","embeddable":true,"href":"https:\/\/fleursenvracmtl.com\/fr\/wp-json\/wp\/v2\/recipe?post=115273"},{"taxonomy":"product_brand","embeddable":true,"href":"https:\/\/fleursenvracmtl.com\/fr\/wp-json\/wp\/v2\/product_brand?post=115273"},{"taxonomy":"product_cat","embeddable":true,"href":"https:\/\/fleursenvracmtl.com\/fr\/wp-json\/wp\/v2\/product_cat?post=115273"},{"taxonomy":"product_tag","embeddable":true,"href":"https:\/\/fleursenvracmtl.com\/fr\/wp-json\/wp\/v2\/product_tag?post=115273"}],"curies":[{"name":"wp","href":"https:\/\/api.w.org\/{rel}","templated":true}]}}