{"id":115482,"date":"2025-06-16T09:24:47","date_gmt":"2025-06-16T13:24:47","guid":{"rendered":"https:\/\/www.lebouquet.com\/mini-gerbera-astron-bulk-diy\/"},"modified":"2025-08-13T06:16:55","modified_gmt":"2025-08-13T10:16:55","slug":"mini-gerberas-astron-en-vrac","status":"publish","type":"product","link":"https:\/\/fleursenvracmtl.com\/fr\/mini-gerberas-astron-en-vrac\/","title":{"rendered":"Mini Gerberas Astron &#8211; en vrac"},"content":{"rendered":"<p><i><strong>*Pour garantir la fra\u00eecheur et la disponibilit\u00e9, veuillez commander 2 \u00e0 3 semaines \u00e0 l&rsquo;avance.<\/strong><\/i><\/p>\n<p>Ajoutez une touche \u00e9clatante et ensoleill\u00e9e \u00e0 vos cr\u00e9ations florales gr\u00e2ce \u00e0 nos <strong>mini gerberas Astron<\/strong> cultiv\u00e9s localement. Leur teinte jaune vif et leur centre vert en font un choix id\u00e9al pour dynamiser vos arrangements floraux DIY. Avec des tiges de 22 \u00e0 24 pouces, elles conviennent parfaitement aux bouquets, centres de table, d\u00e9cors festifs ou compositions saisonni\u00e8res.<\/p>\n<p>Fra\u00eeches, color\u00e9es et faciles \u00e0 manipuler, les mini gerberas Astron offrent une belle dose d\u2019\u00e9nergie \u00e0 vos projets floraux cr\u00e9atifs.<\/p>\n<p><strong>Caract\u00e9ristiques :<\/strong><\/p>\n<p><strong>Longueur :<\/strong> 22 \u00e0 24 pouces<\/p>\n<p><strong>Couleur :<\/strong> Jaune vif avec centre vert<\/p>\n<p><strong>Id\u00e9al pour :<\/strong> Bouquets DIY, arrangements saisonniers, f\u00eates, \u00e9v\u00e9nements d\u00e9contract\u00e9s<\/p>\n<p><strong>Conseils de pr\u00e9paration et d\u2019entretien :<\/strong><\/p>\n<p>D\u00e9ballez d\u00e8s r\u00e9ception et retirez tout l\u2019emballage.<\/p>\n<p>Coupez les tiges en biais et placez-les dans de l\u2019eau propre.<\/p>\n<p>Conservez dans un endroit frais, \u00e0 l\u2019abri du soleil.<\/p>\n<p>Changez l\u2019eau et recoupez les tiges tous les 2 \u00e0 3 jours.<\/p>\n","protected":false},"excerpt":{"rendered":"<p>*Pour garantir la fra\u00eecheur et la disponibilit\u00e9, veuillez commander 2 \u00e0 3 semaines \u00e0 l&rsquo;avance. Ajoutez une touche \u00e9clatante et ensoleill\u00e9e \u00e0 vos cr\u00e9ations florales gr\u00e2ce \u00e0 nos mini gerberas Astron cultiv\u00e9s localement. Leur teinte jaune vif et leur centre vert en font un choix id\u00e9al pour dynamiser vos arrangements floraux DIY. Avec des tiges [&hellip;]<\/p>\n","protected":false},"featured_media":115455,"comment_status":"open","ping_status":"closed","template":"","meta":{"_acf_changed":false},"recipe":[],"product_brand":[],"product_cat":[17168,17416,17169,17454,17457,17469],"product_tag":[],"class_list":{"0":"post-115482","1":"product","2":"type-product","3":"status-publish","4":"has-post-thumbnail","6":"product_cat-bulk-flowers","7":"product_cat-bulk-gerbera","8":"product_cat-fleurs-en-vrac","9":"product_cat-gerbera-en-vrac","10":"product_cat-mini-gerbera","11":"product_cat-mini-gerbera-en-vrac","13":"first","14":"instock","15":"shipping-taxable","16":"purchasable","17":"product-type-simple"},"acf":[],"yoast_head":"<!-- This site is optimized with the Yoast SEO Premium plugin v25.2 (Yoast SEO v26.2) - https:\/\/yoast.com\/wordpress\/plugins\/seo\/ -->\n<title>Mini Gerbera Astron en vrac DIY | Gerberas jaunes \u00e9clatants pour d\u00e9corations<\/title>\n<meta name=\"description\" content=\"Commandez des mini gerberas Astron en vrac pour vos cr\u00e9ations florales DIY. Fleurs jaunes vives, tiges de 22\u201324 po. Parfaites pour f\u00eates, arrangements et cadeaux.\" \/>\n<meta name=\"robots\" content=\"index, follow, max-snippet:-1, max-image-preview:large, max-video-preview:-1\" \/>\n<link rel=\"canonical\" href=\"https:\/\/fleursenvracmtl.com\/en\/mini-gerbera-astron-bulk-diy\/\" \/>\n<meta property=\"og:locale\" content=\"fr_FR\" \/>\n<meta property=\"og:type\" content=\"article\" \/>\n<meta property=\"og:title\" content=\"Mini Gerberas Astron - en vrac\" \/>\n<meta property=\"og:description\" content=\"Commandez des mini gerberas Astron en vrac pour vos cr\u00e9ations florales DIY. Fleurs jaunes vives, tiges de 22\u201324 po. Parfaites pour f\u00eates, arrangements et cadeaux.\" \/>\n<meta property=\"og:url\" content=\"https:\/\/fleursenvracmtl.com\/en\/mini-gerbera-astron-bulk-diy\/\" \/>\n<meta property=\"og:site_name\" content=\"Fleurs en Vrac Mtl\" \/>\n<meta property=\"article:publisher\" content=\"https:\/\/www.facebook.com\/LeBouquetMTL\/\" \/>\n<meta property=\"article:modified_time\" content=\"2025-08-13T10:16:55+00:00\" \/>\n<meta property=\"og:image\" content=\"https:\/\/fleursenvracmtl.com\/wp-content\/uploads\/2025\/06\/MI-GRAST-Mini-Gerbera-Astron-Bunch.jpg\" \/>\n\t<meta property=\"og:image:width\" content=\"1200\" \/>\n\t<meta property=\"og:image:height\" content=\"1200\" \/>\n\t<meta property=\"og:image:type\" content=\"image\/jpeg\" \/>\n<meta name=\"twitter:card\" content=\"summary_large_image\" \/>\n<meta name=\"twitter:label1\" content=\"Prix\" \/>\n\t<meta name=\"twitter:data1\" content=\"&#036;0.00\" \/>\n\t<meta name=\"twitter:label2\" content=\"Disponibilit\u00e9\" \/>\n\t<meta name=\"twitter:data2\" content=\"En stock\" \/>\n<script type=\"application\/ld+json\" class=\"yoast-schema-graph\">{\"@context\":\"https:\/\/schema.org\",\"@graph\":[{\"@type\":\"WebPage\",\"@id\":\"https:\/\/fleursenvracmtl.com\/en\/mini-gerbera-astron-bulk-diy\/\",\"url\":\"https:\/\/fleursenvracmtl.com\/en\/mini-gerbera-astron-bulk-diy\/\",\"name\":\"Mini Gerbera Astron en vrac DIY | Gerberas jaunes \u00e9clatants pour d\u00e9corations\",\"isPartOf\":{\"@id\":\"https:\/\/fleursenvracmtl.com\/en\/#website\"},\"primaryImageOfPage\":{\"@id\":\"https:\/\/fleursenvracmtl.com\/en\/mini-gerbera-astron-bulk-diy\/#primaryimage\"},\"image\":{\"@id\":\"https:\/\/fleursenvracmtl.com\/en\/mini-gerbera-astron-bulk-diy\/#primaryimage\"},\"thumbnailUrl\":\"https:\/\/fleursenvracmtl.com\/wp-content\/uploads\/2025\/06\/MI-GRAST-Mini-Gerbera-Astron-Bunch.jpg\",\"datePublished\":\"2025-06-16T13:24:47+00:00\",\"dateModified\":\"2025-08-13T10:16:55+00:00\",\"description\":\"Commandez des mini gerberas Astron en vrac pour vos cr\u00e9ations florales DIY. Fleurs jaunes vives, tiges de 22\u201324 po. Parfaites pour f\u00eates, arrangements et cadeaux.\",\"breadcrumb\":{\"@id\":\"https:\/\/fleursenvracmtl.com\/en\/mini-gerbera-astron-bulk-diy\/#breadcrumb\"},\"inLanguage\":\"fr-FR\",\"potentialAction\":[{\"@type\":\"ReadAction\",\"target\":[\"https:\/\/fleursenvracmtl.com\/en\/mini-gerbera-astron-bulk-diy\/\"]}]},{\"@type\":\"ImageObject\",\"inLanguage\":\"fr-FR\",\"@id\":\"https:\/\/fleursenvracmtl.com\/en\/mini-gerbera-astron-bulk-diy\/#primaryimage\",\"url\":\"https:\/\/fleursenvracmtl.com\/wp-content\/uploads\/2025\/06\/MI-GRAST-Mini-Gerbera-Astron-Bunch.jpg\",\"contentUrl\":\"https:\/\/fleursenvracmtl.com\/wp-content\/uploads\/2025\/06\/MI-GRAST-Mini-Gerbera-Astron-Bunch.jpg\",\"width\":1200,\"height\":1200,\"caption\":\"Mini Gerbera Astron Bunch\"},{\"@type\":\"BreadcrumbList\",\"@id\":\"https:\/\/fleursenvracmtl.com\/en\/mini-gerbera-astron-bulk-diy\/#breadcrumb\",\"itemListElement\":[{\"@type\":\"ListItem\",\"position\":1,\"name\":\"Home\",\"item\":\"https:\/\/fleursenvracmtl.com\/fr\/\"},{\"@type\":\"ListItem\",\"position\":2,\"name\":\"Shop\",\"item\":\"https:\/\/fleursenvracmtl.com\/en\/shop\/\"},{\"@type\":\"ListItem\",\"position\":3,\"name\":\"Mini Gerberas Astron &#8211; en vrac\"}]},{\"@type\":\"WebSite\",\"@id\":\"https:\/\/fleursenvracmtl.com\/en\/#website\",\"url\":\"https:\/\/fleursenvracmtl.com\/en\/\",\"name\":\"Fleurs en Vrac MTL\",\"description\":\"Fleurs en Vrac Mtl - Bulk flower by Le Bouquet\",\"alternateName\":\"Fleurs en Vrac MTL\",\"potentialAction\":[{\"@type\":\"SearchAction\",\"target\":{\"@type\":\"EntryPoint\",\"urlTemplate\":\"https:\/\/fleursenvracmtl.com\/en\/?s={search_term_string}\"},\"query-input\":{\"@type\":\"PropertyValueSpecification\",\"valueRequired\":true,\"valueName\":\"search_term_string\"}}],\"inLanguage\":\"fr-FR\"}]}<\/script>\n<meta property=\"product:price:amount\" content=\"0.00\" \/>\n<meta property=\"product:price:currency\" content=\"CAD\" \/>\n<meta property=\"og:availability\" content=\"instock\" \/>\n<meta property=\"product:availability\" content=\"instock\" \/>\n<meta property=\"product:condition\" content=\"new\" \/>\n<!-- \/ Yoast SEO Premium plugin. -->","yoast_head_json":{"title":"Mini Gerbera Astron en vrac DIY | Gerberas jaunes \u00e9clatants pour d\u00e9corations","description":"Commandez des mini gerberas Astron en vrac pour vos cr\u00e9ations florales DIY. Fleurs jaunes vives, tiges de 22\u201324 po. Parfaites pour f\u00eates, arrangements et cadeaux.","robots":{"index":"index","follow":"follow","max-snippet":"max-snippet:-1","max-image-preview":"max-image-preview:large","max-video-preview":"max-video-preview:-1"},"canonical":"https:\/\/fleursenvracmtl.com\/en\/mini-gerbera-astron-bulk-diy\/","og_locale":"fr_FR","og_type":"article","og_title":"Mini Gerberas Astron - en vrac","og_description":"Commandez des mini gerberas Astron en vrac pour vos cr\u00e9ations florales DIY. Fleurs jaunes vives, tiges de 22\u201324 po. Parfaites pour f\u00eates, arrangements et cadeaux.","og_url":"https:\/\/fleursenvracmtl.com\/en\/mini-gerbera-astron-bulk-diy\/","og_site_name":"Fleurs en Vrac Mtl","article_publisher":"https:\/\/www.facebook.com\/LeBouquetMTL\/","article_modified_time":"2025-08-13T10:16:55+00:00","og_image":[{"width":1200,"height":1200,"url":"https:\/\/fleursenvracmtl.com\/wp-content\/uploads\/2025\/06\/MI-GRAST-Mini-Gerbera-Astron-Bunch.jpg","type":"image\/jpeg"}],"twitter_card":"summary_large_image","twitter_misc":{"Prix":"&#36;0.00","Disponibilit\u00e9":"En stock"},"schema":{"@context":"https:\/\/schema.org","@graph":[{"@type":"WebPage","@id":"https:\/\/fleursenvracmtl.com\/en\/mini-gerbera-astron-bulk-diy\/","url":"https:\/\/fleursenvracmtl.com\/en\/mini-gerbera-astron-bulk-diy\/","name":"Mini Gerbera Astron en vrac DIY | Gerberas jaunes \u00e9clatants pour d\u00e9corations","isPartOf":{"@id":"https:\/\/fleursenvracmtl.com\/en\/#website"},"primaryImageOfPage":{"@id":"https:\/\/fleursenvracmtl.com\/en\/mini-gerbera-astron-bulk-diy\/#primaryimage"},"image":{"@id":"https:\/\/fleursenvracmtl.com\/en\/mini-gerbera-astron-bulk-diy\/#primaryimage"},"thumbnailUrl":"https:\/\/fleursenvracmtl.com\/wp-content\/uploads\/2025\/06\/MI-GRAST-Mini-Gerbera-Astron-Bunch.jpg","datePublished":"2025-06-16T13:24:47+00:00","dateModified":"2025-08-13T10:16:55+00:00","description":"Commandez des mini gerberas Astron en vrac pour vos cr\u00e9ations florales DIY. Fleurs jaunes vives, tiges de 22\u201324 po. Parfaites pour f\u00eates, arrangements et cadeaux.","breadcrumb":{"@id":"https:\/\/fleursenvracmtl.com\/en\/mini-gerbera-astron-bulk-diy\/#breadcrumb"},"inLanguage":"fr-FR","potentialAction":[{"@type":"ReadAction","target":["https:\/\/fleursenvracmtl.com\/en\/mini-gerbera-astron-bulk-diy\/"]}]},{"@type":"ImageObject","inLanguage":"fr-FR","@id":"https:\/\/fleursenvracmtl.com\/en\/mini-gerbera-astron-bulk-diy\/#primaryimage","url":"https:\/\/fleursenvracmtl.com\/wp-content\/uploads\/2025\/06\/MI-GRAST-Mini-Gerbera-Astron-Bunch.jpg","contentUrl":"https:\/\/fleursenvracmtl.com\/wp-content\/uploads\/2025\/06\/MI-GRAST-Mini-Gerbera-Astron-Bunch.jpg","width":1200,"height":1200,"caption":"Mini Gerbera Astron Bunch"},{"@type":"BreadcrumbList","@id":"https:\/\/fleursenvracmtl.com\/en\/mini-gerbera-astron-bulk-diy\/#breadcrumb","itemListElement":[{"@type":"ListItem","position":1,"name":"Home","item":"https:\/\/fleursenvracmtl.com\/fr\/"},{"@type":"ListItem","position":2,"name":"Shop","item":"https:\/\/fleursenvracmtl.com\/en\/shop\/"},{"@type":"ListItem","position":3,"name":"Mini Gerberas Astron &#8211; en vrac"}]},{"@type":"WebSite","@id":"https:\/\/fleursenvracmtl.com\/en\/#website","url":"https:\/\/fleursenvracmtl.com\/en\/","name":"Fleurs en Vrac MTL","description":"Fleurs en Vrac Mtl - Bulk flower by Le Bouquet","alternateName":"Fleurs en Vrac MTL","potentialAction":[{"@type":"SearchAction","target":{"@type":"EntryPoint","urlTemplate":"https:\/\/fleursenvracmtl.com\/en\/?s={search_term_string}"},"query-input":{"@type":"PropertyValueSpecification","valueRequired":true,"valueName":"search_term_string"}}],"inLanguage":"fr-FR"}]},"product_price_amount":"0.00","product_price_currency":"CAD","og_availability":"instock","product_availability":"instock","product_condition":"new"},"_links":{"self":[{"href":"https:\/\/fleursenvracmtl.com\/fr\/wp-json\/wp\/v2\/product\/115482","targetHints":{"allow":["GET"]}}],"collection":[{"href":"https:\/\/fleursenvracmtl.com\/fr\/wp-json\/wp\/v2\/product"}],"about":[{"href":"https:\/\/fleursenvracmtl.com\/fr\/wp-json\/wp\/v2\/types\/product"}],"replies":[{"embeddable":true,"href":"https:\/\/fleursenvracmtl.com\/fr\/wp-json\/wp\/v2\/comments?post=115482"}],"wp:featuredmedia":[{"embeddable":true,"href":"https:\/\/fleursenvracmtl.com\/fr\/wp-json\/wp\/v2\/media\/115455"}],"wp:attachment":[{"href":"https:\/\/fleursenvracmtl.com\/fr\/wp-json\/wp\/v2\/media?parent=115482"}],"wp:term":[{"taxonomy":"recipe","embeddable":true,"href":"https:\/\/fleursenvracmtl.com\/fr\/wp-json\/wp\/v2\/recipe?post=115482"},{"taxonomy":"product_brand","embeddable":true,"href":"https:\/\/fleursenvracmtl.com\/fr\/wp-json\/wp\/v2\/product_brand?post=115482"},{"taxonomy":"product_cat","embeddable":true,"href":"https:\/\/fleursenvracmtl.com\/fr\/wp-json\/wp\/v2\/product_cat?post=115482"},{"taxonomy":"product_tag","embeddable":true,"href":"https:\/\/fleursenvracmtl.com\/fr\/wp-json\/wp\/v2\/product_tag?post=115482"}],"curies":[{"name":"wp","href":"https:\/\/api.w.org\/{rel}","templated":true}]}}