{"id":115511,"date":"2025-06-16T10:00:42","date_gmt":"2025-06-16T14:00:42","guid":{"rendered":"https:\/\/www.lebouquet.com\/mini-gerbera-franky-bulk-diy\/"},"modified":"2025-08-13T06:16:54","modified_gmt":"2025-08-13T10:16:54","slug":"mini-gerberas-franky-en-vrac","status":"publish","type":"product","link":"https:\/\/fleursenvracmtl.com\/fr\/mini-gerberas-franky-en-vrac\/","title":{"rendered":"Mini Gerberas Franky &#8211; en vrac"},"content":{"rendered":"<p><i><strong>*Pour garantir la fra\u00eecheur et la disponibilit\u00e9, veuillez commander 2 \u00e0 3 semaines \u00e0 l&rsquo;avance.<\/strong><\/i><\/p>\n<p>Faites rayonner vos cr\u00e9ations florales avec les teintes flamboyantes de nos <strong>mini gerberas Franky<\/strong> cultiv\u00e9s localement. Leurs p\u00e9tales jaunes lumineux s\u2019intensifient vers un centre rouge-orang\u00e9, pour un effet saisissant et joyeux dans tous vos projets floraux DIY. Chaque tige mesure entre 22 et 24 pouces, parfaite pour ajouter du dynamisme \u00e0 vos bouquets, arrangements de f\u00eate ou compositions saisonni\u00e8res.<\/p>\n<p>Le mini gerbera Franky est id\u00e9al pour ceux qui recherchent des couleurs \u00e9clatantes et un style audacieux.<\/p>\n<p><strong>Caract\u00e9ristiques :<\/strong><\/p>\n<p><strong>Longueur :<\/strong> 22 \u00e0 24 pouces<\/p>\n<p><strong>Couleur :<\/strong> Jaune avec centre rouge-orang\u00e9<\/p>\n<p><strong>Id\u00e9al pour :<\/strong> Arrangements DIY, compositions saisonni\u00e8res, f\u00eates, bouquets \u00e9clatants<\/p>\n<p><strong>Conseils de pr\u00e9paration et d\u2019entretien :<\/strong><\/p>\n<p>D\u00e9ballez les fleurs d\u00e8s leur r\u00e9ception.<\/p>\n<p>Coupez les tiges en biais et placez-les dans de l\u2019eau propre.<\/p>\n<p>Gardez les fleurs dans un endroit frais, \u00e0 l\u2019abri du soleil.<\/p>\n<p>Changez l\u2019eau et recoupez les tiges tous les 2 \u00e0 3 jours.<\/p>\n","protected":false},"excerpt":{"rendered":"<p>*Pour garantir la fra\u00eecheur et la disponibilit\u00e9, veuillez commander 2 \u00e0 3 semaines \u00e0 l&rsquo;avance. Faites rayonner vos cr\u00e9ations florales avec les teintes flamboyantes de nos mini gerberas Franky cultiv\u00e9s localement. Leurs p\u00e9tales jaunes lumineux s\u2019intensifient vers un centre rouge-orang\u00e9, pour un effet saisissant et joyeux dans tous vos projets floraux DIY. Chaque tige mesure [&hellip;]<\/p>\n","protected":false},"featured_media":115485,"comment_status":"open","ping_status":"closed","template":"","meta":{"_acf_changed":false},"recipe":[],"product_brand":[],"product_cat":[17168,17416,17169,17454,17457,17469],"product_tag":[],"class_list":{"0":"post-115511","1":"product","2":"type-product","3":"status-publish","4":"has-post-thumbnail","6":"product_cat-bulk-flowers","7":"product_cat-bulk-gerbera","8":"product_cat-fleurs-en-vrac","9":"product_cat-gerbera-en-vrac","10":"product_cat-mini-gerbera","11":"product_cat-mini-gerbera-en-vrac","13":"first","14":"instock","15":"shipping-taxable","16":"purchasable","17":"product-type-simple"},"acf":[],"yoast_head":"<!-- This site is optimized with the Yoast SEO Premium plugin v25.2 (Yoast SEO v26.2) - https:\/\/yoast.com\/wordpress\/plugins\/seo\/ -->\n<title>Mini Gerbera Franky en vrac DIY | Gerberas jaunes et orang\u00e9s \u00e9clatants<\/title>\n<meta name=\"description\" content=\"Commandez des mini gerberas Franky en vrac pour vos arrangements DIY. Fleurs jaunes et rouge-orang\u00e9, tiges de 22\u201324 po. Parfaites pour d\u00e9corations \u00e9clatantes.\" \/>\n<meta name=\"robots\" content=\"index, follow, max-snippet:-1, max-image-preview:large, max-video-preview:-1\" \/>\n<link rel=\"canonical\" href=\"https:\/\/fleursenvracmtl.com\/en\/mini-gerbera-franky-bulk-diy\/\" \/>\n<meta property=\"og:locale\" content=\"fr_FR\" \/>\n<meta property=\"og:type\" content=\"article\" \/>\n<meta property=\"og:title\" content=\"Mini Gerberas Franky - en vrac\" \/>\n<meta property=\"og:description\" content=\"Commandez des mini gerberas Franky en vrac pour vos arrangements DIY. Fleurs jaunes et rouge-orang\u00e9, tiges de 22\u201324 po. Parfaites pour d\u00e9corations \u00e9clatantes.\" \/>\n<meta property=\"og:url\" content=\"https:\/\/fleursenvracmtl.com\/en\/mini-gerbera-franky-bulk-diy\/\" \/>\n<meta property=\"og:site_name\" content=\"Fleurs en Vrac Mtl\" \/>\n<meta property=\"article:publisher\" content=\"https:\/\/www.facebook.com\/LeBouquetMTL\/\" \/>\n<meta property=\"article:modified_time\" content=\"2025-08-13T10:16:54+00:00\" \/>\n<meta property=\"og:image\" content=\"https:\/\/fleursenvracmtl.com\/wp-content\/uploads\/2025\/06\/MI-GRFRA-Mini-Gerbera-Franky-BUNCH-38.jpg\" \/>\n\t<meta property=\"og:image:width\" content=\"1200\" \/>\n\t<meta property=\"og:image:height\" content=\"1200\" \/>\n\t<meta property=\"og:image:type\" content=\"image\/jpeg\" \/>\n<meta name=\"twitter:card\" content=\"summary_large_image\" \/>\n<meta name=\"twitter:label1\" content=\"Prix\" \/>\n\t<meta name=\"twitter:data1\" content=\"&#036;0.00\" \/>\n\t<meta name=\"twitter:label2\" content=\"Disponibilit\u00e9\" \/>\n\t<meta name=\"twitter:data2\" content=\"En stock\" \/>\n<script type=\"application\/ld+json\" class=\"yoast-schema-graph\">{\"@context\":\"https:\/\/schema.org\",\"@graph\":[{\"@type\":\"WebPage\",\"@id\":\"https:\/\/fleursenvracmtl.com\/en\/mini-gerbera-franky-bulk-diy\/\",\"url\":\"https:\/\/fleursenvracmtl.com\/en\/mini-gerbera-franky-bulk-diy\/\",\"name\":\"Mini Gerbera Franky en vrac DIY | Gerberas jaunes et orang\u00e9s \u00e9clatants\",\"isPartOf\":{\"@id\":\"https:\/\/fleursenvracmtl.com\/en\/#website\"},\"primaryImageOfPage\":{\"@id\":\"https:\/\/fleursenvracmtl.com\/en\/mini-gerbera-franky-bulk-diy\/#primaryimage\"},\"image\":{\"@id\":\"https:\/\/fleursenvracmtl.com\/en\/mini-gerbera-franky-bulk-diy\/#primaryimage\"},\"thumbnailUrl\":\"https:\/\/fleursenvracmtl.com\/wp-content\/uploads\/2025\/06\/MI-GRFRA-Mini-Gerbera-Franky-BUNCH-38.jpg\",\"datePublished\":\"2025-06-16T14:00:42+00:00\",\"dateModified\":\"2025-08-13T10:16:54+00:00\",\"description\":\"Commandez des mini gerberas Franky en vrac pour vos arrangements DIY. Fleurs jaunes et rouge-orang\u00e9, tiges de 22\u201324 po. Parfaites pour d\u00e9corations \u00e9clatantes.\",\"breadcrumb\":{\"@id\":\"https:\/\/fleursenvracmtl.com\/en\/mini-gerbera-franky-bulk-diy\/#breadcrumb\"},\"inLanguage\":\"fr-FR\",\"potentialAction\":[{\"@type\":\"ReadAction\",\"target\":[\"https:\/\/fleursenvracmtl.com\/en\/mini-gerbera-franky-bulk-diy\/\"]}]},{\"@type\":\"ImageObject\",\"inLanguage\":\"fr-FR\",\"@id\":\"https:\/\/fleursenvracmtl.com\/en\/mini-gerbera-franky-bulk-diy\/#primaryimage\",\"url\":\"https:\/\/fleursenvracmtl.com\/wp-content\/uploads\/2025\/06\/MI-GRFRA-Mini-Gerbera-Franky-BUNCH-38.jpg\",\"contentUrl\":\"https:\/\/fleursenvracmtl.com\/wp-content\/uploads\/2025\/06\/MI-GRFRA-Mini-Gerbera-Franky-BUNCH-38.jpg\",\"width\":1200,\"height\":1200,\"caption\":\"Mini Gerbera Franky\"},{\"@type\":\"BreadcrumbList\",\"@id\":\"https:\/\/fleursenvracmtl.com\/en\/mini-gerbera-franky-bulk-diy\/#breadcrumb\",\"itemListElement\":[{\"@type\":\"ListItem\",\"position\":1,\"name\":\"Home\",\"item\":\"https:\/\/fleursenvracmtl.com\/fr\/\"},{\"@type\":\"ListItem\",\"position\":2,\"name\":\"Shop\",\"item\":\"https:\/\/fleursenvracmtl.com\/en\/shop\/\"},{\"@type\":\"ListItem\",\"position\":3,\"name\":\"Mini Gerberas Franky &#8211; en vrac\"}]},{\"@type\":\"WebSite\",\"@id\":\"https:\/\/fleursenvracmtl.com\/en\/#website\",\"url\":\"https:\/\/fleursenvracmtl.com\/en\/\",\"name\":\"Fleurs en Vrac MTL\",\"description\":\"Fleurs en Vrac Mtl - Bulk flower by Le Bouquet\",\"alternateName\":\"Fleurs en Vrac MTL\",\"potentialAction\":[{\"@type\":\"SearchAction\",\"target\":{\"@type\":\"EntryPoint\",\"urlTemplate\":\"https:\/\/fleursenvracmtl.com\/en\/?s={search_term_string}\"},\"query-input\":{\"@type\":\"PropertyValueSpecification\",\"valueRequired\":true,\"valueName\":\"search_term_string\"}}],\"inLanguage\":\"fr-FR\"}]}<\/script>\n<meta property=\"product:price:amount\" content=\"0.00\" \/>\n<meta property=\"product:price:currency\" content=\"CAD\" \/>\n<meta property=\"og:availability\" content=\"instock\" \/>\n<meta property=\"product:availability\" content=\"instock\" \/>\n<meta property=\"product:condition\" content=\"new\" \/>\n<!-- \/ Yoast SEO Premium plugin. -->","yoast_head_json":{"title":"Mini Gerbera Franky en vrac DIY | Gerberas jaunes et orang\u00e9s \u00e9clatants","description":"Commandez des mini gerberas Franky en vrac pour vos arrangements DIY. Fleurs jaunes et rouge-orang\u00e9, tiges de 22\u201324 po. Parfaites pour d\u00e9corations \u00e9clatantes.","robots":{"index":"index","follow":"follow","max-snippet":"max-snippet:-1","max-image-preview":"max-image-preview:large","max-video-preview":"max-video-preview:-1"},"canonical":"https:\/\/fleursenvracmtl.com\/en\/mini-gerbera-franky-bulk-diy\/","og_locale":"fr_FR","og_type":"article","og_title":"Mini Gerberas Franky - en vrac","og_description":"Commandez des mini gerberas Franky en vrac pour vos arrangements DIY. Fleurs jaunes et rouge-orang\u00e9, tiges de 22\u201324 po. Parfaites pour d\u00e9corations \u00e9clatantes.","og_url":"https:\/\/fleursenvracmtl.com\/en\/mini-gerbera-franky-bulk-diy\/","og_site_name":"Fleurs en Vrac Mtl","article_publisher":"https:\/\/www.facebook.com\/LeBouquetMTL\/","article_modified_time":"2025-08-13T10:16:54+00:00","og_image":[{"width":1200,"height":1200,"url":"https:\/\/fleursenvracmtl.com\/wp-content\/uploads\/2025\/06\/MI-GRFRA-Mini-Gerbera-Franky-BUNCH-38.jpg","type":"image\/jpeg"}],"twitter_card":"summary_large_image","twitter_misc":{"Prix":"&#36;0.00","Disponibilit\u00e9":"En stock"},"schema":{"@context":"https:\/\/schema.org","@graph":[{"@type":"WebPage","@id":"https:\/\/fleursenvracmtl.com\/en\/mini-gerbera-franky-bulk-diy\/","url":"https:\/\/fleursenvracmtl.com\/en\/mini-gerbera-franky-bulk-diy\/","name":"Mini Gerbera Franky en vrac DIY | Gerberas jaunes et orang\u00e9s \u00e9clatants","isPartOf":{"@id":"https:\/\/fleursenvracmtl.com\/en\/#website"},"primaryImageOfPage":{"@id":"https:\/\/fleursenvracmtl.com\/en\/mini-gerbera-franky-bulk-diy\/#primaryimage"},"image":{"@id":"https:\/\/fleursenvracmtl.com\/en\/mini-gerbera-franky-bulk-diy\/#primaryimage"},"thumbnailUrl":"https:\/\/fleursenvracmtl.com\/wp-content\/uploads\/2025\/06\/MI-GRFRA-Mini-Gerbera-Franky-BUNCH-38.jpg","datePublished":"2025-06-16T14:00:42+00:00","dateModified":"2025-08-13T10:16:54+00:00","description":"Commandez des mini gerberas Franky en vrac pour vos arrangements DIY. Fleurs jaunes et rouge-orang\u00e9, tiges de 22\u201324 po. Parfaites pour d\u00e9corations \u00e9clatantes.","breadcrumb":{"@id":"https:\/\/fleursenvracmtl.com\/en\/mini-gerbera-franky-bulk-diy\/#breadcrumb"},"inLanguage":"fr-FR","potentialAction":[{"@type":"ReadAction","target":["https:\/\/fleursenvracmtl.com\/en\/mini-gerbera-franky-bulk-diy\/"]}]},{"@type":"ImageObject","inLanguage":"fr-FR","@id":"https:\/\/fleursenvracmtl.com\/en\/mini-gerbera-franky-bulk-diy\/#primaryimage","url":"https:\/\/fleursenvracmtl.com\/wp-content\/uploads\/2025\/06\/MI-GRFRA-Mini-Gerbera-Franky-BUNCH-38.jpg","contentUrl":"https:\/\/fleursenvracmtl.com\/wp-content\/uploads\/2025\/06\/MI-GRFRA-Mini-Gerbera-Franky-BUNCH-38.jpg","width":1200,"height":1200,"caption":"Mini Gerbera Franky"},{"@type":"BreadcrumbList","@id":"https:\/\/fleursenvracmtl.com\/en\/mini-gerbera-franky-bulk-diy\/#breadcrumb","itemListElement":[{"@type":"ListItem","position":1,"name":"Home","item":"https:\/\/fleursenvracmtl.com\/fr\/"},{"@type":"ListItem","position":2,"name":"Shop","item":"https:\/\/fleursenvracmtl.com\/en\/shop\/"},{"@type":"ListItem","position":3,"name":"Mini Gerberas Franky &#8211; en vrac"}]},{"@type":"WebSite","@id":"https:\/\/fleursenvracmtl.com\/en\/#website","url":"https:\/\/fleursenvracmtl.com\/en\/","name":"Fleurs en Vrac MTL","description":"Fleurs en Vrac Mtl - Bulk flower by Le Bouquet","alternateName":"Fleurs en Vrac MTL","potentialAction":[{"@type":"SearchAction","target":{"@type":"EntryPoint","urlTemplate":"https:\/\/fleursenvracmtl.com\/en\/?s={search_term_string}"},"query-input":{"@type":"PropertyValueSpecification","valueRequired":true,"valueName":"search_term_string"}}],"inLanguage":"fr-FR"}]},"product_price_amount":"0.00","product_price_currency":"CAD","og_availability":"instock","product_availability":"instock","product_condition":"new"},"_links":{"self":[{"href":"https:\/\/fleursenvracmtl.com\/fr\/wp-json\/wp\/v2\/product\/115511","targetHints":{"allow":["GET"]}}],"collection":[{"href":"https:\/\/fleursenvracmtl.com\/fr\/wp-json\/wp\/v2\/product"}],"about":[{"href":"https:\/\/fleursenvracmtl.com\/fr\/wp-json\/wp\/v2\/types\/product"}],"replies":[{"embeddable":true,"href":"https:\/\/fleursenvracmtl.com\/fr\/wp-json\/wp\/v2\/comments?post=115511"}],"wp:featuredmedia":[{"embeddable":true,"href":"https:\/\/fleursenvracmtl.com\/fr\/wp-json\/wp\/v2\/media\/115485"}],"wp:attachment":[{"href":"https:\/\/fleursenvracmtl.com\/fr\/wp-json\/wp\/v2\/media?parent=115511"}],"wp:term":[{"taxonomy":"recipe","embeddable":true,"href":"https:\/\/fleursenvracmtl.com\/fr\/wp-json\/wp\/v2\/recipe?post=115511"},{"taxonomy":"product_brand","embeddable":true,"href":"https:\/\/fleursenvracmtl.com\/fr\/wp-json\/wp\/v2\/product_brand?post=115511"},{"taxonomy":"product_cat","embeddable":true,"href":"https:\/\/fleursenvracmtl.com\/fr\/wp-json\/wp\/v2\/product_cat?post=115511"},{"taxonomy":"product_tag","embeddable":true,"href":"https:\/\/fleursenvracmtl.com\/fr\/wp-json\/wp\/v2\/product_tag?post=115511"}],"curies":[{"name":"wp","href":"https:\/\/api.w.org\/{rel}","templated":true}]}}