{"id":115626,"date":"2025-06-16T12:10:04","date_gmt":"2025-06-16T16:10:04","guid":{"rendered":"https:\/\/www.lebouquet.com\/mini-gerbera-caramba-bulk-diy\/"},"modified":"2025-08-13T06:16:52","modified_gmt":"2025-08-13T10:16:52","slug":"mini-gerberas-caramba-en-vrac","status":"publish","type":"product","link":"https:\/\/fleursenvracmtl.com\/fr\/mini-gerberas-caramba-en-vrac\/","title":{"rendered":"Mini Gerberas Caramba &#8211; en vrac"},"content":{"rendered":"<p><i><strong>*Pour assurer la fra\u00eecheur et la disponibilit\u00e9, veuillez commander 2 \u00e0 3 semaines \u00e0 l\u2019avance.<\/strong><\/i><\/p>\n<p>Ajoutez une touche d&rsquo;\u00e9nergie \u00e0 vos cr\u00e9ations florales avec les Mini Gerberas Caramba. Leur teinte orange \u00e9clatante et leur c\u0153ur rouge profond apportent une belle intensit\u00e9 \u00e0 vos bouquets, centres de table ou d\u00e9corations florales. Cultiv\u00e9es localement et exp\u00e9di\u00e9es fra\u00eeches, ces fleurs sont parfaites pour les mariages, \u00e9v\u00e9nements ou projets cr\u00e9atifs.<\/p>\n<p><strong>Caract\u00e9ristiques<\/strong> :<\/p>\n<p><strong>Longueur des tiges<\/strong> : Environ 55\u201360 cm<\/p>\n<p><strong>Couleur<\/strong> : Orange vif avec c\u0153ur rouge<\/p>\n<p><strong>Utilisation<\/strong> : Bricolages floraux, mariages, \u00e9v\u00e9nements, bouquets<\/p>\n<p><strong>Conseils de pr\u00e9paration et d\u2019entretien<\/strong> :<\/p>\n<p>D\u00e9ballez d\u00e8s r\u00e9ception et retirez les protections<\/p>\n<p>Coupez 2\u20133 cm de la tige en biais (45\u00b0)<\/p>\n<p>Placez les fleurs dans de l\u2019eau propre et fra\u00eeche avec un conservateur floral<\/p>\n<p>Changez l\u2019eau et retaillez les tiges tous les 2 \u00e0 3 jours<\/p>\n<p>Gardez dans un endroit frais, \u00e0 l\u2019abri du soleil direct<\/p>\n","protected":false},"excerpt":{"rendered":"<p>*Pour assurer la fra\u00eecheur et la disponibilit\u00e9, veuillez commander 2 \u00e0 3 semaines \u00e0 l\u2019avance. Ajoutez une touche d&rsquo;\u00e9nergie \u00e0 vos cr\u00e9ations florales avec les Mini Gerberas Caramba. Leur teinte orange \u00e9clatante et leur c\u0153ur rouge profond apportent une belle intensit\u00e9 \u00e0 vos bouquets, centres de table ou d\u00e9corations florales. Cultiv\u00e9es localement et exp\u00e9di\u00e9es fra\u00eeches, [&hellip;]<\/p>\n","protected":false},"featured_media":115600,"comment_status":"open","ping_status":"closed","template":"","meta":{"_acf_changed":false},"recipe":[],"product_brand":[],"product_cat":[17168,17416,17169,17454,17457,17469],"product_tag":[],"class_list":{"0":"post-115626","1":"product","2":"type-product","3":"status-publish","4":"has-post-thumbnail","6":"product_cat-bulk-flowers","7":"product_cat-bulk-gerbera","8":"product_cat-fleurs-en-vrac","9":"product_cat-gerbera-en-vrac","10":"product_cat-mini-gerbera","11":"product_cat-mini-gerbera-en-vrac","13":"first","14":"instock","15":"shipping-taxable","16":"purchasable","17":"product-type-simple"},"acf":[],"yoast_head":"<!-- This site is optimized with the Yoast SEO Premium plugin v25.2 (Yoast SEO v26.2) - https:\/\/yoast.com\/wordpress\/plugins\/seo\/ -->\n<title>Mini Gerbera Caramba en vrac | Fleurs DIY orange<\/title>\n<meta name=\"description\" content=\"Achetez des Mini Gerberas Caramba en vrac \u2013 orange \u00e9clatant avec c\u0153ur rouge. Parfaits pour les bricolages floraux, mariages et \u00e9v\u00e9nements.\" \/>\n<meta name=\"robots\" content=\"index, follow, max-snippet:-1, max-image-preview:large, max-video-preview:-1\" \/>\n<link rel=\"canonical\" href=\"https:\/\/fleursenvracmtl.com\/en\/mini-gerbera-caramba-bulk-diy\/\" \/>\n<meta property=\"og:locale\" content=\"fr_FR\" \/>\n<meta property=\"og:type\" content=\"article\" \/>\n<meta property=\"og:title\" content=\"Mini Gerberas Caramba - en vrac\" \/>\n<meta property=\"og:description\" content=\"Achetez des Mini Gerberas Caramba en vrac \u2013 orange \u00e9clatant avec c\u0153ur rouge. Parfaits pour les bricolages floraux, mariages et \u00e9v\u00e9nements.\" \/>\n<meta property=\"og:url\" content=\"https:\/\/fleursenvracmtl.com\/en\/mini-gerbera-caramba-bulk-diy\/\" \/>\n<meta property=\"og:site_name\" content=\"Fleurs en Vrac Mtl\" \/>\n<meta property=\"article:publisher\" content=\"https:\/\/www.facebook.com\/LeBouquetMTL\/\" \/>\n<meta property=\"article:modified_time\" content=\"2025-08-13T10:16:52+00:00\" \/>\n<meta property=\"og:image\" content=\"https:\/\/fleursenvracmtl.com\/wp-content\/uploads\/2025\/06\/MI-GRCAR-Mini-Gerbera-Caramba-orange-Bunch.jpg\" \/>\n\t<meta property=\"og:image:width\" content=\"1200\" \/>\n\t<meta property=\"og:image:height\" content=\"1200\" \/>\n\t<meta property=\"og:image:type\" content=\"image\/jpeg\" \/>\n<meta name=\"twitter:card\" content=\"summary_large_image\" \/>\n<meta name=\"twitter:label1\" content=\"Prix\" \/>\n\t<meta name=\"twitter:data1\" content=\"&#036;0.00\" \/>\n\t<meta name=\"twitter:label2\" content=\"Disponibilit\u00e9\" \/>\n\t<meta name=\"twitter:data2\" content=\"En stock\" \/>\n<script type=\"application\/ld+json\" class=\"yoast-schema-graph\">{\"@context\":\"https:\/\/schema.org\",\"@graph\":[{\"@type\":\"WebPage\",\"@id\":\"https:\/\/fleursenvracmtl.com\/en\/mini-gerbera-caramba-bulk-diy\/\",\"url\":\"https:\/\/fleursenvracmtl.com\/en\/mini-gerbera-caramba-bulk-diy\/\",\"name\":\"Mini Gerbera Caramba en vrac | Fleurs DIY orange\",\"isPartOf\":{\"@id\":\"https:\/\/fleursenvracmtl.com\/en\/#website\"},\"primaryImageOfPage\":{\"@id\":\"https:\/\/fleursenvracmtl.com\/en\/mini-gerbera-caramba-bulk-diy\/#primaryimage\"},\"image\":{\"@id\":\"https:\/\/fleursenvracmtl.com\/en\/mini-gerbera-caramba-bulk-diy\/#primaryimage\"},\"thumbnailUrl\":\"https:\/\/fleursenvracmtl.com\/wp-content\/uploads\/2025\/06\/MI-GRCAR-Mini-Gerbera-Caramba-orange-Bunch.jpg\",\"datePublished\":\"2025-06-16T16:10:04+00:00\",\"dateModified\":\"2025-08-13T10:16:52+00:00\",\"description\":\"Achetez des Mini Gerberas Caramba en vrac \u2013 orange \u00e9clatant avec c\u0153ur rouge. Parfaits pour les bricolages floraux, mariages et \u00e9v\u00e9nements.\",\"breadcrumb\":{\"@id\":\"https:\/\/fleursenvracmtl.com\/en\/mini-gerbera-caramba-bulk-diy\/#breadcrumb\"},\"inLanguage\":\"fr-FR\",\"potentialAction\":[{\"@type\":\"ReadAction\",\"target\":[\"https:\/\/fleursenvracmtl.com\/en\/mini-gerbera-caramba-bulk-diy\/\"]}]},{\"@type\":\"ImageObject\",\"inLanguage\":\"fr-FR\",\"@id\":\"https:\/\/fleursenvracmtl.com\/en\/mini-gerbera-caramba-bulk-diy\/#primaryimage\",\"url\":\"https:\/\/fleursenvracmtl.com\/wp-content\/uploads\/2025\/06\/MI-GRCAR-Mini-Gerbera-Caramba-orange-Bunch.jpg\",\"contentUrl\":\"https:\/\/fleursenvracmtl.com\/wp-content\/uploads\/2025\/06\/MI-GRCAR-Mini-Gerbera-Caramba-orange-Bunch.jpg\",\"width\":1200,\"height\":1200,\"caption\":\"Mini Gerbera Caramba orange\"},{\"@type\":\"BreadcrumbList\",\"@id\":\"https:\/\/fleursenvracmtl.com\/en\/mini-gerbera-caramba-bulk-diy\/#breadcrumb\",\"itemListElement\":[{\"@type\":\"ListItem\",\"position\":1,\"name\":\"Home\",\"item\":\"https:\/\/fleursenvracmtl.com\/fr\/\"},{\"@type\":\"ListItem\",\"position\":2,\"name\":\"Shop\",\"item\":\"https:\/\/fleursenvracmtl.com\/en\/shop\/\"},{\"@type\":\"ListItem\",\"position\":3,\"name\":\"Mini Gerberas Caramba &#8211; en vrac\"}]},{\"@type\":\"WebSite\",\"@id\":\"https:\/\/fleursenvracmtl.com\/en\/#website\",\"url\":\"https:\/\/fleursenvracmtl.com\/en\/\",\"name\":\"Fleurs en Vrac MTL\",\"description\":\"Fleurs en Vrac Mtl - Bulk flower by Le Bouquet\",\"alternateName\":\"Fleurs en Vrac MTL\",\"potentialAction\":[{\"@type\":\"SearchAction\",\"target\":{\"@type\":\"EntryPoint\",\"urlTemplate\":\"https:\/\/fleursenvracmtl.com\/en\/?s={search_term_string}\"},\"query-input\":{\"@type\":\"PropertyValueSpecification\",\"valueRequired\":true,\"valueName\":\"search_term_string\"}}],\"inLanguage\":\"fr-FR\"}]}<\/script>\n<meta property=\"product:price:amount\" content=\"0.00\" \/>\n<meta property=\"product:price:currency\" content=\"CAD\" \/>\n<meta property=\"og:availability\" content=\"instock\" \/>\n<meta property=\"product:availability\" content=\"instock\" \/>\n<meta property=\"product:condition\" content=\"new\" \/>\n<!-- \/ Yoast SEO Premium plugin. -->","yoast_head_json":{"title":"Mini Gerbera Caramba en vrac | Fleurs DIY orange","description":"Achetez des Mini Gerberas Caramba en vrac \u2013 orange \u00e9clatant avec c\u0153ur rouge. Parfaits pour les bricolages floraux, mariages et \u00e9v\u00e9nements.","robots":{"index":"index","follow":"follow","max-snippet":"max-snippet:-1","max-image-preview":"max-image-preview:large","max-video-preview":"max-video-preview:-1"},"canonical":"https:\/\/fleursenvracmtl.com\/en\/mini-gerbera-caramba-bulk-diy\/","og_locale":"fr_FR","og_type":"article","og_title":"Mini Gerberas Caramba - en vrac","og_description":"Achetez des Mini Gerberas Caramba en vrac \u2013 orange \u00e9clatant avec c\u0153ur rouge. Parfaits pour les bricolages floraux, mariages et \u00e9v\u00e9nements.","og_url":"https:\/\/fleursenvracmtl.com\/en\/mini-gerbera-caramba-bulk-diy\/","og_site_name":"Fleurs en Vrac Mtl","article_publisher":"https:\/\/www.facebook.com\/LeBouquetMTL\/","article_modified_time":"2025-08-13T10:16:52+00:00","og_image":[{"width":1200,"height":1200,"url":"https:\/\/fleursenvracmtl.com\/wp-content\/uploads\/2025\/06\/MI-GRCAR-Mini-Gerbera-Caramba-orange-Bunch.jpg","type":"image\/jpeg"}],"twitter_card":"summary_large_image","twitter_misc":{"Prix":"&#36;0.00","Disponibilit\u00e9":"En stock"},"schema":{"@context":"https:\/\/schema.org","@graph":[{"@type":"WebPage","@id":"https:\/\/fleursenvracmtl.com\/en\/mini-gerbera-caramba-bulk-diy\/","url":"https:\/\/fleursenvracmtl.com\/en\/mini-gerbera-caramba-bulk-diy\/","name":"Mini Gerbera Caramba en vrac | Fleurs DIY orange","isPartOf":{"@id":"https:\/\/fleursenvracmtl.com\/en\/#website"},"primaryImageOfPage":{"@id":"https:\/\/fleursenvracmtl.com\/en\/mini-gerbera-caramba-bulk-diy\/#primaryimage"},"image":{"@id":"https:\/\/fleursenvracmtl.com\/en\/mini-gerbera-caramba-bulk-diy\/#primaryimage"},"thumbnailUrl":"https:\/\/fleursenvracmtl.com\/wp-content\/uploads\/2025\/06\/MI-GRCAR-Mini-Gerbera-Caramba-orange-Bunch.jpg","datePublished":"2025-06-16T16:10:04+00:00","dateModified":"2025-08-13T10:16:52+00:00","description":"Achetez des Mini Gerberas Caramba en vrac \u2013 orange \u00e9clatant avec c\u0153ur rouge. Parfaits pour les bricolages floraux, mariages et \u00e9v\u00e9nements.","breadcrumb":{"@id":"https:\/\/fleursenvracmtl.com\/en\/mini-gerbera-caramba-bulk-diy\/#breadcrumb"},"inLanguage":"fr-FR","potentialAction":[{"@type":"ReadAction","target":["https:\/\/fleursenvracmtl.com\/en\/mini-gerbera-caramba-bulk-diy\/"]}]},{"@type":"ImageObject","inLanguage":"fr-FR","@id":"https:\/\/fleursenvracmtl.com\/en\/mini-gerbera-caramba-bulk-diy\/#primaryimage","url":"https:\/\/fleursenvracmtl.com\/wp-content\/uploads\/2025\/06\/MI-GRCAR-Mini-Gerbera-Caramba-orange-Bunch.jpg","contentUrl":"https:\/\/fleursenvracmtl.com\/wp-content\/uploads\/2025\/06\/MI-GRCAR-Mini-Gerbera-Caramba-orange-Bunch.jpg","width":1200,"height":1200,"caption":"Mini Gerbera Caramba orange"},{"@type":"BreadcrumbList","@id":"https:\/\/fleursenvracmtl.com\/en\/mini-gerbera-caramba-bulk-diy\/#breadcrumb","itemListElement":[{"@type":"ListItem","position":1,"name":"Home","item":"https:\/\/fleursenvracmtl.com\/fr\/"},{"@type":"ListItem","position":2,"name":"Shop","item":"https:\/\/fleursenvracmtl.com\/en\/shop\/"},{"@type":"ListItem","position":3,"name":"Mini Gerberas Caramba &#8211; en vrac"}]},{"@type":"WebSite","@id":"https:\/\/fleursenvracmtl.com\/en\/#website","url":"https:\/\/fleursenvracmtl.com\/en\/","name":"Fleurs en Vrac MTL","description":"Fleurs en Vrac Mtl - Bulk flower by Le Bouquet","alternateName":"Fleurs en Vrac MTL","potentialAction":[{"@type":"SearchAction","target":{"@type":"EntryPoint","urlTemplate":"https:\/\/fleursenvracmtl.com\/en\/?s={search_term_string}"},"query-input":{"@type":"PropertyValueSpecification","valueRequired":true,"valueName":"search_term_string"}}],"inLanguage":"fr-FR"}]},"product_price_amount":"0.00","product_price_currency":"CAD","og_availability":"instock","product_availability":"instock","product_condition":"new"},"_links":{"self":[{"href":"https:\/\/fleursenvracmtl.com\/fr\/wp-json\/wp\/v2\/product\/115626","targetHints":{"allow":["GET"]}}],"collection":[{"href":"https:\/\/fleursenvracmtl.com\/fr\/wp-json\/wp\/v2\/product"}],"about":[{"href":"https:\/\/fleursenvracmtl.com\/fr\/wp-json\/wp\/v2\/types\/product"}],"replies":[{"embeddable":true,"href":"https:\/\/fleursenvracmtl.com\/fr\/wp-json\/wp\/v2\/comments?post=115626"}],"wp:featuredmedia":[{"embeddable":true,"href":"https:\/\/fleursenvracmtl.com\/fr\/wp-json\/wp\/v2\/media\/115600"}],"wp:attachment":[{"href":"https:\/\/fleursenvracmtl.com\/fr\/wp-json\/wp\/v2\/media?parent=115626"}],"wp:term":[{"taxonomy":"recipe","embeddable":true,"href":"https:\/\/fleursenvracmtl.com\/fr\/wp-json\/wp\/v2\/recipe?post=115626"},{"taxonomy":"product_brand","embeddable":true,"href":"https:\/\/fleursenvracmtl.com\/fr\/wp-json\/wp\/v2\/product_brand?post=115626"},{"taxonomy":"product_cat","embeddable":true,"href":"https:\/\/fleursenvracmtl.com\/fr\/wp-json\/wp\/v2\/product_cat?post=115626"},{"taxonomy":"product_tag","embeddable":true,"href":"https:\/\/fleursenvracmtl.com\/fr\/wp-json\/wp\/v2\/product_tag?post=115626"}],"curies":[{"name":"wp","href":"https:\/\/api.w.org\/{rel}","templated":true}]}}