{"id":116563,"date":"2025-07-07T11:20:07","date_gmt":"2025-07-07T15:20:07","guid":{"rendered":"https:\/\/www.lebouquet.com\/gerbera-passito\/"},"modified":"2025-08-13T06:16:46","modified_gmt":"2025-08-13T10:16:46","slug":"gerbera-passito-en-vrac","status":"publish","type":"product","link":"https:\/\/fleursenvracmtl.com\/fr\/gerbera-passito-en-vrac\/","title":{"rendered":"Gerberas Passito &#8211; en vrac"},"content":{"rendered":"<p><strong>*Pour garantir la fra\u00eecheur des fleurs et leur disponibilit\u00e9, veuillez passer votre commande 2 \u00e0 3 semaines \u00e0 l&rsquo;avance.<\/strong><\/p>\n<p>Illuminez toutes les occasions avec le charme \u00e9clatant de notre <strong>Gerbera Passito<\/strong>. Ces magnifiques gerberas jaune p\u00e2le sont parfaits pour les arrangements floraux DIY, apportant une touche ensoleill\u00e9e aux mariages, anniversaires et c\u00e9l\u00e9brations quotidiennes. Vendu en vrac pour plus de cr\u00e9ativit\u00e9 et de valeur.<\/p>\n","protected":false},"excerpt":{"rendered":"<p>*Pour garantir la fra\u00eecheur des fleurs et leur disponibilit\u00e9, veuillez passer votre commande 2 \u00e0 3 semaines \u00e0 l&rsquo;avance. Illuminez toutes les occasions avec le charme \u00e9clatant de notre Gerbera Passito. Ces magnifiques gerberas jaune p\u00e2le sont parfaits pour les arrangements floraux DIY, apportant une touche ensoleill\u00e9e aux mariages, anniversaires et c\u00e9l\u00e9brations quotidiennes. Vendu en [&hellip;]<\/p>\n","protected":false},"featured_media":116552,"comment_status":"open","ping_status":"closed","template":"","meta":{"_acf_changed":false},"recipe":[],"product_brand":[],"product_cat":[17168,17416,17456,17169,17454,17468],"product_tag":[],"class_list":{"0":"post-116563","1":"product","2":"type-product","3":"status-publish","4":"has-post-thumbnail","6":"product_cat-bulk-flowers","7":"product_cat-bulk-gerbera","8":"product_cat-standard-gerbera","9":"product_cat-fleurs-en-vrac","10":"product_cat-gerbera-en-vrac","11":"product_cat-gerbera-standard-en-vrac","13":"first","14":"instock","15":"shipping-taxable","16":"purchasable","17":"product-type-simple"},"acf":[],"yoast_head":"<!-- This site is optimized with the Yoast SEO Premium plugin v25.2 (Yoast SEO v26.2) - https:\/\/yoast.com\/wordpress\/plugins\/seo\/ -->\n<title>Gerbera Passito fleurs en vrac \u2013 Gerberas jaune p\u00e2le DIY<\/title>\n<meta name=\"description\" content=\"Achetez Gerbera Passito en vrac\u2014gerberas jaune p\u00e2le parfaits pour les arrangements DIY, mariages et \u00e9v\u00e9nements. Fleurs fra\u00eeches \u00e0 prix de gros.\" \/>\n<meta name=\"robots\" content=\"index, follow, max-snippet:-1, max-image-preview:large, max-video-preview:-1\" \/>\n<link rel=\"canonical\" href=\"https:\/\/fleursenvracmtl.com\/fr\/gerbera-passito-en-vrac\/\" \/>\n<meta property=\"og:locale\" content=\"fr_FR\" \/>\n<meta property=\"og:type\" content=\"article\" \/>\n<meta property=\"og:title\" content=\"Gerberas Passito - en vrac\" \/>\n<meta property=\"og:description\" content=\"Achetez Gerbera Passito en vrac\u2014gerberas jaune p\u00e2le parfaits pour les arrangements DIY, mariages et \u00e9v\u00e9nements. Fleurs fra\u00eeches \u00e0 prix de gros.\" \/>\n<meta property=\"og:url\" content=\"https:\/\/fleursenvracmtl.com\/fr\/gerbera-passito-en-vrac\/\" \/>\n<meta property=\"og:site_name\" content=\"Fleurs en Vrac Mtl\" \/>\n<meta property=\"article:publisher\" content=\"https:\/\/www.facebook.com\/LeBouquetMTL\/\" \/>\n<meta property=\"article:modified_time\" content=\"2025-08-13T10:16:46+00:00\" \/>\n<meta property=\"og:image\" content=\"https:\/\/fleursenvracmtl.com\/wp-content\/uploads\/2025\/07\/GE-RPSS-Gerbera-Passito-5.jpg\" \/>\n\t<meta property=\"og:image:width\" content=\"1200\" \/>\n\t<meta property=\"og:image:height\" content=\"1200\" \/>\n\t<meta property=\"og:image:type\" content=\"image\/jpeg\" \/>\n<meta name=\"twitter:card\" content=\"summary_large_image\" \/>\n<meta name=\"twitter:label1\" content=\"Prix\" \/>\n\t<meta name=\"twitter:data1\" content=\"&#036;0.00\" \/>\n\t<meta name=\"twitter:label2\" content=\"Disponibilit\u00e9\" \/>\n\t<meta name=\"twitter:data2\" content=\"En stock\" \/>\n<script type=\"application\/ld+json\" class=\"yoast-schema-graph\">{\"@context\":\"https:\/\/schema.org\",\"@graph\":[{\"@type\":\"WebPage\",\"@id\":\"https:\/\/fleursenvracmtl.com\/fr\/gerbera-passito-en-vrac\/\",\"url\":\"https:\/\/fleursenvracmtl.com\/fr\/gerbera-passito-en-vrac\/\",\"name\":\"Gerbera Passito fleurs en vrac \u2013 Gerberas jaune p\u00e2le DIY\",\"isPartOf\":{\"@id\":\"https:\/\/fleursenvracmtl.com\/en\/#website\"},\"primaryImageOfPage\":{\"@id\":\"https:\/\/fleursenvracmtl.com\/fr\/gerbera-passito-en-vrac\/#primaryimage\"},\"image\":{\"@id\":\"https:\/\/fleursenvracmtl.com\/fr\/gerbera-passito-en-vrac\/#primaryimage\"},\"thumbnailUrl\":\"https:\/\/fleursenvracmtl.com\/wp-content\/uploads\/2025\/07\/GE-RPSS-Gerbera-Passito-5.jpg\",\"datePublished\":\"2025-07-07T15:20:07+00:00\",\"dateModified\":\"2025-08-13T10:16:46+00:00\",\"description\":\"Achetez Gerbera Passito en vrac\u2014gerberas jaune p\u00e2le parfaits pour les arrangements DIY, mariages et \u00e9v\u00e9nements. Fleurs fra\u00eeches \u00e0 prix de gros.\",\"breadcrumb\":{\"@id\":\"https:\/\/fleursenvracmtl.com\/fr\/gerbera-passito-en-vrac\/#breadcrumb\"},\"inLanguage\":\"fr-FR\",\"potentialAction\":[{\"@type\":\"ReadAction\",\"target\":[\"https:\/\/fleursenvracmtl.com\/fr\/gerbera-passito-en-vrac\/\"]}]},{\"@type\":\"ImageObject\",\"inLanguage\":\"fr-FR\",\"@id\":\"https:\/\/fleursenvracmtl.com\/fr\/gerbera-passito-en-vrac\/#primaryimage\",\"url\":\"https:\/\/fleursenvracmtl.com\/wp-content\/uploads\/2025\/07\/GE-RPSS-Gerbera-Passito-5.jpg\",\"contentUrl\":\"https:\/\/fleursenvracmtl.com\/wp-content\/uploads\/2025\/07\/GE-RPSS-Gerbera-Passito-5.jpg\",\"width\":1200,\"height\":1200,\"caption\":\"Gerbera Passito\"},{\"@type\":\"BreadcrumbList\",\"@id\":\"https:\/\/fleursenvracmtl.com\/fr\/gerbera-passito-en-vrac\/#breadcrumb\",\"itemListElement\":[{\"@type\":\"ListItem\",\"position\":1,\"name\":\"Home\",\"item\":\"https:\/\/fleursenvracmtl.com\/fr\/\"},{\"@type\":\"ListItem\",\"position\":2,\"name\":\"Shop\",\"item\":\"https:\/\/fleursenvracmtl.com\/en\/shop\/\"},{\"@type\":\"ListItem\",\"position\":3,\"name\":\"Gerberas Passito &#8211; en vrac\"}]},{\"@type\":\"WebSite\",\"@id\":\"https:\/\/fleursenvracmtl.com\/en\/#website\",\"url\":\"https:\/\/fleursenvracmtl.com\/en\/\",\"name\":\"Fleurs en Vrac MTL\",\"description\":\"Fleurs en Vrac Mtl - Bulk flower by Le Bouquet\",\"alternateName\":\"Fleurs en Vrac MTL\",\"potentialAction\":[{\"@type\":\"SearchAction\",\"target\":{\"@type\":\"EntryPoint\",\"urlTemplate\":\"https:\/\/fleursenvracmtl.com\/en\/?s={search_term_string}\"},\"query-input\":{\"@type\":\"PropertyValueSpecification\",\"valueRequired\":true,\"valueName\":\"search_term_string\"}}],\"inLanguage\":\"fr-FR\"}]}<\/script>\n<meta property=\"product:price:amount\" content=\"0.00\" \/>\n<meta property=\"product:price:currency\" content=\"CAD\" \/>\n<meta property=\"og:availability\" content=\"instock\" \/>\n<meta property=\"product:availability\" content=\"instock\" \/>\n<meta property=\"product:condition\" content=\"new\" \/>\n<!-- \/ Yoast SEO Premium plugin. -->","yoast_head_json":{"title":"Gerbera Passito fleurs en vrac \u2013 Gerberas jaune p\u00e2le DIY","description":"Achetez Gerbera Passito en vrac\u2014gerberas jaune p\u00e2le parfaits pour les arrangements DIY, mariages et \u00e9v\u00e9nements. Fleurs fra\u00eeches \u00e0 prix de gros.","robots":{"index":"index","follow":"follow","max-snippet":"max-snippet:-1","max-image-preview":"max-image-preview:large","max-video-preview":"max-video-preview:-1"},"canonical":"https:\/\/fleursenvracmtl.com\/fr\/gerbera-passito-en-vrac\/","og_locale":"fr_FR","og_type":"article","og_title":"Gerberas Passito - en vrac","og_description":"Achetez Gerbera Passito en vrac\u2014gerberas jaune p\u00e2le parfaits pour les arrangements DIY, mariages et \u00e9v\u00e9nements. Fleurs fra\u00eeches \u00e0 prix de gros.","og_url":"https:\/\/fleursenvracmtl.com\/fr\/gerbera-passito-en-vrac\/","og_site_name":"Fleurs en Vrac Mtl","article_publisher":"https:\/\/www.facebook.com\/LeBouquetMTL\/","article_modified_time":"2025-08-13T10:16:46+00:00","og_image":[{"width":1200,"height":1200,"url":"https:\/\/fleursenvracmtl.com\/wp-content\/uploads\/2025\/07\/GE-RPSS-Gerbera-Passito-5.jpg","type":"image\/jpeg"}],"twitter_card":"summary_large_image","twitter_misc":{"Prix":"&#36;0.00","Disponibilit\u00e9":"En stock"},"schema":{"@context":"https:\/\/schema.org","@graph":[{"@type":"WebPage","@id":"https:\/\/fleursenvracmtl.com\/fr\/gerbera-passito-en-vrac\/","url":"https:\/\/fleursenvracmtl.com\/fr\/gerbera-passito-en-vrac\/","name":"Gerbera Passito fleurs en vrac \u2013 Gerberas jaune p\u00e2le DIY","isPartOf":{"@id":"https:\/\/fleursenvracmtl.com\/en\/#website"},"primaryImageOfPage":{"@id":"https:\/\/fleursenvracmtl.com\/fr\/gerbera-passito-en-vrac\/#primaryimage"},"image":{"@id":"https:\/\/fleursenvracmtl.com\/fr\/gerbera-passito-en-vrac\/#primaryimage"},"thumbnailUrl":"https:\/\/fleursenvracmtl.com\/wp-content\/uploads\/2025\/07\/GE-RPSS-Gerbera-Passito-5.jpg","datePublished":"2025-07-07T15:20:07+00:00","dateModified":"2025-08-13T10:16:46+00:00","description":"Achetez Gerbera Passito en vrac\u2014gerberas jaune p\u00e2le parfaits pour les arrangements DIY, mariages et \u00e9v\u00e9nements. Fleurs fra\u00eeches \u00e0 prix de gros.","breadcrumb":{"@id":"https:\/\/fleursenvracmtl.com\/fr\/gerbera-passito-en-vrac\/#breadcrumb"},"inLanguage":"fr-FR","potentialAction":[{"@type":"ReadAction","target":["https:\/\/fleursenvracmtl.com\/fr\/gerbera-passito-en-vrac\/"]}]},{"@type":"ImageObject","inLanguage":"fr-FR","@id":"https:\/\/fleursenvracmtl.com\/fr\/gerbera-passito-en-vrac\/#primaryimage","url":"https:\/\/fleursenvracmtl.com\/wp-content\/uploads\/2025\/07\/GE-RPSS-Gerbera-Passito-5.jpg","contentUrl":"https:\/\/fleursenvracmtl.com\/wp-content\/uploads\/2025\/07\/GE-RPSS-Gerbera-Passito-5.jpg","width":1200,"height":1200,"caption":"Gerbera Passito"},{"@type":"BreadcrumbList","@id":"https:\/\/fleursenvracmtl.com\/fr\/gerbera-passito-en-vrac\/#breadcrumb","itemListElement":[{"@type":"ListItem","position":1,"name":"Home","item":"https:\/\/fleursenvracmtl.com\/fr\/"},{"@type":"ListItem","position":2,"name":"Shop","item":"https:\/\/fleursenvracmtl.com\/en\/shop\/"},{"@type":"ListItem","position":3,"name":"Gerberas Passito &#8211; en vrac"}]},{"@type":"WebSite","@id":"https:\/\/fleursenvracmtl.com\/en\/#website","url":"https:\/\/fleursenvracmtl.com\/en\/","name":"Fleurs en Vrac MTL","description":"Fleurs en Vrac Mtl - Bulk flower by Le Bouquet","alternateName":"Fleurs en Vrac MTL","potentialAction":[{"@type":"SearchAction","target":{"@type":"EntryPoint","urlTemplate":"https:\/\/fleursenvracmtl.com\/en\/?s={search_term_string}"},"query-input":{"@type":"PropertyValueSpecification","valueRequired":true,"valueName":"search_term_string"}}],"inLanguage":"fr-FR"}]},"product_price_amount":"0.00","product_price_currency":"CAD","og_availability":"instock","product_availability":"instock","product_condition":"new"},"_links":{"self":[{"href":"https:\/\/fleursenvracmtl.com\/fr\/wp-json\/wp\/v2\/product\/116563","targetHints":{"allow":["GET"]}}],"collection":[{"href":"https:\/\/fleursenvracmtl.com\/fr\/wp-json\/wp\/v2\/product"}],"about":[{"href":"https:\/\/fleursenvracmtl.com\/fr\/wp-json\/wp\/v2\/types\/product"}],"replies":[{"embeddable":true,"href":"https:\/\/fleursenvracmtl.com\/fr\/wp-json\/wp\/v2\/comments?post=116563"}],"wp:featuredmedia":[{"embeddable":true,"href":"https:\/\/fleursenvracmtl.com\/fr\/wp-json\/wp\/v2\/media\/116552"}],"wp:attachment":[{"href":"https:\/\/fleursenvracmtl.com\/fr\/wp-json\/wp\/v2\/media?parent=116563"}],"wp:term":[{"taxonomy":"recipe","embeddable":true,"href":"https:\/\/fleursenvracmtl.com\/fr\/wp-json\/wp\/v2\/recipe?post=116563"},{"taxonomy":"product_brand","embeddable":true,"href":"https:\/\/fleursenvracmtl.com\/fr\/wp-json\/wp\/v2\/product_brand?post=116563"},{"taxonomy":"product_cat","embeddable":true,"href":"https:\/\/fleursenvracmtl.com\/fr\/wp-json\/wp\/v2\/product_cat?post=116563"},{"taxonomy":"product_tag","embeddable":true,"href":"https:\/\/fleursenvracmtl.com\/fr\/wp-json\/wp\/v2\/product_tag?post=116563"}],"curies":[{"name":"wp","href":"https:\/\/api.w.org\/{rel}","templated":true}]}}