{"id":116641,"date":"2025-07-07T13:13:41","date_gmt":"2025-07-07T17:13:41","guid":{"rendered":"https:\/\/www.lebouquet.com\/gerbera-eureka-bulk-diy\/"},"modified":"2025-08-14T08:29:24","modified_gmt":"2025-08-14T12:29:24","slug":"gerbera-eureka-en-vrac","status":"publish","type":"product","link":"https:\/\/fleursenvracmtl.com\/fr\/gerbera-eureka-en-vrac\/","title":{"rendered":"Gerberas Eureka &#8211; en vrac"},"content":{"rendered":"<p><strong>*Pour garantir la fra\u00eecheur des fleurs et leur disponibilit\u00e9, veuillez passer votre commande 2 \u00e0 3 semaines \u00e0 l&rsquo;avance.<\/strong><\/p>\n<p>Apportez une \u00e9nergie vibrante \u00e0 vos compositions florales avec le <strong>Gerbera Eureka<\/strong> \u00e9clatant et joyeux. Ces superbes gerberas orange apportent une touche vive et color\u00e9e aux mariages, anniversaires ou \u00e0 toute autre c\u00e9l\u00e9bration. Parfaits pour les passionn\u00e9s de DIY et les fleuristes \u00e9v\u00e9nementiels, ces fleurs fra\u00eeches sont vendues en vrac pour stimuler la cr\u00e9ativit\u00e9.&nbsp;<\/p>\n","protected":false},"excerpt":{"rendered":"<p>*Pour garantir la fra\u00eecheur des fleurs et leur disponibilit\u00e9, veuillez passer votre commande 2 \u00e0 3 semaines \u00e0 l&rsquo;avance. Apportez une \u00e9nergie vibrante \u00e0 vos compositions florales avec le Gerbera Eureka \u00e9clatant et joyeux. Ces superbes gerberas orange apportent une touche vive et color\u00e9e aux mariages, anniversaires ou \u00e0 toute autre c\u00e9l\u00e9bration. Parfaits pour les [&hellip;]<\/p>\n","protected":false},"featured_media":116614,"comment_status":"open","ping_status":"closed","template":"","meta":{"_acf_changed":false},"recipe":[],"product_brand":[],"product_cat":[17168,17416,17456,17169,17454,17468],"product_tag":[],"class_list":{"0":"post-116641","1":"product","2":"type-product","3":"status-publish","4":"has-post-thumbnail","6":"product_cat-bulk-flowers","7":"product_cat-bulk-gerbera","8":"product_cat-standard-gerbera","9":"product_cat-fleurs-en-vrac","10":"product_cat-gerbera-en-vrac","11":"product_cat-gerbera-standard-en-vrac","13":"first","14":"instock","15":"shipping-taxable","16":"purchasable","17":"product-type-simple"},"acf":[],"yoast_head":"<!-- This site is optimized with the Yoast SEO Premium plugin v25.2 (Yoast SEO v26.2) - https:\/\/yoast.com\/wordpress\/plugins\/seo\/ -->\n<title>Gerbera Eureka fleurs en vrac \u2013 Gerberas Orange \u00e9clatants DIY<\/title>\n<meta name=\"description\" content=\"Achetez Gerbera Eureka en vrac\u2014gerberas orange lumineux parfaits pour les arrangements DIY, mariages et \u00e9v\u00e9nements. Fleurs fra\u00eeches \u00e0 prix de gros.\" \/>\n<meta name=\"robots\" content=\"index, follow, max-snippet:-1, max-image-preview:large, max-video-preview:-1\" \/>\n<link rel=\"canonical\" href=\"https:\/\/fleursenvracmtl.com\/fr\/gerbera-eureka-en-vrac\/\" \/>\n<meta property=\"og:locale\" content=\"fr_FR\" \/>\n<meta property=\"og:type\" content=\"article\" \/>\n<meta property=\"og:title\" content=\"Gerberas Eureka - en vrac\" \/>\n<meta property=\"og:description\" content=\"Achetez Gerbera Eureka en vrac\u2014gerberas orange lumineux parfaits pour les arrangements DIY, mariages et \u00e9v\u00e9nements. Fleurs fra\u00eeches \u00e0 prix de gros.\" \/>\n<meta property=\"og:url\" content=\"https:\/\/fleursenvracmtl.com\/fr\/gerbera-eureka-en-vrac\/\" \/>\n<meta property=\"og:site_name\" content=\"Fleurs en Vrac Mtl\" \/>\n<meta property=\"article:publisher\" content=\"https:\/\/www.facebook.com\/LeBouquetMTL\/\" \/>\n<meta property=\"article:modified_time\" content=\"2025-08-14T12:29:24+00:00\" \/>\n<meta property=\"og:image\" content=\"https:\/\/fleursenvracmtl.com\/wp-content\/uploads\/2025\/07\/GER-RF-EUR-Gerbera-Eureka-4.jpg\" \/>\n\t<meta property=\"og:image:width\" content=\"1200\" \/>\n\t<meta property=\"og:image:height\" content=\"1200\" \/>\n\t<meta property=\"og:image:type\" content=\"image\/jpeg\" \/>\n<meta name=\"twitter:card\" content=\"summary_large_image\" \/>\n<meta name=\"twitter:label1\" content=\"Prix\" \/>\n\t<meta name=\"twitter:data1\" content=\"&#036;0.00\" \/>\n\t<meta name=\"twitter:label2\" content=\"Disponibilit\u00e9\" \/>\n\t<meta name=\"twitter:data2\" content=\"En stock\" \/>\n<script type=\"application\/ld+json\" class=\"yoast-schema-graph\">{\"@context\":\"https:\/\/schema.org\",\"@graph\":[{\"@type\":\"WebPage\",\"@id\":\"https:\/\/fleursenvracmtl.com\/fr\/gerbera-eureka-en-vrac\/\",\"url\":\"https:\/\/fleursenvracmtl.com\/fr\/gerbera-eureka-en-vrac\/\",\"name\":\"Gerbera Eureka fleurs en vrac \u2013 Gerberas Orange \u00e9clatants DIY\",\"isPartOf\":{\"@id\":\"https:\/\/fleursenvracmtl.com\/en\/#website\"},\"primaryImageOfPage\":{\"@id\":\"https:\/\/fleursenvracmtl.com\/fr\/gerbera-eureka-en-vrac\/#primaryimage\"},\"image\":{\"@id\":\"https:\/\/fleursenvracmtl.com\/fr\/gerbera-eureka-en-vrac\/#primaryimage\"},\"thumbnailUrl\":\"https:\/\/fleursenvracmtl.com\/wp-content\/uploads\/2025\/07\/GER-RF-EUR-Gerbera-Eureka-4.jpg\",\"datePublished\":\"2025-07-07T17:13:41+00:00\",\"dateModified\":\"2025-08-14T12:29:24+00:00\",\"description\":\"Achetez Gerbera Eureka en vrac\u2014gerberas orange lumineux parfaits pour les arrangements DIY, mariages et \u00e9v\u00e9nements. Fleurs fra\u00eeches \u00e0 prix de gros.\",\"breadcrumb\":{\"@id\":\"https:\/\/fleursenvracmtl.com\/fr\/gerbera-eureka-en-vrac\/#breadcrumb\"},\"inLanguage\":\"fr-FR\",\"potentialAction\":[{\"@type\":\"ReadAction\",\"target\":[\"https:\/\/fleursenvracmtl.com\/fr\/gerbera-eureka-en-vrac\/\"]}]},{\"@type\":\"ImageObject\",\"inLanguage\":\"fr-FR\",\"@id\":\"https:\/\/fleursenvracmtl.com\/fr\/gerbera-eureka-en-vrac\/#primaryimage\",\"url\":\"https:\/\/fleursenvracmtl.com\/wp-content\/uploads\/2025\/07\/GER-RF-EUR-Gerbera-Eureka-4.jpg\",\"contentUrl\":\"https:\/\/fleursenvracmtl.com\/wp-content\/uploads\/2025\/07\/GER-RF-EUR-Gerbera-Eureka-4.jpg\",\"width\":1200,\"height\":1200,\"caption\":\"Gerbera Eureka\"},{\"@type\":\"BreadcrumbList\",\"@id\":\"https:\/\/fleursenvracmtl.com\/fr\/gerbera-eureka-en-vrac\/#breadcrumb\",\"itemListElement\":[{\"@type\":\"ListItem\",\"position\":1,\"name\":\"Home\",\"item\":\"https:\/\/fleursenvracmtl.com\/fr\/\"},{\"@type\":\"ListItem\",\"position\":2,\"name\":\"Shop\",\"item\":\"https:\/\/fleursenvracmtl.com\/en\/shop\/\"},{\"@type\":\"ListItem\",\"position\":3,\"name\":\"Gerberas Eureka &#8211; en vrac\"}]},{\"@type\":\"WebSite\",\"@id\":\"https:\/\/fleursenvracmtl.com\/en\/#website\",\"url\":\"https:\/\/fleursenvracmtl.com\/en\/\",\"name\":\"Fleurs en Vrac MTL\",\"description\":\"Fleurs en Vrac Mtl - Bulk flower by Le Bouquet\",\"alternateName\":\"Fleurs en Vrac MTL\",\"potentialAction\":[{\"@type\":\"SearchAction\",\"target\":{\"@type\":\"EntryPoint\",\"urlTemplate\":\"https:\/\/fleursenvracmtl.com\/en\/?s={search_term_string}\"},\"query-input\":{\"@type\":\"PropertyValueSpecification\",\"valueRequired\":true,\"valueName\":\"search_term_string\"}}],\"inLanguage\":\"fr-FR\"}]}<\/script>\n<meta property=\"product:price:amount\" content=\"0.00\" \/>\n<meta property=\"product:price:currency\" content=\"CAD\" \/>\n<meta property=\"og:availability\" content=\"instock\" \/>\n<meta property=\"product:availability\" content=\"instock\" \/>\n<meta property=\"product:condition\" content=\"new\" \/>\n<!-- \/ Yoast SEO Premium plugin. -->","yoast_head_json":{"title":"Gerbera Eureka fleurs en vrac \u2013 Gerberas Orange \u00e9clatants DIY","description":"Achetez Gerbera Eureka en vrac\u2014gerberas orange lumineux parfaits pour les arrangements DIY, mariages et \u00e9v\u00e9nements. Fleurs fra\u00eeches \u00e0 prix de gros.","robots":{"index":"index","follow":"follow","max-snippet":"max-snippet:-1","max-image-preview":"max-image-preview:large","max-video-preview":"max-video-preview:-1"},"canonical":"https:\/\/fleursenvracmtl.com\/fr\/gerbera-eureka-en-vrac\/","og_locale":"fr_FR","og_type":"article","og_title":"Gerberas Eureka - en vrac","og_description":"Achetez Gerbera Eureka en vrac\u2014gerberas orange lumineux parfaits pour les arrangements DIY, mariages et \u00e9v\u00e9nements. Fleurs fra\u00eeches \u00e0 prix de gros.","og_url":"https:\/\/fleursenvracmtl.com\/fr\/gerbera-eureka-en-vrac\/","og_site_name":"Fleurs en Vrac Mtl","article_publisher":"https:\/\/www.facebook.com\/LeBouquetMTL\/","article_modified_time":"2025-08-14T12:29:24+00:00","og_image":[{"width":1200,"height":1200,"url":"https:\/\/fleursenvracmtl.com\/wp-content\/uploads\/2025\/07\/GER-RF-EUR-Gerbera-Eureka-4.jpg","type":"image\/jpeg"}],"twitter_card":"summary_large_image","twitter_misc":{"Prix":"&#36;0.00","Disponibilit\u00e9":"En stock"},"schema":{"@context":"https:\/\/schema.org","@graph":[{"@type":"WebPage","@id":"https:\/\/fleursenvracmtl.com\/fr\/gerbera-eureka-en-vrac\/","url":"https:\/\/fleursenvracmtl.com\/fr\/gerbera-eureka-en-vrac\/","name":"Gerbera Eureka fleurs en vrac \u2013 Gerberas Orange \u00e9clatants DIY","isPartOf":{"@id":"https:\/\/fleursenvracmtl.com\/en\/#website"},"primaryImageOfPage":{"@id":"https:\/\/fleursenvracmtl.com\/fr\/gerbera-eureka-en-vrac\/#primaryimage"},"image":{"@id":"https:\/\/fleursenvracmtl.com\/fr\/gerbera-eureka-en-vrac\/#primaryimage"},"thumbnailUrl":"https:\/\/fleursenvracmtl.com\/wp-content\/uploads\/2025\/07\/GER-RF-EUR-Gerbera-Eureka-4.jpg","datePublished":"2025-07-07T17:13:41+00:00","dateModified":"2025-08-14T12:29:24+00:00","description":"Achetez Gerbera Eureka en vrac\u2014gerberas orange lumineux parfaits pour les arrangements DIY, mariages et \u00e9v\u00e9nements. Fleurs fra\u00eeches \u00e0 prix de gros.","breadcrumb":{"@id":"https:\/\/fleursenvracmtl.com\/fr\/gerbera-eureka-en-vrac\/#breadcrumb"},"inLanguage":"fr-FR","potentialAction":[{"@type":"ReadAction","target":["https:\/\/fleursenvracmtl.com\/fr\/gerbera-eureka-en-vrac\/"]}]},{"@type":"ImageObject","inLanguage":"fr-FR","@id":"https:\/\/fleursenvracmtl.com\/fr\/gerbera-eureka-en-vrac\/#primaryimage","url":"https:\/\/fleursenvracmtl.com\/wp-content\/uploads\/2025\/07\/GER-RF-EUR-Gerbera-Eureka-4.jpg","contentUrl":"https:\/\/fleursenvracmtl.com\/wp-content\/uploads\/2025\/07\/GER-RF-EUR-Gerbera-Eureka-4.jpg","width":1200,"height":1200,"caption":"Gerbera Eureka"},{"@type":"BreadcrumbList","@id":"https:\/\/fleursenvracmtl.com\/fr\/gerbera-eureka-en-vrac\/#breadcrumb","itemListElement":[{"@type":"ListItem","position":1,"name":"Home","item":"https:\/\/fleursenvracmtl.com\/fr\/"},{"@type":"ListItem","position":2,"name":"Shop","item":"https:\/\/fleursenvracmtl.com\/en\/shop\/"},{"@type":"ListItem","position":3,"name":"Gerberas Eureka &#8211; en vrac"}]},{"@type":"WebSite","@id":"https:\/\/fleursenvracmtl.com\/en\/#website","url":"https:\/\/fleursenvracmtl.com\/en\/","name":"Fleurs en Vrac MTL","description":"Fleurs en Vrac Mtl - Bulk flower by Le Bouquet","alternateName":"Fleurs en Vrac MTL","potentialAction":[{"@type":"SearchAction","target":{"@type":"EntryPoint","urlTemplate":"https:\/\/fleursenvracmtl.com\/en\/?s={search_term_string}"},"query-input":{"@type":"PropertyValueSpecification","valueRequired":true,"valueName":"search_term_string"}}],"inLanguage":"fr-FR"}]},"product_price_amount":"0.00","product_price_currency":"CAD","og_availability":"instock","product_availability":"instock","product_condition":"new"},"_links":{"self":[{"href":"https:\/\/fleursenvracmtl.com\/fr\/wp-json\/wp\/v2\/product\/116641","targetHints":{"allow":["GET"]}}],"collection":[{"href":"https:\/\/fleursenvracmtl.com\/fr\/wp-json\/wp\/v2\/product"}],"about":[{"href":"https:\/\/fleursenvracmtl.com\/fr\/wp-json\/wp\/v2\/types\/product"}],"replies":[{"embeddable":true,"href":"https:\/\/fleursenvracmtl.com\/fr\/wp-json\/wp\/v2\/comments?post=116641"}],"wp:featuredmedia":[{"embeddable":true,"href":"https:\/\/fleursenvracmtl.com\/fr\/wp-json\/wp\/v2\/media\/116614"}],"wp:attachment":[{"href":"https:\/\/fleursenvracmtl.com\/fr\/wp-json\/wp\/v2\/media?parent=116641"}],"wp:term":[{"taxonomy":"recipe","embeddable":true,"href":"https:\/\/fleursenvracmtl.com\/fr\/wp-json\/wp\/v2\/recipe?post=116641"},{"taxonomy":"product_brand","embeddable":true,"href":"https:\/\/fleursenvracmtl.com\/fr\/wp-json\/wp\/v2\/product_brand?post=116641"},{"taxonomy":"product_cat","embeddable":true,"href":"https:\/\/fleursenvracmtl.com\/fr\/wp-json\/wp\/v2\/product_cat?post=116641"},{"taxonomy":"product_tag","embeddable":true,"href":"https:\/\/fleursenvracmtl.com\/fr\/wp-json\/wp\/v2\/product_tag?post=116641"}],"curies":[{"name":"wp","href":"https:\/\/api.w.org\/{rel}","templated":true}]}}