{"id":116850,"date":"2025-07-11T09:41:19","date_gmt":"2025-07-11T13:41:19","guid":{"rendered":"https:\/\/www.lebouquet.com\/gerbera-alliance-bulk-diy\/"},"modified":"2025-08-13T06:16:43","modified_gmt":"2025-08-13T10:16:43","slug":"gerbera-alliance-en-vrac","status":"publish","type":"product","link":"https:\/\/fleursenvracmtl.com\/fr\/gerbera-alliance-en-vrac\/","title":{"rendered":"Gerberas Alliance &#8211; en vrac"},"content":{"rendered":"<p><strong>*Pour garantir la fra\u00eecheur et la disponibilit\u00e9, veuillez passer votre commande au moins 2 semaines \u00e0 l&rsquo;avance.<\/strong><\/p>\n<p>Ajoutez une touche d&rsquo;\u00e9l\u00e9gance joyeuse \u00e0 vos cr\u00e9ations florales avec notre <strong>Gerbera Alliance<\/strong>. Ces gerberas aux tons p\u00eache ros\u00e9 apportent chaleur et charme aux mariages, \u00e9v\u00e9nements sp\u00e9ciaux et arrangements du quotidien. Parfaits pour les projets floraux DIY, ces gerberas coup\u00e9s sont vendus en vrac pour une cr\u00e9ativit\u00e9 sans limite.<\/p>\n","protected":false},"excerpt":{"rendered":"<p>*Pour garantir la fra\u00eecheur et la disponibilit\u00e9, veuillez passer votre commande au moins 2 semaines \u00e0 l&rsquo;avance. Ajoutez une touche d&rsquo;\u00e9l\u00e9gance joyeuse \u00e0 vos cr\u00e9ations florales avec notre Gerbera Alliance. Ces gerberas aux tons p\u00eache ros\u00e9 apportent chaleur et charme aux mariages, \u00e9v\u00e9nements sp\u00e9ciaux et arrangements du quotidien. Parfaits pour les projets floraux DIY, ces [&hellip;]<\/p>\n","protected":false},"featured_media":116828,"comment_status":"open","ping_status":"closed","template":"","meta":{"_acf_changed":false},"recipe":[],"product_brand":[],"product_cat":[17168,17416,17456,17169,17454,17468],"product_tag":[],"class_list":{"0":"post-116850","1":"product","2":"type-product","3":"status-publish","4":"has-post-thumbnail","6":"product_cat-bulk-flowers","7":"product_cat-bulk-gerbera","8":"product_cat-standard-gerbera","9":"product_cat-fleurs-en-vrac","10":"product_cat-gerbera-en-vrac","11":"product_cat-gerbera-standard-en-vrac","13":"first","14":"instock","15":"shipping-taxable","16":"purchasable","17":"product-type-simple"},"acf":[],"yoast_head":"<!-- This site is optimized with the Yoast SEO Premium plugin v25.2 (Yoast SEO v26.2) - https:\/\/yoast.com\/wordpress\/plugins\/seo\/ -->\n<title>Gerbera Alliance fleurs en vrac \u2013 Gerberas rose p\u00eache pour arrangements DIY<\/title>\n<meta name=\"description\" content=\"Achetez Gerbera Alliance en vrac\u2014gerberas rose p\u00eache parfaits pour les bouquets DIY, mariages et \u00e9v\u00e9nements. Fleurs fra\u00eeches \u00e0 prix de gros.\" \/>\n<meta name=\"robots\" content=\"index, follow, max-snippet:-1, max-image-preview:large, max-video-preview:-1\" \/>\n<link rel=\"canonical\" href=\"https:\/\/fleursenvracmtl.com\/en\/gerbera-alliance-bulk-diy\/\" \/>\n<meta property=\"og:locale\" content=\"fr_FR\" \/>\n<meta property=\"og:type\" content=\"article\" \/>\n<meta property=\"og:title\" content=\"Gerberas Alliance - en vrac\" \/>\n<meta property=\"og:description\" content=\"Achetez Gerbera Alliance en vrac\u2014gerberas rose p\u00eache parfaits pour les bouquets DIY, mariages et \u00e9v\u00e9nements. Fleurs fra\u00eeches \u00e0 prix de gros.\" \/>\n<meta property=\"og:url\" content=\"https:\/\/fleursenvracmtl.com\/en\/gerbera-alliance-bulk-diy\/\" \/>\n<meta property=\"og:site_name\" content=\"Fleurs en Vrac Mtl\" \/>\n<meta property=\"article:publisher\" content=\"https:\/\/www.facebook.com\/LeBouquetMTL\/\" \/>\n<meta property=\"article:modified_time\" content=\"2025-08-13T10:16:43+00:00\" \/>\n<meta property=\"og:image\" content=\"https:\/\/fleursenvracmtl.com\/wp-content\/uploads\/2025\/07\/GE-RALL-Gerbera-Alliance-pink-Bunch.jpg\" \/>\n\t<meta property=\"og:image:width\" content=\"1200\" \/>\n\t<meta property=\"og:image:height\" content=\"1200\" \/>\n\t<meta property=\"og:image:type\" content=\"image\/jpeg\" \/>\n<meta name=\"twitter:card\" content=\"summary_large_image\" \/>\n<meta name=\"twitter:label1\" content=\"Prix\" \/>\n\t<meta name=\"twitter:data1\" content=\"&#036;0.00\" \/>\n\t<meta name=\"twitter:label2\" content=\"Disponibilit\u00e9\" \/>\n\t<meta name=\"twitter:data2\" content=\"En stock\" \/>\n<script type=\"application\/ld+json\" class=\"yoast-schema-graph\">{\"@context\":\"https:\/\/schema.org\",\"@graph\":[{\"@type\":\"WebPage\",\"@id\":\"https:\/\/fleursenvracmtl.com\/en\/gerbera-alliance-bulk-diy\/\",\"url\":\"https:\/\/fleursenvracmtl.com\/en\/gerbera-alliance-bulk-diy\/\",\"name\":\"Gerbera Alliance fleurs en vrac \u2013 Gerberas rose p\u00eache pour arrangements DIY\",\"isPartOf\":{\"@id\":\"https:\/\/fleursenvracmtl.com\/en\/#website\"},\"primaryImageOfPage\":{\"@id\":\"https:\/\/fleursenvracmtl.com\/en\/gerbera-alliance-bulk-diy\/#primaryimage\"},\"image\":{\"@id\":\"https:\/\/fleursenvracmtl.com\/en\/gerbera-alliance-bulk-diy\/#primaryimage\"},\"thumbnailUrl\":\"https:\/\/fleursenvracmtl.com\/wp-content\/uploads\/2025\/07\/GE-RALL-Gerbera-Alliance-pink-Bunch.jpg\",\"datePublished\":\"2025-07-11T13:41:19+00:00\",\"dateModified\":\"2025-08-13T10:16:43+00:00\",\"description\":\"Achetez Gerbera Alliance en vrac\u2014gerberas rose p\u00eache parfaits pour les bouquets DIY, mariages et \u00e9v\u00e9nements. Fleurs fra\u00eeches \u00e0 prix de gros.\",\"breadcrumb\":{\"@id\":\"https:\/\/fleursenvracmtl.com\/en\/gerbera-alliance-bulk-diy\/#breadcrumb\"},\"inLanguage\":\"fr-FR\",\"potentialAction\":[{\"@type\":\"ReadAction\",\"target\":[\"https:\/\/fleursenvracmtl.com\/en\/gerbera-alliance-bulk-diy\/\"]}]},{\"@type\":\"ImageObject\",\"inLanguage\":\"fr-FR\",\"@id\":\"https:\/\/fleursenvracmtl.com\/en\/gerbera-alliance-bulk-diy\/#primaryimage\",\"url\":\"https:\/\/fleursenvracmtl.com\/wp-content\/uploads\/2025\/07\/GE-RALL-Gerbera-Alliance-pink-Bunch.jpg\",\"contentUrl\":\"https:\/\/fleursenvracmtl.com\/wp-content\/uploads\/2025\/07\/GE-RALL-Gerbera-Alliance-pink-Bunch.jpg\",\"width\":1200,\"height\":1200,\"caption\":\"Gerbera Alliance pink\"},{\"@type\":\"BreadcrumbList\",\"@id\":\"https:\/\/fleursenvracmtl.com\/en\/gerbera-alliance-bulk-diy\/#breadcrumb\",\"itemListElement\":[{\"@type\":\"ListItem\",\"position\":1,\"name\":\"Home\",\"item\":\"https:\/\/fleursenvracmtl.com\/fr\/\"},{\"@type\":\"ListItem\",\"position\":2,\"name\":\"Shop\",\"item\":\"https:\/\/fleursenvracmtl.com\/en\/shop\/\"},{\"@type\":\"ListItem\",\"position\":3,\"name\":\"Gerberas Alliance &#8211; en vrac\"}]},{\"@type\":\"WebSite\",\"@id\":\"https:\/\/fleursenvracmtl.com\/en\/#website\",\"url\":\"https:\/\/fleursenvracmtl.com\/en\/\",\"name\":\"Fleurs en Vrac MTL\",\"description\":\"Fleurs en Vrac Mtl - Bulk flower by Le Bouquet\",\"alternateName\":\"Fleurs en Vrac MTL\",\"potentialAction\":[{\"@type\":\"SearchAction\",\"target\":{\"@type\":\"EntryPoint\",\"urlTemplate\":\"https:\/\/fleursenvracmtl.com\/en\/?s={search_term_string}\"},\"query-input\":{\"@type\":\"PropertyValueSpecification\",\"valueRequired\":true,\"valueName\":\"search_term_string\"}}],\"inLanguage\":\"fr-FR\"}]}<\/script>\n<meta property=\"product:price:amount\" content=\"0.00\" \/>\n<meta property=\"product:price:currency\" content=\"CAD\" \/>\n<meta property=\"og:availability\" content=\"instock\" \/>\n<meta property=\"product:availability\" content=\"instock\" \/>\n<meta property=\"product:condition\" content=\"new\" \/>\n<!-- \/ Yoast SEO Premium plugin. -->","yoast_head_json":{"title":"Gerbera Alliance fleurs en vrac \u2013 Gerberas rose p\u00eache pour arrangements DIY","description":"Achetez Gerbera Alliance en vrac\u2014gerberas rose p\u00eache parfaits pour les bouquets DIY, mariages et \u00e9v\u00e9nements. Fleurs fra\u00eeches \u00e0 prix de gros.","robots":{"index":"index","follow":"follow","max-snippet":"max-snippet:-1","max-image-preview":"max-image-preview:large","max-video-preview":"max-video-preview:-1"},"canonical":"https:\/\/fleursenvracmtl.com\/en\/gerbera-alliance-bulk-diy\/","og_locale":"fr_FR","og_type":"article","og_title":"Gerberas Alliance - en vrac","og_description":"Achetez Gerbera Alliance en vrac\u2014gerberas rose p\u00eache parfaits pour les bouquets DIY, mariages et \u00e9v\u00e9nements. Fleurs fra\u00eeches \u00e0 prix de gros.","og_url":"https:\/\/fleursenvracmtl.com\/en\/gerbera-alliance-bulk-diy\/","og_site_name":"Fleurs en Vrac Mtl","article_publisher":"https:\/\/www.facebook.com\/LeBouquetMTL\/","article_modified_time":"2025-08-13T10:16:43+00:00","og_image":[{"width":1200,"height":1200,"url":"https:\/\/fleursenvracmtl.com\/wp-content\/uploads\/2025\/07\/GE-RALL-Gerbera-Alliance-pink-Bunch.jpg","type":"image\/jpeg"}],"twitter_card":"summary_large_image","twitter_misc":{"Prix":"&#36;0.00","Disponibilit\u00e9":"En stock"},"schema":{"@context":"https:\/\/schema.org","@graph":[{"@type":"WebPage","@id":"https:\/\/fleursenvracmtl.com\/en\/gerbera-alliance-bulk-diy\/","url":"https:\/\/fleursenvracmtl.com\/en\/gerbera-alliance-bulk-diy\/","name":"Gerbera Alliance fleurs en vrac \u2013 Gerberas rose p\u00eache pour arrangements DIY","isPartOf":{"@id":"https:\/\/fleursenvracmtl.com\/en\/#website"},"primaryImageOfPage":{"@id":"https:\/\/fleursenvracmtl.com\/en\/gerbera-alliance-bulk-diy\/#primaryimage"},"image":{"@id":"https:\/\/fleursenvracmtl.com\/en\/gerbera-alliance-bulk-diy\/#primaryimage"},"thumbnailUrl":"https:\/\/fleursenvracmtl.com\/wp-content\/uploads\/2025\/07\/GE-RALL-Gerbera-Alliance-pink-Bunch.jpg","datePublished":"2025-07-11T13:41:19+00:00","dateModified":"2025-08-13T10:16:43+00:00","description":"Achetez Gerbera Alliance en vrac\u2014gerberas rose p\u00eache parfaits pour les bouquets DIY, mariages et \u00e9v\u00e9nements. Fleurs fra\u00eeches \u00e0 prix de gros.","breadcrumb":{"@id":"https:\/\/fleursenvracmtl.com\/en\/gerbera-alliance-bulk-diy\/#breadcrumb"},"inLanguage":"fr-FR","potentialAction":[{"@type":"ReadAction","target":["https:\/\/fleursenvracmtl.com\/en\/gerbera-alliance-bulk-diy\/"]}]},{"@type":"ImageObject","inLanguage":"fr-FR","@id":"https:\/\/fleursenvracmtl.com\/en\/gerbera-alliance-bulk-diy\/#primaryimage","url":"https:\/\/fleursenvracmtl.com\/wp-content\/uploads\/2025\/07\/GE-RALL-Gerbera-Alliance-pink-Bunch.jpg","contentUrl":"https:\/\/fleursenvracmtl.com\/wp-content\/uploads\/2025\/07\/GE-RALL-Gerbera-Alliance-pink-Bunch.jpg","width":1200,"height":1200,"caption":"Gerbera Alliance pink"},{"@type":"BreadcrumbList","@id":"https:\/\/fleursenvracmtl.com\/en\/gerbera-alliance-bulk-diy\/#breadcrumb","itemListElement":[{"@type":"ListItem","position":1,"name":"Home","item":"https:\/\/fleursenvracmtl.com\/fr\/"},{"@type":"ListItem","position":2,"name":"Shop","item":"https:\/\/fleursenvracmtl.com\/en\/shop\/"},{"@type":"ListItem","position":3,"name":"Gerberas Alliance &#8211; en vrac"}]},{"@type":"WebSite","@id":"https:\/\/fleursenvracmtl.com\/en\/#website","url":"https:\/\/fleursenvracmtl.com\/en\/","name":"Fleurs en Vrac MTL","description":"Fleurs en Vrac Mtl - Bulk flower by Le Bouquet","alternateName":"Fleurs en Vrac MTL","potentialAction":[{"@type":"SearchAction","target":{"@type":"EntryPoint","urlTemplate":"https:\/\/fleursenvracmtl.com\/en\/?s={search_term_string}"},"query-input":{"@type":"PropertyValueSpecification","valueRequired":true,"valueName":"search_term_string"}}],"inLanguage":"fr-FR"}]},"product_price_amount":"0.00","product_price_currency":"CAD","og_availability":"instock","product_availability":"instock","product_condition":"new"},"_links":{"self":[{"href":"https:\/\/fleursenvracmtl.com\/fr\/wp-json\/wp\/v2\/product\/116850","targetHints":{"allow":["GET"]}}],"collection":[{"href":"https:\/\/fleursenvracmtl.com\/fr\/wp-json\/wp\/v2\/product"}],"about":[{"href":"https:\/\/fleursenvracmtl.com\/fr\/wp-json\/wp\/v2\/types\/product"}],"replies":[{"embeddable":true,"href":"https:\/\/fleursenvracmtl.com\/fr\/wp-json\/wp\/v2\/comments?post=116850"}],"wp:featuredmedia":[{"embeddable":true,"href":"https:\/\/fleursenvracmtl.com\/fr\/wp-json\/wp\/v2\/media\/116828"}],"wp:attachment":[{"href":"https:\/\/fleursenvracmtl.com\/fr\/wp-json\/wp\/v2\/media?parent=116850"}],"wp:term":[{"taxonomy":"recipe","embeddable":true,"href":"https:\/\/fleursenvracmtl.com\/fr\/wp-json\/wp\/v2\/recipe?post=116850"},{"taxonomy":"product_brand","embeddable":true,"href":"https:\/\/fleursenvracmtl.com\/fr\/wp-json\/wp\/v2\/product_brand?post=116850"},{"taxonomy":"product_cat","embeddable":true,"href":"https:\/\/fleursenvracmtl.com\/fr\/wp-json\/wp\/v2\/product_cat?post=116850"},{"taxonomy":"product_tag","embeddable":true,"href":"https:\/\/fleursenvracmtl.com\/fr\/wp-json\/wp\/v2\/product_tag?post=116850"}],"curies":[{"name":"wp","href":"https:\/\/api.w.org\/{rel}","templated":true}]}}