{"id":117656,"date":"2025-07-24T13:52:55","date_gmt":"2025-07-24T17:52:55","guid":{"rendered":"https:\/\/www.lebouquet.com\/gerbera-dino-bulk-diy\/"},"modified":"2025-08-16T09:05:01","modified_gmt":"2025-08-16T13:05:01","slug":"gerberas-dino-en-vrac","status":"publish","type":"product","link":"https:\/\/fleursenvracmtl.com\/fr\/gerberas-dino-en-vrac\/","title":{"rendered":"Gerberas Dino &#8211; en vrac"},"content":{"rendered":"<p><strong>*Pour garantir la disponibilit\u00e9, veuillez commander au moins 2 semaines \u00e0 l\u2019avance.<\/strong><\/p>\n<p>Apportez une touche vive et ensoleill\u00e9e \u00e0 vos cr\u00e9ations florales avec nos Gerberas Dino-en vrac. Leur teinte orange \u00e9clatante avec un c\u0153ur rouge flamboyant insuffle de la chaleur et de l\u2019\u00e9nergie \u00e0 tous vos bouquets, qu\u2019ils soient pour un mariage, un \u00e9v\u00e9nement ou simplement pour d\u00e9corer votre maison. Leurs tiges longues et solides en font des fleurs faciles \u00e0 manipuler, parfaites seules ou en combinaison avec d\u2019autres vari\u00e9t\u00e9s.<\/p>\n<p><strong>Caract\u00e9ristiques :<\/strong><\/p>\n<p>Longueur des tiges : env. 45\u201350 cm<\/p>\n<p>Couleur : Orange vif avec centre rouge<\/p>\n<p>Id\u00e9al pour : arrangements floraux DIY, mariages, \u00e9v\u00e9nements, d\u00e9coration<\/p>\n<p>Vendu en vrac par botte<\/p>\n<p><strong>Instructions de pr\u00e9paration et d\u2019entretien pour les gerberas :<\/strong><br \/>D\u00e9ballez les fleurs imm\u00e9diatement et retirez l\u2019emballage protecteur.<br \/>Coupez 1\u20132 cm des tiges en biais (45\u00b0).<br \/>Utilisez une paille ou un support pour maintenir la t\u00eate droite si n\u00e9cessaire.<br \/>Placez dans un vase propre avec de l\u2019eau fra\u00eeche et du conservateur floral.<br \/>Changez l\u2019eau et recoupez les tiges tous les 2\u20133 jours.<br \/>Conservez dans un endroit frais, \u00e0 l\u2019abri du soleil et des fruits m\u00fbrs.<\/p>\n","protected":false},"excerpt":{"rendered":"<p>*Pour garantir la disponibilit\u00e9, veuillez commander au moins 2 semaines \u00e0 l\u2019avance. Apportez une touche vive et ensoleill\u00e9e \u00e0 vos cr\u00e9ations florales avec nos Gerberas Dino-en vrac. Leur teinte orange \u00e9clatante avec un c\u0153ur rouge flamboyant insuffle de la chaleur et de l\u2019\u00e9nergie \u00e0 tous vos bouquets, qu\u2019ils soient pour un mariage, un \u00e9v\u00e9nement ou [&hellip;]<\/p>\n","protected":false},"featured_media":117646,"comment_status":"open","ping_status":"closed","template":"","meta":{"_acf_changed":false},"recipe":[],"product_brand":[],"product_cat":[18341,17456,17169,18351,17454,17468],"product_tag":[],"class_list":{"0":"post-117656","1":"product","2":"type-product","3":"status-publish","4":"has-post-thumbnail","6":"product_cat-fleurs-en-vrac-par-couleur","7":"product_cat-standard-gerbera","8":"product_cat-fleurs-en-vrac","9":"product_cat-fleurs-orange-vrac","10":"product_cat-gerbera-en-vrac","11":"product_cat-gerbera-standard-en-vrac","13":"first","14":"instock","15":"shipping-taxable","16":"purchasable","17":"product-type-simple"},"acf":[],"yoast_head":"<!-- This site is optimized with the Yoast SEO Premium plugin v25.2 (Yoast SEO v26.2) - https:\/\/yoast.com\/wordpress\/plugins\/seo\/ -->\n<title>Gerbera Dino \u2013 Gerberas Orange en Vrac DIY | Le Bouquet<\/title>\n<meta name=\"description\" content=\"Ajoutez une touche vibrante avec nos Gerberas Dino en vrac. Fleurs orange \u00e0 c\u0153ur rouge id\u00e9ales pour mariages, \u00e9v\u00e9nements et cr\u00e9ations florales DIY. Commandez 2 semaines \u00e0 l\u2019avance.\" \/>\n<meta name=\"robots\" content=\"index, follow, max-snippet:-1, max-image-preview:large, max-video-preview:-1\" \/>\n<link rel=\"canonical\" href=\"https:\/\/fleursenvracmtl.com\/fr\/gerberas-dino-en-vrac\/\" \/>\n<meta property=\"og:locale\" content=\"fr_FR\" \/>\n<meta property=\"og:type\" content=\"article\" \/>\n<meta property=\"og:title\" content=\"Gerberas Dino - en vrac\" \/>\n<meta property=\"og:description\" content=\"Ajoutez une touche vibrante avec nos Gerberas Dino en vrac. Fleurs orange \u00e0 c\u0153ur rouge id\u00e9ales pour mariages, \u00e9v\u00e9nements et cr\u00e9ations florales DIY. Commandez 2 semaines \u00e0 l\u2019avance.\" \/>\n<meta property=\"og:url\" content=\"https:\/\/fleursenvracmtl.com\/fr\/gerberas-dino-en-vrac\/\" \/>\n<meta property=\"og:site_name\" content=\"Fleurs en Vrac Mtl\" \/>\n<meta property=\"article:publisher\" content=\"https:\/\/www.facebook.com\/LeBouquetMTL\/\" \/>\n<meta property=\"article:modified_time\" content=\"2025-08-16T13:05:01+00:00\" \/>\n<meta property=\"og:image\" content=\"https:\/\/fleursenvracmtl.com\/wp-content\/uploads\/2025\/07\/GE-RDIN-Gerbera-Dino-5.jpg\" \/>\n\t<meta property=\"og:image:width\" content=\"1200\" \/>\n\t<meta property=\"og:image:height\" content=\"1200\" \/>\n\t<meta property=\"og:image:type\" content=\"image\/jpeg\" \/>\n<meta name=\"twitter:card\" content=\"summary_large_image\" \/>\n<meta name=\"twitter:label1\" content=\"Prix\" \/>\n\t<meta name=\"twitter:data1\" content=\"&#036;0.00\" \/>\n\t<meta name=\"twitter:label2\" content=\"Disponibilit\u00e9\" \/>\n\t<meta name=\"twitter:data2\" content=\"En stock\" \/>\n<script type=\"application\/ld+json\" class=\"yoast-schema-graph\">{\"@context\":\"https:\/\/schema.org\",\"@graph\":[{\"@type\":\"WebPage\",\"@id\":\"https:\/\/fleursenvracmtl.com\/fr\/gerberas-dino-en-vrac\/\",\"url\":\"https:\/\/fleursenvracmtl.com\/fr\/gerberas-dino-en-vrac\/\",\"name\":\"Gerbera Dino \u2013 Gerberas Orange en Vrac DIY | Le Bouquet\",\"isPartOf\":{\"@id\":\"https:\/\/fleursenvracmtl.com\/en\/#website\"},\"primaryImageOfPage\":{\"@id\":\"https:\/\/fleursenvracmtl.com\/fr\/gerberas-dino-en-vrac\/#primaryimage\"},\"image\":{\"@id\":\"https:\/\/fleursenvracmtl.com\/fr\/gerberas-dino-en-vrac\/#primaryimage\"},\"thumbnailUrl\":\"https:\/\/fleursenvracmtl.com\/wp-content\/uploads\/2025\/07\/GE-RDIN-Gerbera-Dino-5.jpg\",\"datePublished\":\"2025-07-24T17:52:55+00:00\",\"dateModified\":\"2025-08-16T13:05:01+00:00\",\"description\":\"Ajoutez une touche vibrante avec nos Gerberas Dino en vrac. Fleurs orange \u00e0 c\u0153ur rouge id\u00e9ales pour mariages, \u00e9v\u00e9nements et cr\u00e9ations florales DIY. Commandez 2 semaines \u00e0 l\u2019avance.\",\"breadcrumb\":{\"@id\":\"https:\/\/fleursenvracmtl.com\/fr\/gerberas-dino-en-vrac\/#breadcrumb\"},\"inLanguage\":\"fr-FR\",\"potentialAction\":[{\"@type\":\"ReadAction\",\"target\":[\"https:\/\/fleursenvracmtl.com\/fr\/gerberas-dino-en-vrac\/\"]}]},{\"@type\":\"ImageObject\",\"inLanguage\":\"fr-FR\",\"@id\":\"https:\/\/fleursenvracmtl.com\/fr\/gerberas-dino-en-vrac\/#primaryimage\",\"url\":\"https:\/\/fleursenvracmtl.com\/wp-content\/uploads\/2025\/07\/GE-RDIN-Gerbera-Dino-5.jpg\",\"contentUrl\":\"https:\/\/fleursenvracmtl.com\/wp-content\/uploads\/2025\/07\/GE-RDIN-Gerbera-Dino-5.jpg\",\"width\":1200,\"height\":1200,\"caption\":\"Gerbera Dino \u2013 Bulk DIY Orange Gerberas\"},{\"@type\":\"BreadcrumbList\",\"@id\":\"https:\/\/fleursenvracmtl.com\/fr\/gerberas-dino-en-vrac\/#breadcrumb\",\"itemListElement\":[{\"@type\":\"ListItem\",\"position\":1,\"name\":\"Home\",\"item\":\"https:\/\/fleursenvracmtl.com\/fr\/\"},{\"@type\":\"ListItem\",\"position\":2,\"name\":\"Shop\",\"item\":\"https:\/\/fleursenvracmtl.com\/en\/shop\/\"},{\"@type\":\"ListItem\",\"position\":3,\"name\":\"Gerberas Dino &#8211; en vrac\"}]},{\"@type\":\"WebSite\",\"@id\":\"https:\/\/fleursenvracmtl.com\/en\/#website\",\"url\":\"https:\/\/fleursenvracmtl.com\/en\/\",\"name\":\"Fleurs en Vrac MTL\",\"description\":\"Fleurs en Vrac Mtl - Bulk flower by Le Bouquet\",\"alternateName\":\"Fleurs en Vrac MTL\",\"potentialAction\":[{\"@type\":\"SearchAction\",\"target\":{\"@type\":\"EntryPoint\",\"urlTemplate\":\"https:\/\/fleursenvracmtl.com\/en\/?s={search_term_string}\"},\"query-input\":{\"@type\":\"PropertyValueSpecification\",\"valueRequired\":true,\"valueName\":\"search_term_string\"}}],\"inLanguage\":\"fr-FR\"}]}<\/script>\n<meta property=\"product:price:amount\" content=\"0.00\" \/>\n<meta property=\"product:price:currency\" content=\"CAD\" \/>\n<meta property=\"og:availability\" content=\"instock\" \/>\n<meta property=\"product:availability\" content=\"instock\" \/>\n<meta property=\"product:condition\" content=\"new\" \/>\n<!-- \/ Yoast SEO Premium plugin. -->","yoast_head_json":{"title":"Gerbera Dino \u2013 Gerberas Orange en Vrac DIY | Le Bouquet","description":"Ajoutez une touche vibrante avec nos Gerberas Dino en vrac. Fleurs orange \u00e0 c\u0153ur rouge id\u00e9ales pour mariages, \u00e9v\u00e9nements et cr\u00e9ations florales DIY. Commandez 2 semaines \u00e0 l\u2019avance.","robots":{"index":"index","follow":"follow","max-snippet":"max-snippet:-1","max-image-preview":"max-image-preview:large","max-video-preview":"max-video-preview:-1"},"canonical":"https:\/\/fleursenvracmtl.com\/fr\/gerberas-dino-en-vrac\/","og_locale":"fr_FR","og_type":"article","og_title":"Gerberas Dino - en vrac","og_description":"Ajoutez une touche vibrante avec nos Gerberas Dino en vrac. Fleurs orange \u00e0 c\u0153ur rouge id\u00e9ales pour mariages, \u00e9v\u00e9nements et cr\u00e9ations florales DIY. Commandez 2 semaines \u00e0 l\u2019avance.","og_url":"https:\/\/fleursenvracmtl.com\/fr\/gerberas-dino-en-vrac\/","og_site_name":"Fleurs en Vrac Mtl","article_publisher":"https:\/\/www.facebook.com\/LeBouquetMTL\/","article_modified_time":"2025-08-16T13:05:01+00:00","og_image":[{"width":1200,"height":1200,"url":"https:\/\/fleursenvracmtl.com\/wp-content\/uploads\/2025\/07\/GE-RDIN-Gerbera-Dino-5.jpg","type":"image\/jpeg"}],"twitter_card":"summary_large_image","twitter_misc":{"Prix":"&#36;0.00","Disponibilit\u00e9":"En stock"},"schema":{"@context":"https:\/\/schema.org","@graph":[{"@type":"WebPage","@id":"https:\/\/fleursenvracmtl.com\/fr\/gerberas-dino-en-vrac\/","url":"https:\/\/fleursenvracmtl.com\/fr\/gerberas-dino-en-vrac\/","name":"Gerbera Dino \u2013 Gerberas Orange en Vrac DIY | Le Bouquet","isPartOf":{"@id":"https:\/\/fleursenvracmtl.com\/en\/#website"},"primaryImageOfPage":{"@id":"https:\/\/fleursenvracmtl.com\/fr\/gerberas-dino-en-vrac\/#primaryimage"},"image":{"@id":"https:\/\/fleursenvracmtl.com\/fr\/gerberas-dino-en-vrac\/#primaryimage"},"thumbnailUrl":"https:\/\/fleursenvracmtl.com\/wp-content\/uploads\/2025\/07\/GE-RDIN-Gerbera-Dino-5.jpg","datePublished":"2025-07-24T17:52:55+00:00","dateModified":"2025-08-16T13:05:01+00:00","description":"Ajoutez une touche vibrante avec nos Gerberas Dino en vrac. Fleurs orange \u00e0 c\u0153ur rouge id\u00e9ales pour mariages, \u00e9v\u00e9nements et cr\u00e9ations florales DIY. Commandez 2 semaines \u00e0 l\u2019avance.","breadcrumb":{"@id":"https:\/\/fleursenvracmtl.com\/fr\/gerberas-dino-en-vrac\/#breadcrumb"},"inLanguage":"fr-FR","potentialAction":[{"@type":"ReadAction","target":["https:\/\/fleursenvracmtl.com\/fr\/gerberas-dino-en-vrac\/"]}]},{"@type":"ImageObject","inLanguage":"fr-FR","@id":"https:\/\/fleursenvracmtl.com\/fr\/gerberas-dino-en-vrac\/#primaryimage","url":"https:\/\/fleursenvracmtl.com\/wp-content\/uploads\/2025\/07\/GE-RDIN-Gerbera-Dino-5.jpg","contentUrl":"https:\/\/fleursenvracmtl.com\/wp-content\/uploads\/2025\/07\/GE-RDIN-Gerbera-Dino-5.jpg","width":1200,"height":1200,"caption":"Gerbera Dino \u2013 Bulk DIY Orange Gerberas"},{"@type":"BreadcrumbList","@id":"https:\/\/fleursenvracmtl.com\/fr\/gerberas-dino-en-vrac\/#breadcrumb","itemListElement":[{"@type":"ListItem","position":1,"name":"Home","item":"https:\/\/fleursenvracmtl.com\/fr\/"},{"@type":"ListItem","position":2,"name":"Shop","item":"https:\/\/fleursenvracmtl.com\/en\/shop\/"},{"@type":"ListItem","position":3,"name":"Gerberas Dino &#8211; en vrac"}]},{"@type":"WebSite","@id":"https:\/\/fleursenvracmtl.com\/en\/#website","url":"https:\/\/fleursenvracmtl.com\/en\/","name":"Fleurs en Vrac MTL","description":"Fleurs en Vrac Mtl - Bulk flower by Le Bouquet","alternateName":"Fleurs en Vrac MTL","potentialAction":[{"@type":"SearchAction","target":{"@type":"EntryPoint","urlTemplate":"https:\/\/fleursenvracmtl.com\/en\/?s={search_term_string}"},"query-input":{"@type":"PropertyValueSpecification","valueRequired":true,"valueName":"search_term_string"}}],"inLanguage":"fr-FR"}]},"product_price_amount":"0.00","product_price_currency":"CAD","og_availability":"instock","product_availability":"instock","product_condition":"new"},"_links":{"self":[{"href":"https:\/\/fleursenvracmtl.com\/fr\/wp-json\/wp\/v2\/product\/117656","targetHints":{"allow":["GET"]}}],"collection":[{"href":"https:\/\/fleursenvracmtl.com\/fr\/wp-json\/wp\/v2\/product"}],"about":[{"href":"https:\/\/fleursenvracmtl.com\/fr\/wp-json\/wp\/v2\/types\/product"}],"replies":[{"embeddable":true,"href":"https:\/\/fleursenvracmtl.com\/fr\/wp-json\/wp\/v2\/comments?post=117656"}],"wp:featuredmedia":[{"embeddable":true,"href":"https:\/\/fleursenvracmtl.com\/fr\/wp-json\/wp\/v2\/media\/117646"}],"wp:attachment":[{"href":"https:\/\/fleursenvracmtl.com\/fr\/wp-json\/wp\/v2\/media?parent=117656"}],"wp:term":[{"taxonomy":"recipe","embeddable":true,"href":"https:\/\/fleursenvracmtl.com\/fr\/wp-json\/wp\/v2\/recipe?post=117656"},{"taxonomy":"product_brand","embeddable":true,"href":"https:\/\/fleursenvracmtl.com\/fr\/wp-json\/wp\/v2\/product_brand?post=117656"},{"taxonomy":"product_cat","embeddable":true,"href":"https:\/\/fleursenvracmtl.com\/fr\/wp-json\/wp\/v2\/product_cat?post=117656"},{"taxonomy":"product_tag","embeddable":true,"href":"https:\/\/fleursenvracmtl.com\/fr\/wp-json\/wp\/v2\/product_tag?post=117656"}],"curies":[{"name":"wp","href":"https:\/\/api.w.org\/{rel}","templated":true}]}}