{"id":118479,"date":"2025-08-11T13:35:26","date_gmt":"2025-08-11T17:35:26","guid":{"rendered":"https:\/\/www.lebouquet.com\/gerbera-irene-bulk-diy\/"},"modified":"2025-08-16T08:47:22","modified_gmt":"2025-08-16T12:47:22","slug":"gerberas-irene-en-vrac","status":"publish","type":"product","link":"https:\/\/fleursenvracmtl.com\/fr\/gerberas-irene-en-vrac\/","title":{"rendered":"Gerberas Irene &#8211; en vrac"},"content":{"rendered":"<p><strong>*Pour assurer la fra\u00eecheur et la disponibilit\u00e9, veuillez commander au moins 2 semaines \u00e0 l\u2019avance.<\/strong><\/p>\n<p>Ajoutez une couleur riche et sophistiqu\u00e9e \u00e0 vos cr\u00e9ations florales avec nos \u00e9l\u00e9gants <strong>Gerbera Irene<\/strong>, disponibles en vrac pour vos projets DIY, mariages et \u00e9v\u00e9nements \u00e0 Montr\u00e9al. Ces fleurs de qualit\u00e9 sup\u00e9rieure pr\u00e9sentent de profonds p\u00e9tales rouge bordeaux avec un centre vert p\u00e2le saisissant, cr\u00e9ant un style \u00e0 la fois audacieux et raffin\u00e9. Parfaits pour les mariages d\u2019automne et d\u2019hiver, les bouquets romantiques et les d\u00e9corations d\u2019\u00e9v\u00e9nements spectaculaires, les Gerbera Irene offrent une fra\u00eecheur exceptionnelle, une longue tenue en vase et une grande adaptabilit\u00e9 aux styles modernes comme classiques. Id\u00e9al pour les fleuristes, organisateurs d\u2019\u00e9v\u00e9nements et passionn\u00e9s de DIY recherchant des fleurs de qualit\u00e9 \u00e0 prix avantageux.<\/p>\n","protected":false},"excerpt":{"rendered":"<p>*Pour assurer la fra\u00eecheur et la disponibilit\u00e9, veuillez commander au moins 2 semaines \u00e0 l\u2019avance. Ajoutez une couleur riche et sophistiqu\u00e9e \u00e0 vos cr\u00e9ations florales avec nos \u00e9l\u00e9gants Gerbera Irene, disponibles en vrac pour vos projets DIY, mariages et \u00e9v\u00e9nements \u00e0 Montr\u00e9al. Ces fleurs de qualit\u00e9 sup\u00e9rieure pr\u00e9sentent de profonds p\u00e9tales rouge bordeaux avec un [&hellip;]<\/p>\n","protected":false},"featured_media":118457,"comment_status":"open","ping_status":"closed","template":"","meta":{"_acf_changed":false},"recipe":[],"product_brand":[],"product_cat":[18341,17456,17169,18345,17454,17468],"product_tag":[],"class_list":{"0":"post-118479","1":"product","2":"type-product","3":"status-publish","4":"has-post-thumbnail","6":"product_cat-fleurs-en-vrac-par-couleur","7":"product_cat-standard-gerbera","8":"product_cat-fleurs-en-vrac","9":"product_cat-fleurs-rouges-vrac","10":"product_cat-gerbera-en-vrac","11":"product_cat-gerbera-standard-en-vrac","13":"first","14":"instock","15":"shipping-taxable","16":"purchasable","17":"product-type-simple"},"acf":[],"yoast_head":"<!-- This site is optimized with the Yoast SEO Premium plugin v25.2 (Yoast SEO v26.2) - https:\/\/yoast.com\/wordpress\/plugins\/seo\/ -->\n<title>Gerbera Irene \u2013 Fleurs DIY en vrac \u00e0 Montr\u00e9al | Le Bouquet<\/title>\n<meta name=\"description\" content=\"Achetez des Gerbera Irene frais en vrac chez Le Bouquet, fleuriste de confiance \u00e0 Montr\u00e9al pour mariages, \u00e9v\u00e9nements et projets floraux DIY. P\u00e9tales rouge bordeaux et centre vert p\u00e2le. Commandez 2 semaines \u00e0 l\u2019avance pour assurer fra\u00eecheur et disponibilit\u00e9.\" \/>\n<meta name=\"robots\" content=\"index, follow, max-snippet:-1, max-image-preview:large, max-video-preview:-1\" \/>\n<link rel=\"canonical\" href=\"https:\/\/fleursenvracmtl.com\/fr\/gerberas-irene-en-vrac\/\" \/>\n<meta property=\"og:locale\" content=\"fr_FR\" \/>\n<meta property=\"og:type\" content=\"article\" \/>\n<meta property=\"og:title\" content=\"Gerberas Irene - en vrac\" \/>\n<meta property=\"og:description\" content=\"Achetez des Gerbera Irene frais en vrac chez Le Bouquet, fleuriste de confiance \u00e0 Montr\u00e9al pour mariages, \u00e9v\u00e9nements et projets floraux DIY. P\u00e9tales rouge bordeaux et centre vert p\u00e2le. Commandez 2 semaines \u00e0 l\u2019avance pour assurer fra\u00eecheur et disponibilit\u00e9.\" \/>\n<meta property=\"og:url\" content=\"https:\/\/fleursenvracmtl.com\/fr\/gerberas-irene-en-vrac\/\" \/>\n<meta property=\"og:site_name\" content=\"Fleurs en Vrac Mtl\" \/>\n<meta property=\"article:publisher\" content=\"https:\/\/www.facebook.com\/LeBouquetMTL\/\" \/>\n<meta property=\"article:modified_time\" content=\"2025-08-16T12:47:22+00:00\" \/>\n<meta property=\"og:image\" content=\"https:\/\/fleursenvracmtl.com\/wp-content\/uploads\/2025\/08\/GER-RF-IRE-Irene-Bunch-1.jpg\" \/>\n\t<meta property=\"og:image:width\" content=\"1200\" \/>\n\t<meta property=\"og:image:height\" content=\"1200\" \/>\n\t<meta property=\"og:image:type\" content=\"image\/jpeg\" \/>\n<meta name=\"twitter:card\" content=\"summary_large_image\" \/>\n<meta name=\"twitter:label1\" content=\"Prix\" \/>\n\t<meta name=\"twitter:data1\" content=\"&#036;0.00\" \/>\n\t<meta name=\"twitter:label2\" content=\"Disponibilit\u00e9\" \/>\n\t<meta name=\"twitter:data2\" content=\"En stock\" \/>\n<script type=\"application\/ld+json\" class=\"yoast-schema-graph\">{\"@context\":\"https:\/\/schema.org\",\"@graph\":[{\"@type\":\"WebPage\",\"@id\":\"https:\/\/fleursenvracmtl.com\/fr\/gerberas-irene-en-vrac\/\",\"url\":\"https:\/\/fleursenvracmtl.com\/fr\/gerberas-irene-en-vrac\/\",\"name\":\"Gerbera Irene \u2013 Fleurs DIY en vrac \u00e0 Montr\u00e9al | Le Bouquet\",\"isPartOf\":{\"@id\":\"https:\/\/fleursenvracmtl.com\/en\/#website\"},\"primaryImageOfPage\":{\"@id\":\"https:\/\/fleursenvracmtl.com\/fr\/gerberas-irene-en-vrac\/#primaryimage\"},\"image\":{\"@id\":\"https:\/\/fleursenvracmtl.com\/fr\/gerberas-irene-en-vrac\/#primaryimage\"},\"thumbnailUrl\":\"https:\/\/fleursenvracmtl.com\/wp-content\/uploads\/2025\/08\/GER-RF-IRE-Irene-Bunch-1.jpg\",\"datePublished\":\"2025-08-11T17:35:26+00:00\",\"dateModified\":\"2025-08-16T12:47:22+00:00\",\"description\":\"Achetez des Gerbera Irene frais en vrac chez Le Bouquet, fleuriste de confiance \u00e0 Montr\u00e9al pour mariages, \u00e9v\u00e9nements et projets floraux DIY. P\u00e9tales rouge bordeaux et centre vert p\u00e2le. Commandez 2 semaines \u00e0 l\u2019avance pour assurer fra\u00eecheur et disponibilit\u00e9.\",\"breadcrumb\":{\"@id\":\"https:\/\/fleursenvracmtl.com\/fr\/gerberas-irene-en-vrac\/#breadcrumb\"},\"inLanguage\":\"fr-FR\",\"potentialAction\":[{\"@type\":\"ReadAction\",\"target\":[\"https:\/\/fleursenvracmtl.com\/fr\/gerberas-irene-en-vrac\/\"]}]},{\"@type\":\"ImageObject\",\"inLanguage\":\"fr-FR\",\"@id\":\"https:\/\/fleursenvracmtl.com\/fr\/gerberas-irene-en-vrac\/#primaryimage\",\"url\":\"https:\/\/fleursenvracmtl.com\/wp-content\/uploads\/2025\/08\/GER-RF-IRE-Irene-Bunch-1.jpg\",\"contentUrl\":\"https:\/\/fleursenvracmtl.com\/wp-content\/uploads\/2025\/08\/GER-RF-IRE-Irene-Bunch-1.jpg\",\"width\":1200,\"height\":1200,\"caption\":\"Gerbera Irene \u2013 Bulk DIY Flowers in Montreal | Le Bouquet\"},{\"@type\":\"BreadcrumbList\",\"@id\":\"https:\/\/fleursenvracmtl.com\/fr\/gerberas-irene-en-vrac\/#breadcrumb\",\"itemListElement\":[{\"@type\":\"ListItem\",\"position\":1,\"name\":\"Home\",\"item\":\"https:\/\/fleursenvracmtl.com\/fr\/\"},{\"@type\":\"ListItem\",\"position\":2,\"name\":\"Shop\",\"item\":\"https:\/\/fleursenvracmtl.com\/en\/shop\/\"},{\"@type\":\"ListItem\",\"position\":3,\"name\":\"Gerberas Irene &#8211; en vrac\"}]},{\"@type\":\"WebSite\",\"@id\":\"https:\/\/fleursenvracmtl.com\/en\/#website\",\"url\":\"https:\/\/fleursenvracmtl.com\/en\/\",\"name\":\"Fleurs en Vrac MTL\",\"description\":\"Fleurs en Vrac Mtl - Bulk flower by Le Bouquet\",\"alternateName\":\"Fleurs en Vrac MTL\",\"potentialAction\":[{\"@type\":\"SearchAction\",\"target\":{\"@type\":\"EntryPoint\",\"urlTemplate\":\"https:\/\/fleursenvracmtl.com\/en\/?s={search_term_string}\"},\"query-input\":{\"@type\":\"PropertyValueSpecification\",\"valueRequired\":true,\"valueName\":\"search_term_string\"}}],\"inLanguage\":\"fr-FR\"}]}<\/script>\n<meta property=\"product:price:amount\" content=\"0.00\" \/>\n<meta property=\"product:price:currency\" content=\"CAD\" \/>\n<meta property=\"og:availability\" content=\"instock\" \/>\n<meta property=\"product:availability\" content=\"instock\" \/>\n<meta property=\"product:condition\" content=\"new\" \/>\n<!-- \/ Yoast SEO Premium plugin. -->","yoast_head_json":{"title":"Gerbera Irene \u2013 Fleurs DIY en vrac \u00e0 Montr\u00e9al | Le Bouquet","description":"Achetez des Gerbera Irene frais en vrac chez Le Bouquet, fleuriste de confiance \u00e0 Montr\u00e9al pour mariages, \u00e9v\u00e9nements et projets floraux DIY. P\u00e9tales rouge bordeaux et centre vert p\u00e2le. Commandez 2 semaines \u00e0 l\u2019avance pour assurer fra\u00eecheur et disponibilit\u00e9.","robots":{"index":"index","follow":"follow","max-snippet":"max-snippet:-1","max-image-preview":"max-image-preview:large","max-video-preview":"max-video-preview:-1"},"canonical":"https:\/\/fleursenvracmtl.com\/fr\/gerberas-irene-en-vrac\/","og_locale":"fr_FR","og_type":"article","og_title":"Gerberas Irene - en vrac","og_description":"Achetez des Gerbera Irene frais en vrac chez Le Bouquet, fleuriste de confiance \u00e0 Montr\u00e9al pour mariages, \u00e9v\u00e9nements et projets floraux DIY. P\u00e9tales rouge bordeaux et centre vert p\u00e2le. Commandez 2 semaines \u00e0 l\u2019avance pour assurer fra\u00eecheur et disponibilit\u00e9.","og_url":"https:\/\/fleursenvracmtl.com\/fr\/gerberas-irene-en-vrac\/","og_site_name":"Fleurs en Vrac Mtl","article_publisher":"https:\/\/www.facebook.com\/LeBouquetMTL\/","article_modified_time":"2025-08-16T12:47:22+00:00","og_image":[{"width":1200,"height":1200,"url":"https:\/\/fleursenvracmtl.com\/wp-content\/uploads\/2025\/08\/GER-RF-IRE-Irene-Bunch-1.jpg","type":"image\/jpeg"}],"twitter_card":"summary_large_image","twitter_misc":{"Prix":"&#36;0.00","Disponibilit\u00e9":"En stock"},"schema":{"@context":"https:\/\/schema.org","@graph":[{"@type":"WebPage","@id":"https:\/\/fleursenvracmtl.com\/fr\/gerberas-irene-en-vrac\/","url":"https:\/\/fleursenvracmtl.com\/fr\/gerberas-irene-en-vrac\/","name":"Gerbera Irene \u2013 Fleurs DIY en vrac \u00e0 Montr\u00e9al | Le Bouquet","isPartOf":{"@id":"https:\/\/fleursenvracmtl.com\/en\/#website"},"primaryImageOfPage":{"@id":"https:\/\/fleursenvracmtl.com\/fr\/gerberas-irene-en-vrac\/#primaryimage"},"image":{"@id":"https:\/\/fleursenvracmtl.com\/fr\/gerberas-irene-en-vrac\/#primaryimage"},"thumbnailUrl":"https:\/\/fleursenvracmtl.com\/wp-content\/uploads\/2025\/08\/GER-RF-IRE-Irene-Bunch-1.jpg","datePublished":"2025-08-11T17:35:26+00:00","dateModified":"2025-08-16T12:47:22+00:00","description":"Achetez des Gerbera Irene frais en vrac chez Le Bouquet, fleuriste de confiance \u00e0 Montr\u00e9al pour mariages, \u00e9v\u00e9nements et projets floraux DIY. P\u00e9tales rouge bordeaux et centre vert p\u00e2le. Commandez 2 semaines \u00e0 l\u2019avance pour assurer fra\u00eecheur et disponibilit\u00e9.","breadcrumb":{"@id":"https:\/\/fleursenvracmtl.com\/fr\/gerberas-irene-en-vrac\/#breadcrumb"},"inLanguage":"fr-FR","potentialAction":[{"@type":"ReadAction","target":["https:\/\/fleursenvracmtl.com\/fr\/gerberas-irene-en-vrac\/"]}]},{"@type":"ImageObject","inLanguage":"fr-FR","@id":"https:\/\/fleursenvracmtl.com\/fr\/gerberas-irene-en-vrac\/#primaryimage","url":"https:\/\/fleursenvracmtl.com\/wp-content\/uploads\/2025\/08\/GER-RF-IRE-Irene-Bunch-1.jpg","contentUrl":"https:\/\/fleursenvracmtl.com\/wp-content\/uploads\/2025\/08\/GER-RF-IRE-Irene-Bunch-1.jpg","width":1200,"height":1200,"caption":"Gerbera Irene \u2013 Bulk DIY Flowers in Montreal | Le Bouquet"},{"@type":"BreadcrumbList","@id":"https:\/\/fleursenvracmtl.com\/fr\/gerberas-irene-en-vrac\/#breadcrumb","itemListElement":[{"@type":"ListItem","position":1,"name":"Home","item":"https:\/\/fleursenvracmtl.com\/fr\/"},{"@type":"ListItem","position":2,"name":"Shop","item":"https:\/\/fleursenvracmtl.com\/en\/shop\/"},{"@type":"ListItem","position":3,"name":"Gerberas Irene &#8211; en vrac"}]},{"@type":"WebSite","@id":"https:\/\/fleursenvracmtl.com\/en\/#website","url":"https:\/\/fleursenvracmtl.com\/en\/","name":"Fleurs en Vrac MTL","description":"Fleurs en Vrac Mtl - Bulk flower by Le Bouquet","alternateName":"Fleurs en Vrac MTL","potentialAction":[{"@type":"SearchAction","target":{"@type":"EntryPoint","urlTemplate":"https:\/\/fleursenvracmtl.com\/en\/?s={search_term_string}"},"query-input":{"@type":"PropertyValueSpecification","valueRequired":true,"valueName":"search_term_string"}}],"inLanguage":"fr-FR"}]},"product_price_amount":"0.00","product_price_currency":"CAD","og_availability":"instock","product_availability":"instock","product_condition":"new"},"_links":{"self":[{"href":"https:\/\/fleursenvracmtl.com\/fr\/wp-json\/wp\/v2\/product\/118479","targetHints":{"allow":["GET"]}}],"collection":[{"href":"https:\/\/fleursenvracmtl.com\/fr\/wp-json\/wp\/v2\/product"}],"about":[{"href":"https:\/\/fleursenvracmtl.com\/fr\/wp-json\/wp\/v2\/types\/product"}],"replies":[{"embeddable":true,"href":"https:\/\/fleursenvracmtl.com\/fr\/wp-json\/wp\/v2\/comments?post=118479"}],"wp:featuredmedia":[{"embeddable":true,"href":"https:\/\/fleursenvracmtl.com\/fr\/wp-json\/wp\/v2\/media\/118457"}],"wp:attachment":[{"href":"https:\/\/fleursenvracmtl.com\/fr\/wp-json\/wp\/v2\/media?parent=118479"}],"wp:term":[{"taxonomy":"recipe","embeddable":true,"href":"https:\/\/fleursenvracmtl.com\/fr\/wp-json\/wp\/v2\/recipe?post=118479"},{"taxonomy":"product_brand","embeddable":true,"href":"https:\/\/fleursenvracmtl.com\/fr\/wp-json\/wp\/v2\/product_brand?post=118479"},{"taxonomy":"product_cat","embeddable":true,"href":"https:\/\/fleursenvracmtl.com\/fr\/wp-json\/wp\/v2\/product_cat?post=118479"},{"taxonomy":"product_tag","embeddable":true,"href":"https:\/\/fleursenvracmtl.com\/fr\/wp-json\/wp\/v2\/product_tag?post=118479"}],"curies":[{"name":"wp","href":"https:\/\/api.w.org\/{rel}","templated":true}]}}