{"id":118834,"date":"2025-08-16T09:36:09","date_gmt":"2025-08-16T13:36:09","guid":{"rendered":"https:\/\/www.lebouquet.com\/gerbera-pre-intenzz-bulk-diy\/"},"modified":"2025-08-16T09:52:24","modified_gmt":"2025-08-16T13:52:24","slug":"gerbera-pre-intenzz-en-vrac","status":"publish","type":"product","link":"https:\/\/fleursenvracmtl.com\/fr\/gerbera-pre-intenzz-en-vrac\/","title":{"rendered":"Gerbera Pre-Intenzz &#8211; en vrac"},"content":{"rendered":"<p><strong>*Pour garantir la fra\u00eecheur et la disponibilit\u00e9, veuillez passer votre commande au moins 2 semaines \u00e0 l\u2019avance.<\/strong><\/p>\n<p>La <strong>Gerbera Pre-Intenzz<\/strong> apporte une touche \u00e9clatante de rose vif, id\u00e9ale pour les projets floraux en vrac et DIY. R\u00e9put\u00e9es pour leur couleur vibrante et leur fra\u00eecheur durable, ces gerberas conviennent parfaitement aux mariages, aux \u00e9v\u00e9nements sp\u00e9ciaux ou pour \u00e9gayer les arrangements du quotidien. Leurs tiges robustes et leurs magnifiques fleurs en forme de marguerite facilitent la cr\u00e9ation, qu\u2019elles soient utilis\u00e9es seules ou accompagn\u00e9es d\u2019autres fleurs.<\/p>\n","protected":false},"excerpt":{"rendered":"<p>*Pour garantir la fra\u00eecheur et la disponibilit\u00e9, veuillez passer votre commande au moins 2 semaines \u00e0 l\u2019avance. La Gerbera Pre-Intenzz apporte une touche \u00e9clatante de rose vif, id\u00e9ale pour les projets floraux en vrac et DIY. R\u00e9put\u00e9es pour leur couleur vibrante et leur fra\u00eecheur durable, ces gerberas conviennent parfaitement aux mariages, aux \u00e9v\u00e9nements sp\u00e9ciaux ou [&hellip;]<\/p>\n","protected":false},"featured_media":118809,"comment_status":"open","ping_status":"closed","template":"","meta":{"_acf_changed":false},"recipe":[],"product_brand":[],"product_cat":[18341,17456,17169,18343,17454,17468],"product_tag":[],"class_list":{"0":"post-118834","1":"product","2":"type-product","3":"status-publish","4":"has-post-thumbnail","6":"product_cat-fleurs-en-vrac-par-couleur","7":"product_cat-standard-gerbera","8":"product_cat-fleurs-en-vrac","9":"product_cat-fleurs-roses-vrac","10":"product_cat-gerbera-en-vrac","11":"product_cat-gerbera-standard-en-vrac","13":"first","14":"instock","15":"shipping-taxable","16":"purchasable","17":"product-type-simple"},"acf":[],"yoast_head":"<!-- This site is optimized with the Yoast SEO Premium plugin v25.2 (Yoast SEO v26.2) - https:\/\/yoast.com\/wordpress\/plugins\/seo\/ -->\n<title>Gerbera Pre-Intenzz en vrac DIY \u2013 Fleurs de Gerberas roses fra\u00eeches<\/title>\n<meta name=\"description\" content=\"Commandez vos Gerberas Pre-Intenzz en vrac au moins 2 semaines \u00e0 l\u2019avance. Gerberas roses \u00e9clatants et durables, parfaits pour projets DIY, mariages et cr\u00e9ations florales.\" \/>\n<meta name=\"robots\" content=\"index, follow, max-snippet:-1, max-image-preview:large, max-video-preview:-1\" \/>\n<link rel=\"canonical\" href=\"https:\/\/fleursenvracmtl.com\/fr\/gerbera-pre-intenzz-en-vrac\/\" \/>\n<meta property=\"og:locale\" content=\"fr_FR\" \/>\n<meta property=\"og:type\" content=\"article\" \/>\n<meta property=\"og:title\" content=\"Gerbera Pre-Intenzz - en vrac\" \/>\n<meta property=\"og:description\" content=\"Commandez vos Gerberas Pre-Intenzz en vrac au moins 2 semaines \u00e0 l\u2019avance. Gerberas roses \u00e9clatants et durables, parfaits pour projets DIY, mariages et cr\u00e9ations florales.\" \/>\n<meta property=\"og:url\" content=\"https:\/\/fleursenvracmtl.com\/fr\/gerbera-pre-intenzz-en-vrac\/\" \/>\n<meta property=\"og:site_name\" content=\"Fleurs en Vrac Mtl\" \/>\n<meta property=\"article:publisher\" content=\"https:\/\/www.facebook.com\/LeBouquetMTL\/\" \/>\n<meta property=\"article:modified_time\" content=\"2025-08-16T13:52:24+00:00\" \/>\n<meta property=\"og:image\" content=\"https:\/\/fleursenvracmtl.com\/wp-content\/uploads\/2025\/08\/GE-RPIN-Gerbera-Pre-Intenzz-Bunch-9.jpg\" \/>\n\t<meta property=\"og:image:width\" content=\"1200\" \/>\n\t<meta property=\"og:image:height\" content=\"1200\" \/>\n\t<meta property=\"og:image:type\" content=\"image\/jpeg\" \/>\n<meta name=\"twitter:card\" content=\"summary_large_image\" \/>\n<meta name=\"twitter:label1\" content=\"Prix\" \/>\n\t<meta name=\"twitter:data1\" content=\"&#036;0.00\" \/>\n\t<meta name=\"twitter:label2\" content=\"Disponibilit\u00e9\" \/>\n\t<meta name=\"twitter:data2\" content=\"En stock\" \/>\n<script type=\"application\/ld+json\" class=\"yoast-schema-graph\">{\"@context\":\"https:\/\/schema.org\",\"@graph\":[{\"@type\":\"WebPage\",\"@id\":\"https:\/\/fleursenvracmtl.com\/fr\/gerbera-pre-intenzz-en-vrac\/\",\"url\":\"https:\/\/fleursenvracmtl.com\/fr\/gerbera-pre-intenzz-en-vrac\/\",\"name\":\"Gerbera Pre-Intenzz en vrac DIY \u2013 Fleurs de Gerberas roses fra\u00eeches\",\"isPartOf\":{\"@id\":\"https:\/\/fleursenvracmtl.com\/en\/#website\"},\"primaryImageOfPage\":{\"@id\":\"https:\/\/fleursenvracmtl.com\/fr\/gerbera-pre-intenzz-en-vrac\/#primaryimage\"},\"image\":{\"@id\":\"https:\/\/fleursenvracmtl.com\/fr\/gerbera-pre-intenzz-en-vrac\/#primaryimage\"},\"thumbnailUrl\":\"https:\/\/fleursenvracmtl.com\/wp-content\/uploads\/2025\/08\/GE-RPIN-Gerbera-Pre-Intenzz-Bunch-9.jpg\",\"datePublished\":\"2025-08-16T13:36:09+00:00\",\"dateModified\":\"2025-08-16T13:52:24+00:00\",\"description\":\"Commandez vos Gerberas Pre-Intenzz en vrac au moins 2 semaines \u00e0 l\u2019avance. Gerberas roses \u00e9clatants et durables, parfaits pour projets DIY, mariages et cr\u00e9ations florales.\",\"breadcrumb\":{\"@id\":\"https:\/\/fleursenvracmtl.com\/fr\/gerbera-pre-intenzz-en-vrac\/#breadcrumb\"},\"inLanguage\":\"fr-FR\",\"potentialAction\":[{\"@type\":\"ReadAction\",\"target\":[\"https:\/\/fleursenvracmtl.com\/fr\/gerbera-pre-intenzz-en-vrac\/\"]}]},{\"@type\":\"ImageObject\",\"inLanguage\":\"fr-FR\",\"@id\":\"https:\/\/fleursenvracmtl.com\/fr\/gerbera-pre-intenzz-en-vrac\/#primaryimage\",\"url\":\"https:\/\/fleursenvracmtl.com\/wp-content\/uploads\/2025\/08\/GE-RPIN-Gerbera-Pre-Intenzz-Bunch-9.jpg\",\"contentUrl\":\"https:\/\/fleursenvracmtl.com\/wp-content\/uploads\/2025\/08\/GE-RPIN-Gerbera-Pre-Intenzz-Bunch-9.jpg\",\"width\":1200,\"height\":1200,\"caption\":\"Bulk DIY Flowers\"},{\"@type\":\"BreadcrumbList\",\"@id\":\"https:\/\/fleursenvracmtl.com\/fr\/gerbera-pre-intenzz-en-vrac\/#breadcrumb\",\"itemListElement\":[{\"@type\":\"ListItem\",\"position\":1,\"name\":\"Home\",\"item\":\"https:\/\/fleursenvracmtl.com\/fr\/\"},{\"@type\":\"ListItem\",\"position\":2,\"name\":\"Shop\",\"item\":\"https:\/\/fleursenvracmtl.com\/en\/shop\/\"},{\"@type\":\"ListItem\",\"position\":3,\"name\":\"Gerbera Pre-Intenzz &#8211; en vrac\"}]},{\"@type\":\"WebSite\",\"@id\":\"https:\/\/fleursenvracmtl.com\/en\/#website\",\"url\":\"https:\/\/fleursenvracmtl.com\/en\/\",\"name\":\"Fleurs en Vrac MTL\",\"description\":\"Fleurs en Vrac Mtl - Bulk flower by Le Bouquet\",\"alternateName\":\"Fleurs en Vrac MTL\",\"potentialAction\":[{\"@type\":\"SearchAction\",\"target\":{\"@type\":\"EntryPoint\",\"urlTemplate\":\"https:\/\/fleursenvracmtl.com\/en\/?s={search_term_string}\"},\"query-input\":{\"@type\":\"PropertyValueSpecification\",\"valueRequired\":true,\"valueName\":\"search_term_string\"}}],\"inLanguage\":\"fr-FR\"}]}<\/script>\n<meta property=\"product:price:amount\" content=\"0.00\" \/>\n<meta property=\"product:price:currency\" content=\"CAD\" \/>\n<meta property=\"og:availability\" content=\"instock\" \/>\n<meta property=\"product:availability\" content=\"instock\" \/>\n<meta property=\"product:condition\" content=\"new\" \/>\n<!-- \/ Yoast SEO Premium plugin. -->","yoast_head_json":{"title":"Gerbera Pre-Intenzz en vrac DIY \u2013 Fleurs de Gerberas roses fra\u00eeches","description":"Commandez vos Gerberas Pre-Intenzz en vrac au moins 2 semaines \u00e0 l\u2019avance. Gerberas roses \u00e9clatants et durables, parfaits pour projets DIY, mariages et cr\u00e9ations florales.","robots":{"index":"index","follow":"follow","max-snippet":"max-snippet:-1","max-image-preview":"max-image-preview:large","max-video-preview":"max-video-preview:-1"},"canonical":"https:\/\/fleursenvracmtl.com\/fr\/gerbera-pre-intenzz-en-vrac\/","og_locale":"fr_FR","og_type":"article","og_title":"Gerbera Pre-Intenzz - en vrac","og_description":"Commandez vos Gerberas Pre-Intenzz en vrac au moins 2 semaines \u00e0 l\u2019avance. Gerberas roses \u00e9clatants et durables, parfaits pour projets DIY, mariages et cr\u00e9ations florales.","og_url":"https:\/\/fleursenvracmtl.com\/fr\/gerbera-pre-intenzz-en-vrac\/","og_site_name":"Fleurs en Vrac Mtl","article_publisher":"https:\/\/www.facebook.com\/LeBouquetMTL\/","article_modified_time":"2025-08-16T13:52:24+00:00","og_image":[{"width":1200,"height":1200,"url":"https:\/\/fleursenvracmtl.com\/wp-content\/uploads\/2025\/08\/GE-RPIN-Gerbera-Pre-Intenzz-Bunch-9.jpg","type":"image\/jpeg"}],"twitter_card":"summary_large_image","twitter_misc":{"Prix":"&#36;0.00","Disponibilit\u00e9":"En stock"},"schema":{"@context":"https:\/\/schema.org","@graph":[{"@type":"WebPage","@id":"https:\/\/fleursenvracmtl.com\/fr\/gerbera-pre-intenzz-en-vrac\/","url":"https:\/\/fleursenvracmtl.com\/fr\/gerbera-pre-intenzz-en-vrac\/","name":"Gerbera Pre-Intenzz en vrac DIY \u2013 Fleurs de Gerberas roses fra\u00eeches","isPartOf":{"@id":"https:\/\/fleursenvracmtl.com\/en\/#website"},"primaryImageOfPage":{"@id":"https:\/\/fleursenvracmtl.com\/fr\/gerbera-pre-intenzz-en-vrac\/#primaryimage"},"image":{"@id":"https:\/\/fleursenvracmtl.com\/fr\/gerbera-pre-intenzz-en-vrac\/#primaryimage"},"thumbnailUrl":"https:\/\/fleursenvracmtl.com\/wp-content\/uploads\/2025\/08\/GE-RPIN-Gerbera-Pre-Intenzz-Bunch-9.jpg","datePublished":"2025-08-16T13:36:09+00:00","dateModified":"2025-08-16T13:52:24+00:00","description":"Commandez vos Gerberas Pre-Intenzz en vrac au moins 2 semaines \u00e0 l\u2019avance. Gerberas roses \u00e9clatants et durables, parfaits pour projets DIY, mariages et cr\u00e9ations florales.","breadcrumb":{"@id":"https:\/\/fleursenvracmtl.com\/fr\/gerbera-pre-intenzz-en-vrac\/#breadcrumb"},"inLanguage":"fr-FR","potentialAction":[{"@type":"ReadAction","target":["https:\/\/fleursenvracmtl.com\/fr\/gerbera-pre-intenzz-en-vrac\/"]}]},{"@type":"ImageObject","inLanguage":"fr-FR","@id":"https:\/\/fleursenvracmtl.com\/fr\/gerbera-pre-intenzz-en-vrac\/#primaryimage","url":"https:\/\/fleursenvracmtl.com\/wp-content\/uploads\/2025\/08\/GE-RPIN-Gerbera-Pre-Intenzz-Bunch-9.jpg","contentUrl":"https:\/\/fleursenvracmtl.com\/wp-content\/uploads\/2025\/08\/GE-RPIN-Gerbera-Pre-Intenzz-Bunch-9.jpg","width":1200,"height":1200,"caption":"Bulk DIY Flowers"},{"@type":"BreadcrumbList","@id":"https:\/\/fleursenvracmtl.com\/fr\/gerbera-pre-intenzz-en-vrac\/#breadcrumb","itemListElement":[{"@type":"ListItem","position":1,"name":"Home","item":"https:\/\/fleursenvracmtl.com\/fr\/"},{"@type":"ListItem","position":2,"name":"Shop","item":"https:\/\/fleursenvracmtl.com\/en\/shop\/"},{"@type":"ListItem","position":3,"name":"Gerbera Pre-Intenzz &#8211; en vrac"}]},{"@type":"WebSite","@id":"https:\/\/fleursenvracmtl.com\/en\/#website","url":"https:\/\/fleursenvracmtl.com\/en\/","name":"Fleurs en Vrac MTL","description":"Fleurs en Vrac Mtl - Bulk flower by Le Bouquet","alternateName":"Fleurs en Vrac MTL","potentialAction":[{"@type":"SearchAction","target":{"@type":"EntryPoint","urlTemplate":"https:\/\/fleursenvracmtl.com\/en\/?s={search_term_string}"},"query-input":{"@type":"PropertyValueSpecification","valueRequired":true,"valueName":"search_term_string"}}],"inLanguage":"fr-FR"}]},"product_price_amount":"0.00","product_price_currency":"CAD","og_availability":"instock","product_availability":"instock","product_condition":"new"},"_links":{"self":[{"href":"https:\/\/fleursenvracmtl.com\/fr\/wp-json\/wp\/v2\/product\/118834","targetHints":{"allow":["GET"]}}],"collection":[{"href":"https:\/\/fleursenvracmtl.com\/fr\/wp-json\/wp\/v2\/product"}],"about":[{"href":"https:\/\/fleursenvracmtl.com\/fr\/wp-json\/wp\/v2\/types\/product"}],"replies":[{"embeddable":true,"href":"https:\/\/fleursenvracmtl.com\/fr\/wp-json\/wp\/v2\/comments?post=118834"}],"wp:featuredmedia":[{"embeddable":true,"href":"https:\/\/fleursenvracmtl.com\/fr\/wp-json\/wp\/v2\/media\/118809"}],"wp:attachment":[{"href":"https:\/\/fleursenvracmtl.com\/fr\/wp-json\/wp\/v2\/media?parent=118834"}],"wp:term":[{"taxonomy":"recipe","embeddable":true,"href":"https:\/\/fleursenvracmtl.com\/fr\/wp-json\/wp\/v2\/recipe?post=118834"},{"taxonomy":"product_brand","embeddable":true,"href":"https:\/\/fleursenvracmtl.com\/fr\/wp-json\/wp\/v2\/product_brand?post=118834"},{"taxonomy":"product_cat","embeddable":true,"href":"https:\/\/fleursenvracmtl.com\/fr\/wp-json\/wp\/v2\/product_cat?post=118834"},{"taxonomy":"product_tag","embeddable":true,"href":"https:\/\/fleursenvracmtl.com\/fr\/wp-json\/wp\/v2\/product_tag?post=118834"}],"curies":[{"name":"wp","href":"https:\/\/api.w.org\/{rel}","templated":true}]}}