{"id":118880,"date":"2025-08-16T13:57:59","date_gmt":"2025-08-16T17:57:59","guid":{"rendered":"https:\/\/www.lebouquet.com\/gerbera-big-pink-bulk-diy\/"},"modified":"2025-08-20T07:06:31","modified_gmt":"2025-08-20T11:06:31","slug":"gerbera-big-pink-en-vrac","status":"publish","type":"product","link":"https:\/\/fleursenvracmtl.com\/fr\/gerbera-big-pink-en-vrac\/","title":{"rendered":"Gerbera Big Pink &#8211; en vrac"},"content":{"rendered":"<p><strong>*Veuillez commander 2 semaines \u00e0 l\u2019avance pour garantir la fra\u00eecheur.<\/strong><\/p>\n<p>Le <strong>Gerbera Big Pink<\/strong> apporte douceur et \u00e9l\u00e9gance \u00e0 vos cr\u00e9ations. Ses grandes fleurs roses au c\u0153ur vert sont parfaites pour les mariages, f\u00eates et projets DIY. Vendu en vrac pour fleuristes et organisateurs d\u2019\u00e9v\u00e9nements.&nbsp;<\/p>\n","protected":false},"excerpt":{"rendered":"<p>*Veuillez commander 2 semaines \u00e0 l\u2019avance pour garantir la fra\u00eecheur. Le Gerbera Big Pink apporte douceur et \u00e9l\u00e9gance \u00e0 vos cr\u00e9ations. Ses grandes fleurs roses au c\u0153ur vert sont parfaites pour les mariages, f\u00eates et projets DIY. Vendu en vrac pour fleuristes et organisateurs d\u2019\u00e9v\u00e9nements.&nbsp;<\/p>\n","protected":false},"featured_media":118856,"comment_status":"open","ping_status":"closed","template":"","meta":{"_acf_changed":false},"recipe":[],"product_brand":[],"product_cat":[17169,17454,17468],"product_tag":[],"class_list":{"0":"post-118880","1":"product","2":"type-product","3":"status-publish","4":"has-post-thumbnail","6":"product_cat-fleurs-en-vrac","7":"product_cat-gerbera-en-vrac","8":"product_cat-gerbera-standard-en-vrac","10":"first","11":"instock","12":"shipping-taxable","13":"purchasable","14":"product-type-simple"},"acf":[],"yoast_head":"<!-- This site is optimized with the Yoast SEO Premium plugin v25.2 (Yoast SEO v26.2) - https:\/\/yoast.com\/wordpress\/plugins\/seo\/ -->\n<title>Gerbera Big Pink en vrac DIY | Le Bouquet Montr\u00e9al<\/title>\n<meta name=\"description\" content=\"Commandez le Gerbera Big Pink en vrac chez Le Bouquet Montr\u00e9al. Fleurs fra\u00eeches parfaites pour mariages, \u00e9v\u00e9nements et projets DIY. Commandez 2 semaines \u00e0 l\u2019avance.\" \/>\n<meta name=\"robots\" content=\"index, follow, max-snippet:-1, max-image-preview:large, max-video-preview:-1\" \/>\n<link rel=\"canonical\" href=\"https:\/\/fleursenvracmtl.com\/fr\/gerbera-big-pink-en-vrac\/\" \/>\n<meta property=\"og:locale\" content=\"fr_FR\" \/>\n<meta property=\"og:type\" content=\"article\" \/>\n<meta property=\"og:title\" content=\"Gerbera Big Pink - en vrac\" \/>\n<meta property=\"og:description\" content=\"Commandez le Gerbera Big Pink en vrac chez Le Bouquet Montr\u00e9al. Fleurs fra\u00eeches parfaites pour mariages, \u00e9v\u00e9nements et projets DIY. Commandez 2 semaines \u00e0 l\u2019avance.\" \/>\n<meta property=\"og:url\" content=\"https:\/\/fleursenvracmtl.com\/fr\/gerbera-big-pink-en-vrac\/\" \/>\n<meta property=\"og:site_name\" content=\"Fleurs en Vrac Mtl\" \/>\n<meta property=\"article:publisher\" content=\"https:\/\/www.facebook.com\/LeBouquetMTL\/\" \/>\n<meta property=\"article:modified_time\" content=\"2025-08-20T11:06:31+00:00\" \/>\n<meta property=\"og:image\" content=\"https:\/\/fleursenvracmtl.com\/wp-content\/uploads\/2025\/08\/GE-RBIG-Big-Pink-Gerbera-Bunch-8-1.jpg\" \/>\n\t<meta property=\"og:image:width\" content=\"1200\" \/>\n\t<meta property=\"og:image:height\" content=\"1200\" \/>\n\t<meta property=\"og:image:type\" content=\"image\/jpeg\" \/>\n<meta name=\"twitter:card\" content=\"summary_large_image\" \/>\n<meta name=\"twitter:label1\" content=\"Prix\" \/>\n\t<meta name=\"twitter:data1\" content=\"&#036;0.00\" \/>\n\t<meta name=\"twitter:label2\" content=\"Disponibilit\u00e9\" \/>\n\t<meta name=\"twitter:data2\" content=\"En stock\" \/>\n<script type=\"application\/ld+json\" class=\"yoast-schema-graph\">{\"@context\":\"https:\/\/schema.org\",\"@graph\":[{\"@type\":\"WebPage\",\"@id\":\"https:\/\/fleursenvracmtl.com\/fr\/gerbera-big-pink-en-vrac\/\",\"url\":\"https:\/\/fleursenvracmtl.com\/fr\/gerbera-big-pink-en-vrac\/\",\"name\":\"Gerbera Big Pink en vrac DIY | Le Bouquet Montr\u00e9al\",\"isPartOf\":{\"@id\":\"https:\/\/fleursenvracmtl.com\/en\/#website\"},\"primaryImageOfPage\":{\"@id\":\"https:\/\/fleursenvracmtl.com\/fr\/gerbera-big-pink-en-vrac\/#primaryimage\"},\"image\":{\"@id\":\"https:\/\/fleursenvracmtl.com\/fr\/gerbera-big-pink-en-vrac\/#primaryimage\"},\"thumbnailUrl\":\"https:\/\/fleursenvracmtl.com\/wp-content\/uploads\/2025\/08\/GE-RBIG-Big-Pink-Gerbera-Bunch-8-1.jpg\",\"datePublished\":\"2025-08-16T17:57:59+00:00\",\"dateModified\":\"2025-08-20T11:06:31+00:00\",\"description\":\"Commandez le Gerbera Big Pink en vrac chez Le Bouquet Montr\u00e9al. Fleurs fra\u00eeches parfaites pour mariages, \u00e9v\u00e9nements et projets DIY. Commandez 2 semaines \u00e0 l\u2019avance.\",\"breadcrumb\":{\"@id\":\"https:\/\/fleursenvracmtl.com\/fr\/gerbera-big-pink-en-vrac\/#breadcrumb\"},\"inLanguage\":\"fr-FR\",\"potentialAction\":[{\"@type\":\"ReadAction\",\"target\":[\"https:\/\/fleursenvracmtl.com\/fr\/gerbera-big-pink-en-vrac\/\"]}]},{\"@type\":\"ImageObject\",\"inLanguage\":\"fr-FR\",\"@id\":\"https:\/\/fleursenvracmtl.com\/fr\/gerbera-big-pink-en-vrac\/#primaryimage\",\"url\":\"https:\/\/fleursenvracmtl.com\/wp-content\/uploads\/2025\/08\/GE-RBIG-Big-Pink-Gerbera-Bunch-8-1.jpg\",\"contentUrl\":\"https:\/\/fleursenvracmtl.com\/wp-content\/uploads\/2025\/08\/GE-RBIG-Big-Pink-Gerbera-Bunch-8-1.jpg\",\"width\":1200,\"height\":1200,\"caption\":\"Gerbera Big Pink Bulk DIY Flowers\"},{\"@type\":\"BreadcrumbList\",\"@id\":\"https:\/\/fleursenvracmtl.com\/fr\/gerbera-big-pink-en-vrac\/#breadcrumb\",\"itemListElement\":[{\"@type\":\"ListItem\",\"position\":1,\"name\":\"Home\",\"item\":\"https:\/\/fleursenvracmtl.com\/fr\/\"},{\"@type\":\"ListItem\",\"position\":2,\"name\":\"Shop\",\"item\":\"https:\/\/fleursenvracmtl.com\/en\/shop\/\"},{\"@type\":\"ListItem\",\"position\":3,\"name\":\"Gerbera Big Pink &#8211; en vrac\"}]},{\"@type\":\"WebSite\",\"@id\":\"https:\/\/fleursenvracmtl.com\/en\/#website\",\"url\":\"https:\/\/fleursenvracmtl.com\/en\/\",\"name\":\"Fleurs en Vrac MTL\",\"description\":\"Fleurs en Vrac Mtl - Bulk flower by Le Bouquet\",\"alternateName\":\"Fleurs en Vrac MTL\",\"potentialAction\":[{\"@type\":\"SearchAction\",\"target\":{\"@type\":\"EntryPoint\",\"urlTemplate\":\"https:\/\/fleursenvracmtl.com\/en\/?s={search_term_string}\"},\"query-input\":{\"@type\":\"PropertyValueSpecification\",\"valueRequired\":true,\"valueName\":\"search_term_string\"}}],\"inLanguage\":\"fr-FR\"}]}<\/script>\n<meta property=\"product:price:amount\" content=\"0.00\" \/>\n<meta property=\"product:price:currency\" content=\"CAD\" \/>\n<meta property=\"og:availability\" content=\"instock\" \/>\n<meta property=\"product:availability\" content=\"instock\" \/>\n<meta property=\"product:condition\" content=\"new\" \/>\n<!-- \/ Yoast SEO Premium plugin. -->","yoast_head_json":{"title":"Gerbera Big Pink en vrac DIY | Le Bouquet Montr\u00e9al","description":"Commandez le Gerbera Big Pink en vrac chez Le Bouquet Montr\u00e9al. Fleurs fra\u00eeches parfaites pour mariages, \u00e9v\u00e9nements et projets DIY. Commandez 2 semaines \u00e0 l\u2019avance.","robots":{"index":"index","follow":"follow","max-snippet":"max-snippet:-1","max-image-preview":"max-image-preview:large","max-video-preview":"max-video-preview:-1"},"canonical":"https:\/\/fleursenvracmtl.com\/fr\/gerbera-big-pink-en-vrac\/","og_locale":"fr_FR","og_type":"article","og_title":"Gerbera Big Pink - en vrac","og_description":"Commandez le Gerbera Big Pink en vrac chez Le Bouquet Montr\u00e9al. Fleurs fra\u00eeches parfaites pour mariages, \u00e9v\u00e9nements et projets DIY. Commandez 2 semaines \u00e0 l\u2019avance.","og_url":"https:\/\/fleursenvracmtl.com\/fr\/gerbera-big-pink-en-vrac\/","og_site_name":"Fleurs en Vrac Mtl","article_publisher":"https:\/\/www.facebook.com\/LeBouquetMTL\/","article_modified_time":"2025-08-20T11:06:31+00:00","og_image":[{"width":1200,"height":1200,"url":"https:\/\/fleursenvracmtl.com\/wp-content\/uploads\/2025\/08\/GE-RBIG-Big-Pink-Gerbera-Bunch-8-1.jpg","type":"image\/jpeg"}],"twitter_card":"summary_large_image","twitter_misc":{"Prix":"&#36;0.00","Disponibilit\u00e9":"En stock"},"schema":{"@context":"https:\/\/schema.org","@graph":[{"@type":"WebPage","@id":"https:\/\/fleursenvracmtl.com\/fr\/gerbera-big-pink-en-vrac\/","url":"https:\/\/fleursenvracmtl.com\/fr\/gerbera-big-pink-en-vrac\/","name":"Gerbera Big Pink en vrac DIY | Le Bouquet Montr\u00e9al","isPartOf":{"@id":"https:\/\/fleursenvracmtl.com\/en\/#website"},"primaryImageOfPage":{"@id":"https:\/\/fleursenvracmtl.com\/fr\/gerbera-big-pink-en-vrac\/#primaryimage"},"image":{"@id":"https:\/\/fleursenvracmtl.com\/fr\/gerbera-big-pink-en-vrac\/#primaryimage"},"thumbnailUrl":"https:\/\/fleursenvracmtl.com\/wp-content\/uploads\/2025\/08\/GE-RBIG-Big-Pink-Gerbera-Bunch-8-1.jpg","datePublished":"2025-08-16T17:57:59+00:00","dateModified":"2025-08-20T11:06:31+00:00","description":"Commandez le Gerbera Big Pink en vrac chez Le Bouquet Montr\u00e9al. Fleurs fra\u00eeches parfaites pour mariages, \u00e9v\u00e9nements et projets DIY. Commandez 2 semaines \u00e0 l\u2019avance.","breadcrumb":{"@id":"https:\/\/fleursenvracmtl.com\/fr\/gerbera-big-pink-en-vrac\/#breadcrumb"},"inLanguage":"fr-FR","potentialAction":[{"@type":"ReadAction","target":["https:\/\/fleursenvracmtl.com\/fr\/gerbera-big-pink-en-vrac\/"]}]},{"@type":"ImageObject","inLanguage":"fr-FR","@id":"https:\/\/fleursenvracmtl.com\/fr\/gerbera-big-pink-en-vrac\/#primaryimage","url":"https:\/\/fleursenvracmtl.com\/wp-content\/uploads\/2025\/08\/GE-RBIG-Big-Pink-Gerbera-Bunch-8-1.jpg","contentUrl":"https:\/\/fleursenvracmtl.com\/wp-content\/uploads\/2025\/08\/GE-RBIG-Big-Pink-Gerbera-Bunch-8-1.jpg","width":1200,"height":1200,"caption":"Gerbera Big Pink Bulk DIY Flowers"},{"@type":"BreadcrumbList","@id":"https:\/\/fleursenvracmtl.com\/fr\/gerbera-big-pink-en-vrac\/#breadcrumb","itemListElement":[{"@type":"ListItem","position":1,"name":"Home","item":"https:\/\/fleursenvracmtl.com\/fr\/"},{"@type":"ListItem","position":2,"name":"Shop","item":"https:\/\/fleursenvracmtl.com\/en\/shop\/"},{"@type":"ListItem","position":3,"name":"Gerbera Big Pink &#8211; en vrac"}]},{"@type":"WebSite","@id":"https:\/\/fleursenvracmtl.com\/en\/#website","url":"https:\/\/fleursenvracmtl.com\/en\/","name":"Fleurs en Vrac MTL","description":"Fleurs en Vrac Mtl - Bulk flower by Le Bouquet","alternateName":"Fleurs en Vrac MTL","potentialAction":[{"@type":"SearchAction","target":{"@type":"EntryPoint","urlTemplate":"https:\/\/fleursenvracmtl.com\/en\/?s={search_term_string}"},"query-input":{"@type":"PropertyValueSpecification","valueRequired":true,"valueName":"search_term_string"}}],"inLanguage":"fr-FR"}]},"product_price_amount":"0.00","product_price_currency":"CAD","og_availability":"instock","product_availability":"instock","product_condition":"new"},"_links":{"self":[{"href":"https:\/\/fleursenvracmtl.com\/fr\/wp-json\/wp\/v2\/product\/118880","targetHints":{"allow":["GET"]}}],"collection":[{"href":"https:\/\/fleursenvracmtl.com\/fr\/wp-json\/wp\/v2\/product"}],"about":[{"href":"https:\/\/fleursenvracmtl.com\/fr\/wp-json\/wp\/v2\/types\/product"}],"replies":[{"embeddable":true,"href":"https:\/\/fleursenvracmtl.com\/fr\/wp-json\/wp\/v2\/comments?post=118880"}],"wp:featuredmedia":[{"embeddable":true,"href":"https:\/\/fleursenvracmtl.com\/fr\/wp-json\/wp\/v2\/media\/118856"}],"wp:attachment":[{"href":"https:\/\/fleursenvracmtl.com\/fr\/wp-json\/wp\/v2\/media?parent=118880"}],"wp:term":[{"taxonomy":"recipe","embeddable":true,"href":"https:\/\/fleursenvracmtl.com\/fr\/wp-json\/wp\/v2\/recipe?post=118880"},{"taxonomy":"product_brand","embeddable":true,"href":"https:\/\/fleursenvracmtl.com\/fr\/wp-json\/wp\/v2\/product_brand?post=118880"},{"taxonomy":"product_cat","embeddable":true,"href":"https:\/\/fleursenvracmtl.com\/fr\/wp-json\/wp\/v2\/product_cat?post=118880"},{"taxonomy":"product_tag","embeddable":true,"href":"https:\/\/fleursenvracmtl.com\/fr\/wp-json\/wp\/v2\/product_tag?post=118880"}],"curies":[{"name":"wp","href":"https:\/\/api.w.org\/{rel}","templated":true}]}}