{"id":120042,"date":"2025-09-13T12:26:23","date_gmt":"2025-09-13T16:26:23","guid":{"rendered":"https:\/\/fleursenvracmtl.com\/lavender-dahlia-bulk-diy\/"},"modified":"2026-03-27T11:08:54","modified_gmt":"2026-03-27T15:08:54","slug":"dahlia-lavande-en-vrac","status":"publish","type":"product","link":"https:\/\/fleursenvracmtl.com\/fr\/dahlia-lavande-en-vrac\/","title":{"rendered":"Dahlia Lavande &#8211; en vrac"},"content":{"rendered":"<p><strong>Pour assurer la fra\u00eecheur et la disponibilit\u00e9, veuillez commander 2 semaines \u00e0 l\u2019avance.<\/strong><\/p>\n<p>Le dahlia lavande apporte une touche romantique et douce de lilas \u00e0 vos arrangements. Cultiv\u00e9es localement, ces fleurs \u00e0 p\u00e9tales g\u00e9n\u00e9reux offrent une texture luxueuse\u2014id\u00e9ales pour les mariages, les centres de table et les projets DIY. Associez-les \u00e0 la lisianthus blanche, \u00e0 l\u2019eucalyptus ou \u00e0 des roses blush pour une palette pastel moderne, ou contrastez avec des tons prune et bourgogne pour plus de profondeur. \u00c0 la r\u00e9ception, retaillez les tiges en biseau et mettez-les dans une eau fra\u00eeche.&nbsp;<\/p>\n","protected":false},"excerpt":{"rendered":"<p><strong>Conseils d\u2019entretien:<\/strong><\/p>\n<p>Retaillez les tiges en biseau \u00e0 la r\u00e9ception.<\/p>\n<p>Placez-les imm\u00e9diatement dans une eau fra\u00eeche.<\/p>\n<p>Changez l\u2019eau tous les 1 \u00e0 2 jours.<\/p>\n<p>Retaillez l\u00e9g\u00e8rement les tiges \u00e0 chaque changement d\u2019eau.<\/p>\n<p>Gardez-les \u00e0 l\u2019\u00e9cart du soleil direct, des courants d\u2019air et des fruits.<\/p>\n<p>Manipulez-les avec soin, les p\u00e9tales \u00e9tant d\u00e9licats.<\/p>\n","protected":false},"featured_media":120031,"comment_status":"open","ping_status":"closed","template":"","meta":{"_acf_changed":false},"recipe":[],"product_brand":[],"product_cat":[18341,18048,17169,18355,18049],"product_tag":[],"class_list":{"0":"post-120042","1":"product","2":"type-product","3":"status-publish","4":"has-post-thumbnail","6":"product_cat-fleurs-en-vrac-par-couleur","7":"product_cat-other-bulk-flowers","8":"product_cat-fleurs-en-vrac","9":"product_cat-fleurs-lavande-vrac","10":"product_cat-autres-fleurs-en-vrac","12":"first","13":"instock","14":"shipping-taxable","15":"purchasable","16":"product-type-simple","17":"out_of_season_fr"},"acf":[],"yoast_head":"<!-- This site is optimized with the Yoast SEO Premium plugin v25.2 (Yoast SEO v26.2) - https:\/\/yoast.com\/wordpress\/plugins\/seo\/ -->\n<title>Lavender Dahlia | Local Seasonal Flowers Montreal \u2013 Fleurs en Vrac MTL<\/title>\n<meta name=\"description\" content=\"Shop fresh local lavender dahlias in Montreal\u2014ideal for weddings, centerpieces &amp; DIY. Order 2 weeks in advance. Easy care: trim stems, change water often.\" \/>\n<meta name=\"robots\" content=\"index, follow, max-snippet:-1, max-image-preview:large, max-video-preview:-1\" \/>\n<link rel=\"canonical\" href=\"https:\/\/fleursenvracmtl.com\/fr\/dahlia-lavande-en-vrac\/\" \/>\n<meta property=\"og:locale\" content=\"fr_FR\" \/>\n<meta property=\"og:type\" content=\"article\" \/>\n<meta property=\"og:title\" content=\"Dahlia Lavande - en vrac\" \/>\n<meta property=\"og:description\" content=\"Shop fresh local lavender dahlias in Montreal\u2014ideal for weddings, centerpieces &amp; DIY. Order 2 weeks in advance. Easy care: trim stems, change water often.\" \/>\n<meta property=\"og:url\" content=\"https:\/\/fleursenvracmtl.com\/fr\/dahlia-lavande-en-vrac\/\" \/>\n<meta property=\"og:site_name\" content=\"Fleurs en Vrac Mtl\" \/>\n<meta property=\"article:publisher\" content=\"https:\/\/www.facebook.com\/LeBouquetMTL\/\" \/>\n<meta property=\"article:modified_time\" content=\"2026-03-27T15:08:54+00:00\" \/>\n<meta property=\"og:image\" content=\"https:\/\/fleursenvracmtl.com\/wp-content\/uploads\/2025\/09\/DAH-LA-Lavender-Dahlia-2.jpg\" \/>\n\t<meta property=\"og:image:width\" content=\"1200\" \/>\n\t<meta property=\"og:image:height\" content=\"1200\" \/>\n\t<meta property=\"og:image:type\" content=\"image\/jpeg\" \/>\n<meta name=\"twitter:card\" content=\"summary_large_image\" \/>\n<meta name=\"twitter:label1\" content=\"Prix\" \/>\n\t<meta name=\"twitter:data1\" content=\"&#036;0.00\" \/>\n\t<meta name=\"twitter:label2\" content=\"Disponibilit\u00e9\" \/>\n\t<meta name=\"twitter:data2\" content=\"En stock\" \/>\n<script type=\"application\/ld+json\" class=\"yoast-schema-graph\">{\"@context\":\"https:\/\/schema.org\",\"@graph\":[{\"@type\":\"WebPage\",\"@id\":\"https:\/\/fleursenvracmtl.com\/fr\/dahlia-lavande-en-vrac\/\",\"url\":\"https:\/\/fleursenvracmtl.com\/fr\/dahlia-lavande-en-vrac\/\",\"name\":\"Lavender Dahlia | Local Seasonal Flowers Montreal \u2013 Fleurs en Vrac MTL\",\"isPartOf\":{\"@id\":\"https:\/\/fleursenvracmtl.com\/en\/#website\"},\"primaryImageOfPage\":{\"@id\":\"https:\/\/fleursenvracmtl.com\/fr\/dahlia-lavande-en-vrac\/#primaryimage\"},\"image\":{\"@id\":\"https:\/\/fleursenvracmtl.com\/fr\/dahlia-lavande-en-vrac\/#primaryimage\"},\"thumbnailUrl\":\"https:\/\/fleursenvracmtl.com\/wp-content\/uploads\/2025\/09\/DAH-LA-Lavender-Dahlia-2.jpg\",\"datePublished\":\"2025-09-13T16:26:23+00:00\",\"dateModified\":\"2026-03-27T15:08:54+00:00\",\"description\":\"Shop fresh local lavender dahlias in Montreal\u2014ideal for weddings, centerpieces & DIY. Order 2 weeks in advance. Easy care: trim stems, change water often.\",\"breadcrumb\":{\"@id\":\"https:\/\/fleursenvracmtl.com\/fr\/dahlia-lavande-en-vrac\/#breadcrumb\"},\"inLanguage\":\"fr-FR\",\"potentialAction\":[{\"@type\":\"ReadAction\",\"target\":[\"https:\/\/fleursenvracmtl.com\/fr\/dahlia-lavande-en-vrac\/\"]}]},{\"@type\":\"ImageObject\",\"inLanguage\":\"fr-FR\",\"@id\":\"https:\/\/fleursenvracmtl.com\/fr\/dahlia-lavande-en-vrac\/#primaryimage\",\"url\":\"https:\/\/fleursenvracmtl.com\/wp-content\/uploads\/2025\/09\/DAH-LA-Lavender-Dahlia-2.jpg\",\"contentUrl\":\"https:\/\/fleursenvracmtl.com\/wp-content\/uploads\/2025\/09\/DAH-LA-Lavender-Dahlia-2.jpg\",\"width\":1200,\"height\":1200,\"caption\":\"Lavender Dahlia | Local Seasonal\"},{\"@type\":\"BreadcrumbList\",\"@id\":\"https:\/\/fleursenvracmtl.com\/fr\/dahlia-lavande-en-vrac\/#breadcrumb\",\"itemListElement\":[{\"@type\":\"ListItem\",\"position\":1,\"name\":\"Home\",\"item\":\"https:\/\/fleursenvracmtl.com\/fr\/\"},{\"@type\":\"ListItem\",\"position\":2,\"name\":\"Shop\",\"item\":\"https:\/\/fleursenvracmtl.com\/en\/shop\/\"},{\"@type\":\"ListItem\",\"position\":3,\"name\":\"Dahlia Lavande &#8211; en vrac\"}]},{\"@type\":\"WebSite\",\"@id\":\"https:\/\/fleursenvracmtl.com\/en\/#website\",\"url\":\"https:\/\/fleursenvracmtl.com\/en\/\",\"name\":\"Fleurs en Vrac MTL\",\"description\":\"Fleurs en Vrac Mtl - Bulk flower by Le Bouquet\",\"alternateName\":\"Fleurs en Vrac MTL\",\"potentialAction\":[{\"@type\":\"SearchAction\",\"target\":{\"@type\":\"EntryPoint\",\"urlTemplate\":\"https:\/\/fleursenvracmtl.com\/en\/?s={search_term_string}\"},\"query-input\":{\"@type\":\"PropertyValueSpecification\",\"valueRequired\":true,\"valueName\":\"search_term_string\"}}],\"inLanguage\":\"fr-FR\"}]}<\/script>\n<meta property=\"product:price:amount\" content=\"0.00\" \/>\n<meta property=\"product:price:currency\" content=\"CAD\" \/>\n<meta property=\"og:availability\" content=\"instock\" \/>\n<meta property=\"product:availability\" content=\"instock\" \/>\n<meta property=\"product:condition\" content=\"new\" \/>\n<!-- \/ Yoast SEO Premium plugin. -->","yoast_head_json":{"title":"Lavender Dahlia | Local Seasonal Flowers Montreal \u2013 Fleurs en Vrac MTL","description":"Shop fresh local lavender dahlias in Montreal\u2014ideal for weddings, centerpieces & DIY. Order 2 weeks in advance. Easy care: trim stems, change water often.","robots":{"index":"index","follow":"follow","max-snippet":"max-snippet:-1","max-image-preview":"max-image-preview:large","max-video-preview":"max-video-preview:-1"},"canonical":"https:\/\/fleursenvracmtl.com\/fr\/dahlia-lavande-en-vrac\/","og_locale":"fr_FR","og_type":"article","og_title":"Dahlia Lavande - en vrac","og_description":"Shop fresh local lavender dahlias in Montreal\u2014ideal for weddings, centerpieces & DIY. Order 2 weeks in advance. Easy care: trim stems, change water often.","og_url":"https:\/\/fleursenvracmtl.com\/fr\/dahlia-lavande-en-vrac\/","og_site_name":"Fleurs en Vrac Mtl","article_publisher":"https:\/\/www.facebook.com\/LeBouquetMTL\/","article_modified_time":"2026-03-27T15:08:54+00:00","og_image":[{"width":1200,"height":1200,"url":"https:\/\/fleursenvracmtl.com\/wp-content\/uploads\/2025\/09\/DAH-LA-Lavender-Dahlia-2.jpg","type":"image\/jpeg"}],"twitter_card":"summary_large_image","twitter_misc":{"Prix":"&#36;0.00","Disponibilit\u00e9":"En stock"},"schema":{"@context":"https:\/\/schema.org","@graph":[{"@type":"WebPage","@id":"https:\/\/fleursenvracmtl.com\/fr\/dahlia-lavande-en-vrac\/","url":"https:\/\/fleursenvracmtl.com\/fr\/dahlia-lavande-en-vrac\/","name":"Lavender Dahlia | Local Seasonal Flowers Montreal \u2013 Fleurs en Vrac MTL","isPartOf":{"@id":"https:\/\/fleursenvracmtl.com\/en\/#website"},"primaryImageOfPage":{"@id":"https:\/\/fleursenvracmtl.com\/fr\/dahlia-lavande-en-vrac\/#primaryimage"},"image":{"@id":"https:\/\/fleursenvracmtl.com\/fr\/dahlia-lavande-en-vrac\/#primaryimage"},"thumbnailUrl":"https:\/\/fleursenvracmtl.com\/wp-content\/uploads\/2025\/09\/DAH-LA-Lavender-Dahlia-2.jpg","datePublished":"2025-09-13T16:26:23+00:00","dateModified":"2026-03-27T15:08:54+00:00","description":"Shop fresh local lavender dahlias in Montreal\u2014ideal for weddings, centerpieces & DIY. Order 2 weeks in advance. Easy care: trim stems, change water often.","breadcrumb":{"@id":"https:\/\/fleursenvracmtl.com\/fr\/dahlia-lavande-en-vrac\/#breadcrumb"},"inLanguage":"fr-FR","potentialAction":[{"@type":"ReadAction","target":["https:\/\/fleursenvracmtl.com\/fr\/dahlia-lavande-en-vrac\/"]}]},{"@type":"ImageObject","inLanguage":"fr-FR","@id":"https:\/\/fleursenvracmtl.com\/fr\/dahlia-lavande-en-vrac\/#primaryimage","url":"https:\/\/fleursenvracmtl.com\/wp-content\/uploads\/2025\/09\/DAH-LA-Lavender-Dahlia-2.jpg","contentUrl":"https:\/\/fleursenvracmtl.com\/wp-content\/uploads\/2025\/09\/DAH-LA-Lavender-Dahlia-2.jpg","width":1200,"height":1200,"caption":"Lavender Dahlia | Local Seasonal"},{"@type":"BreadcrumbList","@id":"https:\/\/fleursenvracmtl.com\/fr\/dahlia-lavande-en-vrac\/#breadcrumb","itemListElement":[{"@type":"ListItem","position":1,"name":"Home","item":"https:\/\/fleursenvracmtl.com\/fr\/"},{"@type":"ListItem","position":2,"name":"Shop","item":"https:\/\/fleursenvracmtl.com\/en\/shop\/"},{"@type":"ListItem","position":3,"name":"Dahlia Lavande &#8211; en vrac"}]},{"@type":"WebSite","@id":"https:\/\/fleursenvracmtl.com\/en\/#website","url":"https:\/\/fleursenvracmtl.com\/en\/","name":"Fleurs en Vrac MTL","description":"Fleurs en Vrac Mtl - Bulk flower by Le Bouquet","alternateName":"Fleurs en Vrac MTL","potentialAction":[{"@type":"SearchAction","target":{"@type":"EntryPoint","urlTemplate":"https:\/\/fleursenvracmtl.com\/en\/?s={search_term_string}"},"query-input":{"@type":"PropertyValueSpecification","valueRequired":true,"valueName":"search_term_string"}}],"inLanguage":"fr-FR"}]},"product_price_amount":"0.00","product_price_currency":"CAD","og_availability":"instock","product_availability":"instock","product_condition":"new"},"_links":{"self":[{"href":"https:\/\/fleursenvracmtl.com\/fr\/wp-json\/wp\/v2\/product\/120042","targetHints":{"allow":["GET"]}}],"collection":[{"href":"https:\/\/fleursenvracmtl.com\/fr\/wp-json\/wp\/v2\/product"}],"about":[{"href":"https:\/\/fleursenvracmtl.com\/fr\/wp-json\/wp\/v2\/types\/product"}],"replies":[{"embeddable":true,"href":"https:\/\/fleursenvracmtl.com\/fr\/wp-json\/wp\/v2\/comments?post=120042"}],"wp:featuredmedia":[{"embeddable":true,"href":"https:\/\/fleursenvracmtl.com\/fr\/wp-json\/wp\/v2\/media\/120031"}],"wp:attachment":[{"href":"https:\/\/fleursenvracmtl.com\/fr\/wp-json\/wp\/v2\/media?parent=120042"}],"wp:term":[{"taxonomy":"recipe","embeddable":true,"href":"https:\/\/fleursenvracmtl.com\/fr\/wp-json\/wp\/v2\/recipe?post=120042"},{"taxonomy":"product_brand","embeddable":true,"href":"https:\/\/fleursenvracmtl.com\/fr\/wp-json\/wp\/v2\/product_brand?post=120042"},{"taxonomy":"product_cat","embeddable":true,"href":"https:\/\/fleursenvracmtl.com\/fr\/wp-json\/wp\/v2\/product_cat?post=120042"},{"taxonomy":"product_tag","embeddable":true,"href":"https:\/\/fleursenvracmtl.com\/fr\/wp-json\/wp\/v2\/product_tag?post=120042"}],"curies":[{"name":"wp","href":"https:\/\/api.w.org\/{rel}","templated":true}]}}