{"id":120068,"date":"2025-09-13T12:55:11","date_gmt":"2025-09-13T16:55:11","guid":{"rendered":"https:\/\/fleursenvracmtl.com\/white-dahlia-bulk-diy\/"},"modified":"2025-09-13T12:55:22","modified_gmt":"2025-09-13T16:55:22","slug":"dahlia-blanc-en-vrac","status":"publish","type":"product","link":"https:\/\/fleursenvracmtl.com\/fr\/dahlia-blanc-en-vrac\/","title":{"rendered":"Dahlia Blanc &#8211; en vrac"},"content":{"rendered":"<p><strong>Pour assurer la fra\u00eecheur et la disponibilit\u00e9, veuillez commander 2 semaines \u00e0 l\u2019avance.<\/strong><\/p>\n<p>Le dahlia blanc apporte une touche d\u2019\u00e9l\u00e9gance et de puret\u00e9 \u00e0 vos cr\u00e9ations florales. Avec leurs p\u00e9tales g\u00e9n\u00e9reux et leur teinte cr\u00e8me \u00e9clatante, ces fleurs locales sont id\u00e9ales pour les mariages, les c\u00e9l\u00e9brations, les centres de table et les projets DIY. Elles s\u2019harmonisent parfaitement avec des feuillages doux, des tons pastel ou des couleurs vives pour un contraste \u00e9l\u00e9gant.&nbsp;<\/p>\n","protected":false},"excerpt":{"rendered":"<p><strong>Conseils d\u2019entretien:<\/strong><\/p>\n<p>Retaillez les tiges en biseau \u00e0 la r\u00e9ception.<\/p>\n<p>Placez-les imm\u00e9diatement dans une eau fra\u00eeche.<\/p>\n<p>Changez l\u2019eau tous les 1 \u00e0 2 jours.<\/p>\n<p>Retaillez l\u00e9g\u00e8rement les tiges \u00e0 chaque changement d\u2019eau.<\/p>\n<p>Gardez-les \u00e0 l\u2019\u00e9cart du soleil direct, des courants d\u2019air et des fruits.<\/p>\n<p>Manipulez-les avec soin, les p\u00e9tales \u00e9tant d\u00e9licats.<\/p>\n","protected":false},"featured_media":120044,"comment_status":"open","ping_status":"closed","template":"","meta":{"_acf_changed":false},"recipe":[],"product_brand":[],"product_cat":[15],"product_tag":[],"class_list":{"0":"post-120068","1":"product","2":"type-product","3":"status-publish","4":"has-post-thumbnail","6":"product_cat-uncategorized","8":"first","9":"instock","10":"shipping-taxable","11":"purchasable","12":"product-type-simple"},"acf":[],"yoast_head":"<!-- This site is optimized with the Yoast SEO Premium plugin v25.2 (Yoast SEO v26.2) - https:\/\/yoast.com\/wordpress\/plugins\/seo\/ -->\n<title>Dahlia blanc | Fleurs locales \u00e0 Montr\u00e9al \u2013 Fleurs en Vrac MTL<\/title>\n<meta name=\"description\" content=\"Achetez des dahlias blancs locaux \u00e0 Montr\u00e9al\u2014parfaits pour mariages, \u00e9v\u00e9nements et DIY. Commandez 2 semaines \u00e0 l\u2019avance. Entretien simple : retailler et changer l\u2019eau souvent.\" \/>\n<meta name=\"robots\" content=\"index, follow, max-snippet:-1, max-image-preview:large, max-video-preview:-1\" \/>\n<link rel=\"canonical\" href=\"https:\/\/fleursenvracmtl.com\/fr\/dahlia-blanc-en-vrac\/\" \/>\n<meta property=\"og:locale\" content=\"fr_FR\" \/>\n<meta property=\"og:type\" content=\"article\" \/>\n<meta property=\"og:title\" content=\"Dahlia Blanc - en vrac\" \/>\n<meta property=\"og:description\" content=\"Achetez des dahlias blancs locaux \u00e0 Montr\u00e9al\u2014parfaits pour mariages, \u00e9v\u00e9nements et DIY. Commandez 2 semaines \u00e0 l\u2019avance. Entretien simple : retailler et changer l\u2019eau souvent.\" \/>\n<meta property=\"og:url\" content=\"https:\/\/fleursenvracmtl.com\/fr\/dahlia-blanc-en-vrac\/\" \/>\n<meta property=\"og:site_name\" content=\"Fleurs en Vrac Mtl\" \/>\n<meta property=\"article:publisher\" content=\"https:\/\/www.facebook.com\/LeBouquetMTL\/\" \/>\n<meta property=\"article:modified_time\" content=\"2025-09-13T16:55:22+00:00\" \/>\n<meta property=\"og:image\" content=\"https:\/\/fleursenvracmtl.com\/wp-content\/uploads\/2025\/09\/DAH-WH-White-Dahlia-2.jpg\" \/>\n\t<meta property=\"og:image:width\" content=\"1200\" \/>\n\t<meta property=\"og:image:height\" content=\"1200\" \/>\n\t<meta property=\"og:image:type\" content=\"image\/jpeg\" \/>\n<meta name=\"twitter:card\" content=\"summary_large_image\" \/>\n<meta name=\"twitter:label1\" content=\"Prix\" \/>\n\t<meta name=\"twitter:data1\" content=\"&#036;0.00\" \/>\n\t<meta name=\"twitter:label2\" content=\"Disponibilit\u00e9\" \/>\n\t<meta name=\"twitter:data2\" content=\"En stock\" \/>\n<script type=\"application\/ld+json\" class=\"yoast-schema-graph\">{\"@context\":\"https:\/\/schema.org\",\"@graph\":[{\"@type\":\"WebPage\",\"@id\":\"https:\/\/fleursenvracmtl.com\/fr\/dahlia-blanc-en-vrac\/\",\"url\":\"https:\/\/fleursenvracmtl.com\/fr\/dahlia-blanc-en-vrac\/\",\"name\":\"Dahlia blanc | Fleurs locales \u00e0 Montr\u00e9al \u2013 Fleurs en Vrac MTL\",\"isPartOf\":{\"@id\":\"https:\/\/fleursenvracmtl.com\/en\/#website\"},\"primaryImageOfPage\":{\"@id\":\"https:\/\/fleursenvracmtl.com\/fr\/dahlia-blanc-en-vrac\/#primaryimage\"},\"image\":{\"@id\":\"https:\/\/fleursenvracmtl.com\/fr\/dahlia-blanc-en-vrac\/#primaryimage\"},\"thumbnailUrl\":\"https:\/\/fleursenvracmtl.com\/wp-content\/uploads\/2025\/09\/DAH-WH-White-Dahlia-2.jpg\",\"datePublished\":\"2025-09-13T16:55:11+00:00\",\"dateModified\":\"2025-09-13T16:55:22+00:00\",\"description\":\"Achetez des dahlias blancs locaux \u00e0 Montr\u00e9al\u2014parfaits pour mariages, \u00e9v\u00e9nements et DIY. Commandez 2 semaines \u00e0 l\u2019avance. Entretien simple : retailler et changer l\u2019eau souvent.\",\"breadcrumb\":{\"@id\":\"https:\/\/fleursenvracmtl.com\/fr\/dahlia-blanc-en-vrac\/#breadcrumb\"},\"inLanguage\":\"fr-FR\",\"potentialAction\":[{\"@type\":\"ReadAction\",\"target\":[\"https:\/\/fleursenvracmtl.com\/fr\/dahlia-blanc-en-vrac\/\"]}]},{\"@type\":\"ImageObject\",\"inLanguage\":\"fr-FR\",\"@id\":\"https:\/\/fleursenvracmtl.com\/fr\/dahlia-blanc-en-vrac\/#primaryimage\",\"url\":\"https:\/\/fleursenvracmtl.com\/wp-content\/uploads\/2025\/09\/DAH-WH-White-Dahlia-2.jpg\",\"contentUrl\":\"https:\/\/fleursenvracmtl.com\/wp-content\/uploads\/2025\/09\/DAH-WH-White-Dahlia-2.jpg\",\"width\":1200,\"height\":1200,\"caption\":\"White Dahlia | Local Seasonal Flowers Montreal\"},{\"@type\":\"BreadcrumbList\",\"@id\":\"https:\/\/fleursenvracmtl.com\/fr\/dahlia-blanc-en-vrac\/#breadcrumb\",\"itemListElement\":[{\"@type\":\"ListItem\",\"position\":1,\"name\":\"Home\",\"item\":\"https:\/\/fleursenvracmtl.com\/fr\/\"},{\"@type\":\"ListItem\",\"position\":2,\"name\":\"Shop\",\"item\":\"https:\/\/fleursenvracmtl.com\/en\/shop\/\"},{\"@type\":\"ListItem\",\"position\":3,\"name\":\"Dahlia Blanc &#8211; en vrac\"}]},{\"@type\":\"WebSite\",\"@id\":\"https:\/\/fleursenvracmtl.com\/en\/#website\",\"url\":\"https:\/\/fleursenvracmtl.com\/en\/\",\"name\":\"Fleurs en Vrac MTL\",\"description\":\"Fleurs en Vrac Mtl - Bulk flower by Le Bouquet\",\"alternateName\":\"Fleurs en Vrac MTL\",\"potentialAction\":[{\"@type\":\"SearchAction\",\"target\":{\"@type\":\"EntryPoint\",\"urlTemplate\":\"https:\/\/fleursenvracmtl.com\/en\/?s={search_term_string}\"},\"query-input\":{\"@type\":\"PropertyValueSpecification\",\"valueRequired\":true,\"valueName\":\"search_term_string\"}}],\"inLanguage\":\"fr-FR\"}]}<\/script>\n<meta property=\"product:price:amount\" content=\"0.00\" \/>\n<meta property=\"product:price:currency\" content=\"CAD\" \/>\n<meta property=\"og:availability\" content=\"instock\" \/>\n<meta property=\"product:availability\" content=\"instock\" \/>\n<meta property=\"product:condition\" content=\"new\" \/>\n<!-- \/ Yoast SEO Premium plugin. -->","yoast_head_json":{"title":"Dahlia blanc | Fleurs locales \u00e0 Montr\u00e9al \u2013 Fleurs en Vrac MTL","description":"Achetez des dahlias blancs locaux \u00e0 Montr\u00e9al\u2014parfaits pour mariages, \u00e9v\u00e9nements et DIY. Commandez 2 semaines \u00e0 l\u2019avance. Entretien simple : retailler et changer l\u2019eau souvent.","robots":{"index":"index","follow":"follow","max-snippet":"max-snippet:-1","max-image-preview":"max-image-preview:large","max-video-preview":"max-video-preview:-1"},"canonical":"https:\/\/fleursenvracmtl.com\/fr\/dahlia-blanc-en-vrac\/","og_locale":"fr_FR","og_type":"article","og_title":"Dahlia Blanc - en vrac","og_description":"Achetez des dahlias blancs locaux \u00e0 Montr\u00e9al\u2014parfaits pour mariages, \u00e9v\u00e9nements et DIY. Commandez 2 semaines \u00e0 l\u2019avance. Entretien simple : retailler et changer l\u2019eau souvent.","og_url":"https:\/\/fleursenvracmtl.com\/fr\/dahlia-blanc-en-vrac\/","og_site_name":"Fleurs en Vrac Mtl","article_publisher":"https:\/\/www.facebook.com\/LeBouquetMTL\/","article_modified_time":"2025-09-13T16:55:22+00:00","og_image":[{"width":1200,"height":1200,"url":"https:\/\/fleursenvracmtl.com\/wp-content\/uploads\/2025\/09\/DAH-WH-White-Dahlia-2.jpg","type":"image\/jpeg"}],"twitter_card":"summary_large_image","twitter_misc":{"Prix":"&#36;0.00","Disponibilit\u00e9":"En stock"},"schema":{"@context":"https:\/\/schema.org","@graph":[{"@type":"WebPage","@id":"https:\/\/fleursenvracmtl.com\/fr\/dahlia-blanc-en-vrac\/","url":"https:\/\/fleursenvracmtl.com\/fr\/dahlia-blanc-en-vrac\/","name":"Dahlia blanc | Fleurs locales \u00e0 Montr\u00e9al \u2013 Fleurs en Vrac MTL","isPartOf":{"@id":"https:\/\/fleursenvracmtl.com\/en\/#website"},"primaryImageOfPage":{"@id":"https:\/\/fleursenvracmtl.com\/fr\/dahlia-blanc-en-vrac\/#primaryimage"},"image":{"@id":"https:\/\/fleursenvracmtl.com\/fr\/dahlia-blanc-en-vrac\/#primaryimage"},"thumbnailUrl":"https:\/\/fleursenvracmtl.com\/wp-content\/uploads\/2025\/09\/DAH-WH-White-Dahlia-2.jpg","datePublished":"2025-09-13T16:55:11+00:00","dateModified":"2025-09-13T16:55:22+00:00","description":"Achetez des dahlias blancs locaux \u00e0 Montr\u00e9al\u2014parfaits pour mariages, \u00e9v\u00e9nements et DIY. Commandez 2 semaines \u00e0 l\u2019avance. Entretien simple : retailler et changer l\u2019eau souvent.","breadcrumb":{"@id":"https:\/\/fleursenvracmtl.com\/fr\/dahlia-blanc-en-vrac\/#breadcrumb"},"inLanguage":"fr-FR","potentialAction":[{"@type":"ReadAction","target":["https:\/\/fleursenvracmtl.com\/fr\/dahlia-blanc-en-vrac\/"]}]},{"@type":"ImageObject","inLanguage":"fr-FR","@id":"https:\/\/fleursenvracmtl.com\/fr\/dahlia-blanc-en-vrac\/#primaryimage","url":"https:\/\/fleursenvracmtl.com\/wp-content\/uploads\/2025\/09\/DAH-WH-White-Dahlia-2.jpg","contentUrl":"https:\/\/fleursenvracmtl.com\/wp-content\/uploads\/2025\/09\/DAH-WH-White-Dahlia-2.jpg","width":1200,"height":1200,"caption":"White Dahlia | Local Seasonal Flowers Montreal"},{"@type":"BreadcrumbList","@id":"https:\/\/fleursenvracmtl.com\/fr\/dahlia-blanc-en-vrac\/#breadcrumb","itemListElement":[{"@type":"ListItem","position":1,"name":"Home","item":"https:\/\/fleursenvracmtl.com\/fr\/"},{"@type":"ListItem","position":2,"name":"Shop","item":"https:\/\/fleursenvracmtl.com\/en\/shop\/"},{"@type":"ListItem","position":3,"name":"Dahlia Blanc &#8211; en vrac"}]},{"@type":"WebSite","@id":"https:\/\/fleursenvracmtl.com\/en\/#website","url":"https:\/\/fleursenvracmtl.com\/en\/","name":"Fleurs en Vrac MTL","description":"Fleurs en Vrac Mtl - Bulk flower by Le Bouquet","alternateName":"Fleurs en Vrac MTL","potentialAction":[{"@type":"SearchAction","target":{"@type":"EntryPoint","urlTemplate":"https:\/\/fleursenvracmtl.com\/en\/?s={search_term_string}"},"query-input":{"@type":"PropertyValueSpecification","valueRequired":true,"valueName":"search_term_string"}}],"inLanguage":"fr-FR"}]},"product_price_amount":"0.00","product_price_currency":"CAD","og_availability":"instock","product_availability":"instock","product_condition":"new"},"_links":{"self":[{"href":"https:\/\/fleursenvracmtl.com\/fr\/wp-json\/wp\/v2\/product\/120068","targetHints":{"allow":["GET"]}}],"collection":[{"href":"https:\/\/fleursenvracmtl.com\/fr\/wp-json\/wp\/v2\/product"}],"about":[{"href":"https:\/\/fleursenvracmtl.com\/fr\/wp-json\/wp\/v2\/types\/product"}],"replies":[{"embeddable":true,"href":"https:\/\/fleursenvracmtl.com\/fr\/wp-json\/wp\/v2\/comments?post=120068"}],"wp:featuredmedia":[{"embeddable":true,"href":"https:\/\/fleursenvracmtl.com\/fr\/wp-json\/wp\/v2\/media\/120044"}],"wp:attachment":[{"href":"https:\/\/fleursenvracmtl.com\/fr\/wp-json\/wp\/v2\/media?parent=120068"}],"wp:term":[{"taxonomy":"recipe","embeddable":true,"href":"https:\/\/fleursenvracmtl.com\/fr\/wp-json\/wp\/v2\/recipe?post=120068"},{"taxonomy":"product_brand","embeddable":true,"href":"https:\/\/fleursenvracmtl.com\/fr\/wp-json\/wp\/v2\/product_brand?post=120068"},{"taxonomy":"product_cat","embeddable":true,"href":"https:\/\/fleursenvracmtl.com\/fr\/wp-json\/wp\/v2\/product_cat?post=120068"},{"taxonomy":"product_tag","embeddable":true,"href":"https:\/\/fleursenvracmtl.com\/fr\/wp-json\/wp\/v2\/product_tag?post=120068"}],"curies":[{"name":"wp","href":"https:\/\/api.w.org\/{rel}","templated":true}]}}