{"id":49602,"date":"2024-01-19T04:24:38","date_gmt":"2024-01-19T09:24:38","guid":{"rendered":"https:\/\/lebouquetnew.brstdev.com\/abundance-wall-spray\/"},"modified":"2024-07-03T07:29:06","modified_gmt":"2024-07-03T11:29:06","slug":"abundance-wall-spray","status":"publish","type":"product","link":"https:\/\/fleursenvracmtl.com\/fr\/abundance-wall-spray\/","title":{"rendered":"Abondance du paradis"},"content":{"rendered":"<p>Cette gerbe murale est compos\u00e9e d&rsquo;une profusion de fleurs incluant des oiseaux-du-paradis, des roses, des orchid\u00e9es et plusieurs autres. Bref, un magnifique hommage \u00e0 une personne partie tr\u00f4t t\u00f4t.&nbsp;Environ 48&Prime;H&nbsp;x 24&Prime;L.<\/p>\n","protected":false},"excerpt":{"rendered":"<p>Cette gerbe murale est compos\u00e9e d&rsquo;une profusion de fleurs incluant des oiseaux-du-paradis, des roses, des orchid\u00e9es et plusieurs autres. Bref, un magnifique hommage \u00e0 une personne partie tr\u00f4t t\u00f4t.&nbsp;Environ 48&Prime;H&nbsp;x 24&Prime;L.<\/p>\n","protected":false},"featured_media":0,"comment_status":"open","ping_status":"closed","template":"","meta":{"_acf_changed":false},"recipe":[],"product_brand":[],"product_cat":[15],"product_tag":[],"class_list":{"0":"post-49602","1":"product","2":"type-product","3":"status-publish","5":"product_cat-uncategorized","7":"first","8":"instock","9":"shipping-taxable","10":"purchasable","11":"product-type-simple"},"acf":[],"yoast_head":"<!-- This site is optimized with the Yoast SEO Premium plugin v25.2 (Yoast SEO v26.2) - https:\/\/yoast.com\/wordpress\/plugins\/seo\/ -->\n<title>Abundance Wall Spray<\/title>\n<meta name=\"description\" content=\"Wall spray filled with an abundance of flowers including Birds of Paradise, roses, Orchids and more. A fitting tribute. approximately 48&quot;h x 24&quot;w\" \/>\n<meta name=\"robots\" content=\"index, follow, max-snippet:-1, max-image-preview:large, max-video-preview:-1\" \/>\n<link rel=\"canonical\" href=\"https:\/\/fleursenvracmtl.com\/fr\/abundance-wall-spray\/\" \/>\n<meta property=\"og:locale\" content=\"fr_FR\" \/>\n<meta property=\"og:type\" content=\"article\" \/>\n<meta property=\"og:title\" content=\"Abondance du paradis\" \/>\n<meta property=\"og:description\" content=\"Wall spray filled with an abundance of flowers including Birds of Paradise, roses, Orchids and more. A fitting tribute. approximately 48&quot;h x 24&quot;w\" \/>\n<meta property=\"og:url\" content=\"https:\/\/fleursenvracmtl.com\/fr\/abundance-wall-spray\/\" \/>\n<meta property=\"og:site_name\" content=\"Fleurs en Vrac Mtl\" \/>\n<meta property=\"article:publisher\" content=\"https:\/\/www.facebook.com\/LeBouquetMTL\/\" \/>\n<meta property=\"article:modified_time\" content=\"2024-07-03T11:29:06+00:00\" \/>\n<meta name=\"twitter:card\" content=\"summary_large_image\" \/>\n<meta name=\"twitter:label1\" content=\"Prix\" \/>\n\t<meta name=\"twitter:data1\" content=\"&#036;0.00\" \/>\n\t<meta name=\"twitter:label2\" content=\"Disponibilit\u00e9\" \/>\n\t<meta name=\"twitter:data2\" content=\"En stock\" \/>\n<script type=\"application\/ld+json\" class=\"yoast-schema-graph\">{\"@context\":\"https:\/\/schema.org\",\"@graph\":[{\"@type\":\"WebPage\",\"@id\":\"https:\/\/fleursenvracmtl.com\/fr\/abundance-wall-spray\/\",\"url\":\"https:\/\/fleursenvracmtl.com\/fr\/abundance-wall-spray\/\",\"name\":\"Abundance Wall Spray\",\"isPartOf\":{\"@id\":\"https:\/\/fleursenvracmtl.com\/en\/#website\"},\"datePublished\":\"2024-01-19T09:24:38+00:00\",\"dateModified\":\"2024-07-03T11:29:06+00:00\",\"description\":\"Wall spray filled with an abundance of flowers including Birds of Paradise, roses, Orchids and more. A fitting tribute. approximately 48\\\"h x 24\\\"w\",\"breadcrumb\":{\"@id\":\"https:\/\/fleursenvracmtl.com\/fr\/abundance-wall-spray\/#breadcrumb\"},\"inLanguage\":\"fr-FR\",\"potentialAction\":[{\"@type\":\"ReadAction\",\"target\":[\"https:\/\/fleursenvracmtl.com\/fr\/abundance-wall-spray\/\"]}]},{\"@type\":\"BreadcrumbList\",\"@id\":\"https:\/\/fleursenvracmtl.com\/fr\/abundance-wall-spray\/#breadcrumb\",\"itemListElement\":[{\"@type\":\"ListItem\",\"position\":1,\"name\":\"Home\",\"item\":\"https:\/\/fleursenvracmtl.com\/fr\/\"},{\"@type\":\"ListItem\",\"position\":2,\"name\":\"Shop\",\"item\":\"https:\/\/fleursenvracmtl.com\/en\/shop\/\"},{\"@type\":\"ListItem\",\"position\":3,\"name\":\"Abondance du paradis\"}]},{\"@type\":\"WebSite\",\"@id\":\"https:\/\/fleursenvracmtl.com\/en\/#website\",\"url\":\"https:\/\/fleursenvracmtl.com\/en\/\",\"name\":\"Fleurs en Vrac MTL\",\"description\":\"Fleurs en Vrac Mtl - Bulk flower by Le Bouquet\",\"alternateName\":\"Fleurs en Vrac MTL\",\"potentialAction\":[{\"@type\":\"SearchAction\",\"target\":{\"@type\":\"EntryPoint\",\"urlTemplate\":\"https:\/\/fleursenvracmtl.com\/en\/?s={search_term_string}\"},\"query-input\":{\"@type\":\"PropertyValueSpecification\",\"valueRequired\":true,\"valueName\":\"search_term_string\"}}],\"inLanguage\":\"fr-FR\"}]}<\/script>\n<meta property=\"product:price:amount\" content=\"0.00\" \/>\n<meta property=\"product:price:currency\" content=\"CAD\" \/>\n<meta property=\"og:availability\" content=\"instock\" \/>\n<meta property=\"product:availability\" content=\"instock\" \/>\n<meta property=\"product:condition\" content=\"new\" \/>\n<!-- \/ Yoast SEO Premium plugin. -->","yoast_head_json":{"title":"Abundance Wall Spray","description":"Wall spray filled with an abundance of flowers including Birds of Paradise, roses, Orchids and more. A fitting tribute. approximately 48\"h x 24\"w","robots":{"index":"index","follow":"follow","max-snippet":"max-snippet:-1","max-image-preview":"max-image-preview:large","max-video-preview":"max-video-preview:-1"},"canonical":"https:\/\/fleursenvracmtl.com\/fr\/abundance-wall-spray\/","og_locale":"fr_FR","og_type":"article","og_title":"Abondance du paradis","og_description":"Wall spray filled with an abundance of flowers including Birds of Paradise, roses, Orchids and more. A fitting tribute. approximately 48\"h x 24\"w","og_url":"https:\/\/fleursenvracmtl.com\/fr\/abundance-wall-spray\/","og_site_name":"Fleurs en Vrac Mtl","article_publisher":"https:\/\/www.facebook.com\/LeBouquetMTL\/","article_modified_time":"2024-07-03T11:29:06+00:00","twitter_card":"summary_large_image","twitter_misc":{"Prix":"&#36;0.00","Disponibilit\u00e9":"En stock"},"schema":{"@context":"https:\/\/schema.org","@graph":[{"@type":"WebPage","@id":"https:\/\/fleursenvracmtl.com\/fr\/abundance-wall-spray\/","url":"https:\/\/fleursenvracmtl.com\/fr\/abundance-wall-spray\/","name":"Abundance Wall Spray","isPartOf":{"@id":"https:\/\/fleursenvracmtl.com\/en\/#website"},"datePublished":"2024-01-19T09:24:38+00:00","dateModified":"2024-07-03T11:29:06+00:00","description":"Wall spray filled with an abundance of flowers including Birds of Paradise, roses, Orchids and more. A fitting tribute. approximately 48\"h x 24\"w","breadcrumb":{"@id":"https:\/\/fleursenvracmtl.com\/fr\/abundance-wall-spray\/#breadcrumb"},"inLanguage":"fr-FR","potentialAction":[{"@type":"ReadAction","target":["https:\/\/fleursenvracmtl.com\/fr\/abundance-wall-spray\/"]}]},{"@type":"BreadcrumbList","@id":"https:\/\/fleursenvracmtl.com\/fr\/abundance-wall-spray\/#breadcrumb","itemListElement":[{"@type":"ListItem","position":1,"name":"Home","item":"https:\/\/fleursenvracmtl.com\/fr\/"},{"@type":"ListItem","position":2,"name":"Shop","item":"https:\/\/fleursenvracmtl.com\/en\/shop\/"},{"@type":"ListItem","position":3,"name":"Abondance du paradis"}]},{"@type":"WebSite","@id":"https:\/\/fleursenvracmtl.com\/en\/#website","url":"https:\/\/fleursenvracmtl.com\/en\/","name":"Fleurs en Vrac MTL","description":"Fleurs en Vrac Mtl - Bulk flower by Le Bouquet","alternateName":"Fleurs en Vrac MTL","potentialAction":[{"@type":"SearchAction","target":{"@type":"EntryPoint","urlTemplate":"https:\/\/fleursenvracmtl.com\/en\/?s={search_term_string}"},"query-input":{"@type":"PropertyValueSpecification","valueRequired":true,"valueName":"search_term_string"}}],"inLanguage":"fr-FR"}]},"product_price_amount":"0.00","product_price_currency":"CAD","og_availability":"instock","product_availability":"instock","product_condition":"new"},"_links":{"self":[{"href":"https:\/\/fleursenvracmtl.com\/fr\/wp-json\/wp\/v2\/product\/49602","targetHints":{"allow":["GET"]}}],"collection":[{"href":"https:\/\/fleursenvracmtl.com\/fr\/wp-json\/wp\/v2\/product"}],"about":[{"href":"https:\/\/fleursenvracmtl.com\/fr\/wp-json\/wp\/v2\/types\/product"}],"replies":[{"embeddable":true,"href":"https:\/\/fleursenvracmtl.com\/fr\/wp-json\/wp\/v2\/comments?post=49602"}],"wp:attachment":[{"href":"https:\/\/fleursenvracmtl.com\/fr\/wp-json\/wp\/v2\/media?parent=49602"}],"wp:term":[{"taxonomy":"recipe","embeddable":true,"href":"https:\/\/fleursenvracmtl.com\/fr\/wp-json\/wp\/v2\/recipe?post=49602"},{"taxonomy":"product_brand","embeddable":true,"href":"https:\/\/fleursenvracmtl.com\/fr\/wp-json\/wp\/v2\/product_brand?post=49602"},{"taxonomy":"product_cat","embeddable":true,"href":"https:\/\/fleursenvracmtl.com\/fr\/wp-json\/wp\/v2\/product_cat?post=49602"},{"taxonomy":"product_tag","embeddable":true,"href":"https:\/\/fleursenvracmtl.com\/fr\/wp-json\/wp\/v2\/product_tag?post=49602"}],"curies":[{"name":"wp","href":"https:\/\/api.w.org\/{rel}","templated":true}]}}