{"id":56362,"date":"2024-01-19T08:16:48","date_gmt":"2024-01-19T13:16:48","guid":{"rendered":"https:\/\/lebouquetnew.brstdev.com\/single-immortal-illusion\/"},"modified":"2024-06-19T06:28:42","modified_gmt":"2024-06-19T10:28:42","slug":"single-immortal-illusion","status":"publish","type":"product","link":"https:\/\/fleursenvracmtl.com\/fr\/single-immortal-illusion\/","title":{"rendered":"Illusions Immortelles Solo"},"content":{"rendered":"<p>Une seule rose immortelle g\u00e9ante \u00e9xpos\u00e9e dans un r\u00e9cipient en acrylique transparent.<\/p>\n","protected":false},"excerpt":{"rendered":"<p>Une seule rose immortelle g\u00e9ante \u00e9xpos\u00e9e dans un r\u00e9cipient en acrylique transparent.<\/p>\n","protected":false},"featured_media":0,"comment_status":"open","ping_status":"closed","template":"","meta":{"_acf_changed":false},"recipe":[],"product_brand":[],"product_cat":[15],"product_tag":[],"class_list":{"0":"post-56362","1":"product","2":"type-product","3":"status-publish","5":"product_cat-uncategorized","7":"first","8":"instock","9":"shipping-taxable","10":"purchasable","11":"product-type-simple"},"acf":[],"yoast_head":"<!-- This site is optimized with the Yoast SEO Premium plugin v25.2 (Yoast SEO v26.2) - https:\/\/yoast.com\/wordpress\/plugins\/seo\/ -->\n<title>Single Immortal Illusion<\/title>\n<meta name=\"description\" content=\"A new version of our Immortal Rose Collection, this extra large eternal rose is about 4&#039;&#039; in diameter! That&#039;s definitely no ordinary rose...And remember: Immortal Roses are real roses that have been specially preserved to last a lifetime. No water needed!\" \/>\n<meta name=\"robots\" content=\"index, follow, max-snippet:-1, max-image-preview:large, max-video-preview:-1\" \/>\n<link rel=\"canonical\" href=\"https:\/\/fleursenvracmtl.com\/fr\/single-immortal-illusion\/\" \/>\n<meta property=\"og:locale\" content=\"fr_FR\" \/>\n<meta property=\"og:type\" content=\"article\" \/>\n<meta property=\"og:title\" content=\"Illusions Immortelles Solo\" \/>\n<meta property=\"og:description\" content=\"A new version of our Immortal Rose Collection, this extra large eternal rose is about 4&#039;&#039; in diameter! That&#039;s definitely no ordinary rose...And remember: Immortal Roses are real roses that have been specially preserved to last a lifetime. No water needed!\" \/>\n<meta property=\"og:url\" content=\"https:\/\/fleursenvracmtl.com\/fr\/single-immortal-illusion\/\" \/>\n<meta property=\"og:site_name\" content=\"Fleurs en Vrac Mtl\" \/>\n<meta property=\"article:publisher\" content=\"https:\/\/www.facebook.com\/LeBouquetMTL\/\" \/>\n<meta property=\"article:modified_time\" content=\"2024-06-19T10:28:42+00:00\" \/>\n<meta name=\"twitter:card\" content=\"summary_large_image\" \/>\n<meta name=\"twitter:label1\" content=\"Prix\" \/>\n\t<meta name=\"twitter:data1\" content=\"&#036;0.00\" \/>\n\t<meta name=\"twitter:label2\" content=\"Disponibilit\u00e9\" \/>\n\t<meta name=\"twitter:data2\" content=\"En stock\" \/>\n<script type=\"application\/ld+json\" class=\"yoast-schema-graph\">{\"@context\":\"https:\/\/schema.org\",\"@graph\":[{\"@type\":\"WebPage\",\"@id\":\"https:\/\/fleursenvracmtl.com\/fr\/single-immortal-illusion\/\",\"url\":\"https:\/\/fleursenvracmtl.com\/fr\/single-immortal-illusion\/\",\"name\":\"Single Immortal Illusion\",\"isPartOf\":{\"@id\":\"https:\/\/fleursenvracmtl.com\/en\/#website\"},\"datePublished\":\"2024-01-19T13:16:48+00:00\",\"dateModified\":\"2024-06-19T10:28:42+00:00\",\"description\":\"A new version of our Immortal Rose Collection, this extra large eternal rose is about 4'' in diameter! That's definitely no ordinary rose...And remember: Immortal Roses are real roses that have been specially preserved to last a lifetime. No water needed!\",\"breadcrumb\":{\"@id\":\"https:\/\/fleursenvracmtl.com\/fr\/single-immortal-illusion\/#breadcrumb\"},\"inLanguage\":\"fr-FR\",\"potentialAction\":[{\"@type\":\"ReadAction\",\"target\":[\"https:\/\/fleursenvracmtl.com\/fr\/single-immortal-illusion\/\"]}]},{\"@type\":\"BreadcrumbList\",\"@id\":\"https:\/\/fleursenvracmtl.com\/fr\/single-immortal-illusion\/#breadcrumb\",\"itemListElement\":[{\"@type\":\"ListItem\",\"position\":1,\"name\":\"Home\",\"item\":\"https:\/\/fleursenvracmtl.com\/fr\/\"},{\"@type\":\"ListItem\",\"position\":2,\"name\":\"Shop\",\"item\":\"https:\/\/fleursenvracmtl.com\/en\/shop\/\"},{\"@type\":\"ListItem\",\"position\":3,\"name\":\"Illusions Immortelles Solo\"}]},{\"@type\":\"WebSite\",\"@id\":\"https:\/\/fleursenvracmtl.com\/en\/#website\",\"url\":\"https:\/\/fleursenvracmtl.com\/en\/\",\"name\":\"Fleurs en Vrac MTL\",\"description\":\"Fleurs en Vrac Mtl - Bulk flower by Le Bouquet\",\"alternateName\":\"Fleurs en Vrac MTL\",\"potentialAction\":[{\"@type\":\"SearchAction\",\"target\":{\"@type\":\"EntryPoint\",\"urlTemplate\":\"https:\/\/fleursenvracmtl.com\/en\/?s={search_term_string}\"},\"query-input\":{\"@type\":\"PropertyValueSpecification\",\"valueRequired\":true,\"valueName\":\"search_term_string\"}}],\"inLanguage\":\"fr-FR\"}]}<\/script>\n<meta property=\"product:price:amount\" content=\"0.00\" \/>\n<meta property=\"product:price:currency\" content=\"CAD\" \/>\n<meta property=\"og:availability\" content=\"instock\" \/>\n<meta property=\"product:availability\" content=\"instock\" \/>\n<meta property=\"product:condition\" content=\"new\" \/>\n<!-- \/ Yoast SEO Premium plugin. -->","yoast_head_json":{"title":"Single Immortal Illusion","description":"A new version of our Immortal Rose Collection, this extra large eternal rose is about 4'' in diameter! That's definitely no ordinary rose...And remember: Immortal Roses are real roses that have been specially preserved to last a lifetime. No water needed!","robots":{"index":"index","follow":"follow","max-snippet":"max-snippet:-1","max-image-preview":"max-image-preview:large","max-video-preview":"max-video-preview:-1"},"canonical":"https:\/\/fleursenvracmtl.com\/fr\/single-immortal-illusion\/","og_locale":"fr_FR","og_type":"article","og_title":"Illusions Immortelles Solo","og_description":"A new version of our Immortal Rose Collection, this extra large eternal rose is about 4'' in diameter! That's definitely no ordinary rose...And remember: Immortal Roses are real roses that have been specially preserved to last a lifetime. No water needed!","og_url":"https:\/\/fleursenvracmtl.com\/fr\/single-immortal-illusion\/","og_site_name":"Fleurs en Vrac Mtl","article_publisher":"https:\/\/www.facebook.com\/LeBouquetMTL\/","article_modified_time":"2024-06-19T10:28:42+00:00","twitter_card":"summary_large_image","twitter_misc":{"Prix":"&#36;0.00","Disponibilit\u00e9":"En stock"},"schema":{"@context":"https:\/\/schema.org","@graph":[{"@type":"WebPage","@id":"https:\/\/fleursenvracmtl.com\/fr\/single-immortal-illusion\/","url":"https:\/\/fleursenvracmtl.com\/fr\/single-immortal-illusion\/","name":"Single Immortal Illusion","isPartOf":{"@id":"https:\/\/fleursenvracmtl.com\/en\/#website"},"datePublished":"2024-01-19T13:16:48+00:00","dateModified":"2024-06-19T10:28:42+00:00","description":"A new version of our Immortal Rose Collection, this extra large eternal rose is about 4'' in diameter! That's definitely no ordinary rose...And remember: Immortal Roses are real roses that have been specially preserved to last a lifetime. No water needed!","breadcrumb":{"@id":"https:\/\/fleursenvracmtl.com\/fr\/single-immortal-illusion\/#breadcrumb"},"inLanguage":"fr-FR","potentialAction":[{"@type":"ReadAction","target":["https:\/\/fleursenvracmtl.com\/fr\/single-immortal-illusion\/"]}]},{"@type":"BreadcrumbList","@id":"https:\/\/fleursenvracmtl.com\/fr\/single-immortal-illusion\/#breadcrumb","itemListElement":[{"@type":"ListItem","position":1,"name":"Home","item":"https:\/\/fleursenvracmtl.com\/fr\/"},{"@type":"ListItem","position":2,"name":"Shop","item":"https:\/\/fleursenvracmtl.com\/en\/shop\/"},{"@type":"ListItem","position":3,"name":"Illusions Immortelles Solo"}]},{"@type":"WebSite","@id":"https:\/\/fleursenvracmtl.com\/en\/#website","url":"https:\/\/fleursenvracmtl.com\/en\/","name":"Fleurs en Vrac MTL","description":"Fleurs en Vrac Mtl - Bulk flower by Le Bouquet","alternateName":"Fleurs en Vrac MTL","potentialAction":[{"@type":"SearchAction","target":{"@type":"EntryPoint","urlTemplate":"https:\/\/fleursenvracmtl.com\/en\/?s={search_term_string}"},"query-input":{"@type":"PropertyValueSpecification","valueRequired":true,"valueName":"search_term_string"}}],"inLanguage":"fr-FR"}]},"product_price_amount":"0.00","product_price_currency":"CAD","og_availability":"instock","product_availability":"instock","product_condition":"new"},"_links":{"self":[{"href":"https:\/\/fleursenvracmtl.com\/fr\/wp-json\/wp\/v2\/product\/56362","targetHints":{"allow":["GET"]}}],"collection":[{"href":"https:\/\/fleursenvracmtl.com\/fr\/wp-json\/wp\/v2\/product"}],"about":[{"href":"https:\/\/fleursenvracmtl.com\/fr\/wp-json\/wp\/v2\/types\/product"}],"replies":[{"embeddable":true,"href":"https:\/\/fleursenvracmtl.com\/fr\/wp-json\/wp\/v2\/comments?post=56362"}],"wp:attachment":[{"href":"https:\/\/fleursenvracmtl.com\/fr\/wp-json\/wp\/v2\/media?parent=56362"}],"wp:term":[{"taxonomy":"recipe","embeddable":true,"href":"https:\/\/fleursenvracmtl.com\/fr\/wp-json\/wp\/v2\/recipe?post=56362"},{"taxonomy":"product_brand","embeddable":true,"href":"https:\/\/fleursenvracmtl.com\/fr\/wp-json\/wp\/v2\/product_brand?post=56362"},{"taxonomy":"product_cat","embeddable":true,"href":"https:\/\/fleursenvracmtl.com\/fr\/wp-json\/wp\/v2\/product_cat?post=56362"},{"taxonomy":"product_tag","embeddable":true,"href":"https:\/\/fleursenvracmtl.com\/fr\/wp-json\/wp\/v2\/product_tag?post=56362"}],"curies":[{"name":"wp","href":"https:\/\/api.w.org\/{rel}","templated":true}]}}