{"id":58192,"date":"2024-01-19T08:34:28","date_gmt":"2024-01-19T13:34:28","guid":{"rendered":"https:\/\/lebouquetnew.brstdev.com\/rose-petals\/"},"modified":"2025-08-13T06:24:16","modified_gmt":"2025-08-13T10:24:16","slug":"petales-de-roses","status":"publish","type":"product","link":"https:\/\/fleursenvracmtl.com\/fr\/petales-de-roses\/","title":{"rendered":"P\u00e9tales de roses"},"content":{"rendered":"<p>Un assortiment d\u00e9licieux de p\u00e9tales de rose, id\u00e9al pour cr\u00e9er une ambiance enchanteresse lors d&rsquo;une occasion ch\u00e8re ou d&rsquo;une soir\u00e9e romantique. Cette offre luxueuse \u00e9quivaut au volume d&rsquo;un sac d&rsquo;\u00e9picerie complet, d\u00e9bordant des tr\u00e9sors d\u00e9licats de la nature.<\/p>\n<p>Disponible en rouge ou en couleurs assorties.<\/p>\n","protected":false},"excerpt":{"rendered":"<p>Un assortiment d\u00e9licieux de p\u00e9tales de rose, id\u00e9al pour cr\u00e9er une ambiance enchanteresse lors d&rsquo;une occasion ch\u00e8re ou d&rsquo;une soir\u00e9e romantique. Cette offre luxueuse \u00e9quivaut au volume d&rsquo;un sac d&rsquo;\u00e9picerie complet, d\u00e9bordant des tr\u00e9sors d\u00e9licats de la nature. Disponible en rouge ou en couleurs assorties.<\/p>\n","protected":false},"featured_media":93771,"comment_status":"open","ping_status":"closed","template":"","meta":{"_acf_changed":false},"recipe":[],"product_brand":[],"product_cat":[15],"product_tag":[],"class_list":{"0":"post-58192","1":"product","2":"type-product","3":"status-publish","4":"has-post-thumbnail","6":"product_cat-uncategorized","8":"first","9":"instock","10":"shipping-taxable","11":"purchasable","12":"product-type-simple"},"acf":[],"yoast_head":"<!-- This site is optimized with the Yoast SEO Premium plugin v25.2 (Yoast SEO v26.2) - https:\/\/yoast.com\/wordpress\/plugins\/seo\/ -->\n<title>P\u00e9tales de roses<\/title>\n<meta name=\"description\" content=\"Un assortiment d\u00e9licieux de p\u00e9tales de rose, id\u00e9al pour cr\u00e9er une ambiance enchanteresse lors d&#039;une occasion ch\u00e8re ou d&#039;une soir\u00e9e romantique. Cette offre luxueuse \u00e9quivaut au volume d&#039;un sac d&#039;\u00e9picerie complet, d\u00e9bordant des tr\u00e9sors d\u00e9licats de la nature.Disponible en rouge ou en couleurs assorties.\" \/>\n<meta name=\"robots\" content=\"index, follow, max-snippet:-1, max-image-preview:large, max-video-preview:-1\" \/>\n<link rel=\"canonical\" href=\"https:\/\/www.lebouquet.com\/fr\/petales-de-roses\/\" \/>\n<meta property=\"og:locale\" content=\"fr_FR\" \/>\n<meta property=\"og:type\" content=\"article\" \/>\n<meta property=\"og:title\" content=\"P\u00e9tales de roses\" \/>\n<meta property=\"og:description\" content=\"Un assortiment d\u00e9licieux de p\u00e9tales de rose, id\u00e9al pour cr\u00e9er une ambiance enchanteresse lors d&#039;une occasion ch\u00e8re ou d&#039;une soir\u00e9e romantique. Cette offre luxueuse \u00e9quivaut au volume d&#039;un sac d&#039;\u00e9picerie complet, d\u00e9bordant des tr\u00e9sors d\u00e9licats de la nature.Disponible en rouge ou en couleurs assorties.\" \/>\n<meta property=\"og:url\" content=\"https:\/\/www.lebouquet.com\/fr\/petales-de-roses\/\" \/>\n<meta property=\"og:site_name\" content=\"Fleurs en Vrac Mtl\" \/>\n<meta property=\"article:publisher\" content=\"https:\/\/www.facebook.com\/LeBouquetMTL\/\" \/>\n<meta property=\"article:modified_time\" content=\"2025-08-13T10:24:16+00:00\" \/>\n<meta property=\"og:image\" content=\"https:\/\/fleursenvracmtl.com\/wp-content\/uploads\/2024\/07\/ROSE_PEDALS_RED_CLOSE_UP_1200x1200.jpg\" \/>\n\t<meta property=\"og:image:width\" content=\"1200\" \/>\n\t<meta property=\"og:image:height\" content=\"1200\" \/>\n\t<meta property=\"og:image:type\" content=\"image\/jpeg\" \/>\n<meta name=\"twitter:card\" content=\"summary_large_image\" \/>\n<meta name=\"twitter:label1\" content=\"Prix\" \/>\n\t<meta name=\"twitter:data1\" content=\"&#036;0.00\" \/>\n\t<meta name=\"twitter:label2\" content=\"Disponibilit\u00e9\" \/>\n\t<meta name=\"twitter:data2\" content=\"En stock\" \/>\n<script type=\"application\/ld+json\" class=\"yoast-schema-graph\">{\"@context\":\"https:\/\/schema.org\",\"@graph\":[{\"@type\":\"WebPage\",\"@id\":\"https:\/\/fleursenvracmtl.com\/en\/rose-petals\/\",\"url\":\"https:\/\/www.lebouquet.com\/fr\/petales-de-roses\/\",\"name\":\"P\u00e9tales de roses\",\"isPartOf\":{\"@id\":\"https:\/\/fleursenvracmtl.com\/en\/#website\"},\"primaryImageOfPage\":{\"@id\":\"https:\/\/www.lebouquet.com\/fr\/petales-de-roses\/#primaryimage\"},\"image\":{\"@id\":\"https:\/\/www.lebouquet.com\/fr\/petales-de-roses\/#primaryimage\"},\"thumbnailUrl\":\"https:\/\/fleursenvracmtl.com\/wp-content\/uploads\/2024\/07\/ROSE_PEDALS_RED_CLOSE_UP_1200x1200.jpg\",\"datePublished\":\"2024-01-19T13:34:28+00:00\",\"dateModified\":\"2025-08-13T10:24:16+00:00\",\"description\":\"Un assortiment d\u00e9licieux de p\u00e9tales de rose, id\u00e9al pour cr\u00e9er une ambiance enchanteresse lors d'une occasion ch\u00e8re ou d'une soir\u00e9e romantique. Cette offre luxueuse \u00e9quivaut au volume d'un sac d'\u00e9picerie complet, d\u00e9bordant des tr\u00e9sors d\u00e9licats de la nature.Disponible en rouge ou en couleurs assorties.\",\"breadcrumb\":{\"@id\":\"https:\/\/www.lebouquet.com\/fr\/petales-de-roses\/#breadcrumb\"},\"inLanguage\":\"fr-FR\",\"potentialAction\":[{\"@type\":\"ReadAction\",\"target\":[\"https:\/\/www.lebouquet.com\/fr\/petales-de-roses\/\"]}]},{\"@type\":\"ImageObject\",\"inLanguage\":\"fr-FR\",\"@id\":\"https:\/\/www.lebouquet.com\/fr\/petales-de-roses\/#primaryimage\",\"url\":\"https:\/\/fleursenvracmtl.com\/wp-content\/uploads\/2024\/07\/ROSE_PEDALS_RED_CLOSE_UP_1200x1200.jpg\",\"contentUrl\":\"https:\/\/fleursenvracmtl.com\/wp-content\/uploads\/2024\/07\/ROSE_PEDALS_RED_CLOSE_UP_1200x1200.jpg\",\"width\":1200,\"height\":1200},{\"@type\":\"BreadcrumbList\",\"@id\":\"https:\/\/www.lebouquet.com\/fr\/petales-de-roses\/#breadcrumb\",\"itemListElement\":[{\"@type\":\"ListItem\",\"position\":1,\"name\":\"Home\",\"item\":\"https:\/\/fleursenvracmtl.com\/fr\/\"},{\"@type\":\"ListItem\",\"position\":2,\"name\":\"Shop\",\"item\":\"https:\/\/fleursenvracmtl.com\/en\/shop\/\"},{\"@type\":\"ListItem\",\"position\":3,\"name\":\"P\u00e9tales de roses\"}]},{\"@type\":\"WebSite\",\"@id\":\"https:\/\/fleursenvracmtl.com\/en\/#website\",\"url\":\"https:\/\/fleursenvracmtl.com\/en\/\",\"name\":\"Fleurs en Vrac MTL\",\"description\":\"Fleurs en Vrac Mtl - Bulk flower by Le Bouquet\",\"alternateName\":\"Fleurs en Vrac MTL\",\"potentialAction\":[{\"@type\":\"SearchAction\",\"target\":{\"@type\":\"EntryPoint\",\"urlTemplate\":\"https:\/\/fleursenvracmtl.com\/en\/?s={search_term_string}\"},\"query-input\":{\"@type\":\"PropertyValueSpecification\",\"valueRequired\":true,\"valueName\":\"search_term_string\"}}],\"inLanguage\":\"fr-FR\"}]}<\/script>\n<meta property=\"product:price:amount\" content=\"0.00\" \/>\n<meta property=\"product:price:currency\" content=\"CAD\" \/>\n<meta property=\"og:availability\" content=\"instock\" \/>\n<meta property=\"product:availability\" content=\"instock\" \/>\n<meta property=\"product:condition\" content=\"new\" \/>\n<!-- \/ Yoast SEO Premium plugin. -->","yoast_head_json":{"title":"P\u00e9tales de roses","description":"Un assortiment d\u00e9licieux de p\u00e9tales de rose, id\u00e9al pour cr\u00e9er une ambiance enchanteresse lors d'une occasion ch\u00e8re ou d'une soir\u00e9e romantique. Cette offre luxueuse \u00e9quivaut au volume d'un sac d'\u00e9picerie complet, d\u00e9bordant des tr\u00e9sors d\u00e9licats de la nature.Disponible en rouge ou en couleurs assorties.","robots":{"index":"index","follow":"follow","max-snippet":"max-snippet:-1","max-image-preview":"max-image-preview:large","max-video-preview":"max-video-preview:-1"},"canonical":"https:\/\/www.lebouquet.com\/fr\/petales-de-roses\/","og_locale":"fr_FR","og_type":"article","og_title":"P\u00e9tales de roses","og_description":"Un assortiment d\u00e9licieux de p\u00e9tales de rose, id\u00e9al pour cr\u00e9er une ambiance enchanteresse lors d'une occasion ch\u00e8re ou d'une soir\u00e9e romantique. Cette offre luxueuse \u00e9quivaut au volume d'un sac d'\u00e9picerie complet, d\u00e9bordant des tr\u00e9sors d\u00e9licats de la nature.Disponible en rouge ou en couleurs assorties.","og_url":"https:\/\/www.lebouquet.com\/fr\/petales-de-roses\/","og_site_name":"Fleurs en Vrac Mtl","article_publisher":"https:\/\/www.facebook.com\/LeBouquetMTL\/","article_modified_time":"2025-08-13T10:24:16+00:00","og_image":[{"width":1200,"height":1200,"url":"https:\/\/fleursenvracmtl.com\/wp-content\/uploads\/2024\/07\/ROSE_PEDALS_RED_CLOSE_UP_1200x1200.jpg","type":"image\/jpeg"}],"twitter_card":"summary_large_image","twitter_misc":{"Prix":"&#36;0.00","Disponibilit\u00e9":"En stock"},"schema":{"@context":"https:\/\/schema.org","@graph":[{"@type":"WebPage","@id":"https:\/\/fleursenvracmtl.com\/en\/rose-petals\/","url":"https:\/\/www.lebouquet.com\/fr\/petales-de-roses\/","name":"P\u00e9tales de roses","isPartOf":{"@id":"https:\/\/fleursenvracmtl.com\/en\/#website"},"primaryImageOfPage":{"@id":"https:\/\/www.lebouquet.com\/fr\/petales-de-roses\/#primaryimage"},"image":{"@id":"https:\/\/www.lebouquet.com\/fr\/petales-de-roses\/#primaryimage"},"thumbnailUrl":"https:\/\/fleursenvracmtl.com\/wp-content\/uploads\/2024\/07\/ROSE_PEDALS_RED_CLOSE_UP_1200x1200.jpg","datePublished":"2024-01-19T13:34:28+00:00","dateModified":"2025-08-13T10:24:16+00:00","description":"Un assortiment d\u00e9licieux de p\u00e9tales de rose, id\u00e9al pour cr\u00e9er une ambiance enchanteresse lors d'une occasion ch\u00e8re ou d'une soir\u00e9e romantique. Cette offre luxueuse \u00e9quivaut au volume d'un sac d'\u00e9picerie complet, d\u00e9bordant des tr\u00e9sors d\u00e9licats de la nature.Disponible en rouge ou en couleurs assorties.","breadcrumb":{"@id":"https:\/\/www.lebouquet.com\/fr\/petales-de-roses\/#breadcrumb"},"inLanguage":"fr-FR","potentialAction":[{"@type":"ReadAction","target":["https:\/\/www.lebouquet.com\/fr\/petales-de-roses\/"]}]},{"@type":"ImageObject","inLanguage":"fr-FR","@id":"https:\/\/www.lebouquet.com\/fr\/petales-de-roses\/#primaryimage","url":"https:\/\/fleursenvracmtl.com\/wp-content\/uploads\/2024\/07\/ROSE_PEDALS_RED_CLOSE_UP_1200x1200.jpg","contentUrl":"https:\/\/fleursenvracmtl.com\/wp-content\/uploads\/2024\/07\/ROSE_PEDALS_RED_CLOSE_UP_1200x1200.jpg","width":1200,"height":1200},{"@type":"BreadcrumbList","@id":"https:\/\/www.lebouquet.com\/fr\/petales-de-roses\/#breadcrumb","itemListElement":[{"@type":"ListItem","position":1,"name":"Home","item":"https:\/\/fleursenvracmtl.com\/fr\/"},{"@type":"ListItem","position":2,"name":"Shop","item":"https:\/\/fleursenvracmtl.com\/en\/shop\/"},{"@type":"ListItem","position":3,"name":"P\u00e9tales de roses"}]},{"@type":"WebSite","@id":"https:\/\/fleursenvracmtl.com\/en\/#website","url":"https:\/\/fleursenvracmtl.com\/en\/","name":"Fleurs en Vrac MTL","description":"Fleurs en Vrac Mtl - Bulk flower by Le Bouquet","alternateName":"Fleurs en Vrac MTL","potentialAction":[{"@type":"SearchAction","target":{"@type":"EntryPoint","urlTemplate":"https:\/\/fleursenvracmtl.com\/en\/?s={search_term_string}"},"query-input":{"@type":"PropertyValueSpecification","valueRequired":true,"valueName":"search_term_string"}}],"inLanguage":"fr-FR"}]},"product_price_amount":"0.00","product_price_currency":"CAD","og_availability":"instock","product_availability":"instock","product_condition":"new"},"_links":{"self":[{"href":"https:\/\/fleursenvracmtl.com\/fr\/wp-json\/wp\/v2\/product\/58192","targetHints":{"allow":["GET"]}}],"collection":[{"href":"https:\/\/fleursenvracmtl.com\/fr\/wp-json\/wp\/v2\/product"}],"about":[{"href":"https:\/\/fleursenvracmtl.com\/fr\/wp-json\/wp\/v2\/types\/product"}],"replies":[{"embeddable":true,"href":"https:\/\/fleursenvracmtl.com\/fr\/wp-json\/wp\/v2\/comments?post=58192"}],"wp:featuredmedia":[{"embeddable":true,"href":"https:\/\/fleursenvracmtl.com\/fr\/wp-json\/wp\/v2\/media\/93771"}],"wp:attachment":[{"href":"https:\/\/fleursenvracmtl.com\/fr\/wp-json\/wp\/v2\/media?parent=58192"}],"wp:term":[{"taxonomy":"recipe","embeddable":true,"href":"https:\/\/fleursenvracmtl.com\/fr\/wp-json\/wp\/v2\/recipe?post=58192"},{"taxonomy":"product_brand","embeddable":true,"href":"https:\/\/fleursenvracmtl.com\/fr\/wp-json\/wp\/v2\/product_brand?post=58192"},{"taxonomy":"product_cat","embeddable":true,"href":"https:\/\/fleursenvracmtl.com\/fr\/wp-json\/wp\/v2\/product_cat?post=58192"},{"taxonomy":"product_tag","embeddable":true,"href":"https:\/\/fleursenvracmtl.com\/fr\/wp-json\/wp\/v2\/product_tag?post=58192"}],"curies":[{"name":"wp","href":"https:\/\/api.w.org\/{rel}","templated":true}]}}