{"id":64477,"date":"2024-01-19T09:43:05","date_gmt":"2024-01-19T14:43:05","guid":{"rendered":"https:\/\/lebouquetnew.brstdev.com\/playmobil-my-flower-shop\/"},"modified":"2024-08-29T10:50:28","modified_gmt":"2024-08-29T14:50:28","slug":"playmobil-ma-boutique-de-fleurs","status":"publish","type":"product","link":"https:\/\/fleursenvracmtl.com\/fr\/playmobil-ma-boutique-de-fleurs\/","title":{"rendered":"Playmobil Ma boutique de fleurs"},"content":{"rendered":"<p>Construisez votre propre boutique de fleuriste ! My Flower Shop de Playmobil est un ensemble pour les enfants de 4 ans et plus.<\/p>\n","protected":false},"excerpt":{"rendered":"<p>Figures : 1 femme, 1 homme Accessoires : 1 magasin de fleurs, 1 comptoir, 2 \u00e9tag\u00e8res diff\u00e9rentes, 1 caisse enregistreuse, 1 tablier, 1 bo\u00eete, 6 cartes, 1 stand d&rsquo;information, 2 pots de fleurs avec des plantes, 1 pot de fleurs avec un cactus, 1 panier avec des fleurs et des b\u00e2tons de d\u00e9coration, 5 callas, 2 roses, 1 ciseaux de jardin, 1 vase, 2 arrosoirs, 2 cadres photo, 1 buste avec perruque et couronne de fleurs, 1 panneau avec moulin \u00e0 vent, 1 chandelier, 1 feu de table, 2 verres avec couvercle, 1 corbeille \u00e0 papier, 1 sac \u00e0 main, 1 feuille d&rsquo;autocollants r\u00e9utilisables<\/p>\n","protected":false},"featured_media":0,"comment_status":"open","ping_status":"closed","template":"","meta":{"_acf_changed":false},"recipe":[],"product_brand":[],"product_cat":[15],"product_tag":[],"class_list":{"0":"post-64477","1":"product","2":"type-product","3":"status-publish","5":"product_cat-uncategorized","7":"first","8":"instock","9":"shipping-taxable","10":"purchasable","11":"product-type-simple"},"acf":[],"yoast_head":"<!-- This site is optimized with the Yoast SEO Premium plugin v25.2 (Yoast SEO v26.2) - https:\/\/yoast.com\/wordpress\/plugins\/seo\/ -->\n<title>Playmobil Ma boutique de fleurs<\/title>\n<meta name=\"description\" content=\"Construisez votre propre boutique de fleuriste ! My Flower Shop de Playmobil est un ensemble pour les enfants de 4 ans et plus.\" \/>\n<meta name=\"robots\" content=\"index, follow, max-snippet:-1, max-image-preview:large, max-video-preview:-1\" \/>\n<link rel=\"canonical\" href=\"https:\/\/fleursenvracmtl.com\/fr\/playmobil-ma-boutique-de-fleurs\/\" \/>\n<meta property=\"og:locale\" content=\"fr_FR\" \/>\n<meta property=\"og:type\" content=\"article\" \/>\n<meta property=\"og:title\" content=\"Playmobil Ma boutique de fleurs\" \/>\n<meta property=\"og:description\" content=\"Construisez votre propre boutique de fleuriste ! My Flower Shop de Playmobil est un ensemble pour les enfants de 4 ans et plus.\" \/>\n<meta property=\"og:url\" content=\"https:\/\/fleursenvracmtl.com\/fr\/playmobil-ma-boutique-de-fleurs\/\" \/>\n<meta property=\"og:site_name\" content=\"Fleurs en Vrac Mtl\" \/>\n<meta property=\"article:publisher\" content=\"https:\/\/www.facebook.com\/LeBouquetMTL\/\" \/>\n<meta property=\"article:modified_time\" content=\"2024-08-29T14:50:28+00:00\" \/>\n<meta name=\"twitter:card\" content=\"summary_large_image\" \/>\n<meta name=\"twitter:label1\" content=\"Prix\" \/>\n\t<meta name=\"twitter:data1\" content=\"&#036;0.00\" \/>\n\t<meta name=\"twitter:label2\" content=\"Disponibilit\u00e9\" \/>\n\t<meta name=\"twitter:data2\" content=\"En stock\" \/>\n<script type=\"application\/ld+json\" class=\"yoast-schema-graph\">{\"@context\":\"https:\/\/schema.org\",\"@graph\":[{\"@type\":\"WebPage\",\"@id\":\"https:\/\/fleursenvracmtl.com\/fr\/playmobil-ma-boutique-de-fleurs\/\",\"url\":\"https:\/\/fleursenvracmtl.com\/fr\/playmobil-ma-boutique-de-fleurs\/\",\"name\":\"Playmobil Ma boutique de fleurs\",\"isPartOf\":{\"@id\":\"https:\/\/fleursenvracmtl.com\/en\/#website\"},\"datePublished\":\"2024-01-19T14:43:05+00:00\",\"dateModified\":\"2024-08-29T14:50:28+00:00\",\"description\":\"Construisez votre propre boutique de fleuriste ! My Flower Shop de Playmobil est un ensemble pour les enfants de 4 ans et plus.\",\"breadcrumb\":{\"@id\":\"https:\/\/fleursenvracmtl.com\/fr\/playmobil-ma-boutique-de-fleurs\/#breadcrumb\"},\"inLanguage\":\"fr-FR\",\"potentialAction\":[{\"@type\":\"ReadAction\",\"target\":[\"https:\/\/fleursenvracmtl.com\/fr\/playmobil-ma-boutique-de-fleurs\/\"]}]},{\"@type\":\"BreadcrumbList\",\"@id\":\"https:\/\/fleursenvracmtl.com\/fr\/playmobil-ma-boutique-de-fleurs\/#breadcrumb\",\"itemListElement\":[{\"@type\":\"ListItem\",\"position\":1,\"name\":\"Home\",\"item\":\"https:\/\/fleursenvracmtl.com\/fr\/\"},{\"@type\":\"ListItem\",\"position\":2,\"name\":\"Shop\",\"item\":\"https:\/\/fleursenvracmtl.com\/en\/shop\/\"},{\"@type\":\"ListItem\",\"position\":3,\"name\":\"Playmobil Ma boutique de fleurs\"}]},{\"@type\":\"WebSite\",\"@id\":\"https:\/\/fleursenvracmtl.com\/en\/#website\",\"url\":\"https:\/\/fleursenvracmtl.com\/en\/\",\"name\":\"Fleurs en Vrac MTL\",\"description\":\"Fleurs en Vrac Mtl - Bulk flower by Le Bouquet\",\"alternateName\":\"Fleurs en Vrac MTL\",\"potentialAction\":[{\"@type\":\"SearchAction\",\"target\":{\"@type\":\"EntryPoint\",\"urlTemplate\":\"https:\/\/fleursenvracmtl.com\/en\/?s={search_term_string}\"},\"query-input\":{\"@type\":\"PropertyValueSpecification\",\"valueRequired\":true,\"valueName\":\"search_term_string\"}}],\"inLanguage\":\"fr-FR\"}]}<\/script>\n<meta property=\"product:price:amount\" content=\"0.00\" \/>\n<meta property=\"product:price:currency\" content=\"CAD\" \/>\n<meta property=\"og:availability\" content=\"instock\" \/>\n<meta property=\"product:availability\" content=\"instock\" \/>\n<meta property=\"product:condition\" content=\"new\" \/>\n<!-- \/ Yoast SEO Premium plugin. -->","yoast_head_json":{"title":"Playmobil Ma boutique de fleurs","description":"Construisez votre propre boutique de fleuriste ! My Flower Shop de Playmobil est un ensemble pour les enfants de 4 ans et plus.","robots":{"index":"index","follow":"follow","max-snippet":"max-snippet:-1","max-image-preview":"max-image-preview:large","max-video-preview":"max-video-preview:-1"},"canonical":"https:\/\/fleursenvracmtl.com\/fr\/playmobil-ma-boutique-de-fleurs\/","og_locale":"fr_FR","og_type":"article","og_title":"Playmobil Ma boutique de fleurs","og_description":"Construisez votre propre boutique de fleuriste ! My Flower Shop de Playmobil est un ensemble pour les enfants de 4 ans et plus.","og_url":"https:\/\/fleursenvracmtl.com\/fr\/playmobil-ma-boutique-de-fleurs\/","og_site_name":"Fleurs en Vrac Mtl","article_publisher":"https:\/\/www.facebook.com\/LeBouquetMTL\/","article_modified_time":"2024-08-29T14:50:28+00:00","twitter_card":"summary_large_image","twitter_misc":{"Prix":"&#36;0.00","Disponibilit\u00e9":"En stock"},"schema":{"@context":"https:\/\/schema.org","@graph":[{"@type":"WebPage","@id":"https:\/\/fleursenvracmtl.com\/fr\/playmobil-ma-boutique-de-fleurs\/","url":"https:\/\/fleursenvracmtl.com\/fr\/playmobil-ma-boutique-de-fleurs\/","name":"Playmobil Ma boutique de fleurs","isPartOf":{"@id":"https:\/\/fleursenvracmtl.com\/en\/#website"},"datePublished":"2024-01-19T14:43:05+00:00","dateModified":"2024-08-29T14:50:28+00:00","description":"Construisez votre propre boutique de fleuriste ! My Flower Shop de Playmobil est un ensemble pour les enfants de 4 ans et plus.","breadcrumb":{"@id":"https:\/\/fleursenvracmtl.com\/fr\/playmobil-ma-boutique-de-fleurs\/#breadcrumb"},"inLanguage":"fr-FR","potentialAction":[{"@type":"ReadAction","target":["https:\/\/fleursenvracmtl.com\/fr\/playmobil-ma-boutique-de-fleurs\/"]}]},{"@type":"BreadcrumbList","@id":"https:\/\/fleursenvracmtl.com\/fr\/playmobil-ma-boutique-de-fleurs\/#breadcrumb","itemListElement":[{"@type":"ListItem","position":1,"name":"Home","item":"https:\/\/fleursenvracmtl.com\/fr\/"},{"@type":"ListItem","position":2,"name":"Shop","item":"https:\/\/fleursenvracmtl.com\/en\/shop\/"},{"@type":"ListItem","position":3,"name":"Playmobil Ma boutique de fleurs"}]},{"@type":"WebSite","@id":"https:\/\/fleursenvracmtl.com\/en\/#website","url":"https:\/\/fleursenvracmtl.com\/en\/","name":"Fleurs en Vrac MTL","description":"Fleurs en Vrac Mtl - Bulk flower by Le Bouquet","alternateName":"Fleurs en Vrac MTL","potentialAction":[{"@type":"SearchAction","target":{"@type":"EntryPoint","urlTemplate":"https:\/\/fleursenvracmtl.com\/en\/?s={search_term_string}"},"query-input":{"@type":"PropertyValueSpecification","valueRequired":true,"valueName":"search_term_string"}}],"inLanguage":"fr-FR"}]},"product_price_amount":"0.00","product_price_currency":"CAD","og_availability":"instock","product_availability":"instock","product_condition":"new"},"_links":{"self":[{"href":"https:\/\/fleursenvracmtl.com\/fr\/wp-json\/wp\/v2\/product\/64477","targetHints":{"allow":["GET"]}}],"collection":[{"href":"https:\/\/fleursenvracmtl.com\/fr\/wp-json\/wp\/v2\/product"}],"about":[{"href":"https:\/\/fleursenvracmtl.com\/fr\/wp-json\/wp\/v2\/types\/product"}],"replies":[{"embeddable":true,"href":"https:\/\/fleursenvracmtl.com\/fr\/wp-json\/wp\/v2\/comments?post=64477"}],"wp:attachment":[{"href":"https:\/\/fleursenvracmtl.com\/fr\/wp-json\/wp\/v2\/media?parent=64477"}],"wp:term":[{"taxonomy":"recipe","embeddable":true,"href":"https:\/\/fleursenvracmtl.com\/fr\/wp-json\/wp\/v2\/recipe?post=64477"},{"taxonomy":"product_brand","embeddable":true,"href":"https:\/\/fleursenvracmtl.com\/fr\/wp-json\/wp\/v2\/product_brand?post=64477"},{"taxonomy":"product_cat","embeddable":true,"href":"https:\/\/fleursenvracmtl.com\/fr\/wp-json\/wp\/v2\/product_cat?post=64477"},{"taxonomy":"product_tag","embeddable":true,"href":"https:\/\/fleursenvracmtl.com\/fr\/wp-json\/wp\/v2\/product_tag?post=64477"}],"curies":[{"name":"wp","href":"https:\/\/api.w.org\/{rel}","templated":true}]}}