{"id":68136,"date":"2024-01-19T10:22:18","date_gmt":"2024-01-19T15:22:18","guid":{"rendered":"https:\/\/lebouquetnew.brstdev.com\/bubbles\/"},"modified":"2024-01-24T09:28:35","modified_gmt":"2024-01-24T14:28:35","slug":"bubbles","status":"publish","type":"product","link":"https:\/\/fleursenvracmtl.com\/fr\/bubbles\/","title":{"rendered":"Plantes et bulles"},"content":{"rendered":"<p>Si maman aime jardiner et s&rsquo;occuper des plantes, elle va adorer cet agencement compos\u00e9 de violette africaine, de kalanchoe, de plante \u00e0 feuillage picott\u00e9 et d&rsquo;une \u00e9l\u00e9gante plante lierre. Dans un contenant en c\u00e9ramique d\u00e9cor\u00e9 de bulles vertes et roses, ce cadeau pour la f\u00eate des m\u00e8res est cr\u00e9\u00e9 en primeur pour la c\u00e9l\u00e9bration de toutes les femmes qui nous sont ch\u00e8res. Id\u00e9al \u00e0 mettre sur le rebord d&rsquo;une fen\u00eatre ou au bureau.&nbsp;<\/p>\n","protected":false},"excerpt":{"rendered":"<p>Si maman aime jardiner et s&rsquo;occuper des plantes, elle va adorer cet agencement compos\u00e9 de violette africaine, de kalanchoe, de plante \u00e0 feuillage picott\u00e9 et d&rsquo;une \u00e9l\u00e9gante plante lierre. Dans un contenant en c\u00e9ramique d\u00e9cor\u00e9 de bulles vertes et roses, ce cadeau pour la f\u00eate des m\u00e8res est cr\u00e9\u00e9 en primeur pour la c\u00e9l\u00e9bration de [&hellip;]<\/p>\n","protected":false},"featured_media":0,"comment_status":"open","ping_status":"closed","template":"","meta":{"_acf_changed":false},"recipe":[],"product_brand":[],"product_cat":[15],"product_tag":[],"class_list":{"0":"post-68136","1":"product","2":"type-product","3":"status-publish","5":"product_cat-uncategorized","7":"first","8":"instock","9":"shipping-taxable","10":"purchasable","11":"product-type-simple"},"acf":[],"yoast_head":"<!-- This site is optimized with the Yoast SEO Premium plugin v25.2 (Yoast SEO v26.2) - https:\/\/yoast.com\/wordpress\/plugins\/seo\/ -->\n<title>Bubbles<\/title>\n<meta name=\"description\" content=\"For the plant adoring mom we have mixed together kalanchoes, african violets, a polka dot plant, and an elegant ivy plant in this cute green and pink ceramic planter. Oval in shape, it makes a great piece to place infront of a window or a desk.\u00a0\" \/>\n<meta name=\"robots\" content=\"index, follow, max-snippet:-1, max-image-preview:large, max-video-preview:-1\" \/>\n<link rel=\"canonical\" href=\"https:\/\/fleursenvracmtl.com\/fr\/bubbles\/\" \/>\n<meta property=\"og:locale\" content=\"fr_FR\" \/>\n<meta property=\"og:type\" content=\"article\" \/>\n<meta property=\"og:title\" content=\"Plantes et bulles\" \/>\n<meta property=\"og:description\" content=\"For the plant adoring mom we have mixed together kalanchoes, african violets, a polka dot plant, and an elegant ivy plant in this cute green and pink ceramic planter. Oval in shape, it makes a great piece to place infront of a window or a desk.\u00a0\" \/>\n<meta property=\"og:url\" content=\"https:\/\/fleursenvracmtl.com\/fr\/bubbles\/\" \/>\n<meta property=\"og:site_name\" content=\"Fleurs en Vrac Mtl\" \/>\n<meta property=\"article:publisher\" content=\"https:\/\/www.facebook.com\/LeBouquetMTL\/\" \/>\n<meta property=\"article:modified_time\" content=\"2024-01-24T14:28:35+00:00\" \/>\n<meta name=\"twitter:card\" content=\"summary_large_image\" \/>\n<meta name=\"twitter:label1\" content=\"Prix\" \/>\n\t<meta name=\"twitter:data1\" content=\"&#036;0.00\" \/>\n\t<meta name=\"twitter:label2\" content=\"Disponibilit\u00e9\" \/>\n\t<meta name=\"twitter:data2\" content=\"En stock\" \/>\n<script type=\"application\/ld+json\" class=\"yoast-schema-graph\">{\"@context\":\"https:\/\/schema.org\",\"@graph\":[{\"@type\":\"WebPage\",\"@id\":\"https:\/\/fleursenvracmtl.com\/fr\/bubbles\/\",\"url\":\"https:\/\/fleursenvracmtl.com\/fr\/bubbles\/\",\"name\":\"Bubbles\",\"isPartOf\":{\"@id\":\"https:\/\/fleursenvracmtl.com\/en\/#website\"},\"datePublished\":\"2024-01-19T15:22:18+00:00\",\"dateModified\":\"2024-01-24T14:28:35+00:00\",\"description\":\"For the plant adoring mom we have mixed together kalanchoes, african violets, a polka dot plant, and an elegant ivy plant in this cute green and pink ceramic planter. Oval in shape, it makes a great piece to place infront of a window or a desk.\u00a0\",\"breadcrumb\":{\"@id\":\"https:\/\/fleursenvracmtl.com\/fr\/bubbles\/#breadcrumb\"},\"inLanguage\":\"fr-FR\",\"potentialAction\":[{\"@type\":\"ReadAction\",\"target\":[\"https:\/\/fleursenvracmtl.com\/fr\/bubbles\/\"]}]},{\"@type\":\"BreadcrumbList\",\"@id\":\"https:\/\/fleursenvracmtl.com\/fr\/bubbles\/#breadcrumb\",\"itemListElement\":[{\"@type\":\"ListItem\",\"position\":1,\"name\":\"Home\",\"item\":\"https:\/\/fleursenvracmtl.com\/fr\/\"},{\"@type\":\"ListItem\",\"position\":2,\"name\":\"Shop\",\"item\":\"https:\/\/fleursenvracmtl.com\/en\/shop\/\"},{\"@type\":\"ListItem\",\"position\":3,\"name\":\"Plantes et bulles\"}]},{\"@type\":\"WebSite\",\"@id\":\"https:\/\/fleursenvracmtl.com\/en\/#website\",\"url\":\"https:\/\/fleursenvracmtl.com\/en\/\",\"name\":\"Fleurs en Vrac MTL\",\"description\":\"Fleurs en Vrac Mtl - Bulk flower by Le Bouquet\",\"alternateName\":\"Fleurs en Vrac MTL\",\"potentialAction\":[{\"@type\":\"SearchAction\",\"target\":{\"@type\":\"EntryPoint\",\"urlTemplate\":\"https:\/\/fleursenvracmtl.com\/en\/?s={search_term_string}\"},\"query-input\":{\"@type\":\"PropertyValueSpecification\",\"valueRequired\":true,\"valueName\":\"search_term_string\"}}],\"inLanguage\":\"fr-FR\"}]}<\/script>\n<meta property=\"product:price:amount\" content=\"0.00\" \/>\n<meta property=\"product:price:currency\" content=\"CAD\" \/>\n<meta property=\"og:availability\" content=\"instock\" \/>\n<meta property=\"product:availability\" content=\"instock\" \/>\n<meta property=\"product:condition\" content=\"new\" \/>\n<!-- \/ Yoast SEO Premium plugin. -->","yoast_head_json":{"title":"Bubbles","description":"For the plant adoring mom we have mixed together kalanchoes, african violets, a polka dot plant, and an elegant ivy plant in this cute green and pink ceramic planter. Oval in shape, it makes a great piece to place infront of a window or a desk.\u00a0","robots":{"index":"index","follow":"follow","max-snippet":"max-snippet:-1","max-image-preview":"max-image-preview:large","max-video-preview":"max-video-preview:-1"},"canonical":"https:\/\/fleursenvracmtl.com\/fr\/bubbles\/","og_locale":"fr_FR","og_type":"article","og_title":"Plantes et bulles","og_description":"For the plant adoring mom we have mixed together kalanchoes, african violets, a polka dot plant, and an elegant ivy plant in this cute green and pink ceramic planter. Oval in shape, it makes a great piece to place infront of a window or a desk.\u00a0","og_url":"https:\/\/fleursenvracmtl.com\/fr\/bubbles\/","og_site_name":"Fleurs en Vrac Mtl","article_publisher":"https:\/\/www.facebook.com\/LeBouquetMTL\/","article_modified_time":"2024-01-24T14:28:35+00:00","twitter_card":"summary_large_image","twitter_misc":{"Prix":"&#36;0.00","Disponibilit\u00e9":"En stock"},"schema":{"@context":"https:\/\/schema.org","@graph":[{"@type":"WebPage","@id":"https:\/\/fleursenvracmtl.com\/fr\/bubbles\/","url":"https:\/\/fleursenvracmtl.com\/fr\/bubbles\/","name":"Bubbles","isPartOf":{"@id":"https:\/\/fleursenvracmtl.com\/en\/#website"},"datePublished":"2024-01-19T15:22:18+00:00","dateModified":"2024-01-24T14:28:35+00:00","description":"For the plant adoring mom we have mixed together kalanchoes, african violets, a polka dot plant, and an elegant ivy plant in this cute green and pink ceramic planter. Oval in shape, it makes a great piece to place infront of a window or a desk.\u00a0","breadcrumb":{"@id":"https:\/\/fleursenvracmtl.com\/fr\/bubbles\/#breadcrumb"},"inLanguage":"fr-FR","potentialAction":[{"@type":"ReadAction","target":["https:\/\/fleursenvracmtl.com\/fr\/bubbles\/"]}]},{"@type":"BreadcrumbList","@id":"https:\/\/fleursenvracmtl.com\/fr\/bubbles\/#breadcrumb","itemListElement":[{"@type":"ListItem","position":1,"name":"Home","item":"https:\/\/fleursenvracmtl.com\/fr\/"},{"@type":"ListItem","position":2,"name":"Shop","item":"https:\/\/fleursenvracmtl.com\/en\/shop\/"},{"@type":"ListItem","position":3,"name":"Plantes et bulles"}]},{"@type":"WebSite","@id":"https:\/\/fleursenvracmtl.com\/en\/#website","url":"https:\/\/fleursenvracmtl.com\/en\/","name":"Fleurs en Vrac MTL","description":"Fleurs en Vrac Mtl - Bulk flower by Le Bouquet","alternateName":"Fleurs en Vrac MTL","potentialAction":[{"@type":"SearchAction","target":{"@type":"EntryPoint","urlTemplate":"https:\/\/fleursenvracmtl.com\/en\/?s={search_term_string}"},"query-input":{"@type":"PropertyValueSpecification","valueRequired":true,"valueName":"search_term_string"}}],"inLanguage":"fr-FR"}]},"product_price_amount":"0.00","product_price_currency":"CAD","og_availability":"instock","product_availability":"instock","product_condition":"new"},"_links":{"self":[{"href":"https:\/\/fleursenvracmtl.com\/fr\/wp-json\/wp\/v2\/product\/68136","targetHints":{"allow":["GET"]}}],"collection":[{"href":"https:\/\/fleursenvracmtl.com\/fr\/wp-json\/wp\/v2\/product"}],"about":[{"href":"https:\/\/fleursenvracmtl.com\/fr\/wp-json\/wp\/v2\/types\/product"}],"replies":[{"embeddable":true,"href":"https:\/\/fleursenvracmtl.com\/fr\/wp-json\/wp\/v2\/comments?post=68136"}],"wp:attachment":[{"href":"https:\/\/fleursenvracmtl.com\/fr\/wp-json\/wp\/v2\/media?parent=68136"}],"wp:term":[{"taxonomy":"recipe","embeddable":true,"href":"https:\/\/fleursenvracmtl.com\/fr\/wp-json\/wp\/v2\/recipe?post=68136"},{"taxonomy":"product_brand","embeddable":true,"href":"https:\/\/fleursenvracmtl.com\/fr\/wp-json\/wp\/v2\/product_brand?post=68136"},{"taxonomy":"product_cat","embeddable":true,"href":"https:\/\/fleursenvracmtl.com\/fr\/wp-json\/wp\/v2\/product_cat?post=68136"},{"taxonomy":"product_tag","embeddable":true,"href":"https:\/\/fleursenvracmtl.com\/fr\/wp-json\/wp\/v2\/product_tag?post=68136"}],"curies":[{"name":"wp","href":"https:\/\/api.w.org\/{rel}","templated":true}]}}