{"id":90010,"date":"2024-03-12T14:51:48","date_gmt":"2024-03-12T18:51:48","guid":{"rendered":"https:\/\/www.lebouquet.com\/hydrangea-blue\/"},"modified":"2026-03-28T01:26:50","modified_gmt":"2026-03-28T05:26:50","slug":"hortensia-bleue","status":"publish","type":"product","link":"https:\/\/fleursenvracmtl.com\/fr\/hortensia-bleue\/","title":{"rendered":"Hortensia bleue"},"content":{"rendered":"<p>L\u2019<strong>hortensia bleu naturel<\/strong> est une fleur coup\u00e9e classique appr\u00e9ci\u00e9e pour sa grande t\u00eate florale bien ronde et sa teinte bleu doux et raffin\u00e9e. Plus subtil que les vari\u00e9t\u00e9s bleu \u00e9lectrique, il offre une \u00e9l\u00e9gance intemporelle adapt\u00e9e aux compositions traditionnelles et romantiques.<\/p>\n<p>Chaque tige pr\u00e9sente une inflorescence g\u00e9n\u00e9reuse qui apporte volume et structure aux bouquets, centres de table, arches c\u00e9r\u00e9moniales et installations \u00e9v\u00e9nementielles. Sa couleur bleu froid s\u2019agence harmonieusement avec des roses blanches, pivoines, renoncules, delphiniums, lisianthus et eucalyptus.<\/p>\n<p>Vendu en vrac pour fleuristes, designers de mariage et projets DIY, l\u2019hortensia bleu naturel permet de cr\u00e9er un effet plein et \u00e9quilibr\u00e9 avec moins de tiges.<\/p>\n<p>Les hortensias se conservent mieux dans l\u2019eau. L\u2019utilisation en mousse florale comporte un risque plus \u00e9lev\u00e9 de fl\u00e9trissement pr\u00e9matur\u00e9.<\/p>\n<h3><strong>Caract\u00e9ristiques<\/strong><\/h3>\n<p>Type de fleur : Hydrang\u00e9e<\/p>\n<p>Couleur : Bleu<\/p>\n<p>Longueur de tige : 12 \u00e0 20 pouces<\/p>\n<p>Forme : Fleur ronde et g\u00e9n\u00e9reuse<\/p>\n<p>Id\u00e9al pour : Mariages, \u00e9v\u00e9nements, arrangements floraux DIY, d\u00e9coration int\u00e9rieure<\/p>\n","protected":false},"excerpt":{"rendered":"<p>L\u2019hortensia bleu naturel est une fleur coup\u00e9e classique appr\u00e9ci\u00e9e pour sa grande t\u00eate florale bien ronde et sa teinte bleu doux et raffin\u00e9e. Plus subtil que les vari\u00e9t\u00e9s bleu \u00e9lectrique, il offre une \u00e9l\u00e9gance intemporelle adapt\u00e9e aux compositions traditionnelles et romantiques. Chaque tige pr\u00e9sente une inflorescence g\u00e9n\u00e9reuse qui apporte volume et structure aux bouquets, centres [&hellip;]<\/p>\n","protected":false},"featured_media":90006,"comment_status":"open","ping_status":"closed","template":"","meta":{"_acf_changed":false},"recipe":[],"product_brand":[],"product_cat":[18341,17410,17169,18357,17444],"product_tag":[],"class_list":{"0":"post-90010","1":"product","2":"type-product","3":"status-publish","4":"has-post-thumbnail","6":"product_cat-fleurs-en-vrac-par-couleur","7":"product_cat-bulk-hydrangeas","8":"product_cat-fleurs-en-vrac","9":"product_cat-fleurs-bleues-vrac","10":"product_cat-hydrangee-en-vrac","12":"first","13":"instock","14":"shipping-taxable","15":"purchasable","16":"product-type-simple"},"acf":[],"yoast_head":"<!-- This site is optimized with the Yoast SEO Premium plugin v25.2 (Yoast SEO v26.2) - https:\/\/yoast.com\/wordpress\/plugins\/seo\/ -->\n<title>Blue Hydrangea \u2013 Bulk Natural Light Blue Hydrangeas<\/title>\n<meta name=\"description\" content=\"Shop Blue Hydrangea in bulk. Large soft blue blooms with 12\u201320 inch stems. Perfect for weddings, events, and romantic floral designs.\" \/>\n<meta name=\"robots\" content=\"index, follow, max-snippet:-1, max-image-preview:large, max-video-preview:-1\" \/>\n<link rel=\"canonical\" href=\"https:\/\/fleursenvracmtl.com\/fr\/hortensia-bleue\/\" \/>\n<meta property=\"og:locale\" content=\"fr_FR\" \/>\n<meta property=\"og:type\" content=\"article\" \/>\n<meta property=\"og:title\" content=\"Hortensia bleue\" \/>\n<meta property=\"og:description\" content=\"Shop Blue Hydrangea in bulk. Large soft blue blooms with 12\u201320 inch stems. Perfect for weddings, events, and romantic floral designs.\" \/>\n<meta property=\"og:url\" content=\"https:\/\/fleursenvracmtl.com\/fr\/hortensia-bleue\/\" \/>\n<meta property=\"og:site_name\" content=\"Fleurs en Vrac Mtl\" \/>\n<meta property=\"article:publisher\" content=\"https:\/\/www.facebook.com\/LeBouquetMTL\/\" \/>\n<meta property=\"article:modified_time\" content=\"2026-03-28T05:26:50+00:00\" \/>\n<meta property=\"og:image\" content=\"https:\/\/fleursenvracmtl.com\/wp-content\/uploads\/2024\/03\/Blue-Hydrangea-2.jpg\" \/>\n\t<meta property=\"og:image:width\" content=\"1200\" \/>\n\t<meta property=\"og:image:height\" content=\"1200\" \/>\n\t<meta property=\"og:image:type\" content=\"image\/jpeg\" \/>\n<meta name=\"twitter:card\" content=\"summary_large_image\" \/>\n<meta name=\"twitter:label1\" content=\"Prix\" \/>\n\t<meta name=\"twitter:data1\" content=\"&#036;0.00\" \/>\n\t<meta name=\"twitter:label2\" content=\"Disponibilit\u00e9\" \/>\n\t<meta name=\"twitter:data2\" content=\"En stock\" \/>\n<script type=\"application\/ld+json\" class=\"yoast-schema-graph\">{\"@context\":\"https:\/\/schema.org\",\"@graph\":[{\"@type\":\"WebPage\",\"@id\":\"https:\/\/fleursenvracmtl.com\/fr\/hortensia-bleue\/\",\"url\":\"https:\/\/fleursenvracmtl.com\/fr\/hortensia-bleue\/\",\"name\":\"Blue Hydrangea \u2013 Bulk Natural Light Blue Hydrangeas\",\"isPartOf\":{\"@id\":\"https:\/\/fleursenvracmtl.com\/en\/#website\"},\"primaryImageOfPage\":{\"@id\":\"https:\/\/fleursenvracmtl.com\/fr\/hortensia-bleue\/#primaryimage\"},\"image\":{\"@id\":\"https:\/\/fleursenvracmtl.com\/fr\/hortensia-bleue\/#primaryimage\"},\"thumbnailUrl\":\"https:\/\/fleursenvracmtl.com\/wp-content\/uploads\/2024\/03\/Blue-Hydrangea-2.jpg\",\"datePublished\":\"2024-03-12T18:51:48+00:00\",\"dateModified\":\"2026-03-28T05:26:50+00:00\",\"description\":\"Shop Blue Hydrangea in bulk. Large soft blue blooms with 12\u201320 inch stems. Perfect for weddings, events, and romantic floral designs.\",\"breadcrumb\":{\"@id\":\"https:\/\/fleursenvracmtl.com\/fr\/hortensia-bleue\/#breadcrumb\"},\"inLanguage\":\"fr-FR\",\"potentialAction\":[{\"@type\":\"ReadAction\",\"target\":[\"https:\/\/fleursenvracmtl.com\/fr\/hortensia-bleue\/\"]}]},{\"@type\":\"ImageObject\",\"inLanguage\":\"fr-FR\",\"@id\":\"https:\/\/fleursenvracmtl.com\/fr\/hortensia-bleue\/#primaryimage\",\"url\":\"https:\/\/fleursenvracmtl.com\/wp-content\/uploads\/2024\/03\/Blue-Hydrangea-2.jpg\",\"contentUrl\":\"https:\/\/fleursenvracmtl.com\/wp-content\/uploads\/2024\/03\/Blue-Hydrangea-2.jpg\",\"width\":1200,\"height\":1200},{\"@type\":\"BreadcrumbList\",\"@id\":\"https:\/\/fleursenvracmtl.com\/fr\/hortensia-bleue\/#breadcrumb\",\"itemListElement\":[{\"@type\":\"ListItem\",\"position\":1,\"name\":\"Home\",\"item\":\"https:\/\/fleursenvracmtl.com\/fr\/\"},{\"@type\":\"ListItem\",\"position\":2,\"name\":\"Shop\",\"item\":\"https:\/\/fleursenvracmtl.com\/en\/shop\/\"},{\"@type\":\"ListItem\",\"position\":3,\"name\":\"Hortensia bleue\"}]},{\"@type\":\"WebSite\",\"@id\":\"https:\/\/fleursenvracmtl.com\/en\/#website\",\"url\":\"https:\/\/fleursenvracmtl.com\/en\/\",\"name\":\"Fleurs en Vrac MTL\",\"description\":\"Fleurs en Vrac Mtl - Bulk flower by Le Bouquet\",\"alternateName\":\"Fleurs en Vrac MTL\",\"potentialAction\":[{\"@type\":\"SearchAction\",\"target\":{\"@type\":\"EntryPoint\",\"urlTemplate\":\"https:\/\/fleursenvracmtl.com\/en\/?s={search_term_string}\"},\"query-input\":{\"@type\":\"PropertyValueSpecification\",\"valueRequired\":true,\"valueName\":\"search_term_string\"}}],\"inLanguage\":\"fr-FR\"}]}<\/script>\n<meta property=\"product:price:amount\" content=\"0.00\" \/>\n<meta property=\"product:price:currency\" content=\"CAD\" \/>\n<meta property=\"og:availability\" content=\"instock\" \/>\n<meta property=\"product:availability\" content=\"instock\" \/>\n<meta property=\"product:condition\" content=\"new\" \/>\n<!-- \/ Yoast SEO Premium plugin. -->","yoast_head_json":{"title":"Blue Hydrangea \u2013 Bulk Natural Light Blue Hydrangeas","description":"Shop Blue Hydrangea in bulk. Large soft blue blooms with 12\u201320 inch stems. Perfect for weddings, events, and romantic floral designs.","robots":{"index":"index","follow":"follow","max-snippet":"max-snippet:-1","max-image-preview":"max-image-preview:large","max-video-preview":"max-video-preview:-1"},"canonical":"https:\/\/fleursenvracmtl.com\/fr\/hortensia-bleue\/","og_locale":"fr_FR","og_type":"article","og_title":"Hortensia bleue","og_description":"Shop Blue Hydrangea in bulk. Large soft blue blooms with 12\u201320 inch stems. Perfect for weddings, events, and romantic floral designs.","og_url":"https:\/\/fleursenvracmtl.com\/fr\/hortensia-bleue\/","og_site_name":"Fleurs en Vrac Mtl","article_publisher":"https:\/\/www.facebook.com\/LeBouquetMTL\/","article_modified_time":"2026-03-28T05:26:50+00:00","og_image":[{"width":1200,"height":1200,"url":"https:\/\/fleursenvracmtl.com\/wp-content\/uploads\/2024\/03\/Blue-Hydrangea-2.jpg","type":"image\/jpeg"}],"twitter_card":"summary_large_image","twitter_misc":{"Prix":"&#36;0.00","Disponibilit\u00e9":"En stock"},"schema":{"@context":"https:\/\/schema.org","@graph":[{"@type":"WebPage","@id":"https:\/\/fleursenvracmtl.com\/fr\/hortensia-bleue\/","url":"https:\/\/fleursenvracmtl.com\/fr\/hortensia-bleue\/","name":"Blue Hydrangea \u2013 Bulk Natural Light Blue Hydrangeas","isPartOf":{"@id":"https:\/\/fleursenvracmtl.com\/en\/#website"},"primaryImageOfPage":{"@id":"https:\/\/fleursenvracmtl.com\/fr\/hortensia-bleue\/#primaryimage"},"image":{"@id":"https:\/\/fleursenvracmtl.com\/fr\/hortensia-bleue\/#primaryimage"},"thumbnailUrl":"https:\/\/fleursenvracmtl.com\/wp-content\/uploads\/2024\/03\/Blue-Hydrangea-2.jpg","datePublished":"2024-03-12T18:51:48+00:00","dateModified":"2026-03-28T05:26:50+00:00","description":"Shop Blue Hydrangea in bulk. Large soft blue blooms with 12\u201320 inch stems. Perfect for weddings, events, and romantic floral designs.","breadcrumb":{"@id":"https:\/\/fleursenvracmtl.com\/fr\/hortensia-bleue\/#breadcrumb"},"inLanguage":"fr-FR","potentialAction":[{"@type":"ReadAction","target":["https:\/\/fleursenvracmtl.com\/fr\/hortensia-bleue\/"]}]},{"@type":"ImageObject","inLanguage":"fr-FR","@id":"https:\/\/fleursenvracmtl.com\/fr\/hortensia-bleue\/#primaryimage","url":"https:\/\/fleursenvracmtl.com\/wp-content\/uploads\/2024\/03\/Blue-Hydrangea-2.jpg","contentUrl":"https:\/\/fleursenvracmtl.com\/wp-content\/uploads\/2024\/03\/Blue-Hydrangea-2.jpg","width":1200,"height":1200},{"@type":"BreadcrumbList","@id":"https:\/\/fleursenvracmtl.com\/fr\/hortensia-bleue\/#breadcrumb","itemListElement":[{"@type":"ListItem","position":1,"name":"Home","item":"https:\/\/fleursenvracmtl.com\/fr\/"},{"@type":"ListItem","position":2,"name":"Shop","item":"https:\/\/fleursenvracmtl.com\/en\/shop\/"},{"@type":"ListItem","position":3,"name":"Hortensia bleue"}]},{"@type":"WebSite","@id":"https:\/\/fleursenvracmtl.com\/en\/#website","url":"https:\/\/fleursenvracmtl.com\/en\/","name":"Fleurs en Vrac MTL","description":"Fleurs en Vrac Mtl - Bulk flower by Le Bouquet","alternateName":"Fleurs en Vrac MTL","potentialAction":[{"@type":"SearchAction","target":{"@type":"EntryPoint","urlTemplate":"https:\/\/fleursenvracmtl.com\/en\/?s={search_term_string}"},"query-input":{"@type":"PropertyValueSpecification","valueRequired":true,"valueName":"search_term_string"}}],"inLanguage":"fr-FR"}]},"product_price_amount":"0.00","product_price_currency":"CAD","og_availability":"instock","product_availability":"instock","product_condition":"new"},"_links":{"self":[{"href":"https:\/\/fleursenvracmtl.com\/fr\/wp-json\/wp\/v2\/product\/90010","targetHints":{"allow":["GET"]}}],"collection":[{"href":"https:\/\/fleursenvracmtl.com\/fr\/wp-json\/wp\/v2\/product"}],"about":[{"href":"https:\/\/fleursenvracmtl.com\/fr\/wp-json\/wp\/v2\/types\/product"}],"replies":[{"embeddable":true,"href":"https:\/\/fleursenvracmtl.com\/fr\/wp-json\/wp\/v2\/comments?post=90010"}],"wp:featuredmedia":[{"embeddable":true,"href":"https:\/\/fleursenvracmtl.com\/fr\/wp-json\/wp\/v2\/media\/90006"}],"wp:attachment":[{"href":"https:\/\/fleursenvracmtl.com\/fr\/wp-json\/wp\/v2\/media?parent=90010"}],"wp:term":[{"taxonomy":"recipe","embeddable":true,"href":"https:\/\/fleursenvracmtl.com\/fr\/wp-json\/wp\/v2\/recipe?post=90010"},{"taxonomy":"product_brand","embeddable":true,"href":"https:\/\/fleursenvracmtl.com\/fr\/wp-json\/wp\/v2\/product_brand?post=90010"},{"taxonomy":"product_cat","embeddable":true,"href":"https:\/\/fleursenvracmtl.com\/fr\/wp-json\/wp\/v2\/product_cat?post=90010"},{"taxonomy":"product_tag","embeddable":true,"href":"https:\/\/fleursenvracmtl.com\/fr\/wp-json\/wp\/v2\/product_tag?post=90010"}],"curies":[{"name":"wp","href":"https:\/\/api.w.org\/{rel}","templated":true}]}}