{"id":90042,"date":"2024-03-12T15:15:20","date_gmt":"2024-03-12T19:15:20","guid":{"rendered":"https:\/\/www.lebouquet.com\/daisies\/"},"modified":"2024-07-11T15:15:55","modified_gmt":"2024-07-11T19:15:55","slug":"daisies","status":"publish","type":"product","link":"https:\/\/fleursenvracmtl.com\/fr\/daisies\/","title":{"rendered":"Marguerites"},"content":{"rendered":"<p>D\u00e9couvrez le charme intemporel des marguerites, ces beaut\u00e9s d\u00e9licates de la nature qui ne se d\u00e9modent jamais. Avec leur disposition ensoleill\u00e9e et leurs p\u00e9tales joyeuses, les marguerites apportent une touche de joie \u00e0 n&rsquo;importe quel bouquet ou arrangement. Polyvalentes et appr\u00e9ci\u00e9es, elles compl\u00e8tent sans effort n\u2019importe quelle conception florale, qu\u2019elles soient utilis\u00e9es seules ou m\u00e9lang\u00e9es \u00e0 d\u2019autres fleurs. Parfaites pour ajouter une touche fantaisiste aux mariages, \u00e9v\u00e9nements ou c\u00e9l\u00e9brations quotidiennes, les marguerites sont un choix classique qui fait toujours sourire. Laissez leur \u00e9l\u00e9gance simple \u00e9gayer votre journ\u00e9e et rehaussez vos cr\u00e9ations florales avec leur attrait durable.<\/p>\n","protected":false},"excerpt":{"rendered":"<p>Disponible dans une vari\u00e9t\u00e9 de couleurs. Vendu en bouquets de 7 tiges.<\/p>\n","protected":false},"featured_media":90024,"comment_status":"open","ping_status":"closed","template":"","meta":{"_acf_changed":false},"recipe":[],"product_brand":[],"product_cat":[15],"product_tag":[],"class_list":{"0":"post-90042","1":"product","2":"type-product","3":"status-publish","4":"has-post-thumbnail","6":"product_cat-uncategorized","8":"first","9":"instock","10":"shipping-taxable","11":"purchasable","12":"product-type-simple"},"acf":[],"yoast_head":"<!-- This site is optimized with the Yoast SEO Premium plugin v25.2 (Yoast SEO v26.2) - https:\/\/yoast.com\/wordpress\/plugins\/seo\/ -->\n<title>Marguerites<\/title>\n<meta name=\"description\" content=\"D\u00e9couvrez le charme intemporel des marguerites, ces beaut\u00e9s d\u00e9licates de la nature qui ne se d\u00e9modent jamais. Avec leur disposition ensoleill\u00e9e et leurs p\u00e9tales joyeuses, les marguerites apportent une touche de joie \u00e0 n&#039;importe quel bouquet ou arrangement. Polyvalentes et appr\u00e9ci\u00e9es, elles compl\u00e8tent sans effort n\u2019importe quelle conception florale, qu\u2019elles soient utilis\u00e9es seules ou m\u00e9lang\u00e9es \u00e0 d\u2019autres fleurs. Parfaites pour ajouter une touche fantaisiste aux mariages, \u00e9v\u00e9nements ou c\u00e9l\u00e9brations quotidiennes, les marguerites sont un choix classique qui fait toujours sourire. Laissez leur \u00e9l\u00e9gance simple \u00e9gayer votre journ\u00e9e et rehaussez vos cr\u00e9ations florales avec leur attrait durable.\" \/>\n<meta name=\"robots\" content=\"index, follow, max-snippet:-1, max-image-preview:large, max-video-preview:-1\" \/>\n<link rel=\"canonical\" href=\"https:\/\/fleursenvracmtl.com\/fr\/daisies\/\" \/>\n<meta property=\"og:locale\" content=\"fr_FR\" \/>\n<meta property=\"og:type\" content=\"article\" \/>\n<meta property=\"og:title\" content=\"Marguerites\" \/>\n<meta property=\"og:description\" content=\"D\u00e9couvrez le charme intemporel des marguerites, ces beaut\u00e9s d\u00e9licates de la nature qui ne se d\u00e9modent jamais. Avec leur disposition ensoleill\u00e9e et leurs p\u00e9tales joyeuses, les marguerites apportent une touche de joie \u00e0 n&#039;importe quel bouquet ou arrangement. Polyvalentes et appr\u00e9ci\u00e9es, elles compl\u00e8tent sans effort n\u2019importe quelle conception florale, qu\u2019elles soient utilis\u00e9es seules ou m\u00e9lang\u00e9es \u00e0 d\u2019autres fleurs. Parfaites pour ajouter une touche fantaisiste aux mariages, \u00e9v\u00e9nements ou c\u00e9l\u00e9brations quotidiennes, les marguerites sont un choix classique qui fait toujours sourire. Laissez leur \u00e9l\u00e9gance simple \u00e9gayer votre journ\u00e9e et rehaussez vos cr\u00e9ations florales avec leur attrait durable.\" \/>\n<meta property=\"og:url\" content=\"https:\/\/fleursenvracmtl.com\/fr\/daisies\/\" \/>\n<meta property=\"og:site_name\" content=\"Fleurs en Vrac Mtl\" \/>\n<meta property=\"article:publisher\" content=\"https:\/\/www.facebook.com\/LeBouquetMTL\/\" \/>\n<meta property=\"article:modified_time\" content=\"2024-07-11T19:15:55+00:00\" \/>\n<meta property=\"og:image\" content=\"https:\/\/fleursenvracmtl.com\/wp-content\/uploads\/2024\/03\/Mixed-Daisies.jpg\" \/>\n\t<meta property=\"og:image:width\" content=\"1200\" \/>\n\t<meta property=\"og:image:height\" content=\"1200\" \/>\n\t<meta property=\"og:image:type\" content=\"image\/jpeg\" \/>\n<meta name=\"twitter:card\" content=\"summary_large_image\" \/>\n<meta name=\"twitter:label1\" content=\"Prix\" \/>\n\t<meta name=\"twitter:data1\" content=\"&#036;0.00\" \/>\n\t<meta name=\"twitter:label2\" content=\"Disponibilit\u00e9\" \/>\n\t<meta name=\"twitter:data2\" content=\"En stock\" \/>\n<script type=\"application\/ld+json\" class=\"yoast-schema-graph\">{\"@context\":\"https:\/\/schema.org\",\"@graph\":[{\"@type\":\"WebPage\",\"@id\":\"https:\/\/fleursenvracmtl.com\/fr\/daisies\/\",\"url\":\"https:\/\/fleursenvracmtl.com\/fr\/daisies\/\",\"name\":\"Marguerites\",\"isPartOf\":{\"@id\":\"https:\/\/fleursenvracmtl.com\/en\/#website\"},\"primaryImageOfPage\":{\"@id\":\"https:\/\/fleursenvracmtl.com\/fr\/daisies\/#primaryimage\"},\"image\":{\"@id\":\"https:\/\/fleursenvracmtl.com\/fr\/daisies\/#primaryimage\"},\"thumbnailUrl\":\"https:\/\/fleursenvracmtl.com\/wp-content\/uploads\/2024\/03\/Mixed-Daisies.jpg\",\"datePublished\":\"2024-03-12T19:15:20+00:00\",\"dateModified\":\"2024-07-11T19:15:55+00:00\",\"description\":\"D\u00e9couvrez le charme intemporel des marguerites, ces beaut\u00e9s d\u00e9licates de la nature qui ne se d\u00e9modent jamais. Avec leur disposition ensoleill\u00e9e et leurs p\u00e9tales joyeuses, les marguerites apportent une touche de joie \u00e0 n'importe quel bouquet ou arrangement. Polyvalentes et appr\u00e9ci\u00e9es, elles compl\u00e8tent sans effort n\u2019importe quelle conception florale, qu\u2019elles soient utilis\u00e9es seules ou m\u00e9lang\u00e9es \u00e0 d\u2019autres fleurs. Parfaites pour ajouter une touche fantaisiste aux mariages, \u00e9v\u00e9nements ou c\u00e9l\u00e9brations quotidiennes, les marguerites sont un choix classique qui fait toujours sourire. Laissez leur \u00e9l\u00e9gance simple \u00e9gayer votre journ\u00e9e et rehaussez vos cr\u00e9ations florales avec leur attrait durable.\",\"breadcrumb\":{\"@id\":\"https:\/\/fleursenvracmtl.com\/fr\/daisies\/#breadcrumb\"},\"inLanguage\":\"fr-FR\",\"potentialAction\":[{\"@type\":\"ReadAction\",\"target\":[\"https:\/\/fleursenvracmtl.com\/fr\/daisies\/\"]}]},{\"@type\":\"ImageObject\",\"inLanguage\":\"fr-FR\",\"@id\":\"https:\/\/fleursenvracmtl.com\/fr\/daisies\/#primaryimage\",\"url\":\"https:\/\/fleursenvracmtl.com\/wp-content\/uploads\/2024\/03\/Mixed-Daisies.jpg\",\"contentUrl\":\"https:\/\/fleursenvracmtl.com\/wp-content\/uploads\/2024\/03\/Mixed-Daisies.jpg\",\"width\":1200,\"height\":1200},{\"@type\":\"BreadcrumbList\",\"@id\":\"https:\/\/fleursenvracmtl.com\/fr\/daisies\/#breadcrumb\",\"itemListElement\":[{\"@type\":\"ListItem\",\"position\":1,\"name\":\"Home\",\"item\":\"https:\/\/fleursenvracmtl.com\/fr\/\"},{\"@type\":\"ListItem\",\"position\":2,\"name\":\"Shop\",\"item\":\"https:\/\/fleursenvracmtl.com\/en\/shop\/\"},{\"@type\":\"ListItem\",\"position\":3,\"name\":\"Marguerites\"}]},{\"@type\":\"WebSite\",\"@id\":\"https:\/\/fleursenvracmtl.com\/en\/#website\",\"url\":\"https:\/\/fleursenvracmtl.com\/en\/\",\"name\":\"Fleurs en Vrac MTL\",\"description\":\"Fleurs en Vrac Mtl - Bulk flower by Le Bouquet\",\"alternateName\":\"Fleurs en Vrac MTL\",\"potentialAction\":[{\"@type\":\"SearchAction\",\"target\":{\"@type\":\"EntryPoint\",\"urlTemplate\":\"https:\/\/fleursenvracmtl.com\/en\/?s={search_term_string}\"},\"query-input\":{\"@type\":\"PropertyValueSpecification\",\"valueRequired\":true,\"valueName\":\"search_term_string\"}}],\"inLanguage\":\"fr-FR\"}]}<\/script>\n<meta property=\"product:price:amount\" content=\"0.00\" \/>\n<meta property=\"product:price:currency\" content=\"CAD\" \/>\n<meta property=\"og:availability\" content=\"instock\" \/>\n<meta property=\"product:availability\" content=\"instock\" \/>\n<meta property=\"product:condition\" content=\"new\" \/>\n<!-- \/ Yoast SEO Premium plugin. -->","yoast_head_json":{"title":"Marguerites","description":"D\u00e9couvrez le charme intemporel des marguerites, ces beaut\u00e9s d\u00e9licates de la nature qui ne se d\u00e9modent jamais. Avec leur disposition ensoleill\u00e9e et leurs p\u00e9tales joyeuses, les marguerites apportent une touche de joie \u00e0 n'importe quel bouquet ou arrangement. Polyvalentes et appr\u00e9ci\u00e9es, elles compl\u00e8tent sans effort n\u2019importe quelle conception florale, qu\u2019elles soient utilis\u00e9es seules ou m\u00e9lang\u00e9es \u00e0 d\u2019autres fleurs. Parfaites pour ajouter une touche fantaisiste aux mariages, \u00e9v\u00e9nements ou c\u00e9l\u00e9brations quotidiennes, les marguerites sont un choix classique qui fait toujours sourire. Laissez leur \u00e9l\u00e9gance simple \u00e9gayer votre journ\u00e9e et rehaussez vos cr\u00e9ations florales avec leur attrait durable.","robots":{"index":"index","follow":"follow","max-snippet":"max-snippet:-1","max-image-preview":"max-image-preview:large","max-video-preview":"max-video-preview:-1"},"canonical":"https:\/\/fleursenvracmtl.com\/fr\/daisies\/","og_locale":"fr_FR","og_type":"article","og_title":"Marguerites","og_description":"D\u00e9couvrez le charme intemporel des marguerites, ces beaut\u00e9s d\u00e9licates de la nature qui ne se d\u00e9modent jamais. Avec leur disposition ensoleill\u00e9e et leurs p\u00e9tales joyeuses, les marguerites apportent une touche de joie \u00e0 n'importe quel bouquet ou arrangement. Polyvalentes et appr\u00e9ci\u00e9es, elles compl\u00e8tent sans effort n\u2019importe quelle conception florale, qu\u2019elles soient utilis\u00e9es seules ou m\u00e9lang\u00e9es \u00e0 d\u2019autres fleurs. Parfaites pour ajouter une touche fantaisiste aux mariages, \u00e9v\u00e9nements ou c\u00e9l\u00e9brations quotidiennes, les marguerites sont un choix classique qui fait toujours sourire. Laissez leur \u00e9l\u00e9gance simple \u00e9gayer votre journ\u00e9e et rehaussez vos cr\u00e9ations florales avec leur attrait durable.","og_url":"https:\/\/fleursenvracmtl.com\/fr\/daisies\/","og_site_name":"Fleurs en Vrac Mtl","article_publisher":"https:\/\/www.facebook.com\/LeBouquetMTL\/","article_modified_time":"2024-07-11T19:15:55+00:00","og_image":[{"width":1200,"height":1200,"url":"https:\/\/fleursenvracmtl.com\/wp-content\/uploads\/2024\/03\/Mixed-Daisies.jpg","type":"image\/jpeg"}],"twitter_card":"summary_large_image","twitter_misc":{"Prix":"&#36;0.00","Disponibilit\u00e9":"En stock"},"schema":{"@context":"https:\/\/schema.org","@graph":[{"@type":"WebPage","@id":"https:\/\/fleursenvracmtl.com\/fr\/daisies\/","url":"https:\/\/fleursenvracmtl.com\/fr\/daisies\/","name":"Marguerites","isPartOf":{"@id":"https:\/\/fleursenvracmtl.com\/en\/#website"},"primaryImageOfPage":{"@id":"https:\/\/fleursenvracmtl.com\/fr\/daisies\/#primaryimage"},"image":{"@id":"https:\/\/fleursenvracmtl.com\/fr\/daisies\/#primaryimage"},"thumbnailUrl":"https:\/\/fleursenvracmtl.com\/wp-content\/uploads\/2024\/03\/Mixed-Daisies.jpg","datePublished":"2024-03-12T19:15:20+00:00","dateModified":"2024-07-11T19:15:55+00:00","description":"D\u00e9couvrez le charme intemporel des marguerites, ces beaut\u00e9s d\u00e9licates de la nature qui ne se d\u00e9modent jamais. Avec leur disposition ensoleill\u00e9e et leurs p\u00e9tales joyeuses, les marguerites apportent une touche de joie \u00e0 n'importe quel bouquet ou arrangement. Polyvalentes et appr\u00e9ci\u00e9es, elles compl\u00e8tent sans effort n\u2019importe quelle conception florale, qu\u2019elles soient utilis\u00e9es seules ou m\u00e9lang\u00e9es \u00e0 d\u2019autres fleurs. Parfaites pour ajouter une touche fantaisiste aux mariages, \u00e9v\u00e9nements ou c\u00e9l\u00e9brations quotidiennes, les marguerites sont un choix classique qui fait toujours sourire. Laissez leur \u00e9l\u00e9gance simple \u00e9gayer votre journ\u00e9e et rehaussez vos cr\u00e9ations florales avec leur attrait durable.","breadcrumb":{"@id":"https:\/\/fleursenvracmtl.com\/fr\/daisies\/#breadcrumb"},"inLanguage":"fr-FR","potentialAction":[{"@type":"ReadAction","target":["https:\/\/fleursenvracmtl.com\/fr\/daisies\/"]}]},{"@type":"ImageObject","inLanguage":"fr-FR","@id":"https:\/\/fleursenvracmtl.com\/fr\/daisies\/#primaryimage","url":"https:\/\/fleursenvracmtl.com\/wp-content\/uploads\/2024\/03\/Mixed-Daisies.jpg","contentUrl":"https:\/\/fleursenvracmtl.com\/wp-content\/uploads\/2024\/03\/Mixed-Daisies.jpg","width":1200,"height":1200},{"@type":"BreadcrumbList","@id":"https:\/\/fleursenvracmtl.com\/fr\/daisies\/#breadcrumb","itemListElement":[{"@type":"ListItem","position":1,"name":"Home","item":"https:\/\/fleursenvracmtl.com\/fr\/"},{"@type":"ListItem","position":2,"name":"Shop","item":"https:\/\/fleursenvracmtl.com\/en\/shop\/"},{"@type":"ListItem","position":3,"name":"Marguerites"}]},{"@type":"WebSite","@id":"https:\/\/fleursenvracmtl.com\/en\/#website","url":"https:\/\/fleursenvracmtl.com\/en\/","name":"Fleurs en Vrac MTL","description":"Fleurs en Vrac Mtl - Bulk flower by Le Bouquet","alternateName":"Fleurs en Vrac MTL","potentialAction":[{"@type":"SearchAction","target":{"@type":"EntryPoint","urlTemplate":"https:\/\/fleursenvracmtl.com\/en\/?s={search_term_string}"},"query-input":{"@type":"PropertyValueSpecification","valueRequired":true,"valueName":"search_term_string"}}],"inLanguage":"fr-FR"}]},"product_price_amount":"0.00","product_price_currency":"CAD","og_availability":"instock","product_availability":"instock","product_condition":"new"},"_links":{"self":[{"href":"https:\/\/fleursenvracmtl.com\/fr\/wp-json\/wp\/v2\/product\/90042","targetHints":{"allow":["GET"]}}],"collection":[{"href":"https:\/\/fleursenvracmtl.com\/fr\/wp-json\/wp\/v2\/product"}],"about":[{"href":"https:\/\/fleursenvracmtl.com\/fr\/wp-json\/wp\/v2\/types\/product"}],"replies":[{"embeddable":true,"href":"https:\/\/fleursenvracmtl.com\/fr\/wp-json\/wp\/v2\/comments?post=90042"}],"wp:featuredmedia":[{"embeddable":true,"href":"https:\/\/fleursenvracmtl.com\/fr\/wp-json\/wp\/v2\/media\/90024"}],"wp:attachment":[{"href":"https:\/\/fleursenvracmtl.com\/fr\/wp-json\/wp\/v2\/media?parent=90042"}],"wp:term":[{"taxonomy":"recipe","embeddable":true,"href":"https:\/\/fleursenvracmtl.com\/fr\/wp-json\/wp\/v2\/recipe?post=90042"},{"taxonomy":"product_brand","embeddable":true,"href":"https:\/\/fleursenvracmtl.com\/fr\/wp-json\/wp\/v2\/product_brand?post=90042"},{"taxonomy":"product_cat","embeddable":true,"href":"https:\/\/fleursenvracmtl.com\/fr\/wp-json\/wp\/v2\/product_cat?post=90042"},{"taxonomy":"product_tag","embeddable":true,"href":"https:\/\/fleursenvracmtl.com\/fr\/wp-json\/wp\/v2\/product_tag?post=90042"}],"curies":[{"name":"wp","href":"https:\/\/api.w.org\/{rel}","templated":true}]}}