{"id":93341,"date":"2024-06-28T16:10:05","date_gmt":"2024-06-28T20:10:05","guid":{"rendered":"https:\/\/www.lebouquet.com\/bulk-myrtle\/"},"modified":"2025-08-13T06:19:39","modified_gmt":"2025-08-13T10:19:39","slug":"myrte-en-vrac","status":"publish","type":"product","link":"https:\/\/fleursenvracmtl.com\/fr\/myrte-en-vrac\/","title":{"rendered":"Myrte &#8211; en vrac"},"content":{"rendered":"<p>Apportez une touche d&rsquo;\u00e9l\u00e9gance classique et de verdure luxuriante \u00e0 vos compositions florales avec le Myrte, reconnu pour ses petites feuilles brillantes et son parfum subtil.<br \/>Chaque botte contient environ 10 tiges, offrant un feuillage dense qui compl\u00e8te harmonieusement une grande vari\u00e9t\u00e9 de fleurs et de styles.<\/p>\n<p><strong>Caract\u00e9ristiques :<\/strong><\/p>\n<p><strong>Durabilit\u00e9 :<\/strong> Feuillage longue dur\u00e9e pour compositions fra\u00eeches ou s\u00e9ch\u00e9es.<\/p>\n<p><strong>Polyvalence :<\/strong> Feuilles lustr\u00e9es qui ajoutent texture et volume.<\/p>\n<p><strong>Attrait esth\u00e9tique :<\/strong> Vert profond et structure \u00e9l\u00e9gante pour un style intemporel.<\/p>\n<p><strong>Utilisations :<\/strong><\/p>\n<p>Mariages, \u00e9v\u00e9nements et bouquets du quotidien.<\/p>\n<p>D\u00e9cor int\u00e9rieur avec une touche naturelle.<\/p>\n<p>Projets DIY et artisanat.<\/p>\n<p><strong>Conseils d&rsquo;Entretien :<\/strong><br \/>D\u00e9baller d\u00e9licatement, d\u00e9lier les tiges, rincer, couper en biais, conserver dans l&rsquo;eau fra\u00eeche, changer l&rsquo;eau fr\u00e9quemment, stocker au frais, vaporiser pour maintenir l&rsquo;humidit\u00e9 et manipuler avec pr\u00e9caution.<\/p>\n","protected":false},"excerpt":{"rendered":"<p><strong>Disponibilit\u00e9 et D\u00e9tails :<\/strong><\/p>\n<ul>\n<li>Disponible toute l&rsquo;ann\u00e9e<\/li>\n<li>Pour garantir la disponibilit\u00e9, veuillez passer vos commandes au minimum 2-3 semaines \u00e0 l&rsquo;avance.<\/li>\n<li>Aucune annulation deux semaines avant la livraison.<\/li>\n<li>Le produit est livr\u00e9 emball\u00e9 tel qu&rsquo;il arrive de la ferme, non taill\u00e9 et non nettoy\u00e9.<\/li>\n<li>Les couleurs peuvent varier par rapport \u00e0 ce que vous voyez sur votre \u00e9cran.<\/li>\n<li>Veuillez noter que les prix peuvent changer sans pr\u00e9avis en fonction de certaines f\u00eates.<\/li>\n<li>Le paiement est requis avant la livraison.<\/li>\n<\/ul>\n","protected":false},"featured_media":93336,"comment_status":"open","ping_status":"closed","template":"","meta":{"_acf_changed":false},"recipe":[],"product_brand":[],"product_cat":[17458,17471],"product_tag":[],"class_list":{"0":"post-93341","1":"product","2":"type-product","3":"status-publish","4":"has-post-thumbnail","6":"product_cat-bulk-greens","7":"product_cat-verdures-en-vrac","9":"first","10":"instock","11":"shipping-taxable","12":"purchasable","13":"product-type-simple"},"acf":[],"yoast_head":"<!-- This site is optimized with the Yoast SEO Premium plugin v25.2 (Yoast SEO v26.2) - https:\/\/yoast.com\/wordpress\/plugins\/seo\/ -->\n<title>Myrte en Gros | Verdure \u00c9l\u00e9gante pour Arrangements Floraux<\/title>\n<meta name=\"description\" content=\"Commandez du Myrte en gros\u2014id\u00e9al pour sublimer mariages, \u00e9v\u00e9nements, compositions florales et projets DIY avec une verdure fra\u00eeche et raffin\u00e9e.\" \/>\n<meta name=\"robots\" content=\"index, follow, max-snippet:-1, max-image-preview:large, max-video-preview:-1\" \/>\n<link rel=\"canonical\" href=\"https:\/\/www.lebouquet.com\/fr\/myrte\/\" \/>\n<meta property=\"og:locale\" content=\"fr_FR\" \/>\n<meta property=\"og:type\" content=\"article\" \/>\n<meta property=\"og:title\" content=\"Myrte - en vrac\" \/>\n<meta property=\"og:description\" content=\"Commandez du Myrte en gros\u2014id\u00e9al pour sublimer mariages, \u00e9v\u00e9nements, compositions florales et projets DIY avec une verdure fra\u00eeche et raffin\u00e9e.\" \/>\n<meta property=\"og:url\" content=\"https:\/\/www.lebouquet.com\/fr\/myrte\/\" \/>\n<meta property=\"og:site_name\" content=\"Fleurs en Vrac Mtl\" \/>\n<meta property=\"article:publisher\" content=\"https:\/\/www.facebook.com\/LeBouquetMTL\/\" \/>\n<meta property=\"article:modified_time\" content=\"2025-08-13T10:19:39+00:00\" \/>\n<meta property=\"og:image\" content=\"https:\/\/fleursenvracmtl.com\/wp-content\/uploads\/2024\/06\/MYRTLE_MAIN_1200x1200.jpg\" \/>\n\t<meta property=\"og:image:width\" content=\"1200\" \/>\n\t<meta property=\"og:image:height\" content=\"1200\" \/>\n\t<meta property=\"og:image:type\" content=\"image\/jpeg\" \/>\n<meta name=\"twitter:card\" content=\"summary_large_image\" \/>\n<meta name=\"twitter:label1\" content=\"Prix\" \/>\n\t<meta name=\"twitter:data1\" content=\"&#036;0.00\" \/>\n\t<meta name=\"twitter:label2\" content=\"Disponibilit\u00e9\" \/>\n\t<meta name=\"twitter:data2\" content=\"En stock\" \/>\n<script type=\"application\/ld+json\" class=\"yoast-schema-graph\">{\"@context\":\"https:\/\/schema.org\",\"@graph\":[{\"@type\":\"WebPage\",\"@id\":\"https:\/\/fleursenvracmtl.com\/en\/bulk-myrtle\/\",\"url\":\"https:\/\/www.lebouquet.com\/fr\/myrte\/\",\"name\":\"Myrte en Gros | Verdure \u00c9l\u00e9gante pour Arrangements Floraux\",\"isPartOf\":{\"@id\":\"https:\/\/fleursenvracmtl.com\/en\/#website\"},\"primaryImageOfPage\":{\"@id\":\"https:\/\/www.lebouquet.com\/fr\/myrte\/#primaryimage\"},\"image\":{\"@id\":\"https:\/\/www.lebouquet.com\/fr\/myrte\/#primaryimage\"},\"thumbnailUrl\":\"https:\/\/fleursenvracmtl.com\/wp-content\/uploads\/2024\/06\/MYRTLE_MAIN_1200x1200.jpg\",\"datePublished\":\"2024-06-28T20:10:05+00:00\",\"dateModified\":\"2025-08-13T10:19:39+00:00\",\"description\":\"Commandez du Myrte en gros\u2014id\u00e9al pour sublimer mariages, \u00e9v\u00e9nements, compositions florales et projets DIY avec une verdure fra\u00eeche et raffin\u00e9e.\",\"breadcrumb\":{\"@id\":\"https:\/\/www.lebouquet.com\/fr\/myrte\/#breadcrumb\"},\"inLanguage\":\"fr-FR\",\"potentialAction\":[{\"@type\":\"ReadAction\",\"target\":[\"https:\/\/www.lebouquet.com\/fr\/myrte\/\"]}]},{\"@type\":\"ImageObject\",\"inLanguage\":\"fr-FR\",\"@id\":\"https:\/\/www.lebouquet.com\/fr\/myrte\/#primaryimage\",\"url\":\"https:\/\/fleursenvracmtl.com\/wp-content\/uploads\/2024\/06\/MYRTLE_MAIN_1200x1200.jpg\",\"contentUrl\":\"https:\/\/fleursenvracmtl.com\/wp-content\/uploads\/2024\/06\/MYRTLE_MAIN_1200x1200.jpg\",\"width\":1200,\"height\":1200},{\"@type\":\"BreadcrumbList\",\"@id\":\"https:\/\/www.lebouquet.com\/fr\/myrte\/#breadcrumb\",\"itemListElement\":[{\"@type\":\"ListItem\",\"position\":1,\"name\":\"Home\",\"item\":\"https:\/\/fleursenvracmtl.com\/fr\/\"},{\"@type\":\"ListItem\",\"position\":2,\"name\":\"Shop\",\"item\":\"https:\/\/fleursenvracmtl.com\/en\/shop\/\"},{\"@type\":\"ListItem\",\"position\":3,\"name\":\"Myrte &#8211; en vrac\"}]},{\"@type\":\"WebSite\",\"@id\":\"https:\/\/fleursenvracmtl.com\/en\/#website\",\"url\":\"https:\/\/fleursenvracmtl.com\/en\/\",\"name\":\"Fleurs en Vrac MTL\",\"description\":\"Fleurs en Vrac Mtl - Bulk flower by Le Bouquet\",\"alternateName\":\"Fleurs en Vrac MTL\",\"potentialAction\":[{\"@type\":\"SearchAction\",\"target\":{\"@type\":\"EntryPoint\",\"urlTemplate\":\"https:\/\/fleursenvracmtl.com\/en\/?s={search_term_string}\"},\"query-input\":{\"@type\":\"PropertyValueSpecification\",\"valueRequired\":true,\"valueName\":\"search_term_string\"}}],\"inLanguage\":\"fr-FR\"}]}<\/script>\n<meta property=\"product:price:amount\" content=\"0.00\" \/>\n<meta property=\"product:price:currency\" content=\"CAD\" \/>\n<meta property=\"og:availability\" content=\"instock\" \/>\n<meta property=\"product:availability\" content=\"instock\" \/>\n<meta property=\"product:condition\" content=\"new\" \/>\n<!-- \/ Yoast SEO Premium plugin. -->","yoast_head_json":{"title":"Myrte en Gros | Verdure \u00c9l\u00e9gante pour Arrangements Floraux","description":"Commandez du Myrte en gros\u2014id\u00e9al pour sublimer mariages, \u00e9v\u00e9nements, compositions florales et projets DIY avec une verdure fra\u00eeche et raffin\u00e9e.","robots":{"index":"index","follow":"follow","max-snippet":"max-snippet:-1","max-image-preview":"max-image-preview:large","max-video-preview":"max-video-preview:-1"},"canonical":"https:\/\/www.lebouquet.com\/fr\/myrte\/","og_locale":"fr_FR","og_type":"article","og_title":"Myrte - en vrac","og_description":"Commandez du Myrte en gros\u2014id\u00e9al pour sublimer mariages, \u00e9v\u00e9nements, compositions florales et projets DIY avec une verdure fra\u00eeche et raffin\u00e9e.","og_url":"https:\/\/www.lebouquet.com\/fr\/myrte\/","og_site_name":"Fleurs en Vrac Mtl","article_publisher":"https:\/\/www.facebook.com\/LeBouquetMTL\/","article_modified_time":"2025-08-13T10:19:39+00:00","og_image":[{"width":1200,"height":1200,"url":"https:\/\/fleursenvracmtl.com\/wp-content\/uploads\/2024\/06\/MYRTLE_MAIN_1200x1200.jpg","type":"image\/jpeg"}],"twitter_card":"summary_large_image","twitter_misc":{"Prix":"&#36;0.00","Disponibilit\u00e9":"En stock"},"schema":{"@context":"https:\/\/schema.org","@graph":[{"@type":"WebPage","@id":"https:\/\/fleursenvracmtl.com\/en\/bulk-myrtle\/","url":"https:\/\/www.lebouquet.com\/fr\/myrte\/","name":"Myrte en Gros | Verdure \u00c9l\u00e9gante pour Arrangements Floraux","isPartOf":{"@id":"https:\/\/fleursenvracmtl.com\/en\/#website"},"primaryImageOfPage":{"@id":"https:\/\/www.lebouquet.com\/fr\/myrte\/#primaryimage"},"image":{"@id":"https:\/\/www.lebouquet.com\/fr\/myrte\/#primaryimage"},"thumbnailUrl":"https:\/\/fleursenvracmtl.com\/wp-content\/uploads\/2024\/06\/MYRTLE_MAIN_1200x1200.jpg","datePublished":"2024-06-28T20:10:05+00:00","dateModified":"2025-08-13T10:19:39+00:00","description":"Commandez du Myrte en gros\u2014id\u00e9al pour sublimer mariages, \u00e9v\u00e9nements, compositions florales et projets DIY avec une verdure fra\u00eeche et raffin\u00e9e.","breadcrumb":{"@id":"https:\/\/www.lebouquet.com\/fr\/myrte\/#breadcrumb"},"inLanguage":"fr-FR","potentialAction":[{"@type":"ReadAction","target":["https:\/\/www.lebouquet.com\/fr\/myrte\/"]}]},{"@type":"ImageObject","inLanguage":"fr-FR","@id":"https:\/\/www.lebouquet.com\/fr\/myrte\/#primaryimage","url":"https:\/\/fleursenvracmtl.com\/wp-content\/uploads\/2024\/06\/MYRTLE_MAIN_1200x1200.jpg","contentUrl":"https:\/\/fleursenvracmtl.com\/wp-content\/uploads\/2024\/06\/MYRTLE_MAIN_1200x1200.jpg","width":1200,"height":1200},{"@type":"BreadcrumbList","@id":"https:\/\/www.lebouquet.com\/fr\/myrte\/#breadcrumb","itemListElement":[{"@type":"ListItem","position":1,"name":"Home","item":"https:\/\/fleursenvracmtl.com\/fr\/"},{"@type":"ListItem","position":2,"name":"Shop","item":"https:\/\/fleursenvracmtl.com\/en\/shop\/"},{"@type":"ListItem","position":3,"name":"Myrte &#8211; en vrac"}]},{"@type":"WebSite","@id":"https:\/\/fleursenvracmtl.com\/en\/#website","url":"https:\/\/fleursenvracmtl.com\/en\/","name":"Fleurs en Vrac MTL","description":"Fleurs en Vrac Mtl - Bulk flower by Le Bouquet","alternateName":"Fleurs en Vrac MTL","potentialAction":[{"@type":"SearchAction","target":{"@type":"EntryPoint","urlTemplate":"https:\/\/fleursenvracmtl.com\/en\/?s={search_term_string}"},"query-input":{"@type":"PropertyValueSpecification","valueRequired":true,"valueName":"search_term_string"}}],"inLanguage":"fr-FR"}]},"product_price_amount":"0.00","product_price_currency":"CAD","og_availability":"instock","product_availability":"instock","product_condition":"new"},"_links":{"self":[{"href":"https:\/\/fleursenvracmtl.com\/fr\/wp-json\/wp\/v2\/product\/93341","targetHints":{"allow":["GET"]}}],"collection":[{"href":"https:\/\/fleursenvracmtl.com\/fr\/wp-json\/wp\/v2\/product"}],"about":[{"href":"https:\/\/fleursenvracmtl.com\/fr\/wp-json\/wp\/v2\/types\/product"}],"replies":[{"embeddable":true,"href":"https:\/\/fleursenvracmtl.com\/fr\/wp-json\/wp\/v2\/comments?post=93341"}],"wp:featuredmedia":[{"embeddable":true,"href":"https:\/\/fleursenvracmtl.com\/fr\/wp-json\/wp\/v2\/media\/93336"}],"wp:attachment":[{"href":"https:\/\/fleursenvracmtl.com\/fr\/wp-json\/wp\/v2\/media?parent=93341"}],"wp:term":[{"taxonomy":"recipe","embeddable":true,"href":"https:\/\/fleursenvracmtl.com\/fr\/wp-json\/wp\/v2\/recipe?post=93341"},{"taxonomy":"product_brand","embeddable":true,"href":"https:\/\/fleursenvracmtl.com\/fr\/wp-json\/wp\/v2\/product_brand?post=93341"},{"taxonomy":"product_cat","embeddable":true,"href":"https:\/\/fleursenvracmtl.com\/fr\/wp-json\/wp\/v2\/product_cat?post=93341"},{"taxonomy":"product_tag","embeddable":true,"href":"https:\/\/fleursenvracmtl.com\/fr\/wp-json\/wp\/v2\/product_tag?post=93341"}],"curies":[{"name":"wp","href":"https:\/\/api.w.org\/{rel}","templated":true}]}}