{"id":93352,"date":"2024-06-28T16:19:14","date_gmt":"2024-06-28T20:19:14","guid":{"rendered":"https:\/\/www.lebouquet.com\/eucalyptus-parvifolia\/"},"modified":"2026-04-15T17:41:36","modified_gmt":"2026-04-15T21:41:36","slug":"eucalyptus-parvifolia","status":"publish","type":"product","link":"https:\/\/fleursenvracmtl.com\/fr\/eucalyptus-parvifolia\/","title":{"rendered":"Eucalyptus Parvifolia"},"content":{"rendered":"<p>Ajoutez de la l\u00e9g\u00e8ret\u00e9, du mouvement et une touche de fra\u00eecheur naturelle \u00e0 vos cr\u00e9ations florales avec l\u2019Eucalyptus Parvifolia. Reconnu pour ses tiges fines et ses petites feuilles d\u00e9licates, ce feuillage offre une texture plus a\u00e9rienne et subtile que des vari\u00e9t\u00e9s plus volumineuses comme le Silver Dollar.<\/p>\n<p>Ses tons vert doux et sa structure l\u00e9g\u00e8re en font un choix id\u00e9al pour cr\u00e9er des arrangements fluides et naturels, tout en apportant de la profondeur sans dominer les fleurs principales. L\u2019Eucalyptus Parvifolia est particuli\u00e8rement appr\u00e9ci\u00e9 pour son \u00e9l\u00e9gance discr\u00e8te et sa polyvalence, autant dans les styles modernes que champ\u00eatres.<\/p>\n<p>Pour un effet encore plus riche, combinez-le avec d\u2019autres vari\u00e9t\u00e9s comme l\u2019eucalyptus Silver Dollar ou True Blue afin de cr\u00e9er des arrangements textur\u00e9s et \u00e9quilibr\u00e9s.<\/p>\n<p>Parfait pour les mariages, \u00e9v\u00e9nements et projets DIY, ce feuillage est durable, facile \u00e0 travailler et apporte une d\u00e9licate fragrance d\u2019eucalyptus \u00e0 vos compositions.<\/p>\n<hr>\n<h2>Caract\u00e9ristiques<\/h2>\n<ul>\n<li>Tiges fines avec petites feuilles d\u00e9licates<\/li>\n<li>Teinte vert doux et naturel<\/li>\n<li>Apporte mouvement et l\u00e9g\u00e8ret\u00e9 aux arrangements<\/li>\n<li>Parfum frais d\u2019eucalyptus<\/li>\n<li>Feuillage durable et facile \u00e0 utiliser<\/li>\n<\/ul>\n<hr>\n<h2>Utilisations<\/h2>\n<ul>\n<li>Bouquets de mariage<\/li>\n<li>Centres de table<\/li>\n<li>Installations florales et d\u00e9cors<\/li>\n<li>Guirlandes et couronnes<\/li>\n<li>Projets floraux DIY<\/li>\n<\/ul>\n","protected":false},"excerpt":{"rendered":"<p>Ajoutez de la l\u00e9g\u00e8ret\u00e9, du mouvement et une touche de fra\u00eecheur naturelle \u00e0 vos cr\u00e9ations florales avec l\u2019Eucalyptus Parvifolia. Reconnu pour ses tiges fines et ses petites feuilles d\u00e9licates, ce feuillage offre une texture plus a\u00e9rienne et subtile que des vari\u00e9t\u00e9s plus volumineuses comme le Silver Dollar. Ses tons vert doux et sa structure l\u00e9g\u00e8re [&hellip;]<\/p>\n","protected":false},"featured_media":122001,"comment_status":"open","ping_status":"closed","template":"","meta":{"_acf_changed":false},"recipe":[],"product_brand":[],"product_cat":[18341,17458,18342,17471],"product_tag":[],"class_list":{"0":"post-93352","1":"product","2":"type-product","3":"status-publish","4":"has-post-thumbnail","6":"product_cat-fleurs-en-vrac-par-couleur","7":"product_cat-bulk-greens","8":"product_cat-pink-bulk-flowers","9":"product_cat-verdures-en-vrac","11":"first","12":"instock","13":"shipping-taxable","14":"purchasable","15":"product-type-simple"},"acf":[],"yoast_head":"<!-- This site is optimized with the Yoast SEO Premium plugin v25.2 (Yoast SEO v26.2) - https:\/\/yoast.com\/wordpress\/plugins\/seo\/ -->\n<title>Eucalyptus Parvifolia en vrac \u2013 Feuillage pour mariages et DIY<\/title>\n<meta name=\"description\" content=\"Achetez de l\u2019eucalyptus Parvifolia en vrac. Feuillage d\u00e9licat, parfum\u00e9 et durable, parfait pour mariages, bouquets et projets DIY.\" \/>\n<meta name=\"robots\" content=\"index, follow, max-snippet:-1, max-image-preview:large, max-video-preview:-1\" \/>\n<link rel=\"canonical\" href=\"https:\/\/www.lebouquet.com\/fr\/eucalyptus-parvifolia\/\" \/>\n<meta property=\"og:locale\" content=\"fr_FR\" \/>\n<meta property=\"og:type\" content=\"article\" \/>\n<meta property=\"og:title\" content=\"Eucalyptus Parvifolia\" \/>\n<meta property=\"og:description\" content=\"Achetez de l\u2019eucalyptus Parvifolia en vrac. Feuillage d\u00e9licat, parfum\u00e9 et durable, parfait pour mariages, bouquets et projets DIY.\" \/>\n<meta property=\"og:url\" content=\"https:\/\/www.lebouquet.com\/fr\/eucalyptus-parvifolia\/\" \/>\n<meta property=\"og:site_name\" content=\"Fleurs en Vrac Mtl\" \/>\n<meta property=\"article:publisher\" content=\"https:\/\/www.facebook.com\/LeBouquetMTL\/\" \/>\n<meta property=\"article:modified_time\" content=\"2026-04-15T21:41:36+00:00\" \/>\n<meta property=\"og:image\" content=\"https:\/\/fleursenvracmtl.com\/wp-content\/uploads\/2026\/04\/parvifolia-eucalyptus-bunch.jpg\" \/>\n\t<meta property=\"og:image:width\" content=\"1200\" \/>\n\t<meta property=\"og:image:height\" content=\"1200\" \/>\n\t<meta property=\"og:image:type\" content=\"image\/jpeg\" \/>\n<meta name=\"twitter:card\" content=\"summary_large_image\" \/>\n<meta name=\"twitter:label1\" content=\"Prix\" \/>\n\t<meta name=\"twitter:data1\" content=\"&#036;0.00\" \/>\n\t<meta name=\"twitter:label2\" content=\"Disponibilit\u00e9\" \/>\n\t<meta name=\"twitter:data2\" content=\"En stock\" \/>\n<script type=\"application\/ld+json\" class=\"yoast-schema-graph\">{\"@context\":\"https:\/\/schema.org\",\"@graph\":[{\"@type\":\"WebPage\",\"@id\":\"https:\/\/fleursenvracmtl.com\/fr\/eucalyptus-parvifolia\/\",\"url\":\"https:\/\/www.lebouquet.com\/fr\/eucalyptus-parvifolia\/\",\"name\":\"Eucalyptus Parvifolia en vrac \u2013 Feuillage pour mariages et DIY\",\"isPartOf\":{\"@id\":\"https:\/\/fleursenvracmtl.com\/en\/#website\"},\"primaryImageOfPage\":{\"@id\":\"https:\/\/www.lebouquet.com\/fr\/eucalyptus-parvifolia\/#primaryimage\"},\"image\":{\"@id\":\"https:\/\/www.lebouquet.com\/fr\/eucalyptus-parvifolia\/#primaryimage\"},\"thumbnailUrl\":\"https:\/\/fleursenvracmtl.com\/wp-content\/uploads\/2026\/04\/parvifolia-eucalyptus-bunch.jpg\",\"datePublished\":\"2024-06-28T20:19:14+00:00\",\"dateModified\":\"2026-04-15T21:41:36+00:00\",\"description\":\"Achetez de l\u2019eucalyptus Parvifolia en vrac. Feuillage d\u00e9licat, parfum\u00e9 et durable, parfait pour mariages, bouquets et projets DIY.\",\"breadcrumb\":{\"@id\":\"https:\/\/www.lebouquet.com\/fr\/eucalyptus-parvifolia\/#breadcrumb\"},\"inLanguage\":\"fr-FR\",\"potentialAction\":[{\"@type\":\"ReadAction\",\"target\":[\"https:\/\/www.lebouquet.com\/fr\/eucalyptus-parvifolia\/\"]}]},{\"@type\":\"ImageObject\",\"inLanguage\":\"fr-FR\",\"@id\":\"https:\/\/www.lebouquet.com\/fr\/eucalyptus-parvifolia\/#primaryimage\",\"url\":\"https:\/\/fleursenvracmtl.com\/wp-content\/uploads\/2026\/04\/parvifolia-eucalyptus-bunch.jpg\",\"contentUrl\":\"https:\/\/fleursenvracmtl.com\/wp-content\/uploads\/2026\/04\/parvifolia-eucalyptus-bunch.jpg\",\"width\":1200,\"height\":1200,\"caption\":\"Full bunch of parvifolia eucalyptus with delicate green leaves\"},{\"@type\":\"BreadcrumbList\",\"@id\":\"https:\/\/www.lebouquet.com\/fr\/eucalyptus-parvifolia\/#breadcrumb\",\"itemListElement\":[{\"@type\":\"ListItem\",\"position\":1,\"name\":\"Home\",\"item\":\"https:\/\/fleursenvracmtl.com\/fr\/\"},{\"@type\":\"ListItem\",\"position\":2,\"name\":\"Shop\",\"item\":\"https:\/\/fleursenvracmtl.com\/en\/shop\/\"},{\"@type\":\"ListItem\",\"position\":3,\"name\":\"Eucalyptus Parvifolia\"}]},{\"@type\":\"WebSite\",\"@id\":\"https:\/\/fleursenvracmtl.com\/en\/#website\",\"url\":\"https:\/\/fleursenvracmtl.com\/en\/\",\"name\":\"Fleurs en Vrac MTL\",\"description\":\"Fleurs en Vrac Mtl - Bulk flower by Le Bouquet\",\"alternateName\":\"Fleurs en Vrac MTL\",\"potentialAction\":[{\"@type\":\"SearchAction\",\"target\":{\"@type\":\"EntryPoint\",\"urlTemplate\":\"https:\/\/fleursenvracmtl.com\/en\/?s={search_term_string}\"},\"query-input\":{\"@type\":\"PropertyValueSpecification\",\"valueRequired\":true,\"valueName\":\"search_term_string\"}}],\"inLanguage\":\"fr-FR\"}]}<\/script>\n<meta property=\"product:price:amount\" content=\"0.00\" \/>\n<meta property=\"product:price:currency\" content=\"CAD\" \/>\n<meta property=\"og:availability\" content=\"instock\" \/>\n<meta property=\"product:availability\" content=\"instock\" \/>\n<meta property=\"product:condition\" content=\"new\" \/>\n<!-- \/ Yoast SEO Premium plugin. -->","yoast_head_json":{"title":"Eucalyptus Parvifolia en vrac \u2013 Feuillage pour mariages et DIY","description":"Achetez de l\u2019eucalyptus Parvifolia en vrac. Feuillage d\u00e9licat, parfum\u00e9 et durable, parfait pour mariages, bouquets et projets DIY.","robots":{"index":"index","follow":"follow","max-snippet":"max-snippet:-1","max-image-preview":"max-image-preview:large","max-video-preview":"max-video-preview:-1"},"canonical":"https:\/\/www.lebouquet.com\/fr\/eucalyptus-parvifolia\/","og_locale":"fr_FR","og_type":"article","og_title":"Eucalyptus Parvifolia","og_description":"Achetez de l\u2019eucalyptus Parvifolia en vrac. Feuillage d\u00e9licat, parfum\u00e9 et durable, parfait pour mariages, bouquets et projets DIY.","og_url":"https:\/\/www.lebouquet.com\/fr\/eucalyptus-parvifolia\/","og_site_name":"Fleurs en Vrac Mtl","article_publisher":"https:\/\/www.facebook.com\/LeBouquetMTL\/","article_modified_time":"2026-04-15T21:41:36+00:00","og_image":[{"width":1200,"height":1200,"url":"https:\/\/fleursenvracmtl.com\/wp-content\/uploads\/2026\/04\/parvifolia-eucalyptus-bunch.jpg","type":"image\/jpeg"}],"twitter_card":"summary_large_image","twitter_misc":{"Prix":"&#36;0.00","Disponibilit\u00e9":"En stock"},"schema":{"@context":"https:\/\/schema.org","@graph":[{"@type":"WebPage","@id":"https:\/\/fleursenvracmtl.com\/fr\/eucalyptus-parvifolia\/","url":"https:\/\/www.lebouquet.com\/fr\/eucalyptus-parvifolia\/","name":"Eucalyptus Parvifolia en vrac \u2013 Feuillage pour mariages et DIY","isPartOf":{"@id":"https:\/\/fleursenvracmtl.com\/en\/#website"},"primaryImageOfPage":{"@id":"https:\/\/www.lebouquet.com\/fr\/eucalyptus-parvifolia\/#primaryimage"},"image":{"@id":"https:\/\/www.lebouquet.com\/fr\/eucalyptus-parvifolia\/#primaryimage"},"thumbnailUrl":"https:\/\/fleursenvracmtl.com\/wp-content\/uploads\/2026\/04\/parvifolia-eucalyptus-bunch.jpg","datePublished":"2024-06-28T20:19:14+00:00","dateModified":"2026-04-15T21:41:36+00:00","description":"Achetez de l\u2019eucalyptus Parvifolia en vrac. Feuillage d\u00e9licat, parfum\u00e9 et durable, parfait pour mariages, bouquets et projets DIY.","breadcrumb":{"@id":"https:\/\/www.lebouquet.com\/fr\/eucalyptus-parvifolia\/#breadcrumb"},"inLanguage":"fr-FR","potentialAction":[{"@type":"ReadAction","target":["https:\/\/www.lebouquet.com\/fr\/eucalyptus-parvifolia\/"]}]},{"@type":"ImageObject","inLanguage":"fr-FR","@id":"https:\/\/www.lebouquet.com\/fr\/eucalyptus-parvifolia\/#primaryimage","url":"https:\/\/fleursenvracmtl.com\/wp-content\/uploads\/2026\/04\/parvifolia-eucalyptus-bunch.jpg","contentUrl":"https:\/\/fleursenvracmtl.com\/wp-content\/uploads\/2026\/04\/parvifolia-eucalyptus-bunch.jpg","width":1200,"height":1200,"caption":"Full bunch of parvifolia eucalyptus with delicate green leaves"},{"@type":"BreadcrumbList","@id":"https:\/\/www.lebouquet.com\/fr\/eucalyptus-parvifolia\/#breadcrumb","itemListElement":[{"@type":"ListItem","position":1,"name":"Home","item":"https:\/\/fleursenvracmtl.com\/fr\/"},{"@type":"ListItem","position":2,"name":"Shop","item":"https:\/\/fleursenvracmtl.com\/en\/shop\/"},{"@type":"ListItem","position":3,"name":"Eucalyptus Parvifolia"}]},{"@type":"WebSite","@id":"https:\/\/fleursenvracmtl.com\/en\/#website","url":"https:\/\/fleursenvracmtl.com\/en\/","name":"Fleurs en Vrac MTL","description":"Fleurs en Vrac Mtl - Bulk flower by Le Bouquet","alternateName":"Fleurs en Vrac MTL","potentialAction":[{"@type":"SearchAction","target":{"@type":"EntryPoint","urlTemplate":"https:\/\/fleursenvracmtl.com\/en\/?s={search_term_string}"},"query-input":{"@type":"PropertyValueSpecification","valueRequired":true,"valueName":"search_term_string"}}],"inLanguage":"fr-FR"}]},"product_price_amount":"0.00","product_price_currency":"CAD","og_availability":"instock","product_availability":"instock","product_condition":"new"},"_links":{"self":[{"href":"https:\/\/fleursenvracmtl.com\/fr\/wp-json\/wp\/v2\/product\/93352","targetHints":{"allow":["GET"]}}],"collection":[{"href":"https:\/\/fleursenvracmtl.com\/fr\/wp-json\/wp\/v2\/product"}],"about":[{"href":"https:\/\/fleursenvracmtl.com\/fr\/wp-json\/wp\/v2\/types\/product"}],"replies":[{"embeddable":true,"href":"https:\/\/fleursenvracmtl.com\/fr\/wp-json\/wp\/v2\/comments?post=93352"}],"wp:featuredmedia":[{"embeddable":true,"href":"https:\/\/fleursenvracmtl.com\/fr\/wp-json\/wp\/v2\/media\/122001"}],"wp:attachment":[{"href":"https:\/\/fleursenvracmtl.com\/fr\/wp-json\/wp\/v2\/media?parent=93352"}],"wp:term":[{"taxonomy":"recipe","embeddable":true,"href":"https:\/\/fleursenvracmtl.com\/fr\/wp-json\/wp\/v2\/recipe?post=93352"},{"taxonomy":"product_brand","embeddable":true,"href":"https:\/\/fleursenvracmtl.com\/fr\/wp-json\/wp\/v2\/product_brand?post=93352"},{"taxonomy":"product_cat","embeddable":true,"href":"https:\/\/fleursenvracmtl.com\/fr\/wp-json\/wp\/v2\/product_cat?post=93352"},{"taxonomy":"product_tag","embeddable":true,"href":"https:\/\/fleursenvracmtl.com\/fr\/wp-json\/wp\/v2\/product_tag?post=93352"}],"curies":[{"name":"wp","href":"https:\/\/api.w.org\/{rel}","templated":true}]}}