{"id":93470,"date":"2024-06-29T11:17:26","date_gmt":"2024-06-29T15:17:26","guid":{"rendered":"https:\/\/www.lebouquet.com\/mixed-eucalyptus-bouquet\/"},"modified":"2026-04-15T08:11:02","modified_gmt":"2026-04-15T12:11:02","slug":"bouquet-eucalyptus-mixte","status":"publish","type":"product","link":"https:\/\/fleursenvracmtl.com\/fr\/bouquet-eucalyptus-mixte\/","title":{"rendered":"Bouquet d\u2019eucalyptus mixte"},"content":{"rendered":"<p>Apportez fra\u00eecheur, mouvement et une touche naturellement parfum\u00e9e \u00e0 vos arrangements floraux avec notre <strong>bouquet d\u2019eucalyptus mixte<\/strong>.<\/p>\n<p>Ce m\u00e9lange soigneusement s\u00e9lectionn\u00e9 combine plusieurs vari\u00e9t\u00e9s d\u2019eucalyptus pour cr\u00e9er un \u00e9quilibre parfait de textures, de formes et de nuances de vert. Chaque botte comprend :<\/p>\n<ul>\n<li>3 tiges d\u2019eucalyptus Parvifolia<\/li>\n<li>3 tiges d\u2019eucalyptus Silver Dollar<\/li>\n<li>4 tiges d\u2019eucalyptus True Blue<\/li>\n<\/ul>\n<p>Avec ses feuilles arrondies, allong\u00e9es et a\u00e9riennes, ce bouquet offre du volume et une belle profondeur tout en conservant un aspect l\u00e9ger et \u00e9l\u00e9gant. Les tons vert doux \u00e0 argent\u00e9 ainsi que son parfum naturel en font un incontournable pour les arrangements modernes comme classiques.<\/p>\n<p>Id\u00e9al pour les mariages, \u00e9v\u00e9nements et projets DIY, ce bouquet peut \u00eatre utilis\u00e9 seul ou comme base de verdure pour mettre en valeur vos fleurs principales.<\/p>\n<hr>\n<h2>Caract\u00e9ristiques<\/h2>\n<ul>\n<li>M\u00e9lange de vari\u00e9t\u00e9s d\u2019eucalyptus pour plus de texture<\/li>\n<li>Nuances de vert doux et argent\u00e9<\/li>\n<li>Feuillage naturellement parfum\u00e9<\/li>\n<li>Apporte volume et mouvement aux arrangements<\/li>\n<li>Excellente tenue, id\u00e9al frais ou s\u00e9ch\u00e9<\/li>\n<\/ul>\n<hr>\n<h2>Utilisations<\/h2>\n<ul>\n<li>Bouquets de mariage<\/li>\n<li>Centres de table<\/li>\n<li>Installations florales et arches<\/li>\n<li>D\u00e9corations pour la maison<\/li>\n<li>Projets floraux DIY<\/li>\n<\/ul>\n","protected":false},"excerpt":{"rendered":"<p>Apportez fra\u00eecheur, mouvement et une touche naturellement parfum\u00e9e \u00e0 vos arrangements floraux avec notre bouquet d\u2019eucalyptus mixte. Ce m\u00e9lange soigneusement s\u00e9lectionn\u00e9 combine plusieurs vari\u00e9t\u00e9s d\u2019eucalyptus pour cr\u00e9er un \u00e9quilibre parfait de textures, de formes et de nuances de vert. Chaque botte comprend : 3 tiges d\u2019eucalyptus Parvifolia 3 tiges d\u2019eucalyptus Silver Dollar 4 tiges d\u2019eucalyptus [&hellip;]<\/p>\n","protected":false},"featured_media":121961,"comment_status":"open","ping_status":"closed","template":"","meta":{"_acf_changed":false},"recipe":[],"product_brand":[],"product_cat":[17458,17471],"product_tag":[],"class_list":{"0":"post-93470","1":"product","2":"type-product","3":"status-publish","4":"has-post-thumbnail","6":"product_cat-bulk-greens","7":"product_cat-verdures-en-vrac","9":"first","10":"instock","11":"shipping-taxable","12":"purchasable","13":"product-type-simple"},"acf":[],"yoast_head":"<!-- This site is optimized with the Yoast SEO Premium plugin v25.2 (Yoast SEO v26.2) - https:\/\/yoast.com\/wordpress\/plugins\/seo\/ -->\n<title>Bouquet d\u2019Eucalyptus M\u00e9lang\u00e9 en Gros | Verdure Fra\u00eeche | Le Bouquet<\/title>\n<meta name=\"description\" content=\"Commandez notre bouquet en gros d\u2019eucalyptus m\u00e9lang\u00e9, parfait pour les arrangements DIY, mariages et d\u00e9coration int\u00e9rieure. Feuillage frais et parfum\u00e9 disponible chez LeBouquet.com.\" \/>\n<meta name=\"robots\" content=\"index, follow, max-snippet:-1, max-image-preview:large, max-video-preview:-1\" \/>\n<link rel=\"canonical\" href=\"https:\/\/www.lebouquet.com\/fr\/bouquet-de-verdure-eucalyptus-melange\/\" \/>\n<meta property=\"og:locale\" content=\"fr_FR\" \/>\n<meta property=\"og:type\" content=\"article\" \/>\n<meta property=\"og:title\" content=\"Bouquet d\u2019eucalyptus mixte\" \/>\n<meta property=\"og:description\" content=\"Commandez notre bouquet en gros d\u2019eucalyptus m\u00e9lang\u00e9, parfait pour les arrangements DIY, mariages et d\u00e9coration int\u00e9rieure. Feuillage frais et parfum\u00e9 disponible chez LeBouquet.com.\" \/>\n<meta property=\"og:url\" content=\"https:\/\/www.lebouquet.com\/fr\/bouquet-de-verdure-eucalyptus-melange\/\" \/>\n<meta property=\"og:site_name\" content=\"Fleurs en Vrac Mtl\" \/>\n<meta property=\"article:publisher\" content=\"https:\/\/www.facebook.com\/LeBouquetMTL\/\" \/>\n<meta property=\"article:modified_time\" content=\"2026-04-15T12:11:02+00:00\" \/>\n<meta property=\"og:image\" content=\"https:\/\/fleursenvracmtl.com\/wp-content\/uploads\/2026\/04\/mixed-eucalyptus-greens-bouquet.jpg\" \/>\n\t<meta property=\"og:image:width\" content=\"1200\" \/>\n\t<meta property=\"og:image:height\" content=\"1200\" \/>\n\t<meta property=\"og:image:type\" content=\"image\/jpeg\" \/>\n<meta name=\"twitter:card\" content=\"summary_large_image\" \/>\n<meta name=\"twitter:label1\" content=\"Prix\" \/>\n\t<meta name=\"twitter:data1\" content=\"&#036;0.00\" \/>\n\t<meta name=\"twitter:label2\" content=\"Disponibilit\u00e9\" \/>\n\t<meta name=\"twitter:data2\" content=\"En stock\" \/>\n<script type=\"application\/ld+json\" class=\"yoast-schema-graph\">{\"@context\":\"https:\/\/schema.org\",\"@graph\":[{\"@type\":\"WebPage\",\"@id\":\"https:\/\/fleursenvracmtl.com\/fr\/bouquet-eucalyptus-mixte\/\",\"url\":\"https:\/\/www.lebouquet.com\/fr\/bouquet-de-verdure-eucalyptus-melange\/\",\"name\":\"Bouquet d\u2019Eucalyptus M\u00e9lang\u00e9 en Gros | Verdure Fra\u00eeche | Le Bouquet\",\"isPartOf\":{\"@id\":\"https:\/\/fleursenvracmtl.com\/en\/#website\"},\"primaryImageOfPage\":{\"@id\":\"https:\/\/www.lebouquet.com\/fr\/bouquet-de-verdure-eucalyptus-melange\/#primaryimage\"},\"image\":{\"@id\":\"https:\/\/www.lebouquet.com\/fr\/bouquet-de-verdure-eucalyptus-melange\/#primaryimage\"},\"thumbnailUrl\":\"https:\/\/fleursenvracmtl.com\/wp-content\/uploads\/2026\/04\/mixed-eucalyptus-greens-bouquet.jpg\",\"datePublished\":\"2024-06-29T15:17:26+00:00\",\"dateModified\":\"2026-04-15T12:11:02+00:00\",\"description\":\"Commandez notre bouquet en gros d\u2019eucalyptus m\u00e9lang\u00e9, parfait pour les arrangements DIY, mariages et d\u00e9coration int\u00e9rieure. Feuillage frais et parfum\u00e9 disponible chez LeBouquet.com.\",\"breadcrumb\":{\"@id\":\"https:\/\/www.lebouquet.com\/fr\/bouquet-de-verdure-eucalyptus-melange\/#breadcrumb\"},\"inLanguage\":\"fr-FR\",\"potentialAction\":[{\"@type\":\"ReadAction\",\"target\":[\"https:\/\/www.lebouquet.com\/fr\/bouquet-de-verdure-eucalyptus-melange\/\"]}]},{\"@type\":\"ImageObject\",\"inLanguage\":\"fr-FR\",\"@id\":\"https:\/\/www.lebouquet.com\/fr\/bouquet-de-verdure-eucalyptus-melange\/#primaryimage\",\"url\":\"https:\/\/fleursenvracmtl.com\/wp-content\/uploads\/2026\/04\/mixed-eucalyptus-greens-bouquet.jpg\",\"contentUrl\":\"https:\/\/fleursenvracmtl.com\/wp-content\/uploads\/2026\/04\/mixed-eucalyptus-greens-bouquet.jpg\",\"width\":1200,\"height\":1200,\"caption\":\"A mixed eucalyptus bouquet featuring silver dollar, parvifolia and true blue varieties\"},{\"@type\":\"BreadcrumbList\",\"@id\":\"https:\/\/www.lebouquet.com\/fr\/bouquet-de-verdure-eucalyptus-melange\/#breadcrumb\",\"itemListElement\":[{\"@type\":\"ListItem\",\"position\":1,\"name\":\"Home\",\"item\":\"https:\/\/fleursenvracmtl.com\/fr\/\"},{\"@type\":\"ListItem\",\"position\":2,\"name\":\"Shop\",\"item\":\"https:\/\/fleursenvracmtl.com\/en\/shop\/\"},{\"@type\":\"ListItem\",\"position\":3,\"name\":\"Bouquet d\u2019eucalyptus mixte\"}]},{\"@type\":\"WebSite\",\"@id\":\"https:\/\/fleursenvracmtl.com\/en\/#website\",\"url\":\"https:\/\/fleursenvracmtl.com\/en\/\",\"name\":\"Fleurs en Vrac MTL\",\"description\":\"Fleurs en Vrac Mtl - Bulk flower by Le Bouquet\",\"alternateName\":\"Fleurs en Vrac MTL\",\"potentialAction\":[{\"@type\":\"SearchAction\",\"target\":{\"@type\":\"EntryPoint\",\"urlTemplate\":\"https:\/\/fleursenvracmtl.com\/en\/?s={search_term_string}\"},\"query-input\":{\"@type\":\"PropertyValueSpecification\",\"valueRequired\":true,\"valueName\":\"search_term_string\"}}],\"inLanguage\":\"fr-FR\"}]}<\/script>\n<meta property=\"product:price:amount\" content=\"0.00\" \/>\n<meta property=\"product:price:currency\" content=\"CAD\" \/>\n<meta property=\"og:availability\" content=\"instock\" \/>\n<meta property=\"product:availability\" content=\"instock\" \/>\n<meta property=\"product:condition\" content=\"new\" \/>\n<!-- \/ Yoast SEO Premium plugin. -->","yoast_head_json":{"title":"Bouquet d\u2019Eucalyptus M\u00e9lang\u00e9 en Gros | Verdure Fra\u00eeche | Le Bouquet","description":"Commandez notre bouquet en gros d\u2019eucalyptus m\u00e9lang\u00e9, parfait pour les arrangements DIY, mariages et d\u00e9coration int\u00e9rieure. Feuillage frais et parfum\u00e9 disponible chez LeBouquet.com.","robots":{"index":"index","follow":"follow","max-snippet":"max-snippet:-1","max-image-preview":"max-image-preview:large","max-video-preview":"max-video-preview:-1"},"canonical":"https:\/\/www.lebouquet.com\/fr\/bouquet-de-verdure-eucalyptus-melange\/","og_locale":"fr_FR","og_type":"article","og_title":"Bouquet d\u2019eucalyptus mixte","og_description":"Commandez notre bouquet en gros d\u2019eucalyptus m\u00e9lang\u00e9, parfait pour les arrangements DIY, mariages et d\u00e9coration int\u00e9rieure. Feuillage frais et parfum\u00e9 disponible chez LeBouquet.com.","og_url":"https:\/\/www.lebouquet.com\/fr\/bouquet-de-verdure-eucalyptus-melange\/","og_site_name":"Fleurs en Vrac Mtl","article_publisher":"https:\/\/www.facebook.com\/LeBouquetMTL\/","article_modified_time":"2026-04-15T12:11:02+00:00","og_image":[{"width":1200,"height":1200,"url":"https:\/\/fleursenvracmtl.com\/wp-content\/uploads\/2026\/04\/mixed-eucalyptus-greens-bouquet.jpg","type":"image\/jpeg"}],"twitter_card":"summary_large_image","twitter_misc":{"Prix":"&#36;0.00","Disponibilit\u00e9":"En stock"},"schema":{"@context":"https:\/\/schema.org","@graph":[{"@type":"WebPage","@id":"https:\/\/fleursenvracmtl.com\/fr\/bouquet-eucalyptus-mixte\/","url":"https:\/\/www.lebouquet.com\/fr\/bouquet-de-verdure-eucalyptus-melange\/","name":"Bouquet d\u2019Eucalyptus M\u00e9lang\u00e9 en Gros | Verdure Fra\u00eeche | Le Bouquet","isPartOf":{"@id":"https:\/\/fleursenvracmtl.com\/en\/#website"},"primaryImageOfPage":{"@id":"https:\/\/www.lebouquet.com\/fr\/bouquet-de-verdure-eucalyptus-melange\/#primaryimage"},"image":{"@id":"https:\/\/www.lebouquet.com\/fr\/bouquet-de-verdure-eucalyptus-melange\/#primaryimage"},"thumbnailUrl":"https:\/\/fleursenvracmtl.com\/wp-content\/uploads\/2026\/04\/mixed-eucalyptus-greens-bouquet.jpg","datePublished":"2024-06-29T15:17:26+00:00","dateModified":"2026-04-15T12:11:02+00:00","description":"Commandez notre bouquet en gros d\u2019eucalyptus m\u00e9lang\u00e9, parfait pour les arrangements DIY, mariages et d\u00e9coration int\u00e9rieure. Feuillage frais et parfum\u00e9 disponible chez LeBouquet.com.","breadcrumb":{"@id":"https:\/\/www.lebouquet.com\/fr\/bouquet-de-verdure-eucalyptus-melange\/#breadcrumb"},"inLanguage":"fr-FR","potentialAction":[{"@type":"ReadAction","target":["https:\/\/www.lebouquet.com\/fr\/bouquet-de-verdure-eucalyptus-melange\/"]}]},{"@type":"ImageObject","inLanguage":"fr-FR","@id":"https:\/\/www.lebouquet.com\/fr\/bouquet-de-verdure-eucalyptus-melange\/#primaryimage","url":"https:\/\/fleursenvracmtl.com\/wp-content\/uploads\/2026\/04\/mixed-eucalyptus-greens-bouquet.jpg","contentUrl":"https:\/\/fleursenvracmtl.com\/wp-content\/uploads\/2026\/04\/mixed-eucalyptus-greens-bouquet.jpg","width":1200,"height":1200,"caption":"A mixed eucalyptus bouquet featuring silver dollar, parvifolia and true blue varieties"},{"@type":"BreadcrumbList","@id":"https:\/\/www.lebouquet.com\/fr\/bouquet-de-verdure-eucalyptus-melange\/#breadcrumb","itemListElement":[{"@type":"ListItem","position":1,"name":"Home","item":"https:\/\/fleursenvracmtl.com\/fr\/"},{"@type":"ListItem","position":2,"name":"Shop","item":"https:\/\/fleursenvracmtl.com\/en\/shop\/"},{"@type":"ListItem","position":3,"name":"Bouquet d\u2019eucalyptus mixte"}]},{"@type":"WebSite","@id":"https:\/\/fleursenvracmtl.com\/en\/#website","url":"https:\/\/fleursenvracmtl.com\/en\/","name":"Fleurs en Vrac MTL","description":"Fleurs en Vrac Mtl - Bulk flower by Le Bouquet","alternateName":"Fleurs en Vrac MTL","potentialAction":[{"@type":"SearchAction","target":{"@type":"EntryPoint","urlTemplate":"https:\/\/fleursenvracmtl.com\/en\/?s={search_term_string}"},"query-input":{"@type":"PropertyValueSpecification","valueRequired":true,"valueName":"search_term_string"}}],"inLanguage":"fr-FR"}]},"product_price_amount":"0.00","product_price_currency":"CAD","og_availability":"instock","product_availability":"instock","product_condition":"new"},"_links":{"self":[{"href":"https:\/\/fleursenvracmtl.com\/fr\/wp-json\/wp\/v2\/product\/93470","targetHints":{"allow":["GET"]}}],"collection":[{"href":"https:\/\/fleursenvracmtl.com\/fr\/wp-json\/wp\/v2\/product"}],"about":[{"href":"https:\/\/fleursenvracmtl.com\/fr\/wp-json\/wp\/v2\/types\/product"}],"replies":[{"embeddable":true,"href":"https:\/\/fleursenvracmtl.com\/fr\/wp-json\/wp\/v2\/comments?post=93470"}],"wp:featuredmedia":[{"embeddable":true,"href":"https:\/\/fleursenvracmtl.com\/fr\/wp-json\/wp\/v2\/media\/121961"}],"wp:attachment":[{"href":"https:\/\/fleursenvracmtl.com\/fr\/wp-json\/wp\/v2\/media?parent=93470"}],"wp:term":[{"taxonomy":"recipe","embeddable":true,"href":"https:\/\/fleursenvracmtl.com\/fr\/wp-json\/wp\/v2\/recipe?post=93470"},{"taxonomy":"product_brand","embeddable":true,"href":"https:\/\/fleursenvracmtl.com\/fr\/wp-json\/wp\/v2\/product_brand?post=93470"},{"taxonomy":"product_cat","embeddable":true,"href":"https:\/\/fleursenvracmtl.com\/fr\/wp-json\/wp\/v2\/product_cat?post=93470"},{"taxonomy":"product_tag","embeddable":true,"href":"https:\/\/fleursenvracmtl.com\/fr\/wp-json\/wp\/v2\/product_tag?post=93470"}],"curies":[{"name":"wp","href":"https:\/\/api.w.org\/{rel}","templated":true}]}}