{"id":93617,"date":"2024-07-04T10:12:40","date_gmt":"2024-07-04T14:12:40","guid":{"rendered":"https:\/\/www.lebouquet.com\/light-pink-carnations-by-the-bunch\/"},"modified":"2026-03-27T10:07:52","modified_gmt":"2026-03-27T14:07:52","slug":"oeillets-roses","status":"publish","type":"product","link":"https:\/\/fleursenvracmtl.com\/fr\/oeillets-roses\/","title":{"rendered":"\u0152illets roses"},"content":{"rendered":"<p>Vendus <strong>en vrac par bottes<\/strong>, les <strong>\u0153illets roses<\/strong> sont un choix intemporel pour les cr\u00e9ations florales n\u00e9cessitant douceur, chaleur et long\u00e9vit\u00e9. Leur teinte rose d\u00e9licate apporte une touche romantique et \u00e9l\u00e9gante aux compositions classiques comme contemporaines.<\/p>\n<p>Reconnus pour leur <strong>excellente tenue en vase<\/strong> et la solidit\u00e9 de leurs tiges, les \u0153illets conviennent parfaitement aux bouquets, centres de table, d\u00e9cors \u00e9v\u00e9nementiels et projets floraux de grande ampleur. Leur floraison r\u00e9guli\u00e8re permet de cr\u00e9er des arrangements g\u00e9n\u00e9reux \u00e0 un excellent rapport qualit\u00e9-prix.<\/p>\n<p>Exp\u00e9di\u00e9s directement de la ferme, les \u0153illets arrivent <strong>non pr\u00e9par\u00e9s<\/strong> et n\u00e9cessitent une pr\u00e9paration standard avant utilisation, incluant la coupe des tiges et le retrait du feuillage inf\u00e9rieur. Comme pour toutes les <strong>fleurs en vrac<\/strong>, des variations naturelles de teinte, de taille des fleurs et de longueur des tiges peuvent survenir.&nbsp;<\/p>\n<hr>\n<h3><strong>Caract\u00e9ristiques principales<\/strong><\/h3>\n<p><strong>Type de fleur :<\/strong> \u0152illets<\/p>\n<p><strong>Couleur :<\/strong> Rose<\/p>\n<p><strong>Longueur des tiges :<\/strong> environ 24 \u00e0 30 pouces<\/p>\n<p><strong>Conditionnement :<\/strong> fleurs en vrac, vendues par bottes<\/p>\n<p><strong>Id\u00e9al pour :<\/strong> \u00e9v\u00e9nements, bouquets, centres de table et projets floraux romantiques<\/p>\n","protected":false},"excerpt":{"rendered":"<p>Test<\/p>\n<p>Test<\/p>\n","protected":false},"featured_media":95031,"comment_status":"open","ping_status":"closed","template":"","meta":{"_acf_changed":false},"recipe":[],"product_brand":[],"product_cat":[18340,18341,17414,17168,17169,18343,17445,18342],"product_tag":[],"class_list":{"0":"post-93617","1":"product","2":"type-product","3":"status-publish","4":"has-post-thumbnail","6":"product_cat-bulk-flowers-by-color","7":"product_cat-fleurs-en-vrac-par-couleur","8":"product_cat-bulk-carnations","9":"product_cat-bulk-flowers","10":"product_cat-fleurs-en-vrac","11":"product_cat-fleurs-roses-vrac","12":"product_cat-oeillets-en-vrac","13":"product_cat-pink-bulk-flowers","15":"first","16":"instock","17":"shipping-taxable","18":"purchasable","19":"product-type-simple"},"acf":[],"yoast_head":"<!-- This site is optimized with the Yoast SEO Premium plugin v25.2 (Yoast SEO v26.2) - https:\/\/yoast.com\/wordpress\/plugins\/seo\/ -->\n<title>\u0152illets roses | Fleurs en vrac Montr\u00e9al<\/title>\n<meta name=\"description\" content=\"\u0152illets roses, fleurs en vrac vendues par bottes \u00e0 Montr\u00e9al. Fleurs durables id\u00e9ales pour \u00e9v\u00e9nements, bouquets et cr\u00e9ations florales romantiques.\" \/>\n<meta name=\"robots\" content=\"index, follow, max-snippet:-1, max-image-preview:large, max-video-preview:-1\" \/>\n<link rel=\"canonical\" href=\"https:\/\/fleursenvracmtl.com\/fr\/oeillets-roses\/\" \/>\n<meta property=\"og:locale\" content=\"fr_FR\" \/>\n<meta property=\"og:type\" content=\"article\" \/>\n<meta property=\"og:title\" content=\"\u0152illets roses\" \/>\n<meta property=\"og:description\" content=\"\u0152illets roses, fleurs en vrac vendues par bottes \u00e0 Montr\u00e9al. Fleurs durables id\u00e9ales pour \u00e9v\u00e9nements, bouquets et cr\u00e9ations florales romantiques.\" \/>\n<meta property=\"og:url\" content=\"https:\/\/fleursenvracmtl.com\/fr\/oeillets-roses\/\" \/>\n<meta property=\"og:site_name\" content=\"Fleurs en Vrac Mtl\" \/>\n<meta property=\"article:publisher\" content=\"https:\/\/www.facebook.com\/LeBouquetMTL\/\" \/>\n<meta property=\"article:modified_time\" content=\"2026-03-27T14:07:52+00:00\" \/>\n<meta property=\"og:image\" content=\"https:\/\/fleursenvracmtl.com\/wp-content\/uploads\/2024\/07\/CR-P-Carnations-Pink-Bulk-DIY-Bunch-1200.jpg\" \/>\n\t<meta property=\"og:image:width\" content=\"1200\" \/>\n\t<meta property=\"og:image:height\" content=\"1200\" \/>\n\t<meta property=\"og:image:type\" content=\"image\/jpeg\" \/>\n<meta name=\"twitter:card\" content=\"summary_large_image\" \/>\n<meta name=\"twitter:label1\" content=\"Prix\" \/>\n\t<meta name=\"twitter:data1\" content=\"&#036;0.00\" \/>\n\t<meta name=\"twitter:label2\" content=\"Disponibilit\u00e9\" \/>\n\t<meta name=\"twitter:data2\" content=\"En stock\" \/>\n<script type=\"application\/ld+json\" class=\"yoast-schema-graph\">{\"@context\":\"https:\/\/schema.org\",\"@graph\":[{\"@type\":\"WebPage\",\"@id\":\"https:\/\/fleursenvracmtl.com\/fr\/oeillets-roses\/\",\"url\":\"https:\/\/fleursenvracmtl.com\/fr\/oeillets-roses\/\",\"name\":\"\u0152illets roses | Fleurs en vrac Montr\u00e9al\",\"isPartOf\":{\"@id\":\"https:\/\/fleursenvracmtl.com\/en\/#website\"},\"primaryImageOfPage\":{\"@id\":\"https:\/\/fleursenvracmtl.com\/fr\/oeillets-roses\/#primaryimage\"},\"image\":{\"@id\":\"https:\/\/fleursenvracmtl.com\/fr\/oeillets-roses\/#primaryimage\"},\"thumbnailUrl\":\"https:\/\/fleursenvracmtl.com\/wp-content\/uploads\/2024\/07\/CR-P-Carnations-Pink-Bulk-DIY-Bunch-1200.jpg\",\"datePublished\":\"2024-07-04T14:12:40+00:00\",\"dateModified\":\"2026-03-27T14:07:52+00:00\",\"description\":\"\u0152illets roses, fleurs en vrac vendues par bottes \u00e0 Montr\u00e9al. Fleurs durables id\u00e9ales pour \u00e9v\u00e9nements, bouquets et cr\u00e9ations florales romantiques.\",\"breadcrumb\":{\"@id\":\"https:\/\/fleursenvracmtl.com\/fr\/oeillets-roses\/#breadcrumb\"},\"inLanguage\":\"fr-FR\",\"potentialAction\":[{\"@type\":\"ReadAction\",\"target\":[\"https:\/\/fleursenvracmtl.com\/fr\/oeillets-roses\/\"]}]},{\"@type\":\"ImageObject\",\"inLanguage\":\"fr-FR\",\"@id\":\"https:\/\/fleursenvracmtl.com\/fr\/oeillets-roses\/#primaryimage\",\"url\":\"https:\/\/fleursenvracmtl.com\/wp-content\/uploads\/2024\/07\/CR-P-Carnations-Pink-Bulk-DIY-Bunch-1200.jpg\",\"contentUrl\":\"https:\/\/fleursenvracmtl.com\/wp-content\/uploads\/2024\/07\/CR-P-Carnations-Pink-Bulk-DIY-Bunch-1200.jpg\",\"width\":1200,\"height\":1200,\"caption\":\"Carnations Pink Bulk DIY Le Bouquet\"},{\"@type\":\"BreadcrumbList\",\"@id\":\"https:\/\/fleursenvracmtl.com\/fr\/oeillets-roses\/#breadcrumb\",\"itemListElement\":[{\"@type\":\"ListItem\",\"position\":1,\"name\":\"Home\",\"item\":\"https:\/\/fleursenvracmtl.com\/fr\/\"},{\"@type\":\"ListItem\",\"position\":2,\"name\":\"Shop\",\"item\":\"https:\/\/fleursenvracmtl.com\/en\/shop\/\"},{\"@type\":\"ListItem\",\"position\":3,\"name\":\"\u0152illets roses\"}]},{\"@type\":\"WebSite\",\"@id\":\"https:\/\/fleursenvracmtl.com\/en\/#website\",\"url\":\"https:\/\/fleursenvracmtl.com\/en\/\",\"name\":\"Fleurs en Vrac MTL\",\"description\":\"Fleurs en Vrac Mtl - Bulk flower by Le Bouquet\",\"alternateName\":\"Fleurs en Vrac MTL\",\"potentialAction\":[{\"@type\":\"SearchAction\",\"target\":{\"@type\":\"EntryPoint\",\"urlTemplate\":\"https:\/\/fleursenvracmtl.com\/en\/?s={search_term_string}\"},\"query-input\":{\"@type\":\"PropertyValueSpecification\",\"valueRequired\":true,\"valueName\":\"search_term_string\"}}],\"inLanguage\":\"fr-FR\"}]}<\/script>\n<meta property=\"product:price:amount\" content=\"0.00\" \/>\n<meta property=\"product:price:currency\" content=\"CAD\" \/>\n<meta property=\"og:availability\" content=\"instock\" \/>\n<meta property=\"product:availability\" content=\"instock\" \/>\n<meta property=\"product:condition\" content=\"new\" \/>\n<!-- \/ Yoast SEO Premium plugin. -->","yoast_head_json":{"title":"\u0152illets roses | Fleurs en vrac Montr\u00e9al","description":"\u0152illets roses, fleurs en vrac vendues par bottes \u00e0 Montr\u00e9al. Fleurs durables id\u00e9ales pour \u00e9v\u00e9nements, bouquets et cr\u00e9ations florales romantiques.","robots":{"index":"index","follow":"follow","max-snippet":"max-snippet:-1","max-image-preview":"max-image-preview:large","max-video-preview":"max-video-preview:-1"},"canonical":"https:\/\/fleursenvracmtl.com\/fr\/oeillets-roses\/","og_locale":"fr_FR","og_type":"article","og_title":"\u0152illets roses","og_description":"\u0152illets roses, fleurs en vrac vendues par bottes \u00e0 Montr\u00e9al. Fleurs durables id\u00e9ales pour \u00e9v\u00e9nements, bouquets et cr\u00e9ations florales romantiques.","og_url":"https:\/\/fleursenvracmtl.com\/fr\/oeillets-roses\/","og_site_name":"Fleurs en Vrac Mtl","article_publisher":"https:\/\/www.facebook.com\/LeBouquetMTL\/","article_modified_time":"2026-03-27T14:07:52+00:00","og_image":[{"width":1200,"height":1200,"url":"https:\/\/fleursenvracmtl.com\/wp-content\/uploads\/2024\/07\/CR-P-Carnations-Pink-Bulk-DIY-Bunch-1200.jpg","type":"image\/jpeg"}],"twitter_card":"summary_large_image","twitter_misc":{"Prix":"&#36;0.00","Disponibilit\u00e9":"En stock"},"schema":{"@context":"https:\/\/schema.org","@graph":[{"@type":"WebPage","@id":"https:\/\/fleursenvracmtl.com\/fr\/oeillets-roses\/","url":"https:\/\/fleursenvracmtl.com\/fr\/oeillets-roses\/","name":"\u0152illets roses | Fleurs en vrac Montr\u00e9al","isPartOf":{"@id":"https:\/\/fleursenvracmtl.com\/en\/#website"},"primaryImageOfPage":{"@id":"https:\/\/fleursenvracmtl.com\/fr\/oeillets-roses\/#primaryimage"},"image":{"@id":"https:\/\/fleursenvracmtl.com\/fr\/oeillets-roses\/#primaryimage"},"thumbnailUrl":"https:\/\/fleursenvracmtl.com\/wp-content\/uploads\/2024\/07\/CR-P-Carnations-Pink-Bulk-DIY-Bunch-1200.jpg","datePublished":"2024-07-04T14:12:40+00:00","dateModified":"2026-03-27T14:07:52+00:00","description":"\u0152illets roses, fleurs en vrac vendues par bottes \u00e0 Montr\u00e9al. Fleurs durables id\u00e9ales pour \u00e9v\u00e9nements, bouquets et cr\u00e9ations florales romantiques.","breadcrumb":{"@id":"https:\/\/fleursenvracmtl.com\/fr\/oeillets-roses\/#breadcrumb"},"inLanguage":"fr-FR","potentialAction":[{"@type":"ReadAction","target":["https:\/\/fleursenvracmtl.com\/fr\/oeillets-roses\/"]}]},{"@type":"ImageObject","inLanguage":"fr-FR","@id":"https:\/\/fleursenvracmtl.com\/fr\/oeillets-roses\/#primaryimage","url":"https:\/\/fleursenvracmtl.com\/wp-content\/uploads\/2024\/07\/CR-P-Carnations-Pink-Bulk-DIY-Bunch-1200.jpg","contentUrl":"https:\/\/fleursenvracmtl.com\/wp-content\/uploads\/2024\/07\/CR-P-Carnations-Pink-Bulk-DIY-Bunch-1200.jpg","width":1200,"height":1200,"caption":"Carnations Pink Bulk DIY Le Bouquet"},{"@type":"BreadcrumbList","@id":"https:\/\/fleursenvracmtl.com\/fr\/oeillets-roses\/#breadcrumb","itemListElement":[{"@type":"ListItem","position":1,"name":"Home","item":"https:\/\/fleursenvracmtl.com\/fr\/"},{"@type":"ListItem","position":2,"name":"Shop","item":"https:\/\/fleursenvracmtl.com\/en\/shop\/"},{"@type":"ListItem","position":3,"name":"\u0152illets roses"}]},{"@type":"WebSite","@id":"https:\/\/fleursenvracmtl.com\/en\/#website","url":"https:\/\/fleursenvracmtl.com\/en\/","name":"Fleurs en Vrac MTL","description":"Fleurs en Vrac Mtl - Bulk flower by Le Bouquet","alternateName":"Fleurs en Vrac MTL","potentialAction":[{"@type":"SearchAction","target":{"@type":"EntryPoint","urlTemplate":"https:\/\/fleursenvracmtl.com\/en\/?s={search_term_string}"},"query-input":{"@type":"PropertyValueSpecification","valueRequired":true,"valueName":"search_term_string"}}],"inLanguage":"fr-FR"}]},"product_price_amount":"0.00","product_price_currency":"CAD","og_availability":"instock","product_availability":"instock","product_condition":"new"},"_links":{"self":[{"href":"https:\/\/fleursenvracmtl.com\/fr\/wp-json\/wp\/v2\/product\/93617","targetHints":{"allow":["GET"]}}],"collection":[{"href":"https:\/\/fleursenvracmtl.com\/fr\/wp-json\/wp\/v2\/product"}],"about":[{"href":"https:\/\/fleursenvracmtl.com\/fr\/wp-json\/wp\/v2\/types\/product"}],"replies":[{"embeddable":true,"href":"https:\/\/fleursenvracmtl.com\/fr\/wp-json\/wp\/v2\/comments?post=93617"}],"wp:featuredmedia":[{"embeddable":true,"href":"https:\/\/fleursenvracmtl.com\/fr\/wp-json\/wp\/v2\/media\/95031"}],"wp:attachment":[{"href":"https:\/\/fleursenvracmtl.com\/fr\/wp-json\/wp\/v2\/media?parent=93617"}],"wp:term":[{"taxonomy":"recipe","embeddable":true,"href":"https:\/\/fleursenvracmtl.com\/fr\/wp-json\/wp\/v2\/recipe?post=93617"},{"taxonomy":"product_brand","embeddable":true,"href":"https:\/\/fleursenvracmtl.com\/fr\/wp-json\/wp\/v2\/product_brand?post=93617"},{"taxonomy":"product_cat","embeddable":true,"href":"https:\/\/fleursenvracmtl.com\/fr\/wp-json\/wp\/v2\/product_cat?post=93617"},{"taxonomy":"product_tag","embeddable":true,"href":"https:\/\/fleursenvracmtl.com\/fr\/wp-json\/wp\/v2\/product_tag?post=93617"}],"curies":[{"name":"wp","href":"https:\/\/api.w.org\/{rel}","templated":true}]}}