{"id":94155,"date":"2024-07-11T15:06:23","date_gmt":"2024-07-11T19:06:23","guid":{"rendered":"https:\/\/www.lebouquet.com\/daisy-lavendar\/"},"modified":"2026-03-27T10:21:41","modified_gmt":"2026-03-27T14:21:41","slug":"marguerites-lavande","status":"publish","type":"product","link":"https:\/\/fleursenvracmtl.com\/fr\/marguerites-lavande\/","title":{"rendered":"Marguerites lavande"},"content":{"rendered":"<p><span style=\"background-color:white;color:black;\">Les marguerites lavande sont des fleurs coup\u00e9es fra\u00eeches reconnues pour leurs teintes lavande douces et leur \u00e9l\u00e9gance naturelle.<\/span><\/p>\n<p>Les marguerites lavande apportent une atmosph\u00e8re calme et raffin\u00e9e aux cr\u00e9ations florales gr\u00e2ce \u00e0 leurs p\u00e9tales lavande d\u00e9licats et leur fra\u00eecheur naturelle. Leur couleur apaisante s\u2019agence parfaitement avec des fleurs blanches, pastel ou aux tons plus profonds.<\/p>\n<p>Tr\u00e8s appr\u00e9ci\u00e9es pour les bouquets DIY, les bars \u00e0 fleurs, les centres de table et les d\u00e9cors \u00e9v\u00e9nementiels, les marguerites lavande sont souvent utilis\u00e9es pour les mariages, les showers de b\u00e9b\u00e9 et les arrangements floraux saisonniers.<\/p>\n<h3><strong>Caract\u00e9ristiques<\/strong><\/h3>\n<p>Longueur des tiges : environ 60 cm<\/p>\n<p>Couleur : Lavande<\/p>\n<p>Style : Doux, \u00e9l\u00e9gant et polyvalent<\/p>\n<p>Id\u00e9al pour : Mariages, \u00e9v\u00e9nements, cr\u00e9ations DIY, d\u00e9coration int\u00e9rieure et installations florales<\/p>\n","protected":false},"excerpt":{"rendered":"<p>Les marguerites lavande sont des fleurs coup\u00e9es fra\u00eeches reconnues pour leurs teintes lavande douces et leur \u00e9l\u00e9gance naturelle. Les marguerites lavande apportent une atmosph\u00e8re calme et raffin\u00e9e aux cr\u00e9ations florales gr\u00e2ce \u00e0 leurs p\u00e9tales lavande d\u00e9licats et leur fra\u00eecheur naturelle. Leur couleur apaisante s\u2019agence parfaitement avec des fleurs blanches, pastel ou aux tons plus profonds. [&hellip;]<\/p>\n","protected":false},"featured_media":94145,"comment_status":"open","ping_status":"closed","template":"","meta":{"_acf_changed":false},"recipe":[],"product_brand":[],"product_cat":[18341,17412,17169,18355,17453],"product_tag":[],"class_list":{"0":"post-94155","1":"product","2":"type-product","3":"status-publish","4":"has-post-thumbnail","6":"product_cat-fleurs-en-vrac-par-couleur","7":"product_cat-bulk-daisies-chrysanthemums","8":"product_cat-fleurs-en-vrac","9":"product_cat-fleurs-lavande-vrac","10":"product_cat-marguerites-et-chrysanthemes-en-vrac","12":"first","13":"instock","14":"shipping-taxable","15":"purchasable","16":"product-type-simple"},"acf":[],"yoast_head":"<!-- This site is optimized with the Yoast SEO Premium plugin v25.2 (Yoast SEO v26.2) - https:\/\/yoast.com\/wordpress\/plugins\/seo\/ -->\n<title>Bulk Lavender DaisLavender Daisies | Fresh Cut Flowers for Weddings &amp; Events<\/title>\n<meta name=\"description\" content=\"Shop fresh Lavender Daisies with soft lavender petals. Ideal for weddings, events, DIY bouquets, and elegant floral arrangements.\" \/>\n<meta name=\"robots\" content=\"index, follow, max-snippet:-1, max-image-preview:large, max-video-preview:-1\" \/>\n<link rel=\"canonical\" href=\"https:\/\/fleursenvracmtl.com\/fr\/marguerites-lavande\/\" \/>\n<meta property=\"og:locale\" content=\"fr_FR\" \/>\n<meta property=\"og:type\" content=\"article\" \/>\n<meta property=\"og:title\" content=\"Marguerites lavande\" \/>\n<meta property=\"og:description\" content=\"Shop fresh Lavender Daisies with soft lavender petals. Ideal for weddings, events, DIY bouquets, and elegant floral arrangements.\" \/>\n<meta property=\"og:url\" content=\"https:\/\/fleursenvracmtl.com\/fr\/marguerites-lavande\/\" \/>\n<meta property=\"og:site_name\" content=\"Fleurs en Vrac Mtl\" \/>\n<meta property=\"article:publisher\" content=\"https:\/\/www.facebook.com\/LeBouquetMTL\/\" \/>\n<meta property=\"article:modified_time\" content=\"2026-03-27T14:21:41+00:00\" \/>\n<meta property=\"og:image\" content=\"https:\/\/fleursenvracmtl.com\/wp-content\/uploads\/2024\/07\/DU-1AL-Lavendar-daisy-bunch-1200.jpg\" \/>\n\t<meta property=\"og:image:width\" content=\"1200\" \/>\n\t<meta property=\"og:image:height\" content=\"1200\" \/>\n\t<meta property=\"og:image:type\" content=\"image\/jpeg\" \/>\n<meta name=\"twitter:card\" content=\"summary_large_image\" \/>\n<meta name=\"twitter:label1\" content=\"Prix\" \/>\n\t<meta name=\"twitter:data1\" content=\"&#036;0.00\" \/>\n\t<meta name=\"twitter:label2\" content=\"Disponibilit\u00e9\" \/>\n\t<meta name=\"twitter:data2\" content=\"En stock\" \/>\n<script type=\"application\/ld+json\" class=\"yoast-schema-graph\">{\"@context\":\"https:\/\/schema.org\",\"@graph\":[{\"@type\":\"WebPage\",\"@id\":\"https:\/\/fleursenvracmtl.com\/fr\/marguerites-lavande\/\",\"url\":\"https:\/\/fleursenvracmtl.com\/fr\/marguerites-lavande\/\",\"name\":\"Bulk Lavender DaisLavender Daisies | Fresh Cut Flowers for Weddings & Events\",\"isPartOf\":{\"@id\":\"https:\/\/fleursenvracmtl.com\/en\/#website\"},\"primaryImageOfPage\":{\"@id\":\"https:\/\/fleursenvracmtl.com\/fr\/marguerites-lavande\/#primaryimage\"},\"image\":{\"@id\":\"https:\/\/fleursenvracmtl.com\/fr\/marguerites-lavande\/#primaryimage\"},\"thumbnailUrl\":\"https:\/\/fleursenvracmtl.com\/wp-content\/uploads\/2024\/07\/DU-1AL-Lavendar-daisy-bunch-1200.jpg\",\"datePublished\":\"2024-07-11T19:06:23+00:00\",\"dateModified\":\"2026-03-27T14:21:41+00:00\",\"description\":\"Shop fresh Lavender Daisies with soft lavender petals. Ideal for weddings, events, DIY bouquets, and elegant floral arrangements.\",\"breadcrumb\":{\"@id\":\"https:\/\/fleursenvracmtl.com\/fr\/marguerites-lavande\/#breadcrumb\"},\"inLanguage\":\"fr-FR\",\"potentialAction\":[{\"@type\":\"ReadAction\",\"target\":[\"https:\/\/fleursenvracmtl.com\/fr\/marguerites-lavande\/\"]}]},{\"@type\":\"ImageObject\",\"inLanguage\":\"fr-FR\",\"@id\":\"https:\/\/fleursenvracmtl.com\/fr\/marguerites-lavande\/#primaryimage\",\"url\":\"https:\/\/fleursenvracmtl.com\/wp-content\/uploads\/2024\/07\/DU-1AL-Lavendar-daisy-bunch-1200.jpg\",\"contentUrl\":\"https:\/\/fleursenvracmtl.com\/wp-content\/uploads\/2024\/07\/DU-1AL-Lavendar-daisy-bunch-1200.jpg\",\"width\":1200,\"height\":1200,\"caption\":\"Daisies lavendar Bulk DIY Montreal - Le Bouquet\"},{\"@type\":\"BreadcrumbList\",\"@id\":\"https:\/\/fleursenvracmtl.com\/fr\/marguerites-lavande\/#breadcrumb\",\"itemListElement\":[{\"@type\":\"ListItem\",\"position\":1,\"name\":\"Home\",\"item\":\"https:\/\/fleursenvracmtl.com\/fr\/\"},{\"@type\":\"ListItem\",\"position\":2,\"name\":\"Shop\",\"item\":\"https:\/\/fleursenvracmtl.com\/en\/shop\/\"},{\"@type\":\"ListItem\",\"position\":3,\"name\":\"Marguerites lavande\"}]},{\"@type\":\"WebSite\",\"@id\":\"https:\/\/fleursenvracmtl.com\/en\/#website\",\"url\":\"https:\/\/fleursenvracmtl.com\/en\/\",\"name\":\"Fleurs en Vrac MTL\",\"description\":\"Fleurs en Vrac Mtl - Bulk flower by Le Bouquet\",\"alternateName\":\"Fleurs en Vrac MTL\",\"potentialAction\":[{\"@type\":\"SearchAction\",\"target\":{\"@type\":\"EntryPoint\",\"urlTemplate\":\"https:\/\/fleursenvracmtl.com\/en\/?s={search_term_string}\"},\"query-input\":{\"@type\":\"PropertyValueSpecification\",\"valueRequired\":true,\"valueName\":\"search_term_string\"}}],\"inLanguage\":\"fr-FR\"}]}<\/script>\n<meta property=\"product:price:amount\" content=\"0.00\" \/>\n<meta property=\"product:price:currency\" content=\"CAD\" \/>\n<meta property=\"og:availability\" content=\"instock\" \/>\n<meta property=\"product:availability\" content=\"instock\" \/>\n<meta property=\"product:condition\" content=\"new\" \/>\n<!-- \/ Yoast SEO Premium plugin. -->","yoast_head_json":{"title":"Bulk Lavender DaisLavender Daisies | Fresh Cut Flowers for Weddings & Events","description":"Shop fresh Lavender Daisies with soft lavender petals. Ideal for weddings, events, DIY bouquets, and elegant floral arrangements.","robots":{"index":"index","follow":"follow","max-snippet":"max-snippet:-1","max-image-preview":"max-image-preview:large","max-video-preview":"max-video-preview:-1"},"canonical":"https:\/\/fleursenvracmtl.com\/fr\/marguerites-lavande\/","og_locale":"fr_FR","og_type":"article","og_title":"Marguerites lavande","og_description":"Shop fresh Lavender Daisies with soft lavender petals. Ideal for weddings, events, DIY bouquets, and elegant floral arrangements.","og_url":"https:\/\/fleursenvracmtl.com\/fr\/marguerites-lavande\/","og_site_name":"Fleurs en Vrac Mtl","article_publisher":"https:\/\/www.facebook.com\/LeBouquetMTL\/","article_modified_time":"2026-03-27T14:21:41+00:00","og_image":[{"width":1200,"height":1200,"url":"https:\/\/fleursenvracmtl.com\/wp-content\/uploads\/2024\/07\/DU-1AL-Lavendar-daisy-bunch-1200.jpg","type":"image\/jpeg"}],"twitter_card":"summary_large_image","twitter_misc":{"Prix":"&#36;0.00","Disponibilit\u00e9":"En stock"},"schema":{"@context":"https:\/\/schema.org","@graph":[{"@type":"WebPage","@id":"https:\/\/fleursenvracmtl.com\/fr\/marguerites-lavande\/","url":"https:\/\/fleursenvracmtl.com\/fr\/marguerites-lavande\/","name":"Bulk Lavender DaisLavender Daisies | Fresh Cut Flowers for Weddings & Events","isPartOf":{"@id":"https:\/\/fleursenvracmtl.com\/en\/#website"},"primaryImageOfPage":{"@id":"https:\/\/fleursenvracmtl.com\/fr\/marguerites-lavande\/#primaryimage"},"image":{"@id":"https:\/\/fleursenvracmtl.com\/fr\/marguerites-lavande\/#primaryimage"},"thumbnailUrl":"https:\/\/fleursenvracmtl.com\/wp-content\/uploads\/2024\/07\/DU-1AL-Lavendar-daisy-bunch-1200.jpg","datePublished":"2024-07-11T19:06:23+00:00","dateModified":"2026-03-27T14:21:41+00:00","description":"Shop fresh Lavender Daisies with soft lavender petals. Ideal for weddings, events, DIY bouquets, and elegant floral arrangements.","breadcrumb":{"@id":"https:\/\/fleursenvracmtl.com\/fr\/marguerites-lavande\/#breadcrumb"},"inLanguage":"fr-FR","potentialAction":[{"@type":"ReadAction","target":["https:\/\/fleursenvracmtl.com\/fr\/marguerites-lavande\/"]}]},{"@type":"ImageObject","inLanguage":"fr-FR","@id":"https:\/\/fleursenvracmtl.com\/fr\/marguerites-lavande\/#primaryimage","url":"https:\/\/fleursenvracmtl.com\/wp-content\/uploads\/2024\/07\/DU-1AL-Lavendar-daisy-bunch-1200.jpg","contentUrl":"https:\/\/fleursenvracmtl.com\/wp-content\/uploads\/2024\/07\/DU-1AL-Lavendar-daisy-bunch-1200.jpg","width":1200,"height":1200,"caption":"Daisies lavendar Bulk DIY Montreal - Le Bouquet"},{"@type":"BreadcrumbList","@id":"https:\/\/fleursenvracmtl.com\/fr\/marguerites-lavande\/#breadcrumb","itemListElement":[{"@type":"ListItem","position":1,"name":"Home","item":"https:\/\/fleursenvracmtl.com\/fr\/"},{"@type":"ListItem","position":2,"name":"Shop","item":"https:\/\/fleursenvracmtl.com\/en\/shop\/"},{"@type":"ListItem","position":3,"name":"Marguerites lavande"}]},{"@type":"WebSite","@id":"https:\/\/fleursenvracmtl.com\/en\/#website","url":"https:\/\/fleursenvracmtl.com\/en\/","name":"Fleurs en Vrac MTL","description":"Fleurs en Vrac Mtl - Bulk flower by Le Bouquet","alternateName":"Fleurs en Vrac MTL","potentialAction":[{"@type":"SearchAction","target":{"@type":"EntryPoint","urlTemplate":"https:\/\/fleursenvracmtl.com\/en\/?s={search_term_string}"},"query-input":{"@type":"PropertyValueSpecification","valueRequired":true,"valueName":"search_term_string"}}],"inLanguage":"fr-FR"}]},"product_price_amount":"0.00","product_price_currency":"CAD","og_availability":"instock","product_availability":"instock","product_condition":"new"},"_links":{"self":[{"href":"https:\/\/fleursenvracmtl.com\/fr\/wp-json\/wp\/v2\/product\/94155","targetHints":{"allow":["GET"]}}],"collection":[{"href":"https:\/\/fleursenvracmtl.com\/fr\/wp-json\/wp\/v2\/product"}],"about":[{"href":"https:\/\/fleursenvracmtl.com\/fr\/wp-json\/wp\/v2\/types\/product"}],"replies":[{"embeddable":true,"href":"https:\/\/fleursenvracmtl.com\/fr\/wp-json\/wp\/v2\/comments?post=94155"}],"wp:featuredmedia":[{"embeddable":true,"href":"https:\/\/fleursenvracmtl.com\/fr\/wp-json\/wp\/v2\/media\/94145"}],"wp:attachment":[{"href":"https:\/\/fleursenvracmtl.com\/fr\/wp-json\/wp\/v2\/media?parent=94155"}],"wp:term":[{"taxonomy":"recipe","embeddable":true,"href":"https:\/\/fleursenvracmtl.com\/fr\/wp-json\/wp\/v2\/recipe?post=94155"},{"taxonomy":"product_brand","embeddable":true,"href":"https:\/\/fleursenvracmtl.com\/fr\/wp-json\/wp\/v2\/product_brand?post=94155"},{"taxonomy":"product_cat","embeddable":true,"href":"https:\/\/fleursenvracmtl.com\/fr\/wp-json\/wp\/v2\/product_cat?post=94155"},{"taxonomy":"product_tag","embeddable":true,"href":"https:\/\/fleursenvracmtl.com\/fr\/wp-json\/wp\/v2\/product_tag?post=94155"}],"curies":[{"name":"wp","href":"https:\/\/api.w.org\/{rel}","templated":true}]}}