{"id":94192,"date":"2024-07-11T20:26:19","date_gmt":"2024-07-12T00:26:19","guid":{"rendered":"https:\/\/www.lebouquet.com\/rose-assorted-40cm\/"},"modified":"2026-03-27T11:10:56","modified_gmt":"2026-03-27T15:10:56","slug":"roses-en-vrac-assorties-40cm","status":"publish","type":"product","link":"https:\/\/fleursenvracmtl.com\/fr\/roses-en-vrac-assorties-40cm\/","title":{"rendered":"Roses en vrac assorties \u2013 40 cm"},"content":{"rendered":"<h3>Transformez vos \u00e9v\u00e9nements sp\u00e9ciaux et projets de brico avec nos roses de couleurs assorties !<\/h3>\n<p>Pr\u00e9parez-vous pour un \u00e9v\u00e9nement sp\u00e9cial ou travaillez sur un projet fabuleux de bricolage? \u00c9conomisez gros lorsque vous achetez en gros !<\/p>\n<p>Nos roses Freedom symbolisent l&rsquo;\u00e9l\u00e9gance avec leur teinte rouge profonde et leurs grandes fleurs en forme de coupe aux p\u00e9tales velout\u00e9s. Elles ajoutent une touche \u00e9clatante aux bouquets et arrangements floraux.<\/p>\n<p><strong>Tarification sp\u00e9ciale :<\/strong> Plus vous achetez, plus vous \u00e9conomisez gr\u00e2ce \u00e0 nos r\u00e9ductions bas\u00e9es sur le volume.<\/p>\n<p><strong>Emballage :<\/strong> Les roses sont soigneusement emball\u00e9es par groupes de 25 et exp\u00e9di\u00e9es dans une bo\u00eete robuste. Chaque tige mesure entre 30 et 40 cm de longueur.<\/p>\n<p><strong>Couleurs: <\/strong>Pour les commandes de 25 \u00e0 75 roses, attendez-vous \u00e0 3 couleurs. Pour les commandes de 125 \u00e0 250 roses, attendez-vous \u00e0 un minimum de 4 couleurs. <strong>Les couleurs sont s\u00e9lectionn\u00e9es par la ferme.<\/strong><\/p>\n<p><strong>Fra\u00eecheur garantie :<\/strong> Nos fleurs en gros vous sont livr\u00e9es exactement comme elles arrivent de la ferme, n&rsquo;ayant pas \u00e9t\u00e9 manipul\u00e9es ou arrang\u00e9es.&nbsp;<\/p>\n<p><strong>Commandes: <\/strong>Pour garantir votre commande, nous vous recommandons id\u00e9alement de la passer 14 jours \u00e0 l&rsquo;avance. Cependant, n&rsquo;h\u00e9sitez pas \u00e0 nous contacter et nous ferons de notre mieux pour vous accommoder.<\/p>\n","protected":false},"excerpt":{"rendered":"<p><strong>Instructions sp\u00e9ciales de soin :<\/strong><\/p>\n<p>Pour optimiser leur floraison et la long\u00e9vit\u00e9 de vos fleurs, suivez ces directives :<\/p>\n<ol>\n<li>Remplissez un seau ou plusieurs vases d&rsquo;eau propre.<\/li>\n<li>Ajoutez les sachets de nourriture pour fleurs dans l&rsquo;eau (selon les instructions) et assurez-vous qu&rsquo;elle se dissolve compl\u00e8tement.&nbsp;<\/li>\n<li>Retirez les feuilles inf\u00e9rieures des tiges pour \u00e9viter la contamination de l&rsquo;eau par les bact\u00e9ries.<\/li>\n<li>Retirez les p\u00e9tales ext\u00e9rieures de la t\u00eate de la rose qui ont \u00e9t\u00e9 laiss\u00e9es pour la prot\u00e9ger. Ces p\u00e9tales ext\u00e9rieures peuvent sembler d\u00e9color\u00e9es; c&rsquo;est normal.<\/li>\n<li>Utilisez un couteau ou une lame non dentel\u00e9e (du genre exacto) pour couper les tiges d&rsquo;environ 2.5 cm \u00e0 un angle de 45 degr\u00e9s.<\/li>\n<li>Placez les tiges dans de l&rsquo;eau \u00e0 temp\u00e9rature ambiante.<\/li>\n<li>Recoupez les tiges et changez l&rsquo;eau tous les deux jours pour maintenir une fra\u00eecheur maximale.<\/li>\n<\/ol>\n<p>Gardez les roses \u00e0 l&rsquo;abri de la lumi\u00e8re directe du soleil, des temp\u00e9ratures froides et des fruits, car les gaz des fruits peuvent les faire faner.<\/p>\n<p>&nbsp;<\/p>\n","protected":false},"featured_media":97056,"comment_status":"open","ping_status":"closed","template":"","meta":{"_acf_changed":false},"recipe":[],"product_brand":[],"product_cat":[7554,17396,17154,17478],"product_tag":[],"class_list":{"0":"post-94192","1":"product","2":"type-product","3":"status-publish","4":"has-post-thumbnail","6":"product_cat-populaires","7":"product_cat-roses-en-vrac","8":"product_cat-best-seller-fr","9":"product_cat-roses-en-vrac-40-cm","11":"first","12":"instock","13":"shipping-taxable","14":"purchasable","15":"product-type-simple"},"acf":[],"yoast_head":"<!-- This site is optimized with the Yoast SEO Premium plugin v25.2 (Yoast SEO v26.2) - https:\/\/yoast.com\/wordpress\/plugins\/seo\/ -->\n<title>Bulk Assorted Roses \u2013 40 cm | Wholesale Fresh Roses<\/title>\n<meta name=\"description\" content=\"Brighten any occasion with our bulk assorted roses in 40 cm length, available online in Montreal. Ideal for floral arrangements, events, and everyday designs. Order fresh roses online today.\" \/>\n<meta name=\"robots\" content=\"index, follow, max-snippet:-1, max-image-preview:large, max-video-preview:-1\" \/>\n<link rel=\"canonical\" href=\"https:\/\/fleursenvracmtl.com\/fr\/roses-en-vrac-assorties-40cm\/\" \/>\n<meta property=\"og:locale\" content=\"fr_FR\" \/>\n<meta property=\"og:type\" content=\"article\" \/>\n<meta property=\"og:title\" content=\"Roses en vrac assorties \u2013 40 cm\" \/>\n<meta property=\"og:description\" content=\"Brighten any occasion with our bulk assorted roses in 40 cm length, available online in Montreal. Ideal for floral arrangements, events, and everyday designs. Order fresh roses online today.\" \/>\n<meta property=\"og:url\" content=\"https:\/\/fleursenvracmtl.com\/fr\/roses-en-vrac-assorties-40cm\/\" \/>\n<meta property=\"og:site_name\" content=\"Fleurs en Vrac Mtl\" \/>\n<meta property=\"article:publisher\" content=\"https:\/\/www.facebook.com\/LeBouquetMTL\/\" \/>\n<meta property=\"article:modified_time\" content=\"2026-03-27T15:10:56+00:00\" \/>\n<meta property=\"og:image\" content=\"https:\/\/fleursenvracmtl.com\/wp-content\/uploads\/2024\/08\/MU-5AS-assorted-roses-3-bunches.jpg\" \/>\n\t<meta property=\"og:image:width\" content=\"1200\" \/>\n\t<meta property=\"og:image:height\" content=\"1200\" \/>\n\t<meta property=\"og:image:type\" content=\"image\/jpeg\" \/>\n<meta name=\"twitter:card\" content=\"summary_large_image\" \/>\n<meta name=\"twitter:label1\" content=\"Prix\" \/>\n\t<meta name=\"twitter:data1\" content=\"&#036;0.00\" \/>\n\t<meta name=\"twitter:label2\" content=\"Disponibilit\u00e9\" \/>\n\t<meta name=\"twitter:data2\" content=\"En stock\" \/>\n<script type=\"application\/ld+json\" class=\"yoast-schema-graph\">{\"@context\":\"https:\/\/schema.org\",\"@graph\":[{\"@type\":\"WebPage\",\"@id\":\"https:\/\/fleursenvracmtl.com\/fr\/roses-en-vrac-assorties-40cm\/\",\"url\":\"https:\/\/fleursenvracmtl.com\/fr\/roses-en-vrac-assorties-40cm\/\",\"name\":\"Bulk Assorted Roses \u2013 40 cm | Wholesale Fresh Roses\",\"isPartOf\":{\"@id\":\"https:\/\/fleursenvracmtl.com\/en\/#website\"},\"primaryImageOfPage\":{\"@id\":\"https:\/\/fleursenvracmtl.com\/fr\/roses-en-vrac-assorties-40cm\/#primaryimage\"},\"image\":{\"@id\":\"https:\/\/fleursenvracmtl.com\/fr\/roses-en-vrac-assorties-40cm\/#primaryimage\"},\"thumbnailUrl\":\"https:\/\/fleursenvracmtl.com\/wp-content\/uploads\/2024\/08\/MU-5AS-assorted-roses-3-bunches.jpg\",\"datePublished\":\"2024-07-12T00:26:19+00:00\",\"dateModified\":\"2026-03-27T15:10:56+00:00\",\"description\":\"Brighten any occasion with our bulk assorted roses in 40 cm length, available online in Montreal. Ideal for floral arrangements, events, and everyday designs. Order fresh roses online today.\",\"breadcrumb\":{\"@id\":\"https:\/\/fleursenvracmtl.com\/fr\/roses-en-vrac-assorties-40cm\/#breadcrumb\"},\"inLanguage\":\"fr-FR\",\"potentialAction\":[{\"@type\":\"ReadAction\",\"target\":[\"https:\/\/fleursenvracmtl.com\/fr\/roses-en-vrac-assorties-40cm\/\"]}]},{\"@type\":\"ImageObject\",\"inLanguage\":\"fr-FR\",\"@id\":\"https:\/\/fleursenvracmtl.com\/fr\/roses-en-vrac-assorties-40cm\/#primaryimage\",\"url\":\"https:\/\/fleursenvracmtl.com\/wp-content\/uploads\/2024\/08\/MU-5AS-assorted-roses-3-bunches.jpg\",\"contentUrl\":\"https:\/\/fleursenvracmtl.com\/wp-content\/uploads\/2024\/08\/MU-5AS-assorted-roses-3-bunches.jpg\",\"width\":1200,\"height\":1200,\"caption\":\"assorted roses 40cm\"},{\"@type\":\"BreadcrumbList\",\"@id\":\"https:\/\/fleursenvracmtl.com\/fr\/roses-en-vrac-assorties-40cm\/#breadcrumb\",\"itemListElement\":[{\"@type\":\"ListItem\",\"position\":1,\"name\":\"Home\",\"item\":\"https:\/\/fleursenvracmtl.com\/fr\/\"},{\"@type\":\"ListItem\",\"position\":2,\"name\":\"Shop\",\"item\":\"https:\/\/fleursenvracmtl.com\/en\/shop\/\"},{\"@type\":\"ListItem\",\"position\":3,\"name\":\"Roses en vrac assorties \u2013 40 cm\"}]},{\"@type\":\"WebSite\",\"@id\":\"https:\/\/fleursenvracmtl.com\/en\/#website\",\"url\":\"https:\/\/fleursenvracmtl.com\/en\/\",\"name\":\"Fleurs en Vrac MTL\",\"description\":\"Fleurs en Vrac Mtl - Bulk flower by Le Bouquet\",\"alternateName\":\"Fleurs en Vrac MTL\",\"potentialAction\":[{\"@type\":\"SearchAction\",\"target\":{\"@type\":\"EntryPoint\",\"urlTemplate\":\"https:\/\/fleursenvracmtl.com\/en\/?s={search_term_string}\"},\"query-input\":{\"@type\":\"PropertyValueSpecification\",\"valueRequired\":true,\"valueName\":\"search_term_string\"}}],\"inLanguage\":\"fr-FR\"}]}<\/script>\n<meta property=\"product:price:amount\" content=\"0.00\" \/>\n<meta property=\"product:price:currency\" content=\"CAD\" \/>\n<meta property=\"og:availability\" content=\"instock\" \/>\n<meta property=\"product:availability\" content=\"instock\" \/>\n<meta property=\"product:condition\" content=\"new\" \/>\n<!-- \/ Yoast SEO Premium plugin. -->","yoast_head_json":{"title":"Bulk Assorted Roses \u2013 40 cm | Wholesale Fresh Roses","description":"Brighten any occasion with our bulk assorted roses in 40 cm length, available online in Montreal. Ideal for floral arrangements, events, and everyday designs. Order fresh roses online today.","robots":{"index":"index","follow":"follow","max-snippet":"max-snippet:-1","max-image-preview":"max-image-preview:large","max-video-preview":"max-video-preview:-1"},"canonical":"https:\/\/fleursenvracmtl.com\/fr\/roses-en-vrac-assorties-40cm\/","og_locale":"fr_FR","og_type":"article","og_title":"Roses en vrac assorties \u2013 40 cm","og_description":"Brighten any occasion with our bulk assorted roses in 40 cm length, available online in Montreal. Ideal for floral arrangements, events, and everyday designs. Order fresh roses online today.","og_url":"https:\/\/fleursenvracmtl.com\/fr\/roses-en-vrac-assorties-40cm\/","og_site_name":"Fleurs en Vrac Mtl","article_publisher":"https:\/\/www.facebook.com\/LeBouquetMTL\/","article_modified_time":"2026-03-27T15:10:56+00:00","og_image":[{"width":1200,"height":1200,"url":"https:\/\/fleursenvracmtl.com\/wp-content\/uploads\/2024\/08\/MU-5AS-assorted-roses-3-bunches.jpg","type":"image\/jpeg"}],"twitter_card":"summary_large_image","twitter_misc":{"Prix":"&#36;0.00","Disponibilit\u00e9":"En stock"},"schema":{"@context":"https:\/\/schema.org","@graph":[{"@type":"WebPage","@id":"https:\/\/fleursenvracmtl.com\/fr\/roses-en-vrac-assorties-40cm\/","url":"https:\/\/fleursenvracmtl.com\/fr\/roses-en-vrac-assorties-40cm\/","name":"Bulk Assorted Roses \u2013 40 cm | Wholesale Fresh Roses","isPartOf":{"@id":"https:\/\/fleursenvracmtl.com\/en\/#website"},"primaryImageOfPage":{"@id":"https:\/\/fleursenvracmtl.com\/fr\/roses-en-vrac-assorties-40cm\/#primaryimage"},"image":{"@id":"https:\/\/fleursenvracmtl.com\/fr\/roses-en-vrac-assorties-40cm\/#primaryimage"},"thumbnailUrl":"https:\/\/fleursenvracmtl.com\/wp-content\/uploads\/2024\/08\/MU-5AS-assorted-roses-3-bunches.jpg","datePublished":"2024-07-12T00:26:19+00:00","dateModified":"2026-03-27T15:10:56+00:00","description":"Brighten any occasion with our bulk assorted roses in 40 cm length, available online in Montreal. Ideal for floral arrangements, events, and everyday designs. Order fresh roses online today.","breadcrumb":{"@id":"https:\/\/fleursenvracmtl.com\/fr\/roses-en-vrac-assorties-40cm\/#breadcrumb"},"inLanguage":"fr-FR","potentialAction":[{"@type":"ReadAction","target":["https:\/\/fleursenvracmtl.com\/fr\/roses-en-vrac-assorties-40cm\/"]}]},{"@type":"ImageObject","inLanguage":"fr-FR","@id":"https:\/\/fleursenvracmtl.com\/fr\/roses-en-vrac-assorties-40cm\/#primaryimage","url":"https:\/\/fleursenvracmtl.com\/wp-content\/uploads\/2024\/08\/MU-5AS-assorted-roses-3-bunches.jpg","contentUrl":"https:\/\/fleursenvracmtl.com\/wp-content\/uploads\/2024\/08\/MU-5AS-assorted-roses-3-bunches.jpg","width":1200,"height":1200,"caption":"assorted roses 40cm"},{"@type":"BreadcrumbList","@id":"https:\/\/fleursenvracmtl.com\/fr\/roses-en-vrac-assorties-40cm\/#breadcrumb","itemListElement":[{"@type":"ListItem","position":1,"name":"Home","item":"https:\/\/fleursenvracmtl.com\/fr\/"},{"@type":"ListItem","position":2,"name":"Shop","item":"https:\/\/fleursenvracmtl.com\/en\/shop\/"},{"@type":"ListItem","position":3,"name":"Roses en vrac assorties \u2013 40 cm"}]},{"@type":"WebSite","@id":"https:\/\/fleursenvracmtl.com\/en\/#website","url":"https:\/\/fleursenvracmtl.com\/en\/","name":"Fleurs en Vrac MTL","description":"Fleurs en Vrac Mtl - Bulk flower by Le Bouquet","alternateName":"Fleurs en Vrac MTL","potentialAction":[{"@type":"SearchAction","target":{"@type":"EntryPoint","urlTemplate":"https:\/\/fleursenvracmtl.com\/en\/?s={search_term_string}"},"query-input":{"@type":"PropertyValueSpecification","valueRequired":true,"valueName":"search_term_string"}}],"inLanguage":"fr-FR"}]},"product_price_amount":"0.00","product_price_currency":"CAD","og_availability":"instock","product_availability":"instock","product_condition":"new"},"_links":{"self":[{"href":"https:\/\/fleursenvracmtl.com\/fr\/wp-json\/wp\/v2\/product\/94192","targetHints":{"allow":["GET"]}}],"collection":[{"href":"https:\/\/fleursenvracmtl.com\/fr\/wp-json\/wp\/v2\/product"}],"about":[{"href":"https:\/\/fleursenvracmtl.com\/fr\/wp-json\/wp\/v2\/types\/product"}],"replies":[{"embeddable":true,"href":"https:\/\/fleursenvracmtl.com\/fr\/wp-json\/wp\/v2\/comments?post=94192"}],"wp:featuredmedia":[{"embeddable":true,"href":"https:\/\/fleursenvracmtl.com\/fr\/wp-json\/wp\/v2\/media\/97056"}],"wp:attachment":[{"href":"https:\/\/fleursenvracmtl.com\/fr\/wp-json\/wp\/v2\/media?parent=94192"}],"wp:term":[{"taxonomy":"recipe","embeddable":true,"href":"https:\/\/fleursenvracmtl.com\/fr\/wp-json\/wp\/v2\/recipe?post=94192"},{"taxonomy":"product_brand","embeddable":true,"href":"https:\/\/fleursenvracmtl.com\/fr\/wp-json\/wp\/v2\/product_brand?post=94192"},{"taxonomy":"product_cat","embeddable":true,"href":"https:\/\/fleursenvracmtl.com\/fr\/wp-json\/wp\/v2\/product_cat?post=94192"},{"taxonomy":"product_tag","embeddable":true,"href":"https:\/\/fleursenvracmtl.com\/fr\/wp-json\/wp\/v2\/product_tag?post=94192"}],"curies":[{"name":"wp","href":"https:\/\/api.w.org\/{rel}","templated":true}]}}