{"id":94209,"date":"2024-07-11T20:45:24","date_gmt":"2024-07-12T00:45:24","guid":{"rendered":"https:\/\/www.lebouquet.com\/rose-assorted-70cm\/"},"modified":"2026-03-27T11:30:25","modified_gmt":"2026-03-27T15:30:25","slug":"roses-en-vrac-assorties-70-cm","status":"publish","type":"product","link":"https:\/\/fleursenvracmtl.com\/fr\/roses-en-vrac-assorties-70-cm\/","title":{"rendered":"Roses en vrac assorties \u2013 70 cm"},"content":{"rendered":"<p>Les <strong>roses en vrac assorties \u2013 70 cm<\/strong> repr\u00e9sentent une option haut de gamme pour les projets floraux n\u00e9cessitant hauteur, volume et impact visuel. Propos\u00e9es dans un assortiment de couleurs s\u00e9lectionn\u00e9 par la ferme, elles permettent de cr\u00e9er des compositions \u00e9quilibr\u00e9es et expressives sans contrainte de couleur unique.<\/p>\n<p>La s\u00e9lection des couleurs est effectu\u00e9e par la ferme selon la disponibilit\u00e9 au moment de la r\u00e9colte. Pour les commandes de <strong>25 \u00e0 75 roses<\/strong>, pr\u00e9voir <strong>environ trois couleurs<\/strong>. Pour les commandes de <strong>125 \u00e0 250 roses<\/strong>, un <strong>minimum de quatre couleurs<\/strong> est g\u00e9n\u00e9ralement inclus. Il n\u2019est pas possible de demander ou de garantir des couleurs pr\u00e9cises.<\/p>\n<p>Avec une longueur de tige de 70 cm, ces roses assorties offrent une pr\u00e9sence marqu\u00e9e et sont particuli\u00e8rement adapt\u00e9es aux grands bouquets, aux \u00e9v\u00e9nements d\u2019envergure, aux installations florales et aux cr\u00e9ations spectaculaires.<\/p>\n<p>Principalement issues de fermes de qualit\u00e9 en \u00c9quateur, les roses assorties en vrac sont livr\u00e9es directement de la ferme et n\u00e9cessitent une pr\u00e9paration standard avant utilisation.<\/p>\n<h4>Caract\u00e9ristiques principales<\/h4>\n<p>&#8211; Longueur : 70 cm<br \/>&#8211; Couleur : assortie<br \/>&#8211; Id\u00e9al pour : compositions florales DIY, mariages, \u00e9v\u00e9nements, d\u00e9coration int\u00e9rieure<\/p>\n","protected":false},"excerpt":{"rendered":"<p>Les roses en vrac assorties \u2013 70 cm repr\u00e9sentent une option haut de gamme pour les projets floraux n\u00e9cessitant hauteur, volume et impact visuel. Propos\u00e9es dans un assortiment de couleurs s\u00e9lectionn\u00e9 par la ferme, elles permettent de cr\u00e9er des compositions \u00e9quilibr\u00e9es et expressives sans contrainte de couleur unique. La s\u00e9lection des couleurs est effectu\u00e9e par [&hellip;]<\/p>\n","protected":false},"featured_media":97060,"comment_status":"open","ping_status":"closed","template":"","meta":{"_acf_changed":false},"recipe":[],"product_brand":[],"product_cat":[17396,15,17481],"product_tag":[],"class_list":{"0":"post-94209","1":"product","2":"type-product","3":"status-publish","4":"has-post-thumbnail","6":"product_cat-roses-en-vrac","7":"product_cat-uncategorized","8":"product_cat-roses-en-vrac-70-cm","10":"first","11":"instock","12":"shipping-taxable","13":"purchasable","14":"product-type-simple"},"acf":[],"yoast_head":"<!-- This site is optimized with the Yoast SEO Premium plugin v25.2 (Yoast SEO v26.2) - https:\/\/yoast.com\/wordpress\/plugins\/seo\/ -->\n<title>Bulk Assorted Roses 70 cm | Mixed Color Roses in Bulk | Montreal | Fleurs en Vrac MTL<\/title>\n<meta name=\"description\" content=\"Bulk assorted roses with 70 cm stems, offered in a farm-selected mix of colors. Ideal for large arrangements, weddings, and events in Montreal.\" \/>\n<meta name=\"robots\" content=\"index, follow, max-snippet:-1, max-image-preview:large, max-video-preview:-1\" \/>\n<link rel=\"canonical\" href=\"https:\/\/fleursenvracmtl.com\/fr\/roses-en-vrac-assorties-70-cm\/\" \/>\n<meta property=\"og:locale\" content=\"fr_FR\" \/>\n<meta property=\"og:type\" content=\"article\" \/>\n<meta property=\"og:title\" content=\"Roses en vrac assorties \u2013 70 cm\" \/>\n<meta property=\"og:description\" content=\"Bulk assorted roses with 70 cm stems, offered in a farm-selected mix of colors. Ideal for large arrangements, weddings, and events in Montreal.\" \/>\n<meta property=\"og:url\" content=\"https:\/\/fleursenvracmtl.com\/fr\/roses-en-vrac-assorties-70-cm\/\" \/>\n<meta property=\"og:site_name\" content=\"Fleurs en Vrac Mtl\" \/>\n<meta property=\"article:publisher\" content=\"https:\/\/www.facebook.com\/LeBouquetMTL\/\" \/>\n<meta property=\"article:modified_time\" content=\"2026-03-27T15:30:25+00:00\" \/>\n<meta property=\"og:image\" content=\"https:\/\/fleursenvracmtl.com\/wp-content\/uploads\/2024\/08\/MU-5as-Assoretd-roses-3-bunches.jpg\" \/>\n\t<meta property=\"og:image:width\" content=\"1200\" \/>\n\t<meta property=\"og:image:height\" content=\"1200\" \/>\n\t<meta property=\"og:image:type\" content=\"image\/jpeg\" \/>\n<meta name=\"twitter:card\" content=\"summary_large_image\" \/>\n<meta name=\"twitter:label1\" content=\"Prix\" \/>\n\t<meta name=\"twitter:data1\" content=\"&#036;0.00\" \/>\n\t<meta name=\"twitter:label2\" content=\"Disponibilit\u00e9\" \/>\n\t<meta name=\"twitter:data2\" content=\"En stock\" \/>\n<script type=\"application\/ld+json\" class=\"yoast-schema-graph\">{\"@context\":\"https:\/\/schema.org\",\"@graph\":[{\"@type\":\"WebPage\",\"@id\":\"https:\/\/fleursenvracmtl.com\/fr\/roses-en-vrac-assorties-70-cm\/\",\"url\":\"https:\/\/fleursenvracmtl.com\/fr\/roses-en-vrac-assorties-70-cm\/\",\"name\":\"Bulk Assorted Roses 70 cm | Mixed Color Roses in Bulk | Montreal | Fleurs en Vrac MTL\",\"isPartOf\":{\"@id\":\"https:\/\/fleursenvracmtl.com\/en\/#website\"},\"primaryImageOfPage\":{\"@id\":\"https:\/\/fleursenvracmtl.com\/fr\/roses-en-vrac-assorties-70-cm\/#primaryimage\"},\"image\":{\"@id\":\"https:\/\/fleursenvracmtl.com\/fr\/roses-en-vrac-assorties-70-cm\/#primaryimage\"},\"thumbnailUrl\":\"https:\/\/fleursenvracmtl.com\/wp-content\/uploads\/2024\/08\/MU-5as-Assoretd-roses-3-bunches.jpg\",\"datePublished\":\"2024-07-12T00:45:24+00:00\",\"dateModified\":\"2026-03-27T15:30:25+00:00\",\"description\":\"Bulk assorted roses with 70 cm stems, offered in a farm-selected mix of colors. Ideal for large arrangements, weddings, and events in Montreal.\",\"breadcrumb\":{\"@id\":\"https:\/\/fleursenvracmtl.com\/fr\/roses-en-vrac-assorties-70-cm\/#breadcrumb\"},\"inLanguage\":\"fr-FR\",\"potentialAction\":[{\"@type\":\"ReadAction\",\"target\":[\"https:\/\/fleursenvracmtl.com\/fr\/roses-en-vrac-assorties-70-cm\/\"]}]},{\"@type\":\"ImageObject\",\"inLanguage\":\"fr-FR\",\"@id\":\"https:\/\/fleursenvracmtl.com\/fr\/roses-en-vrac-assorties-70-cm\/#primaryimage\",\"url\":\"https:\/\/fleursenvracmtl.com\/wp-content\/uploads\/2024\/08\/MU-5as-Assoretd-roses-3-bunches.jpg\",\"contentUrl\":\"https:\/\/fleursenvracmtl.com\/wp-content\/uploads\/2024\/08\/MU-5as-Assoretd-roses-3-bunches.jpg\",\"width\":1200,\"height\":1200},{\"@type\":\"BreadcrumbList\",\"@id\":\"https:\/\/fleursenvracmtl.com\/fr\/roses-en-vrac-assorties-70-cm\/#breadcrumb\",\"itemListElement\":[{\"@type\":\"ListItem\",\"position\":1,\"name\":\"Home\",\"item\":\"https:\/\/fleursenvracmtl.com\/fr\/\"},{\"@type\":\"ListItem\",\"position\":2,\"name\":\"Shop\",\"item\":\"https:\/\/fleursenvracmtl.com\/en\/shop\/\"},{\"@type\":\"ListItem\",\"position\":3,\"name\":\"Roses en vrac assorties \u2013 70 cm\"}]},{\"@type\":\"WebSite\",\"@id\":\"https:\/\/fleursenvracmtl.com\/en\/#website\",\"url\":\"https:\/\/fleursenvracmtl.com\/en\/\",\"name\":\"Fleurs en Vrac MTL\",\"description\":\"Fleurs en Vrac Mtl - Bulk flower by Le Bouquet\",\"alternateName\":\"Fleurs en Vrac MTL\",\"potentialAction\":[{\"@type\":\"SearchAction\",\"target\":{\"@type\":\"EntryPoint\",\"urlTemplate\":\"https:\/\/fleursenvracmtl.com\/en\/?s={search_term_string}\"},\"query-input\":{\"@type\":\"PropertyValueSpecification\",\"valueRequired\":true,\"valueName\":\"search_term_string\"}}],\"inLanguage\":\"fr-FR\"}]}<\/script>\n<meta property=\"product:price:amount\" content=\"0.00\" \/>\n<meta property=\"product:price:currency\" content=\"CAD\" \/>\n<meta property=\"og:availability\" content=\"instock\" \/>\n<meta property=\"product:availability\" content=\"instock\" \/>\n<meta property=\"product:condition\" content=\"new\" \/>\n<!-- \/ Yoast SEO Premium plugin. -->","yoast_head_json":{"title":"Bulk Assorted Roses 70 cm | Mixed Color Roses in Bulk | Montreal | Fleurs en Vrac MTL","description":"Bulk assorted roses with 70 cm stems, offered in a farm-selected mix of colors. Ideal for large arrangements, weddings, and events in Montreal.","robots":{"index":"index","follow":"follow","max-snippet":"max-snippet:-1","max-image-preview":"max-image-preview:large","max-video-preview":"max-video-preview:-1"},"canonical":"https:\/\/fleursenvracmtl.com\/fr\/roses-en-vrac-assorties-70-cm\/","og_locale":"fr_FR","og_type":"article","og_title":"Roses en vrac assorties \u2013 70 cm","og_description":"Bulk assorted roses with 70 cm stems, offered in a farm-selected mix of colors. Ideal for large arrangements, weddings, and events in Montreal.","og_url":"https:\/\/fleursenvracmtl.com\/fr\/roses-en-vrac-assorties-70-cm\/","og_site_name":"Fleurs en Vrac Mtl","article_publisher":"https:\/\/www.facebook.com\/LeBouquetMTL\/","article_modified_time":"2026-03-27T15:30:25+00:00","og_image":[{"width":1200,"height":1200,"url":"https:\/\/fleursenvracmtl.com\/wp-content\/uploads\/2024\/08\/MU-5as-Assoretd-roses-3-bunches.jpg","type":"image\/jpeg"}],"twitter_card":"summary_large_image","twitter_misc":{"Prix":"&#36;0.00","Disponibilit\u00e9":"En stock"},"schema":{"@context":"https:\/\/schema.org","@graph":[{"@type":"WebPage","@id":"https:\/\/fleursenvracmtl.com\/fr\/roses-en-vrac-assorties-70-cm\/","url":"https:\/\/fleursenvracmtl.com\/fr\/roses-en-vrac-assorties-70-cm\/","name":"Bulk Assorted Roses 70 cm | Mixed Color Roses in Bulk | Montreal | Fleurs en Vrac MTL","isPartOf":{"@id":"https:\/\/fleursenvracmtl.com\/en\/#website"},"primaryImageOfPage":{"@id":"https:\/\/fleursenvracmtl.com\/fr\/roses-en-vrac-assorties-70-cm\/#primaryimage"},"image":{"@id":"https:\/\/fleursenvracmtl.com\/fr\/roses-en-vrac-assorties-70-cm\/#primaryimage"},"thumbnailUrl":"https:\/\/fleursenvracmtl.com\/wp-content\/uploads\/2024\/08\/MU-5as-Assoretd-roses-3-bunches.jpg","datePublished":"2024-07-12T00:45:24+00:00","dateModified":"2026-03-27T15:30:25+00:00","description":"Bulk assorted roses with 70 cm stems, offered in a farm-selected mix of colors. Ideal for large arrangements, weddings, and events in Montreal.","breadcrumb":{"@id":"https:\/\/fleursenvracmtl.com\/fr\/roses-en-vrac-assorties-70-cm\/#breadcrumb"},"inLanguage":"fr-FR","potentialAction":[{"@type":"ReadAction","target":["https:\/\/fleursenvracmtl.com\/fr\/roses-en-vrac-assorties-70-cm\/"]}]},{"@type":"ImageObject","inLanguage":"fr-FR","@id":"https:\/\/fleursenvracmtl.com\/fr\/roses-en-vrac-assorties-70-cm\/#primaryimage","url":"https:\/\/fleursenvracmtl.com\/wp-content\/uploads\/2024\/08\/MU-5as-Assoretd-roses-3-bunches.jpg","contentUrl":"https:\/\/fleursenvracmtl.com\/wp-content\/uploads\/2024\/08\/MU-5as-Assoretd-roses-3-bunches.jpg","width":1200,"height":1200},{"@type":"BreadcrumbList","@id":"https:\/\/fleursenvracmtl.com\/fr\/roses-en-vrac-assorties-70-cm\/#breadcrumb","itemListElement":[{"@type":"ListItem","position":1,"name":"Home","item":"https:\/\/fleursenvracmtl.com\/fr\/"},{"@type":"ListItem","position":2,"name":"Shop","item":"https:\/\/fleursenvracmtl.com\/en\/shop\/"},{"@type":"ListItem","position":3,"name":"Roses en vrac assorties \u2013 70 cm"}]},{"@type":"WebSite","@id":"https:\/\/fleursenvracmtl.com\/en\/#website","url":"https:\/\/fleursenvracmtl.com\/en\/","name":"Fleurs en Vrac MTL","description":"Fleurs en Vrac Mtl - Bulk flower by Le Bouquet","alternateName":"Fleurs en Vrac MTL","potentialAction":[{"@type":"SearchAction","target":{"@type":"EntryPoint","urlTemplate":"https:\/\/fleursenvracmtl.com\/en\/?s={search_term_string}"},"query-input":{"@type":"PropertyValueSpecification","valueRequired":true,"valueName":"search_term_string"}}],"inLanguage":"fr-FR"}]},"product_price_amount":"0.00","product_price_currency":"CAD","og_availability":"instock","product_availability":"instock","product_condition":"new"},"_links":{"self":[{"href":"https:\/\/fleursenvracmtl.com\/fr\/wp-json\/wp\/v2\/product\/94209","targetHints":{"allow":["GET"]}}],"collection":[{"href":"https:\/\/fleursenvracmtl.com\/fr\/wp-json\/wp\/v2\/product"}],"about":[{"href":"https:\/\/fleursenvracmtl.com\/fr\/wp-json\/wp\/v2\/types\/product"}],"replies":[{"embeddable":true,"href":"https:\/\/fleursenvracmtl.com\/fr\/wp-json\/wp\/v2\/comments?post=94209"}],"wp:featuredmedia":[{"embeddable":true,"href":"https:\/\/fleursenvracmtl.com\/fr\/wp-json\/wp\/v2\/media\/97060"}],"wp:attachment":[{"href":"https:\/\/fleursenvracmtl.com\/fr\/wp-json\/wp\/v2\/media?parent=94209"}],"wp:term":[{"taxonomy":"recipe","embeddable":true,"href":"https:\/\/fleursenvracmtl.com\/fr\/wp-json\/wp\/v2\/recipe?post=94209"},{"taxonomy":"product_brand","embeddable":true,"href":"https:\/\/fleursenvracmtl.com\/fr\/wp-json\/wp\/v2\/product_brand?post=94209"},{"taxonomy":"product_cat","embeddable":true,"href":"https:\/\/fleursenvracmtl.com\/fr\/wp-json\/wp\/v2\/product_cat?post=94209"},{"taxonomy":"product_tag","embeddable":true,"href":"https:\/\/fleursenvracmtl.com\/fr\/wp-json\/wp\/v2\/product_tag?post=94209"}],"curies":[{"name":"wp","href":"https:\/\/api.w.org\/{rel}","templated":true}]}}