{"id":94267,"date":"2024-07-12T11:50:08","date_gmt":"2024-07-12T15:50:08","guid":{"rendered":"https:\/\/www.lebouquet.com\/wire-18-gauge-25\/"},"modified":"2026-03-28T01:57:00","modified_gmt":"2026-03-28T05:57:00","slug":"tiges-en-fil-de-fer-calibre-18","status":"publish","type":"product","link":"https:\/\/fleursenvracmtl.com\/fr\/tiges-en-fil-de-fer-calibre-18\/","title":{"rendered":"Tiges en fil de fer &#8211; Calibre 18"},"content":{"rendered":"<ul>\n<li><span style=\"color:rgb(15,17,17);\">Ce fil floral est id\u00e9al pour les projets d&rsquo;art et d&rsquo;artisanat. Il est utilis\u00e9 pour tout, de la fabrication de bijoux \u00e0 la fixation de bouquets.<\/span><\/li>\n<li><span style=\"color:rgb(15,17,17);\">Comprend 25 fils verts de calibre 18<\/span><\/li>\n<li><span style=\"color:rgb(15,17,17);\">Vous pouvez l&rsquo;utiliser pour faire des couronnes, des bouquets de fleurs, des couronnes florales, des pompons en papier, etc.<\/span><\/li>\n<li><span style=\"color:rgb(15,17,17);\">Il est flexible et peut \u00eatre tordu facilement sans se casser, ce qui apportera plus de commodit\u00e9 lors de la fabrication artisanale.<\/span><\/li>\n<li><span style=\"color:rgb(15,17,17);\">Utilisez ce fil pour renforcer les fleurs coup\u00e9es, les arrangements artificiels, et le feuillage.<\/span><\/li>\n<li><span style=\"color:rgb(15,17,17);\">Id\u00e9al pour la cr\u00e9ation de tout projet floral.<\/span><\/li>\n<\/ul>\n","protected":false},"excerpt":{"rendered":"<p>Ce fil floral est id\u00e9al pour les projets d&rsquo;art et d&rsquo;artisanat. Il est utilis\u00e9 pour tout, de la fabrication de bijoux \u00e0 la fixation de bouquets. Comprend 25 fils verts de calibre 18 Vous pouvez l&rsquo;utiliser pour faire des couronnes, des bouquets de fleurs, des couronnes florales, des pompons en papier, etc. Il est flexible [&hellip;]<\/p>\n","protected":false},"featured_media":94262,"comment_status":"open","ping_status":"closed","template":"","meta":{"_acf_changed":false},"recipe":[],"product_brand":[],"product_cat":[17608,17606],"product_tag":[],"class_list":{"0":"post-94267","1":"product","2":"type-product","3":"status-publish","4":"has-post-thumbnail","6":"product_cat-diy-accessories-fr","7":"product_cat-diy-accessories","9":"first","10":"instock","11":"shipping-taxable","12":"purchasable","13":"product-type-simple"},"acf":[],"yoast_head":"<!-- This site is optimized with the Yoast SEO Premium plugin v25.2 (Yoast SEO v26.2) - https:\/\/yoast.com\/wordpress\/plugins\/seo\/ -->\n<title>Fil Florale 18 Gauge en Vrac | Support pour Fleurs DIY et \u00c9v\u00e9nements<\/title>\n<meta name=\"description\" content=\"Achetez du fil florale 18 gauge en vrac\u2014id\u00e9al pour soutenir les fleurs fra\u00eeches ou artificielles dans les projets DIY, les bouquets et les arrangements pour \u00e9v\u00e9nements. Solide, flexible et indispensable aux fleuristes.\" \/>\n<meta name=\"robots\" content=\"index, follow, max-snippet:-1, max-image-preview:large, max-video-preview:-1\" \/>\n<link rel=\"canonical\" href=\"https:\/\/fleursenvracmtl.com\/fr\/tiges-en-fil-de-fer-calibre-18\/\" \/>\n<meta property=\"og:locale\" content=\"fr_FR\" \/>\n<meta property=\"og:type\" content=\"article\" \/>\n<meta property=\"og:title\" content=\"Fil floral de calibre 18 (25 pi\u00e8ces) Fil pour arrangement floral\" \/>\n<meta property=\"og:description\" content=\"Am\u00e9liorez vos projets floraux avec le fil floral vert de calibre 18. Id\u00e9al pour r\u00e9aliser des couronnes, des bouquets, des couronnes florales, etc. Ce fil flexible est parfait pour s\u00e9curiser les fleurs, le feuillage et les projets d&#039;artisanat. 25 pi\u00e8ces par paquet pour tous vos besoins cr\u00e9atifs. Achetez en ligne d\u00e8s aujourd&#039;hui !\" \/>\n<meta property=\"og:url\" content=\"https:\/\/fleursenvracmtl.com\/fr\/tiges-en-fil-de-fer-calibre-18\/\" \/>\n<meta property=\"og:site_name\" content=\"Fleurs en Vrac Mtl\" \/>\n<meta property=\"article:publisher\" content=\"https:\/\/www.facebook.com\/LeBouquetMTL\/\" \/>\n<meta property=\"article:modified_time\" content=\"2026-03-28T05:57:00+00:00\" \/>\n<meta property=\"og:image\" content=\"https:\/\/fleursenvracmtl.com\/wp-content\/uploads\/2024\/07\/Wire-18-gauge-1200.jpg\" \/>\n\t<meta property=\"og:image:width\" content=\"1200\" \/>\n\t<meta property=\"og:image:height\" content=\"1200\" \/>\n\t<meta property=\"og:image:type\" content=\"image\/jpeg\" \/>\n<meta name=\"twitter:card\" content=\"summary_large_image\" \/>\n<meta name=\"twitter:title\" content=\"Fil floral de calibre 18 (25 pi\u00e8ces) Fil pour arrangement floral\" \/>\n<meta name=\"twitter:description\" content=\"Am\u00e9liorez vos projets floraux avec le fil floral vert de calibre 18. Id\u00e9al pour r\u00e9aliser des couronnes, des bouquets, des couronnes florales, etc. Ce fil flexible est parfait pour s\u00e9curiser les fleurs, le feuillage et les projets d&#039;artisanat. 25 pi\u00e8ces par paquet pour tous vos besoins cr\u00e9atifs. Achetez en ligne d\u00e8s aujourd&#039;hui !\" \/>\n<meta name=\"twitter:label1\" content=\"Prix\" \/>\n\t<meta name=\"twitter:data1\" content=\"&#036;0.00\" \/>\n\t<meta name=\"twitter:label2\" content=\"Disponibilit\u00e9\" \/>\n\t<meta name=\"twitter:data2\" content=\"En stock\" \/>\n<script type=\"application\/ld+json\" class=\"yoast-schema-graph\">{\"@context\":\"https:\/\/schema.org\",\"@graph\":[{\"@type\":\"WebPage\",\"@id\":\"https:\/\/fleursenvracmtl.com\/fr\/tiges-en-fil-de-fer-calibre-18\/\",\"url\":\"https:\/\/fleursenvracmtl.com\/fr\/tiges-en-fil-de-fer-calibre-18\/\",\"name\":\"Fil Florale 18 Gauge en Vrac | Support pour Fleurs DIY et \u00c9v\u00e9nements\",\"isPartOf\":{\"@id\":\"https:\/\/fleursenvracmtl.com\/en\/#website\"},\"primaryImageOfPage\":{\"@id\":\"https:\/\/fleursenvracmtl.com\/fr\/tiges-en-fil-de-fer-calibre-18\/#primaryimage\"},\"image\":{\"@id\":\"https:\/\/fleursenvracmtl.com\/fr\/tiges-en-fil-de-fer-calibre-18\/#primaryimage\"},\"thumbnailUrl\":\"https:\/\/fleursenvracmtl.com\/wp-content\/uploads\/2024\/07\/Wire-18-gauge-1200.jpg\",\"datePublished\":\"2024-07-12T15:50:08+00:00\",\"dateModified\":\"2026-03-28T05:57:00+00:00\",\"description\":\"Achetez du fil florale 18 gauge en vrac\u2014id\u00e9al pour soutenir les fleurs fra\u00eeches ou artificielles dans les projets DIY, les bouquets et les arrangements pour \u00e9v\u00e9nements. Solide, flexible et indispensable aux fleuristes.\",\"breadcrumb\":{\"@id\":\"https:\/\/fleursenvracmtl.com\/fr\/tiges-en-fil-de-fer-calibre-18\/#breadcrumb\"},\"inLanguage\":\"fr-FR\",\"potentialAction\":[{\"@type\":\"ReadAction\",\"target\":[\"https:\/\/fleursenvracmtl.com\/fr\/tiges-en-fil-de-fer-calibre-18\/\"]}]},{\"@type\":\"ImageObject\",\"inLanguage\":\"fr-FR\",\"@id\":\"https:\/\/fleursenvracmtl.com\/fr\/tiges-en-fil-de-fer-calibre-18\/#primaryimage\",\"url\":\"https:\/\/fleursenvracmtl.com\/wp-content\/uploads\/2024\/07\/Wire-18-gauge-1200.jpg\",\"contentUrl\":\"https:\/\/fleursenvracmtl.com\/wp-content\/uploads\/2024\/07\/Wire-18-gauge-1200.jpg\",\"width\":1200,\"height\":1200},{\"@type\":\"BreadcrumbList\",\"@id\":\"https:\/\/fleursenvracmtl.com\/fr\/tiges-en-fil-de-fer-calibre-18\/#breadcrumb\",\"itemListElement\":[{\"@type\":\"ListItem\",\"position\":1,\"name\":\"Home\",\"item\":\"https:\/\/fleursenvracmtl.com\/fr\/\"},{\"@type\":\"ListItem\",\"position\":2,\"name\":\"Shop\",\"item\":\"https:\/\/fleursenvracmtl.com\/en\/shop\/\"},{\"@type\":\"ListItem\",\"position\":3,\"name\":\"Tiges en fil de fer &#8211; Calibre 18\"}]},{\"@type\":\"WebSite\",\"@id\":\"https:\/\/fleursenvracmtl.com\/en\/#website\",\"url\":\"https:\/\/fleursenvracmtl.com\/en\/\",\"name\":\"Fleurs en Vrac MTL\",\"description\":\"Fleurs en Vrac Mtl - Bulk flower by Le Bouquet\",\"alternateName\":\"Fleurs en Vrac MTL\",\"potentialAction\":[{\"@type\":\"SearchAction\",\"target\":{\"@type\":\"EntryPoint\",\"urlTemplate\":\"https:\/\/fleursenvracmtl.com\/en\/?s={search_term_string}\"},\"query-input\":{\"@type\":\"PropertyValueSpecification\",\"valueRequired\":true,\"valueName\":\"search_term_string\"}}],\"inLanguage\":\"fr-FR\"}]}<\/script>\n<meta property=\"product:price:amount\" content=\"0.00\" \/>\n<meta property=\"product:price:currency\" content=\"CAD\" \/>\n<meta property=\"og:availability\" content=\"instock\" \/>\n<meta property=\"product:availability\" content=\"instock\" \/>\n<meta property=\"product:condition\" content=\"new\" \/>\n<!-- \/ Yoast SEO Premium plugin. -->","yoast_head_json":{"title":"Fil Florale 18 Gauge en Vrac | Support pour Fleurs DIY et \u00c9v\u00e9nements","description":"Achetez du fil florale 18 gauge en vrac\u2014id\u00e9al pour soutenir les fleurs fra\u00eeches ou artificielles dans les projets DIY, les bouquets et les arrangements pour \u00e9v\u00e9nements. Solide, flexible et indispensable aux fleuristes.","robots":{"index":"index","follow":"follow","max-snippet":"max-snippet:-1","max-image-preview":"max-image-preview:large","max-video-preview":"max-video-preview:-1"},"canonical":"https:\/\/fleursenvracmtl.com\/fr\/tiges-en-fil-de-fer-calibre-18\/","og_locale":"fr_FR","og_type":"article","og_title":"Fil floral de calibre 18 (25 pi\u00e8ces) Fil pour arrangement floral","og_description":"Am\u00e9liorez vos projets floraux avec le fil floral vert de calibre 18. Id\u00e9al pour r\u00e9aliser des couronnes, des bouquets, des couronnes florales, etc. Ce fil flexible est parfait pour s\u00e9curiser les fleurs, le feuillage et les projets d&#039;artisanat. 25 pi\u00e8ces par paquet pour tous vos besoins cr\u00e9atifs. Achetez en ligne d\u00e8s aujourd&#039;hui !","og_url":"https:\/\/fleursenvracmtl.com\/fr\/tiges-en-fil-de-fer-calibre-18\/","og_site_name":"Fleurs en Vrac Mtl","article_publisher":"https:\/\/www.facebook.com\/LeBouquetMTL\/","article_modified_time":"2026-03-28T05:57:00+00:00","og_image":[{"width":1200,"height":1200,"url":"https:\/\/fleursenvracmtl.com\/wp-content\/uploads\/2024\/07\/Wire-18-gauge-1200.jpg","type":"image\/jpeg"}],"twitter_card":"summary_large_image","twitter_title":"Fil floral de calibre 18 (25 pi\u00e8ces) Fil pour arrangement floral","twitter_description":"Am\u00e9liorez vos projets floraux avec le fil floral vert de calibre 18. Id\u00e9al pour r\u00e9aliser des couronnes, des bouquets, des couronnes florales, etc. Ce fil flexible est parfait pour s\u00e9curiser les fleurs, le feuillage et les projets d&#039;artisanat. 25 pi\u00e8ces par paquet pour tous vos besoins cr\u00e9atifs. Achetez en ligne d\u00e8s aujourd&#039;hui !","twitter_misc":{"Prix":"&#36;0.00","Disponibilit\u00e9":"En stock"},"schema":{"@context":"https:\/\/schema.org","@graph":[{"@type":"WebPage","@id":"https:\/\/fleursenvracmtl.com\/fr\/tiges-en-fil-de-fer-calibre-18\/","url":"https:\/\/fleursenvracmtl.com\/fr\/tiges-en-fil-de-fer-calibre-18\/","name":"Fil Florale 18 Gauge en Vrac | Support pour Fleurs DIY et \u00c9v\u00e9nements","isPartOf":{"@id":"https:\/\/fleursenvracmtl.com\/en\/#website"},"primaryImageOfPage":{"@id":"https:\/\/fleursenvracmtl.com\/fr\/tiges-en-fil-de-fer-calibre-18\/#primaryimage"},"image":{"@id":"https:\/\/fleursenvracmtl.com\/fr\/tiges-en-fil-de-fer-calibre-18\/#primaryimage"},"thumbnailUrl":"https:\/\/fleursenvracmtl.com\/wp-content\/uploads\/2024\/07\/Wire-18-gauge-1200.jpg","datePublished":"2024-07-12T15:50:08+00:00","dateModified":"2026-03-28T05:57:00+00:00","description":"Achetez du fil florale 18 gauge en vrac\u2014id\u00e9al pour soutenir les fleurs fra\u00eeches ou artificielles dans les projets DIY, les bouquets et les arrangements pour \u00e9v\u00e9nements. Solide, flexible et indispensable aux fleuristes.","breadcrumb":{"@id":"https:\/\/fleursenvracmtl.com\/fr\/tiges-en-fil-de-fer-calibre-18\/#breadcrumb"},"inLanguage":"fr-FR","potentialAction":[{"@type":"ReadAction","target":["https:\/\/fleursenvracmtl.com\/fr\/tiges-en-fil-de-fer-calibre-18\/"]}]},{"@type":"ImageObject","inLanguage":"fr-FR","@id":"https:\/\/fleursenvracmtl.com\/fr\/tiges-en-fil-de-fer-calibre-18\/#primaryimage","url":"https:\/\/fleursenvracmtl.com\/wp-content\/uploads\/2024\/07\/Wire-18-gauge-1200.jpg","contentUrl":"https:\/\/fleursenvracmtl.com\/wp-content\/uploads\/2024\/07\/Wire-18-gauge-1200.jpg","width":1200,"height":1200},{"@type":"BreadcrumbList","@id":"https:\/\/fleursenvracmtl.com\/fr\/tiges-en-fil-de-fer-calibre-18\/#breadcrumb","itemListElement":[{"@type":"ListItem","position":1,"name":"Home","item":"https:\/\/fleursenvracmtl.com\/fr\/"},{"@type":"ListItem","position":2,"name":"Shop","item":"https:\/\/fleursenvracmtl.com\/en\/shop\/"},{"@type":"ListItem","position":3,"name":"Tiges en fil de fer &#8211; Calibre 18"}]},{"@type":"WebSite","@id":"https:\/\/fleursenvracmtl.com\/en\/#website","url":"https:\/\/fleursenvracmtl.com\/en\/","name":"Fleurs en Vrac MTL","description":"Fleurs en Vrac Mtl - Bulk flower by Le Bouquet","alternateName":"Fleurs en Vrac MTL","potentialAction":[{"@type":"SearchAction","target":{"@type":"EntryPoint","urlTemplate":"https:\/\/fleursenvracmtl.com\/en\/?s={search_term_string}"},"query-input":{"@type":"PropertyValueSpecification","valueRequired":true,"valueName":"search_term_string"}}],"inLanguage":"fr-FR"}]},"product_price_amount":"0.00","product_price_currency":"CAD","og_availability":"instock","product_availability":"instock","product_condition":"new"},"_links":{"self":[{"href":"https:\/\/fleursenvracmtl.com\/fr\/wp-json\/wp\/v2\/product\/94267","targetHints":{"allow":["GET"]}}],"collection":[{"href":"https:\/\/fleursenvracmtl.com\/fr\/wp-json\/wp\/v2\/product"}],"about":[{"href":"https:\/\/fleursenvracmtl.com\/fr\/wp-json\/wp\/v2\/types\/product"}],"replies":[{"embeddable":true,"href":"https:\/\/fleursenvracmtl.com\/fr\/wp-json\/wp\/v2\/comments?post=94267"}],"wp:featuredmedia":[{"embeddable":true,"href":"https:\/\/fleursenvracmtl.com\/fr\/wp-json\/wp\/v2\/media\/94262"}],"wp:attachment":[{"href":"https:\/\/fleursenvracmtl.com\/fr\/wp-json\/wp\/v2\/media?parent=94267"}],"wp:term":[{"taxonomy":"recipe","embeddable":true,"href":"https:\/\/fleursenvracmtl.com\/fr\/wp-json\/wp\/v2\/recipe?post=94267"},{"taxonomy":"product_brand","embeddable":true,"href":"https:\/\/fleursenvracmtl.com\/fr\/wp-json\/wp\/v2\/product_brand?post=94267"},{"taxonomy":"product_cat","embeddable":true,"href":"https:\/\/fleursenvracmtl.com\/fr\/wp-json\/wp\/v2\/product_cat?post=94267"},{"taxonomy":"product_tag","embeddable":true,"href":"https:\/\/fleursenvracmtl.com\/fr\/wp-json\/wp\/v2\/product_tag?post=94267"}],"curies":[{"name":"wp","href":"https:\/\/api.w.org\/{rel}","templated":true}]}}