{"id":94591,"date":"2024-07-13T16:26:13","date_gmt":"2024-07-13T20:26:13","guid":{"rendered":"https:\/\/www.lebouquet.com\/spray-rose-lavendar-irishka\/"},"modified":"2026-03-27T11:34:04","modified_gmt":"2026-03-27T15:34:04","slug":"roses-en-grappe-irishka-lavande-en-vrac","status":"publish","type":"product","link":"https:\/\/fleursenvracmtl.com\/fr\/roses-en-grappe-irishka-lavande-en-vrac\/","title":{"rendered":"Roses en grappe Irishka lavande en vrac"},"content":{"rendered":"<p>Les <strong>roses en grappe Irishka lavande en vrac<\/strong> sont un choix raffin\u00e9 et tr\u00e8s recherch\u00e9 pour les cr\u00e9ations florales \u00e9l\u00e9gantes et contemporaines. Leur teinte lavande douce, l\u00e9g\u00e8rement poudr\u00e9e, apporte une touche de sophistication et de modernit\u00e9 aux bouquets, centres de table et d\u00e9cors \u00e9v\u00e9nementiels.<\/p>\n<p>Chaque tige porte plusieurs petites fleurs, caract\u00e9ristique des roses en grappe, permettant de cr\u00e9er des compositions g\u00e9n\u00e9reuses, a\u00e9riennes et bien \u00e9quilibr\u00e9es avec moins de tiges. Tr\u00e8s populaires aupr\u00e8s des fleuristes et designers floraux, les roses Irishka sont id\u00e9ales pour les mariages romantiques, les \u00e9v\u00e9nements haut de gamme, les arrangements saisonniers et les projets DIY d\u00e9licats.<\/p>\n<p>Les roses en grappe sont reconnues pour leur <strong>bonne tenue en vase<\/strong>, leur <strong>facilit\u00e9 de travail<\/strong> et leur <strong>faible pr\u00e9sence d\u2019\u00e9pines<\/strong>, ce qui les rend agr\u00e9ables et s\u00e9curitaires \u00e0 manipuler, tant en atelier qu\u2019en \u00e9v\u00e9nementiel.<\/p>\n<h3>Caract\u00e9ristiques principales<\/h3>\n<p>Longueur : 50 \u00e0 60 cm<\/p>\n<p>Couleur : Lavande<\/p>\n<p>Type : Rose en grappe<\/p>\n<p>Vente : en vrac<\/p>\n<p>Id\u00e9al pour : compositions florales DIY, mariages, \u00e9v\u00e9nements, d\u00e9coration int\u00e9rieure<\/p>\n","protected":false},"excerpt":{"rendered":"<p>Les roses en grappe Irishka lavande en vrac sont un choix raffin\u00e9 et tr\u00e8s recherch\u00e9 pour les cr\u00e9ations florales \u00e9l\u00e9gantes et contemporaines. Leur teinte lavande douce, l\u00e9g\u00e8rement poudr\u00e9e, apporte une touche de sophistication et de modernit\u00e9 aux bouquets, centres de table et d\u00e9cors \u00e9v\u00e9nementiels. Chaque tige porte plusieurs petites fleurs, caract\u00e9ristique des roses en grappe, [&hellip;]<\/p>\n","protected":false},"featured_media":94583,"comment_status":"open","ping_status":"closed","template":"","meta":{"_acf_changed":false},"recipe":[],"product_brand":[],"product_cat":[18341,17609,18355,17396,17611],"product_tag":[],"class_list":{"0":"post-94591","1":"product","2":"type-product","3":"status-publish","4":"has-post-thumbnail","6":"product_cat-fleurs-en-vrac-par-couleur","7":"product_cat-bulk-spray-roses","8":"product_cat-fleurs-lavande-vrac","9":"product_cat-roses-en-vrac","10":"product_cat-roses-en-grappe-en-vrac","12":"first","13":"instock","14":"shipping-taxable","15":"purchasable","16":"product-type-simple"},"acf":[],"yoast_head":"<!-- This site is optimized with the Yoast SEO Premium plugin v25.2 (Yoast SEO v26.2) - https:\/\/yoast.com\/wordpress\/plugins\/seo\/ -->\n<title>Bulk Lavender Irishka Spray Roses | Wholesale Flowers Montreal<\/title>\n<meta name=\"description\" content=\"Bulk Lavender Irishka spray roses ideal for weddings, events, and DIY floral designs. Sold in bunches of 10 stems with year-round availability.\" \/>\n<meta name=\"robots\" content=\"index, follow, max-snippet:-1, max-image-preview:large, max-video-preview:-1\" \/>\n<link rel=\"canonical\" href=\"https:\/\/fleursenvracmtl.com\/fr\/roses-en-grappe-irishka-lavande-en-vrac\/\" \/>\n<meta property=\"og:locale\" content=\"fr_FR\" \/>\n<meta property=\"og:type\" content=\"article\" \/>\n<meta property=\"og:title\" content=\"Roses en grappe Irishka lavande en vrac\" \/>\n<meta property=\"og:description\" content=\"Bulk Lavender Irishka spray roses ideal for weddings, events, and DIY floral designs. Sold in bunches of 10 stems with year-round availability.\" \/>\n<meta property=\"og:url\" content=\"https:\/\/fleursenvracmtl.com\/fr\/roses-en-grappe-irishka-lavande-en-vrac\/\" \/>\n<meta property=\"og:site_name\" content=\"Fleurs en Vrac Mtl\" \/>\n<meta property=\"article:publisher\" content=\"https:\/\/www.facebook.com\/LeBouquetMTL\/\" \/>\n<meta property=\"article:modified_time\" content=\"2026-03-27T15:34:04+00:00\" \/>\n<meta property=\"og:image\" content=\"https:\/\/fleursenvracmtl.com\/wp-content\/uploads\/2024\/07\/SP-RM5LIR-Spray-rose-Lavendar-Irishka-bunch-1200.jpg\" \/>\n\t<meta property=\"og:image:width\" content=\"1200\" \/>\n\t<meta property=\"og:image:height\" content=\"1200\" \/>\n\t<meta property=\"og:image:type\" content=\"image\/jpeg\" \/>\n<meta name=\"twitter:card\" content=\"summary_large_image\" \/>\n<meta name=\"twitter:label1\" content=\"Prix\" \/>\n\t<meta name=\"twitter:data1\" content=\"&#036;0.00\" \/>\n\t<meta name=\"twitter:label2\" content=\"Disponibilit\u00e9\" \/>\n\t<meta name=\"twitter:data2\" content=\"En stock\" \/>\n<script type=\"application\/ld+json\" class=\"yoast-schema-graph\">{\"@context\":\"https:\/\/schema.org\",\"@graph\":[{\"@type\":\"WebPage\",\"@id\":\"https:\/\/fleursenvracmtl.com\/fr\/roses-en-grappe-irishka-lavande-en-vrac\/\",\"url\":\"https:\/\/fleursenvracmtl.com\/fr\/roses-en-grappe-irishka-lavande-en-vrac\/\",\"name\":\"Bulk Lavender Irishka Spray Roses | Wholesale Flowers Montreal\",\"isPartOf\":{\"@id\":\"https:\/\/fleursenvracmtl.com\/en\/#website\"},\"primaryImageOfPage\":{\"@id\":\"https:\/\/fleursenvracmtl.com\/fr\/roses-en-grappe-irishka-lavande-en-vrac\/#primaryimage\"},\"image\":{\"@id\":\"https:\/\/fleursenvracmtl.com\/fr\/roses-en-grappe-irishka-lavande-en-vrac\/#primaryimage\"},\"thumbnailUrl\":\"https:\/\/fleursenvracmtl.com\/wp-content\/uploads\/2024\/07\/SP-RM5LIR-Spray-rose-Lavendar-Irishka-bunch-1200.jpg\",\"datePublished\":\"2024-07-13T20:26:13+00:00\",\"dateModified\":\"2026-03-27T15:34:04+00:00\",\"description\":\"Bulk Lavender Irishka spray roses ideal for weddings, events, and DIY floral designs. Sold in bunches of 10 stems with year-round availability.\",\"breadcrumb\":{\"@id\":\"https:\/\/fleursenvracmtl.com\/fr\/roses-en-grappe-irishka-lavande-en-vrac\/#breadcrumb\"},\"inLanguage\":\"fr-FR\",\"potentialAction\":[{\"@type\":\"ReadAction\",\"target\":[\"https:\/\/fleursenvracmtl.com\/fr\/roses-en-grappe-irishka-lavande-en-vrac\/\"]}]},{\"@type\":\"ImageObject\",\"inLanguage\":\"fr-FR\",\"@id\":\"https:\/\/fleursenvracmtl.com\/fr\/roses-en-grappe-irishka-lavande-en-vrac\/#primaryimage\",\"url\":\"https:\/\/fleursenvracmtl.com\/wp-content\/uploads\/2024\/07\/SP-RM5LIR-Spray-rose-Lavendar-Irishka-bunch-1200.jpg\",\"contentUrl\":\"https:\/\/fleursenvracmtl.com\/wp-content\/uploads\/2024\/07\/SP-RM5LIR-Spray-rose-Lavendar-Irishka-bunch-1200.jpg\",\"width\":1200,\"height\":1200,\"caption\":\"Spray rose Irishka Bulk DIY Montreal\"},{\"@type\":\"BreadcrumbList\",\"@id\":\"https:\/\/fleursenvracmtl.com\/fr\/roses-en-grappe-irishka-lavande-en-vrac\/#breadcrumb\",\"itemListElement\":[{\"@type\":\"ListItem\",\"position\":1,\"name\":\"Home\",\"item\":\"https:\/\/fleursenvracmtl.com\/fr\/\"},{\"@type\":\"ListItem\",\"position\":2,\"name\":\"Shop\",\"item\":\"https:\/\/fleursenvracmtl.com\/en\/shop\/\"},{\"@type\":\"ListItem\",\"position\":3,\"name\":\"Roses en grappe Irishka lavande en vrac\"}]},{\"@type\":\"WebSite\",\"@id\":\"https:\/\/fleursenvracmtl.com\/en\/#website\",\"url\":\"https:\/\/fleursenvracmtl.com\/en\/\",\"name\":\"Fleurs en Vrac MTL\",\"description\":\"Fleurs en Vrac Mtl - Bulk flower by Le Bouquet\",\"alternateName\":\"Fleurs en Vrac MTL\",\"potentialAction\":[{\"@type\":\"SearchAction\",\"target\":{\"@type\":\"EntryPoint\",\"urlTemplate\":\"https:\/\/fleursenvracmtl.com\/en\/?s={search_term_string}\"},\"query-input\":{\"@type\":\"PropertyValueSpecification\",\"valueRequired\":true,\"valueName\":\"search_term_string\"}}],\"inLanguage\":\"fr-FR\"}]}<\/script>\n<meta property=\"product:price:amount\" content=\"0.00\" \/>\n<meta property=\"product:price:currency\" content=\"CAD\" \/>\n<meta property=\"og:availability\" content=\"instock\" \/>\n<meta property=\"product:availability\" content=\"instock\" \/>\n<meta property=\"product:condition\" content=\"new\" \/>\n<!-- \/ Yoast SEO Premium plugin. -->","yoast_head_json":{"title":"Bulk Lavender Irishka Spray Roses | Wholesale Flowers Montreal","description":"Bulk Lavender Irishka spray roses ideal for weddings, events, and DIY floral designs. Sold in bunches of 10 stems with year-round availability.","robots":{"index":"index","follow":"follow","max-snippet":"max-snippet:-1","max-image-preview":"max-image-preview:large","max-video-preview":"max-video-preview:-1"},"canonical":"https:\/\/fleursenvracmtl.com\/fr\/roses-en-grappe-irishka-lavande-en-vrac\/","og_locale":"fr_FR","og_type":"article","og_title":"Roses en grappe Irishka lavande en vrac","og_description":"Bulk Lavender Irishka spray roses ideal for weddings, events, and DIY floral designs. Sold in bunches of 10 stems with year-round availability.","og_url":"https:\/\/fleursenvracmtl.com\/fr\/roses-en-grappe-irishka-lavande-en-vrac\/","og_site_name":"Fleurs en Vrac Mtl","article_publisher":"https:\/\/www.facebook.com\/LeBouquetMTL\/","article_modified_time":"2026-03-27T15:34:04+00:00","og_image":[{"width":1200,"height":1200,"url":"https:\/\/fleursenvracmtl.com\/wp-content\/uploads\/2024\/07\/SP-RM5LIR-Spray-rose-Lavendar-Irishka-bunch-1200.jpg","type":"image\/jpeg"}],"twitter_card":"summary_large_image","twitter_misc":{"Prix":"&#36;0.00","Disponibilit\u00e9":"En stock"},"schema":{"@context":"https:\/\/schema.org","@graph":[{"@type":"WebPage","@id":"https:\/\/fleursenvracmtl.com\/fr\/roses-en-grappe-irishka-lavande-en-vrac\/","url":"https:\/\/fleursenvracmtl.com\/fr\/roses-en-grappe-irishka-lavande-en-vrac\/","name":"Bulk Lavender Irishka Spray Roses | Wholesale Flowers Montreal","isPartOf":{"@id":"https:\/\/fleursenvracmtl.com\/en\/#website"},"primaryImageOfPage":{"@id":"https:\/\/fleursenvracmtl.com\/fr\/roses-en-grappe-irishka-lavande-en-vrac\/#primaryimage"},"image":{"@id":"https:\/\/fleursenvracmtl.com\/fr\/roses-en-grappe-irishka-lavande-en-vrac\/#primaryimage"},"thumbnailUrl":"https:\/\/fleursenvracmtl.com\/wp-content\/uploads\/2024\/07\/SP-RM5LIR-Spray-rose-Lavendar-Irishka-bunch-1200.jpg","datePublished":"2024-07-13T20:26:13+00:00","dateModified":"2026-03-27T15:34:04+00:00","description":"Bulk Lavender Irishka spray roses ideal for weddings, events, and DIY floral designs. Sold in bunches of 10 stems with year-round availability.","breadcrumb":{"@id":"https:\/\/fleursenvracmtl.com\/fr\/roses-en-grappe-irishka-lavande-en-vrac\/#breadcrumb"},"inLanguage":"fr-FR","potentialAction":[{"@type":"ReadAction","target":["https:\/\/fleursenvracmtl.com\/fr\/roses-en-grappe-irishka-lavande-en-vrac\/"]}]},{"@type":"ImageObject","inLanguage":"fr-FR","@id":"https:\/\/fleursenvracmtl.com\/fr\/roses-en-grappe-irishka-lavande-en-vrac\/#primaryimage","url":"https:\/\/fleursenvracmtl.com\/wp-content\/uploads\/2024\/07\/SP-RM5LIR-Spray-rose-Lavendar-Irishka-bunch-1200.jpg","contentUrl":"https:\/\/fleursenvracmtl.com\/wp-content\/uploads\/2024\/07\/SP-RM5LIR-Spray-rose-Lavendar-Irishka-bunch-1200.jpg","width":1200,"height":1200,"caption":"Spray rose Irishka Bulk DIY Montreal"},{"@type":"BreadcrumbList","@id":"https:\/\/fleursenvracmtl.com\/fr\/roses-en-grappe-irishka-lavande-en-vrac\/#breadcrumb","itemListElement":[{"@type":"ListItem","position":1,"name":"Home","item":"https:\/\/fleursenvracmtl.com\/fr\/"},{"@type":"ListItem","position":2,"name":"Shop","item":"https:\/\/fleursenvracmtl.com\/en\/shop\/"},{"@type":"ListItem","position":3,"name":"Roses en grappe Irishka lavande en vrac"}]},{"@type":"WebSite","@id":"https:\/\/fleursenvracmtl.com\/en\/#website","url":"https:\/\/fleursenvracmtl.com\/en\/","name":"Fleurs en Vrac MTL","description":"Fleurs en Vrac Mtl - Bulk flower by Le Bouquet","alternateName":"Fleurs en Vrac MTL","potentialAction":[{"@type":"SearchAction","target":{"@type":"EntryPoint","urlTemplate":"https:\/\/fleursenvracmtl.com\/en\/?s={search_term_string}"},"query-input":{"@type":"PropertyValueSpecification","valueRequired":true,"valueName":"search_term_string"}}],"inLanguage":"fr-FR"}]},"product_price_amount":"0.00","product_price_currency":"CAD","og_availability":"instock","product_availability":"instock","product_condition":"new"},"_links":{"self":[{"href":"https:\/\/fleursenvracmtl.com\/fr\/wp-json\/wp\/v2\/product\/94591","targetHints":{"allow":["GET"]}}],"collection":[{"href":"https:\/\/fleursenvracmtl.com\/fr\/wp-json\/wp\/v2\/product"}],"about":[{"href":"https:\/\/fleursenvracmtl.com\/fr\/wp-json\/wp\/v2\/types\/product"}],"replies":[{"embeddable":true,"href":"https:\/\/fleursenvracmtl.com\/fr\/wp-json\/wp\/v2\/comments?post=94591"}],"wp:featuredmedia":[{"embeddable":true,"href":"https:\/\/fleursenvracmtl.com\/fr\/wp-json\/wp\/v2\/media\/94583"}],"wp:attachment":[{"href":"https:\/\/fleursenvracmtl.com\/fr\/wp-json\/wp\/v2\/media?parent=94591"}],"wp:term":[{"taxonomy":"recipe","embeddable":true,"href":"https:\/\/fleursenvracmtl.com\/fr\/wp-json\/wp\/v2\/recipe?post=94591"},{"taxonomy":"product_brand","embeddable":true,"href":"https:\/\/fleursenvracmtl.com\/fr\/wp-json\/wp\/v2\/product_brand?post=94591"},{"taxonomy":"product_cat","embeddable":true,"href":"https:\/\/fleursenvracmtl.com\/fr\/wp-json\/wp\/v2\/product_cat?post=94591"},{"taxonomy":"product_tag","embeddable":true,"href":"https:\/\/fleursenvracmtl.com\/fr\/wp-json\/wp\/v2\/product_tag?post=94591"}],"curies":[{"name":"wp","href":"https:\/\/api.w.org\/{rel}","templated":true}]}}