{"id":95077,"date":"2024-07-19T07:57:03","date_gmt":"2024-07-19T11:57:03","guid":{"rendered":"https:\/\/www.lebouquet.com\/peach-carnations-bulk-diy\/"},"modified":"2026-03-27T10:06:23","modified_gmt":"2026-03-27T14:06:23","slug":"oeillets-peche","status":"publish","type":"product","link":"https:\/\/fleursenvracmtl.com\/fr\/oeillets-peche\/","title":{"rendered":"\u0152illets p\u00eache"},"content":{"rendered":"<p>Vendus <strong>en vrac par bottes<\/strong>, les <strong>\u0153illets p\u00eache<\/strong> sont un choix d\u00e9licat pour les cr\u00e9ations florales n\u00e9cessitant douceur, chaleur et long\u00e9vit\u00e9. Leur teinte p\u00eache apporte une ambiance chaleureuse et romantique aux compositions classiques comme contemporaines.<\/p>\n<p>Reconnus pour leur <strong>excellente tenue en vase<\/strong> et la solidit\u00e9 de leurs tiges, les \u0153illets conviennent parfaitement aux bouquets, centres de table, d\u00e9cors \u00e9v\u00e9nementiels et projets floraux de grande ampleur. Leur floraison r\u00e9guli\u00e8re permet de cr\u00e9er des arrangements g\u00e9n\u00e9reux \u00e0 un excellent rapport qualit\u00e9-prix.<\/p>\n<p>Exp\u00e9di\u00e9s directement de la ferme, les \u0153illets arrivent <strong>non pr\u00e9par\u00e9s<\/strong> et n\u00e9cessitent une pr\u00e9paration standard avant utilisation, incluant la coupe des tiges et le retrait du feuillage inf\u00e9rieur. Comme pour toutes les <strong>fleurs en vrac<\/strong>, des variations naturelles de teinte, de taille des fleurs et de longueur des tiges peuvent survenir.<\/p>\n<hr>\n<h3><strong>Caract\u00e9ristiques principales<\/strong><\/h3>\n<p><strong>Type de fleur :<\/strong> \u0152illets<\/p>\n<p><strong>Couleur :<\/strong> P\u00eache<\/p>\n<p><strong>Longueur des tiges :<\/strong> environ 24 \u00e0 30 pouces<\/p>\n<p><strong>Conditionnement :<\/strong> fleurs en vrac, vendues par bottes<\/p>\n<p><strong>Id\u00e9al pour :<\/strong> \u00e9v\u00e9nements, bouquets, centres de table et projets floraux aux tons doux<\/p>\n","protected":false},"excerpt":{"rendered":"<p>Vendus en vrac par bottes, les \u0153illets p\u00eache sont un choix d\u00e9licat pour les cr\u00e9ations florales n\u00e9cessitant douceur, chaleur et long\u00e9vit\u00e9. Leur teinte p\u00eache apporte une ambiance chaleureuse et romantique aux compositions classiques comme contemporaines. Reconnus pour leur excellente tenue en vase et la solidit\u00e9 de leurs tiges, les \u0153illets conviennent parfaitement aux bouquets, centres [&hellip;]<\/p>\n","protected":false},"featured_media":95071,"comment_status":"open","ping_status":"closed","template":"","meta":{"_acf_changed":false},"recipe":[],"product_brand":[],"product_cat":[17414,17168,17169,17445],"product_tag":[],"class_list":{"0":"post-95077","1":"product","2":"type-product","3":"status-publish","4":"has-post-thumbnail","6":"product_cat-bulk-carnations","7":"product_cat-bulk-flowers","8":"product_cat-fleurs-en-vrac","9":"product_cat-oeillets-en-vrac","11":"first","12":"instock","13":"shipping-taxable","14":"purchasable","15":"product-type-simple"},"acf":[],"yoast_head":"<!-- This site is optimized with the Yoast SEO Premium plugin v25.2 (Yoast SEO v26.2) - https:\/\/yoast.com\/wordpress\/plugins\/seo\/ -->\n<title>Meta title \u0152illets p\u00eache | Fleurs en vrac Montr\u00e9al<\/title>\n<meta name=\"description\" content=\"\u0152illets p\u00eache, fleurs en vrac vendues par bottes \u00e0 Montr\u00e9al. Fleurs durables id\u00e9ales pour \u00e9v\u00e9nements, bouquets et cr\u00e9ations florales aux tons doux.\" \/>\n<meta name=\"robots\" content=\"index, follow, max-snippet:-1, max-image-preview:large, max-video-preview:-1\" \/>\n<link rel=\"canonical\" href=\"https:\/\/fleursenvracmtl.com\/fr\/oeillets-peche\/\" \/>\n<meta property=\"og:locale\" content=\"fr_FR\" \/>\n<meta property=\"og:type\" content=\"article\" \/>\n<meta property=\"og:title\" content=\"\u0152illets p\u00eache\" \/>\n<meta property=\"og:description\" content=\"\u0152illets p\u00eache, fleurs en vrac vendues par bottes \u00e0 Montr\u00e9al. Fleurs durables id\u00e9ales pour \u00e9v\u00e9nements, bouquets et cr\u00e9ations florales aux tons doux.\" \/>\n<meta property=\"og:url\" content=\"https:\/\/fleursenvracmtl.com\/fr\/oeillets-peche\/\" \/>\n<meta property=\"og:site_name\" content=\"Fleurs en Vrac Mtl\" \/>\n<meta property=\"article:publisher\" content=\"https:\/\/www.facebook.com\/LeBouquetMTL\/\" \/>\n<meta property=\"article:modified_time\" content=\"2026-03-27T14:06:23+00:00\" \/>\n<meta property=\"og:image\" content=\"https:\/\/fleursenvracmtl.com\/wp-content\/uploads\/2024\/07\/CR-PE-Carnations-Peach-Bulk-DIY-Bunch-1200.jpg\" \/>\n\t<meta property=\"og:image:width\" content=\"1200\" \/>\n\t<meta property=\"og:image:height\" content=\"1200\" \/>\n\t<meta property=\"og:image:type\" content=\"image\/jpeg\" \/>\n<meta name=\"twitter:card\" content=\"summary_large_image\" \/>\n<meta name=\"twitter:label1\" content=\"Prix\" \/>\n\t<meta name=\"twitter:data1\" content=\"&#036;0.00\" \/>\n\t<meta name=\"twitter:label2\" content=\"Disponibilit\u00e9\" \/>\n\t<meta name=\"twitter:data2\" content=\"En stock\" \/>\n<script type=\"application\/ld+json\" class=\"yoast-schema-graph\">{\"@context\":\"https:\/\/schema.org\",\"@graph\":[{\"@type\":\"WebPage\",\"@id\":\"https:\/\/fleursenvracmtl.com\/fr\/oeillets-peche\/\",\"url\":\"https:\/\/fleursenvracmtl.com\/fr\/oeillets-peche\/\",\"name\":\"Meta title \u0152illets p\u00eache | Fleurs en vrac Montr\u00e9al\",\"isPartOf\":{\"@id\":\"https:\/\/fleursenvracmtl.com\/en\/#website\"},\"primaryImageOfPage\":{\"@id\":\"https:\/\/fleursenvracmtl.com\/fr\/oeillets-peche\/#primaryimage\"},\"image\":{\"@id\":\"https:\/\/fleursenvracmtl.com\/fr\/oeillets-peche\/#primaryimage\"},\"thumbnailUrl\":\"https:\/\/fleursenvracmtl.com\/wp-content\/uploads\/2024\/07\/CR-PE-Carnations-Peach-Bulk-DIY-Bunch-1200.jpg\",\"datePublished\":\"2024-07-19T11:57:03+00:00\",\"dateModified\":\"2026-03-27T14:06:23+00:00\",\"description\":\"\u0152illets p\u00eache, fleurs en vrac vendues par bottes \u00e0 Montr\u00e9al. Fleurs durables id\u00e9ales pour \u00e9v\u00e9nements, bouquets et cr\u00e9ations florales aux tons doux.\",\"breadcrumb\":{\"@id\":\"https:\/\/fleursenvracmtl.com\/fr\/oeillets-peche\/#breadcrumb\"},\"inLanguage\":\"fr-FR\",\"potentialAction\":[{\"@type\":\"ReadAction\",\"target\":[\"https:\/\/fleursenvracmtl.com\/fr\/oeillets-peche\/\"]}]},{\"@type\":\"ImageObject\",\"inLanguage\":\"fr-FR\",\"@id\":\"https:\/\/fleursenvracmtl.com\/fr\/oeillets-peche\/#primaryimage\",\"url\":\"https:\/\/fleursenvracmtl.com\/wp-content\/uploads\/2024\/07\/CR-PE-Carnations-Peach-Bulk-DIY-Bunch-1200.jpg\",\"contentUrl\":\"https:\/\/fleursenvracmtl.com\/wp-content\/uploads\/2024\/07\/CR-PE-Carnations-Peach-Bulk-DIY-Bunch-1200.jpg\",\"width\":1200,\"height\":1200,\"caption\":\"Carnations peach Bulk DIY Le Bouquet\"},{\"@type\":\"BreadcrumbList\",\"@id\":\"https:\/\/fleursenvracmtl.com\/fr\/oeillets-peche\/#breadcrumb\",\"itemListElement\":[{\"@type\":\"ListItem\",\"position\":1,\"name\":\"Home\",\"item\":\"https:\/\/fleursenvracmtl.com\/fr\/\"},{\"@type\":\"ListItem\",\"position\":2,\"name\":\"Shop\",\"item\":\"https:\/\/fleursenvracmtl.com\/en\/shop\/\"},{\"@type\":\"ListItem\",\"position\":3,\"name\":\"\u0152illets p\u00eache\"}]},{\"@type\":\"WebSite\",\"@id\":\"https:\/\/fleursenvracmtl.com\/en\/#website\",\"url\":\"https:\/\/fleursenvracmtl.com\/en\/\",\"name\":\"Fleurs en Vrac MTL\",\"description\":\"Fleurs en Vrac Mtl - Bulk flower by Le Bouquet\",\"alternateName\":\"Fleurs en Vrac MTL\",\"potentialAction\":[{\"@type\":\"SearchAction\",\"target\":{\"@type\":\"EntryPoint\",\"urlTemplate\":\"https:\/\/fleursenvracmtl.com\/en\/?s={search_term_string}\"},\"query-input\":{\"@type\":\"PropertyValueSpecification\",\"valueRequired\":true,\"valueName\":\"search_term_string\"}}],\"inLanguage\":\"fr-FR\"}]}<\/script>\n<meta property=\"product:price:amount\" content=\"0.00\" \/>\n<meta property=\"product:price:currency\" content=\"CAD\" \/>\n<meta property=\"og:availability\" content=\"instock\" \/>\n<meta property=\"product:availability\" content=\"instock\" \/>\n<meta property=\"product:condition\" content=\"new\" \/>\n<!-- \/ Yoast SEO Premium plugin. -->","yoast_head_json":{"title":"Meta title \u0152illets p\u00eache | Fleurs en vrac Montr\u00e9al","description":"\u0152illets p\u00eache, fleurs en vrac vendues par bottes \u00e0 Montr\u00e9al. Fleurs durables id\u00e9ales pour \u00e9v\u00e9nements, bouquets et cr\u00e9ations florales aux tons doux.","robots":{"index":"index","follow":"follow","max-snippet":"max-snippet:-1","max-image-preview":"max-image-preview:large","max-video-preview":"max-video-preview:-1"},"canonical":"https:\/\/fleursenvracmtl.com\/fr\/oeillets-peche\/","og_locale":"fr_FR","og_type":"article","og_title":"\u0152illets p\u00eache","og_description":"\u0152illets p\u00eache, fleurs en vrac vendues par bottes \u00e0 Montr\u00e9al. Fleurs durables id\u00e9ales pour \u00e9v\u00e9nements, bouquets et cr\u00e9ations florales aux tons doux.","og_url":"https:\/\/fleursenvracmtl.com\/fr\/oeillets-peche\/","og_site_name":"Fleurs en Vrac Mtl","article_publisher":"https:\/\/www.facebook.com\/LeBouquetMTL\/","article_modified_time":"2026-03-27T14:06:23+00:00","og_image":[{"width":1200,"height":1200,"url":"https:\/\/fleursenvracmtl.com\/wp-content\/uploads\/2024\/07\/CR-PE-Carnations-Peach-Bulk-DIY-Bunch-1200.jpg","type":"image\/jpeg"}],"twitter_card":"summary_large_image","twitter_misc":{"Prix":"&#36;0.00","Disponibilit\u00e9":"En stock"},"schema":{"@context":"https:\/\/schema.org","@graph":[{"@type":"WebPage","@id":"https:\/\/fleursenvracmtl.com\/fr\/oeillets-peche\/","url":"https:\/\/fleursenvracmtl.com\/fr\/oeillets-peche\/","name":"Meta title \u0152illets p\u00eache | Fleurs en vrac Montr\u00e9al","isPartOf":{"@id":"https:\/\/fleursenvracmtl.com\/en\/#website"},"primaryImageOfPage":{"@id":"https:\/\/fleursenvracmtl.com\/fr\/oeillets-peche\/#primaryimage"},"image":{"@id":"https:\/\/fleursenvracmtl.com\/fr\/oeillets-peche\/#primaryimage"},"thumbnailUrl":"https:\/\/fleursenvracmtl.com\/wp-content\/uploads\/2024\/07\/CR-PE-Carnations-Peach-Bulk-DIY-Bunch-1200.jpg","datePublished":"2024-07-19T11:57:03+00:00","dateModified":"2026-03-27T14:06:23+00:00","description":"\u0152illets p\u00eache, fleurs en vrac vendues par bottes \u00e0 Montr\u00e9al. Fleurs durables id\u00e9ales pour \u00e9v\u00e9nements, bouquets et cr\u00e9ations florales aux tons doux.","breadcrumb":{"@id":"https:\/\/fleursenvracmtl.com\/fr\/oeillets-peche\/#breadcrumb"},"inLanguage":"fr-FR","potentialAction":[{"@type":"ReadAction","target":["https:\/\/fleursenvracmtl.com\/fr\/oeillets-peche\/"]}]},{"@type":"ImageObject","inLanguage":"fr-FR","@id":"https:\/\/fleursenvracmtl.com\/fr\/oeillets-peche\/#primaryimage","url":"https:\/\/fleursenvracmtl.com\/wp-content\/uploads\/2024\/07\/CR-PE-Carnations-Peach-Bulk-DIY-Bunch-1200.jpg","contentUrl":"https:\/\/fleursenvracmtl.com\/wp-content\/uploads\/2024\/07\/CR-PE-Carnations-Peach-Bulk-DIY-Bunch-1200.jpg","width":1200,"height":1200,"caption":"Carnations peach Bulk DIY Le Bouquet"},{"@type":"BreadcrumbList","@id":"https:\/\/fleursenvracmtl.com\/fr\/oeillets-peche\/#breadcrumb","itemListElement":[{"@type":"ListItem","position":1,"name":"Home","item":"https:\/\/fleursenvracmtl.com\/fr\/"},{"@type":"ListItem","position":2,"name":"Shop","item":"https:\/\/fleursenvracmtl.com\/en\/shop\/"},{"@type":"ListItem","position":3,"name":"\u0152illets p\u00eache"}]},{"@type":"WebSite","@id":"https:\/\/fleursenvracmtl.com\/en\/#website","url":"https:\/\/fleursenvracmtl.com\/en\/","name":"Fleurs en Vrac MTL","description":"Fleurs en Vrac Mtl - Bulk flower by Le Bouquet","alternateName":"Fleurs en Vrac MTL","potentialAction":[{"@type":"SearchAction","target":{"@type":"EntryPoint","urlTemplate":"https:\/\/fleursenvracmtl.com\/en\/?s={search_term_string}"},"query-input":{"@type":"PropertyValueSpecification","valueRequired":true,"valueName":"search_term_string"}}],"inLanguage":"fr-FR"}]},"product_price_amount":"0.00","product_price_currency":"CAD","og_availability":"instock","product_availability":"instock","product_condition":"new"},"_links":{"self":[{"href":"https:\/\/fleursenvracmtl.com\/fr\/wp-json\/wp\/v2\/product\/95077","targetHints":{"allow":["GET"]}}],"collection":[{"href":"https:\/\/fleursenvracmtl.com\/fr\/wp-json\/wp\/v2\/product"}],"about":[{"href":"https:\/\/fleursenvracmtl.com\/fr\/wp-json\/wp\/v2\/types\/product"}],"replies":[{"embeddable":true,"href":"https:\/\/fleursenvracmtl.com\/fr\/wp-json\/wp\/v2\/comments?post=95077"}],"wp:featuredmedia":[{"embeddable":true,"href":"https:\/\/fleursenvracmtl.com\/fr\/wp-json\/wp\/v2\/media\/95071"}],"wp:attachment":[{"href":"https:\/\/fleursenvracmtl.com\/fr\/wp-json\/wp\/v2\/media?parent=95077"}],"wp:term":[{"taxonomy":"recipe","embeddable":true,"href":"https:\/\/fleursenvracmtl.com\/fr\/wp-json\/wp\/v2\/recipe?post=95077"},{"taxonomy":"product_brand","embeddable":true,"href":"https:\/\/fleursenvracmtl.com\/fr\/wp-json\/wp\/v2\/product_brand?post=95077"},{"taxonomy":"product_cat","embeddable":true,"href":"https:\/\/fleursenvracmtl.com\/fr\/wp-json\/wp\/v2\/product_cat?post=95077"},{"taxonomy":"product_tag","embeddable":true,"href":"https:\/\/fleursenvracmtl.com\/fr\/wp-json\/wp\/v2\/product_tag?post=95077"}],"curies":[{"name":"wp","href":"https:\/\/api.w.org\/{rel}","templated":true}]}}