{"id":95439,"date":"2024-07-24T10:55:35","date_gmt":"2024-07-24T14:55:35","guid":{"rendered":"https:\/\/www.lebouquet.com\/gerpoms-white-bulk-diy\/"},"modified":"2025-08-13T06:18:44","modified_gmt":"2025-08-13T10:18:44","slug":"gerpoms-blancs-bulk-diy","status":"publish","type":"product","link":"https:\/\/fleursenvracmtl.com\/fr\/gerpoms-blancs-bulk-diy\/","title":{"rendered":"Gerpoms Amando blancs &#8211; en vrac"},"content":{"rendered":"<p><span style=\"background-color:white;color:black\"><span lang=\"FR-CA\" dir=\"ltr\"><strong><u>*Pour garantir la disponibilit\u00e9, veuillez passer vos commandes au moins 2-3 semaines \u00e0 l&rsquo;avance.<\/u><\/strong><\/span><\/span><\/p>\n<p>Ajoutez une touche de couleur \u00e0 vos arrangements floraux avec nos Gerpoms Amando blancs vibrants. Ces fleurs magnifiques, similaires aux mini-gerberas mais avec des formes de pompon uniques, mesurent de 18 \u00e0 22 pouces de hauteur et sont parfaites pour cr\u00e9er vos propres bouquets, centres de table et pi\u00e8ces d\u00e9coratives. Fra\u00eeches et pr\u00eates \u00e0 l&#8217;emploi, nos Gerpoms sont livr\u00e9es directement \u00e0 votre porte, garantissant qualit\u00e9 et commodit\u00e9.<\/p>\n<p><strong>Caract\u00e9ristiques Cl\u00e9s :<\/strong><\/p>\n<ul>\n<li><strong>Longueur :<\/strong> 18-22 pouces<\/li>\n<li><strong>Couleur :<\/strong> Blanc&nbsp;<\/li>\n<li><strong>Id\u00e9al pour :<\/strong> Arrangements floraux DIY, mariages, \u00e9v\u00e9nements, d\u00e9corations de maison<\/li>\n<\/ul>\n","protected":false},"excerpt":{"rendered":"<p><strong>Instructions de Pr\u00e9paration &amp; d&rsquo;Entretien pour les Gerpoms :<\/strong><\/p>\n<ol>\n<li>D\u00e9ballez les fleurs imm\u00e9diatement et retirez l&#8217;emballage protecteur.<\/li>\n<li>Coupez 1 \u00e0 2 pouces des tiges en biais \u00e0 un angle de 45 degr\u00e9s, en r\u00e9p\u00e9tant tous les 2-3 jours.<\/li>\n<li>Placez les tiges dans un vase propre avec de l&rsquo;eau fra\u00eeche et ajoutez un conservateur floral.<\/li>\n<li>Changez l&rsquo;eau et ajoutez un nouveau conservateur tous les 2-3 jours.<\/li>\n<li>Gardez les fleurs dans un endroit frais, \u00e0 l&rsquo;abri de la lumi\u00e8re directe du soleil, des courants d&rsquo;air et des \u00e9vents.<\/li>\n<li>\u00c9vitez de placer les fleurs pr\u00e8s de fruits ou l\u00e9gumes en maturation.<\/li>\n<li>Retirez les p\u00e9tales fan\u00e9s ou endommag\u00e9s.<\/li>\n<li>Utilisez un vase propre avec de l&rsquo;eau fra\u00eeche chaque fois que vous r\u00e9arrangez les fleurs.<\/li>\n<\/ol>\n<p><strong>Disponibilit\u00e9 &amp; D\u00e9tails :<\/strong><\/p>\n<ul>\n<li>Disponible toute l&rsquo;ann\u00e9e<\/li>\n<li>Pour garantir la disponibilit\u00e9, veuillez passer vos commandes au minimum 2-3 semaines \u00e0 l&rsquo;avance.<\/li>\n<li>Pas d&rsquo;annulations deux semaines avant la livraison.<\/li>\n<li>Le produit est livr\u00e9 emball\u00e9 tel qu&rsquo;il arrive de la ferme, non taill\u00e9 et non nettoy\u00e9.<\/li>\n<li>Les couleurs peuvent varier de ce que vous voyez \u00e0 l&rsquo;\u00e9cran.<\/li>\n<li>Veuillez noter que les prix peuvent changer sans pr\u00e9avis en fonction de certaines f\u00eates.<\/li>\n<li>Le paiement est requis avant la livraison.<\/li>\n<\/ul>\n","protected":false},"featured_media":97326,"comment_status":"open","ping_status":"closed","template":"","meta":{"_acf_changed":false,"inline_featured_image":false},"recipe":[],"product_brand":[],"product_cat":[17168,17416,17169,17454,17459,17470],"product_tag":[],"class_list":{"0":"post-95439","1":"product","2":"type-product","3":"status-publish","4":"has-post-thumbnail","6":"product_cat-bulk-flowers","7":"product_cat-bulk-gerbera","8":"product_cat-fleurs-en-vrac","9":"product_cat-gerbera-en-vrac","10":"product_cat-gerpoms","11":"product_cat-gerpoms-en-vrac","13":"first","14":"instock","15":"shipping-taxable","16":"purchasable","17":"product-type-simple"},"acf":[],"yoast_head":"<!-- This site is optimized with the Yoast SEO Premium plugin v25.2 (Yoast SEO v26.2) - https:\/\/yoast.com\/wordpress\/plugins\/seo\/ -->\n<title>Gerpoms Amando blancs en vVrac pour Arrangements \u00e0 Montr\u00e9al | Le Bouquet Saint-Laurent<\/title>\n<meta name=\"description\" content=\"Achetez des Gerpoms Amando blancs frais en vrac pour des arrangements floraux DIY \u00e0 Montr\u00e9al. Personnalisez votre commande chez Le Bouquet Saint-Laurent. Commandez maintenant !\" \/>\n<meta name=\"robots\" content=\"index, follow, max-snippet:-1, max-image-preview:large, max-video-preview:-1\" \/>\n<link rel=\"canonical\" href=\"https:\/\/fleursenvracmtl.com\/en\/gerpoms-white-bulk-diy\/\" \/>\n<meta property=\"og:locale\" content=\"fr_FR\" \/>\n<meta property=\"og:type\" content=\"article\" \/>\n<meta property=\"og:title\" content=\"Gerpoms Amando blancs - en vrac\" \/>\n<meta property=\"og:description\" content=\"Achetez des Gerpoms Amando blancs frais en vrac pour des arrangements floraux DIY \u00e0 Montr\u00e9al. Personnalisez votre commande chez Le Bouquet Saint-Laurent. Commandez maintenant !\" \/>\n<meta property=\"og:url\" content=\"https:\/\/fleursenvracmtl.com\/en\/gerpoms-white-bulk-diy\/\" \/>\n<meta property=\"og:site_name\" content=\"Fleurs en Vrac Mtl\" \/>\n<meta property=\"article:publisher\" content=\"https:\/\/www.facebook.com\/LeBouquetMTL\/\" \/>\n<meta property=\"article:modified_time\" content=\"2025-08-13T10:18:44+00:00\" \/>\n<meta property=\"og:image\" content=\"https:\/\/fleursenvracmtl.com\/wp-content\/uploads\/2024\/08\/GEP-RMON-Gerpom-Mona-white-Bunch-1200.webp\" \/>\n\t<meta property=\"og:image:width\" content=\"1200\" \/>\n\t<meta property=\"og:image:height\" content=\"1200\" \/>\n\t<meta property=\"og:image:type\" content=\"image\/webp\" \/>\n<meta name=\"twitter:card\" content=\"summary_large_image\" \/>\n<meta name=\"twitter:label1\" content=\"Prix\" \/>\n\t<meta name=\"twitter:data1\" content=\"&#036;0.00\" \/>\n\t<meta name=\"twitter:label2\" content=\"Disponibilit\u00e9\" \/>\n\t<meta name=\"twitter:data2\" content=\"En stock\" \/>\n<script type=\"application\/ld+json\" class=\"yoast-schema-graph\">{\"@context\":\"https:\/\/schema.org\",\"@graph\":[{\"@type\":\"WebPage\",\"@id\":\"https:\/\/fleursenvracmtl.com\/en\/gerpoms-white-bulk-diy\/\",\"url\":\"https:\/\/fleursenvracmtl.com\/en\/gerpoms-white-bulk-diy\/\",\"name\":\"Gerpoms Amando blancs en vVrac pour Arrangements \u00e0 Montr\u00e9al | Le Bouquet Saint-Laurent\",\"isPartOf\":{\"@id\":\"https:\/\/fleursenvracmtl.com\/en\/#website\"},\"primaryImageOfPage\":{\"@id\":\"https:\/\/fleursenvracmtl.com\/en\/gerpoms-white-bulk-diy\/#primaryimage\"},\"image\":{\"@id\":\"https:\/\/fleursenvracmtl.com\/en\/gerpoms-white-bulk-diy\/#primaryimage\"},\"thumbnailUrl\":\"https:\/\/fleursenvracmtl.com\/wp-content\/uploads\/2024\/08\/GEP-RMON-Gerpom-Mona-white-Bunch-1200.webp\",\"datePublished\":\"2024-07-24T14:55:35+00:00\",\"dateModified\":\"2025-08-13T10:18:44+00:00\",\"description\":\"Achetez des Gerpoms Amando blancs frais en vrac pour des arrangements floraux DIY \u00e0 Montr\u00e9al. Personnalisez votre commande chez Le Bouquet Saint-Laurent. Commandez maintenant !\",\"breadcrumb\":{\"@id\":\"https:\/\/fleursenvracmtl.com\/en\/gerpoms-white-bulk-diy\/#breadcrumb\"},\"inLanguage\":\"fr-FR\",\"potentialAction\":[{\"@type\":\"ReadAction\",\"target\":[\"https:\/\/fleursenvracmtl.com\/en\/gerpoms-white-bulk-diy\/\"]}]},{\"@type\":\"ImageObject\",\"inLanguage\":\"fr-FR\",\"@id\":\"https:\/\/fleursenvracmtl.com\/en\/gerpoms-white-bulk-diy\/#primaryimage\",\"url\":\"https:\/\/fleursenvracmtl.com\/wp-content\/uploads\/2024\/08\/GEP-RMON-Gerpom-Mona-white-Bunch-1200.webp\",\"contentUrl\":\"https:\/\/fleursenvracmtl.com\/wp-content\/uploads\/2024\/08\/GEP-RMON-Gerpom-Mona-white-Bunch-1200.webp\",\"width\":1200,\"height\":1200},{\"@type\":\"BreadcrumbList\",\"@id\":\"https:\/\/fleursenvracmtl.com\/en\/gerpoms-white-bulk-diy\/#breadcrumb\",\"itemListElement\":[{\"@type\":\"ListItem\",\"position\":1,\"name\":\"Home\",\"item\":\"https:\/\/fleursenvracmtl.com\/fr\/\"},{\"@type\":\"ListItem\",\"position\":2,\"name\":\"Shop\",\"item\":\"https:\/\/fleursenvracmtl.com\/en\/shop\/\"},{\"@type\":\"ListItem\",\"position\":3,\"name\":\"Gerpoms Amando blancs &#8211; en vrac\"}]},{\"@type\":\"WebSite\",\"@id\":\"https:\/\/fleursenvracmtl.com\/en\/#website\",\"url\":\"https:\/\/fleursenvracmtl.com\/en\/\",\"name\":\"Fleurs en Vrac MTL\",\"description\":\"Fleurs en Vrac Mtl - Bulk flower by Le Bouquet\",\"alternateName\":\"Fleurs en Vrac MTL\",\"potentialAction\":[{\"@type\":\"SearchAction\",\"target\":{\"@type\":\"EntryPoint\",\"urlTemplate\":\"https:\/\/fleursenvracmtl.com\/en\/?s={search_term_string}\"},\"query-input\":{\"@type\":\"PropertyValueSpecification\",\"valueRequired\":true,\"valueName\":\"search_term_string\"}}],\"inLanguage\":\"fr-FR\"}]}<\/script>\n<meta property=\"product:price:amount\" content=\"0.00\" \/>\n<meta property=\"product:price:currency\" content=\"CAD\" \/>\n<meta property=\"og:availability\" content=\"instock\" \/>\n<meta property=\"product:availability\" content=\"instock\" \/>\n<meta property=\"product:condition\" content=\"new\" \/>\n<!-- \/ Yoast SEO Premium plugin. -->","yoast_head_json":{"title":"Gerpoms Amando blancs en vVrac pour Arrangements \u00e0 Montr\u00e9al | Le Bouquet Saint-Laurent","description":"Achetez des Gerpoms Amando blancs frais en vrac pour des arrangements floraux DIY \u00e0 Montr\u00e9al. Personnalisez votre commande chez Le Bouquet Saint-Laurent. Commandez maintenant !","robots":{"index":"index","follow":"follow","max-snippet":"max-snippet:-1","max-image-preview":"max-image-preview:large","max-video-preview":"max-video-preview:-1"},"canonical":"https:\/\/fleursenvracmtl.com\/en\/gerpoms-white-bulk-diy\/","og_locale":"fr_FR","og_type":"article","og_title":"Gerpoms Amando blancs - en vrac","og_description":"Achetez des Gerpoms Amando blancs frais en vrac pour des arrangements floraux DIY \u00e0 Montr\u00e9al. Personnalisez votre commande chez Le Bouquet Saint-Laurent. Commandez maintenant !","og_url":"https:\/\/fleursenvracmtl.com\/en\/gerpoms-white-bulk-diy\/","og_site_name":"Fleurs en Vrac Mtl","article_publisher":"https:\/\/www.facebook.com\/LeBouquetMTL\/","article_modified_time":"2025-08-13T10:18:44+00:00","og_image":[{"width":1200,"height":1200,"url":"https:\/\/fleursenvracmtl.com\/wp-content\/uploads\/2024\/08\/GEP-RMON-Gerpom-Mona-white-Bunch-1200.webp","type":"image\/webp"}],"twitter_card":"summary_large_image","twitter_misc":{"Prix":"&#36;0.00","Disponibilit\u00e9":"En stock"},"schema":{"@context":"https:\/\/schema.org","@graph":[{"@type":"WebPage","@id":"https:\/\/fleursenvracmtl.com\/en\/gerpoms-white-bulk-diy\/","url":"https:\/\/fleursenvracmtl.com\/en\/gerpoms-white-bulk-diy\/","name":"Gerpoms Amando blancs en vVrac pour Arrangements \u00e0 Montr\u00e9al | Le Bouquet Saint-Laurent","isPartOf":{"@id":"https:\/\/fleursenvracmtl.com\/en\/#website"},"primaryImageOfPage":{"@id":"https:\/\/fleursenvracmtl.com\/en\/gerpoms-white-bulk-diy\/#primaryimage"},"image":{"@id":"https:\/\/fleursenvracmtl.com\/en\/gerpoms-white-bulk-diy\/#primaryimage"},"thumbnailUrl":"https:\/\/fleursenvracmtl.com\/wp-content\/uploads\/2024\/08\/GEP-RMON-Gerpom-Mona-white-Bunch-1200.webp","datePublished":"2024-07-24T14:55:35+00:00","dateModified":"2025-08-13T10:18:44+00:00","description":"Achetez des Gerpoms Amando blancs frais en vrac pour des arrangements floraux DIY \u00e0 Montr\u00e9al. Personnalisez votre commande chez Le Bouquet Saint-Laurent. Commandez maintenant !","breadcrumb":{"@id":"https:\/\/fleursenvracmtl.com\/en\/gerpoms-white-bulk-diy\/#breadcrumb"},"inLanguage":"fr-FR","potentialAction":[{"@type":"ReadAction","target":["https:\/\/fleursenvracmtl.com\/en\/gerpoms-white-bulk-diy\/"]}]},{"@type":"ImageObject","inLanguage":"fr-FR","@id":"https:\/\/fleursenvracmtl.com\/en\/gerpoms-white-bulk-diy\/#primaryimage","url":"https:\/\/fleursenvracmtl.com\/wp-content\/uploads\/2024\/08\/GEP-RMON-Gerpom-Mona-white-Bunch-1200.webp","contentUrl":"https:\/\/fleursenvracmtl.com\/wp-content\/uploads\/2024\/08\/GEP-RMON-Gerpom-Mona-white-Bunch-1200.webp","width":1200,"height":1200},{"@type":"BreadcrumbList","@id":"https:\/\/fleursenvracmtl.com\/en\/gerpoms-white-bulk-diy\/#breadcrumb","itemListElement":[{"@type":"ListItem","position":1,"name":"Home","item":"https:\/\/fleursenvracmtl.com\/fr\/"},{"@type":"ListItem","position":2,"name":"Shop","item":"https:\/\/fleursenvracmtl.com\/en\/shop\/"},{"@type":"ListItem","position":3,"name":"Gerpoms Amando blancs &#8211; en vrac"}]},{"@type":"WebSite","@id":"https:\/\/fleursenvracmtl.com\/en\/#website","url":"https:\/\/fleursenvracmtl.com\/en\/","name":"Fleurs en Vrac MTL","description":"Fleurs en Vrac Mtl - Bulk flower by Le Bouquet","alternateName":"Fleurs en Vrac MTL","potentialAction":[{"@type":"SearchAction","target":{"@type":"EntryPoint","urlTemplate":"https:\/\/fleursenvracmtl.com\/en\/?s={search_term_string}"},"query-input":{"@type":"PropertyValueSpecification","valueRequired":true,"valueName":"search_term_string"}}],"inLanguage":"fr-FR"}]},"product_price_amount":"0.00","product_price_currency":"CAD","og_availability":"instock","product_availability":"instock","product_condition":"new"},"_links":{"self":[{"href":"https:\/\/fleursenvracmtl.com\/fr\/wp-json\/wp\/v2\/product\/95439","targetHints":{"allow":["GET"]}}],"collection":[{"href":"https:\/\/fleursenvracmtl.com\/fr\/wp-json\/wp\/v2\/product"}],"about":[{"href":"https:\/\/fleursenvracmtl.com\/fr\/wp-json\/wp\/v2\/types\/product"}],"replies":[{"embeddable":true,"href":"https:\/\/fleursenvracmtl.com\/fr\/wp-json\/wp\/v2\/comments?post=95439"}],"wp:featuredmedia":[{"embeddable":true,"href":"https:\/\/fleursenvracmtl.com\/fr\/wp-json\/wp\/v2\/media\/97326"}],"wp:attachment":[{"href":"https:\/\/fleursenvracmtl.com\/fr\/wp-json\/wp\/v2\/media?parent=95439"}],"wp:term":[{"taxonomy":"recipe","embeddable":true,"href":"https:\/\/fleursenvracmtl.com\/fr\/wp-json\/wp\/v2\/recipe?post=95439"},{"taxonomy":"product_brand","embeddable":true,"href":"https:\/\/fleursenvracmtl.com\/fr\/wp-json\/wp\/v2\/product_brand?post=95439"},{"taxonomy":"product_cat","embeddable":true,"href":"https:\/\/fleursenvracmtl.com\/fr\/wp-json\/wp\/v2\/product_cat?post=95439"},{"taxonomy":"product_tag","embeddable":true,"href":"https:\/\/fleursenvracmtl.com\/fr\/wp-json\/wp\/v2\/product_tag?post=95439"}],"curies":[{"name":"wp","href":"https:\/\/api.w.org\/{rel}","templated":true}]}}